{"id":12594,"date":"2022-01-25T18:19:44","date_gmt":"2022-01-25T10:19:44","guid":{"rendered":"https:\/\/www.agriculture-machine.com\/?p=12594"},"modified":"2024-10-24T14:11:32","modified_gmt":"2024-10-24T06:11:32","slug":"industrial-combined-peanut-groundnut-shelling-machine","status":"publish","type":"product","link":"https:\/\/www.agriculture-machine.com\/vi\/industrial-combined-peanut-groundnut-shelling-machine\/","title":{"rendered":"M\u00e1y b\u00f3c v\u1ecf \u0111\u1eadu ph\u1ed9ng c\u00f4ng nghi\u1ec7p k\u1ebft h\u1ee3p"},"content":{"rendered":"<p class=\"translation-block\">Ngo\u00e0i c\u00e1c m\u1eabu nh\u1ecf ph\u00f9 h\u1ee3p cho s\u1eed d\u1ee5ng gia \u0111\u00ecnh, <a href=\"https:\/\/www.agriculture-machine.com\/vi\/thresher-sheller\/peanut-sheller\/\">m\u00e1y b\u00f3c v\u1ecf \u0111\u1eadu ph\u1ed9ng<\/a> c\u00f2n c\u00f3 c\u00e1c m\u1eabu l\u1edbn h\u01a1n d\u00f9ng cho nh\u00e0 m\u00e1y. Th\u01b0\u1eddng th\u00ec m\u00e1y b\u00f3c v\u1ecf \u0111\u1eadu ph\u1ed9ng s\u1ebd \u0111i k\u00e8m v\u1edbi m\u00e1y l\u00e0m s\u1ea1ch \u0111\u1eadu ph\u1ed9ng. \u0110\u1eb7c \u0111i\u1ec3m c\u1ee7a b\u1ed9 m\u00e1y n\u00e0y l\u00e0 b\u00f3c v\u1ecf s\u1ea1ch s\u1ebd, n\u0103ng su\u1ea5t cao, t\u1ef7 l\u1ec7 t\u1ea1p th\u1ea5p. C\u00e1c \u0111\u1eb7c \u0111i\u1ec3m n\u00e0y \u0111\u00e1p \u1ee9ng y\u00eau c\u1ea7u c\u1ee7a nh\u00e0 m\u00e1y \u0111\u1ec3 x\u1eed l\u00fd s\u1ed1 l\u01b0\u1ee3ng l\u1edbn \u0111\u1eadu ph\u1ed9ng m\u1ed7i ng\u00e0y.\u00a0<\/p>    <figure class=\"wp-block-embed aligncenter is-type-video is-provider-youtube wp-block-embed-youtube wp-embed-aspect-16-9 wp-has-aspect-ratio\"><div class=\"wp-block-embed__wrapper\"> <iframe loading=\"lazy\" title=\"C\u00e1ch m\u1ea1ng h\u00f3a ch\u1ebf bi\u1ebfn \u0111\u1eadu ph\u1ed9ng: \u0110\u01a1n v\u1ecb m\u00e1y b\u00f3c v\u1ecf \u0111\u1eadu s\u00e1ng t\u1ea1o (L\u00e0m s\u1ea1ch &amp; b\u00f3c v\u1ecf)!#\u0111\u1eadu\" width=\"500\" height=\"281\" src=\"https:\/\/www.youtube.com\/embed\/egCUZvfcnFI?feature=oembed\" frameborder=\"0\" allow=\"accelerometer; autoplay; clipboard-write; encrypted-media; gyroscope; picture-in-picture; web-share\" referrerpolicy=\"strict-origin-when-cross-origin\" allowfullscreen><\/iframe> <\/div><figcaption class=\"wp-element-caption\">Video ho\u1ea1t \u0111\u1ed9ng c\u1ee7a m\u00e1y b\u00f3c v\u1ecf \u0111\u1eadu ph\u1ed9ng k\u1ebft h\u1ee3p c\u00f4ng nghi\u1ec7p<\/figcaption><\/figure>    <p>Trong \u0111i\u1ec1u ki\u1ec7n b\u00ecnh th\u01b0\u1eddng, nh\u1eefng \u0111\u1eadu n\u00e0y \u0111\u01b0\u1ee3c d\u00f9ng \u0111\u1ec3 l\u00e0m th\u1ef1c ph\u1ea9m kh\u00f4ng ph\u1ea3i l\u00e0 th\u1ef1c ph\u1ea9m ch\u00ednh ho\u1eb7c \u0111\u1ec3 chi\u1ebft xu\u1ea5t d\u1ea7u \u0111\u1eadu ph\u1ed9ng. D\u1ea7u \u0111\u1eadu ph\u1ed9ng l\u00e0 lo\u1ea1i d\u1ea7u m\u00e0 ng\u01b0\u1eddi ta th\u01b0\u1eddng d\u00f9ng trong \u0111\u1eddi s\u1ed1ng h\u00e0ng ng\u00e0y. \u0110\u1ec3 ch\u1ebf bi\u1ebfn d\u1ea7u \u0111\u1eadu ph\u1ed9ng, c\u00f3 th\u1ec3 d\u00f9ng m\u00e1y \u00e9p d\u1ea7u tr\u1ee5c v\u00edt. Ngo\u00e0i ra, m\u00e1y \u00e9p d\u1ea7u tr\u1ee5c v\u00edt c\u00f2n c\u00f3 th\u1ec3 x\u1eed l\u00fd m\u00e8, \u0111\u1eadu n\u00e0nh v\u00e0 c\u00e1c nguy\u00ean li\u1ec7u kh\u00e1c.<\/p>    <h2 class=\"wp-block-heading\" id=\"h-brief-introduction-of-the-industrial-peanut-shelling-machine\">Gi\u1edbi thi\u1ec7u ng\u1eafn g\u1ecdn v\u1ec1 m\u00e1y b\u00f3c v\u1ecf \u0111\u1eadu ph\u1ed9ng c\u00f4ng nghi\u1ec7p k\u1ebft h\u1ee3p<\/h2>    <p>Our 6BHX series industrial combined peanut groundnut shelling machine includes 4 models. And in this passage, I will introduce the model of 6BHX-1500. This model of peanut shell remover&#8217;s capacity is 1000kg per hour. The power provider is an electric motor. <\/p>    <p>Ngo\u00e0i ra, m\u00e1y b\u00f3c v\u1ecf \u0111\u1eadu ph\u1ed9ng k\u1ebft h\u1ee3p n\u00e0y c\u00f2n c\u00f3 2 m\u00e0n h\u00ecnh, c\u00f3 th\u1ec3 b\u00f3c v\u1ecf \u0111\u1eadu. S\u1ef1 kh\u00e1c bi\u1ec7t gi\u1eefa m\u00e1y b\u00f3c v\u1ecf \u0111\u1eadu nh\u1ecf v\u00e0 m\u00e1y k\u1ebft h\u1ee3p n\u00e0y l\u00e0 n\u00f3 ho\u1ea1t \u0111\u1ed9ng c\u00f9ng v\u1edbi m\u00e1y l\u00e0m s\u1ea1ch \u0111\u1eadu.<\/p>    <p>M\u00e1y l\u00e0m s\u1ea1ch \u0111\u1eadu ph\u1ed9ng c\u00f3 th\u1ec3 lo\u1ea1i b\u1ecf c\u00e1c c\u1ee5c \u0111\u1ea5t, kim lo\u1ea1i, th\u00e2n \u0111\u1eadu, v.v. tr\u1ed9n l\u1eabn trong \u0111\u1eadu b\u1eb1ng qu\u1ea1t. Sau \u0111\u00f3, \u0111\u1eadu s\u1ea1ch s\u1ebd \u0111\u01b0\u1ee3c \u0111\u01b0a \u0111\u1ebfn m\u00e1y b\u00f3c v\u1ecf \u0111\u1eadu. So v\u1edbi c\u00e1c m\u00e1y t\u00e1ch v\u1ecf \u0111\u1eadu kh\u00e1c, d\u00f2ng m\u00e1y n\u00e0y t\u1ea1o ra \u00edt b\u1ee5i h\u01a1n. V\u00e0 n\u00f3 gi\u00fap nh\u00e0 m\u00e1y x\u1eed l\u00fd s\u1ed1 l\u01b0\u1ee3ng l\u1edbn \u0111\u1eadu. \u00a0\u00a0<\/p>    <figure class=\"wp-block-image aligncenter size-full is-resized\"><img loading=\"lazy\" decoding=\"async\" width=\"720\" height=\"540\" src=\"https:\/\/www.agriculture-machine.com\/wp-content\/uploads\/2023\/03\/industrial-peanut-shelling-machine-.webp\" alt=\"m\u00e1y b\u00f3c v\u1ecf \u0111\u1eadu c\u00f4ng nghi\u1ec7p\" class=\"wp-image-14501\" style=\"width:720px;height:540px\" title=\"m\u00e1y b\u00f3c v\u1ecf \u0111\u1eadu c\u00f4ng nghi\u1ec7p\"\/><\/figure>    <h2 class=\"wp-block-heading\">C\u1ea5u tr\u00fac c\u1ee7a m\u00e1y b\u00f3c v\u1ecf \u0111\u1eadu ph\u1ed9ng c\u00f4ng nghi\u1ec7p k\u1ebft h\u1ee3p<\/h2>    <p>1. C\u1ea5u tr\u00fac h\u1ec7 th\u1ed1ng b\u00f3c v\u1ecf<\/p>    <p>N\u00f3 g\u1ed3m \u0111\u1ed9ng c\u01a1 \u0111i\u1ec7n, ph\u1ec5u c\u1ea5p li\u1ec7u, c\u1ea5u tr\u00fac b\u00f3c v\u1ecf, ph\u00e2n lo\u1ea1i, m\u00e0n h\u00ecnh ph\u00e2n lo\u1ea1i, tr\u1ee5c khu\u1ef7u, qu\u1ea1t h\u00fat, v.v.<\/p>    <p>2. C\u1ea5u tr\u00fac h\u1ec7 th\u1ed1ng l\u00e0m s\u1ea1ch \u0111\u1eadu ph\u1ed9ng<\/p>    <p>N\u00f3 bao g\u1ed3m m\u1ed9t \u0111\u1ed9ng c\u01a1 \u0111i\u1ec7n, ph\u1ec5u c\u1ea5p li\u1ec7u, m\u00e0n h\u00ecnh ph\u00e2n lo\u1ea1i, tr\u1ee5c khu\u1ef7u, qu\u1ea1t h\u00fat, v\u00e0 thi\u1ebft b\u1ecb v\u1eadn chuy\u1ec3n kh\u00ed.<\/p>    <figure class=\"wp-block-image aligncenter size-full\"><img loading=\"lazy\" decoding=\"async\" width=\"720\" height=\"540\" src=\"https:\/\/www.agriculture-machine.com\/wp-content\/uploads\/2023\/03\/combined-groundnut-shelling-machine-s-structure-.webp\" alt=\"C\u1ea5u tr\u00fac c\u1ee7a m\u00e1y b\u00f3c v\u1ecf \u0111\u1eadu ph\u1ed9ng k\u1ebft h\u1ee3p\" class=\"wp-image-14504\" title=\"C\u1ea5u tr\u00fac c\u1ee7a m\u00e1y b\u00f3c v\u1ecf \u0111\u1eadu ph\u1ed9ng k\u1ebft h\u1ee3p\"\/><\/figure>    <h2 class=\"wp-block-heading\">Nguy\u00ean l\u00fd ho\u1ea1t \u0111\u1ed9ng c\u1ee7a m\u00e1y b\u00f3c v\u1ecf \u0111\u1eadu ph\u1ed9ng c\u00f4ng nghi\u1ec7p<\/h2>    <p>1. H\u1ec7 th\u1ed1ng l\u00e0m s\u1ea1ch \u0111\u1eadu ph\u1ed9ng<\/p>    <p>\u0110\u1ed5 \u0111\u1eadu c\u00f3 t\u1ea1p ch\u1ea5t v\u00e0o ph\u1ec5u tr\u01b0\u1edbc v\u00e0 ch\u1ea3y v\u00e0o m\u00e0n h\u00ecnh ph\u00e2n lo\u1ea1i. Sau \u0111\u00f3, m\u00e0n h\u00ecnh ph\u00e2n lo\u1ea1i h\u00fat c\u00e1c l\u00e1 h\u1ecfng v\u00e0 b\u1ee5i n\u1ed5i ra kh\u1ecfi m\u00e1y qua qu\u1ea1t h\u00fat v\u00e0 tr\u1ee5c khu\u1ef7u. <\/p>    <p>C\u00e1c t\u1ea1p ch\u1ea5t n\u1eb7ng (\u0111\u1ea5t, \u0111\u00e1) \u0111\u01b0\u1ee3c ph\u00e2n lo\u1ea1i qua m\u00e0n h\u00ecnh ph\u00e2n lo\u1ea1i. Sau \u0111\u00f3, ch\u00fang tho\u00e1t ra kh\u1ecfi m\u00e1y qua c\u1eeda x\u1ea3 t\u1ea1p. \u0110\u1eadu ph\u1ed9ng sau khi lo\u1ea1i b\u1ecf t\u1ea1p ch\u1ea5t r\u01a1i xu\u1ed1ng b\u1ec1 m\u1eb7t l\u01b0\u1edbi v\u00e0 ch\u1ea3y v\u00e0o thi\u1ebft b\u1ecb v\u1eadn chuy\u1ec3n kh\u00ed. Cu\u1ed1i c\u00f9ng, l\u1ef1c kh\u00ed v\u1eadn chuy\u1ec3n \u0111\u1eadu v\u00e0o ph\u1ec5u c\u1ee7a h\u1ec7 th\u1ed1ng b\u00f3c v\u1ecf.<\/p>    <p>2. H\u1ec7 th\u1ed1ng b\u00f3c v\u1ecf<\/p>    <p>H\u1ea1t \u0111\u1eadu trong ph\u1ec5u c\u1ea5p li\u1ec7u ch\u1ea3y v\u00e0o tr\u1ed1ng b\u00f3c v\u1ecf t\u01b0\u01a1ng \u1ee9ng. V\u00e0 \u0111\u1eadu \u0111\u01b0\u1ee3c b\u00f3c qua l\u1ef1c ma s\u00e1t l\u1eb7p \u0111i l\u1eb7p l\u1ea1i c\u1ee7a r\u0103ng v\u00e0 l\u1ed3ng. Khi x\u1eed l\u00fd \u0111\u1eadu, t\u1ea5t c\u1ea3 c\u00e1c nguy\u00ean li\u1ec7u tr\u1ed9n sau khi b\u00f3c v\u1ecf \u0111\u1ec1u \u0111i v\u00e0o s\u00e0ng ph\u00e2n lo\u1ea1i v\u00e0 s\u00e0ng l\u1ecdc. <\/p>    <p>H\u1ea1t \u0111\u1eadu trong ph\u1ec5u c\u1ea5p li\u1ec7u ch\u1ea3y v\u00e0o tr\u1ed1ng b\u00f3c v\u1ecf t\u01b0\u01a1ng \u1ee9ng. V\u00e0 \u0111\u1eadu \u0111\u01b0\u1ee3c b\u00f3c qua l\u1ef1c ma s\u00e1t l\u1eb7p \u0111i l\u1eb7p l\u1ea1i c\u1ee7a r\u0103ng v\u00e0 l\u1ed3ng. Khi x\u1eed l\u00fd \u0111\u1eadu, t\u1ea5t c\u1ea3 c\u00e1c nguy\u00ean li\u1ec7u tr\u1ed9n sau khi b\u00f3c v\u1ecf \u0111\u1ec1u \u0111i v\u00e0o s\u00e0ng ph\u00e2n lo\u1ea1i v\u00e0 s\u00e0ng l\u1ecdc.\u00a0<\/p>    <figure class=\"wp-block-image aligncenter size-full\"><img loading=\"lazy\" decoding=\"async\" width=\"720\" height=\"540\" src=\"https:\/\/www.agriculture-machine.com\/wp-content\/uploads\/2023\/03\/Industrial-combined-peanut-groundnut-shelling-machine-.webp\" alt=\"M\u00e1y b\u00f3c v\u1ecf \u0111\u1eadu ph\u1ed9ng c\u00f4ng nghi\u1ec7p k\u1ebft h\u1ee3p\" class=\"wp-image-14512\" title=\"M\u00e1y b\u00f3c v\u1ecf \u0111\u1eadu ph\u1ed9ng c\u00f4ng nghi\u1ec7p k\u1ebft h\u1ee3p\"\/><\/figure>    <h2 class=\"wp-block-heading\">Video ho\u1ea1t \u0111\u1ed9ng c\u1ee7a m\u00e1y b\u00f3c v\u1ecf \u0111\u1eadu ph\u1ed9ng k\u1ebft h\u1ee3p<\/h2>    <figure class=\"wp-block-embed aligncenter is-type-video is-provider-youtube wp-block-embed-youtube wp-embed-aspect-16-9 wp-has-aspect-ratio\"><div class=\"wp-block-embed__wrapper\"> <iframe loading=\"lazy\" title=\"T\u1ef7 l\u1ec7 b\u00f3c v\u1ecf ho\u00e0n h\u1ea3o! M\u00e1y b\u00f3c v\u1ecf \u0111\u1eadu ph\u1ed9ng k\u1ebft h\u1ee3p \/ m\u00e1y l\u00e0m s\u1ea1ch \u0111\u1eadu ph\u1ed9ng\" width=\"500\" height=\"281\" src=\"https:\/\/www.youtube.com\/embed\/OdT4xxAK-3k?feature=oembed\" frameborder=\"0\" allow=\"accelerometer; autoplay; clipboard-write; encrypted-media; gyroscope; picture-in-picture; web-share\" referrerpolicy=\"strict-origin-when-cross-origin\" allowfullscreen><\/iframe> <\/div><figcaption class=\"wp-element-caption\">Video ho\u1ea1t \u0111\u1ed9ng c\u1ee7a m\u00e1y b\u00f3c v\u1ecf \u0111\u1eadu ph\u1ed9ng k\u1ebft h\u1ee3p c\u00f4ng nghi\u1ec7p <\/figcaption><\/figure>    <h2 class=\"wp-block-heading\">Th\u00f4ng s\u1ed1 k\u1ef9 thu\u1eadt c\u1ee7a m\u00e1y b\u00f3c v\u1ecf \u0111\u1eadu ph\u1ed9ng 6BHX-1500<\/h2>    <figure class=\"wp-block-table is-style-stripes\"><table><tbody><tr><td>M\u1eabu<\/td><td>6BHX-1500<\/td><\/tr><tr><td>Dung t\u00edch<\/td><td>1000kg\/h<\/td><\/tr><tr><td>T\u1ef7 l\u1ec7 b\u00f3c v\u1ecf (%)<\/td><td>\u226599<\/td><\/tr><tr><td>T\u1ef7 l\u1ec7 l\u00e0m s\u1ea1ch (%)<\/td><td>\u226599<\/td><\/tr><tr><td>T\u1ef7 l\u1ec7 v\u1ee1 v\u1ecf (%)<\/td><td>\u22645<\/td><\/tr><tr><td>T\u1ef7 l\u1ec7 m\u1ea5t m\u00e1t (%)<\/td><td>\u22640.5<\/td><\/tr><tr><td>\u0110\u1ed9 \u1ea9m (%)<\/td><td>10<\/td><\/tr><tr><td>\u0110\u1ed9ng c\u01a1 b\u00f3c v\u1ecf<\/td><td>1.5KW 3KW<\/td><\/tr><tr><td>\u0110\u1ed9ng c\u01a1 l\u00e0m s\u1ea1ch<\/td><td>2.2KW<\/td><\/tr><tr><td>Tr\u1ecdng l\u01b0\u1ee3ng<\/td><td>520kg<\/td><\/tr><tr><td>K\u00edch th\u01b0\u1edbc<\/td><td>K\u00edch th\u01b0\u1edbc: 1500*1050*1460mm<\/td><\/tr><\/tbody><\/table><figcaption class=\"wp-element-caption\"> Th\u00f4ng s\u1ed1 k\u1ef9 thu\u1eadt c\u1ee7a m\u00e1y b\u00f3c v\u1ecf \u0111\u1eadu ph\u1ed9ng 6BHX-1500 <\/figcaption><\/figure>    <h2 class=\"wp-block-heading\">\u01afu \u0111i\u1ec3m c\u1ee7a m\u00e1y b\u00f3c v\u1ecf \u0111\u1eadu ph\u1ed9ng c\u00f4ng nghi\u1ec7p<\/h2>    <p>1. Ph\u00e2n lo\u1ea1i treo kh\u00f4ng b\u1ecf s\u00f3t \u0111\u1eadu c\u00f3 v\u1ecf.<\/p>    <p>2. Tr\u1ee5c c\u00f3 xo\u00e1y tr\u00e1i v\u00e0 ph\u1ea3i, t\u1ef7 l\u1ec7 b\u00f3c v\u1ecf cao h\u01a1n.<\/p>    <p>3. H\u1ed9p s\u00e0ng rung k\u00edn c\u00f3 t\u1ef7 l\u1ec7 l\u00e0m s\u1ea1ch cao h\u01a1n v\u00e0 ng\u0103n b\u1ee5i bay.<\/p>    <p>4. V\u1ecf \u0111\u1eadu ph\u1ed9ng nghi\u1ec1n n\u00e1t \u0111\u01b0\u1ee3c th\u1ed5i ra b\u1eb1ng qu\u1ea1t \u0111\u1eb7c bi\u1ec7t, c\u00f3 th\u1ec3 d\u00f9ng tr\u1ef1c ti\u1ebfp l\u00e0m ph\u00e2n b\u00f3n. <\/p>    <h2 class=\"wp-block-heading\">L\u00e0m th\u1ebf n\u00e0o \u0111\u1ec3 ch\u1ecdn m\u00e1y b\u00f3c v\u1ecf \u0111\u1eadu ph\u00f9 h\u1ee3p v\u1edbi nhu c\u1ea7u c\u1ee7a b\u1ea1n?<\/h2>    <ol class=\"wp-block-list\"> <li>C\u00f4ng su\u1ea5t: X\u00e1c \u0111\u1ecbnh s\u1ed1 l\u01b0\u1ee3ng \u0111\u1eadu c\u1ea7n b\u00f3c v\u1ecf m\u1ed7i gi\u1edd. \u0110i\u1ec1u n\u00e0y gi\u00fap b\u1ea1n ch\u1ecdn m\u00e1y ph\u00f9 h\u1ee3p v\u1edbi nhu c\u1ea7u c\u00f4ng nghi\u1ec7p. <a href=\"https:\/\/www.agriculture-machine.com\/vi\/combined-peanut-cleaning-and-shelling-machine\/\">m\u00e1y b\u00f3c v\u1ecf \u0111\u1eadu ph\u1ed9ng<\/a> m\u1eabu ph\u00f9 h\u1ee3p v\u1edbi nhu c\u1ea7u c\u1ee7a b\u1ea1n.<\/li>    <li>Hi\u1ec7u su\u1ea5t l\u00e0m vi\u1ec7c t\u1ed1t: Ch\u00fa \u00fd xem t\u1ef7 l\u1ec7 v\u1ee1 h\u1ea1t \u0111\u1eadu ph\u1ed9ng cu\u1ed1i c\u00f9ng c\u00f3 cao kh\u00f4ng. Ch\u1ecdn m\u00e1y b\u00f3c v\u1ecf \u0111\u1eadu ph\u1ed9ng c\u00f3 t\u1ef7 l\u1ec7 v\u1ee1 nh\u1ecf h\u01a1n.<\/li>    <li>C\u00f4ng su\u1ea5t: M\u00e1y b\u00f3c v\u1ecf \u0111\u1eadu c\u00f3 th\u1ec3 trang b\u1ecb \u0111\u1ed9ng c\u01a1 \u0111i\u1ec7n, \u0111\u1ed9ng c\u01a1 diesel, v.v. Ch\u1ecdn c\u00f4ng su\u1ea5t ph\u00f9 h\u1ee3p v\u1edbi nhu c\u1ea7u c\u1ee7a b\u1ea1n. <\/li>    <li>Ng\u00e2n s\u00e1ch: C\u00e1c m\u1eabu m\u00e1y b\u00f3c v\u1ecf \u0111\u1eadu ph\u1ed9ng c\u00f3 gi\u00e1 kh\u00e1c nhau, v\u00ec v\u1eady kh\u00e1ch h\u00e0ng c\u00f3 th\u1ec3 ch\u1ecdn thi\u1ebft b\u1ecb ph\u00f9 h\u1ee3p v\u1edbi ng\u00e2n s\u00e1ch c\u1ee7a m\u00ecnh.<\/li>    <li>Th\u01b0\u01a1ng hi\u1ec7u v\u00e0 ph\u1ea3n h\u1ed3i c\u1ee7a kh\u00e1ch h\u00e0ng: C\u1ea9n th\u1eadn ki\u1ec3m tra ph\u1ea3n h\u1ed3i c\u1ee7a kh\u00e1ch h\u00e0ng v\u1ec1 nh\u00e0 s\u1ea3n xu\u1ea5t m\u00e1y b\u00f3c v\u1ecf \u0111\u1eadu ph\u1ed9ng \u0111\u1ec3 b\u00e1n.<\/li> <\/ol>    <figure class=\"wp-block-image aligncenter size-full\"><img loading=\"lazy\" decoding=\"async\" width=\"720\" height=\"540\" src=\"https:\/\/www.agriculture-machine.com\/wp-content\/uploads\/2023\/03\/groundnut-shell-remover-2.webp\" alt=\"m\u00e1y t\u00e1ch v\u1ecf \u0111\u1eadu\" class=\"wp-image-14509\" title=\"m\u00e1y t\u00e1ch v\u1ecf \u0111\u1eadu\"\/><\/figure>    <h2 class=\"wp-block-heading\">L\u1ee3i \u00edch c\u1ee7a vi\u1ec7c s\u1eed d\u1ee5ng m\u00e1y lo\u1ea1i b\u1ecf v\u1ecf \u0111\u1eadu ph\u1ed9ng<\/h2>    <ol class=\"wp-block-list\"> <li>Hi\u1ec7u qu\u1ea3 cao: M\u00e1y b\u00f3c v\u1ecf \u0111\u1eadu ph\u1ed9ng c\u00f3 t\u1ef7 l\u1ec7 b\u00f3c v\u1ecf cao v\u00e0 t\u1ef7 l\u1ec7 h\u01b0 h\u1ecfng th\u1ea5p, cho ph\u00e9p x\u1eed l\u00fd nhi\u1ec1u \u0111\u1eadu trong th\u1eddi gian ng\u1eafn. \u0110i\u1ec1u n\u00e0y ti\u1ebft ki\u1ec7m th\u1eddi gian v\u00e0 chi ph\u00ed lao \u0111\u1ed9ng.<\/li>    <li>Ch\u1ea5t l\u01b0\u1ee3ng \u0111\u01b0\u1ee3c c\u1ea3i thi\u1ec7n: M\u00e1y b\u00f3c v\u1ecf \u0111\u1eadu ph\u1ed9ng n\u00e0y cho ra \u0111\u1eadu s\u1ea1ch v\u00e0 kh\u00f4ng b\u1ecb h\u01b0 h\u1ecfng, t\u1eeb \u0111\u00f3 n\u00e2ng cao ch\u1ea5t l\u01b0\u1ee3ng \u0111\u1eadu \u0111\u00e3 b\u00f3c. \u0110i\u1ec1u n\u00e0y c\u0169ng l\u00e0m t\u0103ng gi\u00e1 tr\u1ecb c\u1ee7a ch\u00fang tr\u00ean th\u1ecb tr\u01b0\u1eddng. <\/li>    <li>\u0110a d\u1ee5ng: M\u00e1y b\u00f3c v\u1ecf \u0111\u1eadu ph\u1ed9ng t\u1ef1 \u0111\u1ed9ng c\u00f3 th\u1ec3 b\u00f3c v\u1ecf c\u00e1c lo\u1ea1i \u0111\u1eadu kh\u00e1c nhau, bao g\u1ed3m Spanish, Virginia, v\u00e0 Valencia. Ph\u1ea1m vi \u1ee9ng d\u1ee5ng r\u1ed9ng h\u01a1n. <\/li>    <li>D\u1ec5 v\u1eadn h\u00e0nh: M\u00e1y b\u00f3c v\u1ecf \u0111\u1eadu ph\u1ed9ng c\u00f4ng nghi\u1ec7p d\u1ec5 v\u1eadn h\u00e0nh v\u00e0 c\u00f3 th\u1ec3 h\u1ecdc trong m\u1ed9t l\u1ea7n.<\/li>    <li>B\u1ec1n v\u00e0 \u0111\u00e1ng tin c\u1eady: M\u00e1y b\u00f3c v\u1ecf \u0111\u1eadu ph\u1ed9ng t\u1ef1 \u0111\u1ed9ng \u0111\u01b0\u1ee3c ch\u1ebf t\u1ea1o b\u1eb1ng v\u1eadt li\u1ec7u ch\u1ea5t l\u01b0\u1ee3ng cao, l\u00e0m cho n\u00f3 b\u1ec1n h\u01a1n v\u00e0 \u0111\u00e1ng tin c\u1eady h\u01a1n. N\u00f3 c\u0169ng gi\u1ea3m s\u1ed1 l\u1ea7n s\u1eeda ch\u1eefa v\u00e0 chi ph\u00ed.<\/li> <\/ol>    <figure class=\"wp-block-image aligncenter size-full\"><img loading=\"lazy\" decoding=\"async\" width=\"720\" height=\"540\" src=\"https:\/\/www.agriculture-machine.com\/wp-content\/uploads\/2023\/03\/industrial-peanut-shelling-machine-1-1.webp\" alt=\"m\u00e1y b\u00f3c v\u1ecf \u0111\u1eadu c\u00f4ng nghi\u1ec7p \" class=\"wp-image-14505\" title=\"m\u00e1y b\u00f3c v\u1ecf \u0111\u1eadu c\u00f4ng nghi\u1ec7p \"\/><\/figure>    <p>N\u1ebfu b\u1ea1n quan t\u00e2m \u0111\u1ebfn m\u00e1y b\u00f3c v\u1ecf \u0111\u1eadu ph\u1ed9ng c\u00f4ng nghi\u1ec7p k\u1ebft h\u1ee3p n\u00e0y, h\u00e3y li\u00ean h\u1ec7 v\u1edbi ch\u00fang t\u00f4i \u0111\u1ec3 bi\u1ebft th\u00eam h\u00ecnh \u1ea3nh, video v\u00e0 b\u00e1o gi\u00e1 cho m\u00e1y. Ch\u00fang t\u00f4i mong mu\u1ed1n h\u1ee3p t\u00e1c v\u1edbi b\u1ea1n.<\/p>","protected":false},"excerpt":{"rendered":"<p>In addition to small models suitable for home use, peanut shellers\u00a0also have larger models apply to factory use. Usually, the peanut shelling machine\u00a0will be used with a peanut cleaning machine. <\/p>","protected":false},"author":1,"featured_media":14499,"parent":0,"comment_status":"closed","ping_status":"closed","template":"","tags":[797,2613],"product-type":[895],"class_list":["post-12594","product","type-product","status-publish","has-post-thumbnail","hentry","tag-peanut","tag-peeling","product-type-peanut-sheller"],"_links":{"self":[{"href":"https:\/\/www.agriculture-machine.com\/vi\/wp-json\/wp\/v2\/product\/12594","targetHints":{"allow":["GET"]}}],"collection":[{"href":"https:\/\/www.agriculture-machine.com\/vi\/wp-json\/wp\/v2\/product"}],"about":[{"href":"https:\/\/www.agriculture-machine.com\/vi\/wp-json\/wp\/v2\/types\/product"}],"author":[{"embeddable":true,"href":"https:\/\/www.agriculture-machine.com\/vi\/wp-json\/wp\/v2\/users\/1"}],"replies":[{"embeddable":true,"href":"https:\/\/www.agriculture-machine.com\/vi\/wp-json\/wp\/v2\/comments?post=12594"}],"wp:featuredmedia":[{"embeddable":true,"href":"https:\/\/www.agriculture-machine.com\/vi\/wp-json\/wp\/v2\/media\/14499"}],"wp:attachment":[{"href":"https:\/\/www.agriculture-machine.com\/vi\/wp-json\/wp\/v2\/media?parent=12594"}],"wp:term":[{"taxonomy":"post_tag","embeddable":true,"href":"https:\/\/www.agriculture-machine.com\/vi\/wp-json\/wp\/v2\/tags?post=12594"},{"taxonomy":"product-type","embeddable":true,"href":"https:\/\/www.agriculture-machine.com\/vi\/wp-json\/wp\/v2\/product-type?post=12594"}],"curies":[{"name":"wp","href":"https:\/\/api.w.org\/{rel}","templated":true}]}}