{"id":12621,"date":"2022-01-26T17:28:30","date_gmt":"2022-01-26T09:28:30","guid":{"rendered":"https:\/\/www.agriculture-machine.com\/?p=12621"},"modified":"2024-09-18T16:22:10","modified_gmt":"2024-09-18T08:22:10","slug":"4-row-peanut-groundnut-seed-planter-equipment","status":"publish","type":"product","link":"https:\/\/www.agriculture-machine.com\/vi\/4-row-peanut-groundnut-seed-planter-equipment\/","title":{"rendered":"Thi\u1ebft b\u1ecb m\u00e1y gieo \u0111\u1eadu 4 h\u00e0ng"},"content":{"rendered":"<p>As one of the world&#8217;s oil crops, peanuts are cultivated in large areas all over the world by using peanut seed planter equipment. Nowadays, with the development of agricultural technology, people usually use peanut seed planter equipment instead of manpower. The use of peanut seed planter machines saves a lot of manpower and improves work efficiency. <\/p>    <p>A good peanut planter\u2019s function can improve the survival rate of peanuts and increase the yield of peanut planting. And now there are many different models and functions of groundnut seed planters on the market, which can meet people&#8217;s different needs.<\/p>    <figure class=\"wp-block-embed is-type-video is-provider-youtube wp-block-embed-youtube wp-embed-aspect-16-9 wp-has-aspect-ratio\"><div class=\"wp-block-embed__wrapper\"> <iframe loading=\"lazy\" title=\"\u0110\u00e2y l\u00e0 m\u00e1y gieo \u0111\u1eadu ph\u1ed9ng 4 h\u00e0ng \u0111a ch\u1ee9c n\u0103ng.\" width=\"500\" height=\"281\" src=\"https:\/\/www.youtube.com\/embed\/tW-xiob16FQ?feature=oembed\" frameborder=\"0\" allow=\"accelerometer; autoplay; clipboard-write; encrypted-media; gyroscope; picture-in-picture; web-share\" referrerpolicy=\"strict-origin-when-cross-origin\" allowfullscreen><\/iframe> <\/div><figcaption class=\"wp-element-caption\">Video ho\u1ea1t \u0111\u1ed9ng c\u1ee7a thi\u1ebft b\u1ecb tr\u1ed3ng \u0111\u1eadu ph\u1ed9ng<\/figcaption><\/figure>    <h2 class=\"wp-block-heading\" id=\"h-introduction-of-4-row-peanut-seed-planter\">Gi\u1edbi thi\u1ec7u v\u1ec1 m\u00e1y tr\u1ed3ng \u0111\u1eadu 4 h\u00e0ng<\/h2>    <p>V\u1edbi nghi\u00ean c\u1ee9u v\u00e0 ph\u00e1t tri\u1ec3n li\u00ean t\u1ee5c c\u1ee7a ch\u00fang t\u00f4i v\u1ec1 m\u00e1y tr\u1ed3ng \u0111\u1eadu ph\u1ed9ng, hi\u1ec7n nay ch\u00fang t\u00f4i s\u1ea3n xu\u1ea5t c\u00e1c m\u00e1y gieo \u0111\u1eadu nhi\u1ec1u h\u00e0ng ch\u1ea5t l\u01b0\u1ee3ng cao. D\u00f2ng s\u1ea3n ph\u1ea9m n\u00e0y bao g\u1ed3m m\u00e1y gieo \u0111\u1eadu 2 h\u00e0ng, 4 h\u00e0ng, 6 h\u00e0ng v\u00e0 8 h\u00e0ng. <\/p>    <p>Ph\u1ea7n c\u00f2n l\u1ea1i c\u1ee7a b\u00e0i vi\u1ebft ch\u1ee7 y\u1ebfu gi\u1edbi thi\u1ec7u v\u1ec1 m\u00e1y gieo \u0111\u1eadu 2BH-4. M\u1eabu m\u00e1y tr\u1ed3ng \u0111\u1eadu ph\u1ed9ng n\u00e0y c\u00f3 th\u1ec3 gieo 4 h\u00e0ng \u0111\u1eadu ph\u1ed9ng. Ngo\u00e0i ch\u1ee9c n\u0103ng gieo h\u1ea1t. <\/p>    <p>M\u00e1y gieo \u0111\u1eadu 4 h\u00e0ng c\u00f2n c\u00f3 th\u1ec3 ho\u1ea1t \u0111\u1ed9ng nh\u01b0 ph\u00e2n b\u00f3n, ph\u1ee7 mulching, gieo \u0111\u1ea5t v\u00e0 gieo \u0111\u1ea5t. V\u00ec v\u1eady, kh\u00e1ch h\u00e0ng c\u00f3 th\u1ec3 ch\u1ecdn c\u00e1c ch\u1ee9c n\u0103ng ph\u00f9 h\u1ee3p theo nhu c\u1ea7u c\u1ee7a m\u00ecnh. <\/p>    <p class=\"translation-block\">M\u00e1y c\u1ea7n ho\u1ea1t \u0111\u1ed9ng c\u00f9ng v\u1edbi m\u00e1y k\u00e9o, v\u00e0 k\u1ebft n\u1ed1i l\u00e0 h\u1ec7 th\u1ed1ng treo ba \u0111i\u1ec3m. M\u00e1y c\u00f3 l\u1eafp \u0111\u1eb7t \u0111\u01a1n gi\u1ea3n v\u00e0 v\u1eadn h\u00e0nh thu\u1eadn ti\u1ec7n. Ch\u00fang t\u00f4i c\u0169ng c\u00f3 c\u00e1c m\u00e1y nh\u1eb7t \u0111\u1eadu ph\u1ed9ng, m\u00e1y thu ho\u1ea1ch \u0111\u1eadu ph\u1ed9ng, v\u00e0<a href=\"https:\/\/www.agriculture-machine.com\/vi\/peanut-groundnut-shell-removing-machine\/\"> m\u00e1y b\u00f3c v\u1ecf \u0111\u1eadu ph\u1ed9ng<\/a>. S\u1ef1 k\u1ebft h\u1ee3p c\u1ee7a ba m\u00e1y n\u00e0y c\u00f3 th\u1ec3 n\u00e2ng cao hi\u1ec7u qu\u1ea3 s\u1ea3n xu\u1ea5t v\u00e0 nh\u00e2n l\u1ef1c \u0111\u00e1ng k\u1ec3. V\u00e0 ng\u01b0\u1eddi d\u00f9ng c\u00f3 th\u1ec3 ch\u1ecdn c\u00e1c lo\u1ea1i m\u00e1y kh\u00e1c nhau ph\u00f9 h\u1ee3p v\u1edbi nhu c\u1ea7u c\u1ee7a m\u00ecnh.<\/p>    <figure class=\"wp-block-gallery has-nested-images columns-default is-cropped wp-block-gallery-2 is-layout-flex wp-block-gallery-is-layout-flex\"> <figure class=\"wp-block-image size-large\"><img loading=\"lazy\" decoding=\"async\" width=\"720\" height=\"540\" data-id=\"12630\" src=\"https:\/\/www.agriculture-machine.com\/wp-content\/uploads\/2022\/01\/3.jpg\" alt=\"Thi\u1ebft b\u1ecb m\u00e1y tr\u1ed3ng \u0111\u1eadu ph\u1ed9ng 4 h\u00e0ng ph\u00eda tr\u01b0\u1edbc\" class=\"wp-image-12630\" srcset=\"https:\/\/www.agriculture-machine.com\/wp-content\/uploads\/2022\/01\/3.jpg 720w, https:\/\/www.agriculture-machine.com\/wp-content\/uploads\/2022\/01\/3-360x270.jpg 360w, https:\/\/www.agriculture-machine.com\/wp-content\/uploads\/2022\/01\/3-240x180.jpg 240w\" sizes=\"auto, (max-width: 720px) 100vw, 720px\" \/><figcaption class=\"wp-element-caption\">Thi\u1ebft b\u1ecb m\u00e1y tr\u1ed3ng \u0111\u1eadu ph\u1ed9ng 4 h\u00e0ng ph\u00eda tr\u01b0\u1edbc<\/figcaption><\/figure>    <figure class=\"wp-block-image size-large\"><img loading=\"lazy\" decoding=\"async\" width=\"720\" height=\"540\" data-id=\"12631\" src=\"https:\/\/www.agriculture-machine.com\/wp-content\/uploads\/2022\/01\/4.jpg\" alt=\"\" class=\"wp-image-12631\" srcset=\"https:\/\/www.agriculture-machine.com\/wp-content\/uploads\/2022\/01\/4.jpg 720w, https:\/\/www.agriculture-machine.com\/wp-content\/uploads\/2022\/01\/4-360x270.jpg 360w, https:\/\/www.agriculture-machine.com\/wp-content\/uploads\/2022\/01\/4-240x180.jpg 240w\" sizes=\"auto, (max-width: 720px) 100vw, 720px\" \/><figcaption class=\"wp-element-caption\"> m\u00e1y tr\u1ed3ng \u0111\u1eadu 4 h\u00e0ng b\u00ean  <\/figcaption><\/figure> <figcaption class=\"blocks-gallery-caption wp-element-caption\"> M\u00e1y tr\u1ed3ng \u0111\u1eadu ph\u1ed9ng 4 h\u00e0ng <\/figcaption><\/figure>    <h2 class=\"wp-block-heading\">C\u1ea5u tr\u00fac c\u1ee7a m\u00e1y tr\u1ed3ng \u0111\u1eadu ph\u1ed9ng 4 h\u00e0ng<\/h2>    <p>M\u00e1y tr\u1ed3ng \u0111\u1eadu ph\u1ed9ng 4 h\u00e0ng c\u00f3 c\u00e1c b\u1ed9 ph\u1eadn ch\u00ednh g\u1ed3m khung, h\u1ed9p ph\u00e2n b\u00f3n, h\u1ed9p h\u1ea1t gi\u1ed1ng, h\u1ec7 th\u1ed1ng ki\u1ec3m so\u00e1t gieo h\u1ea1t, thi\u1ebft b\u1ecb l\u00e0m \u0111\u01b0\u1eddng g\u1edd (b\u00e1nh xe gieo \u0111\u1ea5t) v\u00e0 m\u00e1y \u0111\u00e0o \u0111\u1ea5t.<\/p>    <figure class=\"wp-block-image aligncenter size-full\"><img loading=\"lazy\" decoding=\"async\" width=\"720\" height=\"540\" src=\"https:\/\/www.agriculture-machine.com\/wp-content\/uploads\/2022\/01\/2.jpg\" alt=\"C\u1ea5u tr\u00fac c\u1ee7a m\u00e1y tr\u1ed3ng \u0111\u1eadu ph\u1ed9ng 4 h\u00e0ng\" class=\"wp-image-12632\" title=\"C\u1ea5u tr\u00fac c\u1ee7a m\u00e1y tr\u1ed3ng \u0111\u1eadu ph\u1ed9ng 4 h\u00e0ng\" srcset=\"https:\/\/www.agriculture-machine.com\/wp-content\/uploads\/2022\/01\/2.jpg 720w, https:\/\/www.agriculture-machine.com\/wp-content\/uploads\/2022\/01\/2-360x270.jpg 360w, https:\/\/www.agriculture-machine.com\/wp-content\/uploads\/2022\/01\/2-240x180.jpg 240w\" sizes=\"auto, (max-width: 720px) 100vw, 720px\" \/><figcaption class=\"wp-element-caption\"> C\u1ea5u tr\u00fac c\u1ee7a m\u00e1y tr\u1ed3ng \u0111\u1eadu ph\u1ed9ng 4 h\u00e0ng <\/figcaption><\/figure>    <h2 class=\"wp-block-heading\">Nguy\u00ean l\u00fd ho\u1ea1t \u0111\u1ed9ng c\u1ee7a thi\u1ebft b\u1ecb m\u00e1y tr\u1ed3ng \u0111\u1eadu ph\u1ed9ng<\/h2>    <ol class=\"wp-block-list\"> <li>Khi v\u1eadn h\u00e0nh m\u00e1y tr\u1ed3ng \u0111\u1eadu ph\u1ed9ng, l\u01b0\u1ee3ng gieo h\u1ea1t \u0111\u01b0\u1ee3c ki\u1ec3m so\u00e1t ch\u00ednh x\u00e1c b\u1edfi h\u1ec7 th\u1ed1ng ki\u1ec3m so\u00e1t gieo h\u1ea1t. \u0110i\u1ec1u n\u00e0y \u0111\u1ea3m b\u1ea3o h\u1ea1t gi\u1ed1ng \u0111\u01b0\u1ee3c \u0111\u1eb7t \u0111\u1ec1u \u0111\u1eb7n trong l\u1edbp \u0111\u1ea5t.<\/li>    <li>M\u00e1y \u0111\u00e0o \u0111\u1ea5t c\u1ee7a m\u00e1y tr\u1ed3ng \u0111\u1eadu ph\u1ed9ng \u0111\u00e0o l\u1edbp \u0111\u1ea5t v\u00e0 b\u00f3n ph\u00e2n v\u00e0o \u0111\u1ea5t. H\u00e0nh \u0111\u1ed9ng n\u00e0y s\u1ebd t\u1ea1o ra kho\u1ea3ng c\u00e1ch m\u1ecdc m\u1ea7m t\u1ef1 nhi\u00ean. Ngo\u00e0i ra, \u0111i\u1ec1u n\u00e0y gi\u1ea3m thi\u1ec3u vi\u1ec7c lo\u1ea1i b\u1ecf th\u1ee7 c\u00f4ng c\u00e1c m\u1ea7m \u0111\u1eadu ph\u1ed9ng th\u1eeba v\u00e0 n\u00e2ng cao n\u0103ng su\u1ea5t l\u00e0m vi\u1ec7c.<\/li>    <li>M\u00e1y tr\u1ed3ng \u0111\u1eadu ph\u1ed9ng c\u00f3 th\u1ec3 ho\u00e0n th\u00e0nh c\u00e1c c\u00f4ng vi\u1ec7c ph\u00e2n b\u00f3n, gieo h\u1ea1t, phun thu\u1ed1c, ph\u1ee7 mulching v\u00e0 l\u00e0m \u0111\u01b0\u1eddng g\u1edd c\u00f9ng m\u1ed9t l\u00fac.<\/li> <\/ol>    <h2 class=\"wp-block-heading\">Video ho\u1ea1t \u0111\u1ed9ng c\u1ee7a m\u00e1y tr\u1ed3ng \u0111\u1eadu 4 h\u00e0ng<\/h2>    <figure class=\"wp-block-embed is-type-video is-provider-youtube wp-block-embed-youtube wp-embed-aspect-16-9 wp-has-aspect-ratio\"><div class=\"wp-block-embed__wrapper\"> <iframe loading=\"lazy\" title=\"M\u00e1y tr\u1ed3ng \u0111\u1eadu ph\u1ed9ng\/m\u00e1y tr\u1ed3ng \u0111\u1eadu ph\u1ed9ng\/m\u00e1y tr\u1ed3ng \u0111\u1eadu ph\u1ed9ng 4 h\u00e0ng\" width=\"500\" height=\"281\" src=\"https:\/\/www.youtube.com\/embed\/g6o8jZJtyzg?feature=oembed\" frameborder=\"0\" allow=\"accelerometer; autoplay; clipboard-write; encrypted-media; gyroscope; picture-in-picture; web-share\" referrerpolicy=\"strict-origin-when-cross-origin\" allowfullscreen><\/iframe> <\/div><figcaption class=\"wp-element-caption\"> Video ho\u1ea1t \u0111\u1ed9ng c\u1ee7a m\u00e1y tr\u1ed3ng \u0111\u1eadu 4 h\u00e0ng <\/figcaption><\/figure>    <h2 class=\"wp-block-heading\">Th\u00f4ng s\u1ed1 k\u1ef9 thu\u1eadt c\u1ee7a m\u00e1y tr\u1ed3ng \u0111\u1eadu ph\u1ed9ng<\/h2>    <figure class=\"wp-block-table is-style-stripes\"><table><tbody><tr><td>M\u1eabu<\/td><td>2BH-4<\/td><\/tr><tr><td>Kho\u1ea3ng c\u00e1ch h\u00e0ng<\/td><td>23,48cm<\/td><\/tr><tr><td>H\u00e0ng<\/td><td>4 h\u00e0ng<\/td><\/tr><tr><td>C\u00f4ng su\u1ea5t<\/td><td>22-36kw<\/td><\/tr><tr><td>Chi\u1ec1u r\u1ed9ng ho\u1ea1t \u0111\u1ed9ng<\/td><td>1420mm<\/td><\/tr><tr><td>\u0110\u01b0\u1eddng k\u00ednh b\u00e1nh xe \u0111\u1ea5t<\/td><td>40cm<\/td><\/tr><\/tbody><\/table><figcaption class=\"wp-element-caption\"> Th\u00f4ng s\u1ed1 k\u1ef9 thu\u1eadt c\u1ee7a m\u00e1y tr\u1ed3ng \u0111\u1eadu ph\u1ed9ng <\/figcaption><\/figure>    <h2 class=\"wp-block-heading\">T\u1ea1i sao ch\u1ecdn m\u00e1y gieo \u0111\u1eadu c\u1ee7a ch\u00fang t\u00f4i?<\/h2>    <ol class=\"wp-block-list\"> <li>C\u00e1c bu l\u00f4ng v\u00edt tr\u00ean c\u00f9ng c\u1ee7a m\u00e1y gieo \u0111\u1eadu \u0111\u1ea5t \u0111\u1ec1u l\u00e0 bu l\u00f4ng c\u01b0\u1eddng \u0111\u1ed9 cao c\u00f3 c\u1ea5p \u0111\u1ed9 hi\u1ec7u su\u1ea5t 8.8.<\/li>    <li>D\u00e2y chuy\u1ec1n m\u00e1y gieo h\u1ea1t \u0111\u1eadu ph\u1ed9ng n\u00e0y \u0111\u01b0\u1ee3c trang b\u1ecb m\u1ed9t \u0111\u01b0\u1eddng g\u1edd ph\u00eda tr\u01b0\u1edbc, \u0111\u01b0\u1eddng g\u1edd \u0111\u1ea7u ti\u00ean, r\u1ed3i \u0111\u1ebfn vi\u1ec7c gieo h\u1ea1t. \u0110i\u1ec1u n\u00e0y \u0111\u1ea3m b\u1ea3o \u0111\u1ed9 s\u00e2u h\u1ea1t gi\u1ed1ng nh\u1ea5t qu\u00e1n, kh\u1ea3 n\u0103ng n\u1ea3y m\u1ea7m nhanh, t\u1ef7 l\u1ec7 n\u1ea3y m\u1ea7m cao v\u00e0 n\u0103ng su\u1ea5t trung b\u00ecnh cao h\u01a1n.<\/li>    <li>\u0110\u01b0\u1eddng k\u00ednh b\u00e1nh xe \u0111\u1ea5t \u0111\u01b0\u1ee3c t\u0103ng th\u00eam 480mm, do \u0111\u00f3 chi\u1ec1u cao c\u1ee7a to\u00e0n b\u1ed9 thi\u1ebft b\u1ecb m\u00e1y tr\u1ed3ng \u0111\u1eadu ph\u1ed9ng cao h\u01a1n tr\u01b0\u1edbc 50mm. So v\u1edbi b\u00e1nh xe \u0111\u1ea5t nh\u1ecf truy\u1ec1n th\u1ed1ng, n\u00f3 kh\u00f4ng d\u1ec5 b\u1ecb t\u1eafc ngh\u1ebdn h\u01a1n, kh\u1ea3 n\u0103ng v\u01b0\u1ee3t qua ch\u01b0\u1edbng ng\u1ea1i v\u1eadt cao h\u01a1n.<\/li>    <li>Thi\u1ebft b\u1ecb \u0111\u1ecbnh l\u01b0\u1ee3ng h\u1ea1t gi\u1ed1ng hai h\u00e0ng c\u00f3 th\u1ec3 gi\u1ea3m hi\u1ec7u qu\u1ea3 t\u00ecnh tr\u1ea1ng t\u1eafc ngh\u1ebdn v\u00e0 ph\u00f9 h\u1ee3p \u0111\u1ec3 gieo tr\u1ef1c ti\u1ebfp sau thu ho\u1ea1ch l\u00faa m\u00ec.<\/li>    <li>Nghi\u00ean c\u1ee9u v\u00e0 ph\u00e1t tri\u1ec3n h\u1ee3p t\u00e1c c\u1ee7a thi\u1ebft b\u1ecb \u0111\u1ecbnh l\u01b0\u1ee3ng h\u1ea1t gi\u1ed1ng ch\u00ednh x\u00e1c h\u01a1n. V\u00ec v\u1eady, h\u1ea1t gi\u1ed1ng c\u00f3 h\u1ea1t \u0111\u1ec1u, \u00edt h\u1ea1t b\u1ecb th\u1ed1i v\u00e0 kho\u1ea3ng c\u00e1ch c\u00e2y tr\u1ed3ng an to\u00e0n h\u01a1n.<\/li>    <li>Ch\u00fang t\u00f4i c\u00f3 th\u1ec3 \u0111i\u1ec1u ch\u1ec9nh chi\u1ec1u r\u1ed9ng c\u1ee7a \u0111\u01b0\u1eddng g\u1edd t\u1eeb 60-70cm, ph\u00f9 h\u1ee3p v\u1edbi \u0111i\u1ec1u ki\u1ec7n \u0111\u1ecba ph\u01b0\u01a1ng kh\u00e1c nhau. V\u00ec v\u1eady, m\u00e1y gieo h\u1ea1t \u0111\u1eadu ph\u1ed9ng c\u00f3 ph\u1ea1m vi \u1ee9ng d\u1ee5ng r\u1ed9ng h\u01a1n.<\/li> <\/ol>    <p>N\u1ebfu b\u1ea1n quan t\u00e2m \u0111\u1ebfn thi\u1ebft b\u1ecb m\u00e1y tr\u1ed3ng \u0111\u1eadu ph\u1ed9ng c\u1ee7a ch\u00fang t\u00f4i ho\u1eb7c mu\u1ed1n bi\u1ebft th\u00eam chi ti\u1ebft, xin vui l\u00f2ng li\u00ean h\u1ec7 v\u1edbi \u0111\u1ed9i ng\u0169 b\u00e1n h\u00e0ng c\u1ee7a ch\u00fang t\u00f4i. Ch\u00fang t\u00f4i cam k\u1ebft cung c\u1ea5p c\u00e1c gi\u1ea3i ph\u00e1p m\u00e1y m\u00f3c n\u00f4ng nghi\u1ec7p hi\u1ec7u qu\u1ea3 v\u00e0 \u0111\u00e1ng tin c\u1eady \u0111\u1ec3 l\u00e0m cho c\u00f4ng vi\u1ec7c n\u00f4ng nghi\u1ec7p c\u1ee7a b\u1ea1n d\u1ec5 d\u00e0ng v\u00e0 th\u00fa v\u1ecb h\u01a1n.<\/p>","protected":false},"excerpt":{"rendered":"<p>B\u00e0i vi\u1ebft n\u00e0y n\u00f3i v\u1ec1 thi\u1ebft b\u1ecb m\u00e1y tr\u1ed3ng \u0111\u1eadu ph\u1ed9ng 4 h\u00e0ng, c\u00f3 th\u1ec3 ho\u00e0n th\u00e0nh \u0111\u00e0o \u0111\u1ea5t, b\u00f3n ph\u00e2n, gieo h\u1ea1t v\u00e0 ph\u1ee7 \u0111\u1ea5t c\u00f9ng m\u1ed9t l\u00fac. <\/p>","protected":false},"author":1,"featured_media":12629,"parent":0,"comment_status":"closed","ping_status":"closed","template":"","tags":[797,492],"product-type":[884,870],"class_list":["post-12621","product","type-product","status-publish","has-post-thumbnail","hentry","tag-peanut","tag-planter","product-type-peanut-planter","product-type-planter"],"_links":{"self":[{"href":"https:\/\/www.agriculture-machine.com\/vi\/wp-json\/wp\/v2\/product\/12621","targetHints":{"allow":["GET"]}}],"collection":[{"href":"https:\/\/www.agriculture-machine.com\/vi\/wp-json\/wp\/v2\/product"}],"about":[{"href":"https:\/\/www.agriculture-machine.com\/vi\/wp-json\/wp\/v2\/types\/product"}],"author":[{"embeddable":true,"href":"https:\/\/www.agriculture-machine.com\/vi\/wp-json\/wp\/v2\/users\/1"}],"replies":[{"embeddable":true,"href":"https:\/\/www.agriculture-machine.com\/vi\/wp-json\/wp\/v2\/comments?post=12621"}],"wp:featuredmedia":[{"embeddable":true,"href":"https:\/\/www.agriculture-machine.com\/vi\/wp-json\/wp\/v2\/media\/12629"}],"wp:attachment":[{"href":"https:\/\/www.agriculture-machine.com\/vi\/wp-json\/wp\/v2\/media?parent=12621"}],"wp:term":[{"taxonomy":"post_tag","embeddable":true,"href":"https:\/\/www.agriculture-machine.com\/vi\/wp-json\/wp\/v2\/tags?post=12621"},{"taxonomy":"product-type","embeddable":true,"href":"https:\/\/www.agriculture-machine.com\/vi\/wp-json\/wp\/v2\/product-type?post=12621"}],"curies":[{"name":"wp","href":"https:\/\/api.w.org\/{rel}","templated":true}]}}