{"id":12636,"date":"2022-01-27T17:12:03","date_gmt":"2022-01-27T09:12:03","guid":{"rendered":"https:\/\/www.agriculture-machine.com\/?p=12636"},"modified":"2024-08-20T17:41:30","modified_gmt":"2024-08-20T09:41:30","slug":"peanut-picking-machine","status":"publish","type":"product","link":"https:\/\/www.agriculture-machine.com\/vi\/peanut-picking-machine\/","title":{"rendered":"M\u00e1y h\u00e1i \u0111\u1eadu ph\u1ed9ng nh\u1ecf"},"content":{"rendered":"<p>M\u00e1y h\u00e1i \u0111\u1eadu nh\u1ecf n\u00e0y l\u00e0 lo\u1ea1i thi\u1ebft b\u1ecb c\u01a1 kh\u00ed c\u00f3 th\u1ec3 t\u1ef1 \u0111\u1ed9ng h\u00e1i tr\u00e1i. Vi\u1ec7c s\u1eed d\u1ee5ng thi\u1ebft b\u1ecb n\u00e0y c\u00f3 th\u1ec3 gi\u00fap ng\u01b0\u1eddi tr\u1ed3ng tr\u1ecdt ho\u1eb7c v\u1eadn h\u00e0nh s\u1ea3n xu\u1ea5t nhanh ch\u00f3ng. M\u00e1y h\u00e1i \u0111\u1eadu c\u00f3 \u0111\u1eb7c \u0111i\u1ec3m ti\u00eau th\u1ee5 th\u1ea5p, hi\u1ec7u qu\u1ea3 h\u00e1i tr\u00e1i t\u1ed1t, v\u00e0 t\u1ef7 l\u1ec7 h\u1ecfng th\u1ea5p.\u00a0<\/p>    <p>Lo\u1ea1i m\u00e1y h\u00e1i \u0111\u1eadu n\u00e0y ph\u00f9 h\u1ee3p cho s\u1eed d\u1ee5ng t\u1ea1i nh\u00e0. B\u1edfi v\u00ec n\u00f3 c\u00f3 th\u1ec3 \u0111\u00e1p \u1ee9ng nhu c\u1ea7u x\u1eed l\u00fd \u0111\u1eadu h\u00e0ng ng\u00e0y c\u1ee7a m\u1ecdi ng\u01b0\u1eddi. Th\u00f4ng th\u01b0\u1eddng, tr\u01b0\u1edbc khi s\u1eed d\u1ee5ng m\u00e1y n\u00e0y, \u0111\u1eadu c\u00f3 th\u00e2n c\u1ea7n \u0111\u01b0\u1ee3c s\u1ea5y kh\u00f4 trong kho\u1ea3ng hai ng\u00e0y.<\/p>    <figure class=\"wp-block-embed is-type-video is-provider-youtube wp-block-embed-youtube wp-embed-aspect-16-9 wp-has-aspect-ratio\"><div class=\"wp-block-embed__wrapper\"> <iframe loading=\"lazy\" title=\"m\u00e1y h\u00e1i \u0111\u1eadu\/ m\u00e1y h\u00e1i \u0111\u1eadu ph\u1ed9ng\/ ph\u1ea3n h\u1ed3i t\u1eeb Sri Lanka v\u1ec1 m\u00e1y lo\u1ea1i b\u1ecf \u0111\u1eadu\/ m\u00e1y t\u00e1ch \u0111\u1eadu\" width=\"500\" height=\"281\" src=\"https:\/\/www.youtube.com\/embed\/O1wqgGvVLIU?feature=oembed\" frameborder=\"0\" allow=\"accelerometer; autoplay; clipboard-write; encrypted-media; gyroscope; picture-in-picture; web-share\" referrerpolicy=\"strict-origin-when-cross-origin\" allowfullscreen><\/iframe> <\/div><figcaption class=\"wp-element-caption\">Video ho\u1ea1t \u0111\u1ed9ng c\u1ee7a m\u00e1y h\u00e1i \u0111\u1eadu ph\u1ed9ng nh\u1ecf<\/figcaption><\/figure>    <h2 class=\"wp-block-heading\" id=\"h-brief-introduction-of-small-peanut-picking-machine\">Gi\u1edbi thi\u1ec7u ng\u1eafn g\u1ecdn v\u1ec1 m\u00e1y h\u00e1i \u0111\u1eadu ph\u1ed9ng nh\u1ecf<\/h2>    <p>B\u00e0i vi\u1ebft n\u00e0y n\u00f3i v\u1ec1 m\u1ed9t m\u00e1y h\u00e1i \u0111\u1eadu nh\u1ecf. Ch\u00fang t\u00f4i c\u00f3 hai lo\u1ea1i m\u00e1y h\u00e1i \u0111\u1eadu ph\u1ed9ng. M\u1ed9t l\u00e0 m\u00e1y h\u00e1i \u0111\u1eadu kh\u00f4 nh\u1ecf. V\u00e0 lo\u1ea1i c\u00f2n l\u1ea1i l\u00e0 m\u00e1y h\u00e1i \u0111\u1eadu k\u00edch th\u01b0\u1edbc l\u1edbn. <\/p>    <p>\u0110\u1eadu ph\u1ed9ng nh\u1ecf<\/p>    <p> m\u00e1y h\u00e1i c\u00f3 th\u1ec3 x\u1eed l\u00fd 800-100kg \u0111\u1eadu ph\u1ed9ng m\u1ed7i gi\u1edd. \u0110\u1ed3ng th\u1eddi, t\u1ef7 l\u1ec7 h\u00e1i c\u1ee7a m\u00e1y h\u00e1i \u0111\u1eadu ph\u1ed9ng c\u00f3 th\u1ec3 \u0111\u1ea1t 99% v\u00e0 t\u1ef7 l\u1ec7 h\u1ecfng v\u00e0 t\u1ea1p ch\u1ea5t \u0111\u1ec1u d\u01b0\u1edbi 1%. Ngo\u00e0i ra, c\u00f2n c\u00f3 m\u1ed9t thang n\u00e2ng v\u1edbi m\u00f3c kim lo\u1ea1i t\u1ea1i l\u1ed1i ra \u0111\u1eadu, b\u1ea1n c\u00f3 th\u1ec3 treo t\u00fai l\u00ean \u0111\u00f3. V\u00ec v\u1eady, r\u1ea5t thu\u1eadn ti\u1ec7n \u0111\u1ec3 ch\u00fang ta thu th\u1eadp \u0111\u1eadu ph\u1ed9ng.<\/p>    <p class=\"translation-block\">C\u00f4ng su\u1ea5t c\u1ee7a m\u00e1y n\u00e0y c\u00f3 th\u1ec3 l\u00e0 \u0111\u1ed9ng c\u01a1 \u0111i\u1ec7n ho\u1eb7c \u0111\u1ed9ng c\u01a1 diesel. \u0110\u1ed3ng th\u1eddi, n\u1ebfu c\u1ea7n, ch\u00fang t\u00f4i c\u00f3 th\u1ec3 l\u1eafp \u0111\u1eb7t ch\u00e2n \u0111\u1ebf c\u00f3 b\u00e1nh xe, gi\u00fap b\u1ea1n d\u1ec5 d\u00e0ng di chuy\u1ec3n m\u00e1y h\u00e1i \u0111\u1eadu n\u00e0y \u0111\u1ebfn m\u1ecdi n\u01a1i. Ngo\u00e0i m\u00e1y h\u00e1i \u0111\u1eadu, ch\u00fang t\u00f4i c\u00f2n c\u00f3 <a href=\"https:\/\/www.agriculture-machine.com\/vi\/peanut-harvester\/\">m\u00e1y thu ho\u1ea1ch \u0111\u1eadu<\/a>. V\u00e0 l\u00e0m vi\u1ec7c c\u00f9ng hai m\u00e1y c\u00f3 th\u1ec3 n\u00e2ng cao hi\u1ec7u qu\u1ea3 v\u00e0 ch\u1ea5t l\u01b0\u1ee3ng c\u00f4ng vi\u1ec7c.<\/p>    <figure class=\"wp-block-image aligncenter size-full is-resized\"><img loading=\"lazy\" decoding=\"async\" width=\"720\" height=\"540\" src=\"https:\/\/www.agriculture-machine.com\/wp-content\/uploads\/2022\/01\/IMG_9124_\u526f\u672c.jpg\" alt=\"m\u00e1y h\u00e1i \u0111\u1eadu ph\u1ed9ng nh\u1ecf\" class=\"wp-image-12641\" title=\"m\u00e1y h\u00e1i \u0111\u1eadu ph\u1ed9ng nh\u1ecf\" srcset=\"https:\/\/www.agriculture-machine.com\/wp-content\/uploads\/2022\/01\/IMG_9124_\u526f\u672c.jpg 720w, https:\/\/www.agriculture-machine.com\/wp-content\/uploads\/2022\/01\/IMG_9124_\u526f\u672c-360x270.jpg 360w, https:\/\/www.agriculture-machine.com\/wp-content\/uploads\/2022\/01\/IMG_9124_\u526f\u672c-240x180.jpg 240w\" sizes=\"auto, (max-width: 720px) 100vw, 720px\" \/><figcaption class=\"wp-element-caption\">m\u00e1y h\u00e1i \u0111\u1eadu ph\u1ed9ng nh\u1ecf<\/figcaption><\/figure>    <h2 class=\"wp-block-heading\" id=\"structure-of-the-groundnut-picking-machine\">C\u1ea5u tr\u00fac c\u1ee7a m\u00e1y h\u00e1i \u0111\u1eadu ph\u1ed9ng nh\u1ecf<\/h2>    <p>M\u00e1y h\u00e1i \u0111\u1eadu ph\u1ed9ng nh\u1ecf n\u00e0y ch\u1ee7 y\u1ebfu c\u00f3 m\u1ed9t c\u1eeda n\u1ea1p, h\u1ec7 th\u1ed1ng h\u00e1i tr\u00e1i, l\u1ed1i tho\u00e1t t\u1ea1p ch\u1ea5t l\u1edbn, l\u1ed1i tho\u00e1t \u0111\u1eadu, l\u1ed1i tho\u00e1t t\u1ea1p nh\u1eb9, thang n\u00e2ng (thang m\u00e1y), qu\u1ea1t, v\u00e0 ngu\u1ed3n \u0111i\u1ec7n.<\/p>    <figure class=\"wp-block-gallery has-nested-images columns-default is-cropped wp-block-gallery-2 is-layout-flex wp-block-gallery-is-layout-flex\"> <figure class=\"wp-block-image size-large\"><img loading=\"lazy\" decoding=\"async\" width=\"720\" height=\"540\" data-id=\"12643\" src=\"https:\/\/www.agriculture-machine.com\/wp-content\/uploads\/2022\/01\/1-1.jpg\" alt=\"C\u1ea5u tr\u00fac c\u1ee7a m\u00e1y h\u00e1i \u0111\u1eadu ph\u1ed9ng\" class=\"wp-image-12643\" srcset=\"https:\/\/www.agriculture-machine.com\/wp-content\/uploads\/2022\/01\/1-1.jpg 720w, https:\/\/www.agriculture-machine.com\/wp-content\/uploads\/2022\/01\/1-1-360x270.jpg 360w, https:\/\/www.agriculture-machine.com\/wp-content\/uploads\/2022\/01\/1-1-240x180.jpg 240w\" sizes=\"auto, (max-width: 720px) 100vw, 720px\" \/><figcaption class=\"wp-element-caption\"> m\u00e1y h\u00e1i \u0111\u1eadu ph\u1ed9ng<\/figcaption><\/figure>    <figure class=\"wp-block-image size-large\"><img loading=\"lazy\" decoding=\"async\" width=\"720\" height=\"540\" data-id=\"12642\" src=\"https:\/\/www.agriculture-machine.com\/wp-content\/uploads\/2022\/01\/2-1.jpg\" alt=\"C\u1ea5u tr\u00fac c\u1ee7a m\u00e1y h\u00e1i \u0111\u1eadu ph\u1ed9ng\" class=\"wp-image-12642\" title=\"C\u1ea5u tr\u00fac c\u1ee7a m\u00e1y h\u00e1i \u0111\u1eadu ph\u1ed9ng\" srcset=\"https:\/\/www.agriculture-machine.com\/wp-content\/uploads\/2022\/01\/2-1.jpg 720w, https:\/\/www.agriculture-machine.com\/wp-content\/uploads\/2022\/01\/2-1-360x270.jpg 360w, https:\/\/www.agriculture-machine.com\/wp-content\/uploads\/2022\/01\/2-1-240x180.jpg 240w\" sizes=\"auto, (max-width: 720px) 100vw, 720px\" \/><figcaption class=\"wp-element-caption\">groundnut picking machine&#8217;s structure<\/figcaption><\/figure> <figcaption class=\"blocks-gallery-caption wp-element-caption\">m\u00e1y h\u00e1i \u0111\u1eadu ph\u1ed9ng nh\u1ecf<\/figcaption><\/figure>    <h2 class=\"wp-block-heading\" id=\"what-is-the-working-flow-of-the-peanut-picker-work\">Quy tr\u00ecnh l\u00e0m vi\u1ec7c c\u1ee7a m\u00e1y h\u00e1i \u0111\u1eadu ph\u1ed9ng l\u00e0 g\u00ec<\/h2>    <ol class=\"wp-block-list\"> <li>Ch\u00fang ta c\u1ea7n s\u1ea5y \u0111\u1eadu ph\u1ed9ng trong hai ng\u00e0y tr\u01b0\u1edbc khi s\u1eed d\u1ee5ng m\u00e1y.<\/li>    <li>Khi s\u1eed d\u1ee5ng m\u00e1y h\u00e1i \u0111\u1eadu ph\u1ed9ng nh\u1ecf n\u00e0y, b\u1eaft \u0111\u1ea7u m\u00e1y tr\u01b0\u1edbc v\u00e0 \u0111\u01b0a \u0111\u1eadu c\u00f3 th\u00e2n v\u00e0o c\u1eeda n\u1ea1p c\u1ee7a m\u00e1y.<\/li>    <li>\u0110\u1eadu ph\u1ed9ng s\u1ebd \u0111i v\u00e0o h\u1ec7 th\u1ed1ng h\u00e1i tr\u00e1i. H\u1ec7 th\u1ed1ng h\u00e1i tr\u00e1i s\u1ebd t\u00e1ch \u0111\u1eadu kh\u1ecfi th\u00e2n v\u00e0 l\u00e1.<\/li>    <li>Sau \u0111\u00f3, qu\u1ea1t s\u1ebd th\u1ed5i th\u00e2n, l\u00e1 v\u00e0 c\u00e1c t\u1ea1p ch\u1ea5t l\u1edbn ra qua l\u1ed7 tho\u00e1t t\u1ea1p ch\u1ea5t l\u1edbn. \u0110\u1ed3ng th\u1eddi, tr\u00e1i v\u00e0 th\u00e2n n\u1eb7ng h\u01a1n (v\u1edbi s\u1ed1 l\u01b0\u1ee3ng nh\u1ecf) r\u01a1i xu\u1ed1ng m\u00e0n s\u00e0ng ph\u00e2n lo\u1ea1i.<\/li>    <li>Ti\u1ebfp theo, tr\u00e1i v\u00e0 m\u1ed9t l\u01b0\u1ee3ng nh\u1ecf th\u00e2n c\u00e2y, kh\u1ed1i \u0111\u1ea5t b\u00f9n s\u1ebd ch\u1ea3y ra kh\u1ecfi l\u1ed7 tho\u00e1t c\u1ee7a m\u00e0n s\u00e0ng ph\u00e2n lo\u1ea1i. Th\u00e2n c\u00e2y v\u00e0 \u0111\u1ea5t r\u01a1i xu\u1ed1ng \u0111\u1ea5t qua l\u01b0\u1edbi \u0111\u00e1y.<\/li>    <li>Cu\u1ed1i c\u00f9ng, tr\u00e1i \u0111\u1eadu ph\u1ed9ng s\u1ebd r\u01a1i v\u00e0o thang n\u00e2ng. Thang n\u00e2ng s\u1ebd chuy\u1ec3n \u0111\u1eadu v\u00e0o t\u00fai treo t\u1eeb thang n\u00e2ng.<\/li> <\/ol>    <h2 class=\"wp-block-heading\" id=\"parameter-of-the-small-dry-peanut-picking-machine\">Th\u00f4ng s\u1ed1 k\u1ef9 thu\u1eadt c\u1ee7a m\u00e1y h\u00e1i \u0111\u1eadu kh\u00f4 nh\u1ecf<\/h2>    <figure class=\"wp-block-table is-style-stripes\"><table><tbody><tr><td>M\u1eabu<\/td><td>5HZ-600<\/td><\/tr><tr><td>K\u00edch th\u01b0\u1edbc<\/td><td>1960*1500*1370mm<\/td><\/tr><tr><td>Tr\u1ecdng l\u01b0\u1ee3ng<\/td><td>150Kg<\/td><\/tr><tr><td>C\u00f4ng su\u1ea5t<\/td><td>\u0110\u1ed9ng c\u01a1 7.5kw, \u0111\u1ed9ng c\u01a1 diesel 10HP<\/td><\/tr><tr><td>Dung t\u00edch<\/td><td>800-1000kg\/h<\/td><\/tr><tr><td>T\u1ef7 l\u1ec7 h\u00e1i<\/td><td>\uff1e99%<\/td><\/tr><tr><td>T\u1ef7 l\u1ec7 v\u1ee1<\/td><td>&lt;1%<\/td><\/tr><tr><td>T\u1ef7 l\u1ec7 t\u1ea1p ch\u1ea5t<\/td><td>&lt;1%<\/td><\/tr><\/tbody><\/table><figcaption class=\"wp-element-caption\">Th\u00f4ng s\u1ed1 k\u1ef9 thu\u1eadt c\u1ee7a m\u00e1y h\u00e1i \u0111\u1eadu kh\u00f4 nh\u1ecf<\/figcaption><\/figure>    <h2 class=\"wp-block-heading\" id=\"advantages-of-high-output-groundnut-picking-machine\">\u01afu \u0111i\u1ec3m c\u1ee7a m\u00e1y h\u00e1i \u0111\u1eadu n\u0103ng su\u1ea5t cao<\/h2>    <ol class=\"wp-block-list\"> <li>To\u00e0n b\u1ed9 m\u00e1y h\u00e1i \u0111\u1eadu c\u00f3 c\u1ea5u tr\u00fac h\u1ee3p l\u00fd v\u00e0 d\u1ec5 di chuy\u1ec3n.<\/li>    <li>M\u00e1y h\u00e1i \u0111\u1eadu n\u00e0y c\u00f3 t\u1ef7 l\u1ec7 lo\u1ea1i b\u1ecf th\u00e2n cao. T\u1ea5t c\u1ea3 \u0111\u1eadu sau khi x\u1eed l\u00fd \u0111\u1ec1u kh\u00f4ng c\u00f2n th\u00e2n ho\u1eb7c l\u00e1.<\/li>    <li>Ngo\u00e0i ra, t\u1ef7 l\u1ec7 h\u1ecfng c\u1ee7a m\u00e1y h\u00e1i \u0111\u1eadu ph\u1ed9ng nh\u1ecf c\u1ee7a ch\u00fang t\u00f4i l\u00e0 d\u01b0\u1edbi 1%.<\/li>    <li>Hi\u1ec7u su\u1ea5t cao, m\u00e1y h\u00e1i \u0111\u1eadu \u0111a ch\u1ee9c n\u0103ng nh\u1ecf c\u1ee7a ch\u00fang t\u00f4i c\u00f3 th\u1ec3 \u0111\u1ea1t c\u00f4ng su\u1ea5t 800-100kg m\u1ed7i gi\u1edd. S\u1ea3n l\u01b0\u1ee3ng n\u00e0y c\u00f3 th\u1ec3 \u0111\u00e1p \u1ee9ng nhu c\u1ea7u c\u1ee7a h\u1ea7u h\u1ebft n\u00f4ng d\u00e2n.<\/li> <\/ol>    <h2 class=\"wp-block-heading\" id=\"how-to-maintain-the-peanut-picking-machine\">C\u00e1ch b\u1ea3o tr\u00ec m\u00e1y h\u00e1i \u0111\u1eadu<\/h2>    <ol class=\"wp-block-list\"> <li>Tr\u01b0\u1edbc khi m\u00e1y h\u00e1i \u0111\u1eadu kh\u00f4 nh\u1ecf ho\u1ea1t \u0111\u1ed9ng, t\u1ea5t c\u1ea3 c\u00e1c b\u1ed9 ph\u1eadn c\u1ee7a m\u00e1y c\u1ea7n \u0111\u01b0\u1ee3c ki\u1ec3m tra \u0111\u1ec3 \u0111\u1ea3m b\u1ea3o ch\u00fang ho\u1ea1t \u0111\u1ed9ng \u0111\u00fang c\u00e1ch.<\/li>    <li>Ch\u1eafc ch\u1eafn l\u00e0m t\u1ed1t c\u00f4ng t\u00e1c ch\u1ed1ng th\u1ea5m n\u01b0\u1edbc khi kh\u00f4ng s\u1eed d\u1ee5ng \u0111\u1ec3 tr\u00e1nh \u0103n m\u00f2n v\u00e0 h\u01b0 h\u1ecfng c\u00e1c b\u1ed9 ph\u1eadn do r\u1ec9 s\u00e9t.<\/li>    <li>\u0110\u1ed1i v\u1edbi c\u00e1c b\u1ed9 ph\u1eadn d\u1ec5 m\u00e0i m\u00f2n c\u1ee7a m\u00e1y h\u00e1i \u0111\u1eadu ph\u1ed9ng, ch\u00fang ta n\u00ean th\u01b0\u1eddng xuy\u00ean b\u00f4i d\u1ea7u b\u00f4i tr\u01a1n \u0111\u1ec3 b\u1ea3o v\u1ec7 vi\u1ec7c s\u1eed d\u1ee5ng b\u00ecnh th\u01b0\u1eddng c\u1ee7a c\u00e1c b\u1ed9 ph\u1eadn. \u0110\u1eb7c bi\u1ec7t, m\u1ed9t s\u1ed1 b\u1ed9 ph\u1eadn kim lo\u1ea1i l\u1ed9 ra c\u1ea7n \u0111\u01b0\u1ee3c s\u01a1n \u0111\u1ec3 tr\u00e1nh r\u1ec9 s\u00e9t.<\/li> <\/ol>    <p>\u0110\u1ec3 c\u00f3 th\u00eam th\u00f4ng tin chi ti\u1ebft v\u1ec1 m\u00e1y h\u00e1i \u0111\u1eadu ph\u1ed9ng nh\u1ecf c\u1ee7a ch\u00fang t\u00f4i, ho\u1eb7c \u0111\u1ec3 tr\u1ea3i nghi\u1ec7m v\u00e0 hi\u1ec3u quy tr\u00ecnh s\u1ea3n xu\u1ea5t c\u1ee7a ch\u00fang t\u00f4i, vui l\u00f2ng li\u00ean h\u1ec7 v\u1edbi \u0111\u1ed9i ng\u0169 chuy\u00ean nghi\u1ec7p c\u1ee7a ch\u00fang t\u00f4i. Ch\u00fang t\u00f4i r\u1ea5t mong \u0111\u1ee3i s\u1ef1 gh\u00e9 th\u0103m c\u1ee7a b\u1ea1n v\u00e0 hoan ngh\u00eanh b\u1ea1n \u0111\u1ebfn nh\u00e0 m\u00e1y c\u1ee7a ch\u00fang t\u00f4i \u0111\u1ec3 th\u1ea3o lu\u1eadn v\u1ec1 c\u00e1ch ch\u00fang t\u00f4i c\u00f3 th\u1ec3 ph\u1ee5c v\u1ee5 t\u1ed1t h\u01a1n nhu c\u1ea7u n\u00f4ng nghi\u1ec7p c\u1ee7a b\u1ea1n. \u0110\u1ed9i ng\u0169 c\u1ee7a ch\u00fang t\u00f4i s\u1ebd s\u1eb5n s\u00e0ng h\u1ed7 tr\u1ee3 v\u00e0 cung c\u1ea5p d\u1ecbch v\u1ee5 cho b\u1ea1n.<\/p>","protected":false},"excerpt":{"rendered":"<p>M\u00e1y h\u00e1i \u0111\u1eadu ph\u1ed9ng nh\u1ecf l\u00e0 thi\u1ebft b\u1ecb c\u00f3 th\u1ec3 t\u1ef1 \u0111\u1ed9ng h\u00e1i tr\u00e1i, gi\u00fap ng\u01b0\u1eddi v\u1eadn h\u00e0nh s\u1ea3n xu\u1ea5t nhanh ch\u00f3ng v\u00e0 thu ho\u1ea1ch \u0111\u1ea7y \u0111\u1ee7 tr\u00e1i \u0111\u1eadu.<\/p>","protected":false},"author":1,"featured_media":12640,"parent":0,"comment_status":"closed","ping_status":"closed","template":"","tags":[2538,2532,2534,2527,2536,509,2525,2529,2540],"product-type":[890],"class_list":["post-12636","product","type-product","status-publish","has-post-thumbnail","hentry","tag-dry-peanut-picker","tag-groundnut-picking-machine","tag-high-efficiency-peanut-picking-machine","tag-mini-peanut-picker","tag-multifunctional-peanut-picking-machine","tag-peanut-picker","tag-peanut-picker-machine","tag-small-peanut-picker","tag-wholesale-peanut-picker-machine","product-type-peanut-picker"],"_links":{"self":[{"href":"https:\/\/www.agriculture-machine.com\/vi\/wp-json\/wp\/v2\/product\/12636","targetHints":{"allow":["GET"]}}],"collection":[{"href":"https:\/\/www.agriculture-machine.com\/vi\/wp-json\/wp\/v2\/product"}],"about":[{"href":"https:\/\/www.agriculture-machine.com\/vi\/wp-json\/wp\/v2\/types\/product"}],"author":[{"embeddable":true,"href":"https:\/\/www.agriculture-machine.com\/vi\/wp-json\/wp\/v2\/users\/1"}],"replies":[{"embeddable":true,"href":"https:\/\/www.agriculture-machine.com\/vi\/wp-json\/wp\/v2\/comments?post=12636"}],"wp:featuredmedia":[{"embeddable":true,"href":"https:\/\/www.agriculture-machine.com\/vi\/wp-json\/wp\/v2\/media\/12640"}],"wp:attachment":[{"href":"https:\/\/www.agriculture-machine.com\/vi\/wp-json\/wp\/v2\/media?parent=12636"}],"wp:term":[{"taxonomy":"post_tag","embeddable":true,"href":"https:\/\/www.agriculture-machine.com\/vi\/wp-json\/wp\/v2\/tags?post=12636"},{"taxonomy":"product-type","embeddable":true,"href":"https:\/\/www.agriculture-machine.com\/vi\/wp-json\/wp\/v2\/product-type?post=12636"}],"curies":[{"name":"wp","href":"https:\/\/api.w.org\/{rel}","templated":true}]}}