{"id":1307,"date":"2018-10-24T07:41:20","date_gmt":"2018-10-23T23:41:20","guid":{"rendered":"https:\/\/www.agriculture-machine.com\/?p=1307"},"modified":"2025-10-23T17:59:56","modified_gmt":"2025-10-23T09:59:56","slug":"hammer-mill-machine","status":"publish","type":"product","link":"https:\/\/www.agriculture-machine.com\/vi\/hammer-mill-machine\/","title":{"rendered":"M\u00e1y nghi\u1ec1n b\u00faa | M\u00e1y xay ng\u00f4 | M\u00e1y nghi\u1ec1n"},"content":{"rendered":"<p>M\u00e1y nghi\u1ec1n b\u00faa 9FQ l\u00e0 m\u1ed9t m\u00e1y nghi\u1ec1n \u0111a n\u0103ng ch\u1ee7 y\u1ebfu thi\u1ebft k\u1ebf \u0111\u1ec3 x\u1eed l\u00fd ng\u0169 c\u1ed1c, \u0111\u1eadu, ng\u00f4, l\u00faa m\u00ec, c\u0169ng nh\u01b0 ph\u1ee5 ph\u1ea9m n\u00f4ng nghi\u1ec7p nh\u01b0 r\u01a1m v\u00e0 c\u1ecf kh\u00f4. S\u1eed d\u1ee5ng l\u01b0\u1ee1i dao quay t\u1ed1c \u0111\u1ed9 cao v\u00e0 c\u00e1c th\u00e0nh ph\u1ea7n c\u1ee7a m\u00e1y nghi\u1ec1n b\u00faa, n\u00f3 nhanh ch\u00f3ng nghi\u1ec1n nguy\u00ean li\u1ec7u th\u00e0nh c\u00e1c h\u1ea1t ho\u1eb7c b\u1ed9t \u0111\u1ed3ng \u0111\u1ec1u. <\/p>    <p>M\u00e1y nghi\u1ec1n c\u00f3 th\u1ec3 trang b\u1ecb c\u00e1c k\u00edch c\u1ee1 m\u00e0n h\u00ecnh kh\u00e1c nhau \u0111\u1ec3 \u0111\u00e1p \u1ee9ng c\u00e1c y\u00eau c\u1ea7u v\u1ec1 k\u00edch th\u01b0\u1edbc h\u1ea1t \u0111a d\u1ea1ng c\u1ee7a c\u00e1c lo\u1ea1i nguy\u00ean li\u1ec7u, \u0111\u00e1p \u1ee9ng nhu c\u1ea7u c\u1ee7a kh\u00e1ch h\u00e0ng.<\/p>    <p>V\u1edbi k\u1ebft c\u1ea5u ch\u1eafc ch\u1eafn v\u00e0 b\u1ec1n b\u1ec9, v\u1eadn h\u00e0nh \u0111\u01a1n gi\u1ea3n v\u00e0 an to\u00e0n, thi\u1ebft b\u1ecb n\u00e0y \u0111\u01b0\u1ee3c \u1ee9ng d\u1ee5ng r\u1ed9ng r\u00e3i trong n\u00f4ng nghi\u1ec7p, ch\u0103n nu\u00f4i, ch\u1ebf bi\u1ebfn th\u1ee9c \u0103n ch\u0103n nu\u00f4i v\u00e0 ng\u00e0nh c\u00f4ng nghi\u1ec7p ch\u1ebf bi\u1ebfn l\u01b0\u01a1ng th\u1ef1c. N\u00f3 l\u00e0 s\u1ef1 l\u1ef1a ch\u1ecdn l\u00fd t\u01b0\u1edfng \u0111\u1ec3 n\u00e2ng cao hi\u1ec7u qu\u1ea3 s\u1ea3n xu\u1ea5t v\u00e0 ch\u1ea5t l\u01b0\u1ee3ng nghi\u1ec1n.<\/p>    <figure class=\"wp-block-embed aligncenter is-type-video is-provider-youtube wp-block-embed-youtube wp-embed-aspect-16-9 wp-has-aspect-ratio\"><div class=\"wp-block-embed__wrapper\"> <iframe loading=\"lazy\" title=\"M\u00e1y tuy\u1ec7t v\u1eddi! Nh\u00e0 m\u00e1y c\u1eaft c\u1ecf \/ m\u00e1y nghi\u1ec1n b\u00faa \/ m\u00e1y nghi\u1ec1n ng\u00f4 \/ m\u00e1y nghi\u1ec1n ng\u00f4\" width=\"500\" height=\"281\" src=\"https:\/\/www.youtube.com\/embed\/6ij2mPeRQ9I?feature=oembed\" frameborder=\"0\" allow=\"accelerometer; autoplay; clipboard-write; encrypted-media; gyroscope; picture-in-picture; web-share\" referrerpolicy=\"strict-origin-when-cross-origin\" allowfullscreen><\/iframe> <\/div><figcaption class=\"wp-element-caption\">Video ho\u1ea1t \u0111\u1ed9ng c\u1ee7a m\u00e1y nghi\u1ec1n b\u00faa ng\u0169 c\u1ed1c<\/figcaption><\/figure>    <h2 class=\"wp-block-heading\">\u1ee8ng d\u1ee5ng c\u1ee7a m\u00e1y nghi\u1ec1n b\u00faa ng\u0169 c\u1ed1c<\/h2>    <p>M\u00e1y nghi\u1ec1n ng\u0169 c\u1ed1c 9FQ ph\u00f9 h\u1ee3p \u0111\u1ec3 x\u1eed l\u00fd nhi\u1ec1u lo\u1ea1i nguy\u00ean li\u1ec7u, bao g\u1ed3m:<\/p>    <ul class=\"wp-block-list\"> <li>Ng\u0169 c\u1ed1c: ng\u00f4, l\u00faa m\u00ec, \u0111\u1eadu, l\u1ea1c, v.v.<\/li>    <li>Th\u1ee9c \u0103n: r\u01a1m, c\u1ecf kh\u00f4, c\u1ecf linh l\u0103ng, th\u00e2n ng\u00f4, v.v.<\/li>    <li>X\u1eed l\u00fd th\u1ee9c \u0103n: nghi\u1ec1n th\u1ee9c \u0103n cho l\u1ee3n, b\u00f2, c\u1eebu v\u00e0 c\u00e1c lo\u1ea1i \u0111\u1ed9ng v\u1eadt kh\u00e1c.<\/li> <\/ul>    <p>M\u00e1y nghi\u1ec1n b\u00faa n\u00e0y nhanh ch\u00f3ng nghi\u1ec1n c\u00e1c h\u1ea1t th\u00f4 th\u00e0nh b\u1ed9t m\u1ecbn \u0111\u1ed3ng \u0111\u1ec1u, n\u00e2ng cao kh\u1ea3 n\u0103ng ti\u00eau h\u00f3a th\u1ee9c \u0103n v\u00e0 s\u1eed d\u1ee5ng nguy\u00ean li\u1ec7u.<\/p>    <figure class=\"wp-block-image aligncenter size-full\"><img loading=\"lazy\" decoding=\"async\" width=\"720\" height=\"540\" src=\"https:\/\/www.agriculture-machine.com\/wp-content\/uploads\/2018\/10\/corn-hammer-mill.webp\" alt=\"m\u00e1y nghi\u1ec1n ng\u00f4\" class=\"wp-image-17243\" srcset=\"https:\/\/www.agriculture-machine.com\/wp-content\/uploads\/2018\/10\/corn-hammer-mill.webp 720w, https:\/\/www.agriculture-machine.com\/wp-content\/uploads\/2018\/10\/corn-hammer-mill-360x270.webp 360w, https:\/\/www.agriculture-machine.com\/wp-content\/uploads\/2018\/10\/corn-hammer-mill-240x180.webp 240w, https:\/\/www.agriculture-machine.com\/wp-content\/uploads\/2018\/10\/corn-hammer-mill-16x12.webp 16w\" sizes=\"auto, (max-width: 720px) 100vw, 720px\" \/><figcaption class=\"wp-element-caption\">m\u00e1y nghi\u1ec1n ng\u00f4<\/figcaption><\/figure>    <figure class=\"wp-block-image aligncenter size-full\"><img loading=\"lazy\" decoding=\"async\" width=\"720\" height=\"540\" src=\"https:\/\/www.agriculture-machine.com\/wp-content\/uploads\/2018\/10\/grain-crusher.webp\" alt=\"m\u00e1y nghi\u1ec1n h\u1ea1t\" class=\"wp-image-17245\" srcset=\"https:\/\/www.agriculture-machine.com\/wp-content\/uploads\/2018\/10\/grain-crusher.webp 720w, https:\/\/www.agriculture-machine.com\/wp-content\/uploads\/2018\/10\/grain-crusher-360x270.webp 360w, https:\/\/www.agriculture-machine.com\/wp-content\/uploads\/2018\/10\/grain-crusher-240x180.webp 240w, https:\/\/www.agriculture-machine.com\/wp-content\/uploads\/2018\/10\/grain-crusher-16x12.webp 16w\" sizes=\"auto, (max-width: 720px) 100vw, 720px\" \/><figcaption class=\"wp-element-caption\">m\u00e1y nghi\u1ec1n h\u1ea1t<\/figcaption><\/figure>    <h2 class=\"wp-block-heading\">\u01afu \u0111i\u1ec3m c\u1ee7a m\u00e1y nghi\u1ec1n ng\u00f4<\/h2>    <ul class=\"wp-block-list\"> <li>\u1ee8ng d\u1ee5ng r\u1ed9ng r\u00e3i: c\u00f3 kh\u1ea3 n\u0103ng nghi\u1ec1n ng\u0169 c\u1ed1c, \u0111\u1eadu, r\u01a1m, c\u1ecf kh\u00f4 v\u00e0 c\u00e1c lo\u1ea1i c\u00e2y tr\u1ed3ng kh\u00e1c.<\/li>    <li>Nghi\u1ec1n hi\u1ec7u qu\u1ea3 cao: 24 l\u01b0\u1ee1i b\u00faa ch\u1ecbu l\u1ef1c cao quay v\u1edbi t\u1ed1c \u0111\u1ed9 cao \u0111\u1ec3 \u0111\u1ea3m b\u1ea3o nghi\u1ec1n k\u1ef9 nguy\u00ean li\u1ec7u.<\/li>    <li>L\u01b0\u1edbi m\u00e0n h\u00ecnh c\u00f3 th\u1ec3 \u0111i\u1ec1u ch\u1ec9nh: l\u01b0\u1edbi thay th\u1ebf linh ho\u1ea1t ph\u00f9 h\u1ee3p v\u1edbi c\u00e1c lo\u1ea1i nguy\u00ean li\u1ec7u v\u00e0 y\u00eau c\u1ea7u k\u00edch th\u01b0\u1edbc h\u1ea1t kh\u00e1c nhau, cung c\u1ea5p k\u1ebft qu\u1ea3 nghi\u1ec1n linh ho\u1ea1t v\u00e0 ki\u1ec3m so\u00e1t.<\/li>    <li>Thi\u1ebft k\u1ebf ch\u1ed1ng b\u1ee5i: c\u1eeda x\u1ea3 ki\u1ec3u cyclone ng\u0103n ch\u1eb7n hi\u1ec7u qu\u1ea3 s\u1ef1 ph\u00e2n t\u00e1n c\u1ee7a b\u1ee5i m\u1ecbn.<\/li>    <li>K\u1ebft c\u1ea5u ch\u1eafc ch\u1eafn, v\u1eadn h\u00e0nh \u0111\u01a1n gi\u1ea3n: thi\u1ebft b\u1ecb b\u1ec1n b\u1ec9 ho\u1ea1t \u0111\u1ed9ng tr\u01a1n tru v\u1edbi thao t\u00e1c v\u00e0 b\u1ea3o tr\u00ec d\u1ec5 d\u00e0ng.<\/li> <\/ul>    <figure class=\"wp-block-image aligncenter size-full\"><img loading=\"lazy\" decoding=\"async\" width=\"720\" height=\"540\" src=\"https:\/\/www.agriculture-machine.com\/wp-content\/uploads\/2018\/10\/hammer-mill-grinder.webp\" alt=\"M\u00e1y nghi\u1ec1n b\u00faa\" class=\"wp-image-17246\" srcset=\"https:\/\/www.agriculture-machine.com\/wp-content\/uploads\/2018\/10\/hammer-mill-grinder.webp 720w, https:\/\/www.agriculture-machine.com\/wp-content\/uploads\/2018\/10\/hammer-mill-grinder-360x270.webp 360w, https:\/\/www.agriculture-machine.com\/wp-content\/uploads\/2018\/10\/hammer-mill-grinder-240x180.webp 240w, https:\/\/www.agriculture-machine.com\/wp-content\/uploads\/2018\/10\/hammer-mill-grinder-16x12.webp 16w\" sizes=\"auto, (max-width: 720px) 100vw, 720px\" \/><figcaption class=\"wp-element-caption\">M\u00e1y nghi\u1ec1n b\u00faa<\/figcaption><\/figure>    <figure class=\"wp-block-image aligncenter size-full\"><img loading=\"lazy\" decoding=\"async\" width=\"720\" height=\"540\" src=\"https:\/\/www.agriculture-machine.com\/wp-content\/uploads\/2018\/10\/grain-milling-machine.webp\" alt=\"m\u00e1y nghi\u1ec1n h\u1ea1t\" class=\"wp-image-17247\" srcset=\"https:\/\/www.agriculture-machine.com\/wp-content\/uploads\/2018\/10\/grain-milling-machine.webp 720w, https:\/\/www.agriculture-machine.com\/wp-content\/uploads\/2018\/10\/grain-milling-machine-360x270.webp 360w, https:\/\/www.agriculture-machine.com\/wp-content\/uploads\/2018\/10\/grain-milling-machine-240x180.webp 240w, https:\/\/www.agriculture-machine.com\/wp-content\/uploads\/2018\/10\/grain-milling-machine-16x12.webp 16w\" sizes=\"auto, (max-width: 720px) 100vw, 720px\" \/><figcaption class=\"wp-element-caption\">m\u00e1y nghi\u1ec1n h\u1ea1t<\/figcaption><\/figure>    <h2 class=\"wp-block-heading\">C\u00e1ch s\u1eed d\u1ee5ng <a href=\"https:\/\/www.agriculture-machine.com\/vi\/corn-grinder-machine\/\">m\u00e1y nghi\u1ec1n ng\u00f4<\/a>?<\/h2>    <p>M\u00e1y nghi\u1ec1n ng\u0169 c\u1ed1c 9FQ s\u1eed d\u1ee5ng c\u00e1c b\u00faa v\u00e0 l\u01b0\u1ee1i dao quay t\u1ed1c \u0111\u1ed9 cao \u0111\u1ec3 c\u1eaft v\u00e0 t\u00e1c \u0111\u1ed9ng nguy\u00ean li\u1ec7u, gi\u1ea3m ch\u00fang xu\u1ed1ng k\u00edch th\u01b0\u1edbc h\u1ea1t mong mu\u1ed1n.<\/p>    <p>Nguy\u00ean li\u1ec7u v\u00e0o bu\u1ed3ng nghi\u1ec1n qua c\u1eeda c\u1ea5p li\u1ec7u, tr\u1ea3i qua t\u00e1c \u0111\u1ed9ng c\u1ee7a b\u00faa li\u00ean t\u1ee5c v\u00e0 l\u1ecdc qua m\u00e0n, sau \u0111\u00f3 \u0111\u01b0\u1ee3c x\u1ea3 ra \u0111\u1ec1u qua c\u1eeda ra.<\/p>    <p>Thi\u1ebft k\u1ebf c\u1eeda x\u1ea3 ki\u1ec3u cyclone gi\u00fap gi\u1ea3m thi\u1ec3u t\u1ed1i \u0111a b\u1ee5i ph\u00e1t t\u00e1n \u0111\u1ed3ng th\u1eddi \u0111\u1ea3m b\u1ea3o ph\u00e2n b\u1ed1 k\u00edch th\u01b0\u1edbc h\u1ea1t \u0111\u1ed3ng \u0111\u1ec1u.<\/p>    <figure class=\"wp-block-embed aligncenter is-type-video is-provider-youtube wp-block-embed-youtube wp-embed-aspect-16-9 wp-has-aspect-ratio\"><div class=\"wp-block-embed__wrapper\"> <iframe loading=\"lazy\" title=\"M\u00e1y nghi\u1ec1n 9FQ b\u1eb1ng th\u00e9p kh\u00f4ng g\u1ec9 | Hi\u1ec7u qu\u1ea3 cao &amp; B\u1ec1n b\u1ec9#m\u00e1y nghi\u1ec1n#m\u00e1y nghi\u1ec1n#nghi\u1ec1n\" width=\"500\" height=\"281\" src=\"https:\/\/www.youtube.com\/embed\/g9e2AxqWE68?feature=oembed\" frameborder=\"0\" allow=\"accelerometer; autoplay; clipboard-write; encrypted-media; gyroscope; picture-in-picture; web-share\" referrerpolicy=\"strict-origin-when-cross-origin\" allowfullscreen><\/iframe> <\/div><figcaption class=\"wp-element-caption\">Video ho\u1ea1t \u0111\u1ed9ng c\u1ee7a m\u00e1y nghi\u1ec1n ng\u0169 c\u1ed1c b\u1eb1ng th\u00e9p kh\u00f4ng g\u1ec9<\/figcaption><\/figure>    <h2 class=\"wp-block-heading\"><a href=\"https:\/\/www.agriculture-machine.com\/vi\/maintenance-and-troubleshooting-of-hammer-mill-machine\/\">S\u1eeda ch\u1eefa v\u00e0 b\u1ea3o tr\u00ec m\u00e1y nghi\u1ec1n b\u00faa<\/a><\/h2>    <ul class=\"wp-block-list\"> <li>Ki\u1ec3m tra \u0111\u1ecbnh k\u1ef3: ki\u1ec3m tra t\u00ecnh tr\u1ea1ng m\u00f2n c\u1ee7a c\u00e1c t\u1ea5m b\u00faa, l\u01b0\u1ee1i dao v\u00e0 m\u00e0n \u0111\u1ec3 \u0111\u1ea3m b\u1ea3o qu\u00e1 tr\u00ecnh nghi\u1ec1n hi\u1ec7u qu\u1ea3.<\/li>    <li>B\u1ea3o tr\u00ec b\u00f4i tr\u01a1n: b\u00f4i d\u1ea7u b\u00f4i tr\u01a1n v\u00e0o c\u00e1c b\u1ed9 ph\u1eadn d\u1ec5 m\u00f2n \u0111\u1ec3 ng\u0103n r\u1ec9 s\u00e9t v\u00e0 m\u00e0i m\u00f2n thi\u1ebft b\u1ecb.<\/li>    <li>\u0110i\u1ec1u ch\u1ec9nh d\u00e2y \u0111ai: sau th\u1eddi gian s\u1eed d\u1ee5ng l\u00e2u d\u00e0i, n\u1ebfu d\u00e2y \u0111ai b\u1ecb l\u1ecfng, \u0111i\u1ec1u ch\u1ec9nh kho\u1ea3ng c\u00e1ch gi\u1eefa d\u00e2y \u0111ai v\u00e0 \u0111\u1ed9ng c\u01a1 truy\u1ec1n \u0111\u1ed9ng theo nhu c\u1ea7u.<\/li>    <li>D\u1ecdn d\u1eb9p d\u01b0 l\u01b0\u1ee3ng: sau m\u1ed7i ca l\u00e0m vi\u1ec7c, l\u00e0m s\u1ea1ch bu\u1ed3ng nghi\u1ec1n v\u00e0 lo\u1ea1i b\u1ecf b\u1ee5i b\u00ean ngo\u00e0i, sau \u0111\u00f3 b\u00f4i d\u1ea7u ch\u1ed1ng r\u1ec9 s\u00e9t.<\/li>    <li>An to\u00e0n v\u1eadn h\u00e0nh: tr\u01b0\u1edbc khi v\u1eadn h\u00e0nh, ki\u1ec3m tra t\u1ea5t c\u1ea3 c\u00e1c v\u00edt c\u1ee7a thi\u1ebft b\u1ecb \u0111\u1ec3 \u0111\u1ea3m b\u1ea3o ch\u1eafc ch\u1eafn. Tr\u00e1nh \u0111\u1eb7t tay v\u00e0o c\u1eeda c\u1ea5p li\u1ec7u trong qu\u00e1 tr\u00ecnh nghi\u1ec1n \u0111\u1ec3 tr\u00e1nh b\u1ecb th\u01b0\u01a1ng.<\/li> <\/ul>    <figure class=\"wp-block-image aligncenter\"><img decoding=\"async\" src=\"https:\/\/www.agriculture-machine.com\/wp-content\/uploads\/2018\/10\/hammer-mill-machine-1.jpg\" alt=\"m\u00e1y nghi\u1ec1n-mill-m\u00e1y-2\"\/><\/figure>    <figure class=\"wp-block-image aligncenter\"><img decoding=\"async\" src=\"https:\/\/www.agriculture-machine.com\/wp-content\/uploads\/2018\/10\/hammer-mill-machine-2.jpg\" alt=\"m\u00e1y nghi\u1ec1n-mill-m\u00e1y-1\"\/><\/figure>    <h2 class=\"wp-block-heading\">Th\u00f4ng s\u1ed1 k\u1ef9 thu\u1eadt m\u00e1y nghi\u1ec1n b\u00faa<\/h2>    <figure class=\"wp-block-table is-style-stripes\"><table class=\"has-fixed-layout\"><tbody><tr><td><strong><strong>M\u1eabu<\/strong><\/strong><\/td><td><strong>M\u00e1y nghi\u1ec1n b\u00faa 9FQ-500<\/strong><\/td><\/tr><tr><td>C\u00f4ng su\u1ea5t<\/td><td>\u0110\u1ed9ng c\u01a1 diesel 15 HP<\/td><\/tr><tr><td>Dung t\u00edch<\/td><td>600kg\/h<\/td><\/tr><tr><td>B\u00faa<\/td><td>24 chi\u1ebfc<\/td><\/tr><tr><td>Tr\u1ecdng l\u01b0\u1ee3ng<\/td><td>150 kg<\/td><\/tr><tr><td>K\u00edch th\u01b0\u1edbc<\/td><td>2000*850*2200mm<\/td><\/tr><\/tbody><\/table><figcaption class=\"wp-element-caption\">Th\u00f4ng s\u1ed1 k\u1ef9 thu\u1eadt c\u1ee7a m\u00e1y nghi\u1ec1n b\u00faa ng\u0169 c\u1ed1c<\/figcaption><\/figure>    <h2 class=\"wp-block-heading\">Tr\u01b0\u1eddng h\u1ee3p th\u00e0nh c\u00f4ng c\u1ee7a m\u00e1y nghi\u1ec1n<\/h2>    <p>V\u00e0o th\u00e1ng 5, kh\u00e1ch h\u00e0ng c\u1ee7a ch\u00fang t\u00f4i t\u1eeb Nigeria \u0111\u00e3 \u0111\u1eb7t 20GP v\u00e0 40GP m\u00e1y m\u00f3c n\u00f4ng nghi\u1ec7p, trong \u0111\u00f3 c\u00f3 10 b\u1ed9 m\u00e1y nghi\u1ec1n ng\u00f4. Ch\u00fang t\u00f4i \u0111\u00e3 m\u1ea5t m\u1ed9t th\u00e1ng \u0111\u1ec3 s\u1ea3n xu\u1ea5t t\u1ea5t c\u1ea3 c\u00e1c m\u00e1y nghi\u1ec1n b\u00faa, v\u00e0 h\u1ecd \u0111\u00e3 nh\u1eadn \u0111\u01b0\u1ee3c m\u00e1y, \u0111ang b\u00e1n tr\u00ean th\u1ecb tr\u01b0\u1eddng. <\/p>    <p>T\u1ea1i sao mua nhi\u1ec1u m\u00e1y nh\u01b0 v\u1eady d\u00f9 ch\u1ec9 l\u00e0 l\u1ea7n h\u1ee3p t\u00e1c \u0111\u1ea7u ti\u00ean gi\u1eefa ch\u00fang ta? Th\u1ee9 nh\u1ea5t, k\u1ef9 n\u0103ng chuy\u00ean nghi\u1ec7p v\u00e0 d\u1ecbch v\u1ee5 ch\u00e2n th\u00e0nh c\u1ee7a ch\u00fang t\u00f4i \u0111\u00e3 chi\u1ebfm \u0111\u01b0\u1ee3c l\u00f2ng tin c\u1ee7a kh\u00e1ch h\u00e0ng. Th\u1ee9 hai, Nigeria l\u00e0 m\u1ed9t qu\u1ed1c gia c\u00f3 n\u1ec1n n\u00f4ng nghi\u1ec7p, v\u00ec v\u1eady c\u00e1c m\u00e1y mua v\u1ec1 c\u00f3 th\u1ec3 gi\u00fap h\u1ecd thu l\u1ee3i nhu\u1eadn cao.<\/p>    <figure class=\"wp-block-image aligncenter\"><img decoding=\"async\" src=\"https:\/\/www.agriculture-machine.com\/wp-content\/uploads\/2018\/10\/hammer-mill-machine-3.jpg\" alt=\"m\u00e1y nghi\u1ec1n-mill-m\u00e1y-3\"\/><\/figure>    <figure class=\"wp-block-image aligncenter\"><img decoding=\"async\" src=\"https:\/\/www.agriculture-machine.com\/wp-content\/uploads\/2018\/10\/hammer-mill-machine-4.jpg\" alt=\"m\u00e1y nghi\u1ec1n-mill-m\u00e1y-4\"\/><\/figure>    <h2 class=\"wp-block-heading\">C\u00e2u h\u1ecfi th\u01b0\u1eddng g\u1eb7p<\/h2>   <div id=\"rank-math-faq\" class=\"rank-math-block\"> <div class=\"rank-math-list\"> <div id=\"faq-question-1706257572353\" class=\"rank-math-list-item\"> <h3 class=\"rank-math-question\">What&#8217;s the raw material?<\/h3> <div class=\"rank-math-answer\">  <p>Nguy\u00ean li\u1ec7u c\u00f3 th\u1ec3 l\u00e0 c\u00e1c lo\u1ea1i c\u00e2y tr\u1ed3ng nh\u01b0 l\u00faa m\u00ec, ng\u00f4, millet, \u0111\u1eadu, r\u01a1m c\u1ecf, v\u00e0 c\u00e1c lo\u1ea1i c\u1ecf kh\u00e1c.<\/p>  <\/div> <\/div> <div id=\"faq-question-1706257580636\" class=\"rank-math-list-item\"> <h3 class=\"rank-math-question\">T\u1ea1i sao m\u1ed9t m\u00e1y c\u00f3 th\u1ec3 nghi\u1ec1n nhi\u1ec1u lo\u1ea1i c\u00e2y tr\u1ed3ng?<\/h3> <div class=\"rank-math-answer\">  <p>V\u00ec m\u00e0n h\u00ecnh b\u00ean trong c\u00f3 th\u1ec3 thay \u0111\u1ed5i d\u1ef1a tr\u00ean k\u00edch th\u01b0\u1edbc nguy\u00ean li\u1ec7u.<\/p>  <\/div> <\/div> <div id=\"faq-question-1706257587706\" class=\"rank-math-list-item\"> <h3 class=\"rank-math-question\">T\u00f4i c\u00f3 th\u1ec3 ch\u1ecdn \u0111\u1ed9ng c\u01a1 cho m\u00e1y nghi\u1ec1n ng\u00f4 kh\u00f4ng?<\/h3> <div class=\"rank-math-answer\">  <p>C\u00f3 th\u1ec3 l\u00e0 \u0111\u1ed9ng c\u01a1, \u0111\u1ed9ng c\u01a1 x\u0103ng ho\u1eb7c \u0111\u1ed9ng c\u01a1 diesel.<\/p>  <\/div> <\/div> <\/div> <\/div>   <p>Vui l\u00f2ng li\u00ean h\u1ec7 v\u1edbi ch\u00fang t\u00f4i \u0111\u1ec3 bi\u1ebft th\u00eam chi ti\u1ebft, v\u00e0 b\u1ea1n \u0111\u01b0\u1ee3c ch\u00e0o \u0111\u00f3n \u0111\u1ebfn th\u0103m nh\u00e0 m\u00e1y c\u1ee7a ch\u00fang t\u00f4i \u0111\u1ec3 \u0111\u1ea3m b\u1ea3o r\u1eb1ng m\u00e1y b\u1ea1n ch\u1ecdn \u0111\u00e1p \u1ee9ng nhu c\u1ea7u c\u1ee7a b\u1ea1n.<\/p>","protected":false},"excerpt":{"rendered":"<p>M\u00e1y nghi\u1ec1n b\u00faa 9FQ nhanh ch\u00f3ng nghi\u1ec1n c\u00e1c lo\u1ea1i c\u00e2y tr\u1ed3ng nh\u01b0 ng\u0169 c\u1ed1c, \u0111\u1eadu, r\u01a1m th\u00e0nh c\u00e1c h\u1ea1t \u0111\u1ed3ng \u0111\u1ec1u, ph\u00f9 h\u1ee3p trong ch\u1ebf bi\u1ebfn th\u1ee9c \u0103n ch\u0103n nu\u00f4i v\u00e0 x\u1eed l\u00fd l\u01b0\u01a1ng th\u1ef1c.<\/p>","protected":false},"author":1,"featured_media":1314,"parent":0,"comment_status":"closed","ping_status":"closed","template":"","tags":[491,924,487],"product-type":[899],"class_list":["post-1307","product","type-product","status-publish","has-post-thumbnail","hentry","tag-corn","tag-flour","tag-grain","product-type-hammer-mill"],"_links":{"self":[{"href":"https:\/\/www.agriculture-machine.com\/vi\/wp-json\/wp\/v2\/product\/1307","targetHints":{"allow":["GET"]}}],"collection":[{"href":"https:\/\/www.agriculture-machine.com\/vi\/wp-json\/wp\/v2\/product"}],"about":[{"href":"https:\/\/www.agriculture-machine.com\/vi\/wp-json\/wp\/v2\/types\/product"}],"author":[{"embeddable":true,"href":"https:\/\/www.agriculture-machine.com\/vi\/wp-json\/wp\/v2\/users\/1"}],"replies":[{"embeddable":true,"href":"https:\/\/www.agriculture-machine.com\/vi\/wp-json\/wp\/v2\/comments?post=1307"}],"wp:featuredmedia":[{"embeddable":true,"href":"https:\/\/www.agriculture-machine.com\/vi\/wp-json\/wp\/v2\/media\/1314"}],"wp:attachment":[{"href":"https:\/\/www.agriculture-machine.com\/vi\/wp-json\/wp\/v2\/media?parent=1307"}],"wp:term":[{"taxonomy":"post_tag","embeddable":true,"href":"https:\/\/www.agriculture-machine.com\/vi\/wp-json\/wp\/v2\/tags?post=1307"},{"taxonomy":"product-type","embeddable":true,"href":"https:\/\/www.agriculture-machine.com\/vi\/wp-json\/wp\/v2\/product-type?post=1307"}],"curies":[{"name":"wp","href":"https:\/\/api.w.org\/{rel}","templated":true}]}}