{"id":14778,"date":"2023-09-11T14:17:49","date_gmt":"2023-09-11T06:17:49","guid":{"rendered":"https:\/\/www.agriculture-machine.com\/?post_type=product&#038;p=14778"},"modified":"2025-08-19T17:50:32","modified_gmt":"2025-08-19T09:50:32","slug":"groundnut-sheller-machine","status":"publish","type":"product","link":"https:\/\/www.agriculture-machine.com\/vi\/groundnut-sheller-machine\/","title":{"rendered":"M\u00e1y b\u00f3c v\u1ecf \u0111\u1eadu ph\u1ed9ng t\u1ef1 \u0111\u1ed9ng \u0111\u1ec3 b\u00e1n"},"content":{"rendered":"<p>M\u00e1y b\u00f3c v\u1ecf \u0111\u1eadu ph\u1ed9ng nh\u1ecf \u0111\u01b0\u1ee3c s\u1eed d\u1ee5ng r\u1ed9ng r\u00e3i trong n\u00f4ng tr\u1ea1i v\u00e0 nh\u00e0 m\u00e1y ch\u1ebf bi\u1ebfn. M\u00e1y k\u1ebft h\u1ee3p ma s\u00e1t tr\u1ed1ng v\u00e0 t\u00e1ch kh\u00ed \u0111\u1ec3 b\u00f3c v\u1ecf \u0111\u1eadu, \u0111\u1ea1t t\u1ef7 l\u1ec7 b\u00f3c v\u1ecf tr\u00ean 95% v\u00e0 \u0111\u1ea3m b\u1ea3o t\u1ef7 l\u1ec7 nguy\u00ean v\u1eb9n c\u1ee7a h\u1ea1t kho\u1ea3ng 90%.<\/p>    <p>So v\u1edbi b\u00f3c v\u1ecf th\u1ee7 c\u00f4ng truy\u1ec1n th\u1ed1ng, hi\u1ec7u su\u1ea5t \u0111\u01b0\u1ee3c n\u00e2ng cao g\u1ea5p nhi\u1ec1u l\u1ea7n, gi\u1ea3m \u0111\u00e1ng k\u1ec3 chi ph\u00ed lao \u0111\u1ed9ng \u0111\u1ed3ng th\u1eddi n\u00e2ng cao \u0111\u1ed9 s\u1ea1ch v\u00e0 gi\u00e1 tr\u1ecb th\u1ecb tr\u01b0\u1eddng c\u1ee7a h\u1ea1t \u0111\u1eadu ph\u1ed9ng. D\u00f9 cho n\u00f4ng d\u00e2n nh\u1ecf hay doanh nghi\u1ec7p ch\u1ebf bi\u1ebfn trung b\u00ecnh, thi\u1ebft b\u1ecb n\u00e0y l\u00e0 l\u1ef1a ch\u1ecdn l\u00fd t\u01b0\u1edfng \u0111\u1ec3 t\u0103ng n\u0103ng su\u1ea5t v\u00e0 kh\u1ea3 n\u0103ng c\u1ea1nh tranh.<\/p>    <figure class=\"wp-block-embed aligncenter is-type-video is-provider-youtube wp-block-embed-youtube wp-embed-aspect-16-9 wp-has-aspect-ratio\"><div class=\"wp-block-embed__wrapper\"> <iframe loading=\"lazy\" title=\"Hi\u1ec7u qu\u1ea3 v\u00e0 Ti\u1ec7n l\u1ee3i! M\u00e1y b\u00f3c v\u1ecf \u0111\u1eadu ph\u1ed9ng d\u00f9ng t\u1ea1i nh\u00e0 g\u00e2y s\u1ed1c tr\u1ef1c tuy\u1ebfn!\" width=\"500\" height=\"281\" src=\"https:\/\/www.youtube.com\/embed\/_BhNMHRh6mY?feature=oembed\" frameborder=\"0\" allow=\"accelerometer; autoplay; clipboard-write; encrypted-media; gyroscope; picture-in-picture; web-share\" referrerpolicy=\"strict-origin-when-cross-origin\" allowfullscreen><\/iframe> <\/div><figcaption class=\"wp-element-caption\">m\u00e1y lo\u1ea1i b\u1ecf v\u1ecf \u0111\u1eadu ph\u1ed9ng nh\u1ecf d\u00f9ng t\u1ea1i nh\u00e0<\/figcaption><\/figure>    <h2 class=\"wp-block-heading\">Hi\u1ec3n th\u1ecb s\u1ea3n ph\u1ea9m ho\u00e0n thi\u1ec7n<\/h2>    <ul class=\"wp-block-list\"> <li>Ch\u1ea5t l\u01b0\u1ee3ng h\u1ea1t \u0111\u1eadu ph\u1ed9ng sau b\u00f3c v\u1ecf cao: sau khi b\u00f3c v\u1ecf, h\u1ea1t \u0111\u1eadu ph\u1ed9ng c\u00f3 b\u1ec1 m\u1eb7t m\u1ecbn v\u00e0 t\u1ef7 l\u1ec7 v\u1ee1 th\u1ea5p.<\/li>    <li>Ph\u00e2n t\u00e1ch ho\u00e0n ch\u1ec9nh v\u1ecf v\u00e0 h\u1ea1t: v\u1ecf v\u00e0 h\u1ea1t c\u00f3 th\u1ec3 \u0111\u01b0\u1ee3c t\u00e1ch hi\u1ec7u qu\u1ea3, gi\u1ea3m thi\u1ec3u vi\u1ec7c s\u1eafp x\u1ebfp l\u1ea1i th\u1ee9 c\u1ea5p.<\/li>    <li>V\u1ec7 sinh cao: h\u1ea1t \u0111\u1eadu ph\u1ed9ng ch\u1ee9a \u00edt t\u1ea1p ch\u1ea5t, ph\u00f9 h\u1ee3p \u0111\u1ec3 x\u1eed l\u00fd tr\u1ef1c ti\u1ebfp b\u01b0\u1edbc ti\u1ebfp theo.<\/li>    <li>Hi\u1ec7u qu\u1ea3 \u1ed5n \u0111\u1ecbnh: m\u00e1y c\u00f3 th\u1ec3 ho\u1ea1t \u0111\u1ed9ng li\u00ean t\u1ee5c, t\u1ea1o ra s\u1ea3n l\u01b0\u1ee3ng \u0111\u1ec1u \u0111\u1ec3 \u0111\u00e1p \u1ee9ng y\u00eau c\u1ea7u s\u1ea3n xu\u1ea5t s\u1ed1 l\u01b0\u1ee3ng l\u1edbn.<\/li> <\/ul>    <figure class=\"wp-block-gallery aligncenter has-nested-images columns-default is-cropped wp-block-gallery-2 is-layout-flex wp-block-gallery-is-layout-flex\"> <figure class=\"wp-block-image size-large\"><img loading=\"lazy\" decoding=\"async\" width=\"720\" height=\"540\" data-id=\"14787\" src=\"https:\/\/www.agriculture-machine.com\/wp-content\/uploads\/2023\/09\/raw-peanut-material.webp\" alt=\"nguy\u00ean li\u1ec7u \u0111\u1eadu ph\u1ed9ng s\u1ed1ng\" class=\"wp-image-14787\" srcset=\"https:\/\/www.agriculture-machine.com\/wp-content\/uploads\/2023\/09\/raw-peanut-material.webp 720w, https:\/\/www.agriculture-machine.com\/wp-content\/uploads\/2023\/09\/raw-peanut-material-360x270.webp 360w, https:\/\/www.agriculture-machine.com\/wp-content\/uploads\/2023\/09\/raw-peanut-material-240x180.webp 240w\" sizes=\"auto, (max-width: 720px) 100vw, 720px\" \/><figcaption class=\"wp-element-caption\">nguy\u00ean li\u1ec7u \u0111\u1eadu ph\u1ed9ng s\u1ed1ng<\/figcaption><\/figure>    <figure class=\"wp-block-image size-large\"><img loading=\"lazy\" decoding=\"async\" width=\"720\" height=\"540\" data-id=\"14788\" src=\"https:\/\/www.agriculture-machine.com\/wp-content\/uploads\/2023\/09\/finished-groundnut-show.webp\" alt=\"hi\u1ec7n th\u1ecb \u0111\u1eadu ph\u1ed9ng \u0111\u00e3 ho\u00e0n th\u00e0nh\" class=\"wp-image-14788\" srcset=\"https:\/\/www.agriculture-machine.com\/wp-content\/uploads\/2023\/09\/finished-groundnut-show.webp 720w, https:\/\/www.agriculture-machine.com\/wp-content\/uploads\/2023\/09\/finished-groundnut-show-360x270.webp 360w, https:\/\/www.agriculture-machine.com\/wp-content\/uploads\/2023\/09\/finished-groundnut-show-240x180.webp 240w\" sizes=\"auto, (max-width: 720px) 100vw, 720px\" \/><figcaption class=\"wp-element-caption\">hi\u1ec7n th\u1ecb \u0111\u1eadu ph\u1ed9ng \u0111\u00e3 ho\u00e0n th\u00e0nh<\/figcaption><\/figure> <\/figure>    <h2 class=\"wp-block-heading\">C\u00e1c \u0111\u1eb7c \u0111i\u1ec3m c\u1ee7a m\u00e1y b\u00f3c v\u1ecf \u0111\u1eadu ph\u1ed9ng<\/h2>    <ul class=\"wp-block-list\"> <li>B\u00f3c v\u1ecf hi\u1ec7u qu\u1ea3 cao: t\u1ed1c \u0111\u1ed9 b\u00f3c v\u1ecf nhanh, v\u1edbi n\u0103ng su\u1ea5t cao g\u1ea5p 3-5 l\u1ea7n so v\u1edbi lao \u0111\u1ed9ng th\u1ee7 c\u00f4ng.<\/li>    <li>Kh\u1ea3 n\u0103ng th\u00edch nghi cao: c\u00f3 th\u1ec3 x\u1eed l\u00fd \u0111\u1eadu ph\u1ed9ng c\u1ee7a c\u00e1c lo\u1ea1i v\u00e0 \u0111\u1eb7c \u0111i\u1ec3m k\u1ef9 thu\u1eadt kh\u00e1c nhau.<\/li>    <li>Tham s\u1ed1 \u0111i\u1ec1u ch\u1ec9nh: m\u1ed9t s\u1ed1 m\u1eabu h\u1ed7 tr\u1ee3 \u0111i\u1ec1u ch\u1ec9nh khe h\u1edf v\u00e0 lu\u1ed3ng kh\u00ed \u0111\u1ec3 \u0111\u1ea3m b\u1ea3o k\u1ebft qu\u1ea3 b\u00f3c v\u1ecf t\u1ed1i \u01b0u.<\/li>    <li>B\u1ec1n b\u1ec9 v\u00e0 \u0111\u00e1ng tin c\u1eady: l\u00e0m b\u1eb1ng th\u00e9p ch\u1ea5t l\u01b0\u1ee3ng cao v\u00e0 c\u00e1c th\u00e0nh ph\u1ea7n ch\u1ed1ng m\u00e0i m\u00f2n, ph\u00f9 h\u1ee3p cho ho\u1ea1t \u0111\u1ed9ng c\u01b0\u1eddng \u0111\u1ed9 cao l\u00e2u d\u00e0i.<\/li>    <li>C\u00f4ng su\u1ea5t cao: c\u00e1c m\u1eabu nh\u1ecf c\u00f3 th\u1ec3 x\u1eed l\u00fd 300-800 kg m\u1ed7i gi\u1edd, \u0111\u00e1p \u1ee9ng nhu c\u1ea7u c\u1ee7a c\u00e1c ho\u1ea1t \u0111\u1ed9ng ch\u1ebf bi\u1ebfn nh\u1ecf \u0111\u1ebfn trung b\u00ecnh.<\/li>    <li>D\u1ec5 di chuy\u1ec3n: thi\u1ebft k\u1ebf nh\u1ecf g\u1ecdn, m\u1ed9t s\u1ed1 m\u1eabu c\u00f3 b\u00e1nh xe \u0111\u1ec3 di chuy\u1ec3n linh ho\u1ea1t \u0111\u1ebfn c\u00e1c \u0111\u1ecba \u0111i\u1ec3m l\u00e0m vi\u1ec7c kh\u00e1c nhau.<\/li>    <li>Ti\u1ebft ki\u1ec7m lao \u0111\u1ed9ng: y\u00eau c\u1ea7u v\u1eadn h\u00e0nh th\u1ee7 c\u00f4ng t\u1ed1i thi\u1ec3u, gi\u1ea3m \u0111\u00e1ng k\u1ec3 c\u01b0\u1eddng \u0111\u1ed9 lao \u0111\u1ed9ng v\u00e0 chi ph\u00ed lao \u0111\u1ed9ng.<\/li> <\/ul>    <figure class=\"wp-block-gallery aligncenter has-nested-images columns-2 is-cropped wp-block-gallery-3 is-layout-flex wp-block-gallery-is-layout-flex\"> <figure class=\"wp-block-image size-large\"><img loading=\"lazy\" decoding=\"async\" width=\"405\" height=\"540\" data-id=\"14785\" src=\"https:\/\/www.agriculture-machine.com\/wp-content\/uploads\/2023\/09\/groundnut-shell-removing-machine-405x540.webp\" alt=\"m\u00e1y lo\u1ea1i b\u1ecf v\u1ecf \u0111\u1eadu ph\u1ed9ng\" class=\"wp-image-14785\" srcset=\"https:\/\/www.agriculture-machine.com\/wp-content\/uploads\/2023\/09\/groundnut-shell-removing-machine-405x540.webp 405w, https:\/\/www.agriculture-machine.com\/wp-content\/uploads\/2023\/09\/groundnut-shell-removing-machine-203x270.webp 203w, https:\/\/www.agriculture-machine.com\/wp-content\/uploads\/2023\/09\/groundnut-shell-removing-machine.webp 540w\" sizes=\"auto, (max-width: 405px) 100vw, 405px\" \/><figcaption class=\"wp-element-caption\">m\u00e1y lo\u1ea1i b\u1ecf v\u1ecf \u0111\u1eadu ph\u1ed9ng<\/figcaption><\/figure>    <figure class=\"wp-block-image size-large\"><img loading=\"lazy\" decoding=\"async\" width=\"405\" height=\"540\" data-id=\"14786\" src=\"https:\/\/www.agriculture-machine.com\/wp-content\/uploads\/2023\/09\/peanut-cleaning-and-shelling-machine-405x540.webp\" alt=\"m\u00e1y l\u00e0m s\u1ea1ch v\u00e0 b\u00f3c v\u1ecf \u0111\u1eadu ph\u1ed9ng\" class=\"wp-image-14786\" srcset=\"https:\/\/www.agriculture-machine.com\/wp-content\/uploads\/2023\/09\/peanut-cleaning-and-shelling-machine-405x540.webp 405w, https:\/\/www.agriculture-machine.com\/wp-content\/uploads\/2023\/09\/peanut-cleaning-and-shelling-machine-203x270.webp 203w, https:\/\/www.agriculture-machine.com\/wp-content\/uploads\/2023\/09\/peanut-cleaning-and-shelling-machine.webp 540w\" sizes=\"auto, (max-width: 405px) 100vw, 405px\" \/><figcaption class=\"wp-element-caption\">m\u00e1y l\u00e0m s\u1ea1ch v\u00e0 b\u00f3c v\u1ecf \u0111\u1eadu ph\u1ed9ng<\/figcaption><\/figure> <\/figure>    <h2 class=\"wp-block-heading\">C\u00e1c th\u00e0nh ph\u1ea7n c\u1ee7a m\u00e1y b\u00f3c v\u1ecf \u0111\u1eadu ph\u1ed9ng di \u0111\u1ed9ng<\/h2>    <p>B\u1ea1n c\u00f3 th\u1ec3 h\u00ecnh dung r\u00f5 c\u1ea5u tr\u00fac \u0111\u01a1n gi\u1ea3n c\u1ee7a m\u00e1y b\u00f3c v\u1ecf \u0111\u1eadu ph\u1ed9ng d\u1ef1a tr\u00ean h\u00ecnh minh h\u1ecda d\u01b0\u1edbi \u0111\u00e2y.<\/p>    <figure class=\"wp-block-image aligncenter size-full\"><img loading=\"lazy\" decoding=\"async\" width=\"720\" height=\"540\" src=\"https:\/\/www.agriculture-machine.com\/wp-content\/uploads\/2023\/09\/groundnut-shell-off-machine-structure.webp\" alt=\"C\u1ea5u tr\u00fac m\u00e1y b\u00f3c v\u1ecf \u0111\u1eadu ph\u1ed9ng\" class=\"wp-image-15493\" srcset=\"https:\/\/www.agriculture-machine.com\/wp-content\/uploads\/2023\/09\/groundnut-shell-off-machine-structure.webp 720w, https:\/\/www.agriculture-machine.com\/wp-content\/uploads\/2023\/09\/groundnut-shell-off-machine-structure-360x270.webp 360w, https:\/\/www.agriculture-machine.com\/wp-content\/uploads\/2023\/09\/groundnut-shell-off-machine-structure-240x180.webp 240w\" sizes=\"auto, (max-width: 720px) 100vw, 720px\" \/><figcaption class=\"wp-element-caption\">C\u1ea5u tr\u00fac m\u00e1y b\u00f3c v\u1ecf \u0111\u1eadu ph\u1ed9ng<\/figcaption><\/figure>    <h2 class=\"wp-block-heading\">C\u1ea5u tr\u00fac ch\u00ednh c\u1ee7a m\u00e1y b\u00f3c v\u1ecf \u0111\u1eadu ph\u1ed9ng<\/h2>    <ul class=\"wp-block-list\"> <li><strong>\u0110\u01a1n v\u1ecb c\u1ea5p li\u1ec7u<\/strong>: d\u00f9ng \u0111\u1ec3 v\u1eadn chuy\u1ec3n \u0111\u1eadu ph\u1ed9ng nguy\u00ean li\u1ec7u \u0111\u1ebfn khu v\u1ef1c b\u00f3c v\u1ecf, th\u01b0\u1eddng d\u01b0\u1edbi d\u1ea1ng b\u0103ng chuy\u1ec1n ho\u1eb7c hopper.<\/li>    <li><strong>C\u01a1 ch\u1ebf b\u00f3c v\u1ecf<\/strong>: th\u00e0nh ph\u1ea7n ch\u00ednh c\u1ee7a thi\u1ebft b\u1ecb, th\u01b0\u1eddng g\u1ed3m m\u1ed9t c\u1eb7p tr\u1ee5c ho\u1eb7c l\u01b0\u1ee1i dao, d\u00f9ng \u0111\u1ec3 lo\u1ea1i b\u1ecf v\u1ecf \u0111\u1eadu qua ma s\u00e1t ho\u1eb7c n\u00e9n.<\/li>    <li><strong>M\u00e1y ph\u00e2n t\u00e1ch b\u1eb1ng gi\u00f3<\/strong>: s\u1eed d\u1ee5ng nguy\u00ean l\u00fd lu\u1ed3ng kh\u00ed \u0111\u1ec3 t\u00e1ch v\u1ecf \u0111\u1eadu ph\u1ed9ng kh\u1ecfi h\u1ea1t, \u0111\u1ea3m b\u1ea3o t\u00e1ch r\u1eddi tri\u1ec7t \u0111\u1ec3.<\/li>    <li><strong>\u0110\u01a1n v\u1ecb ra kh\u1ecfi<\/strong>: truy\u1ec1n h\u1ea1t \u0111\u1eadu ph\u1ed9ng \u0111\u00e3 b\u00f3c v\u1ecf \u0111\u1ebfn qu\u00e1 tr\u00ecnh ti\u1ebfp theo ho\u1eb7c th\u00f9ng ch\u1ee9a thu gom, th\u01b0\u1eddng d\u01b0\u1edbi d\u1ea1ng b\u0103ng chuy\u1ec1n ho\u1eb7c m\u00e1ng x\u1ea3.<\/li>    <li><strong>H\u1ec7 th\u1ed1ng \u0111i\u1ec1u khi\u1ec3n<\/strong>: trang b\u1ecb n\u00fat b\u1ea5m, c\u00f4ng t\u1eafc ho\u1eb7c thi\u1ebft b\u1ecb \u0111i\u1ec1u ch\u1ec9nh \u0111\u1ec3 ki\u1ec3m so\u00e1t kh\u1edfi \u0111\u1ed9ng\/d\u1eebng m\u00e1y v\u00e0 \u0111i\u1ec1u ch\u1ec9nh tham s\u1ed1. M\u1ed9t s\u1ed1 m\u1eabu c\u00f3 h\u1ec7 th\u1ed1ng \u0111i\u1ec1u khi\u1ec3n t\u1ef1 \u0111\u1ed9ng \u0111\u1ec3 n\u00e2ng cao ti\u1ec7n \u00edch v\u00e0 hi\u1ec7u qu\u1ea3 v\u1eadn h\u00e0nh.<\/li> <\/ul>    <figure class=\"wp-block-gallery aligncenter has-nested-images columns-2 is-cropped wp-block-gallery-4 is-layout-flex wp-block-gallery-is-layout-flex\"> <figure class=\"wp-block-image size-medium\"><img loading=\"lazy\" decoding=\"async\" width=\"360\" height=\"270\" data-id=\"14780\" src=\"https:\/\/www.agriculture-machine.com\/wp-content\/uploads\/2023\/09\/groundnut-sheller-machine-inner-structure-1-360x270.webp\" alt=\"C\u1ea5u tr\u00fac b\u00ean trong m\u00e1y b\u00f3c v\u1ecf \u0111\u1eadu ph\u1ed9ng\" class=\"wp-image-14780\" srcset=\"https:\/\/www.agriculture-machine.com\/wp-content\/uploads\/2023\/09\/groundnut-sheller-machine-inner-structure-1-360x270.webp 360w, https:\/\/www.agriculture-machine.com\/wp-content\/uploads\/2023\/09\/groundnut-sheller-machine-inner-structure-1-240x180.webp 240w, https:\/\/www.agriculture-machine.com\/wp-content\/uploads\/2023\/09\/groundnut-sheller-machine-inner-structure-1.webp 720w\" sizes=\"auto, (max-width: 360px) 100vw, 360px\" \/><figcaption class=\"wp-element-caption\">C\u1ea5u tr\u00fac b\u00ean trong m\u00e1y b\u00f3c v\u1ecf \u0111\u1eadu ph\u1ed9ng<\/figcaption><\/figure>    <figure class=\"wp-block-image size-medium\"><img loading=\"lazy\" decoding=\"async\" width=\"360\" height=\"270\" data-id=\"14781\" src=\"https:\/\/www.agriculture-machine.com\/wp-content\/uploads\/2023\/09\/groundnut-sheller-machine-structure-360x270.webp\" alt=\"C\u1ea5u tr\u00fac m\u00e1y b\u00f3c v\u1ecf \u0111\u1eadu ph\u1ed9ng\" class=\"wp-image-14781\" srcset=\"https:\/\/www.agriculture-machine.com\/wp-content\/uploads\/2023\/09\/groundnut-sheller-machine-structure-360x270.webp 360w, https:\/\/www.agriculture-machine.com\/wp-content\/uploads\/2023\/09\/groundnut-sheller-machine-structure-240x180.webp 240w, https:\/\/www.agriculture-machine.com\/wp-content\/uploads\/2023\/09\/groundnut-sheller-machine-structure.webp 720w\" sizes=\"auto, (max-width: 360px) 100vw, 360px\" \/><figcaption class=\"wp-element-caption\">C\u1ea5u tr\u00fac m\u00e1y b\u00f3c v\u1ecf \u0111\u1eadu ph\u1ed9ng<\/figcaption><\/figure> <\/figure>    <figure class=\"wp-block-gallery has-nested-images columns-default is-cropped wp-block-gallery-5 is-layout-flex wp-block-gallery-is-layout-flex\"> <figure class=\"wp-block-image size-large\"><img loading=\"lazy\" decoding=\"async\" width=\"720\" height=\"540\" data-id=\"15491\" src=\"https:\/\/www.agriculture-machine.com\/wp-content\/uploads\/2023\/09\/peanut-sheller-inner-detail.webp\" alt=\"chi ti\u1ebft b\u00ean trong m\u00e1y b\u00f3c v\u1ecf \u0111\u1eadu ph\u1ed9ng\" class=\"wp-image-15491\" srcset=\"https:\/\/www.agriculture-machine.com\/wp-content\/uploads\/2023\/09\/peanut-sheller-inner-detail.webp 720w, https:\/\/www.agriculture-machine.com\/wp-content\/uploads\/2023\/09\/peanut-sheller-inner-detail-360x270.webp 360w, https:\/\/www.agriculture-machine.com\/wp-content\/uploads\/2023\/09\/peanut-sheller-inner-detail-240x180.webp 240w\" sizes=\"auto, (max-width: 720px) 100vw, 720px\" \/><figcaption class=\"wp-element-caption\">chi ti\u1ebft b\u00ean trong m\u00e1y b\u00f3c v\u1ecf \u0111\u1eadu ph\u1ed9ng<\/figcaption><\/figure>    <figure class=\"wp-block-image size-large\"><img loading=\"lazy\" decoding=\"async\" width=\"360\" height=\"270\" data-id=\"15495\" src=\"https:\/\/www.agriculture-machine.com\/wp-content\/uploads\/2023\/09\/peanut-peeling-machine-sieve-360x270-1.webp\" alt=\"s\u00e0ng m\u00e1y b\u00f3c v\u1ecf \u0111\u1eadu ph\u1ed9ng\" class=\"wp-image-15495\" srcset=\"https:\/\/www.agriculture-machine.com\/wp-content\/uploads\/2023\/09\/peanut-peeling-machine-sieve-360x270-1.webp 360w, https:\/\/www.agriculture-machine.com\/wp-content\/uploads\/2023\/09\/peanut-peeling-machine-sieve-360x270-1-240x180.webp 240w\" sizes=\"auto, (max-width: 360px) 100vw, 360px\" \/><figcaption class=\"wp-element-caption\">s\u00e0ng m\u00e1y b\u00f3c v\u1ecf \u0111\u1eadu ph\u1ed9ng<\/figcaption><\/figure> <\/figure>    <h2 class=\"wp-block-heading\">Nguy\u00ean l\u00fd ho\u1ea1t \u0111\u1ed9ng c\u1ee7a m\u00e1y b\u00f3c v\u1ecf \u0111\u1eadu ph\u1ed9ng<\/h2>   <div id=\"rank-math-howto\" class=\"rank-math-block\" > <div class=\"rank-math-howto-description\"> <img loading=\"lazy\" decoding=\"async\" width=\"720\" height=\"540\" src=\"https:\/\/www.agriculture-machine.com\/wp-content\/uploads\/2023\/09\/peanut-thresher-machine-details.webp\" class=\"attachment-full size-full\" alt=\"Chi ti\u1ebft m\u00e1y b\u00f3c v\u1ecf \u0111\u1eadu ph\u1ed9ng\" srcset=\"https:\/\/www.agriculture-machine.com\/wp-content\/uploads\/2023\/09\/peanut-thresher-machine-details.webp 720w, https:\/\/www.agriculture-machine.com\/wp-content\/uploads\/2023\/09\/peanut-thresher-machine-details-360x270.webp 360w, https:\/\/www.agriculture-machine.com\/wp-content\/uploads\/2023\/09\/peanut-thresher-machine-details-240x180.webp 240w\" sizes=\"auto, (max-width: 720px) 100vw, 720px\" \/> <p>Nguy\u00ean l\u00fd ho\u1ea1t \u0111\u1ed9ng c\u1ee7a m\u00e1y b\u00f3c v\u1ecf \u0111\u1eadu ph\u1ed9ng ch\u1ee7 y\u1ebfu d\u1ef1a tr\u00ean vi\u1ec7c lo\u1ea1i b\u1ecf v\u1ecf \u0111\u1eadu qua l\u1ef1c v\u00e0 chuy\u1ec3n \u0111\u1ed9ng c\u01a1 h\u1ecdc, th\u01b0\u1eddng bao g\u1ed3m c\u00e1c b\u01b0\u1edbc sau:<\/p>  <\/div>  <div class=\"rank-math-steps\"> <div id=\"howto-step-1694399210907\" class=\"rank-math-step\"> <h3 class=\"rank-math-step-title\">Giai \u0111o\u1ea1n c\u1ea5p li\u1ec7u<\/h3> <div class=\"rank-math-step-content\"><p>H\u1ea1t \u0111\u1eadu ph\u1ed9ng \u0111\u00e3 b\u00f3c v\u1ecf th\u00f4 \u0111\u01b0\u1ee3c \u0111\u01b0a v\u00e0o m\u00e1y b\u00f3c v\u1ecf, th\u01b0\u1eddng d\u00f9ng b\u0103ng chuy\u1ec1n ho\u1eb7c pallet.<\/p> <\/div> <\/div> <div id=\"howto-step-1694399276211\" class=\"rank-math-step\"> <h3 class=\"rank-math-step-title\">Ph\u00e2n chia v\u1eadt l\u00fd<\/h3> <div class=\"rank-math-step-content\"><p>H\u1ea1t \u0111\u1eadu ph\u1ed9ng \u0111\u01b0\u1ee3c ph\u01a1i ra l\u1ef1c t\u00e1ch v\u1eadt l\u00fd b\u00ean trong m\u00e1y b\u00f3c v\u1ecf \u0111\u1eadu ph\u1ed9ng. Th\u01b0\u1eddng \u0111\u01b0\u1ee3c th\u1ef1c hi\u1ec7n b\u1eb1ng tr\u1ed1ng quay, l\u01b0\u1ee1i dao ho\u1eb7c c\u00e1c c\u01a1 ch\u1ebf b\u00f3c v\u1ecf kh\u00e1c.<\/p> <\/div> <\/div> <div id=\"howto-step-1694399294541\" class=\"rank-math-step\"> <h3 class=\"rank-math-step-title\">Quy tr\u00ecnh b\u00f3c v\u1ecf<\/h3> <div class=\"rank-math-step-content\"><p>H\u1ea1t \u0111\u1eadu ph\u1ed9ng \u0111\u01b0\u1ee3c \u0111\u01b0a v\u00e0o c\u01a1 ch\u1ebf b\u00f3c v\u1ecf v\u00e0 v\u1ecf \u0111\u01b0\u1ee3c t\u00e1ch kh\u1ecfi h\u1ea1t. Ch\u00eca kh\u00f3a c\u1ee7a b\u01b0\u1edbc n\u00e0y l\u00e0 thi\u1ebft k\u1ebf c\u1ee7a c\u01a1 ch\u1ebf, th\u01b0\u1eddng s\u1eed d\u1ee5ng ma s\u00e1t, rung ho\u1eb7c c\u1eaft \u0111\u1ec3 t\u00e1ch v\u1ecf.<\/p> <\/div> <\/div> <div id=\"howto-step-1694399312065\" class=\"rank-math-step\"> <h3 class=\"rank-math-step-title\">Ph\u00e2n t\u00e1ch v\u1ecf<\/h3> <div class=\"rank-math-step-content\"><p>Sau khi b\u00f3c v\u1ecf, h\u1ea1t \u0111\u1eadu ph\u1ed9ng v\u00e0 v\u1ecf c\u00f2n l\u1ea1i \u0111\u01b0\u1ee3c \u0111\u01b0a v\u00e0o b\u1ed9 ph\u00e2n t\u00e1ch kh\u00ed ho\u1eb7c s\u00e0ng. \u1ede \u0111\u00e2y, qua lu\u1ed3ng kh\u00ed ho\u1eb7c rung, c\u00e1c m\u1ea3nh v\u1ecf nh\u1eb9 h\u01a1n b\u1ecb th\u1ed5i ho\u1eb7c s\u00e0ng ra, trong khi h\u1ea1t \u0111\u1eadu ph\u1ed9ng n\u1eb7ng h\u01a1n ti\u1ebfp t\u1ee5c \u0111i.<\/p> <\/div> <\/div> <div id=\"howto-step-1694399336420\" class=\"rank-math-step\"> <h3 class=\"rank-math-step-title\">Giai \u0111o\u1ea1n x\u1ea3<\/h3> <div class=\"rank-math-step-content\"><p>H\u1ea1t \u0111\u1eadu ph\u1ed9ng \u0111\u00e3 b\u00f3c v\u1ecf \u0111\u01b0\u1ee3c chuy\u1ec3n \u0111\u1ebfn b\u1ed9 ph\u1eadn x\u1ea3, th\u01b0\u1eddng qua b\u0103ng chuy\u1ec1n ho\u1eb7c \u1ed1ng d\u1eabn, \u0111\u1ec3 x\u1eed l\u00fd ho\u1eb7c thu gom th\u00eam.<\/p> <\/div> <\/div> <\/div> <\/div>       <h2 class=\"wp-block-heading\">Th\u00f4ng s\u1ed1 k\u1ef9 thu\u1eadt c\u1ee7a m\u00e1y b\u00f3c v\u1ecf \u0111\u1eadu ph\u1ed9ng<\/h2>    <p>C\u00e1c th\u00f4ng s\u1ed1 k\u1ef9 thu\u1eadt c\u1ee7a m\u00e1y b\u00f3c v\u1ecf \u0111\u1eadu ph\u1ed9ng c\u00f3 th\u1ec3 thay \u0111\u1ed5i t\u00f9y theo nh\u00e0 s\u1ea3n xu\u1ea5t, m\u1eabu m\u00e3 v\u00e0 \u1ee9ng d\u1ee5ng, nh\u01b0ng sau \u0111\u00e2y l\u00e0 m\u1ed9t s\u1ed1 m\u1eabu ph\u1ed5 bi\u1ebfn \u0111\u1ec3 tham kh\u1ea3o:<\/p>    <div class=\"wp-block-media-text is-stacked-on-mobile\"><figure class=\"wp-block-media-text__media\"><img loading=\"lazy\" decoding=\"async\" width=\"720\" height=\"540\" src=\"https:\/\/www.agriculture-machine.com\/wp-content\/uploads\/2023\/09\/groundnut-shelling-machine-for-sale.webp\" alt=\"m\u00e1y b\u00f3c v\u1ecf \u0111\u1eadu ph\u1ed9ng \u0111\u1ec3 b\u00e1n\" class=\"wp-image-15492 size-full\" srcset=\"https:\/\/www.agriculture-machine.com\/wp-content\/uploads\/2023\/09\/groundnut-shelling-machine-for-sale.webp 720w, https:\/\/www.agriculture-machine.com\/wp-content\/uploads\/2023\/09\/groundnut-shelling-machine-for-sale-360x270.webp 360w, https:\/\/www.agriculture-machine.com\/wp-content\/uploads\/2023\/09\/groundnut-shelling-machine-for-sale-240x180.webp 240w\" sizes=\"auto, (max-width: 720px) 100vw, 720px\" \/><\/figure><div class=\"wp-block-media-text__content\"> <p>M\u1eabu: TBH-200<\/p>    <p>K\u00edch th\u01b0\u1edbc: 650*560*1000mm<\/p>    <p>S\u1ea3n xu\u1ea5t: 200KG\/H<\/p>    <p>C\u00f4ng su\u1ea5t: \u0111\u1ed9ng c\u01a1 x\u0103ng 170\/ \u0111\u1ed9ng c\u01a1\/m\u00e1y d\u1ea7u 6 m\u00e3 l\u1ef1c<\/p> <\/div><\/div>    <p class=\"translation-block\">\u0110\u1ed3ng th\u1eddi, c\u00f4ng ty ch\u00fang t\u00f4i b\u00e1n m\u1ed9t b\u1ed9 m\u00e1y b\u00f3c v\u1ecf \u0111\u1eadu ph\u1ed9ng k\u1ebft h\u1ee3p quy m\u00f4 l\u1edbn, th\u1ef1c hi\u1ec7n vi\u1ec7c l\u00e0m s\u1ea1ch v\u00e0 b\u00f3c v\u1ecf \u0111\u1eadu trong m\u1ed9t m\u00e1y. B\u1ea1n c\u00f3 th\u1ec3 hi\u1ec3u r\u00f5 thi\u1ebft b\u1ecb n\u00e0y qua: <a href=\"https:\/\/www.agriculture-machine.com\/vi\/industrial-combined-peanut-groundnut-shelling-machine\/\"><strong>M\u00e1y b\u00f3c v\u1ecf \u0111\u1eadu ph\u1ed9ng c\u00f4ng nghi\u1ec7p k\u1ebft h\u1ee3p<\/strong><\/a>. Xin vui l\u00f2ng li\u00ean h\u1ec7 n\u1ebfu c\u00f3 b\u1ea5t k\u1ef3 th\u1eafc m\u1eafc n\u00e0o.<\/p>","protected":false},"excerpt":{"rendered":"<p>M\u00e1y b\u00f3c v\u1ecf \u0111\u1eadu ph\u1ed9ng nh\u1ecf c\u00f3 t\u1ef7 l\u1ec7 t\u00e1ch v\u1ecf kh\u1ecfi h\u1ea1t cao v\u00e0 d\u1ec5 v\u1eadn h\u00e0nh, \u0111\u01b0\u1ee3c s\u1eed d\u1ee5ng r\u1ed9ng r\u00e3i trong c\u00e1c n\u00f4ng tr\u1ea1i nh\u1ecf v\u00e0 nh\u00e0 m\u00e1y ch\u1ebf bi\u1ebfn th\u1ef1c ph\u1ea9m.<\/p>","protected":false},"author":1,"featured_media":14790,"parent":0,"comment_status":"closed","ping_status":"closed","template":"","tags":[798,797],"product-type":[895,872],"class_list":["post-14778","product","type-product","status-publish","has-post-thumbnail","hentry","tag-groundnut","tag-peanut","product-type-peanut-sheller","product-type-thresher-sheller"],"_links":{"self":[{"href":"https:\/\/www.agriculture-machine.com\/vi\/wp-json\/wp\/v2\/product\/14778","targetHints":{"allow":["GET"]}}],"collection":[{"href":"https:\/\/www.agriculture-machine.com\/vi\/wp-json\/wp\/v2\/product"}],"about":[{"href":"https:\/\/www.agriculture-machine.com\/vi\/wp-json\/wp\/v2\/types\/product"}],"author":[{"embeddable":true,"href":"https:\/\/www.agriculture-machine.com\/vi\/wp-json\/wp\/v2\/users\/1"}],"replies":[{"embeddable":true,"href":"https:\/\/www.agriculture-machine.com\/vi\/wp-json\/wp\/v2\/comments?post=14778"}],"wp:featuredmedia":[{"embeddable":true,"href":"https:\/\/www.agriculture-machine.com\/vi\/wp-json\/wp\/v2\/media\/14790"}],"wp:attachment":[{"href":"https:\/\/www.agriculture-machine.com\/vi\/wp-json\/wp\/v2\/media?parent=14778"}],"wp:term":[{"taxonomy":"post_tag","embeddable":true,"href":"https:\/\/www.agriculture-machine.com\/vi\/wp-json\/wp\/v2\/tags?post=14778"},{"taxonomy":"product-type","embeddable":true,"href":"https:\/\/www.agriculture-machine.com\/vi\/wp-json\/wp\/v2\/product-type?post=14778"}],"curies":[{"name":"wp","href":"https:\/\/api.w.org\/{rel}","templated":true}]}}