{"id":15095,"date":"2023-11-09T15:07:38","date_gmt":"2023-11-09T07:07:38","guid":{"rendered":"https:\/\/www.agriculture-machine.com\/?post_type=product&#038;p=15095"},"modified":"2024-11-14T15:12:46","modified_gmt":"2024-11-14T07:12:46","slug":"rice-mill-plant","status":"publish","type":"product","link":"https:\/\/www.agriculture-machine.com\/vi\/rice-mill-plant\/","title":{"rendered":"D\u00e2y chuy\u1ec1n g\u1ea1o ho\u00e0n ch\u1ec9nh 15TPD X\u1eed l\u00fd nguy\u00ean li\u1ec7u th\u00f4"},"content":{"rendered":"<p class=\"translation-block\">D\u00e2y chuy\u1ec1n xay x\u00e1t g\u1ea1o ho\u00e0n ch\u1ec9nh gi\u00fap t\u00e1ch v\u1ecf v\u00e0 c\u00e1m kh\u1ecfi g\u1ea1o paddy \u0111\u1ec3 cu\u1ed1i c\u00f9ng t\u1ea1o ra g\u1ea1o tinh khi\u1ebft. S\u1eed d\u1ee5ng d\u00e2y chuy\u1ec1n c\u1ee7a ch\u00fang t\u00f4i, b\u1ea1n c\u00f3 th\u1ec3 nh\u1eadn \u0111\u01b0\u1ee3c g\u1ea1o tr\u1eafng \u0111\u00e3 xay ho\u00e0n to\u00e0n, kh\u00f4ng t\u1ea1p ch\u1ea5t v\u00e0 \u00edt v\u1ee1, s\u1ea3n l\u01b0\u1ee3ng g\u1ea1o tr\u1eafng \u0111\u1ea1t t\u1edbi 69%-72%.<\/p>    <figure class=\"wp-block-gallery has-nested-images columns-default is-cropped wp-block-gallery-2 is-layout-flex wp-block-gallery-is-layout-flex\"> <figure class=\"wp-block-image size-large\"><img loading=\"lazy\" decoding=\"async\" width=\"720\" height=\"540\" data-id=\"15101\" src=\"https:\/\/www.agriculture-machine.com\/wp-content\/uploads\/2023\/11\/rice-milling-machine-production-line.webp\" alt=\"D\u00e2y chuy\u1ec1n s\u1ea3n xu\u1ea5t g\u1ea1o xay x\u00e1t\" class=\"wp-image-15101\" srcset=\"https:\/\/www.agriculture-machine.com\/wp-content\/uploads\/2023\/11\/rice-milling-machine-production-line.webp 720w, https:\/\/www.agriculture-machine.com\/wp-content\/uploads\/2023\/11\/rice-milling-machine-production-line-360x270.webp 360w, https:\/\/www.agriculture-machine.com\/wp-content\/uploads\/2023\/11\/rice-milling-machine-production-line-240x180.webp 240w\" sizes=\"auto, (max-width: 720px) 100vw, 720px\" \/><figcaption class=\"wp-element-caption\">D\u00e2y chuy\u1ec1n s\u1ea3n xu\u1ea5t g\u1ea1o xay x\u00e1t<\/figcaption><\/figure>    <figure class=\"wp-block-image size-large\"><img loading=\"lazy\" decoding=\"async\" width=\"720\" height=\"540\" data-id=\"15100\" src=\"https:\/\/www.agriculture-machine.com\/wp-content\/uploads\/2023\/11\/rice-mill-plant.webp\" alt=\"D\u00e2y chuy\u1ec1n xay x\u00e1t g\u1ea1o\" class=\"wp-image-15100\" srcset=\"https:\/\/www.agriculture-machine.com\/wp-content\/uploads\/2023\/11\/rice-mill-plant.webp 720w, https:\/\/www.agriculture-machine.com\/wp-content\/uploads\/2023\/11\/rice-mill-plant-360x270.webp 360w, https:\/\/www.agriculture-machine.com\/wp-content\/uploads\/2023\/11\/rice-mill-plant-240x180.webp 240w\" sizes=\"auto, (max-width: 720px) 100vw, 720px\" \/><figcaption class=\"wp-element-caption\">D\u00e2y chuy\u1ec1n xay x\u00e1t g\u1ea1o<\/figcaption><\/figure> <\/figure>    <h2 class=\"wp-block-heading\">Th\u00f4ng s\u1ed1 k\u1ef9 thu\u1eadt d\u00e2y chuy\u1ec1n xay x\u00e1t g\u1ea1o 15TPD<\/h2>    <figure class=\"wp-block-table is-style-stripes\"><table><tbody><tr><td class=\"has-text-align-center\" data-align=\"center\"><strong>Kh\u00f4ng.<\/strong><\/td><td class=\"has-text-align-center\" data-align=\"center\"><strong>M\u1ee5c<\/strong><\/td><td class=\"has-text-align-center\" data-align=\"center\"><strong>M\u1eabu<\/strong><\/td><td class=\"has-text-align-center\" data-align=\"center\"><strong>C\u00f4ng su\u1ea5t\uff08KW\uff09<\/strong><\/td><\/tr><tr><td class=\"has-text-align-center\" data-align=\"center\">1<\/td><td class=\"has-text-align-center\" data-align=\"center\">Thang m\u00e1y<\/td><td class=\"has-text-align-center\" data-align=\"center\">TDTG18\/07<\/td><td class=\"has-text-align-center\" data-align=\"center\">0.75<\/td><\/tr><tr><td class=\"has-text-align-center\" data-align=\"center\">2<\/td><td class=\"has-text-align-center\" data-align=\"center\">M\u00e1y t\u00e1ch s\u1ea1n g\u1ea1o<\/td><td class=\"has-text-align-center\" data-align=\"center\">ZQS50<\/td><td class=\"has-text-align-center\" data-align=\"center\">0.75+0.75<\/td><\/tr><tr><td class=\"has-text-align-center\" data-align=\"center\">3<\/td><td class=\"has-text-align-center\" data-align=\"center\">Thang m\u00e1y<\/td><td class=\"has-text-align-center\" data-align=\"center\">TDTG18\/07*2<\/td><td class=\"has-text-align-center\" data-align=\"center\">0.75<\/td><\/tr><tr><td class=\"has-text-align-center\" data-align=\"center\">4<\/td><td class=\"has-text-align-center\" data-align=\"center\">M\u00e1y xay g\u1ea1o paddy (L\u00f4 cao su 6 inch)&nbsp;<\/td><td class=\"has-text-align-center\" data-align=\"center\">LG15<\/td><td class=\"has-text-align-center\" data-align=\"center\">4<\/td><\/tr><tr><td class=\"has-text-align-center\" data-align=\"center\">5<\/td><td class=\"has-text-align-center\" data-align=\"center\">M\u00e1y t\u00e1ch s\u1ea1n g\u1ea1o paddy tr\u1ecdng l\u1ef1c<\/td><td class=\"has-text-align-center\" data-align=\"center\">MGCZ70*5<\/td><td class=\"has-text-align-center\" data-align=\"center\">0.75<\/td><\/tr><tr><td class=\"has-text-align-center\" data-align=\"center\">6<\/td><td class=\"has-text-align-center\" data-align=\"center\">&nbsp;M\u00e1y xay g\u1ea1o (\u0110\u0129a m\u00e0i h\u1ee3p kim m\u00e0i m\u00f2n)<\/td><td class=\"has-text-align-center\" data-align=\"center\">NS150<\/td><td class=\"has-text-align-center\" data-align=\"center\">15<\/td><\/tr><tr><td class=\"has-text-align-center\" data-align=\"center\">7<\/td><td class=\"has-text-align-center\" data-align=\"center\">M\u00e1y ph\u00e2n lo\u1ea1i g\u1ea1o<\/td><td class=\"has-text-align-center\" data-align=\"center\">40<\/td><td class=\"has-text-align-center\" data-align=\"center\">0.55<\/td><\/tr><\/tbody><\/table><\/figure>    <h2 class=\"wp-block-heading\">Gi\u1edbi thi\u1ec7u v\u1ec1 thi\u1ebft b\u1ecb xay x\u00e1t g\u1ea1o t\u00edch h\u1ee3p 15TPD<\/h2>    <p>D\u00e2y chuy\u1ec1n g\u1ea1o 15 t\u1ea5n\/ng\u00e0y n\u00e0y t\u1ef1 \u0111\u1ed9ng h\u00f3a to\u00e0n b\u1ed9 qu\u00e1 tr\u00ecnh, ph\u00f9 h\u1ee3p s\u1eed d\u1ee5ng ri\u00eang cho n\u00f4ng d\u00e2n, th\u1ecb tr\u1ea5n, tr\u01b0\u1eddng h\u1ecdc, c\u00e1c \u0111\u01a1n v\u1ecb kh\u00e1c, c\u0169ng nh\u01b0 c\u00e1c nh\u00e0 m\u00e1y ch\u1ebf bi\u1ebfn g\u1ea1o nh\u1ecf, doanh nghi\u1ec7p ch\u1ebf bi\u1ebfn h\u1ea1t, h\u1ee3p t\u00e1c x\u00e3 n\u00f4ng nghi\u1ec7p, v\u00e0 c\u00e1c \u0111\u1ecba \u0111i\u1ec3m ch\u1ebf bi\u1ebfn g\u1ea1o kh\u00e1c.<\/p>    <figure class=\"wp-block-gallery has-nested-images columns-default is-cropped wp-block-gallery-3 is-layout-flex wp-block-gallery-is-layout-flex\"> <figure class=\"wp-block-image size-large\"><img loading=\"lazy\" decoding=\"async\" width=\"720\" height=\"540\" data-id=\"15103\" src=\"https:\/\/www.agriculture-machine.com\/wp-content\/uploads\/2023\/11\/industrial-rice-mill.webp\" alt=\"M\u00e1y xay g\u1ea1o c\u00f4ng nghi\u1ec7p\" class=\"wp-image-15103\" srcset=\"https:\/\/www.agriculture-machine.com\/wp-content\/uploads\/2023\/11\/industrial-rice-mill.webp 720w, https:\/\/www.agriculture-machine.com\/wp-content\/uploads\/2023\/11\/industrial-rice-mill-360x270.webp 360w, https:\/\/www.agriculture-machine.com\/wp-content\/uploads\/2023\/11\/industrial-rice-mill-240x180.webp 240w\" sizes=\"auto, (max-width: 720px) 100vw, 720px\" \/><figcaption class=\"wp-element-caption\">M\u00e1y xay g\u1ea1o c\u00f4ng nghi\u1ec7p<\/figcaption><\/figure>    <figure class=\"wp-block-image size-large\"><img loading=\"lazy\" decoding=\"async\" width=\"720\" height=\"540\" data-id=\"15102\" src=\"https:\/\/www.agriculture-machine.com\/wp-content\/uploads\/2023\/11\/commercial-rice-milling-machine.webp\" alt=\"M\u00e1y xay x\u00e1t g\u1ea1o th\u01b0\u01a1ng m\u1ea1i\" class=\"wp-image-15102\" srcset=\"https:\/\/www.agriculture-machine.com\/wp-content\/uploads\/2023\/11\/commercial-rice-milling-machine.webp 720w, https:\/\/www.agriculture-machine.com\/wp-content\/uploads\/2023\/11\/commercial-rice-milling-machine-360x270.webp 360w, https:\/\/www.agriculture-machine.com\/wp-content\/uploads\/2023\/11\/commercial-rice-milling-machine-240x180.webp 240w\" sizes=\"auto, (max-width: 720px) 100vw, 720px\" \/><figcaption class=\"wp-element-caption\">M\u00e1y xay x\u00e1t g\u1ea1o th\u01b0\u01a1ng m\u1ea1i<\/figcaption><\/figure> <\/figure>    <h2 class=\"wp-block-heading\">Ph\u1ea3n h\u1ed3i video v\u1ec1 hi\u1ec7n tr\u01b0\u1eddng l\u00e0m vi\u1ec7c<\/h2>    <figure class=\"wp-block-embed is-type-video is-provider-youtube wp-block-embed-youtube wp-embed-aspect-16-9 wp-has-aspect-ratio\"><div class=\"wp-block-embed__wrapper\"> <iframe loading=\"lazy\" title=\"B\u1ed9 x\u1eed l\u00fd xay x\u00e1t g\u1ea1o nh\u1ecf hi\u1ec7u qu\u1ea3 cao: S\u1ea3n xu\u1ea5t g\u1ea1o ch\u1ea5t l\u01b0\u1ee3ng t\u1ed1t t\u1ef1 \u0111\u1ed9ng b\u1ea1n c\u1ea7n\" width=\"500\" height=\"281\" src=\"https:\/\/www.youtube.com\/embed\/etQycQKF09A?feature=oembed\" frameborder=\"0\" allow=\"accelerometer; autoplay; clipboard-write; encrypted-media; gyroscope; picture-in-picture; web-share\" referrerpolicy=\"strict-origin-when-cross-origin\" allowfullscreen><\/iframe> <\/div><\/figure>    <h2 class=\"wp-block-heading\">\u01afu \u0111i\u1ec3m c\u1ee7a m\u00e1y xay x\u00e1t g\u1ea1o th\u01b0\u01a1ng m\u1ea1i<\/h2>    <div class=\"wp-block-media-text is-stacked-on-mobile\"><figure class=\"wp-block-media-text__media\"><img loading=\"lazy\" decoding=\"async\" width=\"405\" height=\"540\" src=\"https:\/\/www.agriculture-machine.com\/wp-content\/uploads\/2023\/11\/rice-mill-applications-405x540.webp\" alt=\"\u1ee9ng d\u1ee5ng m\u00e1y xay g\u1ea1o\" class=\"wp-image-15099 size-full\" srcset=\"https:\/\/www.agriculture-machine.com\/wp-content\/uploads\/2023\/11\/rice-mill-applications-405x540.webp 405w, https:\/\/www.agriculture-machine.com\/wp-content\/uploads\/2023\/11\/rice-mill-applications-203x270.webp 203w, https:\/\/www.agriculture-machine.com\/wp-content\/uploads\/2023\/11\/rice-mill-applications.webp 540w\" sizes=\"auto, (max-width: 405px) 100vw, 405px\" \/><\/figure><div class=\"wp-block-media-text__content\"> <ol class=\"wp-block-list\"> <li>Ti\u1ebfng \u1ed3n th\u1ea5p, kh\u00f4ng \u00f4 nhi\u1ec5m b\u1ee5i;<\/li>    <li>D\u00e2y chuy\u1ec1n t\u1ef1 \u0111\u1ed9ng ho\u00e0n to\u00e0n, gi\u1ea3m thi\u1ec3u can thi\u1ec7p th\u1ee7 c\u00f4ng;<\/li>    <li>C\u1ea5u tr\u00fac \u0111\u01a1n gi\u1ea3n, d\u1ec5 b\u1ea3o tr\u00ec v\u00e0 v\u1eadn h\u00e0nh, gi\u00e1 th\u00e0nh t\u01b0\u01a1ng \u0111\u1ed1i th\u1ea5p;<\/li>    <li>Ph\u1ea7n g\u1ea1o tr\u1ea5u s\u1ea3n xu\u1ea5t ra c\u00f3 th\u1ec3 d\u00f9ng l\u00e0m th\u1ee9c \u0103n cho gia s\u00fac;<\/li>    <li>T\u1ef7 l\u1ec7 l\u00e0m s\u1ea1ch cao. Trang b\u1ecb m\u00e1y t\u00e1ch s\u1ea1n, c\u00f3 th\u1ec3 lo\u1ea1i b\u1ecf h\u01a1n 90% t\u1ea1p ch\u1ea5t;<\/li>    <li>Ch\u1ea5t li\u1ec7u v\u00e0 quy tr\u00ecnh s\u1ea3n xu\u1ea5t cao c\u1ea5p mang l\u1ea1i \u0111\u1ed9 b\u1ec1n v\u01b0\u1ee3t tr\u1ed9i v\u00e0 chi ph\u00ed b\u1ea3o tr\u00ec th\u1ea5p.<\/li> <\/ol>    <p class=\"translation-block\">Ngo\u00e0i ra, ch\u00fang t\u00f4i c\u00f2n s\u1ea3n xu\u1ea5t m\u00e1y m\u00f3c v\u1edbi b\u1ed1n c\u00e0i \u0111\u1eb7t ti\u00eau chu\u1ea9n 20, 25, v\u00e0 30 t\u1ea5n m\u1ed7i gi\u1edd v\u1edbi c\u00e1c \u0111\u1ea7u ra kh\u00e1c nhau, \u0111\u1ec3 b\u1ea1n c\u00f3 th\u1ec3 l\u1ef1a ch\u1ecdn ph\u00f9 h\u1ee3p v\u1edbi quy m\u00f4 ng\u00e0nh c\u00f4ng nghi\u1ec7p v\u00e0 ng\u00e2n s\u00e1ch c\u1ee7a m\u00ecnh.<\/p> <\/div><\/div>    <h2 class=\"wp-block-heading\">Danh s\u00e1ch m\u00e1y ch\u00ednh c\u1ee7a d\u00e2y chuy\u1ec1n xay x\u00e1t g\u1ea1o<\/h2>    <p>To\u00e0n b\u1ed9 d\u00e2y chuy\u1ec1n xay x\u00e1t g\u1ea1o ch\u1ee7 y\u1ebfu g\u1ed3m c\u00e1c m\u00e1y sau: hai thang m\u00e1y, m\u00e1y t\u00e1ch s\u1ea1n g\u1ea1o paddy, m\u00e1y xay v\u1ecf g\u1ea1o, m\u00e1y ph\u00e2n lo\u1ea1i tr\u1ecdng l\u1ef1c g\u1ea1o paddy, v\u00e0 m\u00e1y xay g\u1ea1o. \u0110\u00e2y l\u00e0 d\u00e2y chuy\u1ec1n xay x\u00e1t g\u1ea1o c\u01a1 b\u1ea3n nh\u1ea5t.<\/p>    <p>G\u1ea1o paddy \u0111\u01b0\u1ee3c \u0111\u01b0a v\u00e0o m\u00e1y l\u00e0m s\u1ea1ch v\u00e0 t\u00e1ch s\u1ea1n b\u1eb1ng m\u1ed9t thang m\u00e1y \u0111\u1ec3 lo\u1ea1i b\u1ecf t\u1ea1p ch\u1ea5t l\u1edbn v\u00e0 \u0111\u00e1 b\u00ean c\u1ea1nh, sau \u0111\u00f3 \u0111\u01b0a v\u00e0o m\u00e1y xay v\u1ecf b\u1eb1ng thang m\u00e1y \u0111\u00f4i \u0111\u1ec3 t\u00e1ch v\u1ecf. <\/p>    <p>Thang m\u00e1y v\u1eadn chuy\u1ec3n g\u1ea1o paddy v\u00e0o m\u00e1y s\u00e0ng \u0111\u1ec3 ph\u00e2n lo\u1ea1i, g\u1ea1o ch\u01b0a xay v\u1ecf \u0111\u01b0\u1ee3c tr\u1ea3 l\u1ea1i m\u00e1y xay v\u1ecf \u0111\u1ec3 x\u1eed l\u00fd l\u1ea7n n\u1eefa, trong khi g\u1ea1o l\u1ee9t \u0111i v\u00e0o m\u00e1y xay g\u1ea1o, n\u01a1i g\u1ea1o \u0111\u01b0\u1ee3c nghi\u1ec1n \u0111\u1ec3 x\u1eed l\u00fd s\u00e2u h\u01a1n, cu\u1ed1i c\u00f9ng s\u00e0ng l\u1ecdc g\u1ea1o v\u1ee1. Chi ti\u1ebft t\u1eebng thi\u1ebft b\u1ecb nh\u01b0 sau.<\/p>    <figure class=\"wp-block-image size-full\"><img loading=\"lazy\" decoding=\"async\" width=\"720\" height=\"540\" src=\"https:\/\/www.agriculture-machine.com\/wp-content\/uploads\/2023\/11\/15TPD-white-rice-making-line-structure.webp\" alt=\"C\u1ea5u tr\u00fac d\u00e2y chuy\u1ec1n s\u1ea3n xu\u1ea5t g\u1ea1o tr\u1eafng 15TPD\" class=\"wp-image-15147\" srcset=\"https:\/\/www.agriculture-machine.com\/wp-content\/uploads\/2023\/11\/15TPD-white-rice-making-line-structure.webp 720w, https:\/\/www.agriculture-machine.com\/wp-content\/uploads\/2023\/11\/15TPD-white-rice-making-line-structure-360x270.webp 360w, https:\/\/www.agriculture-machine.com\/wp-content\/uploads\/2023\/11\/15TPD-white-rice-making-line-structure-240x180.webp 240w\" sizes=\"auto, (max-width: 720px) 100vw, 720px\" \/><figcaption class=\"wp-element-caption\">C\u1ea5u tr\u00fac d\u00e2y chuy\u1ec1n s\u1ea3n xu\u1ea5t g\u1ea1o tr\u1eafng 15TPD<\/figcaption><\/figure>    <h2 class=\"wp-block-heading\">Quy tr\u00ecnh l\u00e0m vi\u1ec7c c\u1ee7a d\u00e2y chuy\u1ec1n x\u1eed l\u00fd g\u1ea1o tr\u1eafng<\/h2>   <div id=\"rank-math-faq\" class=\"rank-math-block\"> <div class=\"rank-math-list\"> <div id=\"faq-question-1699512742461\" class=\"rank-math-list-item\"> <h3 class=\"rank-math-question\">1. M\u00e1y t\u00e1ch s\u1ea1n g\u1ea1o<\/h3> <div class=\"rank-math-answer\">  <p>Thi\u1ebft b\u1ecb n\u00e0y c\u00f3 2 l\u1edbp l\u01b0\u1edbi, l\u1edbp tr\u00ean ch\u1ee7 y\u1ebfu lo\u1ea1i b\u1ecf r\u01a1m r\u1ea1 l\u1edbn, l\u1edbp d\u01b0\u1edbi lo\u1ea1i b\u1ecf \u0111\u00e1.<\/p>  <\/div> <\/div> <div id=\"faq-question-1699512762727\" class=\"rank-math-list-item\"> <h3 class=\"rank-math-question\">2. M\u00e1y xay v\u1ecf g\u1ea1o paddy<\/h3> <div class=\"rank-math-answer\">  <p>Ch\u1ee9c n\u0103ng c\u1ee7a thi\u1ebft b\u1ecb n\u00e0y l\u00e0 lo\u1ea1i b\u1ecf v\u1ecf v\u00e0 h\u1ed7n h\u1ee3p g\u1ea1o l\u1ee9t v\u00e0 g\u1ea1o paddy thu \u0111\u01b0\u1ee3c. T\u1ef7 l\u1ec7 xay v\u1ecf \u0111\u1ea1t t\u1edbi 85-90 ph\u1ea7n tr\u0103m.<\/p>  <\/div> <\/div> <div id=\"faq-question-1699512816614\" class=\"rank-math-list-item\"> <h3 class=\"rank-math-question\">M\u00e1y t\u00e1ch s\u1ea1n g\u1ea1o paddy tr\u1ecdng l\u1ef1c<\/h3> <div class=\"rank-math-answer\">  <p>Thi\u1ebft b\u1ecb n\u00e0y \u0111\u01b0\u1ee3c chia th\u00e0nh ba khu v\u1ef1c, theo th\u1ee9 t\u1ef1 g\u1ea1o n\u00e2u, h\u1ed7n h\u1ee3p g\u1ea1o l\u1ee9t v\u00e0 g\u1ea1o paddy. G\u1ea1o paddy \u0111\u01b0\u1ee3c tr\u1ea3 l\u1ea1i m\u00e1y xay \u0111\u1ec3 x\u1eed l\u00fd l\u1ea7n hai, trong khi g\u1ea1o l\u1ee9t c\u00f3 th\u1ec3 \u0111i v\u00e0o m\u00e1y xay g\u1ea1o.<\/p>  <\/div> <\/div> <div id=\"faq-question-1699512826277\" class=\"rank-math-list-item\"> <h3 class=\"rank-math-question\">4. M\u00e1y xay x\u00e1t g\u1ea1o<\/h3> <div class=\"rank-math-answer\">  <p>M\u00e1y xay x\u00e1t trung t\u00e2m nh\u1ea5t trong d\u00e2y chuy\u1ec1n g\u1ea1o xay gi\u00fap nghi\u1ec1n c\u00e1c h\u1ea1t \u0111\u00e3 \u0111\u01b0\u1ee3c xay v\u1ecf. B\u01b0\u1edbc n\u00e0y gi\u00fap t\u00e1ch g\u1ea1o ho\u1eb7c b\u1ed9t m\u1ecbn h\u01a1n n\u1eefa.<\/p>  <\/div> <\/div> <div id=\"faq-question-1699512836037\" class=\"rank-math-list-item\"> <h3 class=\"rank-math-question\">5. M\u00e1y ph\u00e2n lo\u1ea1i g\u1ea1o<\/h3> <div class=\"rank-math-answer\">  <p>Cu\u1ed1i c\u00f9ng, b\u1ea1n s\u1ebd thu \u0111\u01b0\u1ee3c 2% g\u1ea1o v\u1ee1, ch\u1ee9c n\u0103ng c\u1ee7a thi\u1ebft b\u1ecb n\u00e0y l\u00e0 s\u00e0ng l\u1ecdc g\u1ea1o \u0111\u1ea7y \u0111\u1ee7. Kh\u00f4ng n\u00ean v\u01b0\u1ee3t qu\u00e1 12.5% \u0111\u1ed9 \u1ea9m c\u1ee7a nguy\u00ean li\u1ec7u th\u00f4. N\u1ebfu \u0111\u1ed9 \u1ea9m cao h\u01a1n, t\u1ef7 l\u1ec7 g\u1ea1o v\u1ee1 s\u1ebd t\u0103ng.<\/p>  <\/div> <\/div> <\/div> <\/div>   <figure class=\"wp-block-gallery has-nested-images columns-default is-cropped wp-block-gallery-4 is-layout-flex wp-block-gallery-is-layout-flex\"> <figure class=\"wp-block-image size-large\"><img loading=\"lazy\" decoding=\"async\" width=\"720\" height=\"540\" data-id=\"15105\" src=\"https:\/\/www.agriculture-machine.com\/wp-content\/uploads\/2023\/11\/mini-rice-mill-plant.webp\" alt=\"D\u00e2y chuy\u1ec1n xay g\u1ea1o mini\" class=\"wp-image-15105\" srcset=\"https:\/\/www.agriculture-machine.com\/wp-content\/uploads\/2023\/11\/mini-rice-mill-plant.webp 720w, https:\/\/www.agriculture-machine.com\/wp-content\/uploads\/2023\/11\/mini-rice-mill-plant-360x270.webp 360w, https:\/\/www.agriculture-machine.com\/wp-content\/uploads\/2023\/11\/mini-rice-mill-plant-240x180.webp 240w\" sizes=\"auto, (max-width: 720px) 100vw, 720px\" \/><figcaption class=\"wp-element-caption\">D\u00e2y chuy\u1ec1n xay g\u1ea1o mini<\/figcaption><\/figure>    <figure class=\"wp-block-image size-large\"><img loading=\"lazy\" decoding=\"async\" width=\"720\" height=\"540\" data-id=\"15104\" src=\"https:\/\/www.agriculture-machine.com\/wp-content\/uploads\/2023\/11\/efficient-rice-processing.webp\" alt=\"X\u1eed l\u00fd g\u1ea1o hi\u1ec7u qu\u1ea3\" class=\"wp-image-15104\" srcset=\"https:\/\/www.agriculture-machine.com\/wp-content\/uploads\/2023\/11\/efficient-rice-processing.webp 720w, https:\/\/www.agriculture-machine.com\/wp-content\/uploads\/2023\/11\/efficient-rice-processing-360x270.webp 360w, https:\/\/www.agriculture-machine.com\/wp-content\/uploads\/2023\/11\/efficient-rice-processing-240x180.webp 240w\" sizes=\"auto, (max-width: 720px) 100vw, 720px\" \/><figcaption class=\"wp-element-caption\">X\u1eed l\u00fd g\u1ea1o hi\u1ec7u qu\u1ea3<\/figcaption><\/figure> <\/figure>    <h2 class=\"wp-block-heading\">C\u00e1c tr\u01b0\u1eddng h\u1ee3p th\u00e0nh c\u00f4ng trong x\u1eed l\u00fd g\u1ea1o hi\u1ec7u qu\u1ea3<\/h2>    <p>C\u00e1c nh\u00e0 m\u00e1y xay g\u1ea1o \u0111\u01b0\u1ee3c s\u1eed d\u1ee5ng r\u1ed9ng r\u00e3i tr\u00ean to\u00e0n th\u1ebf gi\u1edbi, \u0111\u1eb7c bi\u1ec7t \u1edf c\u00e1c qu\u1ed1c gia ph\u1ee5 thu\u1ed9c nhi\u1ec1u v\u00e0o c\u00e1c lo\u1ea1i ng\u0169 c\u1ed1c nh\u01b0 g\u1ea1o v\u00e0 l\u00faa m\u00ec l\u00e0m ngu\u1ed3n th\u1ef1c ph\u1ea9m ch\u00ednh. C\u00f4ng ty ch\u00fang t\u00f4i \u0111\u00e3 v\u1eadn chuy\u1ec3n thi\u1ebft b\u1ecb n\u00e0y \u0111\u1ebfn \u1ea4n \u0110\u1ed9, Kenya, Indonesia, Bangladesh, Nigeria, Iran, Ghana, Togo, Malawi, Brazil, Hoa K\u1ef3, Philippines, v\u00e0 nhi\u1ec1u n\u01a1i kh\u00e1c.<\/p>    <p class=\"translation-block\">D\u01b0\u1edbi \u0111\u00e2y l\u00e0 h\u00ecnh \u1ea3nh m\u00e1y \u0111ang \u0111\u01b0\u1ee3c t\u1ea3i v\u00e0 v\u1eadn chuy\u1ec3n v\u00e0 h\u00ecnh \u1ea3nh ch\u00fang t\u00f4i nh\u1eadn \u0111\u01b0\u1ee3c kh\u00e1ch h\u00e0ng \u0111\u1ebfn th\u0103m \u0111\u1ec3 xem nh\u00e0 m\u00e1y<\/p>    <figure class=\"wp-block-gallery has-nested-images columns-default is-cropped wp-block-gallery-5 is-layout-flex wp-block-gallery-is-layout-flex\"> <figure class=\"wp-block-image size-large\"><img loading=\"lazy\" decoding=\"async\" width=\"720\" height=\"540\" data-id=\"15107\" src=\"https:\/\/www.agriculture-machine.com\/wp-content\/uploads\/2023\/11\/paddy-processing-equipment.webp\" alt=\"Thi\u1ebft b\u1ecb x\u1eed l\u00fd g\u1ea1o paddy\" class=\"wp-image-15107\" srcset=\"https:\/\/www.agriculture-machine.com\/wp-content\/uploads\/2023\/11\/paddy-processing-equipment.webp 720w, https:\/\/www.agriculture-machine.com\/wp-content\/uploads\/2023\/11\/paddy-processing-equipment-360x270.webp 360w, https:\/\/www.agriculture-machine.com\/wp-content\/uploads\/2023\/11\/paddy-processing-equipment-240x180.webp 240w\" sizes=\"auto, (max-width: 720px) 100vw, 720px\" \/><figcaption class=\"wp-element-caption\">Thi\u1ebft b\u1ecb x\u1eed l\u00fd g\u1ea1o paddy<\/figcaption><\/figure>    <figure class=\"wp-block-image size-large\"><img loading=\"lazy\" decoding=\"async\" width=\"720\" height=\"540\" data-id=\"15106\" src=\"https:\/\/www.agriculture-machine.com\/wp-content\/uploads\/2023\/11\/advanced-milling-technology.webp\" alt=\"C\u00f4ng ngh\u1ec7 xay x\u00e1t ti\u00ean ti\u1ebfn\" class=\"wp-image-15106\" srcset=\"https:\/\/www.agriculture-machine.com\/wp-content\/uploads\/2023\/11\/advanced-milling-technology.webp 720w, https:\/\/www.agriculture-machine.com\/wp-content\/uploads\/2023\/11\/advanced-milling-technology-360x270.webp 360w, https:\/\/www.agriculture-machine.com\/wp-content\/uploads\/2023\/11\/advanced-milling-technology-240x180.webp 240w\" sizes=\"auto, (max-width: 720px) 100vw, 720px\" \/><figcaption class=\"wp-element-caption\">C\u00f4ng ngh\u1ec7 xay x\u00e1t ti\u00ean ti\u1ebfn<\/figcaption><\/figure> <\/figure>    <p>T\u1ea5t nhi\u00ean, n\u1ebfu b\u1ea1n mu\u1ed1n bi\u1ebft th\u00eam v\u1ec1 th\u00f4ng s\u1ed1 k\u1ef9 thu\u1eadt c\u1ee7a d\u00e2y chuy\u1ec1n g\u1ea1o, c\u00e0i \u0111\u1eb7t v\u00e0 b\u1ea3o tr\u00ec, ho\u1eb7c mu\u1ed1n mua d\u00e2y chuy\u1ec1n s\u1ea3n xu\u1ea5t l\u1edbn h\u01a1n, vui l\u00f2ng duy\u1ec7t trang web c\u1ee7a ch\u00fang t\u00f4i, v\u00e0 b\u1ea1n lu\u00f4n \u0111\u01b0\u1ee3c ch\u00e0o \u0111\u00f3n li\u00ean h\u1ec7 v\u1edbi ch\u00fang t\u00f4i b\u1ea5t c\u1ee9 l\u00fac n\u00e0o, qu\u1ea3n l\u00fd kinh doanh c\u1ee7a ch\u00fang t\u00f4i s\u1ebd ph\u1ea3n h\u1ed3i trong v\u00f2ng 24 gi\u1edd.<\/p>","protected":false},"excerpt":{"rendered":"<p>A complete rice mill plant is a process that helps to separate the husk and bran from the rice paddy to finally produce refined rice. By using our rice milling unit, you can get fully milled, white rice grains that are free from impurities and contain a minimum number of broken grains, and the white [&hellip;]<\/p>\n","protected":false},"author":1,"featured_media":15097,"parent":0,"comment_status":"closed","ping_status":"closed","template":"","tags":[796],"product-type":[875,906],"class_list":["post-15095","product","type-product","status-publish","has-post-thumbnail","hentry","tag-rice","product-type-rice-mill-category","product-type-rice-mill-production-line"],"_links":{"self":[{"href":"https:\/\/www.agriculture-machine.com\/vi\/wp-json\/wp\/v2\/product\/15095","targetHints":{"allow":["GET"]}}],"collection":[{"href":"https:\/\/www.agriculture-machine.com\/vi\/wp-json\/wp\/v2\/product"}],"about":[{"href":"https:\/\/www.agriculture-machine.com\/vi\/wp-json\/wp\/v2\/types\/product"}],"author":[{"embeddable":true,"href":"https:\/\/www.agriculture-machine.com\/vi\/wp-json\/wp\/v2\/users\/1"}],"replies":[{"embeddable":true,"href":"https:\/\/www.agriculture-machine.com\/vi\/wp-json\/wp\/v2\/comments?post=15095"}],"wp:featuredmedia":[{"embeddable":true,"href":"https:\/\/www.agriculture-machine.com\/vi\/wp-json\/wp\/v2\/media\/15097"}],"wp:attachment":[{"href":"https:\/\/www.agriculture-machine.com\/vi\/wp-json\/wp\/v2\/media?parent=15095"}],"wp:term":[{"taxonomy":"post_tag","embeddable":true,"href":"https:\/\/www.agriculture-machine.com\/vi\/wp-json\/wp\/v2\/tags?post=15095"},{"taxonomy":"product-type","embeddable":true,"href":"https:\/\/www.agriculture-machine.com\/vi\/wp-json\/wp\/v2\/product-type?post=15095"}],"curies":[{"name":"wp","href":"https:\/\/api.w.org\/{rel}","templated":true}]}}