{"id":15096,"date":"2023-11-09T15:54:45","date_gmt":"2023-11-09T07:54:45","guid":{"rendered":"https:\/\/www.agriculture-machine.com\/?post_type=product&#038;p=15096"},"modified":"2024-09-18T15:43:21","modified_gmt":"2024-09-18T07:43:21","slug":"paddy-processing-unit","status":"publish","type":"product","link":"https:\/\/www.agriculture-machine.com\/vi\/paddy-processing-unit\/","title":{"rendered":"D Paddy x\u1eed l\u00fd 20 t\u1ea5n\/ng\u00e0y cho nh\u00e0 m\u00e1y g\u1ea1o tr\u1eafng"},"content":{"rendered":"<p class=\"translation-block\"><strong><a href=\"https:\/\/www.agriculture-machine.com\/vi\/rice-milling-plant-machine\/\">\u0110\u01a1n v\u1ecb x\u1eed l\u00fd l\u00faa g\u1ea1o<\/a><\/strong> l\u00e0 m\u1ed9t h\u1ec7 th\u1ed1ng thi\u1ebft b\u1ecb \u0111\u01b0\u1ee3c thi\u1ebft k\u1ebf \u0111\u1eb7c bi\u1ec7t \u0111\u1ec3 x\u1eed l\u00fd g\u1ea1o b\u1eb1ng c\u00e1ch lo\u1ea1i b\u1ecf l\u00faa kh\u1ecfi v\u1ecf tr\u1ea5u v\u00e0 s\u1ea3n xu\u1ea5t g\u1ea1o ch\u1ea5t l\u01b0\u1ee3ng cao. D\u00e2y chuy\u1ec1n n\u00e0y th\u01b0\u1eddng bao g\u1ed3m c\u00e1c c\u00f4ng \u0111o\u1ea1n nh\u01b0 t\u00e1ch v\u1ecf, t\u00e1ch v\u1ecf, lo\u1ea1i b\u1ecf r\u01a1m r\u1ea1 v\u00e0 s\u00e0ng l\u1ecdc, v\u1edbi m\u1ed7i b\u01b0\u1edbc \u0111\u01b0\u1ee3c th\u1ef1c hi\u1ec7n b\u1edfi c\u00e1c m\u00e1y m\u00f3c v\u00e0 thi\u1ebft b\u1ecb c\u1ee5 th\u1ec3 ho\u1ea1t \u0111\u1ed9ng ph\u1ed1i h\u1ee3p.<\/p>    <figure class=\"wp-block-gallery has-nested-images columns-default is-cropped wp-block-gallery-2 is-layout-flex wp-block-gallery-is-layout-flex\"> <figure class=\"wp-block-image size-large\"><img loading=\"lazy\" decoding=\"async\" width=\"405\" height=\"540\" data-id=\"15110\" src=\"https:\/\/www.agriculture-machine.com\/wp-content\/uploads\/2023\/11\/white-rice-making-plant-405x540.webp\" alt=\"Nh\u00e0 m\u00e1y s\u1ea3n xu\u1ea5t g\u1ea1o tr\u1eafng\" class=\"wp-image-15110\" srcset=\"https:\/\/www.agriculture-machine.com\/wp-content\/uploads\/2023\/11\/white-rice-making-plant-405x540.webp 405w, https:\/\/www.agriculture-machine.com\/wp-content\/uploads\/2023\/11\/white-rice-making-plant-203x270.webp 203w, https:\/\/www.agriculture-machine.com\/wp-content\/uploads\/2023\/11\/white-rice-making-plant.webp 540w\" sizes=\"auto, (max-width: 405px) 100vw, 405px\" \/><figcaption class=\"wp-element-caption\">Nh\u00e0 m\u00e1y s\u1ea3n xu\u1ea5t g\u1ea1o tr\u1eafng<\/figcaption><\/figure>    <figure class=\"wp-block-image size-large\"><img loading=\"lazy\" decoding=\"async\" width=\"405\" height=\"540\" data-id=\"15109\" src=\"https:\/\/www.agriculture-machine.com\/wp-content\/uploads\/2023\/11\/paddy-processing-unit-405x540.webp\" alt=\"\u0111\u01a1n v\u1ecb x\u1eed l\u00fd l\u00faa g\u1ea1o\" class=\"wp-image-15109\" srcset=\"https:\/\/www.agriculture-machine.com\/wp-content\/uploads\/2023\/11\/paddy-processing-unit-405x540.webp 405w, https:\/\/www.agriculture-machine.com\/wp-content\/uploads\/2023\/11\/paddy-processing-unit-203x270.webp 203w, https:\/\/www.agriculture-machine.com\/wp-content\/uploads\/2023\/11\/paddy-processing-unit.webp 540w\" sizes=\"auto, (max-width: 405px) 100vw, 405px\" \/><figcaption class=\"wp-element-caption\">\u0111\u01a1n v\u1ecb x\u1eed l\u00fd l\u00faa g\u1ea1o<\/figcaption><\/figure> <\/figure>    <p class=\"translation-block\"><strong><a href=\"https:\/\/www.agriculture-machine.com\/vi\/rice-mill-category\/rice-mill-production-line\/\">D\u00e2y chuy\u1ec1n xay g\u1ea1o<\/a><\/strong> c\u00f3 th\u1ec3 kh\u00e1c nhau v\u1ec1 k\u00edch th\u01b0\u1edbc v\u00e0 c\u00f4ng su\u1ea5t t\u00f9y theo nhu c\u1ea7u, t\u1eeb s\u1eed d\u1ee5ng nh\u1ecf t\u1ea1i gia \u0111\u1ebfn c\u00f4ng nghi\u1ec7p quy m\u00f4 l\u1edbn.<\/p>    <h2 class=\"wp-block-heading\">Th\u00f4ng s\u1ed1 k\u1ef9 thu\u1eadt c\u1ee7a \u0111\u01a1n v\u1ecb x\u1eed l\u00fd l\u00faa g\u1ea1o 20TPD<\/h2>    <figure class=\"wp-block-table is-style-stripes\"><table><tbody><tr><td class=\"has-text-align-center\" data-align=\"center\"><strong>Kh\u00f4ng.<\/strong><\/td><td class=\"has-text-align-center\" data-align=\"center\"><strong>M\u1ee5c<\/strong><\/td><td class=\"has-text-align-center\" data-align=\"center\"><strong>C\u00f4ng su\u1ea5t\uff08KW\uff09<\/strong><\/td><td class=\"has-text-align-center\" data-align=\"center\"><strong>C\u00f4ng su\u1ea5t\uff08KW\uff09<\/strong><\/td><\/tr><tr><td class=\"has-text-align-center\" data-align=\"center\">1<\/td><td class=\"has-text-align-center\" data-align=\"center\">Thang m\u00e1y<\/td><td class=\"has-text-align-center\" data-align=\"center\">TDTG18\/08<\/td><td class=\"has-text-align-center\" data-align=\"center\">0.75<\/td><\/tr><tr><td class=\"has-text-align-center\" data-align=\"center\">2<\/td><td class=\"has-text-align-center\" data-align=\"center\">M\u00e1y l\u00e0m s\u1ea1ch s\u01a1 b\u1ed9 &nbsp;<\/td><td class=\"has-text-align-center\" data-align=\"center\">SCQY40<\/td><td class=\"has-text-align-center\" data-align=\"center\">0.55<\/td><\/tr><tr><td class=\"has-text-align-center\" data-align=\"center\">3<\/td><td class=\"has-text-align-center\" data-align=\"center\">M\u00e1y t\u00e1ch s\u1ea1n g\u1ea1o<\/td><td class=\"has-text-align-center\" data-align=\"center\">ZQS50A<\/td><td class=\"has-text-align-center\" data-align=\"center\">1.1+1.5<\/td><\/tr><tr><td class=\"has-text-align-center\" data-align=\"center\">4<\/td><td class=\"has-text-align-center\" data-align=\"center\">Thang m\u00e1y<\/td><td class=\"has-text-align-center\" data-align=\"center\">TDTG18\/08*2<\/td><td class=\"has-text-align-center\" data-align=\"center\">0.75<\/td><\/tr><tr><td class=\"has-text-align-center\" data-align=\"center\">5<\/td><td class=\"has-text-align-center\" data-align=\"center\">M\u00e1y t\u00e1ch v\u1ecf l\u00faa (L\u00f4 cao su 6 inch)<\/td><td class=\"has-text-align-center\" data-align=\"center\">LG15A<\/td><td class=\"has-text-align-center\" data-align=\"center\">4<\/td><\/tr><tr><td class=\"has-text-align-center\" data-align=\"center\">6<\/td><td class=\"has-text-align-center\" data-align=\"center\">M\u00e1y t\u00e1ch s\u1ea1n g\u1ea1o paddy tr\u1ecdng l\u1ef1c<\/td><td class=\"has-text-align-center\" data-align=\"center\">MGCZ70*5A<\/td><td class=\"has-text-align-center\" data-align=\"center\">0.75<\/td><\/tr><tr><td class=\"has-text-align-center\" data-align=\"center\">7<\/td><td class=\"has-text-align-center\" data-align=\"center\">M\u00e1y xay g\u1ea1o (\u0110\u0129a m\u00e0i h\u1ee3p kim m\u00e0i m\u00f2n)<\/td><td class=\"has-text-align-center\" data-align=\"center\">NS150<\/td><td class=\"has-text-align-center\" data-align=\"center\">15<\/td><\/tr><tr><td class=\"has-text-align-center\" data-align=\"center\">8<\/td><td class=\"has-text-align-center\" data-align=\"center\">M\u00e1y ph\u00e2n lo\u1ea1i g\u1ea1o<\/td><td class=\"has-text-align-center\" data-align=\"center\">40<\/td><td class=\"has-text-align-center\" data-align=\"center\">0.55<\/td><\/tr><\/tbody><\/table><\/figure>    <h2 class=\"wp-block-heading\">Hi\u1ec3n th\u1ecb nguy\u00ean li\u1ec7u th\u00f4 c\u00f3 th\u1ec3 x\u1eed l\u00fd c\u1ee7a \u0111\u01a1n v\u1ecb x\u1eed l\u00fd l\u00faa g\u1ea1o<\/h2>    <p>Nguy\u00ean li\u1ec7u ch\u00ednh cho d\u00e2y chuy\u1ec1n s\u1ea3n xu\u1ea5t g\u1ea1o l\u00e0 l\u00faa, th\u01b0\u1eddng l\u00e0 h\u1ea1t ch\u01b0a qua x\u1eed l\u00fd. L\u00faa m\u1ea1ch v\u00e0 l\u00faa m\u00ec c\u0169ng c\u00f3 th\u1ec3 \u0111\u01b0\u1ee3c x\u1eed l\u00fd.<\/p>    <figure class=\"wp-block-gallery has-nested-images columns-default is-cropped wp-block-gallery-3 is-layout-flex wp-block-gallery-is-layout-flex\"> <figure class=\"wp-block-image size-large\"><img loading=\"lazy\" decoding=\"async\" width=\"720\" height=\"540\" data-id=\"15117\" src=\"https:\/\/www.agriculture-machine.com\/wp-content\/uploads\/2023\/11\/rice-paddy.webp\" alt=\"L\u00faa g\u1ea1o\" class=\"wp-image-15117\" srcset=\"https:\/\/www.agriculture-machine.com\/wp-content\/uploads\/2023\/11\/rice-paddy.webp 720w, https:\/\/www.agriculture-machine.com\/wp-content\/uploads\/2023\/11\/rice-paddy-360x270.webp 360w, https:\/\/www.agriculture-machine.com\/wp-content\/uploads\/2023\/11\/rice-paddy-240x180.webp 240w\" sizes=\"auto, (max-width: 720px) 100vw, 720px\" \/><figcaption class=\"wp-element-caption\">L\u00faa g\u1ea1o<\/figcaption><\/figure>    <figure class=\"wp-block-image size-large\"><img loading=\"lazy\" decoding=\"async\" width=\"720\" height=\"540\" data-id=\"15116\" src=\"https:\/\/www.agriculture-machine.com\/wp-content\/uploads\/2023\/11\/rice-crops.webp\" alt=\"m\u00f9a v\u1ee5 l\u00faa\" class=\"wp-image-15116\" srcset=\"https:\/\/www.agriculture-machine.com\/wp-content\/uploads\/2023\/11\/rice-crops.webp 720w, https:\/\/www.agriculture-machine.com\/wp-content\/uploads\/2023\/11\/rice-crops-360x270.webp 360w, https:\/\/www.agriculture-machine.com\/wp-content\/uploads\/2023\/11\/rice-crops-240x180.webp 240w\" sizes=\"auto, (max-width: 720px) 100vw, 720px\" \/><figcaption class=\"wp-element-caption\">m\u00f9a v\u1ee5 l\u00faa<\/figcaption><\/figure> <\/figure>    <h2 class=\"wp-block-heading\">S\u1ea3n ph\u1ea9m ho\u00e0n ch\u1ec9nh b\u1ea1n c\u00f3 th\u1ec3 nh\u1eadn \u0111\u01b0\u1ee3c<\/h2>    <p>C\u00e1c d\u00e2y chuy\u1ec1n xay g\u1ea1o th\u01b0\u1eddng s\u1ea3n xu\u1ea5t ra g\u1ea1o tr\u1eafng, lo\u1ea1i b\u1ecf l\u1edbp c\u00e1m ngo\u00e0i (r\u01a1m r\u1ea1). G\u1ea1o tr\u1eafng n\u00e0y th\u01b0\u1eddng \u0111\u01b0\u1ee3c \u01b0a chu\u1ed9ng h\u01a1n v\u00ec c\u00f3 v\u1ecb ngon v\u00e0 h\u00ecnh th\u1ee9c \u0111\u1eb9p. <\/p>    <p>Ngo\u00e0i ra, v\u1ecf tr\u1ea5u thu \u0111\u01b0\u1ee3c t\u1eeb m\u00e1y t\u00e1ch v\u1ecf c\u00f3 th\u1ec3 \u0111\u01b0\u1ee3c nghi\u1ec1n nh\u1ecf v\u00e0 sau \u0111\u00f3 ch\u1ebf bi\u1ebfn th\u00e0nh th\u1ee9c \u0103n ch\u0103n nu\u00f4i.<\/p>    <p>C\u00e1c d\u00e2y chuy\u1ec1n s\u1ea3n xu\u1ea5t g\u1ea1o kh\u00e1c nhau c\u00f3 th\u1ec3 s\u1ea3n xu\u1ea5t c\u00e1c lo\u1ea1i g\u1ea1o kh\u00e1c nhau, nh\u01b0 g\u1ea1o th\u01a1m d\u00e0i h\u1ea1t, g\u1ea1o ng\u1eafn h\u1ea1t, g\u1ea1o l\u1ee9t, v.v., \u0111\u1ec3 \u0111\u00e1p \u1ee9ng c\u00e1c nhu c\u1ea7u th\u1ecb tr\u01b0\u1eddng \u0111a d\u1ea1ng.<\/p>    <figure class=\"wp-block-gallery has-nested-images columns-default is-cropped wp-block-gallery-4 is-layout-flex wp-block-gallery-is-layout-flex\"> <figure class=\"wp-block-image size-large\"><img loading=\"lazy\" decoding=\"async\" width=\"720\" height=\"540\" data-id=\"15118\" src=\"https:\/\/www.agriculture-machine.com\/wp-content\/uploads\/2023\/11\/polished-rice.webp\" alt=\"G\u1ea1o \u0111\u00e3 \u0111\u00e1nh b\u00f3ng\" class=\"wp-image-15118\" srcset=\"https:\/\/www.agriculture-machine.com\/wp-content\/uploads\/2023\/11\/polished-rice.webp 720w, https:\/\/www.agriculture-machine.com\/wp-content\/uploads\/2023\/11\/polished-rice-360x270.webp 360w, https:\/\/www.agriculture-machine.com\/wp-content\/uploads\/2023\/11\/polished-rice-240x180.webp 240w\" sizes=\"auto, (max-width: 720px) 100vw, 720px\" \/><figcaption class=\"wp-element-caption\">G\u1ea1o \u0111\u00e3 \u0111\u00e1nh b\u00f3ng<\/figcaption><\/figure>    <figure class=\"wp-block-image size-large\"><img loading=\"lazy\" decoding=\"async\" width=\"720\" height=\"540\" data-id=\"15119\" src=\"https:\/\/www.agriculture-machine.com\/wp-content\/uploads\/2023\/11\/white-rice-production.webp\" alt=\"S\u1ea3n xu\u1ea5t g\u1ea1o tr\u1eafng\" class=\"wp-image-15119\" srcset=\"https:\/\/www.agriculture-machine.com\/wp-content\/uploads\/2023\/11\/white-rice-production.webp 720w, https:\/\/www.agriculture-machine.com\/wp-content\/uploads\/2023\/11\/white-rice-production-360x270.webp 360w, https:\/\/www.agriculture-machine.com\/wp-content\/uploads\/2023\/11\/white-rice-production-240x180.webp 240w\" sizes=\"auto, (max-width: 720px) 100vw, 720px\" \/><figcaption class=\"wp-element-caption\">S\u1ea3n xu\u1ea5t g\u1ea1o tr\u1eafng<\/figcaption><\/figure> <\/figure>    <figure class=\"wp-block-gallery has-nested-images columns-default is-cropped wp-block-gallery-5 is-layout-flex wp-block-gallery-is-layout-flex\"> <figure class=\"wp-block-image size-large\"><img loading=\"lazy\" decoding=\"async\" width=\"405\" height=\"540\" data-id=\"15137\" src=\"https:\/\/www.agriculture-machine.com\/wp-content\/uploads\/2023\/11\/white-and-brown-rice-405x540.webp\" alt=\"G\u1ea1o tr\u1eafng v\u00e0 g\u1ea1o l\u1ee9t\" class=\"wp-image-15137\" srcset=\"https:\/\/www.agriculture-machine.com\/wp-content\/uploads\/2023\/11\/white-and-brown-rice-405x540.webp 405w, https:\/\/www.agriculture-machine.com\/wp-content\/uploads\/2023\/11\/white-and-brown-rice-203x270.webp 203w, https:\/\/www.agriculture-machine.com\/wp-content\/uploads\/2023\/11\/white-and-brown-rice.webp 540w\" sizes=\"auto, (max-width: 405px) 100vw, 405px\" \/><figcaption class=\"wp-element-caption\">G\u1ea1o tr\u1eafng v\u00e0 g\u1ea1o l\u1ee9t<\/figcaption><\/figure>    <figure class=\"wp-block-image size-large\"><img loading=\"lazy\" decoding=\"async\" width=\"405\" height=\"540\" data-id=\"15138\" src=\"https:\/\/www.agriculture-machine.com\/wp-content\/uploads\/2023\/11\/white-rice-production-1-405x540.webp\" alt=\"S\u1ea3n xu\u1ea5t g\u1ea1o tr\u1eafng\" class=\"wp-image-15138\" srcset=\"https:\/\/www.agriculture-machine.com\/wp-content\/uploads\/2023\/11\/white-rice-production-1-405x540.webp 405w, https:\/\/www.agriculture-machine.com\/wp-content\/uploads\/2023\/11\/white-rice-production-1-203x270.webp 203w, https:\/\/www.agriculture-machine.com\/wp-content\/uploads\/2023\/11\/white-rice-production-1.webp 540w\" sizes=\"auto, (max-width: 405px) 100vw, 405px\" \/><figcaption class=\"wp-element-caption\">S\u1ea3n xu\u1ea5t g\u1ea1o tr\u1eafng<\/figcaption><\/figure> <\/figure>    <p>Ngo\u00e0i ra, v\u1ecf tr\u1ea5u thu \u0111\u01b0\u1ee3c t\u1eeb m\u00e1y t\u00e1ch v\u1ecf c\u00f3 th\u1ec3 \u0111\u01b0\u1ee3c nghi\u1ec1n nh\u1ecf v\u00e0 ch\u1ebf bi\u1ebfn \u0111\u1ec3 l\u00e0m nguy\u00ean li\u1ec7u th\u1ee9c \u0103n ch\u0103n nu\u00f4i. C\u00e1c h\u00ecnh \u1ea3nh sau cho th\u1ea5y h\u1ed7n h\u1ee3p v\u1ecf tr\u1ea5u tr\u01b0\u1edbc v\u00e0 sau khi nghi\u1ec1n.<\/p>    <figure class=\"wp-block-gallery has-nested-images columns-default is-cropped wp-block-gallery-6 is-layout-flex wp-block-gallery-is-layout-flex\"> <figure class=\"wp-block-image size-large\"><img loading=\"lazy\" decoding=\"async\" width=\"405\" height=\"540\" data-id=\"15140\" src=\"https:\/\/www.agriculture-machine.com\/wp-content\/uploads\/2023\/11\/rice-husk-405x540.webp\" alt=\"V\u1ecf tr\u1ea5u\" class=\"wp-image-15140\" srcset=\"https:\/\/www.agriculture-machine.com\/wp-content\/uploads\/2023\/11\/rice-husk-405x540.webp 405w, https:\/\/www.agriculture-machine.com\/wp-content\/uploads\/2023\/11\/rice-husk-203x270.webp 203w, https:\/\/www.agriculture-machine.com\/wp-content\/uploads\/2023\/11\/rice-husk.webp 540w\" sizes=\"auto, (max-width: 405px) 100vw, 405px\" \/><figcaption class=\"wp-element-caption\">V\u1ecf tr\u1ea5u<\/figcaption><\/figure>    <figure class=\"wp-block-image size-large\"><img loading=\"lazy\" decoding=\"async\" width=\"405\" height=\"540\" data-id=\"15139\" src=\"https:\/\/www.agriculture-machine.com\/wp-content\/uploads\/2023\/11\/grain-chaff-mixture-405x540.webp\" alt=\"H\u1ed7n h\u1ee3p v\u1ecf tr\u1ea5u v\u00e0 h\u1ea1t\" class=\"wp-image-15139\" srcset=\"https:\/\/www.agriculture-machine.com\/wp-content\/uploads\/2023\/11\/grain-chaff-mixture-405x540.webp 405w, https:\/\/www.agriculture-machine.com\/wp-content\/uploads\/2023\/11\/grain-chaff-mixture-203x270.webp 203w, https:\/\/www.agriculture-machine.com\/wp-content\/uploads\/2023\/11\/grain-chaff-mixture.webp 540w\" sizes=\"auto, (max-width: 405px) 100vw, 405px\" \/><figcaption class=\"wp-element-caption\">H\u1ed7n h\u1ee3p v\u1ecf tr\u1ea5u v\u00e0 h\u1ea1t<\/figcaption><\/figure> <\/figure>    <h2 class=\"wp-block-heading\"><strong>Quy tr\u00ecnh ho\u1ea1t \u0111\u1ed9ng c\u1ee7a \u0111\u01a1n v\u1ecb x\u1eed l\u00fd l\u00faa g\u1ea1o 20TPD<\/strong><\/h2>    <p>\u0110\u1ec3 x\u1eed l\u00fd t\u1eeb l\u00faa th\u00e0nh g\u1ea1o \u0111\u1ea1t ti\u00eau chu\u1ea9n qu\u1ed1c gia \u0111\u1ec3 b\u00e1n, c\u1ea7n tr\u1ea3i qua c\u00e1c b\u01b0\u1edbc ti\u00eau chu\u1ea9n sau: c\u1ea5p nguy\u00ean li\u1ec7u \u2192 m\u00e1y l\u00e0m s\u1ea1ch rung v\u00e0 m\u00e1y lo\u1ea1i b\u1ecf \u0111\u00e1 \u2192 m\u00e1y t\u00e1ch v\u1ecf \u2192 m\u00e1y ph\u00e2n lo\u1ea1i g\u1ea1o \u2192 m\u00e1y xay g\u1ea1o \u2192 s\u00e0ng ph\u00e2n lo\u1ea1i g\u1ea1o tr\u1eafng.<\/p>    <figure class=\"wp-block-image size-full\"><img loading=\"lazy\" decoding=\"async\" width=\"720\" height=\"540\" src=\"https:\/\/www.agriculture-machine.com\/wp-content\/uploads\/2023\/11\/paddy-rice-mill-production-plant.webp\" alt=\"Nh\u00e0 m\u00e1y s\u1ea3n xu\u1ea5t g\u1ea1o l\u00faa\" class=\"wp-image-15112\" srcset=\"https:\/\/www.agriculture-machine.com\/wp-content\/uploads\/2023\/11\/paddy-rice-mill-production-plant.webp 720w, https:\/\/www.agriculture-machine.com\/wp-content\/uploads\/2023\/11\/paddy-rice-mill-production-plant-360x270.webp 360w, https:\/\/www.agriculture-machine.com\/wp-content\/uploads\/2023\/11\/paddy-rice-mill-production-plant-240x180.webp 240w\" sizes=\"auto, (max-width: 720px) 100vw, 720px\" \/><figcaption class=\"wp-element-caption\">Nh\u00e0 m\u00e1y s\u1ea3n xu\u1ea5t g\u1ea1o l\u00faa<\/figcaption><\/figure>    <p>T\u1ea1i \u0111\u1ea7u c\u1ee7a \u0111\u01a1n v\u1ecb x\u1eed l\u00fd l\u00faa g\u1ea1o, l\u00faa \u0111\u01b0\u1ee3c g\u1eedi b\u1eb1ng thang m\u00e1y \u0111\u01a1n \u0111\u1ec3 l\u00e0m s\u1ea1ch v\u00e0 lo\u1ea1i b\u1ecf \u0111\u00e1 l\u1edbn, sau \u0111\u00f3 g\u1eedi b\u1eb1ng thang m\u00e1y \u0111\u00f4i \u0111\u1ebfn m\u00e1y t\u00e1ch v\u1ecf \u0111\u1ec3 t\u00e1ch v\u1ecf, v\u00e0 r\u01a1m r\u1ea1 \u0111\u01b0\u1ee3c th\u1ed5i ra b\u1eb1ng qu\u1ea1t ho\u1eb7c h\u00fat v\u00e0o m\u00e1y nghi\u1ec1n.<\/p>    <p>R\u01a1m r\u1ea1 \u0111\u01b0\u1ee3c th\u1ed5i ra kh\u1ecfi m\u00e1y b\u1eb1ng qu\u1ea1t ho\u1eb7c h\u00fat v\u00e0o m\u00e1y nghi\u1ec1n, h\u1ed7n h\u1ee3p h\u1ea1t v\u00e0 g\u1ea1o l\u1ee9t \u0111\u01b0\u1ee3c chuy\u1ec3n \u0111\u1ebfn s\u00e0ng tr\u1ecdng l\u1ef1c \u0111\u1ec3 s\u00e0ng l\u1ecdc b\u1eb1ng thang m\u00e1y \u0111\u00f4i, v\u00e0 g\u1ea1o ch\u01b0a t\u00e1ch v\u1ecf \u0111\u01b0\u1ee3c g\u1eedi tr\u1edf l\u1ea1i m\u00e1y t\u00e1ch v\u1ecf b\u1eb1ng s\u00e0ng tr\u1ecdng l\u1ef1c.<\/p>    <p>G\u1ea1o ch\u01b0a t\u00e1ch v\u1ecf \u0111\u01b0\u1ee3c g\u1eedi tr\u1edf l\u1ea1i m\u00e1y t\u00e1ch v\u1ecf qua \u1ed1ng d\u1eabn n\u00e0y, g\u1ea1o l\u1ee9t \u0111i v\u00e0o m\u00e1y xay g\u1ea1o, v\u00e0 r\u01a1m r\u1ea1 m\u1ecbn \u0111\u01b0\u1ee3c h\u00fat v\u00e0o s\u00e0ng g\u1ea1o v\u1ee1 sau khi \u0111\u01b0\u1ee3c \u0111\u00e1nh b\u00f3ng b\u1edfi m\u00e1y xay g\u1ea1o.<\/p>    <h2 class=\"wp-block-heading\">G\u00ec <strong>Nh\u00e0 m\u00e1y g\u1ea1o 20TPD g\u1ed3m<\/strong><\/h2>    <ul class=\"wp-block-list\"> <li><strong>M\u00e1y l\u00e0m s\u1ea1ch s\u01a1 b\u1ed9:<\/strong> Lo\u1ea1i b\u1ecf m\u1ed9t s\u1ed1 t\u1ea1p ch\u1ea5t v\u00e0 h\u1ea1t ch\u01b0a \u0111\u1ea7y \u0111\u1ee7 kh\u1ecfi h\u1ea1t g\u1ea1o;<\/li>    <li><strong>M\u00e1y lo\u1ea1i b\u1ecf \u0111\u00e1 kh\u1ecfi l\u00faa:<\/strong> Ph\u00e2n lo\u1ea1i c\u00e1c vi\u00ean \u0111\u00e1 nh\u1ecf kh\u1ecfi h\u1ea1t g\u1ea1o;<\/li>    <li><strong>M\u00e1y t\u00e1ch v\u1ecf:<\/strong> Lo\u1ea1i b\u1ecf v\u1ecf kh\u1ecfi l\u00faa \u0111\u1ec3 thu \u0111\u01b0\u1ee3c g\u1ea1o l\u1ee9t;<\/li>    <li><strong>M\u00e1y ph\u00e2n lo\u1ea1i h\u1ea1t:<\/strong> Ph\u00e2n lo\u1ea1i h\u1ea1t ch\u01b0a t\u00e1ch v\u1ecf kh\u1ecfi g\u1ea1o l\u1ee9t;<\/li>    <li><strong>M\u00e1y xay g\u1ea1o:<\/strong> Thi\u1ebft b\u1ecb c\u1ed1t l\u00f5i c\u1ee7a \u0111\u01a1n v\u1ecb x\u1eed l\u00fd l\u00faa g\u1ea1o, lo\u1ea1i b\u1ecf to\u00e0n b\u1ed9 ho\u1eb7c m\u1ed9t ph\u1ea7n l\u1edbp c\u00e1m v\u00e0 m\u1ea7m t\u1eeb g\u1ea1o l\u1ee9t;<\/li>    <li><strong>Thi\u1ebft b\u1ecb s\u00e0ng:<\/strong> Ph\u00e2n lo\u1ea1i c\u00e1c m\u1ea3nh nh\u1ecf kh\u1ecfi g\u1ea1o \u0111\u00e3 xay<\/li> <\/ul>    <figure class=\"wp-block-image size-full\"><img loading=\"lazy\" decoding=\"async\" width=\"720\" height=\"540\" src=\"https:\/\/www.agriculture-machine.com\/wp-content\/uploads\/2023\/11\/20TPD-paddy-rice-mill-production-plant.webp\" alt=\"Nh\u00e0 m\u00e1y s\u1ea3n xu\u1ea5t g\u1ea1o l\u00faa 20TPD\" class=\"wp-image-15149\" srcset=\"https:\/\/www.agriculture-machine.com\/wp-content\/uploads\/2023\/11\/20TPD-paddy-rice-mill-production-plant.webp 720w, https:\/\/www.agriculture-machine.com\/wp-content\/uploads\/2023\/11\/20TPD-paddy-rice-mill-production-plant-360x270.webp 360w, https:\/\/www.agriculture-machine.com\/wp-content\/uploads\/2023\/11\/20TPD-paddy-rice-mill-production-plant-240x180.webp 240w\" sizes=\"auto, (max-width: 720px) 100vw, 720px\" \/><figcaption class=\"wp-element-caption\">Nh\u00e0 m\u00e1y s\u1ea3n xu\u1ea5t g\u1ea1o l\u00faa 20TPD<\/figcaption><\/figure>    <h2 class=\"wp-block-heading\">L\u1ee3i \u00edch c\u1ee7a nh\u00e0 m\u00e1y xay g\u1ea1o l\u00faa<\/h2>    <p class=\"translation-block\">T\u01b0\u01a1ng t\u1ef1 nh\u01b0 <strong><a href=\"https:\/\/www.agriculture-machine.com\/vi\/rice-mill-plant\/\">\u0111\u01a1n v\u1ecb x\u1eed l\u00fd l\u00faa 15TPD<\/a><\/strong>, ngo\u1ea1i tr\u1eeb vi\u1ec7c th\u00eam m\u1ed9t b\u1ed9 l\u00e0m s\u1ea1ch tr\u01b0\u1edbc m\u00e1y t\u00e1ch v\u1ecf.<\/p>    <ol class=\"wp-block-list\"> <li>Hi\u1ec7u su\u1ea5t c\u01a1 kh\u00ed \u1ed5n \u0111\u1ecbnh, v\u1eadn h\u00e0nh thu\u1eadn ti\u1ec7n, d\u1ec5 b\u1ea3o tr\u00ec.<\/li>    <li>To\u00e0n b\u1ed9 thi\u1ebft b\u1ecb xay g\u1ea1o chi\u1ebfm di\u1ec7n t\u00edch nh\u1ecf v\u00e0 \u0111\u1ea7u t\u01b0 th\u1ea5p.<\/li>    <li>C\u1ea3i thi\u1ec7n n\u0103ng su\u1ea5t g\u1ea1o v\u00e0 gi\u1ea3m g\u1ea1o v\u1ee1.<\/li>    <li>theo nhu c\u1ea7u c\u1ee7a c\u00e1c kh\u00e1ch h\u00e0ng kh\u00e1c nhau, thi\u1ebft k\u1ebf quy tr\u00ecnh \u0111\u1eb7c bi\u1ec7t, k\u1ebft h\u1ee3p linh ho\u1ea1t, v\u00e0 ch\u1ebf bi\u1ebfn th\u00e0nh c\u00e1c lo\u1ea1i g\u1ea1o ch\u1ea5t l\u01b0\u1ee3ng cao kh\u00e1c nhau.<\/li>    <li>\u00e1p d\u1ee5ng k\u1ebft c\u1ea5u th\u00e9p, m\u1ed7i \u0111\u01a1n v\u1ecb ri\u00eang d\u1ec5 th\u00e1o l\u1eafp v\u00e0 l\u1eafp r\u00e1p, thu\u1eadn ti\u1ec7n cho ng\u01b0\u1eddi d\u00f9ng mua t\u1eebng m\u00e1y v\u00e0 thi\u1ebft b\u1ecb kh\u00e1c.<\/li> <\/ol>    <figure class=\"wp-block-gallery has-nested-images columns-default is-cropped wp-block-gallery-7 is-layout-flex wp-block-gallery-is-layout-flex\"> <figure class=\"wp-block-image size-large\"><img loading=\"lazy\" decoding=\"async\" width=\"720\" height=\"540\" data-id=\"15113\" src=\"https:\/\/www.agriculture-machine.com\/wp-content\/uploads\/2023\/11\/complete-rice-mill-plant-1.webp\" alt=\"To\u00e0n b\u1ed9 nh\u00e0 m\u00e1y xay g\u1ea1o\" class=\"wp-image-15113\" srcset=\"https:\/\/www.agriculture-machine.com\/wp-content\/uploads\/2023\/11\/complete-rice-mill-plant-1.webp 720w, https:\/\/www.agriculture-machine.com\/wp-content\/uploads\/2023\/11\/complete-rice-mill-plant-1-360x270.webp 360w, https:\/\/www.agriculture-machine.com\/wp-content\/uploads\/2023\/11\/complete-rice-mill-plant-1-240x180.webp 240w\" sizes=\"auto, (max-width: 720px) 100vw, 720px\" \/><figcaption class=\"wp-element-caption\">To\u00e0n b\u1ed9 nh\u00e0 m\u00e1y xay g\u1ea1o<\/figcaption><\/figure>    <figure class=\"wp-block-image size-full\"><img loading=\"lazy\" decoding=\"async\" width=\"720\" height=\"540\" data-id=\"15115\" src=\"https:\/\/www.agriculture-machine.com\/wp-content\/uploads\/2023\/11\/rice-milling-machine-production-line-1.webp\" alt=\"D\u00e2y chuy\u1ec1n s\u1ea3n xu\u1ea5t g\u1ea1o xay x\u00e1t\" class=\"wp-image-15115\" srcset=\"https:\/\/www.agriculture-machine.com\/wp-content\/uploads\/2023\/11\/rice-milling-machine-production-line-1.webp 720w, https:\/\/www.agriculture-machine.com\/wp-content\/uploads\/2023\/11\/rice-milling-machine-production-line-1-360x270.webp 360w, https:\/\/www.agriculture-machine.com\/wp-content\/uploads\/2023\/11\/rice-milling-machine-production-line-1-240x180.webp 240w\" sizes=\"auto, (max-width: 720px) 100vw, 720px\" \/><figcaption class=\"wp-element-caption\">D\u00e2y chuy\u1ec1n s\u1ea3n xu\u1ea5t g\u1ea1o xay x\u00e1t<\/figcaption><\/figure> <\/figure>    <h2 class=\"wp-block-heading\">B\u1ea3o tr\u00ec c\u00e1c m\u00e1y ch\u00ednh<\/h2>    <ol class=\"wp-block-list\"> <li>Vi\u1ec7c b\u1ea3o tr\u00ec to\u00e0n b\u1ed9 \u0111\u01a1n v\u1ecb x\u1eed l\u00fd l\u00faa g\u1ea1o n\u00ean th\u1ef1c hi\u1ec7n m\u1ed7i 3 th\u00e1ng, v\u00e0 ki\u1ec3m tra t\u1ed5ng th\u1ec3 n\u00ean th\u1ef1c hi\u1ec7n m\u1ed7i n\u0103m.<\/li>    <li>T\u1ea5t c\u1ea3 c\u00e1c b\u1ed9 ph\u1eadn truy\u1ec1n \u0111\u1ed9ng c\u1ea7n \u0111\u01b0\u1ee3c b\u00f4i tr\u01a1n \u0111\u1ecbnh k\u1ef3.<\/li>    <li>\u1ed4 tr\u1ee5c th\u01b0\u1eddng \u0111\u01b0\u1ee3c thay d\u1ea7u m\u1ee1 m\u1ed7i 6 th\u00e1ng.<\/li>    <li>M\u00e0n h\u00ecnh c\u1ea7n \u0111\u01b0\u1ee3c ki\u1ec3m tra v\u00e0 l\u00e0m s\u1ea1ch m\u1ed7i ca \u0111\u1ec3 tr\u00e1nh t\u1eafc l\u1ed7 m\u00e0n h\u00ecnh, v\u00e0 m\u00e0n h\u00ecnh c\u1ea7n \u0111\u01b0\u1ee3c thay k\u1ecbp th\u1eddi sau khi b\u1ecb h\u1ecfng \u0111\u1ec3 tr\u00e1nh r\u00f2 r\u1ec9 v\u1eadt li\u1ec7u.<\/li>    <li>Khi c\u00e1c \u1ed5 tr\u1ee5c qu\u00e1 n\u00f3ng, d\u1ea7u m\u1ee1 \u0111\u00e3 c\u1ee9ng l\u1ea1i, m\u00e0u d\u1ea7u m\u1ee1 t\u1ed1i \u0111i, ho\u1eb7c b\u1ec1 m\u1eb7t d\u1ea7u m\u1ee1 c\u00f3 gi\u1ecdt n\u01b0\u1edbc v\u00e0 b\u1ee5i b\u1ea9n, c\u1ea7n thay d\u1ea7u m\u1ee1 ngay l\u1eadp t\u1ee9c.<\/li> <\/ol>    <p>N\u1ebfu b\u1ea1n mu\u1ed1n c\u00f3 g\u1ea1o tr\u1eafng tinh t\u1ebf h\u01a1n, ch\u00fang t\u00f4i c\u0169ng c\u00f3 phi\u00ean b\u1ea3n ch\u1ea5t l\u01b0\u1ee3ng cao c\u1ee7a d\u00e2y chuy\u1ec1n x\u1eed l\u00fd l\u00faa g\u1ea1o, b\u1ea1n c\u00f3 th\u1ec3 li\u00ean h\u1ec7 v\u1edbi ch\u00fang t\u00f4i. Ch\u00fang t\u00f4i s\u1ebd t\u00f9y ch\u1ec9nh thi\u1ebft k\u1ebf nh\u00e0 m\u00e1y xay g\u1ea1o \u0111\u1eb7c bi\u1ec7t theo y\u00eau c\u1ea7u chi ti\u1ebft c\u1ee7a b\u1ea1n.<\/p>","protected":false},"excerpt":{"rendered":"<p>The paddy processing unit is a system of equipment specifically designed to process rice by removing the paddy from the husk and producing high-quality rice. This line typically includes processing such as de-husking, de-hulling, de-chaffing, and sieving, with each of these steps being performed by a range of specific machines and equipment working in tandem. [&hellip;]<\/p>\n","protected":false},"author":1,"featured_media":15108,"parent":0,"comment_status":"closed","ping_status":"closed","template":"","tags":[796],"product-type":[875,906],"class_list":["post-15096","product","type-product","status-publish","has-post-thumbnail","hentry","tag-rice","product-type-rice-mill-category","product-type-rice-mill-production-line"],"_links":{"self":[{"href":"https:\/\/www.agriculture-machine.com\/vi\/wp-json\/wp\/v2\/product\/15096","targetHints":{"allow":["GET"]}}],"collection":[{"href":"https:\/\/www.agriculture-machine.com\/vi\/wp-json\/wp\/v2\/product"}],"about":[{"href":"https:\/\/www.agriculture-machine.com\/vi\/wp-json\/wp\/v2\/types\/product"}],"author":[{"embeddable":true,"href":"https:\/\/www.agriculture-machine.com\/vi\/wp-json\/wp\/v2\/users\/1"}],"replies":[{"embeddable":true,"href":"https:\/\/www.agriculture-machine.com\/vi\/wp-json\/wp\/v2\/comments?post=15096"}],"wp:featuredmedia":[{"embeddable":true,"href":"https:\/\/www.agriculture-machine.com\/vi\/wp-json\/wp\/v2\/media\/15108"}],"wp:attachment":[{"href":"https:\/\/www.agriculture-machine.com\/vi\/wp-json\/wp\/v2\/media?parent=15096"}],"wp:term":[{"taxonomy":"post_tag","embeddable":true,"href":"https:\/\/www.agriculture-machine.com\/vi\/wp-json\/wp\/v2\/tags?post=15096"},{"taxonomy":"product-type","embeddable":true,"href":"https:\/\/www.agriculture-machine.com\/vi\/wp-json\/wp\/v2\/product-type?post=15096"}],"curies":[{"name":"wp","href":"https:\/\/api.w.org\/{rel}","templated":true}]}}