{"id":15120,"date":"2023-11-13T10:46:11","date_gmt":"2023-11-13T02:46:11","guid":{"rendered":"https:\/\/www.agriculture-machine.com\/?post_type=product&#038;p=15120"},"modified":"2024-09-18T15:43:33","modified_gmt":"2024-09-18T07:43:33","slug":"paddy-milling-line","status":"publish","type":"product","link":"https:\/\/www.agriculture-machine.com\/vi\/paddy-milling-line\/","title":{"rendered":"D\u00e2y chuy\u1ec1n ch\u1ebf bi\u1ebfn g\u1ea1o t\u1ef1 \u0111\u1ed9ng 25 v\u00e0 30 TPD"},"content":{"rendered":"<p class=\"translation-block\">D\u00e2y chuy\u1ec1n xay x\u00e1t g\u1ea1o paddy c\u00f4ng su\u1ea5t 25 v\u00e0 30 t\u1ea5n c\u1ee7a Taizy <strong><a href=\"https:\/\/www.agriculture-machine.com\/vi\/rice-mill-category\/rice-mill-production-line\/\">d\u00e2y chuy\u1ec1n xay x\u00e1t g\u1ea1o paddy<\/a><\/strong> l\u00e0 m\u1ed9t h\u1ec7 th\u1ed1ng thi\u1ebft b\u1ecb hi\u1ec7u qu\u1ea3 cao, ho\u00e0n to\u00e0n t\u1ef1 \u0111\u1ed9ng, thi\u1ebft k\u1ebf cho s\u1ea3n xu\u1ea5t g\u1ea1o quy m\u00f4 l\u1edbn. D\u00e2y chuy\u1ec1n t\u00edch h\u1ee3p nhi\u1ec1u quy tr\u00ecnh nh\u01b0 l\u00e0m s\u1ea1ch, v\u1ecf tr\u1ea5u, xay x\u00e1t v\u00e0 s\u00e0ng l\u1ecdc, c\u00f3 kh\u1ea3 n\u0103ng x\u1eed l\u00fd nhanh paddy th\u00e0nh g\u1ea1o ch\u1ea5t l\u01b0\u1ee3ng cao.<\/p>    <figure class=\"wp-block-image size-full\"><img loading=\"lazy\" decoding=\"async\" width=\"720\" height=\"540\" src=\"https:\/\/www.agriculture-machine.com\/wp-content\/uploads\/2023\/11\/paddy-mill-rice-processing-line.webp\" alt=\"D\u00e2y chuy\u1ec1n x\u1eed l\u00fd g\u1ea1o paddy\" class=\"wp-image-15153\" srcset=\"https:\/\/www.agriculture-machine.com\/wp-content\/uploads\/2023\/11\/paddy-mill-rice-processing-line.webp 720w, https:\/\/www.agriculture-machine.com\/wp-content\/uploads\/2023\/11\/paddy-mill-rice-processing-line-360x270.webp 360w, https:\/\/www.agriculture-machine.com\/wp-content\/uploads\/2023\/11\/paddy-mill-rice-processing-line-240x180.webp 240w\" sizes=\"auto, (max-width: 720px) 100vw, 720px\" \/><figcaption class=\"wp-element-caption\">D\u00e2y chuy\u1ec1n x\u1eed l\u00fd g\u1ea1o paddy<\/figcaption><\/figure>    <p>Hi\u1ec7u su\u1ea5t cao v\u00e0 c\u00f4ng ngh\u1ec7 ti\u00ean ti\u1ebfn c\u1ee7a n\u00f3 \u0111\u1ea3m b\u1ea3o hi\u1ec7u qu\u1ea3 s\u1ea3n xu\u1ea5t v\u00e0 ch\u1ea5t l\u01b0\u1ee3ng xay x\u00e1t, \u0111\u1ed3ng th\u1eddi ho\u00e0n to\u00e0n tu\u00e2n th\u1ee7 c\u00e1c ti\u00eau chu\u1ea9n v\u1ec7 sinh v\u00e0 an to\u00e0n th\u1ef1c ph\u1ea9m. D\u00e2y chuy\u1ec1n xay x\u00e1t paddy n\u00e0y ph\u00f9 h\u1ee3p \u0111\u1ec3 s\u1eed d\u1ee5ng trong c\u00e1c c\u00e1nh \u0111\u1ed3ng paddy l\u1edbn ho\u1eb7c nh\u00e0 m\u00e1y ch\u1ebf bi\u1ebfn g\u1ea1o, cung c\u1ea5p cho ng\u01b0\u1eddi d\u00f9ng gi\u1ea3i ph\u00e1p s\u1ea3n xu\u1ea5t g\u1ea1o \u0111\u00e1ng tin c\u1eady v\u00e0 b\u1ec1n v\u1eefng.<\/p>    <h2 class=\"wp-block-heading\">Gi\u1ea3i ph\u00e1p xay x\u00e1t g\u1ea1o Milltec C\u1ea5u tr\u00fac v\u00e0 Tham s\u1ed1<\/h2>    <p class=\"translation-block\">The machine&#8217;s composition of the 25 and 30-ton paddy milling lines is the same as that of the <strong><a href=\"https:\/\/www.agriculture-machine.com\/vi\/rice-mill-plant\/\">15TPD Rice Mill Plant<\/a><\/strong>. However, their size increases as production increases. The 25TPD destoner is larger than the <strong><a href=\"https:\/\/www.agriculture-machine.com\/vi\/paddy-processing-unit\/\">20TPD standard production line<\/a><\/strong> and is equipped with a flat gyratory screen.<\/p>    <p>C\u1ea3 d\u00e2y chuy\u1ec1n xay x\u00e1t paddy 25 v\u00e0 30 TPD \u0111\u1ec1u c\u00f3 th\u00e0nh ph\u1ea7n v\u00e0 ch\u1ee9c n\u0103ng gi\u1ed1ng nhau, ch\u1ec9 kh\u00e1c v\u1ec1 m\u1eabu m\u00e3 v\u00e0 c\u00f4ng su\u1ea5t y\u00eau c\u1ea7u. C\u1ea7n l\u01b0u \u00fd r\u1eb1ng m\u00e1y t\u00e1ch \u0111\u00e1 \u0111\u01b0\u1ee3c trang b\u1ecb hai pa l\u0103ng ph\u00eda sau, ho\u1ea1t \u0111\u1ed9ng nh\u01b0 sau:<\/p>    <ul class=\"wp-block-list\"> <li>K\u00eanh 1: V\u1eadn chuy\u1ec3n g\u1ea1o paddy s\u1ea1ch \u0111\u1ebfn M\u00e1y xay g\u1ea1o Paddy<\/li>    <li>K\u00eanh 2: T\u00e1i ch\u1ebf g\u1ea1o n\u00e2u v\u00e0 h\u1ed7n h\u1ee3p g\u1ea1o paddy tr\u1edf l\u1ea1i M\u00e1y t\u00e1ch g\u1ea1o l\u1ecfng<\/li> <\/ul>    <h3 class=\"wp-block-heading\">M\u00e1y \u0111\u00e1nh b\u00f3ng g\u1ea1o 25TPD<\/h3>    <div class=\"wp-block-media-text is-stacked-on-mobile\"><figure class=\"wp-block-media-text__media\"><img loading=\"lazy\" decoding=\"async\" width=\"720\" height=\"540\" src=\"https:\/\/www.agriculture-machine.com\/wp-content\/uploads\/2023\/11\/25T-rice-polishing-machines-structure.webp\" alt=\"C\u1ea5u tr\u00fac m\u00e1y \u0111\u00e1nh b\u00f3ng g\u1ea1o 25T\" class=\"wp-image-15122 size-full\" srcset=\"https:\/\/www.agriculture-machine.com\/wp-content\/uploads\/2023\/11\/25T-rice-polishing-machines-structure.webp 720w, https:\/\/www.agriculture-machine.com\/wp-content\/uploads\/2023\/11\/25T-rice-polishing-machines-structure-360x270.webp 360w, https:\/\/www.agriculture-machine.com\/wp-content\/uploads\/2023\/11\/25T-rice-polishing-machines-structure-240x180.webp 240w\" sizes=\"auto, (max-width: 720px) 100vw, 720px\" \/><\/figure><div class=\"wp-block-media-text__content\"> <figure class=\"wp-block-table is-style-stripes\"><table><tbody><tr><td class=\"has-text-align-center\" data-align=\"center\"><strong>Kh\u00f4ng.<\/strong><strong><\/strong><\/td><td class=\"has-text-align-center\" data-align=\"center\"><strong>M\u1ee5c<\/strong><strong><\/strong><\/td><td class=\"has-text-align-center\" data-align=\"center\"><strong>M\u1eabu<\/strong><strong><\/strong><\/td><td class=\"has-text-align-center\" data-align=\"center\"><strong>C\u00f4ng su\u1ea5t\uff08kw\uff09<\/strong><strong><\/strong><\/td><\/tr><tr><td class=\"has-text-align-center\" data-align=\"center\">1<\/td><td class=\"has-text-align-center\" data-align=\"center\">Thang m\u00e1y<\/td><td class=\"has-text-align-center\" data-align=\"center\">TDTG18\/08<\/td><td class=\"has-text-align-center\" data-align=\"center\">0.75<\/td><\/tr><tr><td class=\"has-text-align-center\" data-align=\"center\">2<\/td><td class=\"has-text-align-center\" data-align=\"center\">M\u00e1y t\u00e1ch s\u1ea1n g\u1ea1o<\/td><td class=\"has-text-align-center\" data-align=\"center\">ZQS60<\/td><td class=\"has-text-align-center\" data-align=\"center\">1.1+2.2<\/td><\/tr><tr><td class=\"has-text-align-center\" data-align=\"center\">3<\/td><td class=\"has-text-align-center\" data-align=\"center\">Thang m\u00e1y<\/td><td class=\"has-text-align-center\" data-align=\"center\">TDTG18\/08*2<\/td><td class=\"has-text-align-center\" data-align=\"center\">0.75<\/td><\/tr><tr><td class=\"has-text-align-center\" data-align=\"center\">4<\/td><td class=\"has-text-align-center\" data-align=\"center\">M\u00e1y xay g\u1ea1o paddy (L\u00f4 cao su 8 inch)<\/td><td class=\"has-text-align-center\" data-align=\"center\">LG20<\/td><td class=\"has-text-align-center\" data-align=\"center\">5.5+1.1<\/td><\/tr><tr><td class=\"has-text-align-center\" data-align=\"center\">5<\/td><td class=\"has-text-align-center\" data-align=\"center\">M\u00e1y t\u00e1ch s\u1ea1n g\u1ea1o paddy tr\u1ecdng l\u1ef1c<\/td><td class=\"has-text-align-center\" data-align=\"center\">MGCZ80*5<\/td><td class=\"has-text-align-center\" data-align=\"center\">0.75<\/td><\/tr><tr><td class=\"has-text-align-center\" data-align=\"center\">6<\/td><td class=\"has-text-align-center\" data-align=\"center\">M\u00e1y xay g\u1ea1o (\u0110\u0129a m\u00e0i h\u1ee3p kim m\u00e0i m\u00f2n)<\/td><td class=\"has-text-align-center\" data-align=\"center\">NS150<\/td><td class=\"has-text-align-center\" data-align=\"center\">18.5<\/td><\/tr><tr><td class=\"has-text-align-center\" data-align=\"center\">7<\/td><td class=\"has-text-align-center\" data-align=\"center\">M\u00e1y ph\u00e2n lo\u1ea1i g\u1ea1o<\/td><td class=\"has-text-align-center\" data-align=\"center\">40<\/td><td class=\"has-text-align-center\" data-align=\"center\">0.55<\/td><\/tr><\/tbody><\/table><\/figure> <\/div><\/div>    <h3 class=\"wp-block-heading\">D\u00e2y chuy\u1ec1n xay x\u00e1t paddy 30TPD<\/h3>    <div class=\"wp-block-media-text is-stacked-on-mobile\"><figure class=\"wp-block-media-text__media\"><img loading=\"lazy\" decoding=\"async\" width=\"720\" height=\"540\" src=\"https:\/\/www.agriculture-machine.com\/wp-content\/uploads\/2023\/11\/30T-rice-polishing-machines-structure.webp\" alt=\"C\u1ea5u tr\u00fac m\u00e1y \u0111\u00e1nh b\u00f3ng g\u1ea1o 30T\" class=\"wp-image-15123 size-full\" srcset=\"https:\/\/www.agriculture-machine.com\/wp-content\/uploads\/2023\/11\/30T-rice-polishing-machines-structure.webp 720w, https:\/\/www.agriculture-machine.com\/wp-content\/uploads\/2023\/11\/30T-rice-polishing-machines-structure-360x270.webp 360w, https:\/\/www.agriculture-machine.com\/wp-content\/uploads\/2023\/11\/30T-rice-polishing-machines-structure-240x180.webp 240w\" sizes=\"auto, (max-width: 720px) 100vw, 720px\" \/><\/figure><div class=\"wp-block-media-text__content\"> <figure class=\"wp-block-table is-style-stripes\"><table><tbody><tr><td class=\"has-text-align-center\" data-align=\"center\"><strong>Kh\u00f4ng.<\/strong><strong><\/strong><\/td><td class=\"has-text-align-center\" data-align=\"center\"><strong>M\u1ee5c<\/strong><strong><\/strong><\/td><td class=\"has-text-align-center\" data-align=\"center\"><strong>M\u1eabu<\/strong><strong><\/strong><\/td><td class=\"has-text-align-center\" data-align=\"center\"><strong>C\u00f4ng su\u1ea5t\uff08kw\uff09<\/strong><strong><\/strong><\/td><\/tr><tr><td class=\"has-text-align-center\" data-align=\"center\">1<\/td><td class=\"has-text-align-center\" data-align=\"center\">Thang m\u00e1y<\/td><td class=\"has-text-align-center\" data-align=\"center\">TDTG20\/11<\/td><td class=\"has-text-align-center\" data-align=\"center\">1.1<\/td><\/tr><tr><td class=\"has-text-align-center\" data-align=\"center\">2<\/td><td class=\"has-text-align-center\" data-align=\"center\">M\u00e1y t\u00e1ch s\u1ea1n g\u1ea1o<\/td><td class=\"has-text-align-center\" data-align=\"center\">ZQS70<\/td><td class=\"has-text-align-center\" data-align=\"center\">0.5+3<\/td><\/tr><tr><td class=\"has-text-align-center\" data-align=\"center\">3<\/td><td class=\"has-text-align-center\" data-align=\"center\">Thang m\u00e1y<\/td><td class=\"has-text-align-center\" data-align=\"center\">TDTG18\/08*2<\/td><td class=\"has-text-align-center\" data-align=\"center\">1.1<\/td><\/tr><tr><td class=\"has-text-align-center\" data-align=\"center\">4<\/td><td class=\"has-text-align-center\" data-align=\"center\">M\u00e1y xay g\u1ea1o paddy (L\u00f4 cao su 8 inch)<\/td><td class=\"has-text-align-center\" data-align=\"center\">LG20<\/td><td class=\"has-text-align-center\" data-align=\"center\">5.5+1.1<\/td><\/tr><tr><td class=\"has-text-align-center\" data-align=\"center\">5<\/td><td class=\"has-text-align-center\" data-align=\"center\">M\u00e1y t\u00e1ch s\u1ea1n g\u1ea1o paddy tr\u1ecdng l\u1ef1c<\/td><td class=\"has-text-align-center\" data-align=\"center\">MGCZ80*7<\/td><td class=\"has-text-align-center\" data-align=\"center\">1.1<\/td><\/tr><tr><td class=\"has-text-align-center\" data-align=\"center\">6<\/td><td class=\"has-text-align-center\" data-align=\"center\">M\u00e1y xay g\u1ea1o (L\u00f4 m\u00e0i m\u00f2n)<\/td><td class=\"has-text-align-center\" data-align=\"center\">MNMS15B<\/td><td class=\"has-text-align-center\" data-align=\"center\">18.5<\/td><\/tr><tr><td class=\"has-text-align-center\" data-align=\"center\">7<\/td><td class=\"has-text-align-center\" data-align=\"center\">M\u00e1y ph\u00e2n lo\u1ea1i g\u1ea1o<\/td><td class=\"has-text-align-center\" data-align=\"center\">40<\/td><td class=\"has-text-align-center\" data-align=\"center\">0.55<\/td><\/tr><\/tbody><\/table><\/figure> <\/div><\/div>    <h2 class=\"wp-block-heading\">\u1ee8ng d\u1ee5ng ch\u00ednh c\u1ee7a d\u00e2y chuy\u1ec1n xay x\u00e1t paddy<\/h2>    <p>Thi\u1ebft b\u1ecb xay x\u00e1t g\u1ea1o c\u1ee7a ch\u00fang t\u00f4i c\u00f3 th\u1ec3 l\u1ea5y paddy thu ho\u1ea1ch t\u1eeb ru\u1ed9ng (\u0111\u1ed9 \u1ea9m h\u1ea1t th\u00f4 c\u1ea7n gi\u1eef d\u01b0\u1edbi 12,5%) v\u00e0 s\u1ea3n xu\u1ea5t g\u1ea1o tr\u1eafng, s\u1ea1ch qua m\u1ed9t lo\u1ea1t c\u00e1c thao t\u00e1c nh\u01b0 h\u00ecnh d\u01b0\u1edbi \u0111\u00e2y. G\u1ea1o cu\u1ed1i c\u00f9ng thu \u0111\u01b0\u1ee3c l\u00e0 70% c\u1ee7a h\u1ea1t ban \u0111\u1ea7u, c\u00e1m g\u1ea1o v\u00e0 ph\u00f4i l\u00e0 10%. Th\u00f4ng th\u01b0\u1eddng, \u0111\u1ea7u v\u00e0o 1000kg paddy \u2192 k\u1ebft qu\u1ea3 700kg g\u1ea1o tr\u1eafng.<\/p>    <figure class=\"wp-block-gallery has-nested-images columns-default is-cropped wp-block-gallery-2 is-layout-flex wp-block-gallery-is-layout-flex\"> <figure class=\"wp-block-image size-large\"><img loading=\"lazy\" decoding=\"async\" width=\"720\" height=\"540\" data-id=\"15125\" src=\"https:\/\/www.agriculture-machine.com\/wp-content\/uploads\/2023\/11\/rice-processing-plant-application.webp\" alt=\"\u1ee9ng d\u1ee5ng nh\u00e0 m\u00e1y ch\u1ebf bi\u1ebfn g\u1ea1o\" class=\"wp-image-15125\" srcset=\"https:\/\/www.agriculture-machine.com\/wp-content\/uploads\/2023\/11\/rice-processing-plant-application.webp 720w, https:\/\/www.agriculture-machine.com\/wp-content\/uploads\/2023\/11\/rice-processing-plant-application-360x270.webp 360w, https:\/\/www.agriculture-machine.com\/wp-content\/uploads\/2023\/11\/rice-processing-plant-application-240x180.webp 240w\" sizes=\"auto, (max-width: 720px) 100vw, 720px\" \/><figcaption class=\"wp-element-caption\">\u1ee9ng d\u1ee5ng nh\u00e0 m\u00e1y ch\u1ebf bi\u1ebfn g\u1ea1o<\/figcaption><\/figure> <\/figure>    <figure class=\"wp-block-image size-full\"><img loading=\"lazy\" decoding=\"async\" width=\"720\" height=\"540\" src=\"https:\/\/www.agriculture-machine.com\/wp-content\/uploads\/2023\/11\/rice-processing-analysis.webp\" alt=\"Ph\u00e2n t\u00edch x\u1eed l\u00fd g\u1ea1o\" class=\"wp-image-15126\" srcset=\"https:\/\/www.agriculture-machine.com\/wp-content\/uploads\/2023\/11\/rice-processing-analysis.webp 720w, https:\/\/www.agriculture-machine.com\/wp-content\/uploads\/2023\/11\/rice-processing-analysis-360x270.webp 360w, https:\/\/www.agriculture-machine.com\/wp-content\/uploads\/2023\/11\/rice-processing-analysis-240x180.webp 240w\" sizes=\"auto, (max-width: 720px) 100vw, 720px\" \/><figcaption class=\"wp-element-caption\">Ph\u00e2n t\u00edch x\u1eed l\u00fd g\u1ea1o<\/figcaption><\/figure>    <h2 class=\"wp-block-heading\">L\u1ee3i \u00edch v\u00e0 ch\u1ee9c n\u0103ng c\u1ee7a nh\u00e0 m\u00e1y xay x\u00e1t g\u1ea1o t\u1ef1 \u0111\u1ed9ng<\/h2>    <ul class=\"wp-block-list\"> <li>D\u00e2y chuy\u1ec1n xay x\u00e1t paddy n\u00e0y \u00e1p d\u1ee5ng c\u00e1ch s\u1eafp x\u1ebfp v\u00e0 k\u1ebft h\u1ee3p, v\u1ebb ngo\u00e0i \u0111\u1eb9p h\u01a1n v\u00e0 nh\u1ecf g\u1ecdn h\u01a1n;<\/li>    <li>\u1ed0c v\u00edt neo \u0111\u01b0\u1ee3c th\u00eam v\u00e0o ph\u1ea7n ch\u1ea1y l\u1ec7ch t\u00e2m \u0111\u1ec3 t\u0103ng c\u01b0\u1eddng \u0111\u1ed9 \u1ed5n \u0111\u1ecbnh;<\/li>    <li>The height of some parts of the machine is reduced, which makes it easy to operate (especially suitable for individual farmers&#8217; processing);<\/li>    <li>Vi\u1ec7c k\u1ebft h\u1ee3p v\u00e0 t\u00e1ch r\u1eddi c\u1ee7a t\u1eebng b\u1ed9 ph\u1eadn c\u00f3 th\u1ec3 th\u1ef1c hi\u1ec7n \u0111\u1ed9c l\u1eadp, gi\u00fap b\u1ea3o tr\u00ec v\u00e0 v\u1eadn chuy\u1ec3n thu\u1eadn ti\u1ec7n h\u01a1n.<\/li>    <li>\u00c1p d\u1ee5ng m\u00e1y lo\u1ea1i b\u1ecf \u0111\u00e1 h\u00fat, hi\u1ec7u qu\u1ea3 \u0111\u00e1ng tin c\u1eady v\u00e0 \u1ed5n \u0111\u1ecbnh h\u01a1n, \u0111\u1ed3ng th\u1eddi gi\u1ea3m \u00f4 nhi\u1ec5m b\u1ee5i trong qu\u00e1 tr\u00ecnh c\u1ea5p li\u1ec7u;<\/li>    <li>T\u00ednh th\u1ef1c d\u1ee5ng cao, d\u00e2y chuy\u1ec1n xay x\u00e1t paddy n\u00e0y kh\u00f4ng ch\u1ec9 x\u1eed l\u00fd c\u00e1c s\u1ea3n ph\u1ea9m n\u00f4ng nghi\u1ec7p c\u00e1 nh\u00e2n m\u00e0 c\u00f2n li\u00ean t\u1ee5c x\u1eed l\u00fd h\u1ea1t th\u01b0\u01a1ng m\u1ea1i;<\/li>    <li>Quy tr\u00ecnh nghi\u1ec1n n\u00e1t t\u0103ng l\u00ean, thu\u1eadn ti\u1ec7n cho n\u00f4ng d\u00e2n tr\u1ed9n chaff l\u1edbn v\u00e0 chaff l\u01b0\u1edbi, x\u1eed l\u00fd m\u1ed9t l\u1ea7n th\u00e0nh b\u1ed9t chaff \u0111\u1ec3 t\u1eadn d\u1ee5ng t\u1ed1i \u0111a ph\u1ee5 ph\u1ea9m.<\/li> <\/ul>    <figure class=\"wp-block-gallery has-nested-images columns-default is-cropped wp-block-gallery-3 is-layout-flex wp-block-gallery-is-layout-flex\"> <figure class=\"wp-block-image size-large\"><img loading=\"lazy\" decoding=\"async\" width=\"405\" height=\"540\" data-id=\"15130\" src=\"https:\/\/www.agriculture-machine.com\/wp-content\/uploads\/2023\/11\/paddy-milling-plant-405x540.webp\" alt=\"nh\u00e0 m\u00e1y xay x\u00e1t paddy\" class=\"wp-image-15130\" srcset=\"https:\/\/www.agriculture-machine.com\/wp-content\/uploads\/2023\/11\/paddy-milling-plant-405x540.webp 405w, https:\/\/www.agriculture-machine.com\/wp-content\/uploads\/2023\/11\/paddy-milling-plant-203x270.webp 203w, https:\/\/www.agriculture-machine.com\/wp-content\/uploads\/2023\/11\/paddy-milling-plant.webp 540w\" sizes=\"auto, (max-width: 405px) 100vw, 405px\" \/><figcaption class=\"wp-element-caption\">nh\u00e0 m\u00e1y xay x\u00e1t paddy<\/figcaption><\/figure>    <figure class=\"wp-block-image size-large\"><img loading=\"lazy\" decoding=\"async\" width=\"405\" height=\"540\" data-id=\"15129\" src=\"https:\/\/www.agriculture-machine.com\/wp-content\/uploads\/2023\/11\/30T-paddy-processing-line-405x540.webp\" alt=\"D\u00e2y chuy\u1ec1n x\u1eed l\u00fd paddy 30T\" class=\"wp-image-15129\" srcset=\"https:\/\/www.agriculture-machine.com\/wp-content\/uploads\/2023\/11\/30T-paddy-processing-line-405x540.webp 405w, https:\/\/www.agriculture-machine.com\/wp-content\/uploads\/2023\/11\/30T-paddy-processing-line-203x270.webp 203w, https:\/\/www.agriculture-machine.com\/wp-content\/uploads\/2023\/11\/30T-paddy-processing-line.webp 540w\" sizes=\"auto, (max-width: 405px) 100vw, 405px\" \/><figcaption class=\"wp-element-caption\">D\u00e2y chuy\u1ec1n x\u1eed l\u00fd paddy 30T<\/figcaption><\/figure> <\/figure>    <h2 class=\"wp-block-heading\">Chi ti\u1ebft M\u00e1y l\u00e0m g\u1ea1o tr\u1eafng <\/h2>    <p>D\u01b0\u1edbi \u0111\u00e2y l\u00e0 m\u1ed9t s\u1ed1 th\u00e0nh ph\u1ea7n quan tr\u1ecdng gi\u00fap m\u00e1y ho\u1ea1t \u0111\u1ed9ng. T\u1ea5t nhi\u00ean, n\u1ebfu b\u1ea1n mu\u1ed1n xem th\u00eam h\u00ecnh \u1ea3nh c\u0169ng nh\u01b0 video, v.v., h\u00e3y li\u00ean h\u1ec7 v\u1edbi ch\u00fang t\u00f4i \u0111\u1ec3 l\u1ea5y ch\u00fang.<\/p>    <figure class=\"wp-block-gallery has-nested-images columns-default is-cropped wp-block-gallery-4 is-layout-flex wp-block-gallery-is-layout-flex\"> <figure class=\"wp-block-image size-large\"><img loading=\"lazy\" decoding=\"async\" width=\"405\" height=\"540\" data-id=\"15131\" src=\"https:\/\/www.agriculture-machine.com\/wp-content\/uploads\/2023\/11\/paddy-milling-line-detail-405x540.webp\" alt=\"Chi ti\u1ebft d\u00e2y chuy\u1ec1n xay x\u00e1t paddy\" class=\"wp-image-15131\" srcset=\"https:\/\/www.agriculture-machine.com\/wp-content\/uploads\/2023\/11\/paddy-milling-line-detail-405x540.webp 405w, https:\/\/www.agriculture-machine.com\/wp-content\/uploads\/2023\/11\/paddy-milling-line-detail-203x270.webp 203w, https:\/\/www.agriculture-machine.com\/wp-content\/uploads\/2023\/11\/paddy-milling-line-detail.webp 540w\" sizes=\"auto, (max-width: 405px) 100vw, 405px\" \/><figcaption class=\"wp-element-caption\">Chi ti\u1ebft d\u00e2y chuy\u1ec1n xay x\u00e1t paddy<\/figcaption><\/figure>    <figure class=\"wp-block-image size-large\"><img loading=\"lazy\" decoding=\"async\" width=\"405\" height=\"540\" data-id=\"15132\" src=\"https:\/\/www.agriculture-machine.com\/wp-content\/uploads\/2023\/11\/rice-grading-machine-405x540.webp\" alt=\"m\u00e1y ph\u00e2n lo\u1ea1i g\u1ea1o\" class=\"wp-image-15132\" srcset=\"https:\/\/www.agriculture-machine.com\/wp-content\/uploads\/2023\/11\/rice-grading-machine-405x540.webp 405w, https:\/\/www.agriculture-machine.com\/wp-content\/uploads\/2023\/11\/rice-grading-machine-203x270.webp 203w, https:\/\/www.agriculture-machine.com\/wp-content\/uploads\/2023\/11\/rice-grading-machine.webp 540w\" sizes=\"auto, (max-width: 405px) 100vw, 405px\" \/><figcaption class=\"wp-element-caption\">m\u00e1y ph\u00e2n lo\u1ea1i g\u1ea1o<\/figcaption><\/figure> <\/figure>    <h2 class=\"wp-block-heading\">C\u00e1c tr\u01b0\u1eddng h\u1ee3p th\u00e0nh c\u00f4ng c\u1ee7a m\u00e1y ch\u1ebf bi\u1ebfn g\u1ea1o v\u00e0 paddy<\/h2>    <p>T\u00ednh \u0111a d\u1ea1ng v\u00e0 kh\u1ea3 n\u0103ng \u00e1p d\u1ee5ng c\u1ee7a d\u00e2y chuy\u1ec1n xay x\u00e1t paddy \u0111\u1ec3 \u0111\u00e1p \u1ee9ng nhu c\u1ea7u c\u1ee7a c\u00e1c th\u1ecb tr\u01b0\u1eddng kh\u00e1c nhau tr\u00ean to\u00e0n c\u1ea7u th\u01b0\u1eddng ph\u1ed5 bi\u1ebfn h\u01a1n \u1edf c\u00e1c v\u00f9ng tr\u1ed3ng l\u00faa ch\u00ednh c\u1ee7a ch\u00e2u \u00c1, ch\u00e2u Phi v\u00e0 M\u1ef9 Latinh. C\u00e1c m\u00e1y xay x\u00e1t g\u1ea1o quy m\u00f4 l\u1edbn c\u1ee7a ch\u00fang t\u00f4i \u0111\u00e3 \u0111\u01b0\u1ee3c g\u1eedi \u0111\u1ebfn nhi\u1ec1u qu\u1ed1c gia, bao g\u1ed3m Kenya, Nigeria, Malawi, Ghana, Pakistan, v.v.<\/p>    <figure class=\"wp-block-gallery has-nested-images columns-default is-cropped wp-block-gallery-5 is-layout-flex wp-block-gallery-is-layout-flex\"> <figure class=\"wp-block-image size-large\"><img loading=\"lazy\" decoding=\"async\" width=\"720\" height=\"540\" data-id=\"15127\" src=\"https:\/\/www.agriculture-machine.com\/wp-content\/uploads\/2023\/11\/rice-huller-machine.webp\" alt=\"M\u00e1y l\u00e0m s\u1ea1ch v\u1ecf g\u1ea1o\" class=\"wp-image-15127\" srcset=\"https:\/\/www.agriculture-machine.com\/wp-content\/uploads\/2023\/11\/rice-huller-machine.webp 720w, https:\/\/www.agriculture-machine.com\/wp-content\/uploads\/2023\/11\/rice-huller-machine-360x270.webp 360w, https:\/\/www.agriculture-machine.com\/wp-content\/uploads\/2023\/11\/rice-huller-machine-240x180.webp 240w\" sizes=\"auto, (max-width: 720px) 100vw, 720px\" \/><figcaption class=\"wp-element-caption\">M\u00e1y l\u00e0m s\u1ea1ch v\u1ecf g\u1ea1o<\/figcaption><\/figure>    <figure class=\"wp-block-image size-large\"><img loading=\"lazy\" decoding=\"async\" width=\"720\" height=\"540\" data-id=\"15128\" src=\"https:\/\/www.agriculture-machine.com\/wp-content\/uploads\/2023\/11\/rice-whitener.webp\" alt=\"m\u00e1y l\u00e0m tr\u1eafng g\u1ea1o\" class=\"wp-image-15128\" srcset=\"https:\/\/www.agriculture-machine.com\/wp-content\/uploads\/2023\/11\/rice-whitener.webp 720w, https:\/\/www.agriculture-machine.com\/wp-content\/uploads\/2023\/11\/rice-whitener-360x270.webp 360w, https:\/\/www.agriculture-machine.com\/wp-content\/uploads\/2023\/11\/rice-whitener-240x180.webp 240w\" sizes=\"auto, (max-width: 720px) 100vw, 720px\" \/><figcaption class=\"wp-element-caption\">m\u00e1y l\u00e0m tr\u1eafng g\u1ea1o<\/figcaption><\/figure> <\/figure>    <p>Ngo\u00e0i c\u00e1c d\u00e2y chuy\u1ec1n ti\u00eau chu\u1ea9n, ch\u00fang t\u00f4i c\u00f2n c\u00f3 c\u00e1c m\u1edf r\u1ed9ng n\u00e2ng c\u1ea5p ti\u00ean ti\u1ebfn h\u01a1n, b\u1ea1n c\u00f3 th\u1ec3 l\u1ef1a ch\u1ecdn theo y\u00eau c\u1ea7u d\u1ef1a tr\u00ean ng\u00e2n s\u00e1ch v\u00e0 m\u1ee9c \u0111\u1ed9 y\u00eau c\u1ea7u c\u1ee7a s\u1ea3n ph\u1ea9m ho\u00e0n thi\u1ec7n, v.v. Vui l\u00f2ng duy\u1ec7t trang web c\u1ee7a ch\u00fang t\u00f4i v\u00e0 li\u00ean h\u1ec7 v\u1edbi ch\u00fang t\u00f4i!<\/p>","protected":false},"excerpt":{"rendered":"<p>Taizy 25 and 30 Ton\/Day capacity rice paddy milling line is a highly efficient, fully automated set of equipment designed for large-scale rice production. The line integrates multiple processes such as cleaning, hulling, milling, and sieving, and is capable of quickly processing paddy into high-quality rice. Its high throughput and advanced technology ensure production efficiency [&hellip;]<\/p>\n","protected":false},"author":1,"featured_media":15151,"parent":0,"comment_status":"closed","ping_status":"closed","template":"","tags":[796],"product-type":[875,906],"class_list":["post-15120","product","type-product","status-publish","has-post-thumbnail","hentry","tag-rice","product-type-rice-mill-category","product-type-rice-mill-production-line"],"_links":{"self":[{"href":"https:\/\/www.agriculture-machine.com\/vi\/wp-json\/wp\/v2\/product\/15120","targetHints":{"allow":["GET"]}}],"collection":[{"href":"https:\/\/www.agriculture-machine.com\/vi\/wp-json\/wp\/v2\/product"}],"about":[{"href":"https:\/\/www.agriculture-machine.com\/vi\/wp-json\/wp\/v2\/types\/product"}],"author":[{"embeddable":true,"href":"https:\/\/www.agriculture-machine.com\/vi\/wp-json\/wp\/v2\/users\/1"}],"replies":[{"embeddable":true,"href":"https:\/\/www.agriculture-machine.com\/vi\/wp-json\/wp\/v2\/comments?post=15120"}],"wp:featuredmedia":[{"embeddable":true,"href":"https:\/\/www.agriculture-machine.com\/vi\/wp-json\/wp\/v2\/media\/15151"}],"wp:attachment":[{"href":"https:\/\/www.agriculture-machine.com\/vi\/wp-json\/wp\/v2\/media?parent=15120"}],"wp:term":[{"taxonomy":"post_tag","embeddable":true,"href":"https:\/\/www.agriculture-machine.com\/vi\/wp-json\/wp\/v2\/tags?post=15120"},{"taxonomy":"product-type","embeddable":true,"href":"https:\/\/www.agriculture-machine.com\/vi\/wp-json\/wp\/v2\/product-type?post=15120"}],"curies":[{"name":"wp","href":"https:\/\/api.w.org\/{rel}","templated":true}]}}