{"id":15160,"date":"2023-11-16T14:46:25","date_gmt":"2023-11-16T06:46:25","guid":{"rendered":"https:\/\/www.agriculture-machine.com\/?post_type=product&#038;p=15160"},"modified":"2024-08-20T17:43:57","modified_gmt":"2024-08-20T09:43:57","slug":"combined-wheat-rice-harvester","status":"publish","type":"product","link":"https:\/\/www.agriculture-machine.com\/vi\/combined-wheat-rice-harvester\/","title":{"rendered":"M\u00e1y g\u1eb7t l\u00faa v\u00e0 l\u00faa m\u00ec li\u00ean h\u1ee3p c\u00f3 ch\u1ee9c n\u0103ng t\u00e1ch th\u00f3c"},"content":{"rendered":"<p class=\"translation-block\">M\u00e1y g\u1eb7t l\u00faa m\u00ec v\u00e0 g\u1eb7t l\u00faa g\u1ea1o k\u1ebft h\u1ee3p   l\u00e0 m\u1ed9t lo\u1ea1i m\u00e1y g\u1eb7t li\u00ean h\u1ee3p \u0111a ch\u1ee9c n\u0103ng. N\u00f3 ch\u1ee7 y\u1ebfu ph\u00f9 h\u1ee3p \u0111\u1ec3 thu ho\u1ea1ch l\u00faa v\u00e0 l\u00faa m\u00ec quy m\u00f4 nh\u1ecf. N\u00f3 k\u1ebft h\u1ee3p g\u1eb7t, xay, t\u01b0\u1edbc, s\u00e0ng, v\u00e0 \u0111\u00f3ng g\u00f3i th\u00e0nh m\u1ed9t quy tr\u00ecnh to\u00e0n b\u1ed9 m\u1ed9t l\u1ea7n. <\/p>    <p>This machine can control wheat losses to within 3.5% and rice&#8217;s to within only 2%. It is suitable for mountainous regions, hilly terrain, paddy fields, terraced fields, and muddy areas where conventional combine harvesters cannot operate.<\/p>    <figure class=\"wp-block-embed aligncenter is-type-video is-provider-youtube wp-block-embed-youtube wp-embed-aspect-16-9 wp-has-aspect-ratio\"><div class=\"wp-block-embed__wrapper\"> <iframe loading=\"lazy\" title=\"M\u00e1y g\u1eb7t l\u00faa g\u1ea1o v\u00e0 l\u00faa m\u00ec k\u1ebft h\u1ee3p!#g\u1ea1o #l\u00faa m\u00ec\" width=\"500\" height=\"281\" src=\"https:\/\/www.youtube.com\/embed\/5PJ4BnZYd2M?feature=oembed\" frameborder=\"0\" allow=\"accelerometer; autoplay; clipboard-write; encrypted-media; gyroscope; picture-in-picture; web-share\" referrerpolicy=\"strict-origin-when-cross-origin\" allowfullscreen><\/iframe> <\/div><figcaption class=\"wp-element-caption\">M\u00e1y g\u1eb7t l\u00faa g\u1ea1o v\u00e0 l\u00faa m\u00ec k\u1ebft h\u1ee3p v\u00e0 m\u00e1y xay<\/figcaption><\/figure>    <p>M\u00e1y n\u00e0y gi\u1ea3m b\u1edbt c\u00f4ng lao n\u1eb7ng nh\u1ecdc trong vi\u1ec7c thu ho\u1ea1ch c\u00e2y tr\u1ed3ng cho n\u00f4ng d\u00e2n. Kh\u1ea3 n\u0103ng th\u00edch \u1ee9ng cao, c\u1ea5u tr\u00fac nh\u1ecf g\u1ecdn, hi\u1ec7u su\u1ea5t \u0111\u00e1ng tin c\u1eady, v\u1eadn h\u00e0nh th\u00e2n thi\u1ec7n v\u1edbi ng\u01b0\u1eddi d\u00f9ng v\u00e0 d\u1ec5 b\u1ea3o tr\u00ec \u0111\u00e3 l\u00e0m cho n\u00f3 ph\u1ed5 bi\u1ebfn trong v\u00e0 ngo\u00e0i n\u01b0\u1edbc.<\/p>    <figure class=\"wp-block-image aligncenter size-full\"><img loading=\"lazy\" decoding=\"async\" width=\"720\" height=\"540\" src=\"https:\/\/www.agriculture-machine.com\/wp-content\/uploads\/2023\/11\/combined-wheat-rice-harvester.webp\" alt=\"M\u00e1y g\u1eb7t l\u00faa g\u1ea1o v\u00e0 l\u00faa m\u00ec k\u1ebft h\u1ee3p\" class=\"wp-image-15163\" srcset=\"https:\/\/www.agriculture-machine.com\/wp-content\/uploads\/2023\/11\/combined-wheat-rice-harvester.webp 720w, https:\/\/www.agriculture-machine.com\/wp-content\/uploads\/2023\/11\/combined-wheat-rice-harvester-360x270.webp 360w, https:\/\/www.agriculture-machine.com\/wp-content\/uploads\/2023\/11\/combined-wheat-rice-harvester-240x180.webp 240w\" sizes=\"auto, (max-width: 720px) 100vw, 720px\" \/><figcaption class=\"wp-element-caption\">M\u00e1y g\u1eb7t l\u00faa g\u1ea1o v\u00e0 l\u00faa m\u00ec k\u1ebft h\u1ee3p<\/figcaption><\/figure>    <h2 class=\"wp-block-heading\">Hai lo\u1ea1i m\u00e1y g\u1eb7t l\u00faa g\u1ea1o v\u00e0 l\u00faa m\u00ec k\u1ebft h\u1ee3p<\/h2>    <p>C\u00f4ng ty Taizy s\u1ea3n xu\u1ea5t hai lo\u1ea1i ch\u00ednh m\u00e1y g\u1eb7t: b\u00e1nh x\u00edch tam gi\u00e1c v\u00e0 b\u00e1nh x\u00edch ph\u1eb3ng. Kh\u00e1ch h\u00e0ng c\u00f3 th\u1ec3 ch\u1ecdn theo \u0111i\u1ec1u ki\u1ec7n \u0111\u1ea5t \u0111ai v\u00e0 c\u00e1c \u0111i\u1ec1u ki\u1ec7n kh\u00e1c c\u1ee7a \u0111\u1ea5t n\u00f4ng nghi\u1ec7p. <\/p>    <p>B\u00e1nh x\u00edch tam gi\u00e1c ph\u00f9 h\u1ee3p v\u1edbi \u0111\u1ea5t kh\u00f4 v\u00e0 ru\u1ed9ng l\u00faa kh\u00f4ng c\u00f3 ch\u00e2n b\u00f9n s\u00e2u, trong khi b\u00e1nh x\u00edch ph\u1eb3ng c\u00f3 di\u1ec7n t\u00edch ti\u1ebfp \u0111\u1ea5t l\u1edbn h\u01a1n v\u00e0 ph\u00f9 h\u1ee3p h\u01a1n v\u1edbi ru\u1ed9ng l\u00faa c\u00f3 ch\u00e2n b\u00f9n s\u00e2u. \u0110\u1ec3 xu\u1ea5t kh\u1ea9u sang ch\u00e2u Phi, b\u00e1nh x\u00edch tam gi\u00e1c c\u00f3 th\u1ec3 l\u00e0m vi\u1ec7c, trong khi b\u00e1nh x\u00edch ph\u1eb3ng \u0111\u01b0\u1ee3c khuy\u1ebfn ngh\u1ecb cho \u0110\u00f4ng Nam \u00c1.<\/p>    <figure class=\"wp-block-gallery has-nested-images columns-default is-cropped wp-block-gallery-2 is-layout-flex wp-block-gallery-is-layout-flex\"> <figure class=\"wp-block-image size-large\"><img loading=\"lazy\" decoding=\"async\" width=\"720\" height=\"540\" data-id=\"15164\" src=\"https:\/\/www.agriculture-machine.com\/wp-content\/uploads\/2023\/11\/combine-harvester-for-sale.webp\" alt=\"M\u00e1y g\u1eb7t b\u00e1n ch\u1ea1y\" class=\"wp-image-15164\" srcset=\"https:\/\/www.agriculture-machine.com\/wp-content\/uploads\/2023\/11\/combine-harvester-for-sale.webp 720w, https:\/\/www.agriculture-machine.com\/wp-content\/uploads\/2023\/11\/combine-harvester-for-sale-360x270.webp 360w, https:\/\/www.agriculture-machine.com\/wp-content\/uploads\/2023\/11\/combine-harvester-for-sale-240x180.webp 240w\" sizes=\"auto, (max-width: 720px) 100vw, 720px\" \/><figcaption class=\"wp-element-caption\">M\u00e1y g\u1eb7t b\u00e1n ch\u1ea1y<\/figcaption><\/figure>    <figure class=\"wp-block-image size-large\"><img loading=\"lazy\" decoding=\"async\" width=\"720\" height=\"540\" data-id=\"15166\" src=\"https:\/\/www.agriculture-machine.com\/wp-content\/uploads\/2023\/11\/crop-harvesting-equipment.webp\" alt=\"Thi\u1ebft b\u1ecb thu ho\u1ea1ch c\u00e2y tr\u1ed3ng\" class=\"wp-image-15166\" srcset=\"https:\/\/www.agriculture-machine.com\/wp-content\/uploads\/2023\/11\/crop-harvesting-equipment.webp 720w, https:\/\/www.agriculture-machine.com\/wp-content\/uploads\/2023\/11\/crop-harvesting-equipment-360x270.webp 360w, https:\/\/www.agriculture-machine.com\/wp-content\/uploads\/2023\/11\/crop-harvesting-equipment-240x180.webp 240w\" sizes=\"auto, (max-width: 720px) 100vw, 720px\" \/><figcaption class=\"wp-element-caption\">Thi\u1ebft b\u1ecb thu ho\u1ea1ch c\u00e2y tr\u1ed3ng<\/figcaption><\/figure> <\/figure>    <h2 class=\"wp-block-heading\">Th\u00f4ng s\u1ed1 k\u1ef9 thu\u1eadt c\u1ee7a m\u00e1y g\u1eb7t l\u00faa m\u00ec<\/h2>    <p>D\u00f9 l\u00e0 m\u00e1y g\u1eb7t b\u00e1nh x\u00edch ph\u1eb3ng hay b\u00e1nh x\u00edch tam gi\u00e1c, c\u1ea3 hai \u0111\u1ec1u ph\u00f9 h\u1ee3p v\u1edbi c\u00e1c k\u1ecbch b\u1ea3n \u0111\u1ea5t kh\u00e1c nhau. Nh\u01b0ng c\u00e1c th\u00f4ng s\u1ed1 k\u1ef9 thu\u1eadt c\u00e1 nh\u00e2n gi\u1ed1ng nhau, d\u01b0\u1edbi \u0111\u00e2y l\u00e0 m\u1ed9t s\u1ed1 d\u1eef li\u1ec7u k\u1ef9 thu\u1eadt quan tr\u1ecdng c\u1ee7a m\u00e1y g\u1eb7t l\u00faa g\u1ea1o.<\/p>    <figure class=\"wp-block-table is-style-stripes\"><table><tbody><tr><td class=\"has-text-align-center\" data-align=\"center\">K\u00edch th\u01b0\u1edbc (MM)<\/td><td class=\"has-text-align-center\" data-align=\"center\">3100*1440*1630<\/td><\/tr><tr><td class=\"has-text-align-center\" data-align=\"center\">Tr\u1ecdng l\u01b0\u1ee3ng (KG)<\/td><td class=\"has-text-align-center\" data-align=\"center\">570<\/td><\/tr><tr><td class=\"has-text-align-center\" data-align=\"center\">Chi\u1ec1u r\u1ed9ng c\u1eaft (MM)<\/td><td class=\"has-text-align-center\" data-align=\"center\">1100<\/td><\/tr><tr><td class=\"has-text-align-center\" data-align=\"center\">Kho\u1ea3ng c\u00e1ch g\u1ea7m t\u1ed1i thi\u1ec3u (MM)<\/td><td class=\"has-text-align-center\" data-align=\"center\">190<\/td><\/tr><tr><td class=\"has-text-align-center\" data-align=\"center\">\u00c1p l\u1ef1c m\u1eb7t \u0111\u1ea5t trung b\u00ecnh (KPA)<\/td><td class=\"has-text-align-center\" data-align=\"center\">10.9<\/td><\/tr><tr><td class=\"has-text-align-center\" data-align=\"center\">Th\u1ec3 t\u00edch c\u1ea5p li\u1ec7u (KG\/S)<\/td><td class=\"has-text-align-center\" data-align=\"center\">1.05<\/td><\/tr><tr><td class=\"has-text-align-center\" data-align=\"center\">Chuy\u1ec3n s\u1ed1<\/td><td class=\"has-text-align-center\" data-align=\"center\">1, 2, 3, 0, -1, -2, -3<\/td><\/tr><tr><td class=\"has-text-align-center\" data-align=\"center\">M\u1eabu m\u00e3 \u0111\u1ed9ng c\u01a1<\/td><td class=\"has-text-align-center\" data-align=\"center\">KD1100FB D\u1ea6U DIESEL<\/td><\/tr><tr><td class=\"has-text-align-center\" data-align=\"center\">C\u00f4ng su\u1ea5t \u0111\u1ecbnh m\u1ee9c (KW)<\/td><td class=\"has-text-align-center\" data-align=\"center\">11<\/td><\/tr><tr><td class=\"has-text-align-center\" data-align=\"center\">C\u00f4ng su\u1ea5t \/ T\u1ed1c \u0111\u1ed9 quay (RPM)<\/td><td class=\"has-text-align-center\" data-align=\"center\">3600<\/td><\/tr><tr><td class=\"has-text-align-center\" data-align=\"center\">Ph\u01b0\u01a1ng ph\u00e1p kh\u1edfi \u0111\u1ed9ng<\/td><td class=\"has-text-align-center\" data-align=\"center\">Kh\u1edfi \u0111\u1ed9ng b\u1eb1ng \u0111i\u1ec7n<\/td><\/tr><tr><td class=\"has-text-align-center\" data-align=\"center\">Nhi\u00ean li\u1ec7u<\/td><td class=\"has-text-align-center\" data-align=\"center\">D\u1ea7u diesel<\/td><\/tr><\/tbody><\/table><figcaption class=\"wp-element-caption\">Th\u00f4ng s\u1ed1 k\u1ef9 thu\u1eadt c\u1ee7a m\u00e1y g\u1eb7t v\u00e0 m\u00e1y xay l\u00faa<\/figcaption><\/figure>    <h2 class=\"wp-block-heading\">M\u00e1y g\u1eb7t l\u00faa g\u1ea1o v\u00e0 l\u00faa m\u00ec ho\u1ea1t \u0111\u1ed9ng nh\u01b0 th\u1ebf n\u00e0o?<\/h2>   <div id=\"rank-math-howto\" class=\"rank-math-block\" > <div class=\"rank-math-howto-description\"> <img loading=\"lazy\" decoding=\"async\" width=\"720\" height=\"540\" src=\"https:\/\/www.agriculture-machine.com\/wp-content\/uploads\/2023\/11\/versatile-harvesting-machine.webp\" class=\"attachment-full size-full\" alt=\"M\u00e1y thu ho\u1ea1ch \u0111a n\u0103ng\" srcset=\"https:\/\/www.agriculture-machine.com\/wp-content\/uploads\/2023\/11\/versatile-harvesting-machine.webp 720w, https:\/\/www.agriculture-machine.com\/wp-content\/uploads\/2023\/11\/versatile-harvesting-machine-360x270.webp 360w, https:\/\/www.agriculture-machine.com\/wp-content\/uploads\/2023\/11\/versatile-harvesting-machine-240x180.webp 240w\" sizes=\"auto, (max-width: 720px) 100vw, 720px\" \/> <\/div>  <div class=\"rank-math-steps\"> <div id=\"howto-step-1700031329594\" class=\"rank-math-step\"> <h3 class=\"rank-math-step-title\">Thu ho\u1ea1ch<\/h3> <div class=\"rank-math-step-content\"><p>M\u00e1y g\u1eb7t l\u00faa g\u1ea1o v\u00e0 l\u00faa m\u00ec k\u1ebft h\u1ee3p c\u1eaft v\u00e0 thu ho\u1ea1ch c\u00e2y tr\u1ed3ng nh\u01b0 l\u00faa ho\u1eb7c l\u00faa m\u00ec b\u1eb1ng dao ho\u1eb7c b\u00e0n c\u1eaft.<\/p> <\/div> <\/div> <div id=\"howto-step-1700031368960\" class=\"rank-math-step\"> <h3 class=\"rank-math-step-title\">V\u1eadn chuy\u1ec3n<\/h3> <div class=\"rank-math-step-content\"><p>S\u1eed d\u1ee5ng b\u0103ng chuy\u1ec1n ho\u1eb7c c\u01a1 ch\u1ebf v\u1eadn chuy\u1ec3n kh\u00e1c, c\u00e2y tr\u1ed3ng \u0111\u00e3 c\u1eaft \u0111\u01b0\u1ee3c v\u1eadn chuy\u1ec3n \u0111\u1ebfn \u0111\u01a1n v\u1ecb l\u00e0m vi\u1ec7c ti\u1ebfp theo.<\/p> <\/div> <\/div> <div id=\"howto-step-1700031383697\" class=\"rank-math-step\"> <h3 class=\"rank-math-step-title\">Xay<\/h3> <div class=\"rank-math-step-content\"><p>C\u00e2y tr\u1ed3ng \u0111i qua c\u01a1 ch\u1ebf xay, th\u01b0\u1eddng l\u00e0 m\u00e1y nghi\u1ec1n vi\u00ean ho\u1eb7c thi\u1ebft b\u1ecb t\u01b0\u01a1ng t\u1ef1, t\u00e1ch h\u1ea1t (g\u1ea1o, l\u00faa m\u00ec, v.v.) kh\u1ecfi r\u01a1m.<\/p> <\/div> <\/div> <div id=\"howto-step-1700031397727\" class=\"rank-math-step\"> <h3 class=\"rank-math-step-title\">L\u00e0m s\u1ea1ch<\/h3> <div class=\"rank-math-step-content\"><p>H\u1ea1t \u0111\u00e3 t\u00e1ch \u0111\u01b0\u1ee3c g\u1eedi \u0111\u1ebfn h\u1ec7 th\u1ed1ng l\u00e0m s\u1ea1ch \u0111\u1ec3 lo\u1ea1i b\u1ecf t\u1ea1p ch\u1ea5t c\u00f2n l\u1ea1i, r\u01a1m r\u1ea1 v\u00e0 c\u00e1c v\u1eadt li\u1ec7u kh\u00f4ng mong mu\u1ed1n kh\u00e1c.<\/p> <\/div> <\/div> <div id=\"howto-step-1700031413232\" class=\"rank-math-step\"> <h3 class=\"rank-math-step-title\">L\u01b0u tr\u1eef \/ D\u1ee1 h\u00e0ng<\/h3> <div class=\"rank-math-step-content\"><p>The cleaned seeds can be stored in the machine&#8217;s grain storage tank or unloaded into the collector using a conveyor belt, etc. The cleaning system is highly automated.<\/p> <\/div> <\/div> <\/div> <\/div>       <figure class=\"wp-block-embed aligncenter is-type-video is-provider-youtube wp-block-embed-youtube wp-embed-aspect-16-9 wp-has-aspect-ratio\"><div class=\"wp-block-embed__wrapper\"> <iframe loading=\"lazy\" title=\"C\u00f4ng ngh\u1ec7 ti\u00ean ti\u1ebfn, m\u1ed9t m\u00e1y! M\u00e1y g\u1eb7t l\u00faa v\u00e0 l\u00faa m\u00ec li\u00ean h\u1ee3p v\u00e0 t\u00e1ch th\u00f3c xu\u1ea5t hi\u1ec7n \u1ea5n t\u01b0\u1ee3ng!\" width=\"500\" height=\"281\" src=\"https:\/\/www.youtube.com\/embed\/-JwfU0i0ZWo?start=1&#038;feature=oembed\" frameborder=\"0\" allow=\"accelerometer; autoplay; clipboard-write; encrypted-media; gyroscope; picture-in-picture; web-share\" referrerpolicy=\"strict-origin-when-cross-origin\" allowfullscreen><\/iframe> <\/div><figcaption class=\"wp-element-caption\">Hi\u1ec7n tr\u01b0\u1eddng l\u00e0m vi\u1ec7c c\u1ee7a m\u00e1y g\u1eb7t l\u00faa g\u1ea1o v\u00e0 g\u1eb7t l\u00faa<\/figcaption><\/figure>    <h2 class=\"wp-block-heading\">L\u1ee3i \u00edch c\u1ee7a m\u00e1y g\u1eb7t l\u00faa g\u1ea1o v\u00e0 l\u00faa m\u00ec k\u1ebft h\u1ee3p<\/h2>    <ul class=\"wp-block-list\"> <li>Thi\u1ebft k\u1ebf nh\u1eb9 gi\u00fap d\u1ec5 d\u00e0ng \u0111i\u1ec1u khi\u1ec3n v\u00e0 linh ho\u1ea1t.<\/li>    <li>C\u00f4ng ngh\u1ec7 xay x\u00e1t cao \u0111\u1ea3m b\u1ea3o t\u00e1ch h\u1ea1t v\u00e0 ng\u0169 c\u1ed1c s\u1ea1ch s\u1ebd v\u00e0 tri\u1ec7t \u0111\u1ec3.<\/li>    <li>\u00c1p d\u1ee5ng tr\u1ed1ng ba trong m\u1ed9t, t\u1ea3i nh\u1ecf, t\u1ef7 l\u1ec7 h\u01b0 h\u1ecfng th\u1ea5p ch\u1ec9 5%.<\/li>    <li>Chi\u1ec1u cao c\u1eaft c\u00f3 th\u1ec3 \u0111i\u1ec1u ch\u1ec9nh, th\u01b0\u1eddng t\u1eeb 12-75cm.<\/li>    <li>C\u1eeda c\u1ea5p li\u1ec7u r\u1ed9ng h\u01a1n, nguy\u00ean li\u1ec7u c\u00f3 th\u1ec3 \u0111\u01b0\u1ee3c \u0111\u01b0a v\u00e0o m\u00e1y g\u1eb7t l\u00faa g\u1ea1o v\u00e0 l\u00faa m\u00ec k\u1ebft h\u1ee3p m\u1ed9t c\u00e1ch tr\u01a1n tru, kh\u00f4ng b\u1ecb t\u1eafc ngh\u1ebdn.<\/li>    <li>B\u0103ng chuy\u1ec1n n\u00e2ng r\u1ed9ng h\u01a1n, thu\u1eadn ti\u1ec7n \u0111\u1ec3 v\u1eadn chuy\u1ec3n c\u00e2y tr\u1ed3ng.<\/li>    <li>Trang b\u1ecb b\u00e1nh xe chuy\u00ean d\u1ee5ng cho ru\u1ed9ng l\u00faa, c\u00f3 th\u1ec3 x\u1eed l\u00fd \u0111\u1ed9 s\u00e2u b\u00f9n l\u00ean t\u1edbi 30 cm.<\/li> <\/ul>    <figure class=\"wp-block-gallery has-nested-images columns-default is-cropped wp-block-gallery-3 is-layout-flex wp-block-gallery-is-layout-flex\"> <figure class=\"wp-block-image size-large\"><img loading=\"lazy\" decoding=\"async\" width=\"720\" height=\"540\" data-id=\"15168\" src=\"https:\/\/www.agriculture-machine.com\/wp-content\/uploads\/2023\/11\/efficient-harvesting-technology.webp\" alt=\"C\u00f4ng ngh\u1ec7 thu ho\u1ea1ch hi\u1ec7u qu\u1ea3\" class=\"wp-image-15168\" srcset=\"https:\/\/www.agriculture-machine.com\/wp-content\/uploads\/2023\/11\/efficient-harvesting-technology.webp 720w, https:\/\/www.agriculture-machine.com\/wp-content\/uploads\/2023\/11\/efficient-harvesting-technology-360x270.webp 360w, https:\/\/www.agriculture-machine.com\/wp-content\/uploads\/2023\/11\/efficient-harvesting-technology-240x180.webp 240w\" sizes=\"auto, (max-width: 720px) 100vw, 720px\" \/><figcaption class=\"wp-element-caption\">C\u00f4ng ngh\u1ec7 thu ho\u1ea1ch hi\u1ec7u qu\u1ea3<\/figcaption><\/figure>    <figure class=\"wp-block-image size-large\"><img loading=\"lazy\" decoding=\"async\" width=\"720\" height=\"540\" data-id=\"15169\" src=\"https:\/\/www.agriculture-machine.com\/wp-content\/uploads\/2023\/11\/rice-wheat-harvester-factory.webp\" alt=\"Nh\u00e0 m\u00e1y g\u1eb7t l\u00faa g\u1ea1o v\u00e0 l\u00faa m\u00ec\" class=\"wp-image-15169\" srcset=\"https:\/\/www.agriculture-machine.com\/wp-content\/uploads\/2023\/11\/rice-wheat-harvester-factory.webp 720w, https:\/\/www.agriculture-machine.com\/wp-content\/uploads\/2023\/11\/rice-wheat-harvester-factory-360x270.webp 360w, https:\/\/www.agriculture-machine.com\/wp-content\/uploads\/2023\/11\/rice-wheat-harvester-factory-240x180.webp 240w\" sizes=\"auto, (max-width: 720px) 100vw, 720px\" \/><figcaption class=\"wp-element-caption\">Nh\u00e0 m\u00e1y g\u1eb7t l\u00faa g\u1ea1o v\u00e0 l\u00faa m\u00ec<\/figcaption><\/figure> <\/figure>    <h2 class=\"wp-block-heading\">C\u00e1c tr\u01b0\u1eddng h\u1ee3p th\u00e0nh c\u00f4ng c\u1ee7a m\u00e1y g\u1eb7t l\u00faa g\u1ea1o v\u00e0 l\u00faa m\u00ec<\/h2>    <p>C\u00e1c m\u00e1y g\u1eb7t l\u00faa g\u1ea1o v\u00e0 l\u00faa m\u00ec k\u1ebft h\u1ee3p \u0111\u01b0\u1ee3c \u01b0a chu\u1ed9ng r\u1ed9ng r\u00e3i \u1edf nhi\u1ec1u qu\u1ed1c gia ph\u00e1t tri\u1ec3n n\u00f4ng nghi\u1ec7p v\u00e0 s\u1ea3n xu\u1ea5t l\u01b0\u01a1ng th\u1ef1c tr\u00ean to\u00e0n th\u1ebf gi\u1edbi. <\/p>    <p>V\u00ec nhi\u1ec1u qu\u1ed1c gia tr\u1ed3ng di\u1ec7n t\u00edch l\u1edbn l\u00faa g\u1ea1o, v.v., n\u00ean m\u00e1y n\u00e0y l\u00e0 m\u1ed9t m\u1eb7t h\u00e0ng b\u00e1n ch\u1ea1y v\u00e0 \u0111\u00e3 t\u1eebng \u0111\u01b0\u1ee3c v\u1eadn chuy\u1ec3n \u0111\u1ebfn \u1ea4n \u0110\u1ed9, Vi\u1ec7t Nam, Th\u00e1i Lan, Ph\u00e1p, \u0110\u1ee9c, Nga, Hoa K\u1ef3, Canada, \u00dac, Kenya, Nigeria, Brazil, Argentina, v\u00e0 nhi\u1ec1u n\u01a1i kh\u00e1c.<\/p>    <p class=\"translation-block\">D\u01b0\u1edbi \u0111\u00e2y l\u00e0 m\u1ed9t bu\u1ed5i tr\u00ecnh di\u1ec5n tr\u1ef1c ti\u1ebfp c\u1ee7a c\u00e1nh \u0111\u1ed3ng l\u00faa c\u1ee7a kh\u00e1ch h\u00e0ng Bangladesh(<em>B\u00e0i vi\u1ebft li\u00ean quan: <a href=\"https:\/\/www.agriculture-machine.com\/vi\/wheat-and-rice-harvester-thresher-machine-in-bangladesh\/\"><strong>Kh\u00e1ch h\u00e0ng Bangladesh th\u00e0nh c\u00f4ng mua m\u00e1y g\u1eb7t l\u00faa g\u1ea1o v\u00e0 l\u00faa m\u00ec Taizy<\/strong><\/a><\/em>).<\/p>    <figure class=\"wp-block-gallery has-nested-images columns-2 is-cropped wp-block-gallery-4 is-layout-flex wp-block-gallery-is-layout-flex\"> <figure class=\"wp-block-image size-large\"><img loading=\"lazy\" decoding=\"async\" width=\"720\" height=\"540\" data-id=\"15171\" src=\"https:\/\/www.agriculture-machine.com\/wp-content\/uploads\/2023\/11\/wheat-rice-combine-paddy-harvester.webp\" alt=\"M\u00e1y g\u1eb7t l\u00faa g\u1ea1o v\u00e0 l\u00faa m\u00ec k\u1ebft h\u1ee3p\" class=\"wp-image-15171\" srcset=\"https:\/\/www.agriculture-machine.com\/wp-content\/uploads\/2023\/11\/wheat-rice-combine-paddy-harvester.webp 720w, https:\/\/www.agriculture-machine.com\/wp-content\/uploads\/2023\/11\/wheat-rice-combine-paddy-harvester-360x270.webp 360w, https:\/\/www.agriculture-machine.com\/wp-content\/uploads\/2023\/11\/wheat-rice-combine-paddy-harvester-240x180.webp 240w\" sizes=\"auto, (max-width: 720px) 100vw, 720px\" \/><figcaption class=\"wp-element-caption\">M\u00e1y g\u1eb7t l\u00faa g\u1ea1o v\u00e0 l\u00faa m\u00ec k\u1ebft h\u1ee3p<\/figcaption><\/figure>    <figure class=\"wp-block-image size-large\"><img loading=\"lazy\" decoding=\"async\" width=\"720\" height=\"540\" data-id=\"15170\" src=\"https:\/\/www.agriculture-machine.com\/wp-content\/uploads\/2023\/11\/crop-yield-optimization.webp\" alt=\"T\u1ed1i \u01b0u h\u00f3a n\u0103ng su\u1ea5t c\u00e2y tr\u1ed3ng\" class=\"wp-image-15170\" srcset=\"https:\/\/www.agriculture-machine.com\/wp-content\/uploads\/2023\/11\/crop-yield-optimization.webp 720w, https:\/\/www.agriculture-machine.com\/wp-content\/uploads\/2023\/11\/crop-yield-optimization-360x270.webp 360w, https:\/\/www.agriculture-machine.com\/wp-content\/uploads\/2023\/11\/crop-yield-optimization-240x180.webp 240w\" sizes=\"auto, (max-width: 720px) 100vw, 720px\" \/><figcaption class=\"wp-element-caption\">T\u1ed1i \u01b0u h\u00f3a n\u0103ng su\u1ea5t c\u00e2y tr\u1ed3ng<\/figcaption><\/figure>    <figure class=\"wp-block-image size-large\"><img loading=\"lazy\" decoding=\"async\" width=\"720\" height=\"540\" data-id=\"15173\" src=\"https:\/\/www.agriculture-machine.com\/wp-content\/uploads\/2023\/11\/wheat-harvesting-and-threshing-machine.webp\" alt=\"Hi\u1ec7n tr\u01b0\u1eddng l\u00e0m vi\u1ec7c c\u1ee7a m\u00e1y g\u1eb7t l\u00faa m\u00ec v\u00e0 g\u1eb7t l\u00faa g\u1ea1o\" class=\"wp-image-15173\" srcset=\"https:\/\/www.agriculture-machine.com\/wp-content\/uploads\/2023\/11\/wheat-harvesting-and-threshing-machine.webp 720w, https:\/\/www.agriculture-machine.com\/wp-content\/uploads\/2023\/11\/wheat-harvesting-and-threshing-machine-360x270.webp 360w, https:\/\/www.agriculture-machine.com\/wp-content\/uploads\/2023\/11\/wheat-harvesting-and-threshing-machine-240x180.webp 240w\" sizes=\"auto, (max-width: 720px) 100vw, 720px\" \/><figcaption class=\"wp-element-caption\">Hi\u1ec7n tr\u01b0\u1eddng l\u00e0m vi\u1ec7c c\u1ee7a m\u00e1y g\u1eb7t l\u00faa m\u00ec v\u00e0 g\u1eb7t l\u00faa g\u1ea1o<\/figcaption><\/figure>    <figure class=\"wp-block-image size-large\"><img loading=\"lazy\" decoding=\"async\" width=\"720\" height=\"540\" data-id=\"15172\" src=\"https:\/\/www.agriculture-machine.com\/wp-content\/uploads\/2023\/11\/customer-rice-field.webp\" alt=\"Ru\u1ed9ng l\u00faa c\u1ee7a kh\u00e1ch h\u00e0ng\" class=\"wp-image-15172\" srcset=\"https:\/\/www.agriculture-machine.com\/wp-content\/uploads\/2023\/11\/customer-rice-field.webp 720w, https:\/\/www.agriculture-machine.com\/wp-content\/uploads\/2023\/11\/customer-rice-field-360x270.webp 360w, https:\/\/www.agriculture-machine.com\/wp-content\/uploads\/2023\/11\/customer-rice-field-240x180.webp 240w\" sizes=\"auto, (max-width: 720px) 100vw, 720px\" \/><figcaption class=\"wp-element-caption\">Ru\u1ed9ng l\u00faa c\u1ee7a kh\u00e1ch h\u00e0ng<\/figcaption><\/figure> <\/figure>    <h2 class=\"wp-block-heading\">C\u00e1c bi\u1ec7n ph\u00e1p ph\u00f2ng ng\u1eeba khi s\u1eed d\u1ee5ng m\u00e1y g\u1eb7t<\/h2>    <p>C\u00f3 m\u1ed9t s\u1ed1 \u0111i\u1ec1u quan tr\u1ecdng c\u1ea7n ghi nh\u1edb khi s\u1eed d\u1ee5ng m\u00e1y g\u1eb7t l\u00faa g\u1ea1o v\u00e0 l\u00faa m\u00ec k\u1ebft h\u1ee3p \u0111\u1ec3 \u0111\u1ea3m b\u1ea3o vi\u1ec7c thu ho\u1ea1ch n\u00f4ng nghi\u1ec7p \u0111\u01b0\u1ee3c th\u1ef1c hi\u1ec7n an to\u00e0n v\u00e0 hi\u1ec7u qu\u1ea3:<\/p>    <ul class=\"wp-block-list\"> <li><strong>Ki\u1ec3m tra v\u00e0 b\u1ea3o tr\u00ec:<\/strong> Tr\u01b0\u1edbc khi s\u1eed d\u1ee5ng, ki\u1ec3m tra c\u1ea9n th\u1eadn t\u1ea5t c\u1ea3 c\u00e1c b\u1ed9 ph\u1eadn c\u1ee7a m\u00e1y \u0111\u1ec3 \u0111\u1ea3m b\u1ea3o r\u1eb1ng t\u1ea5t c\u1ea3 h\u1ec7 th\u1ed1ng truy\u1ec1n \u0111\u1ed9ng, dao, v\u00e0 thi\u1ebft b\u1ecb an to\u00e0n \u0111\u1ec1u trong t\u00ecnh tr\u1ea1ng t\u1ed1t. Th\u1ef1c hi\u1ec7n b\u1ea3o tr\u00ec \u0111\u1ecbnh k\u1ef3 \u0111\u1ec3 gi\u1eef cho m\u00e1y ho\u1ea1t \u0111\u1ed9ng t\u1ed1t.<\/li>    <li><strong>Ki\u1ec3m tra m\u00f4i tr\u01b0\u1eddng l\u00e0m vi\u1ec7c:<\/strong> Tr\u01b0\u1edbc khi b\u1eaft \u0111\u1ea7u l\u00e0m vi\u1ec7c, ki\u1ec3m tra khu v\u1ef1c l\u00e0m vi\u1ec7c, lo\u1ea1i b\u1ecf c\u00e1c ch\u01b0\u1edbng ng\u1ea1i v\u1eadt c\u00f3 th\u1ec3, v\u00e0 \u0111\u1ea3m b\u1ea3o m\u1eb7t b\u1eb1ng ph\u1eb3ng, \u1ed5n \u0111\u1ecbnh \u0111\u1ec3 gi\u1ea3m thi\u1ec3u va \u0111\u1eadp v\u00e0 nghi\u00eang c\u1ee7a m\u00e1y.<\/li>    <li><strong>Th\u00edch nghi v\u00e0 \u0111i\u1ec1u ch\u1ec9nh:<\/strong> adjust the machine&#8217;s tool height, operating speed, and other parameters according to different crop types and growth stages to ensure optimal harvesting results.<\/li>    <li><strong>D\u1ecdn d\u1eb9p cu\u1ed1i c\u00f9ng:<\/strong> K\u1ebft th\u00fac c\u00f4ng vi\u1ec7c, l\u00e0m s\u1ea1ch m\u00e1y \u0111\u1ea7y \u0111\u1ee7 \u0111\u1ec3 tr\u00e1nh d\u01b0 l\u01b0\u1ee3ng th\u00e2n c\u00e2y v\u00e0 m\u1ea3nh v\u1ee5n \u1ea3nh h\u01b0\u1edfng \u0111\u1ebfn l\u1ea7n v\u1eadn h\u00e0nh ti\u1ebfp theo.<\/li> <\/ul>    <p>N\u1ebfu b\u1ea1n c\u00f3 c\u00e2u h\u1ecfi v\u1ec1 hi\u1ec7u su\u1ea5t thu ho\u1ea1ch c\u1ee7a m\u00e1y g\u1eb7t l\u00faa g\u1ea1o v\u00e0 l\u00faa m\u00ec k\u1ebft h\u1ee3p n\u00e0y, b\u1ea1n c\u00f3 th\u1ec3 li\u00ean h\u1ec7 tr\u1ef1c ti\u1ebfp v\u1edbi ch\u00fang t\u00f4i qua m\u1eabu \u1edf b\u00ean ph\u1ea3i \u0111\u1ec3 xem th\u00eam video ho\u1eb7c gi\u00e1 m\u00e1y chi ti\u1ebft v\u00e0 th\u00f4ng s\u1ed1 k\u1ef9 thu\u1eadt!<\/p>","protected":false},"excerpt":{"rendered":"<p>M\u00e1y g\u1eb7t l\u00faa g\u1ea1o v\u00e0 l\u00faa m\u00ec k\u1ebft h\u1ee3p t\u00edch h\u1ee3p thu ho\u1ea1ch, xay v\u00e0 l\u00e0m s\u1ea1ch trong m\u1ed9t m\u00e1y, b\u00e0i vi\u1ebft n\u00e0y tr\u00ecnh b\u00e0y chi ti\u1ebft c\u00e1ch ho\u1ea1t \u0111\u1ed9ng v\u00e0 m\u1ed9t s\u1ed1 l\u01b0u \u00fd khi s\u1eed d\u1ee5ng, r\u1ea5t ti\u1ec7n l\u1ee3i \u0111\u1ec3 b\u1ea1n l\u1ef1a ch\u1ecdn.<\/p>","protected":false},"author":1,"featured_media":15162,"parent":0,"comment_status":"closed","ping_status":"closed","template":"","tags":[796,158],"product-type":[871],"class_list":["post-15160","product","type-product","status-publish","has-post-thumbnail","hentry","tag-rice","tag-wheat","product-type-harvester"],"_links":{"self":[{"href":"https:\/\/www.agriculture-machine.com\/vi\/wp-json\/wp\/v2\/product\/15160","targetHints":{"allow":["GET"]}}],"collection":[{"href":"https:\/\/www.agriculture-machine.com\/vi\/wp-json\/wp\/v2\/product"}],"about":[{"href":"https:\/\/www.agriculture-machine.com\/vi\/wp-json\/wp\/v2\/types\/product"}],"author":[{"embeddable":true,"href":"https:\/\/www.agriculture-machine.com\/vi\/wp-json\/wp\/v2\/users\/1"}],"replies":[{"embeddable":true,"href":"https:\/\/www.agriculture-machine.com\/vi\/wp-json\/wp\/v2\/comments?post=15160"}],"wp:featuredmedia":[{"embeddable":true,"href":"https:\/\/www.agriculture-machine.com\/vi\/wp-json\/wp\/v2\/media\/15162"}],"wp:attachment":[{"href":"https:\/\/www.agriculture-machine.com\/vi\/wp-json\/wp\/v2\/media?parent=15160"}],"wp:term":[{"taxonomy":"post_tag","embeddable":true,"href":"https:\/\/www.agriculture-machine.com\/vi\/wp-json\/wp\/v2\/tags?post=15160"},{"taxonomy":"product-type","embeddable":true,"href":"https:\/\/www.agriculture-machine.com\/vi\/wp-json\/wp\/v2\/product-type?post=15160"}],"curies":[{"name":"wp","href":"https:\/\/api.w.org\/{rel}","templated":true}]}}