{"id":15161,"date":"2023-11-16T15:43:31","date_gmt":"2023-11-16T07:43:31","guid":{"rendered":"https:\/\/www.agriculture-machine.com\/?post_type=product&#038;p=15161"},"modified":"2024-09-18T16:09:44","modified_gmt":"2024-09-18T08:09:44","slug":"grain-threshing-machine","status":"publish","type":"product","link":"https:\/\/www.agriculture-machine.com\/vi\/grain-threshing-machine\/","title":{"rendered":"M\u00e1y xay g\u1ea1o v\u00e0 l\u00faa m\u00ec \u0111a c\u00e2y tr\u1ed3ng \u0111\u1ec3 b\u00e1n"},"content":{"rendered":"<p class=\"translation-block\">M\u00e1y xay x\u00e1t l\u00faa v\u00e0 g\u1ea1o   l\u00e0 m\u1ed9t m\u00e1y n\u00f4ng nghi\u1ec7p chuy\u00ean d\u1ee5ng \u0111\u01b0\u1ee3c s\u1eed d\u1ee5ng r\u1ed9ng r\u00e3i trong qu\u00e1 tr\u00ecnh xay x\u00e1t c\u00e1c lo\u1ea1i h\u1ea1t nh\u01b0 g\u1ea1o v\u00e0 l\u00faa m\u00ec. M\u00e1y t\u00e1ch h\u1ea1t \u0111\u00e3 thu ho\u1ea1ch m\u1ed9t c\u00e1ch hi\u1ec7u qu\u1ea3 c\u00e1c h\u1ea1t kh\u1ecfi l\u1edbp v\u1ecf th\u00f4ng qua c\u01a1 ch\u1ebf c\u1eaft v\u00e0 xay x\u00e1t t\u00edch h\u1ee3p \u0111\u1ec3 thu \u0111\u01b0\u1ee3c h\u1ea1t s\u1ea1ch. <\/p>    <figure class=\"wp-block-image size-full\"><img loading=\"lazy\" decoding=\"async\" width=\"720\" height=\"540\" src=\"https:\/\/www.agriculture-machine.com\/wp-content\/uploads\/2023\/11\/multifunctional-thresher-for-sale.webp\" alt=\"M\u00e1y xay x\u00e1t \u0111a ch\u1ee9c n\u0103ng \u0111\u1ec3 b\u00e1n\" class=\"wp-image-15183\" srcset=\"https:\/\/www.agriculture-machine.com\/wp-content\/uploads\/2023\/11\/multifunctional-thresher-for-sale.webp 720w, https:\/\/www.agriculture-machine.com\/wp-content\/uploads\/2023\/11\/multifunctional-thresher-for-sale-360x270.webp 360w, https:\/\/www.agriculture-machine.com\/wp-content\/uploads\/2023\/11\/multifunctional-thresher-for-sale-240x180.webp 240w\" sizes=\"auto, (max-width: 720px) 100vw, 720px\" \/><figcaption class=\"wp-element-caption\">M\u00e1y xay x\u00e1t \u0111a ch\u1ee9c n\u0103ng \u0111\u1ec3 b\u00e1n<\/figcaption><\/figure>    <p>M\u00e1y n\u00e0y c\u00f3 n\u0103ng su\u1ea5t cao, xay x\u00e1t s\u1ea1ch, kh\u00f4ng g\u00e2y v\u1ee1 h\u1ea1t, v\u00e0 h\u00e0m l\u01b0\u1ee3ng t\u1ea1p ch\u1ea5t th\u1ea5p. M\u00e1y c\u00f3 th\u1ec3 ph\u00f9 h\u1ee3p v\u1edbi ba lo\u1ea1i ngu\u1ed3n n\u0103ng l\u01b0\u1ee3ng: \u0111\u1ed9ng c\u01a1 diesel, \u0111\u1ed9ng c\u01a1 x\u0103ng, v\u00e0 \u0111\u1ed9ng c\u01a1 \u0111i\u1ec7n, b\u1ea1n c\u00f3 th\u1ec3 ch\u1ecdn theo nhu c\u1ea7u.<\/p>    <h2 class=\"wp-block-heading\">\u1ee8ng d\u1ee5ng r\u1ed9ng r\u00e3i c\u1ee7a m\u00e1y xay x\u00e1t h\u1ea1t<\/h2>    <p class=\"translation-block\">M\u00e1y xay x\u00e1t l\u00faa v\u00e0 l\u00faa m\u00ec \u0111\u01b0\u1ee3c s\u1eed d\u1ee5ng \u0111\u1ec3 xay x\u00e1t c\u00e1c lo\u1ea1i c\u00e2y tr\u1ed3ng kh\u00e1c nhau\u2014<strong>l\u00faa m\u00ec, g\u1ea1o, \u0111\u1eadu n\u00e0nh, c\u00e2y c\u1ea3i d\u1ea7u, millet, sorgum, quinoa, v.v<\/strong>. Kh\u1ea3 n\u0103ng \u0111i\u1ec1u ch\u1ec9nh v\u00e0 th\u00edch nghi c\u1ee7a m\u00e1y xay x\u00e1t h\u1ea1t l\u00e0m cho n\u00f3 ph\u00f9 h\u1ee3p v\u1edbi c\u00e1c lo\u1ea1i v\u00e0 k\u00edch c\u1ee1 trang tr\u1ea1i kh\u00e1c nhau.<\/p>    <figure class=\"wp-block-gallery has-nested-images columns-default is-cropped wp-block-gallery-2 is-layout-flex wp-block-gallery-is-layout-flex\"> <figure class=\"wp-block-image size-large\"><img loading=\"lazy\" decoding=\"async\" width=\"405\" height=\"540\" data-id=\"15178\" src=\"https:\/\/www.agriculture-machine.com\/wp-content\/uploads\/2023\/11\/wheat-thresher-applications-405x540.webp\" alt=\"\u1ee8ng d\u1ee5ng c\u1ee7a m\u00e1y xay x\u00e1t l\u00faa m\u00ec\" class=\"wp-image-15178\" srcset=\"https:\/\/www.agriculture-machine.com\/wp-content\/uploads\/2023\/11\/wheat-thresher-applications-405x540.webp 405w, https:\/\/www.agriculture-machine.com\/wp-content\/uploads\/2023\/11\/wheat-thresher-applications-203x270.webp 203w, https:\/\/www.agriculture-machine.com\/wp-content\/uploads\/2023\/11\/wheat-thresher-applications.webp 540w\" sizes=\"auto, (max-width: 405px) 100vw, 405px\" \/><figcaption class=\"wp-element-caption\">\u1ee8ng d\u1ee5ng c\u1ee7a m\u00e1y xay x\u00e1t l\u00faa m\u00ec<\/figcaption><\/figure>    <figure class=\"wp-block-image size-large\"><img loading=\"lazy\" decoding=\"async\" width=\"405\" height=\"540\" data-id=\"15177\" src=\"https:\/\/www.agriculture-machine.com\/wp-content\/uploads\/2023\/11\/rice-thresher-applications-405x540.webp\" alt=\"\u1ee8ng d\u1ee5ng c\u1ee7a m\u00e1y xay x\u00e1t g\u1ea1o\" class=\"wp-image-15177\" srcset=\"https:\/\/www.agriculture-machine.com\/wp-content\/uploads\/2023\/11\/rice-thresher-applications-405x540.webp 405w, https:\/\/www.agriculture-machine.com\/wp-content\/uploads\/2023\/11\/rice-thresher-applications-203x270.webp 203w, https:\/\/www.agriculture-machine.com\/wp-content\/uploads\/2023\/11\/rice-thresher-applications.webp 540w\" sizes=\"auto, (max-width: 405px) 100vw, 405px\" \/><figcaption class=\"wp-element-caption\">\u1ee8ng d\u1ee5ng c\u1ee7a m\u00e1y xay x\u00e1t g\u1ea1o<\/figcaption><\/figure> <\/figure>    <h2 class=\"wp-block-heading\">Hi\u1ec3n th\u1ecb s\u1ea3n ph\u1ea9m ho\u00e0n thi\u1ec7n c\u1ee7a m\u00e1y xay x\u00e1t<\/h2>    <p>S\u1ea3n ph\u1ea9m ho\u00e0n thi\u1ec7n t\u1eeb m\u00e1y xay x\u00e1t n\u00e0y r\u1ea5t s\u1ea1ch s\u1ebd v\u00e0 gi\u1eef nguy\u00ean v\u1eb9n h\u1ea1t, \u0111\u1ea3m b\u1ea3o ch\u1ea5t l\u01b0\u1ee3ng s\u1ea3n ph\u1ea9m cu\u1ed1i c\u00f9ng v\u00e0 n\u00e2ng cao t\u1ef7 l\u1ec7 thu ho\u1ea1ch.<\/p>    <figure class=\"wp-block-gallery has-nested-images columns-default is-cropped wp-block-gallery-3 is-layout-flex wp-block-gallery-is-layout-flex\"> <figure class=\"wp-block-image size-large\"><img loading=\"lazy\" decoding=\"async\" width=\"405\" height=\"540\" data-id=\"15179\" src=\"https:\/\/www.agriculture-machine.com\/wp-content\/uploads\/2023\/11\/beans-and-wheat-405x540.webp\" alt=\"\u0111\u1eadu v\u00e0 l\u00faa m\u00ec\" class=\"wp-image-15179\" srcset=\"https:\/\/www.agriculture-machine.com\/wp-content\/uploads\/2023\/11\/beans-and-wheat-405x540.webp 405w, https:\/\/www.agriculture-machine.com\/wp-content\/uploads\/2023\/11\/beans-and-wheat-203x270.webp 203w, https:\/\/www.agriculture-machine.com\/wp-content\/uploads\/2023\/11\/beans-and-wheat.webp 540w\" sizes=\"auto, (max-width: 405px) 100vw, 405px\" \/><figcaption class=\"wp-element-caption\">\u0111\u1eadu v\u00e0 l\u00faa m\u00ec<\/figcaption><\/figure>    <figure class=\"wp-block-image size-large\"><img loading=\"lazy\" decoding=\"async\" width=\"405\" height=\"540\" data-id=\"15180\" src=\"https:\/\/www.agriculture-machine.com\/wp-content\/uploads\/2023\/11\/paddy-rice-and-millet-405x540.webp\" alt=\"g\u1ea1o n\u1ebfp v\u00e0 millet\" class=\"wp-image-15180\" srcset=\"https:\/\/www.agriculture-machine.com\/wp-content\/uploads\/2023\/11\/paddy-rice-and-millet-405x540.webp 405w, https:\/\/www.agriculture-machine.com\/wp-content\/uploads\/2023\/11\/paddy-rice-and-millet-203x270.webp 203w, https:\/\/www.agriculture-machine.com\/wp-content\/uploads\/2023\/11\/paddy-rice-and-millet.webp 540w\" sizes=\"auto, (max-width: 405px) 100vw, 405px\" \/><figcaption class=\"wp-element-caption\">g\u1ea1o n\u1ebfp v\u00e0 millet<\/figcaption><\/figure>    <figure class=\"wp-block-image size-large\"><img loading=\"lazy\" decoding=\"async\" width=\"405\" height=\"540\" data-id=\"15181\" src=\"https:\/\/www.agriculture-machine.com\/wp-content\/uploads\/2023\/11\/sorghum-and-rapeseed-405x540.webp\" alt=\"sorgum v\u00e0 c\u00e2y c\u1ea3i d\u1ea7u\" class=\"wp-image-15181\" srcset=\"https:\/\/www.agriculture-machine.com\/wp-content\/uploads\/2023\/11\/sorghum-and-rapeseed-405x540.webp 405w, https:\/\/www.agriculture-machine.com\/wp-content\/uploads\/2023\/11\/sorghum-and-rapeseed-203x270.webp 203w, https:\/\/www.agriculture-machine.com\/wp-content\/uploads\/2023\/11\/sorghum-and-rapeseed.webp 540w\" sizes=\"auto, (max-width: 405px) 100vw, 405px\" \/><figcaption class=\"wp-element-caption\">sorgum v\u00e0 c\u00e2y c\u1ea3i d\u1ea7u<\/figcaption><\/figure> <\/figure>    <h2 class=\"wp-block-heading\">C\u1ea5u tr\u00fac ch\u00ednh c\u1ee7a m\u00e1y xay x\u00e1t l\u00faa m\u00ec v\u00e0 g\u1ea1o<\/h2>    <p>C\u1ea5u tr\u00fac c\u1ee7a m\u00e1y xay x\u00e1t h\u1ea1t n\u00e0y r\u1ea5t \u0111\u01a1n gi\u1ea3n v\u00e0 ch\u1ee7 y\u1ebfu g\u1ed3m c\u00f3: ph\u1ec5u c\u1ea5p li\u1ec7u, \u1ed1ng tho\u00e1t, tr\u1ed1ng xay x\u00e1t, s\u00e0ng, qu\u1ea1t th\u1ed5i, \u0111\u1ed9ng c\u01a1, v.v. C\u00e1c b\u1ed9 bearings \u0111\u01b0\u1ee3c thi\u1ebft k\u1ebf t\u1ed1t v\u00e0 d\u1ec5 di chuy\u1ec3n b\u1eb1ng b\u00e1nh xe. Ngo\u00e0i ra, c\u00e1c lo\u1ea1i s\u00e0ng kh\u00e1c nhau ph\u00f9 h\u1ee3p cho c\u00e1c lo\u1ea1i h\u1ea1t kh\u00e1c nhau.<\/p>    <figure class=\"wp-block-image size-full\"><img loading=\"lazy\" decoding=\"async\" width=\"720\" height=\"540\" src=\"https:\/\/www.agriculture-machine.com\/wp-content\/uploads\/2023\/11\/crop-threshing-machine-structure.webp\" alt=\"C\u1ea5u tr\u00fac m\u00e1y xay x\u00e1t c\u00e2y tr\u1ed3ng\" class=\"wp-image-15182\" srcset=\"https:\/\/www.agriculture-machine.com\/wp-content\/uploads\/2023\/11\/crop-threshing-machine-structure.webp 720w, https:\/\/www.agriculture-machine.com\/wp-content\/uploads\/2023\/11\/crop-threshing-machine-structure-360x270.webp 360w, https:\/\/www.agriculture-machine.com\/wp-content\/uploads\/2023\/11\/crop-threshing-machine-structure-240x180.webp 240w\" sizes=\"auto, (max-width: 720px) 100vw, 720px\" \/><figcaption class=\"wp-element-caption\">C\u1ea5u tr\u00fac m\u00e1y xay x\u00e1t c\u00e2y tr\u1ed3ng<\/figcaption><\/figure>    <h2 class=\"wp-block-heading\">C\u00e1ch ho\u1ea1t \u0111\u1ed9ng c\u1ee7a M\u00e1y xay x\u00e1t l\u00faa m\u00ec v\u00e0 g\u1ea1o<\/h2>    <p>M\u00e1y xay x\u00e1t l\u00faa v\u00e0 g\u1ea1o ho\u1ea1t \u0111\u1ed9ng qua hai giai \u0111o\u1ea1n ch\u00ednh: c\u1eaft v\u00e0 xay x\u00e1t.<\/p>    <ol class=\"wp-block-list\"> <li><strong>Giai \u0111o\u1ea1n c\u1eaft:<\/strong> Trong giai \u0111o\u1ea1n n\u00e0y, m\u00e1y xay x\u00e1t h\u1ea1t c\u1eaft th\u00e2n c\u00e2y c\u1ee7a c\u00e2y \u0111\u00e3 thu ho\u1ea1ch (nh\u01b0 g\u1ea1o ho\u1eb7c l\u00faa m\u00ec). Qu\u00e1 tr\u00ecnh c\u1eaft n\u00e0y gi\u00fap t\u00e1ch to\u00e0n b\u1ed9 c\u00e2y kh\u1ecfi r\u1ec5 \u0111\u1ec3 chu\u1ea9n b\u1ecb cho b\u01b0\u1edbc xay x\u00e1t ti\u1ebfp theo.<\/li>    <li><strong>Giai \u0111o\u1ea1n xay x\u00e1t:<\/strong> C\u00e2y \u0111\u00e3 c\u1eaft \u0111i qua ph\u1ea7n xay x\u00e1t c\u1ee7a m\u00e1y. Trong ph\u1ea7n n\u00e0y, m\u00e1y th\u01b0\u1eddng g\u1ed3m m\u1ed9t tr\u1ed1ng ho\u1eb7c tr\u1ee5c c\u00f3 r\u0103ng c\u01b0a ho\u1eb7c r\u00e3nh, k\u1ebft h\u1ee3p v\u1edbi m\u1ed9t chi\u1ebfc paddle ho\u1eb7c dao c\u1ea1o. Khi c\u00e2y \u0111i qua c\u00e1c ph\u1ea7n n\u00e0y, h\u1ea1t b\u1ecb t\u00e1c \u0111\u1ed9ng b\u1edfi l\u1ef1c c\u01a1 h\u1ecdc \u0111\u1ec3 t\u00e1ch ra kh\u1ecfi th\u00e2n v\u00e0 v\u1ecf. Nh\u1edd \u0111\u00f3, m\u00e1y c\u00f3 th\u1ec3 t\u00e1ch hi\u1ec7u qu\u1ea3 ph\u1ea7n \u0103n \u0111\u01b0\u1ee3c c\u1ee7a h\u1ea1t (h\u1ea1t) kh\u1ecfi ph\u1ea7n kh\u00f4ng \u0103n \u0111\u01b0\u1ee3c (v\u1ecf v\u00e0 th\u00e2n c\u00e2y).<\/li> <\/ol>    <figure class=\"wp-block-gallery has-nested-images columns-default is-cropped wp-block-gallery-4 is-layout-flex wp-block-gallery-is-layout-flex\"> <figure class=\"wp-block-image size-large\"><img loading=\"lazy\" decoding=\"async\" width=\"720\" height=\"540\" data-id=\"15185\" src=\"https:\/\/www.agriculture-machine.com\/wp-content\/uploads\/2023\/11\/wheat-rice-threshing-machine.webp\" alt=\"m\u00e1y xay x\u00e1t l\u00faa m\u00ec v\u00e0 g\u1ea1o\" class=\"wp-image-15185\" srcset=\"https:\/\/www.agriculture-machine.com\/wp-content\/uploads\/2023\/11\/wheat-rice-threshing-machine.webp 720w, https:\/\/www.agriculture-machine.com\/wp-content\/uploads\/2023\/11\/wheat-rice-threshing-machine-360x270.webp 360w, https:\/\/www.agriculture-machine.com\/wp-content\/uploads\/2023\/11\/wheat-rice-threshing-machine-240x180.webp 240w\" sizes=\"auto, (max-width: 720px) 100vw, 720px\" \/><figcaption class=\"wp-element-caption\">m\u00e1y xay x\u00e1t l\u00faa m\u00ec v\u00e0 g\u1ea1o<\/figcaption><\/figure>    <figure class=\"wp-block-image size-large\"><img loading=\"lazy\" decoding=\"async\" width=\"720\" height=\"540\" data-id=\"15184\" src=\"https:\/\/www.agriculture-machine.com\/wp-content\/uploads\/2023\/11\/crop-threshing-equipment.webp\" alt=\"thi\u1ebft b\u1ecb xay x\u00e1t c\u00e2y tr\u1ed3ng\" class=\"wp-image-15184\" srcset=\"https:\/\/www.agriculture-machine.com\/wp-content\/uploads\/2023\/11\/crop-threshing-equipment.webp 720w, https:\/\/www.agriculture-machine.com\/wp-content\/uploads\/2023\/11\/crop-threshing-equipment-360x270.webp 360w, https:\/\/www.agriculture-machine.com\/wp-content\/uploads\/2023\/11\/crop-threshing-equipment-240x180.webp 240w\" sizes=\"auto, (max-width: 720px) 100vw, 720px\" \/><figcaption class=\"wp-element-caption\">thi\u1ebft b\u1ecb xay x\u00e1t c\u00e2y tr\u1ed3ng<\/figcaption><\/figure> <\/figure>    <h2 class=\"wp-block-heading\">L\u1ee3i \u00edch c\u1ee7a m\u00e1y xay x\u00e1t g\u1ea1o n\u1ebfp<\/h2>    <ol class=\"wp-block-list\"> <li>C\u1ea5u tr\u00fac \u0111\u01a1n gi\u1ea3n, v\u1eadn h\u00e0nh thu\u1eadn ti\u1ec7n, v\u00e0 b\u1ea3o tr\u00ec d\u1ec5 d\u00e0ng.<\/li>    <li>T\u1ef7 l\u1ec7 xay x\u00e1t \u0111\u1ea1t t\u1edbi 98%, h\u1ea1t cu\u1ed1i c\u00f9ng r\u1ea5t s\u1ea1ch.<\/li>    <li>Kh\u1ea3 n\u0103ng \u1ee9ng d\u1ee5ng cao, c\u00f3 th\u1ec3 x\u1eed l\u00fd g\u1ea1o, l\u00faa m\u00ec, millet, sorgum, \u0111\u1eadu, v\u00e0 c\u00e1c lo\u1ea1i c\u00e2y tr\u1ed3ng kh\u00e1c.<\/li>    <li>V\u1edbi c\u00e1c tham s\u1ed1 \u0111i\u1ec1u ch\u1ec9nh, n\u00f4ng d\u00e2n c\u00f3 th\u1ec3 \u0111i\u1ec1u ch\u1ec9nh theo c\u00e1c y\u1ebfu t\u1ed1 nh\u01b0 lo\u1ea1i h\u1ea1t v\u00e0 \u0111\u1ed9 \u1ea9m \u0111\u1ec3 \u0111\u1ea1t k\u1ebft qu\u1ea3 xay x\u00e1t t\u1ed1t nh\u1ea5t.<\/li> <\/ol>    <figure class=\"wp-block-gallery has-nested-images columns-default is-cropped wp-block-gallery-5 is-layout-flex wp-block-gallery-is-layout-flex\"> <figure class=\"wp-block-image size-large\"><img loading=\"lazy\" decoding=\"async\" width=\"720\" height=\"540\" data-id=\"15186\" src=\"https:\/\/www.agriculture-machine.com\/wp-content\/uploads\/2023\/11\/efficient-crop-processing-machine.webp\" alt=\"m\u00e1y x\u1eed l\u00fd c\u00e2y tr\u1ed3ng hi\u1ec7u qu\u1ea3\" class=\"wp-image-15186\" srcset=\"https:\/\/www.agriculture-machine.com\/wp-content\/uploads\/2023\/11\/efficient-crop-processing-machine.webp 720w, https:\/\/www.agriculture-machine.com\/wp-content\/uploads\/2023\/11\/efficient-crop-processing-machine-360x270.webp 360w, https:\/\/www.agriculture-machine.com\/wp-content\/uploads\/2023\/11\/efficient-crop-processing-machine-240x180.webp 240w\" sizes=\"auto, (max-width: 720px) 100vw, 720px\" \/><figcaption class=\"wp-element-caption\">m\u00e1y x\u1eed l\u00fd c\u00e2y tr\u1ed3ng hi\u1ec7u qu\u1ea3<\/figcaption><\/figure>    <figure class=\"wp-block-image size-large\"><img loading=\"lazy\" decoding=\"async\" width=\"720\" height=\"540\" data-id=\"15187\" src=\"https:\/\/www.agriculture-machine.com\/wp-content\/uploads\/2023\/11\/grain-threshing-machine-for-sale.webp\" alt=\"M\u00e1y xay x\u00e1t h\u1ea1t d\u00e0nh \u0111\u1ec3 b\u00e1n\" class=\"wp-image-15187\" srcset=\"https:\/\/www.agriculture-machine.com\/wp-content\/uploads\/2023\/11\/grain-threshing-machine-for-sale.webp 720w, https:\/\/www.agriculture-machine.com\/wp-content\/uploads\/2023\/11\/grain-threshing-machine-for-sale-360x270.webp 360w, https:\/\/www.agriculture-machine.com\/wp-content\/uploads\/2023\/11\/grain-threshing-machine-for-sale-240x180.webp 240w\" sizes=\"auto, (max-width: 720px) 100vw, 720px\" \/><figcaption class=\"wp-element-caption\">M\u00e1y xay x\u00e1t h\u1ea1t d\u00e0nh \u0111\u1ec3 b\u00e1n<\/figcaption><\/figure> <\/figure>    <p>Ph\u01b0\u01a1ng ph\u00e1p xay x\u00e1t th\u1ee7 c\u00f4ng truy\u1ec1n th\u1ed1ng k\u00e9m hi\u1ec7u qu\u1ea3 v\u00e0 d\u1ec5 g\u00e2y th\u1ea5t tho\u00e1t h\u1ea1t. V\u1edbi s\u1ef1 ra \u0111\u1eddi c\u1ee7a m\u00e1y xay x\u00e1t \u0111a ch\u1ee9c n\u0103ng, kh\u00f4ng ch\u1ec9 c\u00f3 th\u1ec3 thu ho\u1ea1ch nhi\u1ec1u h\u01a1n trong c\u00f9ng m\u1ed9t kho\u1ea3ng th\u1eddi gian, m\u00e0 c\u00f2n gi\u1ea3m l\u00e3ng ph\u00ed th\u1ef1c ph\u1ea9m.<\/p>    <p>M\u00e1y xay x\u00e1t h\u1ea1t \u0111a d\u1ee5ng \u0111\u01b0\u1ee3c nhi\u1ec1u qu\u1ed1c gia \u0111\u00f3n nh\u1eadn, \u0111\u1eb7c bi\u1ec7t \u1edf ch\u00e2u \u00c1, ch\u00e2u Phi, v\u00e0 M\u1ef9 Latin, n\u01a1i n\u00f4ng nghi\u1ec7p chi\u1ebfm \u01b0u th\u1ebf, v\u00e0 \u0111\u00e3 \u0111\u01b0\u1ee3c v\u1eadn chuy\u1ec3n \u0111\u1ebfn Kenya, Nigeria, \u1ea4n \u0110\u1ed9, Indonesia, Hoa K\u1ef3, Nga, Bangladesh, \u00dac, v\u00e0 c\u00e1c qu\u1ed1c gia kh\u00e1c.<\/p>    <h2 class=\"wp-block-heading\">Th\u00f4ng s\u1ed1 k\u1ef9 thu\u1eadt c\u1ee7a m\u00e1y xay x\u00e1t g\u1ea1o n\u1ebfp<\/h2>    <ul class=\"wp-block-list\"> <li><strong>M\u1eabu m\u00e3:<\/strong> 5TYC1-90<\/li>    <li><strong>C\u00f4ng su\u1ea5t:<\/strong>\u0110\u1ed9ng c\u01a1 x\u0103ng 170F, b\u00e1nh \u0111ai \u0111\u01b0\u1eddng k\u00ednh 70cm, t\u1ed1c \u0111\u1ed9 \u0111\u1ecbnh m\u1ee9c 3600 v\u00f2ng\/ph\u00fat<\/li>    <li><strong>C\u00f4ng su\u1ea5t:<\/strong> 600-800kg\/h<\/li>    <li><strong>Tr\u1ed1ng xay x\u00e1t:<\/strong> \u0110\u01b0\u1eddng k\u00ednh 360*Chi\u1ec1u d\u00e0i 900mm <\/li>    <li><strong>K\u00edch th\u01b0\u1edbc s\u00e0ng:<\/strong> 870*610mm<\/li>    <li><strong>Tr\u1ecdng l\u01b0\u1ee3ng:<\/strong> 90kg kh\u00f4ng g\u1ed3m \u0111\u1ed9ng c\u01a1<\/li>    <li><strong>K\u00edch th\u01b0\u1edbc t\u1ed5ng th\u1ec3:<\/strong>1640*1640*1280mm<\/li>    <li>24 chi\u1ebfc\/20GP, 66 chi\u1ebfc\/40HQ<\/li> <\/ul>    <p>\u0110\u00e2y l\u00e0 m\u1eabu hot \u0111\u00e1p \u1ee9ng nhu c\u1ea7u x\u1eed l\u00fd c\u00e2y tr\u1ed3ng c\u1ee7a c\u00f4ng ch\u00fang, ch\u00fang t\u00f4i c\u0169ng c\u00f3 c\u00e1c m\u1eabu kh\u00e1c \u0111\u1ec3 l\u1ef1a ch\u1ecdn, vui l\u00f2ng li\u00ean h\u1ec7 v\u1edbi ch\u00fang t\u00f4i \u0111\u1ec3 bi\u1ebft th\u00eam c\u00e1c m\u1eabu m\u00e1y xay x\u00e1t h\u1ea1t v\u00e0 th\u00f4ng tin li\u00ean quan.<\/p>","protected":false},"excerpt":{"rendered":"<p>Rice and Wheat Grain Threshing Machine is a specialized agricultural machine widely used in the threshing process of grains such as rice and wheat. The machine efficiently separates the harvested grain particles from the husk layer through the built-in cutting and threshing mechanism to obtain clean grains. This machine has high production efficiency, clean threshing, [&hellip;]<\/p>\n","protected":false},"author":1,"featured_media":16131,"parent":0,"comment_status":"closed","ping_status":"closed","template":"","tags":[2614],"product-type":[872],"class_list":["post-15161","product","type-product","status-publish","has-post-thumbnail","hentry","tag-thresher","product-type-thresher-sheller"],"_links":{"self":[{"href":"https:\/\/www.agriculture-machine.com\/vi\/wp-json\/wp\/v2\/product\/15161","targetHints":{"allow":["GET"]}}],"collection":[{"href":"https:\/\/www.agriculture-machine.com\/vi\/wp-json\/wp\/v2\/product"}],"about":[{"href":"https:\/\/www.agriculture-machine.com\/vi\/wp-json\/wp\/v2\/types\/product"}],"author":[{"embeddable":true,"href":"https:\/\/www.agriculture-machine.com\/vi\/wp-json\/wp\/v2\/users\/1"}],"replies":[{"embeddable":true,"href":"https:\/\/www.agriculture-machine.com\/vi\/wp-json\/wp\/v2\/comments?post=15161"}],"wp:featuredmedia":[{"embeddable":true,"href":"https:\/\/www.agriculture-machine.com\/vi\/wp-json\/wp\/v2\/media\/16131"}],"wp:attachment":[{"href":"https:\/\/www.agriculture-machine.com\/vi\/wp-json\/wp\/v2\/media?parent=15161"}],"wp:term":[{"taxonomy":"post_tag","embeddable":true,"href":"https:\/\/www.agriculture-machine.com\/vi\/wp-json\/wp\/v2\/tags?post=15161"},{"taxonomy":"product-type","embeddable":true,"href":"https:\/\/www.agriculture-machine.com\/vi\/wp-json\/wp\/v2\/product-type?post=15161"}],"curies":[{"name":"wp","href":"https:\/\/api.w.org\/{rel}","templated":true}]}}