{"id":15188,"date":"2023-11-17T10:22:59","date_gmt":"2023-11-17T02:22:59","guid":{"rendered":"https:\/\/www.agriculture-machine.com\/?post_type=product&#038;p=15188"},"modified":"2024-09-18T15:42:35","modified_gmt":"2024-09-18T07:42:35","slug":"rice-mill-production-line","status":"publish","type":"product","link":"https:\/\/www.agriculture-machine.com\/vi\/rice-mill-production-line\/","title":{"rendered":"D\u00e2y chuy\u1ec1n s\u1ea3n xu\u1ea5t g\u1ea1o 15TPD c\u00f3 m\u00e1y l\u00e0m b\u00f3ng v\u00e0 ph\u00e2n lo\u1ea1i g\u1ea1o tr\u1eafng"},"content":{"rendered":"<p class=\"translation-block\">D\u00e2y chuy\u1ec1n s\u1ea3n xu\u1ea5t g\u1ea1o b\u1eaft \u0111\u1ea7u v\u1edbi <strong><a href=\"https:\/\/www.agriculture-machine.com\/vi\/rice-mill-plant\/\">\u0111\u01a1n v\u1ecb xay x\u00e1t g\u1ea1o 15TPD ti\u00eau chu\u1ea9n<\/a><\/strong>, nhi\u1ec7m v\u1ee5 ch\u00ednh l\u00e0 xay v\u1ecf, b\u00f3c v\u1ecf v\u00e0 xay x\u00e1t h\u1ea1t \u0111\u1ec3 chuy\u1ec3n \u0111\u1ed5i ch\u00fang th\u00e0nh g\u1ea1o tr\u1eafng th\u00f4ng th\u01b0\u1eddng.<\/p>    <p>Ti\u1ebfp theo, m\u00e1y \u0111\u00e1nh b\u00f3ng s\u1ebd tham gia, lo\u1ea1i b\u1ecf l\u1edbp v\u1ecf ngo\u00e0i c\u1ee7a g\u1ea1o tr\u1eafng b\u1eb1ng ma s\u00e1t, l\u00e0m cho h\u1ea1t m\u1ecbn h\u01a1n v\u00e0 n\u00e2ng cao v\u1ebb ngo\u00e0i v\u00e0 h\u01b0\u01a1ng v\u1ecb t\u1ed5ng th\u1ec3.<\/p>    <p>Sau \u0111\u00f3, m\u00e1y ph\u00e2n lo\u1ea1i g\u1ea1o tr\u1eafng ch\u00ednh x\u00e1c ph\u00e2n lo\u1ea1i g\u1ea1o theo k\u00edch th\u01b0\u1edbc v\u00e0 h\u00ecnh d\u1ea1ng c\u1ee7a h\u1ea1t. \u0110i\u1ec1u n\u00e0y gi\u00fap duy tr\u00ec t\u00ednh nh\u1ea5t qu\u00e1n v\u00e0 ch\u1ea5t l\u01b0\u1ee3ng s\u1ea3n ph\u1ea9m, \u0111\u1ea3m b\u1ea3o m\u1ed7i t\u00fai g\u1ea1o \u0111\u1ec1u c\u00f3 ch\u1ea5t l\u01b0\u1ee3ng \u0111\u1ed3ng \u0111\u1ec1u v\u00e0 \u0111\u00e1p \u1ee9ng nhu c\u1ea7u th\u1ecb tr\u01b0\u1eddng.<\/p>    <figure class=\"wp-block-image size-full\"><img loading=\"lazy\" decoding=\"async\" width=\"720\" height=\"540\" src=\"https:\/\/www.agriculture-machine.com\/wp-content\/uploads\/2023\/11\/15TPD-rice-milling-plant.webp\" alt=\"D\u00e2y chuy\u1ec1n xay x\u00e1t g\u1ea1o 15TPD\" class=\"wp-image-15192\" srcset=\"https:\/\/www.agriculture-machine.com\/wp-content\/uploads\/2023\/11\/15TPD-rice-milling-plant.webp 720w, https:\/\/www.agriculture-machine.com\/wp-content\/uploads\/2023\/11\/15TPD-rice-milling-plant-360x270.webp 360w, https:\/\/www.agriculture-machine.com\/wp-content\/uploads\/2023\/11\/15TPD-rice-milling-plant-240x180.webp 240w\" sizes=\"auto, (max-width: 720px) 100vw, 720px\" \/><figcaption class=\"wp-element-caption\">D\u00e2y chuy\u1ec1n xay x\u00e1t g\u1ea1o 15TPD<\/figcaption><\/figure>    <h2 class=\"wp-block-heading\">C\u1ea5u tr\u00fac ch\u00ednh c\u1ee7a d\u00e2y chuy\u1ec1n s\u1ea3n xu\u1ea5t g\u1ea1o<\/h2>    <figure class=\"wp-block-image size-full\"><img loading=\"lazy\" decoding=\"async\" width=\"720\" height=\"540\" src=\"https:\/\/www.agriculture-machine.com\/wp-content\/uploads\/2023\/11\/rice-mill-production-line-structure.webp\" alt=\"C\u1ea5u tr\u00fac d\u00e2y chuy\u1ec1n s\u1ea3n xu\u1ea5t g\u1ea1o\" class=\"wp-image-15194\" srcset=\"https:\/\/www.agriculture-machine.com\/wp-content\/uploads\/2023\/11\/rice-mill-production-line-structure.webp 720w, https:\/\/www.agriculture-machine.com\/wp-content\/uploads\/2023\/11\/rice-mill-production-line-structure-360x270.webp 360w, https:\/\/www.agriculture-machine.com\/wp-content\/uploads\/2023\/11\/rice-mill-production-line-structure-240x180.webp 240w\" sizes=\"auto, (max-width: 720px) 100vw, 720px\" \/><figcaption class=\"wp-element-caption\">C\u1ea5u tr\u00fac d\u00e2y chuy\u1ec1n s\u1ea3n xu\u1ea5t g\u1ea1o<\/figcaption><\/figure>    <h2 class=\"wp-block-heading\">Nguy\u00ean l\u00fd c\u1ee7a m\u00e1y \u0111\u00e1nh b\u00f3ng g\u1ea1o<\/h2>    <ul class=\"wp-block-list\"> <li>Thi\u1ebft b\u1ecb n\u00e0y ch\u1ee7 y\u1ebfu qua ma s\u00e1t nh\u1eb9 \u0111\u1ec3 b\u00e1m v\u00e0o b\u1ec1 m\u1eb7t g\u1ea1o tr\u1eafng tr\u00ean b\u1ee5i v\u1ecf tr\u1ea5u \u0111\u00e3 b\u1ecb x\u00f3a, nh\u1eb1m \u0111\u1ea3m b\u1ea3o g\u1ea1o tr\u1eafng s\u1ea1ch, n\u00e2ng cao v\u1ebb ngo\u00e0i c\u1ee7a s\u1ea3n ph\u1ea9m ho\u00e0n ch\u1ec9nh v\u00e0 m\u00e0u s\u1eafc, \u0111\u1ed3ng th\u1eddi thu\u1eadn ti\u1ec7n cho vi\u1ec7c l\u01b0u tr\u1eef g\u1ea1o v\u00e0 t\u00e1i ch\u1ebf v\u1ecf tr\u1ea5u, c\u0169ng nh\u01b0 l\u00e0m cho thi\u1ebft b\u1ecb ph\u00e2n lo\u1ea1i g\u1ea1o tr\u1eafng sau n\u00e0y kh\u00f4ng d\u1ec5 b\u1ecb t\u1eafc ngh\u1ebdn b\u1ec1 m\u1eb7t l\u00e0m vi\u1ec7c, \u0111\u1ea3m b\u1ea3o hi\u1ec7u qu\u1ea3 ph\u00e2n lo\u1ea1i.<\/li>    <li>Rub rice process, because the white rice grain strength is low, so it should be slow and not strong, to prevent producing too much broken rice. The white rice out of the machine after rubbing the rice, produce the broken rice can&#8217;t be more than 1%, contain chaff quantity can&#8217;t be more than 0.1%.<\/li> <\/ul>    <figure class=\"wp-block-gallery has-nested-images columns-default is-cropped wp-block-gallery-2 is-layout-flex wp-block-gallery-is-layout-flex\"> <figure class=\"wp-block-image size-large\"><img loading=\"lazy\" decoding=\"async\" width=\"720\" height=\"540\" data-id=\"15196\" src=\"https:\/\/www.agriculture-machine.com\/wp-content\/uploads\/2023\/11\/rice-milling-machines.webp\" alt=\"M\u00e1y xay x\u00e1t g\u1ea1o\" class=\"wp-image-15196\" srcset=\"https:\/\/www.agriculture-machine.com\/wp-content\/uploads\/2023\/11\/rice-milling-machines.webp 720w, https:\/\/www.agriculture-machine.com\/wp-content\/uploads\/2023\/11\/rice-milling-machines-360x270.webp 360w, https:\/\/www.agriculture-machine.com\/wp-content\/uploads\/2023\/11\/rice-milling-machines-240x180.webp 240w\" sizes=\"auto, (max-width: 720px) 100vw, 720px\" \/><figcaption class=\"wp-element-caption\">M\u00e1y xay x\u00e1t g\u1ea1o<\/figcaption><\/figure>    <figure class=\"wp-block-image size-large\"><img loading=\"lazy\" decoding=\"async\" width=\"720\" height=\"540\" data-id=\"15195\" src=\"https:\/\/www.agriculture-machine.com\/wp-content\/uploads\/2023\/11\/complete-rice-milling-production-line.webp\" alt=\"D\u00e2y chuy\u1ec1n s\u1ea3n xu\u1ea5t xay x\u00e1t g\u1ea1o ho\u00e0n ch\u1ec9nh\" class=\"wp-image-15195\" srcset=\"https:\/\/www.agriculture-machine.com\/wp-content\/uploads\/2023\/11\/complete-rice-milling-production-line.webp 720w, https:\/\/www.agriculture-machine.com\/wp-content\/uploads\/2023\/11\/complete-rice-milling-production-line-360x270.webp 360w, https:\/\/www.agriculture-machine.com\/wp-content\/uploads\/2023\/11\/complete-rice-milling-production-line-240x180.webp 240w\" sizes=\"auto, (max-width: 720px) 100vw, 720px\" \/><figcaption class=\"wp-element-caption\">D\u00e2y chuy\u1ec1n s\u1ea3n xu\u1ea5t xay x\u00e1t g\u1ea1o ho\u00e0n ch\u1ec9nh<\/figcaption><\/figure> <\/figure>    <h2 class=\"wp-block-heading\">Vai tr\u00f2 c\u1ee7a m\u00e1y ph\u00e2n lo\u1ea1i g\u1ea1o tr\u1eafng<\/h2>    <ul class=\"wp-block-list\"> <li>C\u00e1c qu\u1ed1c gia tr\u00ean th\u1ebf gi\u1edbi coi g\u1ea1o v\u1ee1 l\u00e0 m\u1ed9t ch\u1ec9 s\u1ed1 quan tr\u1ecdng \u0111\u1ec3 ph\u00e2n bi\u1ec7t ch\u1ea5t l\u01b0\u1ee3ng g\u1ea1o. V\u00ec v\u1eady, ph\u00e2n lo\u1ea1i g\u1ea1o tr\u1eafng nh\u1eb1m th\u00edch \u1ee9ng v\u1edbi c\u00e1c y\u00eau c\u1ea7u \u0111\u1eb7c bi\u1ec7t qu\u1ed1c t\u1ebf v\u1ec1 ch\u1ea5t l\u01b0\u1ee3ng g\u1ea1o (th\u01b0\u1eddng d\u1ef1a tr\u00ean l\u01b0\u1ee3ng g\u1ea1o ch\u1ee9a g\u1ea1o v\u1ee1 \u0111\u1ec3 ph\u00e2n lo\u1ea1i v\u00e0 thi\u1ebft l\u1eadp quy tr\u00ecnh). <\/li>    <li>G\u1ea1o c\u00f9ng \u0111\u1ed9 ch\u00ednh x\u00e1c th\u01b0\u1eddng c\u00f3 gi\u00e1 r\u1ea5t kh\u00e1c nhau do s\u1ef1 kh\u00e1c bi\u1ec7t v\u1ec1 g\u1ea1o v\u1ee1. G\u1ea1o ch\u1ee9a \u00edt g\u1ea1o v\u1ee1 c\u00f3 gi\u00e1 cao h\u01a1n nhi\u1ec1u so v\u1edbi g\u1ea1o ch\u1ee9a nhi\u1ec1u g\u1ea1o v\u1ee1, v\u00e0 ch\u1ea5t l\u01b0\u1ee3ng g\u1ea1o h\u1ea5p c\u0169ng t\u1ed1t h\u01a1n, v\u00ec v\u1eady c\u1ed1 g\u1eafng gi\u1ea3m t\u1ef7 l\u1ec7 g\u1ea1o v\u1ee1 trong d\u00e2y chuy\u1ec1n s\u1ea3n xu\u1ea5t g\u1ea1o.<\/li>    <li>Thi\u1ebft b\u1ecb ph\u00e2n lo\u1ea1i g\u1ea1o tr\u1eafng s\u1eed d\u1ee5ng: s\u00e0ng quay ph\u1eb3ng, b\u1ed9 ch\u1ecdn tr\u1ed1ng, v.v. Qua qu\u00e1 tr\u00ecnh s\u00e0ng ph\u00e2n lo\u1ea1i g\u1ea1o tr\u1eafng, n\u00f3 c\u00f3 th\u1ec3 \u0111\u01b0\u1ee3c chia th\u00e0nh g\u1ea1o v\u1ee1 nh\u1ecf, g\u1ea1o v\u1ee1 l\u1edbn v\u00e0 g\u1ea1o th\u00e0nh ph\u1ea9m, sau \u0111\u00f3 \u0111\u01b0\u1ee3c x\u1eed l\u00fd theo ti\u00eau chu\u1ea9n c\u1ea5p \u0111\u1ed9 y\u00eau c\u1ea7u.<\/li> <\/ul>    <figure class=\"wp-block-gallery has-nested-images columns-default is-cropped wp-block-gallery-3 is-layout-flex wp-block-gallery-is-layout-flex\"> <figure class=\"wp-block-image size-large\"><img loading=\"lazy\" decoding=\"async\" width=\"720\" height=\"540\" data-id=\"15198\" src=\"https:\/\/www.agriculture-machine.com\/wp-content\/uploads\/2023\/11\/rice-milling-machine-manufacturer.webp\" alt=\"Nh\u00e0 s\u1ea3n xu\u1ea5t m\u00e1y xay x\u00e1t g\u1ea1o\" class=\"wp-image-15198\" srcset=\"https:\/\/www.agriculture-machine.com\/wp-content\/uploads\/2023\/11\/rice-milling-machine-manufacturer.webp 720w, https:\/\/www.agriculture-machine.com\/wp-content\/uploads\/2023\/11\/rice-milling-machine-manufacturer-360x270.webp 360w, https:\/\/www.agriculture-machine.com\/wp-content\/uploads\/2023\/11\/rice-milling-machine-manufacturer-240x180.webp 240w\" sizes=\"auto, (max-width: 720px) 100vw, 720px\" \/><figcaption class=\"wp-element-caption\">Nh\u00e0 s\u1ea3n xu\u1ea5t m\u00e1y xay x\u00e1t g\u1ea1o<\/figcaption><\/figure>    <figure class=\"wp-block-image size-large\"><img loading=\"lazy\" decoding=\"async\" width=\"720\" height=\"540\" data-id=\"15197\" src=\"https:\/\/www.agriculture-machine.com\/wp-content\/uploads\/2023\/11\/integrated-rice-processing-line.webp\" alt=\"D\u00e2y chuy\u1ec1n x\u1eed l\u00fd g\u1ea1o t\u00edch h\u1ee3p\" class=\"wp-image-15197\" srcset=\"https:\/\/www.agriculture-machine.com\/wp-content\/uploads\/2023\/11\/integrated-rice-processing-line.webp 720w, https:\/\/www.agriculture-machine.com\/wp-content\/uploads\/2023\/11\/integrated-rice-processing-line-360x270.webp 360w, https:\/\/www.agriculture-machine.com\/wp-content\/uploads\/2023\/11\/integrated-rice-processing-line-240x180.webp 240w\" sizes=\"auto, (max-width: 720px) 100vw, 720px\" \/><figcaption class=\"wp-element-caption\">D\u00e2y chuy\u1ec1n x\u1eed l\u00fd g\u1ea1o t\u00edch h\u1ee3p<\/figcaption><\/figure> <\/figure>    <h2 class=\"wp-block-heading\">Quy tr\u00ecnh l\u00e0m vi\u1ec7c c\u1ee7a thi\u1ebft b\u1ecb x\u1eed l\u00fd l\u00faa <\/h2>   <div id=\"rank-math-howto\" class=\"rank-math-block\" > <div class=\"rank-math-howto-description\"> <img loading=\"lazy\" decoding=\"async\" width=\"720\" height=\"540\" src=\"https:\/\/www.agriculture-machine.com\/wp-content\/uploads\/2023\/11\/complete-rice-milling-plant.webp\" class=\"attachment-full size-full\" alt=\"D\u00e2y chuy\u1ec1n xay x\u00e1t g\u1ea1o ho\u00e0n ch\u1ec9nh\" srcset=\"https:\/\/www.agriculture-machine.com\/wp-content\/uploads\/2023\/11\/complete-rice-milling-plant.webp 720w, https:\/\/www.agriculture-machine.com\/wp-content\/uploads\/2023\/11\/complete-rice-milling-plant-360x270.webp 360w, https:\/\/www.agriculture-machine.com\/wp-content\/uploads\/2023\/11\/complete-rice-milling-plant-240x180.webp 240w\" sizes=\"auto, (max-width: 720px) 100vw, 720px\" \/> <p>H\u1ec7 th\u1ed1ng \u0111i\u1ec1u khi\u1ec3n t\u1ef1 \u0111\u1ed9ng ti\u00ean ti\u1ebfn qu\u1ea3n l\u00fd to\u00e0n b\u1ed9 d\u00e2y chuy\u1ec1n s\u1ea3n xu\u1ea5t g\u1ea1o. \u0110i\u1ec1u n\u00e0y kh\u00f4ng ch\u1ec9 n\u00e2ng cao hi\u1ec7u qu\u1ea3 s\u1ea3n xu\u1ea5t m\u00e0 c\u00f2n \u0111\u1ea3m b\u1ea3o ki\u1ec3m so\u00e1t ch\u00ednh x\u00e1c t\u1eebng b\u01b0\u1edbc.<\/p>  <\/div>  <div class=\"rank-math-steps\"> <div id=\"howto-step-1700124463914\" class=\"rank-math-step\"> <h3 class=\"rank-math-step-title\">1. \u0110\u01a1n v\u1ecb xay x\u00e1t g\u1ea1o ti\u00eau chu\u1ea9n<\/h3> <div class=\"rank-math-step-content\"><p>B\u1ed9 thi\u1ebft b\u1ecb n\u00e0y l\u00e0 trung t\u00e2m c\u1ee7a to\u00e0n b\u1ed9 d\u00e2y chuy\u1ec1n s\u1ea3n xu\u1ea5t g\u1ea1o, t\u00edch h\u1ee3p xay v\u1ecf, b\u00f3c v\u1ecf v\u00e0 xay x\u00e1t, c\u00f3 th\u1ec3 chuy\u1ec3n \u0111\u1ed5i hi\u1ec7u qu\u1ea3 h\u1ea1t th\u00e0nh g\u1ea1o tr\u1eafng \u0103n \u0111\u01b0\u1ee3c.<\/p> <\/div> <\/div> <div id=\"howto-step-1700124513712\" class=\"rank-math-step\"> <h3 class=\"rank-math-step-title\">2. M\u00e1y \u0111\u00e1nh b\u00f3ng g\u1ea1o<\/h3> <div class=\"rank-math-step-content\"><p>\u00c1p d\u1ee5ng c\u00f4ng ngh\u1ec7 x\u1eed l\u00fd b\u1ec1 m\u1eb7t ti\u00ean ti\u1ebfn, m\u00e1y n\u00e0y lo\u1ea1i b\u1ecf l\u1edbp v\u1ecf ngo\u00e0i c\u1ee7a g\u1ea1o tr\u1eafng b\u1eb1ng ma s\u00e1t, l\u00e0m cho h\u1ea1t m\u1ecbn h\u01a1n. B\u01b0\u1edbc n\u00e0y kh\u00f4ng ch\u1ec9 n\u00e2ng cao v\u1ebb ngo\u00e0i c\u1ee7a g\u1ea1o m\u00e0 c\u00f2n c\u1ea3i thi\u1ec7n h\u01b0\u01a1ng v\u1ecb, cung c\u1ea5p nhi\u1ec1u l\u1ef1a ch\u1ecdn h\u01a1n cho th\u1ecb tr\u01b0\u1eddng cao c\u1ea5p.<\/p> <\/div> <\/div> <div id=\"howto-step-1700124538104\" class=\"rank-math-step\"> <h3 class=\"rank-math-step-title\">3. M\u00e1y ph\u00e2n lo\u1ea1i g\u1ea1o tr\u1eafng <\/h3> <div class=\"rank-math-step-content\"><p>Trong khu v\u1ef1c n\u00e0y, c\u00f3 hai l\u1edbp s\u00e0ng ph\u00e2n lo\u1ea1i g\u1ea1o th\u00e0nh ba m\u1ee9c: h\u1ea1t l\u1edbn nguy\u00ean v\u1eb9n, h\u1ea1t nh\u1ecf nguy\u00ean v\u1eb9n v\u00e0 g\u1ea1o v\u1ee1. \u0110i\u1ec1u n\u00e0y cho ph\u00e9p ch\u00fang t\u00f4i ph\u00e2n lo\u1ea1i g\u1ea1o theo k\u00edch th\u01b0\u1edbc v\u00e0 h\u00ecnh d\u1ea1ng, \u0111\u1ea3m b\u1ea3o m\u1ed7i t\u00fai g\u1ea1o c\u00f3 ch\u1ea5t l\u01b0\u1ee3ng \u0111\u1ed3ng \u0111\u1ec1u.<\/p> <\/div> <\/div> <\/div> <\/div>       <h2 class=\"wp-block-heading\">L\u1eafp \u0111\u1eb7t nh\u00e0 m\u00e1y xay x\u00e1t g\u1ea1o<\/h2>    <figure class=\"wp-block-gallery has-nested-images columns-default is-cropped wp-block-gallery-4 is-layout-flex wp-block-gallery-is-layout-flex\"> <figure class=\"wp-block-image size-large\"><img loading=\"lazy\" decoding=\"async\" width=\"720\" height=\"540\" data-id=\"15200\" src=\"https:\/\/www.agriculture-machine.com\/wp-content\/uploads\/2023\/11\/rice-mill-plant-installation-drawing.webp\" alt=\"B\u1ea3n v\u1ebd l\u1eafp \u0111\u1eb7t nh\u00e0 m\u00e1y xay x\u00e1t g\u1ea1o\" class=\"wp-image-15200\" srcset=\"https:\/\/www.agriculture-machine.com\/wp-content\/uploads\/2023\/11\/rice-mill-plant-installation-drawing.webp 720w, https:\/\/www.agriculture-machine.com\/wp-content\/uploads\/2023\/11\/rice-mill-plant-installation-drawing-360x270.webp 360w, https:\/\/www.agriculture-machine.com\/wp-content\/uploads\/2023\/11\/rice-mill-plant-installation-drawing-240x180.webp 240w\" sizes=\"auto, (max-width: 720px) 100vw, 720px\" \/><figcaption class=\"wp-element-caption\">B\u1ea3n v\u1ebd l\u1eafp \u0111\u1eb7t nh\u00e0 m\u00e1y xay x\u00e1t g\u1ea1o<\/figcaption><\/figure>    <figure class=\"wp-block-image size-large\"><img loading=\"lazy\" decoding=\"async\" width=\"720\" height=\"540\" data-id=\"15201\" src=\"https:\/\/www.agriculture-machine.com\/wp-content\/uploads\/2023\/11\/rice-mill-production-line-drawing.webp\" alt=\"B\u1ea3n v\u1ebd d\u00e2y chuy\u1ec1n s\u1ea3n xu\u1ea5t g\u1ea1o\" class=\"wp-image-15201\" srcset=\"https:\/\/www.agriculture-machine.com\/wp-content\/uploads\/2023\/11\/rice-mill-production-line-drawing.webp 720w, https:\/\/www.agriculture-machine.com\/wp-content\/uploads\/2023\/11\/rice-mill-production-line-drawing-360x270.webp 360w, https:\/\/www.agriculture-machine.com\/wp-content\/uploads\/2023\/11\/rice-mill-production-line-drawing-240x180.webp 240w\" sizes=\"auto, (max-width: 720px) 100vw, 720px\" \/><figcaption class=\"wp-element-caption\">B\u1ea3n v\u1ebd d\u00e2y chuy\u1ec1n s\u1ea3n xu\u1ea5t g\u1ea1o<\/figcaption><\/figure> <\/figure>    <h2 class=\"wp-block-heading\">Hi\u1ec3n th\u1ecb m\u00e1y m\u00f3c nh\u00e0 m\u00e1y Taizy<\/h2>    <p>Ch\u00e0o m\u1eebng b\u1ea1n \u0111\u1ebfn tham quan d\u00e2y chuy\u1ec1n s\u1ea3n xu\u1ea5t m\u00e1y m\u00f3c xay x\u00e1t g\u1ea1o c\u1ee7a ch\u00fang t\u00f4i, n\u01a1i tr\u01b0ng b\u00e0y c\u00e1c thi\u1ebft b\u1ecb x\u1eed l\u00fd g\u1ea1o hi\u1ec7u qu\u1ea3, ti\u00ean ti\u1ebfn.<\/p>    <figure class=\"wp-block-gallery has-nested-images columns-default is-cropped wp-block-gallery-5 is-layout-flex wp-block-gallery-is-layout-flex\"> <figure class=\"wp-block-image size-large\"><img loading=\"lazy\" decoding=\"async\" width=\"720\" height=\"540\" data-id=\"15202\" src=\"https:\/\/www.agriculture-machine.com\/wp-content\/uploads\/2023\/11\/rice-mill-machines-factory.webp\" alt=\"Nh\u00e0 m\u00e1y m\u00e1y m\u00f3c xay x\u00e1t g\u1ea1o\" class=\"wp-image-15202\" srcset=\"https:\/\/www.agriculture-machine.com\/wp-content\/uploads\/2023\/11\/rice-mill-machines-factory.webp 720w, https:\/\/www.agriculture-machine.com\/wp-content\/uploads\/2023\/11\/rice-mill-machines-factory-360x270.webp 360w, https:\/\/www.agriculture-machine.com\/wp-content\/uploads\/2023\/11\/rice-mill-machines-factory-240x180.webp 240w\" sizes=\"auto, (max-width: 720px) 100vw, 720px\" \/><figcaption class=\"wp-element-caption\">Nh\u00e0 m\u00e1y m\u00e1y m\u00f3c xay x\u00e1t g\u1ea1o<\/figcaption><\/figure>    <figure class=\"wp-block-image size-large\"><img loading=\"lazy\" decoding=\"async\" width=\"720\" height=\"540\" data-id=\"15203\" src=\"https:\/\/www.agriculture-machine.com\/wp-content\/uploads\/2023\/11\/rice-mill-production-line-packing-and-shipping-site.webp\" alt=\"N\u01a1i \u0111\u00f3ng g\u00f3i v\u00e0 v\u1eadn chuy\u1ec3n d\u00e2y chuy\u1ec1n s\u1ea3n xu\u1ea5t g\u1ea1o\" class=\"wp-image-15203\" srcset=\"https:\/\/www.agriculture-machine.com\/wp-content\/uploads\/2023\/11\/rice-mill-production-line-packing-and-shipping-site.webp 720w, https:\/\/www.agriculture-machine.com\/wp-content\/uploads\/2023\/11\/rice-mill-production-line-packing-and-shipping-site-360x270.webp 360w, https:\/\/www.agriculture-machine.com\/wp-content\/uploads\/2023\/11\/rice-mill-production-line-packing-and-shipping-site-240x180.webp 240w\" sizes=\"auto, (max-width: 720px) 100vw, 720px\" \/><figcaption class=\"wp-element-caption\">N\u01a1i \u0111\u00f3ng g\u00f3i v\u00e0 v\u1eadn chuy\u1ec3n d\u00e2y chuy\u1ec1n s\u1ea3n xu\u1ea5t g\u1ea1o<\/figcaption><\/figure> <\/figure>    <p>B\u1ea1n \u0111\u01b0\u1ee3c ch\u00e0o \u0111\u00f3n \u0111\u1ebfn th\u0103m nh\u00e0 m\u00e1y c\u1ee7a ch\u00fang t\u00f4i b\u1ea5t c\u1ee9 l\u00fac n\u00e0o, \u0111\u1ec3 tr\u1ea3i nghi\u1ec7m ho\u1ea1t \u0111\u1ed9ng hi\u1ec7u qu\u1ea3 c\u1ee7a d\u00e2y chuy\u1ec1n s\u1ea3n xu\u1ea5t g\u1ea1o v\u00e0 s\u1ee9c h\u00fat c\u1ee7a c\u00f4ng ngh\u1ec7 ti\u00ean ti\u1ebfn, gi\u00fap b\u1ea1n hi\u1ec3u r\u00f5 h\u01a1n v\u1ec1 quy tr\u00ecnh s\u1ea3n xu\u1ea5t v\u00e0 \u0111\u1ed5i m\u1edbi c\u00f4ng ngh\u1ec7 c\u1ee7a ch\u00fang t\u00f4i.<\/p>","protected":false},"excerpt":{"rendered":"<p>This rice mill production line begins with the standard 15TPD rice milling unit, whose main task is to hull, peel, and mill the grains to convert them into regular white rice. Next, the polishing machine comes into play, removing a layer of outer skin from the surface of the white rice by friction, making the [&hellip;]<\/p>\n","protected":false},"author":1,"featured_media":15193,"parent":0,"comment_status":"closed","ping_status":"closed","template":"","tags":[796],"product-type":[875,906],"class_list":["post-15188","product","type-product","status-publish","has-post-thumbnail","hentry","tag-rice","product-type-rice-mill-category","product-type-rice-mill-production-line"],"_links":{"self":[{"href":"https:\/\/www.agriculture-machine.com\/vi\/wp-json\/wp\/v2\/product\/15188","targetHints":{"allow":["GET"]}}],"collection":[{"href":"https:\/\/www.agriculture-machine.com\/vi\/wp-json\/wp\/v2\/product"}],"about":[{"href":"https:\/\/www.agriculture-machine.com\/vi\/wp-json\/wp\/v2\/types\/product"}],"author":[{"embeddable":true,"href":"https:\/\/www.agriculture-machine.com\/vi\/wp-json\/wp\/v2\/users\/1"}],"replies":[{"embeddable":true,"href":"https:\/\/www.agriculture-machine.com\/vi\/wp-json\/wp\/v2\/comments?post=15188"}],"wp:featuredmedia":[{"embeddable":true,"href":"https:\/\/www.agriculture-machine.com\/vi\/wp-json\/wp\/v2\/media\/15193"}],"wp:attachment":[{"href":"https:\/\/www.agriculture-machine.com\/vi\/wp-json\/wp\/v2\/media?parent=15188"}],"wp:term":[{"taxonomy":"post_tag","embeddable":true,"href":"https:\/\/www.agriculture-machine.com\/vi\/wp-json\/wp\/v2\/tags?post=15188"},{"taxonomy":"product-type","embeddable":true,"href":"https:\/\/www.agriculture-machine.com\/vi\/wp-json\/wp\/v2\/product-type?post=15188"}],"curies":[{"name":"wp","href":"https:\/\/api.w.org\/{rel}","templated":true}]}}