{"id":15191,"date":"2023-11-17T11:23:54","date_gmt":"2023-11-17T03:23:54","guid":{"rendered":"https:\/\/www.agriculture-machine.com\/?post_type=product&#038;p=15191"},"modified":"2024-09-18T15:42:45","modified_gmt":"2024-09-18T07:42:45","slug":"rice-processing-line","status":"publish","type":"product","link":"https:\/\/www.agriculture-machine.com\/vi\/rice-processing-line\/","title":{"rendered":"D\u00e2y chuy\u1ec1n x\u1eed l\u00fd g\u1ea1o n\u00e2ng c\u1ea5p 15TPD c\u1ed9ng v\u1edbi m\u00e1y ph\u00e2n lo\u1ea1i m\u00e0u v\u00e0 \u0111\u00f3ng g\u00f3i"},"content":{"rendered":"<p class=\"translation-block\">D\u00e2y chuy\u1ec1n ch\u1ebf bi\u1ebfn g\u1ea1o ti\u00ean ti\u1ebfn n\u00e0y \u0111\u01b0\u1ee3c h\u00ecnh th\u00e0nh b\u1eb1ng c\u00e1ch <strong><a href=\"https:\/\/www.agriculture-machine.com\/vi\/rice-mill-production-line\/\">n\u00e2ng c\u1ea5p b\u1ed9 ph\u1eadn xay x\u00e1t g\u1ea1o<\/a><\/strong> c\u1ed9ng v\u1edbi m\u00e1y ph\u00e2n lo\u1ea1i m\u00e0u v\u00e0 m\u00e1y \u0111\u00f3ng g\u00f3i, l\u00e0 gi\u1ea3i ph\u00e1p to\u00e0n di\u1ec7n \u0111\u1ec3 n\u00e2ng cao ch\u1ea5t l\u01b0\u1ee3ng v\u00e0 hi\u1ec7u qu\u1ea3 c\u1ee7a qu\u00e1 tr\u00ecnh ch\u1ebf bi\u1ebfn g\u1ea1o.<\/p>    <p>M\u00e1y ph\u00e2n lo\u1ea1i m\u00e0u th\u00f4ng minh qu\u00e9t c\u00e1c h\u1ea1t g\u1ea1o qua c\u00f4ng ngh\u1ec7 quang h\u1ecdc \u0111\u1ec3 \u0111\u1ea3m b\u1ea3o m\u00e0u s\u1eafc, h\u00ecnh d\u1ea1ng v\u00e0 ch\u1ea5t l\u01b0\u1ee3ng c\u1ee7a s\u1ea3n ph\u1ea9m cu\u1ed1i c\u00f9ng \u0111\u1ed3ng nh\u1ea5t h\u01a1n. Cu\u1ed1i c\u00f9ng, m\u00e1y \u0111\u00f3ng g\u00f3i t\u1ef1 \u0111\u1ed9ng \u0111\u00f3ng g\u00f3i g\u1ea1o \u0111\u00e3 qua x\u1eed l\u00fd v\u00e0 s\u00e0ng l\u1ecdc \u0111\u1ec3 duy tr\u00ec \u0111\u1ed9 t\u01b0\u01a1i c\u1ee7a s\u1ea3n ph\u1ea9m.<\/p>    <p>D\u00e2y chuy\u1ec1n s\u1ea3n xu\u1ea5t n\u00e0y t\u1ed1i \u01b0u h\u00f3a h\u00ecnh th\u1ee9c v\u00e0 ch\u1ea5t l\u01b0\u1ee3ng c\u1ee7a s\u1ea3n ph\u1ea9m, mang l\u1ea1i m\u1ee9c \u0111\u1ed9 t\u1ef1 \u0111\u1ed9ng h\u00f3a cao h\u01a1n v\u00e0 quy tr\u00ecnh s\u1ea3n xu\u1ea5t ti\u00eau chu\u1ea9n cho ng\u00e0nh ch\u1ebf bi\u1ebfn g\u1ea1o.<\/p>    <figure class=\"wp-block-gallery has-nested-images columns-default is-cropped wp-block-gallery-2 is-layout-flex wp-block-gallery-is-layout-flex\"> <figure class=\"wp-block-image size-large\"><img loading=\"lazy\" decoding=\"async\" width=\"720\" height=\"540\" data-id=\"15205\" src=\"https:\/\/www.agriculture-machine.com\/wp-content\/uploads\/2023\/11\/rice-processing-line-for-sale.webp\" alt=\"D\u00e2y chuy\u1ec1n ch\u1ebf bi\u1ebfn g\u1ea1o \u0111\u1ec3 b\u00e1n\" class=\"wp-image-15205\" srcset=\"https:\/\/www.agriculture-machine.com\/wp-content\/uploads\/2023\/11\/rice-processing-line-for-sale.webp 720w, https:\/\/www.agriculture-machine.com\/wp-content\/uploads\/2023\/11\/rice-processing-line-for-sale-360x270.webp 360w, https:\/\/www.agriculture-machine.com\/wp-content\/uploads\/2023\/11\/rice-processing-line-for-sale-240x180.webp 240w\" sizes=\"auto, (max-width: 720px) 100vw, 720px\" \/><figcaption class=\"wp-element-caption\">D\u00e2y chuy\u1ec1n ch\u1ebf bi\u1ebfn g\u1ea1o \u0111\u1ec3 b\u00e1n<\/figcaption><\/figure>    <figure class=\"wp-block-image size-full\"><img loading=\"lazy\" decoding=\"async\" width=\"720\" height=\"540\" data-id=\"15219\" src=\"https:\/\/www.agriculture-machine.com\/wp-content\/uploads\/2023\/11\/rice-mill-machine-application-1.webp\" alt=\"\u1ee8ng d\u1ee5ng m\u00e1y xay x\u00e1t g\u1ea1o\" class=\"wp-image-15219\" srcset=\"https:\/\/www.agriculture-machine.com\/wp-content\/uploads\/2023\/11\/rice-mill-machine-application-1.webp 720w, https:\/\/www.agriculture-machine.com\/wp-content\/uploads\/2023\/11\/rice-mill-machine-application-1-360x270.webp 360w, https:\/\/www.agriculture-machine.com\/wp-content\/uploads\/2023\/11\/rice-mill-machine-application-1-240x180.webp 240w\" sizes=\"auto, (max-width: 720px) 100vw, 720px\" \/><figcaption class=\"wp-element-caption\">\u1ee8ng d\u1ee5ng m\u00e1y xay x\u00e1t g\u1ea1o<\/figcaption><\/figure> <\/figure>    <h2 class=\"wp-block-heading\">C\u1ea5u tr\u00fac ch\u00ednh c\u1ee7a d\u00e2y chuy\u1ec1n ch\u1ebf bi\u1ebfn g\u1ea1o<\/h2>    <figure class=\"wp-block-image size-full\"><img loading=\"lazy\" decoding=\"async\" width=\"720\" height=\"540\" src=\"https:\/\/www.agriculture-machine.com\/wp-content\/uploads\/2023\/11\/integrated-rice-mill-unit-structure.webp\" alt=\"C\u1ea5u tr\u00fac b\u1ed9 ph\u1eadn nh\u00e0 m\u00e1y xay x\u00e1t g\u1ea1o t\u00edch h\u1ee3p\" class=\"wp-image-15206\" srcset=\"https:\/\/www.agriculture-machine.com\/wp-content\/uploads\/2023\/11\/integrated-rice-mill-unit-structure.webp 720w, https:\/\/www.agriculture-machine.com\/wp-content\/uploads\/2023\/11\/integrated-rice-mill-unit-structure-360x270.webp 360w, https:\/\/www.agriculture-machine.com\/wp-content\/uploads\/2023\/11\/integrated-rice-mill-unit-structure-240x180.webp 240w\" sizes=\"auto, (max-width: 720px) 100vw, 720px\" \/><figcaption class=\"wp-element-caption\">C\u1ea5u tr\u00fac b\u1ed9 ph\u1eadn nh\u00e0 m\u00e1y xay x\u00e1t g\u1ea1o t\u00edch h\u1ee3p<\/figcaption><\/figure>    <h2 class=\"wp-block-heading\">Quy tr\u00ecnh l\u00e0m vi\u1ec7c c\u1ee7a thi\u1ebft b\u1ecb ch\u1ebf bi\u1ebfn g\u1ea1o tr\u1eafng<\/h2>   <div id=\"rank-math-howto\" class=\"rank-math-block\" > <div class=\"rank-math-howto-description\">  <\/div>  <div class=\"rank-math-steps\"> <div id=\"howto-step-1700127739794\" class=\"rank-math-step\"> <h3 class=\"rank-math-step-title\">1. Giai \u0111o\u1ea1n s\u01a1 ch\u1ebf ban \u0111\u1ea7u c\u1ee7a xay x\u00e1t g\u1ea1o<\/h3> <div class=\"rank-math-step-content\"><p>L\u00faa tr\u01b0\u1edbc ti\u00ean \u0111\u01b0\u1ee3c lo\u1ea1i b\u1ecf kh\u1ecfi r\u01a1m l\u1edbn v\u00e0 \u0111\u00e1 r\u1ed3i t\u00e1ch v\u1ecf, ti\u1ebfp theo l\u00e0 xay x\u00e1t v\u00e0 xay x\u00e1t th\u1ee9 c\u1ea5p (l\u00e0m tr\u1eafng g\u1ea1o) v\u00e0 ph\u00e2n lo\u1ea1i g\u1ea1o tr\u1eafng.<\/p> <\/div> <\/div> <div id=\"howto-step-1700128013016\" class=\"rank-math-step\"> <h3 class=\"rank-math-step-title\">Giai \u0111o\u1ea1n ph\u00e2n lo\u1ea1i m\u00e0u<\/h3> <div class=\"rank-math-step-content\"><p>M\u00e1y ph\u00e2n lo\u1ea1i m\u00e0u s\u1eed d\u1ee5ng c\u00f4ng ngh\u1ec7 quang h\u1ecdc ti\u00ean ti\u1ebfn \u0111\u1ec3 ph\u00e1t hi\u1ec7n c\u00e1c t\u1ea1p ch\u1ea5t v\u00e0 h\u1ea1t k\u00e9m ch\u1ea5t l\u01b0\u1ee3ng trong b\u1ed9t g\u1ea1o m\u1ed9t c\u00e1ch th\u00f4ng minh. D\u1ef1a tr\u00ean k\u1ebft qu\u1ea3 ph\u00e1t hi\u1ec7n, m\u00e1y ph\u00e2n lo\u1ea1i m\u00e0u t\u1ef1 \u0111\u1ed9ng lo\u1ea1i b\u1ecf c\u00e1c h\u1ea1t g\u1ea1o c\u00f3 m\u00e0u kh\u00e1c ho\u1eb7c s\u1ea3n ph\u1ea9m k\u00e9m ch\u1ea5t l\u01b0\u1ee3ng \u0111\u1ec3 \u0111\u1ea3m b\u1ea3o m\u00e0u s\u1eafc v\u00e0 ch\u1ea5t l\u01b0\u1ee3ng c\u1ee7a s\u1ea3n ph\u1ea9m cu\u1ed1i c\u00f9ng.<\/p> <\/div> <\/div> <div id=\"howto-step-1700128062546\" class=\"rank-math-step\"> <h3 class=\"rank-math-step-title\">Giai \u0111o\u1ea1n \u0111\u00f3ng g\u00f3i<\/h3> <div class=\"rank-math-step-content\"><p>G\u1ea1o tr\u1eafng ch\u1ea5t l\u01b0\u1ee3ng cao, \u0111\u1ee7 ti\u00eau chu\u1ea9n \u0111\u01b0\u1ee3c chuy\u1ec3n \u0111\u1ebfn m\u00e1y \u0111\u00f3ng g\u00f3i. M\u00e1y \u0111\u00f3ng g\u00f3i \u0111o l\u01b0\u1eddng v\u00e0 \u0111\u00f3ng g\u00f3i theo c\u00e1c tham s\u1ed1 \u0111\u00e3 \u0111\u1ecbnh, th\u1ef1c hi\u1ec7n qu\u00e1 tr\u00ecnh \u0111\u00f3ng g\u00f3i t\u1ef1 \u0111\u1ed9ng. Sau khi s\u1ea3n ph\u1ea9m ho\u00e0n ch\u1ec9nh \u0111\u01b0\u1ee3c \u0111\u00f3ng g\u00f3i, c\u00f3 th\u1ec3 d\u00e1n nh\u00e3n v\u00e0 \u0111\u00f3ng g\u00f3i r\u1ed3i chuy\u1ec3n \u0111\u1ebfn kho ho\u1eb7c ra th\u1ecb tr\u01b0\u1eddng.<\/p> <\/div> <\/div> <\/div> <\/div>       <figure class=\"wp-block-gallery has-nested-images columns-default is-cropped wp-block-gallery-3 is-layout-flex wp-block-gallery-is-layout-flex\"> <figure class=\"wp-block-image size-large\"><img loading=\"lazy\" decoding=\"async\" width=\"720\" height=\"540\" data-id=\"15208\" src=\"https:\/\/www.agriculture-machine.com\/wp-content\/uploads\/2023\/11\/rice-processing-line.webp\" alt=\"D\u00e2y chuy\u1ec1n ch\u1ebf bi\u1ebfn g\u1ea1o\" class=\"wp-image-15208\" srcset=\"https:\/\/www.agriculture-machine.com\/wp-content\/uploads\/2023\/11\/rice-processing-line.webp 720w, https:\/\/www.agriculture-machine.com\/wp-content\/uploads\/2023\/11\/rice-processing-line-360x270.webp 360w, https:\/\/www.agriculture-machine.com\/wp-content\/uploads\/2023\/11\/rice-processing-line-240x180.webp 240w\" sizes=\"auto, (max-width: 720px) 100vw, 720px\" \/><figcaption class=\"wp-element-caption\">D\u00e2y chuy\u1ec1n ch\u1ebf bi\u1ebfn g\u1ea1o<\/figcaption><\/figure>    <figure class=\"wp-block-image size-large\"><img loading=\"lazy\" decoding=\"async\" width=\"720\" height=\"540\" data-id=\"15207\" src=\"https:\/\/www.agriculture-machine.com\/wp-content\/uploads\/2023\/11\/paddy-rice-processing-production-line.webp\" alt=\"D\u00e2y chuy\u1ec1n ch\u1ebf bi\u1ebfn g\u1ea1o l\u00faa\" class=\"wp-image-15207\" srcset=\"https:\/\/www.agriculture-machine.com\/wp-content\/uploads\/2023\/11\/paddy-rice-processing-production-line.webp 720w, https:\/\/www.agriculture-machine.com\/wp-content\/uploads\/2023\/11\/paddy-rice-processing-production-line-360x270.webp 360w, https:\/\/www.agriculture-machine.com\/wp-content\/uploads\/2023\/11\/paddy-rice-processing-production-line-240x180.webp 240w\" sizes=\"auto, (max-width: 720px) 100vw, 720px\" \/><figcaption class=\"wp-element-caption\">D\u00e2y chuy\u1ec1n ch\u1ebf bi\u1ebfn g\u1ea1o l\u00faa<\/figcaption><\/figure> <\/figure>    <h2 class=\"wp-block-heading\">Nguy\u00ean l\u00fd ho\u1ea1t \u0111\u1ed9ng c\u1ee7a m\u00e1y ph\u00e2n lo\u1ea1i m\u00e0u trong d\u00e2y chuy\u1ec1n ch\u1ebf bi\u1ebfn g\u1ea1o<\/h2>    <ul class=\"wp-block-list\"> <li>Ph\u00e2n lo\u1ea1i m\u00e0u l\u00e0 m\u1ed9t thao t\u00e1c s\u1eed d\u1ee5ng quang \u0111i\u1ec7n \u0111\u1ec3 ph\u00e1t hi\u1ec7n v\u00e0 t\u00e1ch c\u00e1c h\u1ea1t (h\u1ea1t, c\u1ee5c, ho\u1eb7c b\u00f3ng) v\u00e0 c\u00e1c t\u1ea1p ch\u1ea5t ngo\u1ea1i lai c\u00f3 m\u00e0u s\u1eafc b\u1ea5t th\u01b0\u1eddng ho\u1eb7c b\u1ecb nhi\u1ec5m s\u00e2u b\u1ec7nh v\u00e0 b\u1ec7nh t\u1eadt t\u1eeb s\u1ed1 l\u01b0\u1ee3ng l\u1edbn s\u1ea3n ph\u1ea9m th\u00f4.<\/li>    <li>Qu\u00e1 tr\u00ecnh l\u01b0u tr\u1eef, do nhi\u1ec7t v\u00e0 c\u00e1c l\u00fd do kh\u00e1c, s\u1ebd l\u00e0m m\u1ed9t ph\u1ea7n g\u1ea1o b\u1ecb h\u01b0 h\u1ecfng, tr\u1edf th\u00e0nh g\u1ea1o v\u00e0ng. G\u1ea1o v\u00e0ng ch\u1ee9a c\u00e1c th\u00e0nh ph\u1ea7n c\u00f3 h\u1ea1i, g\u1ea1o th\u00e0nh ph\u1ea9m ch\u1ee9a g\u1ea1o v\u00e0ng kh\u00f4ng ch\u1ec9 \u1ea3nh h\u01b0\u1edfng \u0111\u1ebfn gi\u00e1 tr\u1ecb th\u01b0\u01a1ng m\u1ea1i c\u1ee7a g\u1ea1o m\u00e0 c\u00f2n \u1ea3nh h\u01b0\u1edfng \u0111\u1ebfn s\u1ee9c kh\u1ecfe ng\u01b0\u1eddi ti\u00eau d\u00f9ng, v\u00e0 c\u1ea7n lo\u1ea1i b\u1ecf c\u00e0ng nhi\u1ec1u c\u00e0ng t\u1ed1t.<\/li>    <li>Do g\u1ea1o v\u00e0ng v\u00e0 g\u1ea1o tr\u1eafng b\u00ecnh th\u01b0\u1eddng kh\u00f4ng c\u00f3 \u0111\u1eb7c \u0111i\u1ec3m v\u1eadt l\u00fd chung, s\u1ef1 kh\u00e1c bi\u1ec7t gi\u1eefa g\u1ea1o v\u00e0ng v\u00e0 g\u1ea1o tr\u1eafng ch\u1ec9 c\u00f3 th\u1ec3 d\u1ef1a v\u00e0o m\u00e0u s\u1eafc v\u00e0 \u0111\u1ed9 ph\u1ea3n quang, s\u1eed d\u1ee5ng ph\u01b0\u01a1ng ph\u00e1p quang \u0111i\u1ec7n t\u1eed v\u00e0 thi\u1ebft b\u1ecb \u0111\u1ec3 lo\u1ea1i b\u1ecf. S\u1ef1 kh\u00e1c bi\u1ec7t v\u1ec1 m\u00e0u s\u1eafc c\u0169ng c\u00f3 th\u1ec3 d\u00f9ng \u0111\u1ec3 lo\u1ea1i b\u1ecf c\u00e1c h\u1ea1t c\u00f3 m\u00e0u l\u1ea1 nh\u01b0 th\u1ee7y tinh nh\u1ecf v\u00e0 than c\u1ed1c tr\u1ed9n v\u00e0o g\u1ea1o.<\/li> <\/ul>    <figure class=\"wp-block-gallery has-nested-images columns-default is-cropped wp-block-gallery-4 is-layout-flex wp-block-gallery-is-layout-flex\"> <figure class=\"wp-block-image size-large\"><img loading=\"lazy\" decoding=\"async\" width=\"720\" height=\"540\" data-id=\"15209\" src=\"https:\/\/www.agriculture-machine.com\/wp-content\/uploads\/2023\/11\/color-sorter.webp\" alt=\"m\u00e1y ph\u00e2n lo\u1ea1i m\u00e0u\" class=\"wp-image-15209\" srcset=\"https:\/\/www.agriculture-machine.com\/wp-content\/uploads\/2023\/11\/color-sorter.webp 720w, https:\/\/www.agriculture-machine.com\/wp-content\/uploads\/2023\/11\/color-sorter-360x270.webp 360w, https:\/\/www.agriculture-machine.com\/wp-content\/uploads\/2023\/11\/color-sorter-240x180.webp 240w\" sizes=\"auto, (max-width: 720px) 100vw, 720px\" \/><figcaption class=\"wp-element-caption\">m\u00e1y ph\u00e2n lo\u1ea1i m\u00e0u<\/figcaption><\/figure>    <figure class=\"wp-block-image size-large\"><img loading=\"lazy\" decoding=\"async\" width=\"720\" height=\"540\" data-id=\"15210\" src=\"https:\/\/www.agriculture-machine.com\/wp-content\/uploads\/2023\/11\/rice-color-sorting-machine.webp\" alt=\"M\u00e1y ph\u00e2n lo\u1ea1i m\u00e0u g\u1ea1o\" class=\"wp-image-15210\" srcset=\"https:\/\/www.agriculture-machine.com\/wp-content\/uploads\/2023\/11\/rice-color-sorting-machine.webp 720w, https:\/\/www.agriculture-machine.com\/wp-content\/uploads\/2023\/11\/rice-color-sorting-machine-360x270.webp 360w, https:\/\/www.agriculture-machine.com\/wp-content\/uploads\/2023\/11\/rice-color-sorting-machine-240x180.webp 240w\" sizes=\"auto, (max-width: 720px) 100vw, 720px\" \/><figcaption class=\"wp-element-caption\">M\u00e1y ph\u00e2n lo\u1ea1i m\u00e0u g\u1ea1o<\/figcaption><\/figure> <\/figure>    <figure class=\"wp-block-gallery has-nested-images columns-default is-cropped wp-block-gallery-5 is-layout-flex wp-block-gallery-is-layout-flex\"> <figure class=\"wp-block-image size-large\"><img loading=\"lazy\" decoding=\"async\" width=\"720\" height=\"540\" data-id=\"15215\" src=\"https:\/\/www.agriculture-machine.com\/wp-content\/uploads\/2023\/11\/automatic-rice-milling-plant.webp\" alt=\"Nh\u00e0 m\u00e1y xay x\u00e1t g\u1ea1o t\u1ef1 \u0111\u1ed9ng\" class=\"wp-image-15215\" srcset=\"https:\/\/www.agriculture-machine.com\/wp-content\/uploads\/2023\/11\/automatic-rice-milling-plant.webp 720w, https:\/\/www.agriculture-machine.com\/wp-content\/uploads\/2023\/11\/automatic-rice-milling-plant-360x270.webp 360w, https:\/\/www.agriculture-machine.com\/wp-content\/uploads\/2023\/11\/automatic-rice-milling-plant-240x180.webp 240w\" sizes=\"auto, (max-width: 720px) 100vw, 720px\" \/><figcaption class=\"wp-element-caption\">Nh\u00e0 m\u00e1y xay x\u00e1t g\u1ea1o t\u1ef1 \u0111\u1ed9ng<\/figcaption><\/figure>    <figure class=\"wp-block-image size-large\"><img loading=\"lazy\" decoding=\"async\" width=\"720\" height=\"540\" data-id=\"15216\" src=\"https:\/\/www.agriculture-machine.com\/wp-content\/uploads\/2023\/11\/complete-paddy-rice-milling-line.webp\" alt=\"D\u00e2y chuy\u1ec1n xay x\u00e1t g\u1ea1o l\u00faa ho\u00e0n ch\u1ec9nh\" class=\"wp-image-15216\" srcset=\"https:\/\/www.agriculture-machine.com\/wp-content\/uploads\/2023\/11\/complete-paddy-rice-milling-line.webp 720w, https:\/\/www.agriculture-machine.com\/wp-content\/uploads\/2023\/11\/complete-paddy-rice-milling-line-360x270.webp 360w, https:\/\/www.agriculture-machine.com\/wp-content\/uploads\/2023\/11\/complete-paddy-rice-milling-line-240x180.webp 240w\" sizes=\"auto, (max-width: 720px) 100vw, 720px\" \/><figcaption class=\"wp-element-caption\">D\u00e2y chuy\u1ec1n xay x\u00e1t g\u1ea1o l\u00faa ho\u00e0n ch\u1ec9nh<\/figcaption><\/figure> <\/figure>    <h2 class=\"wp-block-heading\">Hi\u1ec3n th\u1ecb ph\u1ee5 t\u00f9ng thay th\u1ebf ph\u00f9 h\u1ee3p cho b\u1ed9 ph\u1eadn xay x\u00e1t l\u00faa<\/h2>    <p>\u0110\u1ed1i v\u1edbi d\u00e2y chuy\u1ec1n ch\u1ebf bi\u1ebfn g\u1ea1o c\u00f3 c\u01b0\u1eddng \u0111\u1ed9 l\u00e0m vi\u1ec7c cao h\u01a1n, \u0111\u1ec3 duy tr\u00ec m\u00e1y m\u00f3c t\u1ed1t h\u01a1n v\u00e0 k\u00e9o d\u00e0i tu\u1ed5i th\u1ecd c\u1ee7a n\u00f3, c\u00e1c b\u1ed9 ph\u1eadn hao m\u00f2n c\u1ea7n \u0111\u01b0\u1ee3c thay th\u1ebf \u0111\u1ecbnh k\u1ef3. C\u00e1c b\u1ed9 ph\u1eadn c\u00f3 th\u1ec3 mua v\u1edbi gi\u00e1 \u01b0u \u0111\u00e3i.<\/p>    <figure class=\"wp-block-gallery has-nested-images columns-default is-cropped wp-block-gallery-6 is-layout-flex wp-block-gallery-is-layout-flex\"> <figure class=\"wp-block-image size-large\"><img loading=\"lazy\" decoding=\"async\" width=\"720\" height=\"540\" data-id=\"15211\" src=\"https:\/\/www.agriculture-machine.com\/wp-content\/uploads\/2023\/11\/iron-roller.webp\" alt=\"Con l\u0103n s\u1eaft\" class=\"wp-image-15211\" srcset=\"https:\/\/www.agriculture-machine.com\/wp-content\/uploads\/2023\/11\/iron-roller.webp 720w, https:\/\/www.agriculture-machine.com\/wp-content\/uploads\/2023\/11\/iron-roller-360x270.webp 360w, https:\/\/www.agriculture-machine.com\/wp-content\/uploads\/2023\/11\/iron-roller-240x180.webp 240w\" sizes=\"auto, (max-width: 720px) 100vw, 720px\" \/><figcaption class=\"wp-element-caption\">Con l\u0103n s\u1eaft<\/figcaption><\/figure>    <figure class=\"wp-block-image size-large\"><img loading=\"lazy\" decoding=\"async\" width=\"720\" height=\"540\" data-id=\"15212\" src=\"https:\/\/www.agriculture-machine.com\/wp-content\/uploads\/2023\/11\/polisher-Emery-roller.webp\" alt=\"Con l\u0103n m\u00e0i b\u00f3ng Emery\" class=\"wp-image-15212\" srcset=\"https:\/\/www.agriculture-machine.com\/wp-content\/uploads\/2023\/11\/polisher-Emery-roller.webp 720w, https:\/\/www.agriculture-machine.com\/wp-content\/uploads\/2023\/11\/polisher-Emery-roller-360x270.webp 360w, https:\/\/www.agriculture-machine.com\/wp-content\/uploads\/2023\/11\/polisher-Emery-roller-240x180.webp 240w\" sizes=\"auto, (max-width: 720px) 100vw, 720px\" \/><figcaption class=\"wp-element-caption\">Con l\u0103n m\u00e0i b\u00f3ng Emery<\/figcaption><\/figure> <\/figure>    <p class=\"translation-block\">Trong s\u1ed1 \u0111\u00f3, c\u00f3 hai lo\u1ea1i m\u00e1y \u0111\u00e1nh b\u00f3ng c\u00f3 s\u1eb5n, con l\u0103n s\u1eaft v\u00e0 con l\u0103n m\u00e0i b\u00f3ng Emery. S\u1ef1 kh\u00e1c bi\u1ec7t gi\u1eefa ch\u00fang l\u00e0 <strong>con l\u0103n s\u1eaft<\/strong> ph\u00f9 h\u1ee3p cho g\u1ea1o tr\u00f2n, s\u1ea3n ph\u1ea9m cu\u1ed1i s\u00e1ng b\u00f3ng h\u01a1n, nh\u01b0ng g\u1ea1o d\u1ec5 b\u1ecb v\u1ee1; <strong>con l\u0103n m\u00e0i b\u00f3ng Emery<\/strong> ch\u1ee7 y\u1ebfu ph\u00f9 h\u1ee3p cho g\u1ea1o d\u00e0i, \u0111\u1ed9 b\u1ec1n t\u01b0\u01a1ng \u0111\u1ed1i nh\u1ecf, v\u00e0 g\u1ea1o thu \u0111\u01b0\u1ee3c kh\u00f4ng d\u1ec5 b\u1ecb v\u1ee1. C\u1ea7n l\u01b0u \u00fd r\u1eb1ng hai lo\u1ea1i con l\u0103n n\u00e0y c\u00f3 th\u1ec3 s\u1eed d\u1ee5ng l\u00e2u h\u01a1n so v\u1edbi c\u00e1c b\u1ed9 ph\u1eadn hao m\u00f2n kh\u00e1c.<\/p>    <h2 class=\"wp-block-heading\">Tri\u1ec3n l\u00e3m m\u00e1y m\u00f3c d\u00e2y chuy\u1ec1n ch\u1ebf bi\u1ebfn g\u1ea1o<\/h2>    <figure class=\"wp-block-gallery has-nested-images columns-default is-cropped wp-block-gallery-7 is-layout-flex wp-block-gallery-is-layout-flex\"> <figure class=\"wp-block-image size-large\"><img loading=\"lazy\" decoding=\"async\" width=\"720\" height=\"540\" data-id=\"15214\" src=\"https:\/\/www.agriculture-machine.com\/wp-content\/uploads\/2023\/11\/rice-processing-line-factory-show.webp\" alt=\"Tri\u1ec3n l\u00e3m nh\u00e0 m\u00e1y d\u00e2y chuy\u1ec1n ch\u1ebf bi\u1ebfn g\u1ea1o\" class=\"wp-image-15214\" srcset=\"https:\/\/www.agriculture-machine.com\/wp-content\/uploads\/2023\/11\/rice-processing-line-factory-show.webp 720w, https:\/\/www.agriculture-machine.com\/wp-content\/uploads\/2023\/11\/rice-processing-line-factory-show-360x270.webp 360w, https:\/\/www.agriculture-machine.com\/wp-content\/uploads\/2023\/11\/rice-processing-line-factory-show-240x180.webp 240w\" sizes=\"auto, (max-width: 720px) 100vw, 720px\" \/><figcaption class=\"wp-element-caption\">Tri\u1ec3n l\u00e3m nh\u00e0 m\u00e1y d\u00e2y chuy\u1ec1n ch\u1ebf bi\u1ebfn g\u1ea1o<\/figcaption><\/figure>    <figure class=\"wp-block-image size-large\"><img loading=\"lazy\" decoding=\"async\" width=\"720\" height=\"540\" data-id=\"15213\" src=\"https:\/\/www.agriculture-machine.com\/wp-content\/uploads\/2023\/11\/paddy-processing-line-factory.webp\" alt=\"Nh\u00e0 m\u00e1y d\u00e2y chuy\u1ec1n ch\u1ebf bi\u1ebfn l\u00faa\" class=\"wp-image-15213\" srcset=\"https:\/\/www.agriculture-machine.com\/wp-content\/uploads\/2023\/11\/paddy-processing-line-factory.webp 720w, https:\/\/www.agriculture-machine.com\/wp-content\/uploads\/2023\/11\/paddy-processing-line-factory-360x270.webp 360w, https:\/\/www.agriculture-machine.com\/wp-content\/uploads\/2023\/11\/paddy-processing-line-factory-240x180.webp 240w\" sizes=\"auto, (max-width: 720px) 100vw, 720px\" \/><figcaption class=\"wp-element-caption\">Nh\u00e0 m\u00e1y d\u00e2y chuy\u1ec1n ch\u1ebf bi\u1ebfn l\u00faa<\/figcaption><\/figure> <\/figure>    <p>Nh\u00e0 m\u00e1y c\u1ee7a ch\u00fang t\u00f4i c\u00f3 gian h\u00e0ng tr\u01b0ng b\u00e0y, ch\u00e0o m\u1eebng qu\u00fd kh\u00e1ch \u0111\u1ebfn th\u0103m d\u00e2y chuy\u1ec1n s\u1ea3n xu\u1ea5t b\u1ed9 ph\u1eadn xay x\u00e1t g\u1ea1o n\u00e2ng c\u1ea5p ti\u00ean ti\u1ebfn c\u1ee7a ch\u00fang t\u00f4i, ch\u00fang t\u00f4i mong mu\u1ed1n h\u1ee3p t\u00e1c v\u1edbi qu\u00fd kh\u00e1ch. Ngo\u00e0i ra, n\u1ebfu qu\u00fd kh\u00e1ch c\u00f3 b\u1ea5t k\u1ef3 th\u1eafc m\u1eafc n\u00e0o v\u1ec1 m\u00e1y m\u00f3c, xin vui l\u00f2ng li\u00ean h\u1ec7 v\u1edbi ch\u00fang t\u00f4i.<\/p>","protected":false},"excerpt":{"rendered":"<p>This advanced rice processing line formed by upgrading the rice milling unit plus the color sorter and packaging machine is a comprehensive solution to improve the quality and efficiency of rice processing. The color sorter intelligently screens the rice grains through optical technology to ensure more consistent color, shape, and quality of the finished product. [&hellip;]<\/p>\n","protected":false},"author":1,"featured_media":15204,"parent":0,"comment_status":"closed","ping_status":"closed","template":"","tags":[796],"product-type":[875,906],"class_list":["post-15191","product","type-product","status-publish","has-post-thumbnail","hentry","tag-rice","product-type-rice-mill-category","product-type-rice-mill-production-line"],"_links":{"self":[{"href":"https:\/\/www.agriculture-machine.com\/vi\/wp-json\/wp\/v2\/product\/15191","targetHints":{"allow":["GET"]}}],"collection":[{"href":"https:\/\/www.agriculture-machine.com\/vi\/wp-json\/wp\/v2\/product"}],"about":[{"href":"https:\/\/www.agriculture-machine.com\/vi\/wp-json\/wp\/v2\/types\/product"}],"author":[{"embeddable":true,"href":"https:\/\/www.agriculture-machine.com\/vi\/wp-json\/wp\/v2\/users\/1"}],"replies":[{"embeddable":true,"href":"https:\/\/www.agriculture-machine.com\/vi\/wp-json\/wp\/v2\/comments?post=15191"}],"wp:featuredmedia":[{"embeddable":true,"href":"https:\/\/www.agriculture-machine.com\/vi\/wp-json\/wp\/v2\/media\/15204"}],"wp:attachment":[{"href":"https:\/\/www.agriculture-machine.com\/vi\/wp-json\/wp\/v2\/media?parent=15191"}],"wp:term":[{"taxonomy":"post_tag","embeddable":true,"href":"https:\/\/www.agriculture-machine.com\/vi\/wp-json\/wp\/v2\/tags?post=15191"},{"taxonomy":"product-type","embeddable":true,"href":"https:\/\/www.agriculture-machine.com\/vi\/wp-json\/wp\/v2\/product-type?post=15191"}],"curies":[{"name":"wp","href":"https:\/\/api.w.org\/{rel}","templated":true}]}}