{"id":15220,"date":"2023-11-20T11:46:30","date_gmt":"2023-11-20T03:46:30","guid":{"rendered":"https:\/\/www.agriculture-machine.com\/?post_type=product&#038;p=15220"},"modified":"2024-09-18T16:04:46","modified_gmt":"2024-09-18T08:04:46","slug":"rice-mill-line","status":"publish","type":"product","link":"https:\/\/www.agriculture-machine.com\/vi\/rice-mill-line\/","title":{"rendered":"D\u00e2y chuy\u1ec1n g\u1ea1o 15TPD ti\u00eau chu\u1ea9n cao v\u1edbi m\u00e1y l\u00e0m b\u00f3ng v\u00e0 kho ch\u1ee9a"},"content":{"rendered":"<p class=\"translation-block\">Welcome to our upgraded rice mill line&#8217;s advanced production plant, which combines color sorting and packaging machines with a high-standard water polishing machine and intelligent storage bin to provide you with the ultimate <strong><a href=\"https:\/\/www.agriculture-machine.com\/vi\/rice-mill-category\/\">rice processing experience<\/a><\/strong>.<\/p>    <figure class=\"wp-block-gallery has-nested-images columns-default is-cropped wp-block-gallery-2 is-layout-flex wp-block-gallery-is-layout-flex\"> <figure class=\"wp-block-image size-large\"><img loading=\"lazy\" decoding=\"async\" width=\"720\" height=\"540\" data-id=\"15222\" src=\"https:\/\/www.agriculture-machine.com\/wp-content\/uploads\/2023\/11\/rice-mill-line-for-sale.webp\" alt=\"D\u00e2y chuy\u1ec1n xay x\u00e1t g\u1ea1o \u0111\u1ec3 b\u00e1n\" class=\"wp-image-15222\" srcset=\"https:\/\/www.agriculture-machine.com\/wp-content\/uploads\/2023\/11\/rice-mill-line-for-sale.webp 720w, https:\/\/www.agriculture-machine.com\/wp-content\/uploads\/2023\/11\/rice-mill-line-for-sale-360x270.webp 360w, https:\/\/www.agriculture-machine.com\/wp-content\/uploads\/2023\/11\/rice-mill-line-for-sale-240x180.webp 240w\" sizes=\"auto, (max-width: 720px) 100vw, 720px\" \/><figcaption class=\"wp-element-caption\">D\u00e2y chuy\u1ec1n xay x\u00e1t g\u1ea1o \u0111\u1ec3 b\u00e1n<\/figcaption><\/figure>    <figure class=\"wp-block-image size-large\"><img loading=\"lazy\" decoding=\"async\" width=\"720\" height=\"540\" data-id=\"15223\" src=\"https:\/\/www.agriculture-machine.com\/wp-content\/uploads\/2023\/11\/united-rice-mill.webp\" alt=\"Nh\u00e0 m\u00e1y xay x\u00e1t g\u1ea1o li\u00ean h\u1ee3p\" class=\"wp-image-15223\" srcset=\"https:\/\/www.agriculture-machine.com\/wp-content\/uploads\/2023\/11\/united-rice-mill.webp 720w, https:\/\/www.agriculture-machine.com\/wp-content\/uploads\/2023\/11\/united-rice-mill-360x270.webp 360w, https:\/\/www.agriculture-machine.com\/wp-content\/uploads\/2023\/11\/united-rice-mill-240x180.webp 240w\" sizes=\"auto, (max-width: 720px) 100vw, 720px\" \/><figcaption class=\"wp-element-caption\">Nh\u00e0 m\u00e1y xay x\u00e1t g\u1ea1o li\u00ean h\u1ee3p<\/figcaption><\/figure> <\/figure>    <h2 class=\"wp-block-heading\">C\u1ea5u tr\u00fac d\u00e2y chuy\u1ec1n xay x\u00e1t g\u1ea1o ti\u00eau chu\u1ea9n cao 15TPD<\/h2>    <p class=\"translation-block\"><strong>1. C\u00e1c b\u1ed9 ph\u1eadn c\u1ea7n thi\u1ebft: (b\u1ea1n c\u1ea7n mua t\u1ea5t c\u1ea3)<\/strong><\/p>    <p>Pre-cleaner&#8212; Destoner&#8212; Paddy Husker&#8211; Gravity Separator &#8212;-Rice Mill&#8212;<\/p>    <p class=\"translation-block\"><strong>2. C\u00e1c b\u1ed9 ph\u1eadn t\u00f9y ch\u1ecdn: (b\u1ea1n c\u00f3 th\u1ec3 ch\u1ecdn m\u1ed9t ho\u1eb7c nhi\u1ec1u trong s\u1ed1 c\u00e1c m\u00e1y sau t\u00f9y theo ng\u00e2n s\u00e1ch c\u1ee7a b\u1ea1n)<\/strong><\/p>    <p>Rice Polisher&#8212;Rice Grader&#8212;-Color Sorter&#8212;Storage Bin &#8212;Weighting and Packing Scale<\/p>    <p class=\"translation-block\"><strong>K\u1ebft qu\u1ea3: C\u00e0ng mua nhi\u1ec1u m\u00e1y, ch\u1ea5t l\u01b0\u1ee3ng g\u1ea1o c\u00e0ng tr\u1eafng v\u00e0 m\u1ecbn.<\/strong><\/p>    <figure class=\"wp-block-image size-full\"><img loading=\"lazy\" decoding=\"async\" width=\"720\" height=\"540\" src=\"https:\/\/www.agriculture-machine.com\/wp-content\/uploads\/2023\/11\/rice-mill-line-main-structure.webp\" alt=\"C\u1ea5u tr\u00fac ch\u00ednh c\u1ee7a d\u00e2y chuy\u1ec1n xay x\u00e1t g\u1ea1o\" class=\"wp-image-15224\" srcset=\"https:\/\/www.agriculture-machine.com\/wp-content\/uploads\/2023\/11\/rice-mill-line-main-structure.webp 720w, https:\/\/www.agriculture-machine.com\/wp-content\/uploads\/2023\/11\/rice-mill-line-main-structure-360x270.webp 360w, https:\/\/www.agriculture-machine.com\/wp-content\/uploads\/2023\/11\/rice-mill-line-main-structure-240x180.webp 240w\" sizes=\"auto, (max-width: 720px) 100vw, 720px\" \/><figcaption class=\"wp-element-caption\">C\u1ea5u tr\u00fac ch\u00ednh c\u1ee7a d\u00e2y chuy\u1ec1n xay x\u00e1t g\u1ea1o<\/figcaption><\/figure>    <h2 class=\"wp-block-heading\"><strong>Gi\u1ea3i ph\u00e1p cho d\u00e2y chuy\u1ec1n xay x\u00e1t g\u1ea1o 600-800kg\/h<\/strong><\/h2>    <figure class=\"wp-block-table is-style-stripes\"><table><tbody><tr><td><strong>Th\u00f4ng s\u1ed1 k\u1ef9 thu\u1eadt<\/strong><strong><\/strong><\/td><td><strong>&nbsp;Ch\u1ee9c n\u0103ng <\/strong><strong><\/strong><\/td><\/tr><tr><td><strong>M\u00e1y s\u1ea5y v\u1ecf tr\u1ea5u <\/strong><br>Model: LG15 C\u00f4ng su\u1ea5t: 5.5kw<\/td><td>Ph\u00e2n bi\u1ec7t g\u1ea1o l\u1ee9t v\u00e0 g\u1ea1o t\u1ebb d\u1ef1a tr\u00ean s\u1ef1 kh\u00e1c bi\u1ec7t v\u1ec1 tr\u1ecdng l\u1ef1c v\u00e0 ma s\u00e1t b\u1ec1 m\u1eb7t<\/td><\/tr><tr><td><strong>M\u00e1y s\u00e0ng s\u01a1 b\u1ed9 g\u1ea1o t\u1ebb <\/strong><br>Model: SCQY40 C\u00f4ng su\u1ea5t: 0.75 3\u00a0\u00a0<\/td><td>Ch\u1ee7 y\u1ebfu \u0111\u1ec3 lo\u1ea1i b\u1ecf \u0111\u00e1 trong g\u1ea1o, nh\u01b0ng c\u0169ng lo\u1ea1i b\u1ecf r\u01a1m l\u1edbn h\u01a1n g\u1ea1o v\u00e0 c\u00e1t ho\u1eb7c b\u1ee5i nh\u1ecf h\u01a1n g\u1ea1o.<\/td><\/tr><tr><td><strong>M\u00e1y s\u1ea5y v\u1ecf tr\u1ea5u <\/strong><br>Model: LG15 C\u00f4ng su\u1ea5t: 5.5kw<\/td><td>Lo\u1ea1i b\u1ecf v\u1ecf ngo\u00e0i \u0111\u1ec3 thu g\u1ea1o l\u1ee9t<\/td><\/tr><tr><td><strong>M\u00e1y t\u00e1ch s\u1ea1n g\u1ea1o paddy tr\u1ecdng l\u1ef1c<\/strong><br>Model: MGCZ70*5 C\u00f4ng su\u1ea5t: 0.75kw \u00a0\u00a0<\/td><td>S\u1eed d\u1ee5ng m\u00e1y xay x\u00e1t g\u1ea1o th\u1ee9 hai \u0111\u1ec3 thu \u0111\u01b0\u1ee3c g\u1ea1o tr\u1eafng h\u01a1n v\u00e0 gi\u1ea3m t\u1ef7 l\u1ec7 v\u1ee1.<\/td><\/tr><tr><td><strong>M\u00e1y xay x\u00e1t g\u1ea1o \u0111\u1ea7u ti\u00ean<\/strong>\u00a0<br>Model: NS150 C\u00f4ng su\u1ea5t: 15kw \u00a0\u00a0\u00a0\u00a0\u00a0\u00a0<\/td><td>S\u1eed d\u1ee5ng m\u00e1y xay x\u00e1t g\u1ea1o th\u1ee9 nh\u1ea5t \u0111\u1ec3 lo\u1ea1i b\u1ecf v\u1ecf n\u00e2u \u0111\u1ec3 thu \u0111\u01b0\u1ee3c g\u1ea1o tr\u1eafng<\/td><\/tr><tr><td><strong>M\u00e1y t\u00e1ch t\u1eeb<\/strong><\/td><td>Lo\u1ea1i b\u1ecf kim lo\u1ea1i nh\u1ecf kh\u1ecfi g\u1ea1o<\/td><\/tr><tr><td><strong>M\u00e1y \u0111\u00e1nh b\u00f3ng g\u1ea1o c\u00f3 n\u01b0\u1edbc <\/strong><br>Model: MP12.5 C\u00f4ng su\u1ea5t: 15kw 4kw<\/td><td>L\u1ef1a ch\u1ecdn lo\u1ea1i g\u1ea1o kh\u00e1c m\u00e0u ho\u1eb7c g\u1ea1o m\u1ed1c kh\u1ecfi g\u1ea1o tr\u1eafng.<\/td><\/tr><tr><td><strong>M\u00e1y \u0111\u00e1nh b\u00f3ng g\u1ea1o c\u00f3 n\u01b0\u1edbc<\/strong><br>Model: MP12.5 C\u00f4ng su\u1ea5t: 15kw 4kw<\/td><td>L\u00e0m b\u00f3ng g\u1ea1o tr\u1eafng b\u1eb1ng c\u00e1ch phun n\u01b0\u1edbc, l\u00e0m cho g\u1ea1o tr\u1eafng h\u01a1n v\u00e0 nh\u1eb9 h\u01a1n.<\/td><\/tr><tr><td><strong>M\u00e1y ph\u00e2n lo\u1ea1i m\u00e0u<\/strong><br>Model: 6SXM-64(CCD) C\u00f4ng su\u1ea5t: 1.5kw \u00a0<strong>\u00a0<\/strong><\/td><td>Ph\u00e2n lo\u1ea1i g\u1ea1o th\u00e0nh 2 lo\u1ea1i v\u00e0 t\u00e1ch g\u1ea1o nguy\u00ean h\u1ea1t v\u00e0 g\u1ea1o v\u1ee1.<\/td><\/tr><tr><td><strong>M\u00e1y ph\u00e2n lo\u1ea1i g\u1ea1o tr\u1eafng<\/strong><br>Model: MMJP50X2 C\u00f4ng su\u1ea5t: 0.35kw \u00a0<\/td><td>G\u1ea1o th\u00e0nh ph\u1ea9m c\u00f3 th\u1ec3 \u0111\u1ec3 trong b\u00ecnh l\u00e2u d\u00e0i, kh\u00f4ng c\u1ea7n ng\u01b0\u1eddi v\u1eadn h\u00e0nh li\u00ean t\u1ee5c b\u00ean m\u00e1y \u0111\u00f3ng g\u00f3i. N\u1ebfu mu\u1ed1n ti\u1ebft ki\u1ec7m nh\u00e2n c\u00f4ng, ch\u00fang t\u00f4i c\u00f3 th\u1ec3 l\u1eafp \u0111\u1eb7t m\u1ed9t b\u00ecnh ch\u1ee9a tr\u01b0\u1edbc m\u00e1y \u0111\u00f3ng g\u00f3i.\u00a0<\/td><\/tr><tr><td><strong>B\u00ecnh ch\u1ee9a v\u00e0 thang n\u00e2ng<\/strong><br>Dung t\u00edch: 3 t\u1ea5n<strong>\u00a0\u00a0<\/strong><\/td><td>Lo\u1ea1i b\u1ecf b\u1ee5i, v\u1ecf tr\u1ea5u v\u00e0 c\u00e1c t\u1ea1p ch\u1ea5t nh\u1ecf kh\u00e1c<\/td><\/tr><tr><td><strong>M\u00e1y C\u00e2n \u0110o v\u00e0 \u0111\u00f3ng g\u00f3i <\/strong><br>Model: DCS-50 C\u00f4ng su\u1ea5t: 0.37 0.37kw<\/td><td>C\u00e2n \u0111o, \u0111\u00f3ng g\u00f3i v\u00e0o t\u00fai, kh\u00e2u t\u00fai. Ph\u1ea1m vi c\u00e2n: 5-50kg \u00a0\u00a0\u00a0<\/td><\/tr><tr><td><strong>M\u00e1y ph\u00e2n lo\u1ea1i g\u1ea1o tr\u1eafng<\/strong><br>Model: MMJP50X2 C\u00f4ng su\u1ea5t: 0.35kw \u00a0<\/td><td>D\u00f9ng \u0111\u1ec3 k\u1ebft n\u1ed1i t\u1ea5t c\u1ea3 c\u00e1c m\u00e1y ho\u1ea1t \u0111\u1ed9ng c\u00f9ng nhau<\/td><\/tr><tr><td><strong>\u1ed0ng h\u00fat b\u1ee5i, cyclone v\u00e0 c\u00e1c ph\u1ee5 ki\u1ec7n nh\u1ecf kh\u00e1c<\/strong><\/td><td>Lo\u1ea1i b\u1ecf b\u1ee5i, v\u1ecf tr\u1ea5u v\u00e0 c\u00e1c t\u1ea1p ch\u1ea5t nh\u1ecf kh\u00e1c<\/td><\/tr><tr><td><strong>Bu\u1ed3ng \u0111i\u1ec7n <\/strong>\u00a0<\/td><td>D\u1ec5 v\u1eadn h\u00e0nh v\u00e0 an to\u00e0n \u00a0<\/td><\/tr><tr><td><strong>D\u1ee5ng c\u1ee5<\/strong><\/td><td>D\u1ee5ng c\u1ee5 l\u1eafp \u0111\u1eb7t v\u00e0 b\u1ea3o tr\u00ec<\/td><\/tr><\/tbody><\/table><\/figure>    <h2 class=\"wp-block-heading\">L\u00fd do s\u1eed d\u1ee5ng m\u00e1y \u0111\u00e1nh b\u00f3ng n\u01b0\u1edbc<\/h2>    <ul class=\"wp-block-list\"> <li>M\u00e1y \u0111\u00e1nh b\u00f3ng n\u01b0\u1edbc v\u00e0 m\u00e1y xay x\u00e1t g\u1ea1o tr\u00f4ng r\u1ea5t gi\u1ed1ng nhau, \u0111i\u1ec3m kh\u00e1c ch\u00ednh l\u00e0 m\u00e1y \u0111\u00e1nh b\u00f3ng phun s\u01b0\u01a1ng n\u01b0\u1edbc \u0111\u01b0\u1ee3c trang b\u1ecb \u1ed1ng n\u01b0\u1edbc, b\u01a1m n\u01b0\u1edbc v\u00e0 th\u00f9ng ch\u1ee9a n\u01b0\u1edbc. <\/li>    <li>M\u00e1y xay x\u00e1t g\u1ea1o c\u00f3 th\u1ec3 s\u1eed d\u1ee5ng tr\u1ee5c s\u1eaft ho\u1eb7c tr\u1ee5c m\u00e0i, trong khi m\u00e1y \u0111\u00e1nh b\u00f3ng n\u01b0\u1edbc s\u1eed d\u1ee5ng tr\u1ee5c s\u1eaft. Ch\u1ee9c n\u0103ng ch\u00ednh l\u00e0 d\u00f9ng s\u01b0\u01a1ng n\u01b0\u1edbc m\u1ecbn \u0111\u1ec3 l\u00e0m g\u1ea1o m\u01b0\u1ee3t v\u00e0 tr\u1eafng h\u01a1n.<\/li> <\/ul>    <figure class=\"wp-block-gallery has-nested-images columns-default is-cropped wp-block-gallery-3 is-layout-flex wp-block-gallery-is-layout-flex\"> <figure class=\"wp-block-image size-large\"><img loading=\"lazy\" decoding=\"async\" width=\"720\" height=\"540\" data-id=\"15225\" src=\"https:\/\/www.agriculture-machine.com\/wp-content\/uploads\/2023\/11\/integrated-rice-milling-unit.webp\" alt=\"\u0110\u01a1n v\u1ecb xay x\u00e1t g\u1ea1o t\u00edch h\u1ee3p\" class=\"wp-image-15225\" srcset=\"https:\/\/www.agriculture-machine.com\/wp-content\/uploads\/2023\/11\/integrated-rice-milling-unit.webp 720w, https:\/\/www.agriculture-machine.com\/wp-content\/uploads\/2023\/11\/integrated-rice-milling-unit-360x270.webp 360w, https:\/\/www.agriculture-machine.com\/wp-content\/uploads\/2023\/11\/integrated-rice-milling-unit-240x180.webp 240w\" sizes=\"auto, (max-width: 720px) 100vw, 720px\" \/><figcaption class=\"wp-element-caption\">\u0110\u01a1n v\u1ecb xay x\u00e1t g\u1ea1o t\u00edch h\u1ee3p<\/figcaption><\/figure>    <figure class=\"wp-block-image size-large\"><img loading=\"lazy\" decoding=\"async\" width=\"720\" height=\"540\" data-id=\"15226\" src=\"https:\/\/www.agriculture-machine.com\/wp-content\/uploads\/2023\/11\/paddy-processing-unit-rice-mill.webp\" alt=\"\u0110\u01a1n v\u1ecb ch\u1ebf bi\u1ebfn g\u1ea1o t\u1ebb\" class=\"wp-image-15226\" srcset=\"https:\/\/www.agriculture-machine.com\/wp-content\/uploads\/2023\/11\/paddy-processing-unit-rice-mill.webp 720w, https:\/\/www.agriculture-machine.com\/wp-content\/uploads\/2023\/11\/paddy-processing-unit-rice-mill-360x270.webp 360w, https:\/\/www.agriculture-machine.com\/wp-content\/uploads\/2023\/11\/paddy-processing-unit-rice-mill-240x180.webp 240w\" sizes=\"auto, (max-width: 720px) 100vw, 720px\" \/><figcaption class=\"wp-element-caption\">\u0110\u01a1n v\u1ecb ch\u1ebf bi\u1ebfn g\u1ea1o t\u1ebb<\/figcaption><\/figure> <\/figure>    <h2 class=\"wp-block-heading\"><strong>Ch\u1ee9c n\u0103ng c\u1ee7a b\u00ecnh ch\u1ee9a l\u00e0 g\u00ec<\/strong><\/h2>    <ul class=\"wp-block-list\"> <li>V\u00ec m\u00e1y \u0111\u00f3ng g\u00f3i r\u1ea5t nhanh, c\u00f3 th\u1ec3 \u0111\u00f3ng g\u00f3i m\u1ed9t t\u00fai g\u1ea1o 50kg trong ch\u01b0a \u0111\u1ea7y m\u1ed9t ph\u00fat v\u00e0 do \u0111\u00f3 c\u00f3 th\u1ec3 \u0111\u00f3ng g\u00f3i ba t\u1ea5n g\u1ea1o m\u1ed7i gi\u1edd. M\u1ed9t d\u00e2y chuy\u1ec1n xay x\u00e1t 15TPD s\u1ea3n xu\u1ea5t 600kg g\u1ea1o tr\u1eafng m\u1ed7i gi\u1edd.<\/li>    <li>N\u1ebfu \u0111\u1eb7t m\u1ed9t b\u00ecnh ch\u1ee9a 3 t\u1ea5n tr\u01b0\u1edbc m\u00e1y \u0111\u00f3ng g\u00f3i, s\u1ebd m\u1ea5t 5 gi\u1edd \u0111\u1ec3 \u0111\u1ed5 \u0111\u1ea7y b\u00ecnh. Khi b\u00ecnh \u0111\u1ea7y, m\u00e1y \u0111\u00f3ng g\u00f3i s\u1ebd ho\u1ea1t \u0111\u1ed9ng v\u00e0 qu\u00e1 tr\u00ecnh \u0111\u00f3ng g\u00f3i b\u1eaft \u0111\u1ea7u. Nh\u01b0 v\u1eady, m\u00e1y \u0111\u00f3ng g\u00f3i kh\u00f4ng c\u1ea7n ho\u1ea1t \u0111\u1ed9ng li\u00ean t\u1ee5c v\u00e0 ng\u01b0\u1eddi v\u1eadn h\u00e0nh kh\u00f4ng c\u1ea7n c\u00f3 m\u1eb7t th\u01b0\u1eddng xuy\u00ean.<\/li> <\/ul>    <figure class=\"wp-block-gallery has-nested-images columns-default is-cropped wp-block-gallery-4 is-layout-flex wp-block-gallery-is-layout-flex\"> <figure class=\"wp-block-image size-large\"><img loading=\"lazy\" decoding=\"async\" width=\"720\" height=\"540\" data-id=\"15228\" src=\"https:\/\/www.agriculture-machine.com\/wp-content\/uploads\/2023\/11\/rice-mill-processing-unit.webp\" alt=\"\u0110\u01a1n v\u1ecb ch\u1ebf bi\u1ebfn g\u1ea1o\" class=\"wp-image-15228\" srcset=\"https:\/\/www.agriculture-machine.com\/wp-content\/uploads\/2023\/11\/rice-mill-processing-unit.webp 720w, https:\/\/www.agriculture-machine.com\/wp-content\/uploads\/2023\/11\/rice-mill-processing-unit-360x270.webp 360w, https:\/\/www.agriculture-machine.com\/wp-content\/uploads\/2023\/11\/rice-mill-processing-unit-240x180.webp 240w\" sizes=\"auto, (max-width: 720px) 100vw, 720px\" \/><figcaption class=\"wp-element-caption\">\u0110\u01a1n v\u1ecb ch\u1ebf bi\u1ebfn g\u1ea1o<\/figcaption><\/figure>    <figure class=\"wp-block-image size-large\"><img loading=\"lazy\" decoding=\"async\" width=\"720\" height=\"540\" data-id=\"15227\" src=\"https:\/\/www.agriculture-machine.com\/wp-content\/uploads\/2023\/11\/fully-automatic-rice-mill-plant-cost.webp\" alt=\"Chi ph\u00ed nh\u00e0 m\u00e1y xay x\u00e1t g\u1ea1o t\u1ef1 \u0111\u1ed9ng ho\u00e0n to\u00e0n\" class=\"wp-image-15227\" srcset=\"https:\/\/www.agriculture-machine.com\/wp-content\/uploads\/2023\/11\/fully-automatic-rice-mill-plant-cost.webp 720w, https:\/\/www.agriculture-machine.com\/wp-content\/uploads\/2023\/11\/fully-automatic-rice-mill-plant-cost-360x270.webp 360w, https:\/\/www.agriculture-machine.com\/wp-content\/uploads\/2023\/11\/fully-automatic-rice-mill-plant-cost-240x180.webp 240w\" sizes=\"auto, (max-width: 720px) 100vw, 720px\" \/><figcaption class=\"wp-element-caption\">Chi ph\u00ed nh\u00e0 m\u00e1y xay x\u00e1t g\u1ea1o t\u1ef1 \u0111\u1ed9ng ho\u00e0n to\u00e0n<\/figcaption><\/figure> <\/figure>    <h2 class=\"wp-block-heading\">B\u1ea3n v\u1ebd thi\u1ebft k\u1ebf tham kh\u1ea3o<\/h2>    <figure class=\"wp-block-image size-full\"><img loading=\"lazy\" decoding=\"async\" width=\"720\" height=\"540\" src=\"https:\/\/www.agriculture-machine.com\/wp-content\/uploads\/2023\/11\/rice-mill-line-installation-drawing.webp\" alt=\"B\u1ea3n v\u1ebd l\u1eafp \u0111\u1eb7t d\u00e2y chuy\u1ec1n xay x\u00e1t g\u1ea1o\" class=\"wp-image-15229\" srcset=\"https:\/\/www.agriculture-machine.com\/wp-content\/uploads\/2023\/11\/rice-mill-line-installation-drawing.webp 720w, https:\/\/www.agriculture-machine.com\/wp-content\/uploads\/2023\/11\/rice-mill-line-installation-drawing-360x270.webp 360w, https:\/\/www.agriculture-machine.com\/wp-content\/uploads\/2023\/11\/rice-mill-line-installation-drawing-240x180.webp 240w\" sizes=\"auto, (max-width: 720px) 100vw, 720px\" \/><figcaption class=\"wp-element-caption\">B\u1ea3n v\u1ebd l\u1eafp \u0111\u1eb7t d\u00e2y chuy\u1ec1n xay x\u00e1t g\u1ea1o<\/figcaption><\/figure>    <h2 class=\"wp-block-heading\">Showroom m\u00e1y m\u00f3c d\u00e2y chuy\u1ec1n xay x\u00e1t g\u1ea1o Taizy<\/h2>    <figure class=\"wp-block-gallery has-nested-images columns-2 is-cropped wp-block-gallery-5 is-layout-flex wp-block-gallery-is-layout-flex\"> <figure class=\"wp-block-image size-large\"><img loading=\"lazy\" decoding=\"async\" width=\"720\" height=\"540\" data-id=\"15231\" src=\"https:\/\/www.agriculture-machine.com\/wp-content\/uploads\/2023\/11\/paddy-processing-machine-factory.webp\" alt=\"Nh\u00e0 m\u00e1y ch\u1ebf bi\u1ebfn l\u00faa g\u1ea1o\" class=\"wp-image-15231\" srcset=\"https:\/\/www.agriculture-machine.com\/wp-content\/uploads\/2023\/11\/paddy-processing-machine-factory.webp 720w, https:\/\/www.agriculture-machine.com\/wp-content\/uploads\/2023\/11\/paddy-processing-machine-factory-360x270.webp 360w, https:\/\/www.agriculture-machine.com\/wp-content\/uploads\/2023\/11\/paddy-processing-machine-factory-240x180.webp 240w\" sizes=\"auto, (max-width: 720px) 100vw, 720px\" \/><figcaption class=\"wp-element-caption\">Nh\u00e0 m\u00e1y ch\u1ebf bi\u1ebfn l\u00faa g\u1ea1o<\/figcaption><\/figure>    <figure class=\"wp-block-image size-large\"><img loading=\"lazy\" decoding=\"async\" width=\"720\" height=\"540\" data-id=\"15230\" src=\"https:\/\/www.agriculture-machine.com\/wp-content\/uploads\/2023\/11\/complete-rice-milling-plant-machinery.webp\" alt=\"To\u00e0n b\u1ed9 m\u00e1y m\u00f3c nh\u00e0 m\u00e1y xay x\u00e1t g\u1ea1o\" class=\"wp-image-15230\" srcset=\"https:\/\/www.agriculture-machine.com\/wp-content\/uploads\/2023\/11\/complete-rice-milling-plant-machinery.webp 720w, https:\/\/www.agriculture-machine.com\/wp-content\/uploads\/2023\/11\/complete-rice-milling-plant-machinery-360x270.webp 360w, https:\/\/www.agriculture-machine.com\/wp-content\/uploads\/2023\/11\/complete-rice-milling-plant-machinery-240x180.webp 240w\" sizes=\"auto, (max-width: 720px) 100vw, 720px\" \/><figcaption class=\"wp-element-caption\">To\u00e0n b\u1ed9 m\u00e1y m\u00f3c nh\u00e0 m\u00e1y xay x\u00e1t g\u1ea1o<\/figcaption><\/figure>    <figure class=\"wp-block-image size-large\"><img loading=\"lazy\" decoding=\"async\" width=\"720\" height=\"540\" data-id=\"15232\" src=\"https:\/\/www.agriculture-machine.com\/wp-content\/uploads\/2023\/11\/rice-mill-line-factory.webp\" alt=\"Nh\u00e0 m\u00e1y d\u00e2y chuy\u1ec1n xay x\u00e1t g\u1ea1o\" class=\"wp-image-15232\" srcset=\"https:\/\/www.agriculture-machine.com\/wp-content\/uploads\/2023\/11\/rice-mill-line-factory.webp 720w, https:\/\/www.agriculture-machine.com\/wp-content\/uploads\/2023\/11\/rice-mill-line-factory-360x270.webp 360w, https:\/\/www.agriculture-machine.com\/wp-content\/uploads\/2023\/11\/rice-mill-line-factory-240x180.webp 240w\" sizes=\"auto, (max-width: 720px) 100vw, 720px\" \/><figcaption class=\"wp-element-caption\">Nh\u00e0 m\u00e1y d\u00e2y chuy\u1ec1n xay x\u00e1t g\u1ea1o<\/figcaption><\/figure>    <figure class=\"wp-block-image size-large\"><img loading=\"lazy\" decoding=\"async\" width=\"720\" height=\"540\" data-id=\"15233\" src=\"https:\/\/www.agriculture-machine.com\/wp-content\/uploads\/2023\/11\/rice-milling-plant-packing-and-shipping.webp\" alt=\"Bao b\u00ec v\u00e0 v\u1eadn chuy\u1ec3n nh\u00e0 m\u00e1y xay x\u00e1t g\u1ea1o\" class=\"wp-image-15233\" srcset=\"https:\/\/www.agriculture-machine.com\/wp-content\/uploads\/2023\/11\/rice-milling-plant-packing-and-shipping.webp 720w, https:\/\/www.agriculture-machine.com\/wp-content\/uploads\/2023\/11\/rice-milling-plant-packing-and-shipping-360x270.webp 360w, https:\/\/www.agriculture-machine.com\/wp-content\/uploads\/2023\/11\/rice-milling-plant-packing-and-shipping-240x180.webp 240w\" sizes=\"auto, (max-width: 720px) 100vw, 720px\" \/><figcaption class=\"wp-element-caption\">Bao b\u00ec v\u00e0 v\u1eadn chuy\u1ec3n nh\u00e0 m\u00e1y xay x\u00e1t g\u1ea1o<\/figcaption><\/figure> <\/figure>    <p>Welcome to the advanced production line of our upgraded rice mill line, which combines color sorting and packaging machines with a high-quality rice polisher with water and an intelligent bin, presenting you with the ultimate rice processing experience and demonstrating our company&#8217;s commitment to providing advanced technology and high-quality rice production process, we look forward to your visit and cooperation.<\/p>","protected":false},"excerpt":{"rendered":"<p>Welcome to our upgraded rice mill line&#8217;s advanced production plant, which combines color sorting and packaging machines with a high-standard water polishing machine and intelligent storage bin to provide you with the ultimate rice processing experience. High Standard 15TPD Rice Mill Line Structure 1. Necessary Parts : (you need to buy all ) Pre-cleaner&#8212; Destoner&#8212; [&hellip;]<\/p>\n","protected":false},"author":1,"featured_media":15234,"parent":0,"comment_status":"closed","ping_status":"closed","template":"","tags":[796],"product-type":[875,906],"class_list":["post-15220","product","type-product","status-publish","has-post-thumbnail","hentry","tag-rice","product-type-rice-mill-category","product-type-rice-mill-production-line"],"_links":{"self":[{"href":"https:\/\/www.agriculture-machine.com\/vi\/wp-json\/wp\/v2\/product\/15220","targetHints":{"allow":["GET"]}}],"collection":[{"href":"https:\/\/www.agriculture-machine.com\/vi\/wp-json\/wp\/v2\/product"}],"about":[{"href":"https:\/\/www.agriculture-machine.com\/vi\/wp-json\/wp\/v2\/types\/product"}],"author":[{"embeddable":true,"href":"https:\/\/www.agriculture-machine.com\/vi\/wp-json\/wp\/v2\/users\/1"}],"replies":[{"embeddable":true,"href":"https:\/\/www.agriculture-machine.com\/vi\/wp-json\/wp\/v2\/comments?post=15220"}],"wp:featuredmedia":[{"embeddable":true,"href":"https:\/\/www.agriculture-machine.com\/vi\/wp-json\/wp\/v2\/media\/15234"}],"wp:attachment":[{"href":"https:\/\/www.agriculture-machine.com\/vi\/wp-json\/wp\/v2\/media?parent=15220"}],"wp:term":[{"taxonomy":"post_tag","embeddable":true,"href":"https:\/\/www.agriculture-machine.com\/vi\/wp-json\/wp\/v2\/tags?post=15220"},{"taxonomy":"product-type","embeddable":true,"href":"https:\/\/www.agriculture-machine.com\/vi\/wp-json\/wp\/v2\/product-type?post=15220"}],"curies":[{"name":"wp","href":"https:\/\/api.w.org\/{rel}","templated":true}]}}