{"id":15261,"date":"2023-11-24T15:08:23","date_gmt":"2023-11-24T07:08:23","guid":{"rendered":"https:\/\/www.agriculture-machine.com\/?post_type=product&#038;p=15261"},"modified":"2024-09-18T15:43:43","modified_gmt":"2024-09-18T07:43:43","slug":"25tpd-rice-miller-unit","status":"publish","type":"product","link":"https:\/\/www.agriculture-machine.com\/vi\/25tpd-rice-miller-unit\/","title":{"rendered":"D\u00e2y chuy\u1ec1n ch\u1ebf bi\u1ebfn g\u1ea1o 25 t\u1ea5n\/ng\u00e0y kh\u00f4ng c\u00f3 khung th\u00e9p"},"content":{"rendered":"<p>G\u1ea7n \u0111\u00e2y, \u0111\u01a1n v\u1ecb xay g\u1ea1o m\u00e0 ch\u00fang t\u00f4i t\u1ef1 h\u00e0o c\u00f3 th\u1ec3 ch\u1ebf bi\u1ebfn 25 t\u1ea5n ng\u0169 c\u1ed1c m\u1ed7i ng\u00e0y \u0111\u00e3 \u0111\u01b0\u1ee3c ch\u00e0o b\u00e1n th\u00e0nh c\u00f4ng m\u1ed9t l\u1ea7n n\u1eefa. Kh\u00e1c v\u1edbi thi\u1ebft k\u1ebf truy\u1ec1n th\u1ed1ng, d\u00e2y chuy\u1ec1n s\u1ea3n xu\u1ea5t n\u00e0y c\u1ed1 \u00fd lo\u1ea1i b\u1ecf c\u1ea5u h\u00ecnh khung th\u00e9p, l\u00e0m cho to\u00e0n b\u1ed9 tr\u1edf n\u00ean g\u1ecdn g\u00e0ng v\u00e0 thu\u1eadn ti\u1ec7n h\u01a1n, th\u00edch \u1ee9ng v\u1edbi m\u1ecdi lo\u1ea1i h\u1ea1n ch\u1ebf v\u1ec1 kh\u00f4ng gian nh\u00e0 m\u00e1y.<\/p>    <figure class=\"wp-block-image size-full\"><img loading=\"lazy\" decoding=\"async\" width=\"720\" height=\"540\" src=\"https:\/\/www.agriculture-machine.com\/wp-content\/uploads\/2023\/11\/25TPD-rice-miller-unit-main-structure.webp\" alt=\"c\u1ea5u tr\u00fac ch\u00ednh c\u1ee7a \u0111\u01a1n v\u1ecb xay g\u1ea1o 25TPD\" class=\"wp-image-15274\" srcset=\"https:\/\/www.agriculture-machine.com\/wp-content\/uploads\/2023\/11\/25TPD-rice-miller-unit-main-structure.webp 720w, https:\/\/www.agriculture-machine.com\/wp-content\/uploads\/2023\/11\/25TPD-rice-miller-unit-main-structure-360x270.webp 360w, https:\/\/www.agriculture-machine.com\/wp-content\/uploads\/2023\/11\/25TPD-rice-miller-unit-main-structure-240x180.webp 240w\" sizes=\"auto, (max-width: 720px) 100vw, 720px\" \/><figcaption class=\"wp-element-caption\">c\u1ea5u tr\u00fac ch\u00ednh c\u1ee7a \u0111\u01a1n v\u1ecb xay g\u1ea1o 25TPD<\/figcaption><\/figure>    <p class=\"translation-block\">T\u1ea5t nhi\u00ean, ch\u00fang t\u00f4i c\u0169ng c\u00f3 d\u00e2y chuy\u1ec1n s\u1ea3n xu\u1ea5t t\u01b0\u01a1ng \u1ee9ng v\u1edbi c\u1ea5u tr\u00fac khung th\u00e9p, vui l\u00f2ng nh\u1ea5p \u0111\u1ec3 xem: <strong><a href=\"https:\/\/www.agriculture-machine.com\/vi\/25tpd-rice-milling-line\/\">25TPD D\u00e2y Chuy\u1ec1n Xay G\u1ea1o V\u1edbi Khung Th\u00e9p<\/a><\/strong>.<\/p>    <h2 class=\"wp-block-heading\">N\u0103m c\u1ea5u h\u00ecnh c\u1ee7a \u0111\u01a1n v\u1ecb xay g\u1ea1o<\/h2>    <p>Trong s\u1ed1 c\u00e1c d\u00e2y chuy\u1ec1n s\u1ea3n ph\u1ea9m m\u00e0 c\u00f4ng ty ch\u00fang t\u00f4i t\u1ef1 h\u00e0o, \u0111\u01a1n v\u1ecb xay g\u1ea1o c\u00f3 c\u00f4ng su\u1ea5t 25 t\u1ea5n m\u1ed7i ng\u00e0y kh\u00f4ng ch\u1ec9 n\u1ed5i ti\u1ebfng v\u1edbi s\u1ea3n l\u01b0\u1ee3ng cao m\u00e0 c\u00f2n \u0111\u01b0\u1ee3c kh\u00e1ch h\u00e0ng \u01b0a chu\u1ed9ng v\u00ec nhi\u1ec1u c\u1ea5u h\u00ecnh linh ho\u1ea1t \u0111\u1ec3 \u0111\u00e1p \u1ee9ng c\u00e1c nhu c\u1ea7u kh\u00e1c nhau. B\u1ea1n c\u00f3 th\u1ec3 ch\u1ecdn t\u1ea5t c\u1ea3 ch\u00fang theo nhu c\u1ea7u v\u00e0 ng\u00e2n s\u00e1ch c\u1ee7a b\u1ea1n.<\/p>    <p>N\u0103m s\u1ef1 k\u1ebft h\u1ee3p \u0111\u01b0\u1ee3c li\u1ec7t k\u00ea ng\u1eafn g\u1ecdn d\u01b0\u1edbi \u0111\u00e2y. T\u1ea5t nhi\u00ean, n\u1ebfu b\u1ea1n c\u00f3 \u00fd t\u01b0\u1edfng kh\u00e1c, h\u00e3y tho\u1ea3i m\u00e1i li\u00ean h\u1ec7 v\u1edbi ch\u00fang t\u00f4i v\u00e0 ch\u00fang t\u00f4i s\u1ebd \u0111\u1ec1 xu\u1ea5t t\u00f9y ch\u1ecdn ph\u00f9 h\u1ee3p nh\u1ea5t cho b\u1ea1n.<\/p>    <h3 class=\"wp-block-heading\">Lo\u1ea1i 1<\/h3>    <figure class=\"wp-block-gallery has-nested-images columns-default is-cropped wp-block-gallery-2 is-layout-flex wp-block-gallery-is-layout-flex\"> <figure class=\"wp-block-image size-large\"><img loading=\"lazy\" decoding=\"async\" width=\"720\" height=\"540\" data-id=\"15264\" src=\"https:\/\/www.agriculture-machine.com\/wp-content\/uploads\/2023\/11\/rice-millers-for-sale.webp\" alt=\"m\u00e1y xay g\u1ea1o \u0111\u1ec3 b\u00e1n\" class=\"wp-image-15264\" srcset=\"https:\/\/www.agriculture-machine.com\/wp-content\/uploads\/2023\/11\/rice-millers-for-sale.webp 720w, https:\/\/www.agriculture-machine.com\/wp-content\/uploads\/2023\/11\/rice-millers-for-sale-360x270.webp 360w, https:\/\/www.agriculture-machine.com\/wp-content\/uploads\/2023\/11\/rice-millers-for-sale-240x180.webp 240w\" sizes=\"auto, (max-width: 720px) 100vw, 720px\" \/><figcaption class=\"wp-element-caption\">m\u00e1y xay g\u1ea1o \u0111\u1ec3 b\u00e1n<\/figcaption><\/figure>    <figure class=\"wp-block-image size-large\"><img loading=\"lazy\" decoding=\"async\" width=\"720\" height=\"540\" data-id=\"15263\" src=\"https:\/\/www.agriculture-machine.com\/wp-content\/uploads\/2023\/11\/paddy-rice-process-equipment.webp\" alt=\"thi\u1ebft b\u1ecb ch\u1ebf bi\u1ebfn l\u00faa g\u1ea1o\" class=\"wp-image-15263\" srcset=\"https:\/\/www.agriculture-machine.com\/wp-content\/uploads\/2023\/11\/paddy-rice-process-equipment.webp 720w, https:\/\/www.agriculture-machine.com\/wp-content\/uploads\/2023\/11\/paddy-rice-process-equipment-360x270.webp 360w, https:\/\/www.agriculture-machine.com\/wp-content\/uploads\/2023\/11\/paddy-rice-process-equipment-240x180.webp 240w\" sizes=\"auto, (max-width: 720px) 100vw, 720px\" \/><figcaption class=\"wp-element-caption\">thi\u1ebft b\u1ecb ch\u1ebf bi\u1ebfn l\u00faa g\u1ea1o<\/figcaption><\/figure> <\/figure>    <p class=\"translation-block\">\u0110\u00e2y l\u00e0 m\u1ed9t s\u1ef1 k\u1ebft h\u1ee3p \u0111\u01a1n v\u1ecb xay g\u1ea1o t\u01b0\u01a1ng \u0111\u1ed1i \u0111\u01a1n gi\u1ea3n, v\u00e0 c\u00e1c m\u00e1y m\u00f3c bao g\u1ed3m trong to\u00e0n b\u1ed9 d\u00e2y chuy\u1ec1n l\u00e0, theo th\u1ee9 t\u1ef1, m\u1ed9t ph\u1ec5u c\u1ea5p li\u1ec7u, m\u1ed9t m\u00e1y t\u00e1ch \u0111\u00e1, m\u1ed9t m\u00e1y xay g\u1ea1o, m\u1ed9t m\u00e1y t\u00e1ch l\u00faa b\u1eb1ng tr\u1ecdng l\u1ef1c, hai m\u00e1y xay g\u1ea1o, v\u00e0 m\u1ed9t m\u00e1y ph\u00e2n lo\u1ea1i g\u1ea1o tr\u1eafng. C\u1ea5u h\u00ecnh t\u1ed5ng th\u1ec3 gi\u1ed1ng nh\u01b0 15T\/D (<a href=\"https:\/\/www.agriculture-machine.com\/vi\/rice-mill-production-line\/\"><strong>15TPD D\u00e2y Chuy\u1ec1n S\u1ea3n Xu\u1ea5t G\u1ea1o V\u1edbi M\u00e1y \u0110\u00e1nh B\u00f3ng V\u00e0 M\u00e1y Ph\u00e2n Lo\u1ea1i G\u1ea1o Tr\u1eafng<\/strong><\/a>), nh\u01b0ng k\u00edch th\u01b0\u1edbc c\u1ee7a m\u1ed7i m\u00e1y t\u01b0\u01a1ng \u1ee9ng l\u1edbn h\u01a1n.<\/p>    <h3 class=\"wp-block-heading\">nh\u00e0 m\u00e1y ch\u1ebf bi\u1ebfn g\u1ea1o ho\u00e0n ch\u1ec9nh<\/h3>    <figure class=\"wp-block-gallery has-nested-images columns-default is-cropped wp-block-gallery-3 is-layout-flex wp-block-gallery-is-layout-flex\"> <figure class=\"wp-block-image size-large\"><img loading=\"lazy\" decoding=\"async\" width=\"720\" height=\"540\" data-id=\"15266\" src=\"https:\/\/www.agriculture-machine.com\/wp-content\/uploads\/2023\/11\/white-rice-making-line.webp\" alt=\"d\u00e2y chuy\u1ec1n s\u1ea3n xu\u1ea5t g\u1ea1o tr\u1eafng\" class=\"wp-image-15266\" srcset=\"https:\/\/www.agriculture-machine.com\/wp-content\/uploads\/2023\/11\/white-rice-making-line.webp 720w, https:\/\/www.agriculture-machine.com\/wp-content\/uploads\/2023\/11\/white-rice-making-line-360x270.webp 360w, https:\/\/www.agriculture-machine.com\/wp-content\/uploads\/2023\/11\/white-rice-making-line-240x180.webp 240w\" sizes=\"auto, (max-width: 720px) 100vw, 720px\" \/><figcaption class=\"wp-element-caption\">d\u00e2y chuy\u1ec1n s\u1ea3n xu\u1ea5t g\u1ea1o tr\u1eafng<\/figcaption><\/figure>    <figure class=\"wp-block-image size-large\"><img loading=\"lazy\" decoding=\"async\" width=\"720\" height=\"540\" data-id=\"15265\" src=\"https:\/\/www.agriculture-machine.com\/wp-content\/uploads\/2023\/11\/rice-paddy-processing-plant.webp\" alt=\"nh\u00e0 m\u00e1y ch\u1ebf bi\u1ebfn l\u00faa g\u1ea1o\" class=\"wp-image-15265\" srcset=\"https:\/\/www.agriculture-machine.com\/wp-content\/uploads\/2023\/11\/rice-paddy-processing-plant.webp 720w, https:\/\/www.agriculture-machine.com\/wp-content\/uploads\/2023\/11\/rice-paddy-processing-plant-360x270.webp 360w, https:\/\/www.agriculture-machine.com\/wp-content\/uploads\/2023\/11\/rice-paddy-processing-plant-240x180.webp 240w\" sizes=\"auto, (max-width: 720px) 100vw, 720px\" \/><figcaption class=\"wp-element-caption\">nh\u00e0 m\u00e1y ch\u1ebf bi\u1ebfn l\u00faa g\u1ea1o<\/figcaption><\/figure> <\/figure>    <p class=\"translation-block\">Nh\u00f3m m\u00e1y n\u00e0y d\u1ef1a tr\u00ean <strong>Lo\u1ea1i 1<\/strong> v\u1edbi vi\u1ec7c b\u1ed5 sung m\u1ed9t m\u00e1y xay g\u1ea1o b\u1ed5 sung v\u00e0 m\u1ed9t m\u00e1y \u0111\u00e1nh b\u00f3ng, c\u0169ng nh\u01b0 m\u1ed9t m\u00e1y \u0111\u00f3ng g\u00f3i g\u1ea1o \u1edf cu\u1ed1i d\u00e2y chuy\u1ec1n.<\/p>    <h3 class=\"wp-block-heading\">nh\u00e0 m\u00e1y d\u00e2y chuy\u1ec1n xay g\u1ea1o hi\u1ec7n \u0111\u1ea1i<\/h3>    <figure class=\"wp-block-gallery has-nested-images columns-default is-cropped wp-block-gallery-4 is-layout-flex wp-block-gallery-is-layout-flex\"> <figure class=\"wp-block-image size-large\"><img loading=\"lazy\" decoding=\"async\" width=\"720\" height=\"540\" data-id=\"15267\" src=\"https:\/\/www.agriculture-machine.com\/wp-content\/uploads\/2023\/11\/automatic-rice-mill-production-line.webp\" alt=\"h\u1ec7 th\u1ed1ng xay g\u1ea1o\" class=\"wp-image-15267\" srcset=\"https:\/\/www.agriculture-machine.com\/wp-content\/uploads\/2023\/11\/automatic-rice-mill-production-line.webp 720w, https:\/\/www.agriculture-machine.com\/wp-content\/uploads\/2023\/11\/automatic-rice-mill-production-line-360x270.webp 360w, https:\/\/www.agriculture-machine.com\/wp-content\/uploads\/2023\/11\/automatic-rice-mill-production-line-240x180.webp 240w\" sizes=\"auto, (max-width: 720px) 100vw, 720px\" \/><figcaption class=\"wp-element-caption\">h\u1ec7 th\u1ed1ng xay g\u1ea1o<\/figcaption><\/figure>    <figure class=\"wp-block-image size-large\"><img loading=\"lazy\" decoding=\"async\" width=\"720\" height=\"540\" data-id=\"15268\" src=\"https:\/\/www.agriculture-machine.com\/wp-content\/uploads\/2023\/11\/rice-milling-system.webp\" alt=\"\u0111\u01a1n v\u1ecb xay g\u1ea1o\" class=\"wp-image-15268\" srcset=\"https:\/\/www.agriculture-machine.com\/wp-content\/uploads\/2023\/11\/rice-milling-system.webp 720w, https:\/\/www.agriculture-machine.com\/wp-content\/uploads\/2023\/11\/rice-milling-system-360x270.webp 360w, https:\/\/www.agriculture-machine.com\/wp-content\/uploads\/2023\/11\/rice-milling-system-240x180.webp 240w\" sizes=\"auto, (max-width: 720px) 100vw, 720px\" \/><figcaption class=\"wp-element-caption\">\u0111\u01a1n v\u1ecb xay g\u1ea1o<\/figcaption><\/figure> <\/figure>    <p class=\"translation-block\">S\u1ef1 k\u1ebft h\u1ee3p c\u1ee7a \u0111\u01a1n v\u1ecb xay g\u1ea1o n\u00e0y c\u0169ng t\u01b0\u01a1ng \u0111\u1ed1i \u0111\u01a1n gi\u1ea3n, ch\u1ec9 c\u1ea7n th\u00eam m\u1ed9t m\u00e1y ph\u00e2n lo\u1ea1i m\u00e0u v\u00e0 m\u00e1y \u0111\u00f3ng g\u00f3i \u1edf cu\u1ed1i <strong>Lo\u1ea1i 1<\/strong>. Trong s\u1ed1 \u0111\u00f3, m\u00e1y ph\u00e2n lo\u1ea1i m\u00e0u ph\u00e1t hi\u1ec7n m\u00e0u s\u1eafc v\u00e0 h\u00ecnh d\u1ea1ng c\u1ee7a g\u1ea1o b\u1eb1ng c\u00e1ch s\u1eed d\u1ee5ng m\u1ed9t h\u1ec7 th\u1ed1ng quang h\u1ecdc th\u00f4ng minh cao, t\u1eeb \u0111\u00f3 cho ph\u00e9p lo\u1ea1i b\u1ecf g\u1ea1o kh\u00f4ng \u0111\u1ea1t ti\u00eau chu\u1ea9n, \u0111\u1ed1m m\u00e0u, v\u1eadt th\u1ec3 l\u1ea1 v\u00e0 c\u00e1c lo\u1ea1i g\u1ea1o c\u00f3 v\u1ea5n \u0111\u1ec1 kh\u00e1c.<\/p>    <h3 class=\"wp-block-heading\">m\u00e1y \u0111\u00e1nh b\u00f3ng n\u01b0\u1edbc, m\u00e1y ph\u00e2n lo\u1ea1i m\u00e0u<\/h3>    <figure class=\"wp-block-gallery has-nested-images columns-default is-cropped wp-block-gallery-5 is-layout-flex wp-block-gallery-is-layout-flex\"> <figure class=\"wp-block-image size-large\"><img loading=\"lazy\" decoding=\"async\" width=\"720\" height=\"540\" data-id=\"15269\" src=\"https:\/\/www.agriculture-machine.com\/wp-content\/uploads\/2023\/11\/rice-miller-unit.webp\" alt=\"d\u00e2y chuy\u1ec1n ch\u1ebf bi\u1ebfn g\u1ea1o t\u00edch h\u1ee3p\" class=\"wp-image-15269\" srcset=\"https:\/\/www.agriculture-machine.com\/wp-content\/uploads\/2023\/11\/rice-miller-unit.webp 720w, https:\/\/www.agriculture-machine.com\/wp-content\/uploads\/2023\/11\/rice-miller-unit-360x270.webp 360w, https:\/\/www.agriculture-machine.com\/wp-content\/uploads\/2023\/11\/rice-miller-unit-240x180.webp 240w\" sizes=\"auto, (max-width: 720px) 100vw, 720px\" \/><figcaption class=\"wp-element-caption\">d\u00e2y chuy\u1ec1n ch\u1ebf bi\u1ebfn g\u1ea1o t\u00edch h\u1ee3p<\/figcaption><\/figure>    <figure class=\"wp-block-image size-large\"><img loading=\"lazy\" decoding=\"async\" width=\"720\" height=\"540\" data-id=\"15270\" src=\"https:\/\/www.agriculture-machine.com\/wp-content\/uploads\/2023\/11\/water-polisher-color-sorter.webp\" alt=\"nh\u00e0 m\u00e1y ch\u1ebf bi\u1ebfn l\u00faa v\u00e0 g\u1ea1o\" class=\"wp-image-15270\" srcset=\"https:\/\/www.agriculture-machine.com\/wp-content\/uploads\/2023\/11\/water-polisher-color-sorter.webp 720w, https:\/\/www.agriculture-machine.com\/wp-content\/uploads\/2023\/11\/water-polisher-color-sorter-360x270.webp 360w, https:\/\/www.agriculture-machine.com\/wp-content\/uploads\/2023\/11\/water-polisher-color-sorter-240x180.webp 240w\" sizes=\"auto, (max-width: 720px) 100vw, 720px\" \/><figcaption class=\"wp-element-caption\">nh\u00e0 m\u00e1y ch\u1ebf bi\u1ebfn l\u00faa v\u00e0 g\u1ea1o<\/figcaption><\/figure> <\/figure>    <p class=\"translation-block\">C\u1ea5u h\u00ecnh n\u00e0y x\u00e2y d\u1ef1ng tr\u00ean <strong>Lo\u1ea1i 1<\/strong> b\u1eb1ng c\u00e1ch th\u00eam m\u1ed9t m\u00e1y \u0111\u00e1nh b\u00f3ng n\u01b0\u1edbc ngay sau m\u00e1y xay g\u1ea1o, c\u1ed9ng v\u1edbi thi\u1ebft b\u1ecb ph\u00e2n lo\u1ea1i m\u00e0u v\u00e0 \u0111\u00f3ng g\u00f3i ngay sau m\u00e1y ph\u00e2n lo\u1ea1i g\u1ea1o tr\u1eafng (chi ti\u1ebft v\u1ec1 c\u00e1c m\u00e1y b\u1ed5 sung \u0111\u01b0\u1ee3c hi\u1ec3n th\u1ecb b\u00ean ph\u1ea3i).<\/p>    <h3 class=\"wp-block-heading\">D\u1ecbch v\u1ee5 v\u1ebd thi\u1ebft k\u1ebf<\/h3>    <figure class=\"wp-block-gallery has-nested-images columns-default is-cropped wp-block-gallery-6 is-layout-flex wp-block-gallery-is-layout-flex\"> <figure class=\"wp-block-image size-large\"><img loading=\"lazy\" decoding=\"async\" width=\"720\" height=\"540\" data-id=\"15271\" src=\"https:\/\/www.agriculture-machine.com\/wp-content\/uploads\/2023\/11\/integrated-rice-processsing-line.webp\" alt=\"Sau khi nh\u1eadn \u0111\u01b0\u1ee3c ti\u1ec1n \u0111\u1eb7t c\u1ecdc, b\u1ea1n c\u00f3 th\u1ec3 g\u1eedi cho ch\u00fang t\u00f4i b\u1ea3n v\u1ebd b\u1ed1 tr\u00ed x\u01b0\u1edfng s\u1ea3n xu\u1ea5t. Ch\u00fang t\u00f4i s\u1ebd y\u00eau c\u1ea7u c\u00e1c k\u1ef9 s\u01b0 c\u1ee7a m\u00ecnh v\u1ebd to\u00e0n b\u1ed9 thi\u1ebft k\u1ebf \u0111\u01a1n v\u1ecb xay g\u1ea1o theo k\u00edch th\u01b0\u1edbc x\u01b0\u1edfng c\u1ee7a b\u1ea1n. M\u1ed9t b\u1ea3n v\u1ebd v\u00ed d\u1ee5 \u0111\u01b0\u1ee3c \u0111\u01b0a ra d\u01b0\u1edbi \u0111\u00e2y.\" class=\"wp-image-15271\" srcset=\"https:\/\/www.agriculture-machine.com\/wp-content\/uploads\/2023\/11\/integrated-rice-processsing-line.webp 720w, https:\/\/www.agriculture-machine.com\/wp-content\/uploads\/2023\/11\/integrated-rice-processsing-line-360x270.webp 360w, https:\/\/www.agriculture-machine.com\/wp-content\/uploads\/2023\/11\/integrated-rice-processsing-line-240x180.webp 240w\" sizes=\"auto, (max-width: 720px) 100vw, 720px\" \/><figcaption class=\"wp-element-caption\">Sau khi nh\u1eadn \u0111\u01b0\u1ee3c ti\u1ec1n \u0111\u1eb7t c\u1ecdc, b\u1ea1n c\u00f3 th\u1ec3 g\u1eedi cho ch\u00fang t\u00f4i b\u1ea3n v\u1ebd b\u1ed1 tr\u00ed x\u01b0\u1edfng s\u1ea3n xu\u1ea5t. Ch\u00fang t\u00f4i s\u1ebd y\u00eau c\u1ea7u c\u00e1c k\u1ef9 s\u01b0 c\u1ee7a m\u00ecnh v\u1ebd to\u00e0n b\u1ed9 thi\u1ebft k\u1ebf \u0111\u01a1n v\u1ecb xay g\u1ea1o theo k\u00edch th\u01b0\u1edbc x\u01b0\u1edfng c\u1ee7a b\u1ea1n. M\u1ed9t b\u1ea3n v\u1ebd v\u00ed d\u1ee5 \u0111\u01b0\u1ee3c \u0111\u01b0a ra d\u01b0\u1edbi \u0111\u00e2y.<\/figcaption><\/figure>    <figure class=\"wp-block-image size-large\"><img loading=\"lazy\" decoding=\"async\" width=\"720\" height=\"540\" data-id=\"15272\" src=\"https:\/\/www.agriculture-machine.com\/wp-content\/uploads\/2023\/11\/paddy-and-rice-processing-mills.webp\" alt=\"b\u1ea3n v\u1ebd l\u1eafp \u0111\u1eb7t \u0111\u01a1n v\u1ecb xay g\u1ea1o\" class=\"wp-image-15272\" srcset=\"https:\/\/www.agriculture-machine.com\/wp-content\/uploads\/2023\/11\/paddy-and-rice-processing-mills.webp 720w, https:\/\/www.agriculture-machine.com\/wp-content\/uploads\/2023\/11\/paddy-and-rice-processing-mills-360x270.webp 360w, https:\/\/www.agriculture-machine.com\/wp-content\/uploads\/2023\/11\/paddy-and-rice-processing-mills-240x180.webp 240w\" sizes=\"auto, (max-width: 720px) 100vw, 720px\" \/><figcaption class=\"wp-element-caption\">b\u1ea3n v\u1ebd l\u1eafp \u0111\u1eb7t \u0111\u01a1n v\u1ecb xay g\u1ea1o<\/figcaption><\/figure> <\/figure>    <p class=\"translation-block\">B\u1ed9 n\u00e0y t\u01b0\u01a1ng t\u1ef1 nh\u01b0 c\u1ea5u h\u00ecnh <strong>Lo\u1ea1i 4<\/strong>, v\u1edbi s\u1ef1 kh\u00e1c bi\u1ec7t l\u00e0 th\u1ee9 t\u1ef1 s\u1eafp x\u1ebfp c\u1ee7a m\u1ed9t s\u1ed1 m\u00e1y \u0111\u00e3 \u0111\u01b0\u1ee3c ho\u00e1n \u0111\u1ed5i. M\u00e1y ph\u00e2n lo\u1ea1i m\u00e0u \u0111\u01b0\u1ee3c \u0111\u1eb7t sau m\u00e1y xay g\u1ea1o \u0111\u1ea7u ti\u00ean, m\u00e1y \u0111\u00e1nh b\u00f3ng s\u01b0\u01a1ng m\u00f9 n\u01b0\u1edbc \u0111\u01b0\u1ee3c \u0111\u1eb7t sau m\u00e1y ph\u00e2n lo\u1ea1i g\u1ea1o tr\u1eafng, v\u00e0 m\u1ed9t th\u00f9ng ch\u1ee9a l\u01b0u tr\u1eef b\u1ed5 sung \u0111\u01b0\u1ee3c th\u00eam ngay sau \u0111\u00f3 \u0111\u1ec3 ng\u0103n t\u1ed1c \u0111\u1ed9 xay kh\u00f4ng theo k\u1ecbp m\u00e1y \u0111\u00f3ng g\u00f3i.<\/p>    <h2 class=\"wp-block-heading\">D\u1ef1a tr\u00ean n\u0103m s\u1ef1 k\u1ebft h\u1ee3p \u0111\u01a1n v\u1ecb xay g\u1ea1o kh\u00e1c nhau \u1edf tr\u00ean, d\u1ec5 d\u00e0ng nh\u1eadn th\u1ea5y r\u1eb1ng c\u00e1c t\u00f9y ch\u1ecdn c\u1ee7a b\u1ea1n c\u00f3 th\u1ec3 r\u1ea5t linh ho\u1ea1t khi mua m\u1ed9t m\u00e1y \u0111\u1ec3 ch\u1ebf bi\u1ebfn g\u1ea1o. B\u1ea1n c\u00f3 th\u1ec3 ch\u1ecdn c\u00f3 hay kh\u00f4ng mua m\u1ed9t s\u1ed1 m\u00e1y b\u1ed5 sung nh\u1ea5t \u0111\u1ecbnh, v\u00e0 b\u1ea1n c\u0169ng c\u00f3 th\u1ec3 \u0111i\u1ec1u ch\u1ec9nh m\u1ed9t s\u1ed1 m\u00e1y \u0111\u1ec3 ph\u00f9 h\u1ee3p v\u1edbi s\u1edf th\u00edch c\u1ee7a b\u1ea1n. S\u1ef1 linh ho\u1ea1t n\u00e0y cho ph\u00e9p d\u00e2y chuy\u1ec1n \u0111\u00e1p \u1ee9ng c\u00e1c t\u00ecnh hu\u1ed1ng s\u1ea3n xu\u1ea5t g\u1ea1o v\u1edbi c\u00e1c y\u00eau c\u1ea7u ch\u1ebf bi\u1ebfn kh\u00e1c nhau.<\/h2>    <p>d\u00e2y chuy\u1ec1n xay g\u1ea1o 25TPD<\/p>    <figure class=\"wp-block-image size-full\"><img loading=\"lazy\" decoding=\"async\" width=\"720\" height=\"540\" src=\"https:\/\/www.agriculture-machine.com\/wp-content\/uploads\/2023\/11\/rice-miller-unit-installation-drawing.webp\" alt=\"G\u1ea7n \u0111\u00e2y, \u0111\u01a1n v\u1ecb xay g\u1ea1o m\u00e0 ch\u00fang t\u00f4i t\u1ef1 h\u00e0o c\u00f3 th\u1ec3 ch\u1ebf bi\u1ebfn 25 t\u1ea5n ng\u0169 c\u1ed1c m\u1ed7i ng\u00e0y \u0111\u00e3 \u0111\u01b0\u1ee3c ch\u00e0o b\u00e1n th\u00e0nh c\u00f4ng m\u1ed9t l\u1ea7n n\u1eefa. D\u00e2y chuy\u1ec1n n\u00e0y lo\u1ea1i b\u1ecf c\u1ea5u h\u00ecnh khung th\u00e9p, l\u00e0m cho to\u00e0n b\u1ed9 tr\u1edf n\u00ean g\u1ecdn g\u00e0ng v\u00e0 thu\u1eadn ti\u1ec7n h\u01a1n, th\u00edch \u1ee9ng v\u1edbi m\u1ecdi lo\u1ea1i h\u1ea1n ch\u1ebf v\u1ec1 kh\u00f4ng gian nh\u00e0 m\u00e1y.\" class=\"wp-image-15273\" srcset=\"https:\/\/www.agriculture-machine.com\/wp-content\/uploads\/2023\/11\/rice-miller-unit-installation-drawing.webp 720w, https:\/\/www.agriculture-machine.com\/wp-content\/uploads\/2023\/11\/rice-miller-unit-installation-drawing-360x270.webp 360w, https:\/\/www.agriculture-machine.com\/wp-content\/uploads\/2023\/11\/rice-miller-unit-installation-drawing-240x180.webp 240w\" sizes=\"auto, (max-width: 720px) 100vw, 720px\" \/><figcaption class=\"wp-element-caption\">G\u1ea7n \u0111\u00e2y, \u0111\u01a1n v\u1ecb xay g\u1ea1o m\u00e0 ch\u00fang t\u00f4i t\u1ef1 h\u00e0o c\u00f3 th\u1ec3 ch\u1ebf bi\u1ebfn 25 t\u1ea5n ng\u0169 c\u1ed1c m\u1ed7i ng\u00e0y \u0111\u00e3 \u0111\u01b0\u1ee3c ch\u00e0o b\u00e1n th\u00e0nh c\u00f4ng m\u1ed9t l\u1ea7n n\u1eefa. D\u00e2y chuy\u1ec1n n\u00e0y lo\u1ea1i b\u1ecf c\u1ea5u h\u00ecnh khung th\u00e9p, l\u00e0m cho to\u00e0n b\u1ed9 tr\u1edf n\u00ean g\u1ecdn g\u00e0ng v\u00e0 thu\u1eadn ti\u1ec7n h\u01a1n, th\u00edch \u1ee9ng v\u1edbi m\u1ecdi lo\u1ea1i h\u1ea1n ch\u1ebf v\u1ec1 kh\u00f4ng gian nh\u00e0 m\u00e1y.<\/figcaption><\/figure>    <p>Based on the five different rice miller unit combinations above, it&#8217;s easy to see that your options can be very flexible when it comes to purchasing a machine to process rice. You can choose whether or not to purchase certain additional machines, and you can also adjust some of the machines to suit your preferences. This versatility allows the line to meet rice production scenarios with different processing requirements.<\/p>    <p class=\"translation-block\">\u0110\u1ec3 bi\u1ebft th\u00eam c\u00e1c c\u1ea5u h\u00ecnh d\u00e2y chuy\u1ec1n s\u1ea3n xu\u1ea5t xay g\u1ea1o, vui l\u00f2ng truy c\u1eadp trang web n\u00e0y: <a href=\"https:\/\/www.agriculture-machine.com\/vi\/rice-mill-category\/\"><strong>https:\/\/www.agriculture-machine.com\/rice-mill-category\/<\/strong><\/a>, v\u00e0 h\u00e3y tho\u1ea3i m\u00e1i li\u00ean h\u1ec7 v\u1edbi ch\u00fang t\u00f4i \u0111\u1ec3 t\u01b0 v\u1ea5n v\u00e0 b\u00e1o gi\u00e1.<\/p>","protected":false},"excerpt":{"rendered":"<p>Recently, our proud rice miller unit that can process 25 tons of grain per day has been successfully offered for sale again. Different from the traditional design, this production line purposely removes the steel frame configuration, making the whole more compact and convenient, adapting to all kinds of plant space limitations. Of course, we also [&hellip;]<\/p>\n","protected":false},"author":1,"featured_media":15262,"parent":0,"comment_status":"closed","ping_status":"closed","template":"","tags":[796],"product-type":[875,906],"class_list":["post-15261","product","type-product","status-publish","has-post-thumbnail","hentry","tag-rice","product-type-rice-mill-category","product-type-rice-mill-production-line"],"_links":{"self":[{"href":"https:\/\/www.agriculture-machine.com\/vi\/wp-json\/wp\/v2\/product\/15261","targetHints":{"allow":["GET"]}}],"collection":[{"href":"https:\/\/www.agriculture-machine.com\/vi\/wp-json\/wp\/v2\/product"}],"about":[{"href":"https:\/\/www.agriculture-machine.com\/vi\/wp-json\/wp\/v2\/types\/product"}],"author":[{"embeddable":true,"href":"https:\/\/www.agriculture-machine.com\/vi\/wp-json\/wp\/v2\/users\/1"}],"replies":[{"embeddable":true,"href":"https:\/\/www.agriculture-machine.com\/vi\/wp-json\/wp\/v2\/comments?post=15261"}],"wp:featuredmedia":[{"embeddable":true,"href":"https:\/\/www.agriculture-machine.com\/vi\/wp-json\/wp\/v2\/media\/15262"}],"wp:attachment":[{"href":"https:\/\/www.agriculture-machine.com\/vi\/wp-json\/wp\/v2\/media?parent=15261"}],"wp:term":[{"taxonomy":"post_tag","embeddable":true,"href":"https:\/\/www.agriculture-machine.com\/vi\/wp-json\/wp\/v2\/tags?post=15261"},{"taxonomy":"product-type","embeddable":true,"href":"https:\/\/www.agriculture-machine.com\/vi\/wp-json\/wp\/v2\/product-type?post=15261"}],"curies":[{"name":"wp","href":"https:\/\/api.w.org\/{rel}","templated":true}]}}