{"id":15278,"date":"2023-11-24T17:17:45","date_gmt":"2023-11-24T09:17:45","guid":{"rendered":"https:\/\/www.agriculture-machine.com\/?post_type=product&#038;p=15278"},"modified":"2024-09-18T15:44:15","modified_gmt":"2024-09-18T07:44:15","slug":"25tpd-rice-milling-line","status":"publish","type":"product","link":"https:\/\/www.agriculture-machine.com\/vi\/25tpd-rice-milling-line\/","title":{"rendered":"D\u00e2y chuy\u1ec1n xay x\u00e1t g\u1ea1o 25TPD v\u1edbi khung th\u00e9p"},"content":{"rendered":"<p>C\u00f4ng ty Taizy cung c\u1ea5p d\u00e2y chuy\u1ec1n xay g\u1ea1o c\u00f4ng su\u1ea5t 25 t\u1ea5n m\u1ed7i ng\u00e0y v\u1edbi c\u1ea5u h\u00ecnh khung th\u00e9p ch\u1eafc ch\u1eafn, \u0111\u01b0\u1ee3c thi\u1ebft k\u1ebf \u0111\u1ec3 cung c\u1ea5p gi\u1ea3i ph\u00e1p hi\u1ec7u qu\u1ea3 v\u00e0 \u0111\u00e1ng tin c\u1eady cho s\u1ea3n xu\u1ea5t g\u1ea1o c\u1ee7a b\u1ea1n. C\u00f4ng su\u1ea5t 25 t\u1ea5n\/ng\u00e0y \u0111\u1ea3m b\u1ea3o b\u1ea1n c\u00f3 th\u1ec3 \u0111\u00e1p \u1ee9ng nhu c\u1ea7u xay x\u00e1t g\u1ea1o quy m\u00f4 l\u1edbn cho c\u1ea3 nh\u00e0 s\u1ea3n xu\u1ea5t g\u1ea1o trung b\u00ecnh v\u00e0 l\u1edbn.<\/p>    <figure class=\"wp-block-image size-full\"><img loading=\"lazy\" decoding=\"async\" width=\"720\" height=\"540\" src=\"https:\/\/www.agriculture-machine.com\/wp-content\/uploads\/2023\/11\/rice-milling-line-with-frame-structure.webp\" alt=\"C\u00f4ng ty Taizy cung c\u1ea5p d\u00e2y chuy\u1ec1n xay g\u1ea1o c\u00f4ng su\u1ea5t 25 t\u1ea5n\/ng\u00e0y v\u1edbi c\u1ea5u h\u00ecnh khung th\u00e9p ch\u1eafc ch\u1eafn, \u0111\u01b0\u1ee3c thi\u1ebft k\u1ebf \u0111\u1ec3 cung c\u1ea5p gi\u1ea3i ph\u00e1p hi\u1ec7u qu\u1ea3 v\u00e0 \u0111\u00e1ng tin c\u1eady cho s\u1ea3n xu\u1ea5t g\u1ea1o c\u1ee7a b\u1ea1n.\" class=\"wp-image-15282\" srcset=\"https:\/\/www.agriculture-machine.com\/wp-content\/uploads\/2023\/11\/rice-milling-line-with-frame-structure.webp 720w, https:\/\/www.agriculture-machine.com\/wp-content\/uploads\/2023\/11\/rice-milling-line-with-frame-structure-360x270.webp 360w, https:\/\/www.agriculture-machine.com\/wp-content\/uploads\/2023\/11\/rice-milling-line-with-frame-structure-240x180.webp 240w\" sizes=\"auto, (max-width: 720px) 100vw, 720px\" \/><figcaption class=\"wp-element-caption\">d\u00e2y chuy\u1ec1n xay g\u1ea1o khung th\u00e9p<\/figcaption><\/figure>    <p class=\"translation-block\">Trong khi \u0111\u00f3, ch\u00fang t\u00f4i c\u0169ng c\u00f3 d\u00e2y chuy\u1ec1n s\u1ea3n xu\u1ea5t t\u01b0\u01a1ng t\u1ef1 kh\u00f4ng c\u00f3 khung th\u00e9p, vui l\u00f2ng nh\u1ea5p \u0111\u1ec3 xem: <strong><a href=\"https:\/\/www.agriculture-machine.com\/vi\/25tpd-rice-miller-unit\/\">D\u00e2y chuy\u1ec1n xay g\u1ea1o 25 t\u1ea5n\/ng\u00e0y kh\u00f4ng c\u00f3 khung th\u00e9p<\/a><\/strong>.<\/p>    <h2 class=\"wp-block-heading\">This Paddy Processing Line&#8217;s Main Features<\/h2>    <ul class=\"wp-block-list\"> <li><strong>Khung th\u00e9p v\u1eefng ch\u1eafc:<\/strong> Thi\u1ebft k\u1ebf b\u1eb1ng th\u00e9p ch\u1ea5t l\u01b0\u1ee3ng cao, c\u1ea5u tr\u00fac v\u1eefng ch\u1eafc v\u00e0 b\u1ec1n b\u1ec9, \u0111\u1ea3m b\u1ea3o s\u1ef1 \u1ed5n \u0111\u1ecbnh v\u00e0 \u0111\u1ed9 tin c\u1eady l\u00e2u d\u00e0i c\u1ee7a to\u00e0n b\u1ed9 d\u00e2y chuy\u1ec1n s\u1ea3n xu\u1ea5t.<\/li>    <li><strong>T\u00f9y bi\u1ebfn cao:<\/strong> B\u1ea1n c\u00f3 th\u1ec3 ch\u1ecdn c\u1ea5u h\u00ecnh ph\u00f9 h\u1ee3p theo quy m\u00f4 s\u1ea3n xu\u1ea5t v\u00e0 y\u00eau c\u1ea7u c\u1ee7a m\u00ecnh, cho ph\u00e9p t\u00f9y bi\u1ebfn c\u00e1 nh\u00e2n cao c\u1ee7a d\u00e2y chuy\u1ec1n xay x\u00e1t g\u1ea1o.<\/li>    <li><strong>Ti\u1ebft ki\u1ec7m kh\u00f4ng gian:<\/strong> C\u1ea5u tr\u00fac khung th\u00e9p nh\u1ecf g\u1ecdn v\u00e0 v\u1eefng ch\u1eafc kh\u00f4ng ch\u1ec9 cung c\u1ea5p h\u1ed7 tr\u1ee3 v\u1eefng ch\u1eafc m\u00e0 c\u00f2n t\u1eadn d\u1ee5ng hi\u1ec7u qu\u1ea3 kh\u00f4ng gian nh\u00e0 m\u00e1y \u0111\u1ec3 \u0111\u1ea3m b\u1ea3o b\u1ed1 tr\u00ed thi\u1ebft b\u1ecb hi\u1ec7u qu\u1ea3.<\/li>    <li><strong>C\u1ea5u h\u00ecnh linh ho\u1ea1t:<\/strong> It can be customized according to the customer&#8217;s needs, including components such as rice milling machine type, polishing machine, color sorter, etc. to meet different rice milling requirements.<\/li> <\/ul>    <figure class=\"wp-block-gallery has-nested-images columns-default is-cropped wp-block-gallery-2 is-layout-flex wp-block-gallery-is-layout-flex\"> <figure class=\"wp-block-image size-large\"><img loading=\"lazy\" decoding=\"async\" width=\"720\" height=\"540\" data-id=\"15280\" src=\"https:\/\/www.agriculture-machine.com\/wp-content\/uploads\/2023\/11\/paddy-mill-production-line.webp\" alt=\"h\u1ec7 th\u1ed1ng s\u1ea3n xu\u1ea5t l\u00faa\" class=\"wp-image-15280\" srcset=\"https:\/\/www.agriculture-machine.com\/wp-content\/uploads\/2023\/11\/paddy-mill-production-line.webp 720w, https:\/\/www.agriculture-machine.com\/wp-content\/uploads\/2023\/11\/paddy-mill-production-line-360x270.webp 360w, https:\/\/www.agriculture-machine.com\/wp-content\/uploads\/2023\/11\/paddy-mill-production-line-240x180.webp 240w\" sizes=\"auto, (max-width: 720px) 100vw, 720px\" \/><figcaption class=\"wp-element-caption\">h\u1ec7 th\u1ed1ng s\u1ea3n xu\u1ea5t l\u00faa<\/figcaption><\/figure>    <figure class=\"wp-block-image size-large\"><img loading=\"lazy\" decoding=\"async\" width=\"720\" height=\"540\" data-id=\"15281\" src=\"https:\/\/www.agriculture-machine.com\/wp-content\/uploads\/2023\/11\/paddy-rice-processing-system.webp\" alt=\"h\u1ec7 th\u1ed1ng x\u1eed l\u00fd l\u00faa\" class=\"wp-image-15281\" srcset=\"https:\/\/www.agriculture-machine.com\/wp-content\/uploads\/2023\/11\/paddy-rice-processing-system.webp 720w, https:\/\/www.agriculture-machine.com\/wp-content\/uploads\/2023\/11\/paddy-rice-processing-system-360x270.webp 360w, https:\/\/www.agriculture-machine.com\/wp-content\/uploads\/2023\/11\/paddy-rice-processing-system-240x180.webp 240w\" sizes=\"auto, (max-width: 720px) 100vw, 720px\" \/><figcaption class=\"wp-element-caption\">h\u1ec7 th\u1ed1ng x\u1eed l\u00fd l\u00faa<\/figcaption><\/figure> <\/figure>    <p>N\u1ec1n t\u1ea3ng c\u01a1 b\u1ea3n \u0111\u01b0\u1ee3c t\u00edch h\u1ee3p chi\u1ebfn l\u01b0\u1ee3c \u0111\u1ec3 \u0111\u1ea3m b\u1ea3o t\u1ea5t c\u1ea3 c\u00e1c m\u00e1y ho\u1ea1t \u0111\u1ed9ng li\u1ec1n m\u1ea1ch c\u00f9ng c\u1ea5p. \u0110i\u1ec1u n\u00e0y kh\u00f4ng ch\u1ec9 th\u00fac \u0111\u1ea9y quy tr\u00ecnh l\u00e0m vi\u1ec7c h\u00e0i h\u00f2a m\u00e0 c\u00f2n t\u1ea1o \u0111i\u1ec1u ki\u1ec7n k\u1ebft n\u1ed1i hi\u1ec7u qu\u1ea3 gi\u1eefa c\u00e1c th\u00e0nh ph\u1ea7n kh\u00e1c nhau. N\u1ec1n t\u1ea3ng tr\u00ean c\u00f9ng cung c\u1ea5p kh\u00f4ng gian thu\u1eadn ti\u1ec7n \u0111\u1ec3 ki\u1ec3m tra v\u00e0 b\u1ea3o tr\u00ec thang m\u00e1y, gi\u1ea3m th\u1eddi gian ch\u1ebft v\u00e0 n\u00e2ng cao tu\u1ed5i th\u1ecd c\u1ee7a thi\u1ebft b\u1ecb.<\/p>    <h2 class=\"wp-block-heading\">Ba lo\u1ea1i d\u00e2y chuy\u1ec1n xay x\u00e1t g\u1ea1o v\u1edbi khung th\u00e9p<\/h2>    <p>C\u00e1c d\u00e2y chuy\u1ec1n s\u1ea3n xu\u1ea5t xay x\u00e1t g\u1ea1o c\u00f3 th\u1ec3 k\u1ebft h\u1ee3p theo nhi\u1ec1u c\u00e1ch kh\u00e1c nhau. D\u01b0\u1edbi \u0111\u00e2y li\u1ec7t k\u00ea ba c\u1ea5u h\u00ecnh, m\u00f4 t\u1ea3 ng\u1eafn g\u1ecdn th\u00e0nh ph\u1ea7n c\u1ee7a t\u1eebng d\u00e2y chuy\u1ec1n.<\/p>    <h3 class=\"wp-block-heading\">Lo\u1ea1i 1<\/h3>    <figure class=\"wp-block-gallery has-nested-images columns-default is-cropped wp-block-gallery-3 is-layout-flex wp-block-gallery-is-layout-flex\"> <figure class=\"wp-block-image size-large\"><img loading=\"lazy\" decoding=\"async\" width=\"720\" height=\"540\" data-id=\"15284\" src=\"https:\/\/www.agriculture-machine.com\/wp-content\/uploads\/2023\/11\/rice-miller-equipments.webp\" alt=\"D\u00e2y chuy\u1ec1n xay g\u1ea1o t\u1ef1 \u0111\u1ed9ng 25TPD v\u1edbi khung th\u00e9p\" class=\"wp-image-15284\" srcset=\"https:\/\/www.agriculture-machine.com\/wp-content\/uploads\/2023\/11\/rice-miller-equipments.webp 720w, https:\/\/www.agriculture-machine.com\/wp-content\/uploads\/2023\/11\/rice-miller-equipments-360x270.webp 360w, https:\/\/www.agriculture-machine.com\/wp-content\/uploads\/2023\/11\/rice-miller-equipments-240x180.webp 240w\" sizes=\"auto, (max-width: 720px) 100vw, 720px\" \/><figcaption class=\"wp-element-caption\">thi\u1ebft b\u1ecb xay g\u1ea1o<\/figcaption><\/figure>    <figure class=\"wp-block-image size-large\"><img loading=\"lazy\" decoding=\"async\" width=\"720\" height=\"540\" data-id=\"15283\" src=\"https:\/\/www.agriculture-machine.com\/wp-content\/uploads\/2023\/11\/complete-rice-milling-machine.webp\" alt=\"m\u00e1y xay g\u1ea1o ho\u00e0n ch\u1ec9nh\" class=\"wp-image-15283\" srcset=\"https:\/\/www.agriculture-machine.com\/wp-content\/uploads\/2023\/11\/complete-rice-milling-machine.webp 720w, https:\/\/www.agriculture-machine.com\/wp-content\/uploads\/2023\/11\/complete-rice-milling-machine-360x270.webp 360w, https:\/\/www.agriculture-machine.com\/wp-content\/uploads\/2023\/11\/complete-rice-milling-machine-240x180.webp 240w\" sizes=\"auto, (max-width: 720px) 100vw, 720px\" \/><figcaption class=\"wp-element-caption\">m\u00e1y xay g\u1ea1o ho\u00e0n ch\u1ec9nh<\/figcaption><\/figure> <\/figure>    <p>K\u1ebft h\u1ee3p d\u00e2y chuy\u1ec1n xay x\u00e1t g\u1ea1o n\u00e0y g\u1ed3m m\u00e1y t\u00e1ch v\u1ecf l\u00faa, m\u00e1y s\u1ea5y, m\u00e1y ph\u00e2n lo\u1ea1i tr\u1ecdng l\u1ef1c, hai m\u00e1y xay g\u1ea1o, sau \u0111\u00f3 l\u00e0 m\u00e1y ph\u00e2n lo\u1ea1i m\u00e0u, m\u00e1y \u0111\u00e1nh b\u00f3ng, m\u00e1y ph\u00e2n lo\u1ea1i g\u1ea1o tr\u1eafng v\u00e0 m\u00e1y c\u00e2n v\u00e0 \u0111\u00f3ng g\u00f3i.<\/p>    <h3 class=\"wp-block-heading\">nh\u00e0 m\u00e1y ch\u1ebf bi\u1ebfn g\u1ea1o ho\u00e0n ch\u1ec9nh<\/h3>    <figure class=\"wp-block-gallery has-nested-images columns-default is-cropped wp-block-gallery-4 is-layout-flex wp-block-gallery-is-layout-flex\"> <figure class=\"wp-block-image size-large\"><img loading=\"lazy\" decoding=\"async\" width=\"720\" height=\"540\" data-id=\"15285\" src=\"https:\/\/www.agriculture-machine.com\/wp-content\/uploads\/2023\/11\/complete-rice-processing-plant.webp\" alt=\"d\u1ecbch v\u1ee5 x\u1eed l\u00fd g\u1ea1o tr\u1eafng\" class=\"wp-image-15285\" srcset=\"https:\/\/www.agriculture-machine.com\/wp-content\/uploads\/2023\/11\/complete-rice-processing-plant.webp 720w, https:\/\/www.agriculture-machine.com\/wp-content\/uploads\/2023\/11\/complete-rice-processing-plant-360x270.webp 360w, https:\/\/www.agriculture-machine.com\/wp-content\/uploads\/2023\/11\/complete-rice-processing-plant-240x180.webp 240w\" sizes=\"auto, (max-width: 720px) 100vw, 720px\" \/><figcaption class=\"wp-element-caption\">d\u1ecbch v\u1ee5 x\u1eed l\u00fd g\u1ea1o tr\u1eafng<\/figcaption><\/figure>    <figure class=\"wp-block-image size-large\"><img loading=\"lazy\" decoding=\"async\" width=\"720\" height=\"540\" data-id=\"15286\" src=\"https:\/\/www.agriculture-machine.com\/wp-content\/uploads\/2023\/11\/white-rice-processing-service.webp\" alt=\"qu\u00e1 tr\u00ecnh s\u1ea3n xu\u1ea5t g\u1ea1o tr\u1eafng\" class=\"wp-image-15286\" srcset=\"https:\/\/www.agriculture-machine.com\/wp-content\/uploads\/2023\/11\/white-rice-processing-service.webp 720w, https:\/\/www.agriculture-machine.com\/wp-content\/uploads\/2023\/11\/white-rice-processing-service-360x270.webp 360w, https:\/\/www.agriculture-machine.com\/wp-content\/uploads\/2023\/11\/white-rice-processing-service-240x180.webp 240w\" sizes=\"auto, (max-width: 720px) 100vw, 720px\" \/><figcaption class=\"wp-element-caption\">qu\u00e1 tr\u00ecnh s\u1ea3n xu\u1ea5t g\u1ea1o tr\u1eafng<\/figcaption><\/figure> <\/figure>    <p class=\"translation-block\">This set is basically the same as the <strong>Type 1<\/strong>&#8216;s, with the only difference being the replacement of the polisher with a water-mist polishing machine, plus the addition of a storage bin after the white rice grader.<\/p>    <h3 class=\"wp-block-heading\">nh\u00e0 m\u00e1y d\u00e2y chuy\u1ec1n xay g\u1ea1o hi\u1ec7n \u0111\u1ea1i<\/h3>    <figure class=\"wp-block-gallery has-nested-images columns-default is-cropped wp-block-gallery-5 is-layout-flex wp-block-gallery-is-layout-flex\"> <figure class=\"wp-block-image size-large\"><img loading=\"lazy\" decoding=\"async\" width=\"720\" height=\"540\" data-id=\"15288\" src=\"https:\/\/www.agriculture-machine.com\/wp-content\/uploads\/2023\/11\/white-rice-making-process.webp\" alt=\"So v\u1edbi hai c\u1ea5u h\u00ecnh tr\u00ean, b\u1ed9 n\u00e0y s\u1eed d\u1ee5ng ba m\u00e1y xay g\u1ea1o \u0111\u1ec3 l\u00e0m g\u1ea1o ch\u1ea5t l\u01b0\u1ee3ng cao h\u01a1n. N\u00f3 c\u0169ng s\u1eed d\u1ee5ng m\u00e1y \u0111\u00f3ng g\u00f3i ch\u00e2n kh\u00f4ng ti\u00ean ti\u1ebfn \u0111\u1ec3 \u0111\u1ea3m b\u1ea3o \u0111\u1ed9 t\u01b0\u01a1i v\u00e0 ch\u1ea5t l\u01b0\u1ee3ng c\u1ee7a g\u1ea1o v\u00e0 k\u00e9o d\u00e0i th\u1eddi gian b\u1ea3o qu\u1ea3n c\u1ee7a n\u00f3.\" class=\"wp-image-15288\" srcset=\"https:\/\/www.agriculture-machine.com\/wp-content\/uploads\/2023\/11\/white-rice-making-process.webp 720w, https:\/\/www.agriculture-machine.com\/wp-content\/uploads\/2023\/11\/white-rice-making-process-360x270.webp 360w, https:\/\/www.agriculture-machine.com\/wp-content\/uploads\/2023\/11\/white-rice-making-process-240x180.webp 240w\" sizes=\"auto, (max-width: 720px) 100vw, 720px\" \/><figcaption class=\"wp-element-caption\">So v\u1edbi hai c\u1ea5u h\u00ecnh tr\u00ean, b\u1ed9 n\u00e0y s\u1eed d\u1ee5ng ba m\u00e1y xay g\u1ea1o \u0111\u1ec3 l\u00e0m g\u1ea1o ch\u1ea5t l\u01b0\u1ee3ng cao h\u01a1n. N\u00f3 c\u0169ng s\u1eed d\u1ee5ng m\u00e1y \u0111\u00f3ng g\u00f3i ch\u00e2n kh\u00f4ng ti\u00ean ti\u1ebfn \u0111\u1ec3 \u0111\u1ea3m b\u1ea3o \u0111\u1ed9 t\u01b0\u01a1i v\u00e0 ch\u1ea5t l\u01b0\u1ee3ng c\u1ee7a g\u1ea1o v\u00e0 k\u00e9o d\u00e0i th\u1eddi gian b\u1ea3o qu\u1ea3n c\u1ee7a n\u00f3.<\/figcaption><\/figure>    <figure class=\"wp-block-image size-large\"><img loading=\"lazy\" decoding=\"async\" width=\"720\" height=\"540\" data-id=\"15287\" src=\"https:\/\/www.agriculture-machine.com\/wp-content\/uploads\/2023\/11\/modern-rice-milling-line-factory.webp\" alt=\"Tri\u1ec3n l\u00e3m nh\u00e0 m\u00e1y v\u00e0 kh\u00e1ch h\u00e0ng th\u0103m quan\" class=\"wp-image-15287\" srcset=\"https:\/\/www.agriculture-machine.com\/wp-content\/uploads\/2023\/11\/modern-rice-milling-line-factory.webp 720w, https:\/\/www.agriculture-machine.com\/wp-content\/uploads\/2023\/11\/modern-rice-milling-line-factory-360x270.webp 360w, https:\/\/www.agriculture-machine.com\/wp-content\/uploads\/2023\/11\/modern-rice-milling-line-factory-240x180.webp 240w\" sizes=\"auto, (max-width: 720px) 100vw, 720px\" \/><figcaption class=\"wp-element-caption\">Tri\u1ec3n l\u00e3m nh\u00e0 m\u00e1y v\u00e0 kh\u00e1ch h\u00e0ng th\u0103m quan<\/figcaption><\/figure> <\/figure>    <p>Ch\u00e0o m\u1eebng \u0111\u1ebfn th\u0103m nh\u00e0 m\u00e1y c\u1ee7a ch\u00fang t\u00f4i. Ch\u00fang t\u00f4i n\u1ed5i b\u1eadt v\u1edbi kho h\u00e0ng m\u1ea1nh m\u1ebd v\u00e0 logistics hi\u1ec7u qu\u1ea3 \u0111\u1ec3 \u0111\u1ea3m b\u1ea3o giao h\u00e0ng \u0111\u00fang h\u1ea1n \u0111\u00e1p \u1ee9ng nhu c\u1ea7u c\u1ee7a b\u1ea1n.<\/p>    <h2 class=\"wp-block-heading\">tr\u00ecnh di\u1ec5n t\u1ea1i ch\u1ed7 d\u00e2y chuy\u1ec1n xay g\u1ea1o<\/h2>    <p>kh\u00e1ch h\u00e0ng th\u0103m quan d\u00e2y chuy\u1ec1n xay g\u1ea1o<\/p>    <figure class=\"wp-block-gallery has-nested-images columns-default is-cropped wp-block-gallery-6 is-layout-flex wp-block-gallery-is-layout-flex\"> <figure class=\"wp-block-image size-large\"><img loading=\"lazy\" decoding=\"async\" width=\"720\" height=\"540\" data-id=\"15290\" src=\"https:\/\/www.agriculture-machine.com\/wp-content\/uploads\/2023\/11\/rice-milling-line-on-site-demonstration.webp\" alt=\"D\u1ecbch v\u1ee5 h\u1eadu m\u00e3i d\u00e2y chuy\u1ec1n xay g\u1ea1o\" class=\"wp-image-15290\" srcset=\"https:\/\/www.agriculture-machine.com\/wp-content\/uploads\/2023\/11\/rice-milling-line-on-site-demonstration.webp 720w, https:\/\/www.agriculture-machine.com\/wp-content\/uploads\/2023\/11\/rice-milling-line-on-site-demonstration-360x270.webp 360w, https:\/\/www.agriculture-machine.com\/wp-content\/uploads\/2023\/11\/rice-milling-line-on-site-demonstration-240x180.webp 240w\" sizes=\"auto, (max-width: 720px) 100vw, 720px\" \/><figcaption class=\"wp-element-caption\">D\u1ecbch v\u1ee5 h\u1eadu m\u00e3i d\u00e2y chuy\u1ec1n xay g\u1ea1o<\/figcaption><\/figure>    <figure class=\"wp-block-image size-large\"><img loading=\"lazy\" decoding=\"async\" width=\"720\" height=\"540\" data-id=\"15289\" src=\"https:\/\/www.agriculture-machine.com\/wp-content\/uploads\/2023\/11\/rice-mill-unit-customer-visit.webp\" alt=\"Sau khi ho\u00e0n th\u00e0nh t\u1ea5t c\u1ea3 c\u00e1c m\u00e1y c\u1ee7a d\u00e2y chuy\u1ec1n xay g\u1ea1o, m\u1ed7i b\u1ed9 ph\u1eadn s\u1ebd \u0111\u01b0\u1ee3c d\u00e1n nh\u00e3n. Ch\u00fang t\u00f4i c\u0169ng cung c\u1ea5p h\u01b0\u1edbng d\u1eabn v\u1eadn h\u00e0nh cho t\u1eebng m\u00e1y.\" class=\"wp-image-15289\" srcset=\"https:\/\/www.agriculture-machine.com\/wp-content\/uploads\/2023\/11\/rice-mill-unit-customer-visit.webp 720w, https:\/\/www.agriculture-machine.com\/wp-content\/uploads\/2023\/11\/rice-mill-unit-customer-visit-360x270.webp 360w, https:\/\/www.agriculture-machine.com\/wp-content\/uploads\/2023\/11\/rice-mill-unit-customer-visit-240x180.webp 240w\" sizes=\"auto, (max-width: 720px) 100vw, 720px\" \/><figcaption class=\"wp-element-caption\">Sau khi ho\u00e0n th\u00e0nh t\u1ea5t c\u1ea3 c\u00e1c m\u00e1y c\u1ee7a d\u00e2y chuy\u1ec1n xay g\u1ea1o, m\u1ed7i b\u1ed9 ph\u1eadn s\u1ebd \u0111\u01b0\u1ee3c d\u00e1n nh\u00e3n. Ch\u00fang t\u00f4i c\u0169ng cung c\u1ea5p h\u01b0\u1edbng d\u1eabn v\u1eadn h\u00e0nh cho t\u1eebng m\u00e1y.<\/figcaption><\/figure> <\/figure>    <h2 class=\"wp-block-heading\">Ch\u00fang t\u00f4i l\u1eafp \u0111\u1eb7t t\u1eebng b\u1ed9 ph\u1eadn trong nh\u00e0 m\u00e1y c\u1ee7a m\u00ecnh v\u00e0 quay video r\u00f5 r\u00e0ng qu\u00e1 tr\u00ecnh l\u1eafp \u0111\u1eb7t. B\u1ea1n theo d\u00f5i h\u00ecnh \u1ea3nh v\u00e0 video c\u1ee7a ch\u00fang t\u00f4i \u0111\u1ec3 l\u1eafp \u0111\u1eb7t.<\/h2>    <ol class=\"wp-block-list\"> <li>M\u1ecdi c\u00e2u h\u1ecfi, b\u1ea1n c\u00f3 th\u1ec3 ch\u1ee5p h\u00ecnh v\u00e0 quay video, ch\u00fang t\u00f4i cung c\u1ea5p d\u1ecbch v\u1ee5 tr\u1ef1c tuy\u1ebfn. Ho\u1eb7c ch\u00fang t\u00f4i c\u00f3 th\u1ec3 tr\u00f2 chuy\u1ec7n video tr\u1ef1c ti\u1ebfp.<\/li>    <li>Ch\u00fang t\u00f4i c\u00f3 th\u1ec3 c\u1eed k\u1ef9 s\u01b0 \u0111\u1ebfn h\u01b0\u1edbng d\u1eabn l\u1eafp \u0111\u1eb7t, v\u1eadn h\u00e0nh v\u00e0 \u0111\u00e0o t\u1ea1o nh\u00e2n vi\u00ean.<\/li>    <li>Ngo\u00e0i c\u00e1c b\u1ed9 ph\u1eadn ti\u00eau hao, thi\u1ec7t h\u1ea1i do con ng\u01b0\u1eddi v\u00e0 v\u1eadn h\u00e0nh kh\u00f4ng \u0111\u00fang c\u00e1ch, thi\u1ebft b\u1ecb ch\u00ednh v\u00e0 \u0111\u1ed9ng c\u01a1 \u0111\u01b0\u1ee3c b\u1ea3o h\u00e0nh trong 1 n\u0103m, v\u00e0 ch\u00fang t\u00f4i cung c\u1ea5p h\u1ed7 tr\u1ee3 k\u1ef9 thu\u1eadt tr\u1ef1c tuy\u1ebfn su\u1ed1t \u0111\u1eddi.<\/li>    <li>d\u00e2y chuy\u1ec1n xay g\u1ea1o v\u1edbi khung th\u00e9p<\/li>    <li>d\u00e2y chuy\u1ec1n xay g\u1ea1o khung th\u00e9p<\/li> <\/ol>    <p class=\"translation-block\">\u0110\u1ec3 t\u00ecm hi\u1ec3u th\u00eam v\u1ec1 c\u00e1c gi\u1ea3i ph\u00e1p g\u1ea1o, h\u00e3y truy c\u1eadp trang web n\u00e0y <strong><a href=\"https:\/\/www.agriculture-machine.com\/vi\/rice-mill-category\/\">https:\/\/www.agriculture-machine.com\/rice-mill-category\/<\/a><\/strong>. M\u1ecdi c\u00e2u h\u1ecfi, xin vui l\u00f2ng li\u00ean h\u1ec7 v\u1edbi ch\u00fang t\u00f4i, ch\u00fang t\u00f4i cung c\u1ea5p gi\u1ea3i ph\u00e1p t\u1ed1i \u01b0u cho b\u1ea1n!<\/p>","protected":false},"excerpt":{"rendered":"<p>Taizy company offers a 25 tons per day output rice milling line that carries a sturdy steel frame configuration designed to provide an efficient and reliable solution for your rice production. The 25 tons per day capacity ensures that you can cope with large-scale rice milling needs for both medium and large rice producers. Meanwhile, [&hellip;]<\/p>\n","protected":false},"author":1,"featured_media":15279,"parent":0,"comment_status":"closed","ping_status":"closed","template":"","tags":[796],"product-type":[875,906],"class_list":["post-15278","product","type-product","status-publish","has-post-thumbnail","hentry","tag-rice","product-type-rice-mill-category","product-type-rice-mill-production-line"],"_links":{"self":[{"href":"https:\/\/www.agriculture-machine.com\/vi\/wp-json\/wp\/v2\/product\/15278","targetHints":{"allow":["GET"]}}],"collection":[{"href":"https:\/\/www.agriculture-machine.com\/vi\/wp-json\/wp\/v2\/product"}],"about":[{"href":"https:\/\/www.agriculture-machine.com\/vi\/wp-json\/wp\/v2\/types\/product"}],"author":[{"embeddable":true,"href":"https:\/\/www.agriculture-machine.com\/vi\/wp-json\/wp\/v2\/users\/1"}],"replies":[{"embeddable":true,"href":"https:\/\/www.agriculture-machine.com\/vi\/wp-json\/wp\/v2\/comments?post=15278"}],"wp:featuredmedia":[{"embeddable":true,"href":"https:\/\/www.agriculture-machine.com\/vi\/wp-json\/wp\/v2\/media\/15279"}],"wp:attachment":[{"href":"https:\/\/www.agriculture-machine.com\/vi\/wp-json\/wp\/v2\/media?parent=15278"}],"wp:term":[{"taxonomy":"post_tag","embeddable":true,"href":"https:\/\/www.agriculture-machine.com\/vi\/wp-json\/wp\/v2\/tags?post=15278"},{"taxonomy":"product-type","embeddable":true,"href":"https:\/\/www.agriculture-machine.com\/vi\/wp-json\/wp\/v2\/product-type?post=15278"}],"curies":[{"name":"wp","href":"https:\/\/api.w.org\/{rel}","templated":true}]}}