{"id":15356,"date":"2023-12-06T15:55:33","date_gmt":"2023-12-06T07:55:33","guid":{"rendered":"https:\/\/www.agriculture-machine.com\/?post_type=product&#038;p=15356"},"modified":"2024-09-18T15:44:23","modified_gmt":"2024-09-18T07:44:23","slug":"30tpd-rice-hulling-plant","status":"publish","type":"product","link":"https:\/\/www.agriculture-machine.com\/vi\/30tpd-rice-hulling-plant\/","title":{"rendered":"D\u00e2y chuy\u1ec1n xay v\u1ecf g\u1ea1o hi\u1ec7n \u0111\u1ea1i 30TPD"},"content":{"rendered":"<p class=\"translation-block\">D\u00e2y chuy\u1ec1n xay x\u00e1t g\u1ea1o 30TPD  th\u01b0\u1eddng ph\u00f9 h\u1ee3p v\u1edbi c\u00e1c nh\u00e0 m\u00e1y xay x\u00e1t ho\u1eb7c ch\u1ebf bi\u1ebfn g\u1ea1o quy m\u00f4 trung b\u00ecnh \u0111\u1ebfn l\u1edbn \u0111\u1ec3 \u0111\u00e1p \u1ee9ng nhu c\u1ea7u th\u1ecb tr\u01b0\u1eddng v\u1ec1 g\u1ea1o tr\u1eafng \u0103n \u0111\u01b0\u1ee3c. C\u00f3 nhi\u1ec1u c\u00f4ng su\u1ea5t v\u00e0 c\u1ea5u h\u00ecnh c\u1ee7a thi\u1ebft b\u1ecb xay x\u00e1t g\u1ea1o \u0111\u1ec3 l\u1ef1a ch\u1ecdn, b\u1ea1n c\u00f3 th\u1ec3 xem b\u1eb1ng c\u00e1ch nh\u1ea5p v\u00e0o trang n\u00e0y:  https:\/\/www.agriculture-machine.com\/rice-mill-category\/ .<\/p>    <figure class=\"wp-block-image size-full\"><img loading=\"lazy\" decoding=\"async\" width=\"720\" height=\"540\" src=\"https:\/\/www.agriculture-machine.com\/wp-content\/uploads\/2023\/12\/complete-rice-hulling-and-milling-line.webp\" alt=\"D\u00e2y chuy\u1ec1n xay x\u00e1t v\u00e0 nghi\u1ec1n g\u1ea1o ho\u00e0n ch\u1ec9nh\" class=\"wp-image-15361\" srcset=\"https:\/\/www.agriculture-machine.com\/wp-content\/uploads\/2023\/12\/complete-rice-hulling-and-milling-line.webp 720w, https:\/\/www.agriculture-machine.com\/wp-content\/uploads\/2023\/12\/complete-rice-hulling-and-milling-line-360x270.webp 360w, https:\/\/www.agriculture-machine.com\/wp-content\/uploads\/2023\/12\/complete-rice-hulling-and-milling-line-240x180.webp 240w\" sizes=\"auto, (max-width: 720px) 100vw, 720px\" \/><figcaption class=\"wp-element-caption\">D\u00e2y chuy\u1ec1n xay x\u00e1t v\u00e0 nghi\u1ec1n g\u1ea1o ho\u00e0n ch\u1ec9nh<\/figcaption><\/figure>    <h2 class=\"wp-block-heading\">C\u00e1c th\u00e0nh ph\u1ea7n ch\u00ednh c\u1ee7a nh\u00e0 m\u00e1y xay x\u00e1t g\u1ea1o 30TPD<\/h2>    <p class=\"translation-block\">K\u1ebft h\u1ee3p d\u01b0\u1edbi \u0111\u00e2y kh\u00e1 \u0111\u01a1n gi\u1ea3n, quy tr\u00ecnh l\u00e0m vi\u1ec7c ti\u1ebfn t\u1eeb tr\u00e1i sang ph\u1ea3i, g\u1ed3m m\u00e1y t\u00e1ch s\u1ea1n, m\u00e1y xay v\u1ecf, b\u1ed9 ph\u00e2n lo\u1ea1i tr\u1ecdng l\u1ef1c, m\u00e1y xay g\u1ea1o, m\u00e1y xay g\u1ea1o th\u1ee9 hai, c\u1ed9ng v\u1edbi m\u00e1y ph\u00e2n lo\u1ea1i g\u1ea1o tr\u1eafng. \u0110i\u1ec1u n\u00e0y t\u01b0\u01a1ng t\u1ef1 nh\u01b0 d\u00e2y chuy\u1ec1n m\u1edf r\u1ed9ng 15 t\u1ea5n m\u1ed7i ng\u00e0y(<a href=\"https:\/\/www.agriculture-machine.com\/vi\/rice-mill-production-line\/\"><strong>D\u00e2y chuy\u1ec1n s\u1ea3n xu\u1ea5t g\u1ea1o 15TPD c\u00f3 m\u00e1y \u0111\u00e1nh b\u00f3ng v\u00e0 m\u00e1y ph\u00e2n lo\u1ea1i g\u1ea1o tr\u1eafng<\/strong><\/a>), ngo\u1ea1i tr\u1eeb vi\u1ec7c m\u1ed7i m\u00e1y \u0111\u00e3 \u0111\u01b0\u1ee3c l\u00e0m l\u1edbn h\u01a1n.<\/p>    <p>T\u1ea5t nhi\u00ean, t\u00f9y thu\u1ed9c v\u00e0o nhu c\u1ea7u c\u1ee7a b\u1ea1n, b\u1ea1n c\u0169ng c\u00f3 th\u1ec3 th\u00eam m\u1ed9t m\u00e1y \u0111\u00e1nh b\u00f3ng s\u01b0\u01a1ng m\u00f9 n\u01b0\u1edbc. B\u1ea1n c\u0169ng c\u00f3 th\u1ec3 ti\u1ebfp t\u1ee5c th\u00eam ph\u00e2n lo\u1ea1i m\u00e0u s\u1eafc, th\u00f9ng ch\u1ee9a v\u00e0 m\u00e1y \u0111\u00f3ng g\u00f3i v\u00e0o sau n\u00e0y.<\/p>    <figure class=\"wp-block-image size-full\"><img loading=\"lazy\" decoding=\"async\" width=\"720\" height=\"540\" src=\"https:\/\/www.agriculture-machine.com\/wp-content\/uploads\/2023\/12\/rice-hulling-plant-for-sale.webp\" alt=\"nh\u00e0 m\u00e1y xay x\u00e1t g\u1ea1o \u0111\u1ec3 b\u00e1n\" class=\"wp-image-15357\" srcset=\"https:\/\/www.agriculture-machine.com\/wp-content\/uploads\/2023\/12\/rice-hulling-plant-for-sale.webp 720w, https:\/\/www.agriculture-machine.com\/wp-content\/uploads\/2023\/12\/rice-hulling-plant-for-sale-360x270.webp 360w, https:\/\/www.agriculture-machine.com\/wp-content\/uploads\/2023\/12\/rice-hulling-plant-for-sale-240x180.webp 240w\" sizes=\"auto, (max-width: 720px) 100vw, 720px\" \/><\/figure>    <h2 class=\"wp-block-heading\">L\u1ee3i \u00edch kinh t\u1ebf c\u1ee7a d\u00e2y chuy\u1ec1n ch\u1ebf bi\u1ebfn g\u1ea1o 30 t\u1ea5n\/ng\u00e0y<\/h2>    <ol class=\"wp-block-list\"> <li><strong>L\u1ee3i nhu\u1eadn \u0111\u1ea7u t\u01b0 cao:<\/strong> V\u00ec nh\u00e0 m\u00e1y xay x\u00e1t g\u1ea1o n\u00e0y c\u00f3 n\u0103ng su\u1ea5t r\u1ea5t hi\u1ec7u qu\u1ea3, cho ph\u00e9p t\u0103ng \u0111\u00e1ng k\u1ec3 s\u1ea3n l\u01b0\u1ee3ng v\u00e0 do \u0111\u00f3 nhanh ch\u00f3ng thu h\u1ed3i v\u1ed1n, c\u00e1c nh\u00e0 \u0111\u1ea7u t\u01b0 c\u00f3 th\u1ec3 mong \u0111\u1ee3i l\u1ee3i nhu\u1eadn cao.<\/li>    <li><strong>Chi ph\u00ed s\u1ea3n xu\u1ea5t th\u1ea5p:<\/strong> H\u1ec7 th\u1ed1ng \u0111i\u1ec1u khi\u1ec3n t\u1ef1 \u0111\u1ed9ng cho ph\u00e9p s\u1ea3n xu\u1ea5t th\u00f4ng minh, gi\u1ea3m l\u00e3ng ph\u00ed trong qu\u00e1 tr\u00ecnh v\u1eadn h\u00e0nh v\u00e0 gi\u1ea3m thi\u1ec3u chi ph\u00ed lao \u0111\u1ed9ng v\u00e0 ti\u00eau th\u1ee5 n\u0103ng l\u01b0\u1ee3ng.<\/li>    <li><strong>N\u00e2ng cao s\u1ea3n l\u01b0\u1ee3ng v\u00e0 hi\u1ec7u qu\u1ea3:<\/strong> More raw materials can be processed efficiently. This is essential for coping with fluctuations in market demand, handling large orders, and improving the company&#8217;s resilience.<\/li>    <li><strong>Kh\u1ea3 n\u0103ng c\u1ea1nh tranh tr\u00ean th\u1ecb tr\u01b0\u1eddng m\u1ea1nh m\u1ebd:<\/strong> Nh\u1edd n\u0103ng su\u1ea5t s\u1ea3n xu\u1ea5t hi\u1ec7u qu\u1ea3 v\u00e0 ch\u1ea5t l\u01b0\u1ee3ng s\u1ea3n ph\u1ea9m v\u01b0\u1ee3t tr\u1ed9i, c\u00e1c nh\u00e0 \u0111\u1ea7u t\u01b0 c\u00f3 th\u1ec3 chi\u1ebfm v\u1ecb th\u1ebf thu\u1eadn l\u1ee3i tr\u00ean th\u1ecb tr\u01b0\u1eddng. N\u00f3 c\u00f3 th\u1ec3 x\u00e2y d\u1ef1ng h\u00ecnh \u1ea3nh th\u01b0\u01a1ng hi\u1ec7u t\u1ed1t cho doanh nghi\u1ec7p, t\u0103ng th\u1ecb ph\u1ea7n v\u00e0 thu h\u00fat nhi\u1ec1u kh\u00e1ch h\u00e0ng h\u01a1n.<\/li> <\/ol>    <figure class=\"wp-block-image size-full\"><img loading=\"lazy\" decoding=\"async\" width=\"720\" height=\"540\" src=\"https:\/\/www.agriculture-machine.com\/wp-content\/uploads\/2023\/12\/rice-hulling-plant-factory.webp\" alt=\"nh\u00e0 m\u00e1y xay x\u00e1t g\u1ea1o\" class=\"wp-image-15359\" srcset=\"https:\/\/www.agriculture-machine.com\/wp-content\/uploads\/2023\/12\/rice-hulling-plant-factory.webp 720w, https:\/\/www.agriculture-machine.com\/wp-content\/uploads\/2023\/12\/rice-hulling-plant-factory-360x270.webp 360w, https:\/\/www.agriculture-machine.com\/wp-content\/uploads\/2023\/12\/rice-hulling-plant-factory-240x180.webp 240w\" sizes=\"auto, (max-width: 720px) 100vw, 720px\" \/><figcaption class=\"wp-element-caption\">nh\u00e0 m\u00e1y xay x\u00e1t g\u1ea1o<\/figcaption><\/figure>    <h2 class=\"wp-block-heading\">Nguy\u00ean t\u1eafc c\u01a1 b\u1ea3n c\u1ee7a xay x\u00e1t g\u1ea1o<\/h2>    <p>G\u1ea1o l\u1ee9t c\u00f3 l\u1edbp v\u1ecf ngo\u00e0i kh\u00e1 m\u1ecbn v\u00e0 c\u1ee9ng, c\u00f3 li\u00ean k\u1ebft nh\u1ea5t \u0111\u1ecbnh v\u1edbi n\u1ed9i nh\u0169, do \u0111\u00f3 vi\u1ec7c lo\u1ea1i b\u1ecf l\u1edbp v\u1ecf \u0111\u00f2i h\u1ecfi m\u1ed9t l\u1ef1c b\u00ean ngo\u00e0i \u0111\u1ec3 ph\u00e1 v\u1ee1 li\u00ean k\u1ebft n\u00e0y. <\/p>    <p>Hi\u1ec7n nay th\u01b0\u1eddng \u0111\u01b0\u1ee3c s\u1eed d\u1ee5ng trong nhi\u1ec1u nh\u00e0 m\u00e1y xay x\u00e1t, l\u00e0 vi\u1ec7c s\u1eed d\u1ee5ng c\u00e1c th\u00e0nh ph\u1ea7n c\u1ee7a m\u00e1y xay g\u1ea1o \u0111\u1ec3 xay tr\u1eafng g\u1ea1o v\u00e0 l\u1ef1c c\u01a1 h\u1ecdc sinh ra gi\u1eefa c\u00e1c h\u1ea1t g\u1ea1o v\u00e0 va ch\u1ea1m ma s\u00e1t gi\u1eefa c\u00e1c h\u1ea1t g\u1ea1o \u0111\u1ec3 xay tr\u1eafng g\u1ea1o l\u1ee9t.<\/p>    <figure class=\"wp-block-image size-full\"><img loading=\"lazy\" decoding=\"async\" width=\"720\" height=\"540\" src=\"https:\/\/www.agriculture-machine.com\/wp-content\/uploads\/2023\/12\/paddy-processing-line-machines.webp\" alt=\"m\u00e1y m\u00f3c d\u00e2y chuy\u1ec1n ch\u1ebf bi\u1ebfn l\u00faa\" class=\"wp-image-15360\" srcset=\"https:\/\/www.agriculture-machine.com\/wp-content\/uploads\/2023\/12\/paddy-processing-line-machines.webp 720w, https:\/\/www.agriculture-machine.com\/wp-content\/uploads\/2023\/12\/paddy-processing-line-machines-360x270.webp 360w, https:\/\/www.agriculture-machine.com\/wp-content\/uploads\/2023\/12\/paddy-processing-line-machines-240x180.webp 240w\" sizes=\"auto, (max-width: 720px) 100vw, 720px\" \/><figcaption class=\"wp-element-caption\">m\u00e1y m\u00f3c d\u00e2y chuy\u1ec1n ch\u1ebf bi\u1ebfn l\u00faa<\/figcaption><\/figure>    <h2 class=\"wp-block-heading\">\u0110\u1ea3m b\u1ea3o ch\u1ea5t l\u01b0\u1ee3ng s\u1ea3n ph\u1ea9m<\/h2>    <ul class=\"wp-block-list\" start=\"3\"> <li><strong>H\u1ec7 th\u1ed1ng s\u00e0ng l\u1ecdc hi\u1ec7u qu\u1ea3:<\/strong> C\u00f3 th\u1ec3 \u00e1p d\u1ee5ng c\u00f4ng ngh\u1ec7 ph\u00e2n lo\u1ea1i m\u00e0u h\u00e0ng \u0111\u1ea7u, c\u00f3 th\u1ec3 s\u00e0ng l\u1ecdc hi\u1ec7u qu\u1ea3 c\u00e1c v\u1eadt li\u1ec7u ngo\u1ea1i lai v\u00e0 s\u1ea3n ph\u1ea9m k\u00e9m ch\u1ea5t l\u01b0\u1ee3ng \u0111\u1ec3 \u0111\u1ea3m b\u1ea3o \u0111\u1ed9 tinh khi\u1ebft v\u00e0 ch\u1ea5t l\u01b0\u1ee3ng c\u1ee7a s\u1ea3n ph\u1ea9m cu\u1ed1i c\u00f9ng.<\/li>    <li><strong>L\u1ef1a ch\u1ecdn v\u1eadt li\u1ec7u ch\u1ea5t l\u01b0\u1ee3ng cao:<\/strong> C\u00e1c b\u1ed9 ph\u1eadn ch\u00ednh v\u00e0 v\u1eadt li\u1ec7u \u0111\u01b0\u1ee3c l\u1ef1a ch\u1ecdn c\u1ea9n th\u1eadn \u0111\u1ec3 \u0111\u1ea3m b\u1ea3o kh\u1ea3 n\u0103ng ch\u1ed1ng m\u00e0i m\u00f2n t\u1ed1t, \u1ed5n \u0111\u1ecbnh v\u00e0 ch\u1ed1ng \u0103n m\u00f2n, k\u00e9o d\u00e0i tu\u1ed5i th\u1ecd c\u1ee7a thi\u1ebft b\u1ecb nh\u00e0 m\u00e1y xay x\u00e1t g\u1ea1o.<\/li>    <li><strong>Quy tr\u00ecnh ki\u1ec3m tra ch\u1ea5t l\u01b0\u1ee3ng nghi\u00eam ng\u1eb7t:<\/strong> Trong qu\u00e1 tr\u00ecnh s\u1ea3n xu\u1ea5t, c\u00e1c \u0111i\u1ec3m ki\u1ec3m tra ch\u1ea5t l\u01b0\u1ee3ng nghi\u00eam ng\u1eb7t \u0111\u01b0\u1ee3c thi\u1ebft l\u1eadp \u0111\u1ec3 \u0111\u1ea3m b\u1ea3o m\u1ed7i s\u1ea3n ph\u1ea9m \u0111\u00e1p \u1ee9ng ti\u00eau chu\u1ea9n ch\u1ea5t l\u01b0\u1ee3ng cao qua nhi\u1ec1u v\u00f2ng ki\u1ec3m tra \u0111a chi\u1ec1u.<\/li>    <li><strong>H\u1ed7 tr\u1ee3 d\u1ecbch v\u1ee5 h\u1eadu m\u00e3i:<\/strong> Ch\u00fang t\u00f4i cung c\u1ea5p d\u1ecbch v\u1ee5 h\u1eadu m\u00e3i to\u00e0n di\u1ec7n, bao g\u1ed3m \u0111\u00e0o t\u1ea1o, n\u00e2ng c\u1ea5p b\u1ea3o tr\u00ec, v.v., \u0111\u1ec3 \u0111\u1ea3m b\u1ea3o kh\u00e1ch h\u00e0ng nh\u1eadn \u0111\u01b0\u1ee3c h\u1ed7 tr\u1ee3 k\u1ecbp th\u1eddi trong qu\u00e1 tr\u00ecnh s\u1eed d\u1ee5ng v\u00e0 duy tr\u00ec ho\u1ea1t \u0111\u1ed9ng hi\u1ec7u qu\u1ea3 c\u1ee7a thi\u1ebft b\u1ecb.<\/li> <\/ul>    <figure class=\"wp-block-image size-full\"><img loading=\"lazy\" decoding=\"async\" width=\"720\" height=\"540\" src=\"https:\/\/www.agriculture-machine.com\/wp-content\/uploads\/2023\/12\/25-30TPD-rice-hulling-plant-drawing.webp\" alt=\"B\u1ea3n v\u1ebd nh\u00e0 m\u00e1y xay x\u00e1t g\u1ea1o 25-30TPD\" class=\"wp-image-15358\" srcset=\"https:\/\/www.agriculture-machine.com\/wp-content\/uploads\/2023\/12\/25-30TPD-rice-hulling-plant-drawing.webp 720w, https:\/\/www.agriculture-machine.com\/wp-content\/uploads\/2023\/12\/25-30TPD-rice-hulling-plant-drawing-360x270.webp 360w, https:\/\/www.agriculture-machine.com\/wp-content\/uploads\/2023\/12\/25-30TPD-rice-hulling-plant-drawing-240x180.webp 240w\" sizes=\"auto, (max-width: 720px) 100vw, 720px\" \/><figcaption class=\"wp-element-caption\">B\u1ea3n v\u1ebd nh\u00e0 m\u00e1y xay x\u00e1t g\u1ea1o 25-30TPD<\/figcaption><\/figure>    <h2 class=\"wp-block-heading\">C\u00e1c tr\u01b0\u1eddng h\u1ee3p th\u00e0nh c\u00f4ng<\/h2>    <p>D\u00e2y chuy\u1ec1n s\u1ea3n xu\u1ea5t xay x\u00e1t g\u1ea1o c\u1ee7a ch\u00fang t\u00f4i \u0111\u00e3 \u0111\u01b0\u1ee3c g\u1eedi \u0111\u1ebfn Nigeria, Togo, Philippines, Ghana, Malawi, Iran, \u1ea4n \u0110\u1ed9 v\u00e0 c\u00e1c qu\u1ed1c gia kh\u00e1c. D\u01b0\u1edbi \u0111\u00e2y l\u00e0 m\u1ed9t s\u1ed1 tr\u01b0\u1eddng h\u1ee3p ti\u00eau bi\u1ec3u:<\/p>    <ol class=\"wp-block-list\"> <li>M\u1ed9t nh\u00e0 m\u00e1y xay g\u1ea1o Indonesia \u0111\u00e3 gi\u1edbi thi\u1ec7u nh\u00e0 m\u00e1y xay x\u00e1t g\u1ea1o 30TPD c\u1ee7a ch\u00fang t\u00f4i, t\u0103ng \u0111\u00e1ng k\u1ec3 n\u0103ng l\u1ef1c s\u1ea3n xu\u1ea5t. H\u1ecd b\u00e1o c\u00e1o t\u0103ng 30% s\u1ea3n l\u01b0\u1ee3ng v\u00e0 c\u1ea3i thi\u1ec7n r\u00f5 r\u1ec7t ch\u1ea5t l\u01b0\u1ee3ng s\u1ea3n ph\u1ea9m sau khi thi\u1ebft b\u1ecb \u0111i v\u00e0o ho\u1ea1t \u0111\u1ed9ng.<\/li>    <li>M\u1ed9t n\u00f4ng d\u00e2n nh\u1ecf \u1edf Bangladesh \u0111\u00e3 t\u1ef1 \u0111\u1ed9ng h\u00f3a quy tr\u00ecnh xay x\u00e1t g\u1ea1o b\u1eb1ng c\u00e1ch s\u1eed d\u1ee5ng d\u00e2y chuy\u1ec1n s\u1ea3n xu\u1ea5t c\u1ee7a ch\u00fang t\u00f4i. \u0110i\u1ec1u n\u00e0y kh\u00f4ng ch\u1ec9 n\u00e2ng cao hi\u1ec7u qu\u1ea3 s\u1ea3n xu\u1ea5t m\u00e0 c\u00f2n m\u1edf r\u1ed9ng th\u1ecb tr\u01b0\u1eddng cho s\u1ea3n ph\u1ea9m c\u1ee7a anh \u1ea5y.<\/li>    <li>M\u1ed9t nh\u00e0 m\u00e1y xay g\u1ea1o Vi\u1ec7t Nam \u0111\u00e3 \u00e1p d\u1ee5ng thi\u1ebft b\u1ecb c\u1ee7a ch\u00fang t\u00f4i v\u00e0 th\u00e0nh c\u00f4ng n\u00e2ng cao ch\u1ea5t l\u01b0\u1ee3ng g\u1ea1o th\u00f4ng qua c\u00f4ng ngh\u1ec7 ph\u00e2n lo\u1ea1i m\u00e0u ti\u00ean ti\u1ebfn. \u0110i\u1ec1u n\u00e0y gi\u00fap h\u1ecd x\u00e2y d\u1ef1ng h\u00ecnh \u1ea3nh th\u01b0\u01a1ng hi\u1ec7u trong th\u1ecb tr\u01b0\u1eddng c\u1ea1nh tranh.<\/li> <\/ol>    <p>D\u00f9 nhu c\u1ea7u c\u1ee7a b\u1ea1n l\u00e0 g\u00ec, xin vui l\u00f2ng li\u00ean h\u1ec7 v\u1edbi ch\u00fang t\u00f4i v\u00e0 cho ch\u00fang t\u00f4i bi\u1ebft. C\u00e1c qu\u1ea3n l\u00fd kinh doanh c\u1ee7a ch\u00fang t\u00f4i s\u1ebd s\u1eb5n l\u00f2ng h\u1ed7 tr\u1ee3 b\u1ea1n v\u1edbi gi\u1ea3i ph\u00e1p ph\u00f9 h\u1ee3p v\u00e0 ti\u1ebft ki\u1ec7m nh\u1ea5t.<\/p>","protected":false},"excerpt":{"rendered":"<p>The 30TPD Rice Hulling Plant is usually suitable for medium to large-scale rice mills or processing plants to meet the market demand for edible white rice. There are various tonnages and configurations of rice milling equipment to choose from, which you can view by clicking on this page: https:\/\/www.agriculture-machine.com\/rice-mill-category\/. 30TPD Rice Hulling Plant Main Equipment [&hellip;]<\/p>\n","protected":false},"author":1,"featured_media":15399,"parent":0,"comment_status":"closed","ping_status":"closed","template":"","tags":[796],"product-type":[875,906],"class_list":["post-15356","product","type-product","status-publish","has-post-thumbnail","hentry","tag-rice","product-type-rice-mill-category","product-type-rice-mill-production-line"],"_links":{"self":[{"href":"https:\/\/www.agriculture-machine.com\/vi\/wp-json\/wp\/v2\/product\/15356","targetHints":{"allow":["GET"]}}],"collection":[{"href":"https:\/\/www.agriculture-machine.com\/vi\/wp-json\/wp\/v2\/product"}],"about":[{"href":"https:\/\/www.agriculture-machine.com\/vi\/wp-json\/wp\/v2\/types\/product"}],"author":[{"embeddable":true,"href":"https:\/\/www.agriculture-machine.com\/vi\/wp-json\/wp\/v2\/users\/1"}],"replies":[{"embeddable":true,"href":"https:\/\/www.agriculture-machine.com\/vi\/wp-json\/wp\/v2\/comments?post=15356"}],"wp:featuredmedia":[{"embeddable":true,"href":"https:\/\/www.agriculture-machine.com\/vi\/wp-json\/wp\/v2\/media\/15399"}],"wp:attachment":[{"href":"https:\/\/www.agriculture-machine.com\/vi\/wp-json\/wp\/v2\/media?parent=15356"}],"wp:term":[{"taxonomy":"post_tag","embeddable":true,"href":"https:\/\/www.agriculture-machine.com\/vi\/wp-json\/wp\/v2\/tags?post=15356"},{"taxonomy":"product-type","embeddable":true,"href":"https:\/\/www.agriculture-machine.com\/vi\/wp-json\/wp\/v2\/product-type?post=15356"}],"curies":[{"name":"wp","href":"https:\/\/api.w.org\/{rel}","templated":true}]}}