{"id":15370,"date":"2023-12-07T13:37:51","date_gmt":"2023-12-07T05:37:51","guid":{"rendered":"https:\/\/www.agriculture-machine.com\/?post_type=product&#038;p=15370"},"modified":"2024-09-18T15:45:01","modified_gmt":"2024-09-18T07:45:01","slug":"40ton-paddy-husking-and-milling-line","status":"publish","type":"product","link":"https:\/\/www.agriculture-machine.com\/vi\/40ton-paddy-husking-and-milling-line\/","title":{"rendered":"D\u00e2y chuy\u1ec1n xay x\u00e1t v\u00e0 xay g\u1ea1o t\u1ef1 \u0111\u1ed9ng 40 t\u1ea5n\/ng\u00e0y"},"content":{"rendered":"<p class=\"translation-block\">Taizy&#8217;s 30 tons per day output paddy husking and milling line is a set of highly efficient automated rice processing systems. The line includes a storage bin, water polishing, color sorting, and <strong><a href=\"https:\/\/www.agriculture-machine.com\/vi\/rice-milling-plant-machine\/\">necessary essential infrastructure equipment<\/a><\/strong>, providing an integrated solution for farmers and rice processors, and reliable support for the modernization of the agricultural production chain.<\/p>    <figure class=\"wp-block-image size-full\"><img loading=\"lazy\" decoding=\"async\" width=\"720\" height=\"540\" src=\"https:\/\/www.agriculture-machine.com\/wp-content\/uploads\/2023\/12\/paddy-husking-and-milling-line-machines.webp\" alt=\"m\u00e1y m\u00f3c d\u00e2y chuy\u1ec1n xay x\u00e1t v\u00e0 xay x\u00e1t l\u00faa g\u1ea1o\" class=\"wp-image-15373\" srcset=\"https:\/\/www.agriculture-machine.com\/wp-content\/uploads\/2023\/12\/paddy-husking-and-milling-line-machines.webp 720w, https:\/\/www.agriculture-machine.com\/wp-content\/uploads\/2023\/12\/paddy-husking-and-milling-line-machines-360x270.webp 360w, https:\/\/www.agriculture-machine.com\/wp-content\/uploads\/2023\/12\/paddy-husking-and-milling-line-machines-240x180.webp 240w\" sizes=\"auto, (max-width: 720px) 100vw, 720px\" \/><figcaption class=\"wp-element-caption\">m\u00e1y m\u00f3c d\u00e2y chuy\u1ec1n xay x\u00e1t v\u00e0 xay x\u00e1t l\u00faa g\u1ea1o<\/figcaption><\/figure>    <h2 class=\"wp-block-heading\">C\u1ea5u tr\u00fac d\u00e2y chuy\u1ec1n xay x\u00e1t v\u00e0 xay x\u00e1t l\u00faa g\u1ea1o 40TPD<\/h2>    <p>D\u00e2y chuy\u1ec1n \u0111i t\u1eeb ph\u1ea3i sang tr\u00e1i, b\u1eaft \u0111\u1ea7u b\u1eb1ng m\u00e1y l\u00e0m s\u1ea1ch s\u01a1 b\u1ed9, ti\u1ebfp theo l\u00e0 m\u00e1y t\u00e1ch \u0111\u00e1 (c\u0169ng c\u00f3 s\u1eb5n nh\u01b0 m\u1ed9t m\u00e1y l\u00e0m s\u1ea1ch t\u1ed5ng h\u1ee3p v\u00e0 t\u00e1ch \u0111\u00e1), sau \u0111\u00f3 l\u00e0 m\u00e1y xay v\u1ecf tr\u1ea5u quen thu\u1ed9c, m\u00e1y ph\u00e2n lo\u1ea1i tr\u1ecdng l\u1ef1c v\u1edbi ba l\u1ea7n xay g\u1ea1o (ho\u1eb7c b\u1ea1n c\u00f3 th\u1ec3 s\u1eed d\u1ee5ng ch\u1ec9 hai m\u00e1y xay), ti\u1ebfp theo l\u00e0 th\u00f9ng ch\u1ee9a v\u00e0 m\u00e1y l\u00e0m b\u00f3ng n\u01b0\u1edbc, ph\u00e2n lo\u1ea1i m\u00e0u, \u0111\u00f3ng g\u00f3i ch\u00e2n kh\u00f4ng, v\u00e0 m\u00e1y \u0111\u00f3ng g\u00f3i. Ngo\u00e0i ra, b\u1ea1n s\u1ebd s\u1eed d\u1ee5ng b\u00ecnh tho\u00e1t kh\u00ed v\u00e0 m\u00e1y n\u00e9n kh\u00ed.<\/p>    <figure class=\"wp-block-image size-full\"><img loading=\"lazy\" decoding=\"async\" width=\"720\" height=\"540\" src=\"https:\/\/www.agriculture-machine.com\/wp-content\/uploads\/2023\/12\/rice-mill-machine-production-line.webp\" alt=\"m\u00e1y m\u00f3c d\u00e2y chuy\u1ec1n s\u1ea3n xu\u1ea5t g\u1ea1o\" class=\"wp-image-15371\" srcset=\"https:\/\/www.agriculture-machine.com\/wp-content\/uploads\/2023\/12\/rice-mill-machine-production-line.webp 720w, https:\/\/www.agriculture-machine.com\/wp-content\/uploads\/2023\/12\/rice-mill-machine-production-line-360x270.webp 360w, https:\/\/www.agriculture-machine.com\/wp-content\/uploads\/2023\/12\/rice-mill-machine-production-line-240x180.webp 240w\" sizes=\"auto, (max-width: 720px) 100vw, 720px\" \/><figcaption class=\"wp-element-caption\">m\u00e1y m\u00f3c d\u00e2y chuy\u1ec1n s\u1ea3n xu\u1ea5t g\u1ea1o<\/figcaption><\/figure>    <h2 class=\"wp-block-heading\"><strong>\u0110\u1ed9 \u1ea9m t\u1ed1t nh\u1ea5t c\u1ee7a g\u1ea1o th\u00f3c \u0111\u1ec3 xay<\/strong><\/h2>    <ul class=\"wp-block-list\"> <li>\u0110\u1ed9 \u1ea9m t\u1ed1t nh\u1ea5t c\u1ee7a g\u1ea1o th\u00f3c \u0111\u1ec3 xay l\u00e0 14,5%, v\u00e0 t\u1ef7 l\u1ec7 v\u1ee1 g\u1ea1o n\u00ean kho\u1ea3ng 2% trong qu\u00e1 tr\u00ecnh xay.<\/li>    <li>Th\u1ea5p h\u01a1n 14,5%, t\u1ef7 l\u1ec7 v\u1ee1 s\u1ebd cao h\u01a1n.<\/li>    <li>Higher than 14.5%, the breakage rate will be higher, and part of the paddy husk and bran will be blocked inside the machine, affecting the machine&#8217;s normal running, even motor burns.<\/li> <\/ul>    <figure class=\"wp-block-image size-full\"><img loading=\"lazy\" decoding=\"async\" width=\"720\" height=\"540\" src=\"https:\/\/www.agriculture-machine.com\/wp-content\/uploads\/2023\/12\/automatic-white-rice-processing-equipment.webp\" alt=\"thi\u1ebft b\u1ecb x\u1eed l\u00fd g\u1ea1o tr\u1eafng t\u1ef1 \u0111\u1ed9ng\" class=\"wp-image-15375\" srcset=\"https:\/\/www.agriculture-machine.com\/wp-content\/uploads\/2023\/12\/automatic-white-rice-processing-equipment.webp 720w, https:\/\/www.agriculture-machine.com\/wp-content\/uploads\/2023\/12\/automatic-white-rice-processing-equipment-360x270.webp 360w, https:\/\/www.agriculture-machine.com\/wp-content\/uploads\/2023\/12\/automatic-white-rice-processing-equipment-240x180.webp 240w\" sizes=\"auto, (max-width: 720px) 100vw, 720px\" \/><figcaption class=\"wp-element-caption\">thi\u1ebft b\u1ecb x\u1eed l\u00fd g\u1ea1o tr\u1eafng t\u1ef1 \u0111\u1ed9ng<\/figcaption><\/figure>    <h2 class=\"wp-block-heading\">C\u00e1c c\u00f4ng d\u1ee5ng c\u1ee7a n\u1ec1n t\u1ea3ng khung th\u00e9p<\/h2>    <ul class=\"wp-block-list\"> <li>N\u1ec1n t\u1ea3ng d\u01b0\u1edbi c\u00f9ng d\u00f9ng \u0111\u1ec3 l\u00e0m cho t\u1ea5t c\u1ea3 c\u00e1c m\u00e1y c\u1ee7a d\u00e2y chuy\u1ec1n xay x\u00e1t v\u00e0 xay x\u00e1t l\u00faa g\u1ea1o \u1edf c\u00f9ng m\u1ed9t m\u1ee9c \u0111\u1ec3 k\u1ebft n\u1ed1i ch\u00fang ho\u1ea1t \u0111\u1ed9ng t\u1ed1t v\u1edbi nhau.<\/li>    <li>N\u1ec1n t\u1ea3ng tr\u00ean c\u00f9ng d\u00f9ng \u0111\u1ec3 ki\u1ec3m tra v\u00e0 s\u1eeda ch\u1eefa c\u00e1c thang m\u00e1y.<\/li>    <li>N\u1ebfu b\u1ea1n c\u00f3 th\u1ec3 t\u1ef1 x\u00e2y d\u1ef1ng n\u1ec1n m\u00f3ng b\u1eb1ng b\u00ea t\u00f4ng, b\u1ea1n c\u00f3 th\u1ec3 th\u00e1o b\u1ecf n\u00f3 v\u00e0 gi\u1ea3m chi ph\u00ed li\u00ean quan.<\/li> <\/ul>    <h2 class=\"wp-block-heading\">C\u00e1c tr\u01b0\u1eddng h\u1ee3p th\u00e0nh c\u00f4ng c\u1ee7a d\u00e2y chuy\u1ec1n xay x\u00e1t v\u00e0 xay x\u00e1t l\u00faa g\u1ea1o<\/h2>    <p>Our company&#8217;s rice milling unit production line has achieved remarkable success, not only recognized in the domestic market but also frequent transactions worldwide, involving more than ten countries including but not limited to Saudi Arabia, Vietnam, India, Pakistan, Bangladesh, Thailand, Nigeria, Kenya, Egypt, Brazil, Peru, and other countries.<\/p>    <figure class=\"wp-block-image size-full\"><img loading=\"lazy\" decoding=\"async\" width=\"720\" height=\"540\" src=\"https:\/\/www.agriculture-machine.com\/wp-content\/uploads\/2023\/12\/rice-milling-whitening-plant.webp\" alt=\"nh\u00e0 m\u00e1y xay x\u00e1t v\u00e0 l\u00e0m tr\u1eafng g\u1ea1o\" class=\"wp-image-15376\" srcset=\"https:\/\/www.agriculture-machine.com\/wp-content\/uploads\/2023\/12\/rice-milling-whitening-plant.webp 720w, https:\/\/www.agriculture-machine.com\/wp-content\/uploads\/2023\/12\/rice-milling-whitening-plant-360x270.webp 360w, https:\/\/www.agriculture-machine.com\/wp-content\/uploads\/2023\/12\/rice-milling-whitening-plant-240x180.webp 240w\" sizes=\"auto, (max-width: 720px) 100vw, 720px\" \/><figcaption class=\"wp-element-caption\">nh\u00e0 m\u00e1y xay x\u00e1t v\u00e0 l\u00e0m tr\u1eafng g\u1ea1o<\/figcaption><\/figure>    <p>D\u00e2y chuy\u1ec1n s\u1ea3n xu\u1ea5t \u0111\u01b0\u1ee3c trang b\u1ecb h\u1ec7 th\u1ed1ng \u0111i\u1ec1u khi\u1ec3n th\u00f4ng minh, d\u1ec5 v\u1eadn h\u00e0nh, gi\u1ea3m chi ph\u00ed lao \u0111\u1ed9ng v\u00e0 n\u00e2ng cao hi\u1ec7u qu\u1ea3 s\u1ea3n xu\u1ea5t. Ngo\u00e0i ra, sau thi\u1ebft k\u1ebf c\u1ea9n th\u1eadn, n\u00f3 c\u00f3 \u0111\u1eb7c \u0111i\u1ec3m \u1ed5n \u0111\u1ecbnh m\u1ea1nh m\u1ebd v\u00e0 \u0111\u1ed9 b\u1ec1n cao, gi\u00fap gi\u1ea3m chi ph\u00ed b\u1ea3o tr\u00ec thi\u1ebft b\u1ecb v\u00e0 k\u00e9o d\u00e0i tu\u1ed5i th\u1ecd. Nh\u1eefng l\u1ee3i th\u1ebf n\u00e0y l\u00e0m cho d\u00e2y chuy\u1ec1n s\u1ea3n xu\u1ea5t xay x\u00e1t g\u1ea1o c\u1ee7a ch\u00fang t\u00f4i n\u1ed5i b\u1eadt tr\u00ean th\u1ecb tr\u01b0\u1eddng v\u00e0 \u0111\u01b0\u1ee3c kh\u00e1ch h\u00e0ng \u0111\u00e1nh gi\u00e1 cao.<\/p>    <figure class=\"wp-block-image size-full\"><img loading=\"lazy\" decoding=\"async\" width=\"720\" height=\"540\" src=\"https:\/\/www.agriculture-machine.com\/wp-content\/uploads\/2023\/12\/40TPD-rice-husking-and-milling-line.webp\" alt=\"D\u00e2y chuy\u1ec1n xay x\u00e1t v\u00e0 xay x\u00e1t g\u1ea1o 40TPD\" class=\"wp-image-15377\" srcset=\"https:\/\/www.agriculture-machine.com\/wp-content\/uploads\/2023\/12\/40TPD-rice-husking-and-milling-line.webp 720w, https:\/\/www.agriculture-machine.com\/wp-content\/uploads\/2023\/12\/40TPD-rice-husking-and-milling-line-360x270.webp 360w, https:\/\/www.agriculture-machine.com\/wp-content\/uploads\/2023\/12\/40TPD-rice-husking-and-milling-line-240x180.webp 240w\" sizes=\"auto, (max-width: 720px) 100vw, 720px\" \/><figcaption class=\"wp-element-caption\">D\u00e2y chuy\u1ec1n xay x\u00e1t v\u00e0 xay x\u00e1t g\u1ea1o 40TPD<\/figcaption><\/figure>    <h2 class=\"wp-block-heading\">Ph\u00e2n lo\u1ea1i ph\u1ee5 ph\u1ea9m c\u1ee7a d\u00e2y chuy\u1ec1n xay x\u00e1t g\u1ea1o<\/h2>    <p>Ph\u1ea7n ph\u1ee5 ph\u1ea9m thu \u0111\u01b0\u1ee3c t\u1eeb d\u00e2y chuy\u1ec1n xay x\u00e1t v\u00e0 ho\u00e0n thi\u1ec7n s\u1ea3n ph\u1ea9m l\u00e0 h\u1ed7n h\u1ee3p c\u1ee7a c\u00e1m v\u00e0 th\u00f3c, ch\u1ee9a kh\u00f4ng ch\u1ec9 c\u00e1m g\u1ea1o v\u00e0 th\u00f3c g\u1ea1o (h\u1ea1t n\u1ed9i nh\u0169 c\u00f3 k\u00edch th\u01b0\u1edbc nh\u1ecf h\u01a1n g\u1ea1o v\u1ee1 nh\u1ecf), m\u00e0 c\u00f2n c\u1ea3 h\u1ea1t g\u1ea1o ho\u00e0n ch\u1ec9nh do v\u1ee1 l\u1ed7 s\u00e0ng ho\u1eb7c do v\u1eadn h\u00e0nh kh\u00f4ng \u0111\u00fang, v.v.<\/p>    <ul class=\"wp-block-list\"> <li>C\u00e1m g\u1ea1o c\u00f3 gi\u00e1 tr\u1ecb kinh t\u1ebf cao, kh\u00f4ng ch\u1ec9 \u0111\u1ec3 s\u1ea3n xu\u1ea5t d\u1ea7u c\u00e1m g\u1ea1o m\u00e0 c\u00f2n \u0111\u1ec3 chi\u1ebft xu\u1ea5t c\u00e1c s\u1ea3n ph\u1ea9m nh\u01b0 gluten, phytate canxi, v.v., c\u0169ng nh\u01b0 \u0111\u1ec3 s\u1ea3n xu\u1ea5t th\u1ee9c \u0103n ch\u0103n nu\u00f4i.<\/li>    <li>Th\u00e0nh ph\u1ea7n h\u00f3a h\u1ecdc c\u1ee7a th\u00f3c g\u1ea1o gi\u1ed1ng nh\u01b0 g\u1ea1o nguy\u00ean h\u1ea1t, v\u00ec v\u1eady c\u00f3 th\u1ec3 d\u00f9ng l\u00e0m nguy\u00ean li\u1ec7u \u0111\u1ec3 s\u1ea3n xu\u1ea5t \u0111\u01b0\u1eddng v\u00e0 r\u01b0\u1ee3u.<\/li>    <li>H\u1ea1t g\u1ea1o nguy\u00ean c\u1ea7n \u0111\u01b0\u1ee3c \u0111\u01b0a tr\u1edf l\u1ea1i nh\u00e0 m\u00e1y xay x\u00e1t \u0111\u1ec3 xay th\u00eam nh\u1eb1m \u0111\u1ea1t n\u0103ng su\u1ea5t cao h\u01a1n.<\/li>    <li>G\u1ea1o v\u1ee1 c\u00f3 th\u1ec3 d\u00f9ng \u0111\u1ec3 s\u1ea3n xu\u1ea5t b\u1ed9t g\u1ea1o gi\u00e0u protein, l\u00e0m \u0111\u1ed3 u\u1ed1ng, l\u00e0m r\u01b0\u1ee3u, v\u00e0 ch\u00e1o ti\u1ec7n l\u1ee3i.<\/li> <\/ul>    <figure class=\"wp-block-image size-full\"><img loading=\"lazy\" decoding=\"async\" width=\"720\" height=\"540\" src=\"https:\/\/www.agriculture-machine.com\/wp-content\/uploads\/2023\/12\/white-rice-processing.webp\" alt=\"x\u1eed l\u00fd g\u1ea1o tr\u1eafng\" class=\"wp-image-15372\" srcset=\"https:\/\/www.agriculture-machine.com\/wp-content\/uploads\/2023\/12\/white-rice-processing.webp 720w, https:\/\/www.agriculture-machine.com\/wp-content\/uploads\/2023\/12\/white-rice-processing-360x270.webp 360w, https:\/\/www.agriculture-machine.com\/wp-content\/uploads\/2023\/12\/white-rice-processing-240x180.webp 240w\" sizes=\"auto, (max-width: 720px) 100vw, 720px\" \/><figcaption class=\"wp-element-caption\">x\u1eed l\u00fd g\u1ea1o tr\u1eafng<\/figcaption><\/figure>    <p>V\u00ec m\u1ee5c \u0111\u00edch n\u00e0y, c\u1ea7n ph\u1ea3i t\u00e1ch ri\u00eang c\u00e1m g\u1ea1o, th\u00f3c g\u1ea1o, g\u1ea1o v\u1ee1 v\u00e0 g\u1ea1o nguy\u00ean h\u1ea1t \u0111\u1ec3 s\u1eed d\u1ee5ng t\u1ed1t nh\u1ea5t, g\u1ecdi l\u00e0 ph\u00e2n lo\u1ea1i ph\u1ee5 ph\u1ea9m.<\/p>    <p class=\"translation-block\">N\u1ebfu b\u1ea1n quan t\u00e2m \u0111\u1ebfn c\u00f4ng ngh\u1ec7 x\u1eed l\u00fd g\u1ea1o tr\u1eafng c\u1ee7a d\u00e2y chuy\u1ec1n xay x\u00e1t v\u00e0 xay x\u00e1t l\u00faa g\u1ea1o, ch\u00e0o m\u1eebng b\u1ea1n \u0111\u1ebfn th\u0103m trang n\u00e0y: <a href=\"https:\/\/www.agriculture-machine.com\/vi\/rice-mill-category\/\"><strong>https:\/\/www.agriculture-machine.com\/rice-mill-category\/<\/strong><\/a> \u0111\u1ec3 xem th\u00eam c\u00e1c c\u1ea5u h\u00ecnh, v\u00e0 b\u1ea1n lu\u00f4n c\u00f3 th\u1ec3 li\u00ean h\u1ec7 v\u1edbi ch\u00fang t\u00f4i, ch\u00fang t\u00f4i thi\u1ebft k\u1ebf ch\u01b0\u01a1ng tr\u00ecnh ph\u00f9 h\u1ee3p nh\u1ea5t cho b\u1ea1n.<\/p>","protected":false},"excerpt":{"rendered":"<p>Taizy&#8217;s 30 tons per day output paddy husking and milling line is a set of highly efficient automated rice processing systems. The line includes a storage bin, water polishing, color sorting, and necessary essential infrastructure equipment, providing an integrated solution for farmers and rice processors, and reliable support for the modernization of the agricultural production [&hellip;]<\/p>\n","protected":false},"author":1,"featured_media":15398,"parent":0,"comment_status":"closed","ping_status":"closed","template":"","tags":[796],"product-type":[875,906],"class_list":["post-15370","product","type-product","status-publish","has-post-thumbnail","hentry","tag-rice","product-type-rice-mill-category","product-type-rice-mill-production-line"],"_links":{"self":[{"href":"https:\/\/www.agriculture-machine.com\/vi\/wp-json\/wp\/v2\/product\/15370","targetHints":{"allow":["GET"]}}],"collection":[{"href":"https:\/\/www.agriculture-machine.com\/vi\/wp-json\/wp\/v2\/product"}],"about":[{"href":"https:\/\/www.agriculture-machine.com\/vi\/wp-json\/wp\/v2\/types\/product"}],"author":[{"embeddable":true,"href":"https:\/\/www.agriculture-machine.com\/vi\/wp-json\/wp\/v2\/users\/1"}],"replies":[{"embeddable":true,"href":"https:\/\/www.agriculture-machine.com\/vi\/wp-json\/wp\/v2\/comments?post=15370"}],"wp:featuredmedia":[{"embeddable":true,"href":"https:\/\/www.agriculture-machine.com\/vi\/wp-json\/wp\/v2\/media\/15398"}],"wp:attachment":[{"href":"https:\/\/www.agriculture-machine.com\/vi\/wp-json\/wp\/v2\/media?parent=15370"}],"wp:term":[{"taxonomy":"post_tag","embeddable":true,"href":"https:\/\/www.agriculture-machine.com\/vi\/wp-json\/wp\/v2\/tags?post=15370"},{"taxonomy":"product-type","embeddable":true,"href":"https:\/\/www.agriculture-machine.com\/vi\/wp-json\/wp\/v2\/product-type?post=15370"}],"curies":[{"name":"wp","href":"https:\/\/api.w.org\/{rel}","templated":true}]}}