{"id":15378,"date":"2023-12-08T15:22:17","date_gmt":"2023-12-08T07:22:17","guid":{"rendered":"https:\/\/www.agriculture-machine.com\/?post_type=product&#038;p=15378"},"modified":"2024-09-18T15:45:09","modified_gmt":"2024-09-18T07:45:09","slug":"60tpd-rice-processing-unit","status":"publish","type":"product","link":"https:\/\/www.agriculture-machine.com\/vi\/60tpd-rice-processing-unit\/","title":{"rendered":"B\u1ed9 x\u1eed l\u00fd g\u1ea1o ho\u00e0n ch\u1ec9nh 50-60 t\u1ea5n\/ng\u00e0y"},"content":{"rendered":"<p>D\u00e2y chuy\u1ec1n x\u1eed l\u00fd g\u1ea1o n\u00e0y \u0111\u01b0\u1ee3c thi\u1ebft k\u1ebf \u0111\u1eb7c bi\u1ec7t \u0111\u1ec3 x\u1eed l\u00fd 50-60 t\u1ea5n l\u00faa m\u1ed7i ng\u00e0y, \u0111\u1ea3m b\u1ea3o n\u0103ng su\u1ea5t v\u00e0 ch\u1ea5t l\u01b0\u1ee3ng g\u1ea1o cao, ph\u00f9 h\u1ee3p cho c\u00e1c nh\u00e0 m\u00e1y g\u1ea1o l\u1edbn ho\u1eb7c doanh nghi\u1ec7p ch\u1ebf bi\u1ebfn h\u1ea1t l\u1edbn.<\/p>    <p>D\u00e2y chuy\u1ec1n s\u1ea3n xu\u1ea5t n\u00e0y c\u00f3 th\u1ec3 t\u00f9y ch\u1ec9nh v\u1edbi c\u00e1c c\u1ea5u h\u00ecnh kh\u00e1c nhau theo nhu c\u1ea7u c\u1ee7a ng\u01b0\u1eddi d\u00f9ng. N\u00f3 kh\u00f4ng ch\u1ec9 n\u00e2ng cao hi\u1ec7u qu\u1ea3 s\u1ea3n xu\u1ea5t g\u1ea1o m\u00e0 c\u00f2n mang l\u1ea1i ti\u1ebft ki\u1ec7m chi ph\u00ed \u0111\u00e1ng k\u1ec3, cung c\u1ea5p gi\u1ea3i ph\u00e1p s\u1ea3n xu\u1ea5t \u0111\u00e1ng tin c\u1eady, hi\u1ec7u qu\u1ea3 v\u00e0 ti\u00ean ti\u1ebfn cho c\u00e1c nh\u00e0 s\u1ea3n xu\u1ea5t g\u1ea1o.<\/p>    <figure class=\"wp-block-image size-full\"><img loading=\"lazy\" decoding=\"async\" width=\"720\" height=\"540\" src=\"https:\/\/www.agriculture-machine.com\/wp-content\/uploads\/2023\/12\/60TPD-rice-processing-unit.webp\" alt=\"D\u00e2y chuy\u1ec1n x\u1eed l\u00fd g\u1ea1o 60TPD\" class=\"wp-image-15380\" srcset=\"https:\/\/www.agriculture-machine.com\/wp-content\/uploads\/2023\/12\/60TPD-rice-processing-unit.webp 720w, https:\/\/www.agriculture-machine.com\/wp-content\/uploads\/2023\/12\/60TPD-rice-processing-unit-360x270.webp 360w, https:\/\/www.agriculture-machine.com\/wp-content\/uploads\/2023\/12\/60TPD-rice-processing-unit-240x180.webp 240w\" sizes=\"auto, (max-width: 720px) 100vw, 720px\" \/><figcaption class=\"wp-element-caption\">D\u00e2y chuy\u1ec1n x\u1eed l\u00fd g\u1ea1o 60TPD<\/figcaption><\/figure>    <h2 class=\"wp-block-heading\">C\u1ea5u tr\u00fac ch\u00ednh c\u1ee7a d\u00e2y chuy\u1ec1n x\u1eed l\u00fd g\u1ea1o 60TPD<\/h2>    <p class=\"translation-block\">C\u00e1c th\u00e0nh ph\u1ea7n c\u1ee7a d\u00e2y chuy\u1ec1n n\u00e0y \u0111\u01b0\u1ee3c tr\u00ecnh b\u00e0y d\u01b0\u1edbi \u0111\u00e2y. C\u1ea7n l\u01b0u \u00fd r\u1eb1ng trong m\u1ed9t <strong><a href=\"https:\/\/www.agriculture-machine.com\/vi\/40ton-paddy-husking-and-milling-line\/\">d\u00e2y chuy\u1ec1n s\u1ea3n xu\u1ea5t c\u00f4ng su\u1ea5t 40 t\u1ea5n m\u1ed7i ng\u00e0y<\/a><\/strong>, c\u00f3 th\u1ec3 s\u1eed d\u1ee5ng 2 ho\u1eb7c 3 m\u00e1y xay x\u00e1t g\u1ea1o, nh\u01b0ng trong tr\u01b0\u1eddng h\u1ee3p n\u00e0y v\u1edbi c\u00f4ng su\u1ea5t 50-60 t\u1ea5n, ph\u1ea3i s\u1eed d\u1ee5ng ba m\u00e1y.<\/p>    <figure class=\"wp-block-image size-full\"><img loading=\"lazy\" decoding=\"async\" width=\"720\" height=\"540\" src=\"https:\/\/www.agriculture-machine.com\/wp-content\/uploads\/2023\/12\/rice-processing-equipment.webp\" alt=\"Thi\u1ebft b\u1ecb x\u1eed l\u00fd g\u1ea1o\" class=\"wp-image-15381\" srcset=\"https:\/\/www.agriculture-machine.com\/wp-content\/uploads\/2023\/12\/rice-processing-equipment.webp 720w, https:\/\/www.agriculture-machine.com\/wp-content\/uploads\/2023\/12\/rice-processing-equipment-360x270.webp 360w, https:\/\/www.agriculture-machine.com\/wp-content\/uploads\/2023\/12\/rice-processing-equipment-240x180.webp 240w\" sizes=\"auto, (max-width: 720px) 100vw, 720px\" \/><figcaption class=\"wp-element-caption\">Thi\u1ebft b\u1ecb x\u1eed l\u00fd g\u1ea1o<\/figcaption><\/figure>    <h2 class=\"wp-block-heading\">M\u1ee5c \u0111\u00edch v\u00e0 y\u00eau c\u1ea7u c\u1ee7a xay x\u00e1t g\u1ea1o<\/h2>    <p class=\"translation-block\">Xay x\u00e1t g\u1ea1o chi\u1ebfm v\u1ecb tr\u00ed quan tr\u1ecdng trong to\u00e0n b\u1ed9 <strong><a href=\"https:\/\/www.agriculture-machine.com\/vi\/rice-milling-plant-machine\/\">quy tr\u00ecnh l\u00e0m g\u1ea1o tr\u1eafng<\/a><\/strong>, l\u00e0 qu\u00e1 tr\u00ecnh quan tr\u1ecdng nh\u1ea5t c\u1ee7a ch\u1ebf bi\u1ebfn g\u1ea1o, c\u0169ng l\u00e0 b\u01b0\u1edbc quan tr\u1ecdng \u0111\u1ec3 \u0111\u1ea3m b\u1ea3o ch\u1ea5t l\u01b0\u1ee3ng g\u1ea1o, n\u00e2ng cao n\u0103ng su\u1ea5t g\u1ea1o v\u00e0 gi\u1ea3m ti\u00eau th\u1ee5 \u0111i\u1ec7n n\u0103ng.<\/p>    <ul class=\"wp-block-list\"> <li>L\u1edbp ngo\u00e0i c\u1ee7a g\u1ea1o l\u1ee9t ch\u1ee9a nhi\u1ec1u ch\u1ea5t x\u01a1 th\u00f4, c\u01a1 th\u1ec3 ng\u01b0\u1eddi kh\u00f3 ti\u00eau h\u00f3a; ngo\u00e0i ra, g\u1ea1o l\u1ee9t kh\u00f4ng d\u1ec5 h\u1ea5p th\u1ee5 n\u01b0\u1edbc v\u00e0 m\u1edf r\u1ed9ng, kh\u00f4ng ch\u1ec9 t\u0103ng th\u1eddi gian n\u1ea5u, gi\u1ea3m t\u1ef7 l\u1ec7 g\u1ea1o, m\u00e0 c\u00f2n c\u00f3 m\u00e0u t\u1ed1i, \u0111\u1ed9 nh\u1edbt k\u00e9m, v\u1ecb kh\u00f4ng ngon. Do \u0111\u00f3, g\u1ea1o l\u1ee9t ph\u1ea3i \u0111\u01b0\u1ee3c lo\u1ea1i b\u1ecf v\u1ecf qua b\u1ed9 ph\u1eadn ch\u1ebf bi\u1ebfn g\u1ea1o.<\/li>    <li>M\u1ee9c \u0111\u1ed9 b\u00f3c v\u1ecf c\u1ee7a g\u1ea1o l\u1ee9t quy\u1ebft \u0111\u1ecbnh \u0111\u1ed9 ch\u00ednh x\u00e1c c\u1ee7a g\u1ea1o. G\u1ea1o l\u1ee9t c\u00e0ng \u0111\u01b0\u1ee3c b\u00f3c v\u1ecf nhi\u1ec1u, th\u00e0nh ph\u1ea9m g\u1ea1o c\u00e0ng ch\u00ednh x\u00e1c, m\u1eb7c d\u00f9 m\u1ea5t \u0111i nhi\u1ec1u d\u01b0\u1ee1ng ch\u1ea5t h\u01a1n. C\u00e1c lo\u1ea1i g\u1ea1o kh\u00e1c nhau, ngo\u00e0i c\u00e1c m\u1ee9c \u0111\u1ed9 gi\u1eef l\u1ea1i v\u1ecf kh\u00e1c nhau, c\u00f2n c\u00f3 c\u00e1c ti\u00eau ch\u00ed kh\u00e1c nh\u01b0 t\u1ea1p ch\u1ea5t, g\u00e3y, v.v.<\/li> <\/ul>    <figure class=\"wp-block-image size-full\"><img loading=\"lazy\" decoding=\"async\" width=\"720\" height=\"540\" src=\"https:\/\/www.agriculture-machine.com\/wp-content\/uploads\/2023\/12\/grain-processing-and-rice-polishing-machine.webp\" alt=\"M\u00e1y x\u1eed l\u00fd v\u00e0 \u0111\u00e1nh b\u00f3ng g\u1ea1o\" class=\"wp-image-15382\" srcset=\"https:\/\/www.agriculture-machine.com\/wp-content\/uploads\/2023\/12\/grain-processing-and-rice-polishing-machine.webp 720w, https:\/\/www.agriculture-machine.com\/wp-content\/uploads\/2023\/12\/grain-processing-and-rice-polishing-machine-360x270.webp 360w, https:\/\/www.agriculture-machine.com\/wp-content\/uploads\/2023\/12\/grain-processing-and-rice-polishing-machine-240x180.webp 240w\" sizes=\"auto, (max-width: 720px) 100vw, 720px\" \/><figcaption class=\"wp-element-caption\">M\u00e1y x\u1eed l\u00fd v\u00e0 \u0111\u00e1nh b\u00f3ng g\u1ea1o<\/figcaption><\/figure>    <p>Trong b\u1ed9 ph\u1eadn x\u1eed l\u00fd g\u1ea1o l\u1ee9t, m\u00e1y c\u1ee7a ch\u00fang t\u00f4i c\u00f3 th\u1ec3 \u0111\u1ea1t ti\u00eau chu\u1ea9n ch\u1ea5t l\u01b0\u1ee3ng theo quy \u0111\u1ecbnh, gi\u1eef nguy\u00ean v\u1eb9n h\u1ea1t g\u1ea1o, gi\u1ea3m g\u1ea1o g\u00e3y, n\u00e2ng cao \u0111\u1ed9 b\u1ec1n c\u1ee7a g\u1ea1o, gi\u1ea3m chi ph\u00ed v\u00e0 \u0111\u1ea3m b\u1ea3o an to\u00e0n s\u1ea3n xu\u1ea5t.<\/p>    <h2 class=\"wp-block-heading\">S\u1ea3n ph\u1ea9m ho\u00e0n thi\u1ec7n c\u1ee7a m\u00e1y xay x\u00e1t g\u1ea1o th\u01b0\u01a1ng m\u1ea1i k\u1ebft h\u1ee3p<\/h2>    <ul class=\"wp-block-list\"> <li>Sau khi m\u00e1y xay x\u00e1t g\u1ea1o tr\u1eafng xay x\u00e1t, tr\u1ed9n l\u1eabn v\u1edbi tr\u1ea5u v\u00e0 g\u1ea1o v\u1ee1, nhi\u1ec7t \u0111\u1ed9 g\u1ea1o t\u01b0\u01a1ng \u0111\u1ed1i cao, \u0111i\u1ec1u n\u00e0y kh\u00f4ng ch\u1ec9 \u1ea3nh h\u01b0\u1edfng \u0111\u1ebfn ch\u1ea5t l\u01b0\u1ee3ng th\u00e0nh ph\u1ea9m m\u00e0 c\u00f2n kh\u00f4ng c\u00f3 l\u1ee3i cho vi\u1ec7c b\u1ea3o qu\u1ea3n g\u1ea1o.<\/li>    <li>Do \u0111\u00f3, g\u1ea1o tr\u1eafng th\u00e0nh ph\u1ea9m tr\u01b0\u1edbc khi \u0111\u00f3ng g\u00f3i ph\u1ea3i \u0111\u01b0\u1ee3c s\u00e0ng l\u1ecdc, \u0111\u1ec3 g\u1ea1o th\u00e0nh ph\u1ea9m ch\u1ee9a tr\u1ea5u, t\u1ef7 l\u1ec7 g\u00e3y ph\u00f9 h\u1ee3p v\u1edbi ti\u00eau chu\u1ea9n, \u0111\u1ec3 nhi\u1ec7t \u0111\u1ed9 c\u1ee7a g\u1ea1o gi\u1ea3m xu\u1ed1ng ph\u1ea1m vi l\u01b0u tr\u1eef, v\u00e0 c\u0169ng theo quy \u0111\u1ecbnh qu\u1ed1c gia v\u1ec1 ti\u00eau chu\u1ea9n g\u1ea1o g\u00e3y trong th\u00e0nh ph\u1ea9m.<\/li>    <li>In addition, the people&#8217;s standard of living has been improved, and high taste and high-quality rice is gradually favored by consumers so that the rice can be surface treated so that it is crystal clear.<\/li>    <li>C\u00f3 th\u1ec3 lo\u1ea1i b\u1ecf m\u00e0u s\u1eafc c\u1ee7a h\u1ea1t g\u1ea1o (ch\u1ee7 y\u1ebfu l\u00e0 g\u1ea1o v\u00e0ng, t\u1ee9c l\u00e0 n\u1ed9i nh\u0169 c\u00f3 m\u00e0u v\u00e0ng, v\u00e0 m\u00e0u s\u1eafc b\u00ecnh th\u01b0\u1eddng c\u1ee7a h\u1ea1t g\u1ea1o kh\u00e1c v\u1edbi m\u00e0u c\u1ee7a h\u1ea1t g\u1ea1o) \u0111\u1ec3 n\u00e2ng cao gi\u00e1 tr\u1ecb th\u01b0\u01a1ng m\u1ea1i v\u00e0 c\u1ea3i thi\u1ec7n ch\u1ea5t l\u01b0\u1ee3ng th\u1ef1c ph\u1ea9m.<\/li> <\/ul>    <figure class=\"wp-block-image size-full\"><img loading=\"lazy\" decoding=\"async\" width=\"720\" height=\"540\" src=\"https:\/\/www.agriculture-machine.com\/wp-content\/uploads\/2023\/12\/grain-paddy-rice-processing-unit.webp\" alt=\"B\u1ed9 ph\u1eadn x\u1eed l\u00fd g\u1ea1o l\u00faa\" class=\"wp-image-15384\" srcset=\"https:\/\/www.agriculture-machine.com\/wp-content\/uploads\/2023\/12\/grain-paddy-rice-processing-unit.webp 720w, https:\/\/www.agriculture-machine.com\/wp-content\/uploads\/2023\/12\/grain-paddy-rice-processing-unit-360x270.webp 360w, https:\/\/www.agriculture-machine.com\/wp-content\/uploads\/2023\/12\/grain-paddy-rice-processing-unit-240x180.webp 240w\" sizes=\"auto, (max-width: 720px) 100vw, 720px\" \/><figcaption class=\"wp-element-caption\">B\u1ed9 ph\u1eadn x\u1eed l\u00fd g\u1ea1o l\u00faa<\/figcaption><\/figure>    <h2 class=\"wp-block-heading\">D\u1ecbch v\u1ee5 h\u1eadu m\u00e3i v\u00e0 l\u1eafp \u0111\u1eb7t<\/h2>    <ul class=\"wp-block-list\"> <li>Ch\u00fang t\u00f4i c\u00f3 th\u1ec3 thi\u1ebft k\u1ebf b\u1ea3n v\u1ebd l\u1eafp \u0111\u1eb7t theo \u0111\u1ecba \u0111i\u1ec3m x\u1eed l\u00fd c\u1ee7a b\u1ea1n, v.v., v\u00e0 \u0111\u1ea3m b\u1ea3o d\u1ecbch v\u1ee5 l\u1eafp \u0111\u1eb7t t\u1ea1i ch\u1ed7 nhanh ch\u00f3ng v\u00e0 ch\u00ednh x\u00e1c sau khi b\u1ea1n mua c\u00e1c d\u00e2y chuy\u1ec1n x\u1eed l\u00fd g\u1ea1o c\u1ee7a ch\u00fang t\u00f4i.<\/li>    <li>Ngo\u00e0i ra, ch\u00fang t\u00f4i cung c\u1ea5p \u0111\u1ea7y \u0111\u1ee7 c\u00e1c kh\u00f3a \u0111\u00e0o t\u1ea1o \u0111\u1ec3 \u0111\u1ea3m b\u1ea3o kh\u00e1ch h\u00e0ng hi\u1ec3u c\u00e1ch v\u1eadn h\u00e0nh v\u00e0 b\u1ea3o tr\u00ec thi\u1ebft b\u1ecb \u0111\u00fang c\u00e1ch.<\/li>    <li>\u0110\u1ed9i ng\u0169 d\u1ecbch v\u1ee5 h\u1eadu m\u00e3i c\u1ee7a ch\u00fang t\u00f4i lu\u00f4n s\u1eb5n s\u00e0ng \u0111\u1ec3 \u0111\u1ea3m b\u1ea3o ph\u1ea3n h\u1ed3i nhanh ch\u00f3ng c\u00e1c v\u1ea5n \u0111\u1ec1 g\u1eb7p ph\u1ea3i trong qu\u00e1 tr\u00ecnh v\u1eadn h\u00e0nh thi\u1ebft b\u1ecb v\u00e0 cung c\u1ea5p h\u1ed7 tr\u1ee3 t\u1eeb xa ho\u1eb7c d\u1ecbch v\u1ee5 t\u1ea1i ch\u1ed7.<\/li> <\/ul>    <figure class=\"wp-block-image size-full\"><img loading=\"lazy\" decoding=\"async\" width=\"720\" height=\"540\" src=\"https:\/\/www.agriculture-machine.com\/wp-content\/uploads\/2023\/12\/60TPD-rice-processing-unit-drawing.webp\" alt=\"B\u1ea3n v\u1ebd d\u00e2y chuy\u1ec1n x\u1eed l\u00fd g\u1ea1o 60TPD\" class=\"wp-image-15383\" srcset=\"https:\/\/www.agriculture-machine.com\/wp-content\/uploads\/2023\/12\/60TPD-rice-processing-unit-drawing.webp 720w, https:\/\/www.agriculture-machine.com\/wp-content\/uploads\/2023\/12\/60TPD-rice-processing-unit-drawing-360x270.webp 360w, https:\/\/www.agriculture-machine.com\/wp-content\/uploads\/2023\/12\/60TPD-rice-processing-unit-drawing-240x180.webp 240w\" sizes=\"auto, (max-width: 720px) 100vw, 720px\" \/><figcaption class=\"wp-element-caption\">B\u1ea3n v\u1ebd d\u00e2y chuy\u1ec1n x\u1eed l\u00fd g\u1ea1o 60TPD<\/figcaption><\/figure>    <p>Cu\u1ed1i c\u00f9ng, ch\u00fang t\u00f4i c\u0169ng c\u00f3 th\u1ec3 thi\u1ebft k\u1ebf v\u00e0 s\u1ea3n xu\u1ea5t d\u00e2y chuy\u1ec1n x\u1eed l\u00fd g\u1ea1o v\u1edbi c\u00f4ng su\u1ea5t 100 t\u1ea5n m\u1ed7i ng\u00e0y, nh\u01b0 h\u00ecnh d\u01b0\u1edbi \u0111\u00e2y \u0111\u1ec3 tham kh\u1ea3o:<\/p>    <figure class=\"wp-block-image size-full\"><img loading=\"lazy\" decoding=\"async\" width=\"720\" height=\"540\" src=\"https:\/\/www.agriculture-machine.com\/wp-content\/uploads\/2023\/12\/paddy-rice-milling-plant-drawing.webp\" alt=\"B\u1ea3n v\u1ebd nh\u00e0 m\u00e1y xay x\u00e1t g\u1ea1o l\u00faa\" class=\"wp-image-15385\" srcset=\"https:\/\/www.agriculture-machine.com\/wp-content\/uploads\/2023\/12\/paddy-rice-milling-plant-drawing.webp 720w, https:\/\/www.agriculture-machine.com\/wp-content\/uploads\/2023\/12\/paddy-rice-milling-plant-drawing-360x270.webp 360w, https:\/\/www.agriculture-machine.com\/wp-content\/uploads\/2023\/12\/paddy-rice-milling-plant-drawing-240x180.webp 240w\" sizes=\"auto, (max-width: 720px) 100vw, 720px\" \/><figcaption class=\"wp-element-caption\">B\u1ea3n v\u1ebd nh\u00e0 m\u00e1y xay x\u00e1t g\u1ea1o l\u00faa<\/figcaption><\/figure>    <p>Ch\u00e0o m\u1eebng b\u1ea1n truy c\u1eadp trang web n\u00e0y \u0111\u1ec3 bi\u1ebft th\u00eam c\u00e1c c\u1ea5u h\u00ecnh v\u00e0 s\u1ea3n l\u01b0\u1ee3ng x\u1eed l\u00fd g\u1ea1o kh\u00e1c nhau, v\u00e0 b\u1ea1n lu\u00f4n c\u00f3 th\u1ec3 li\u00ean h\u1ec7 v\u1edbi ch\u00fang t\u00f4i \u0111\u1ec3 bi\u1ebft th\u00eam th\u00f4ng tin v\u1ec1 tham s\u1ed1 v\u00e0 b\u00e1o gi\u00e1.<\/p>","protected":false},"excerpt":{"rendered":"<p>This rice processing unit production line is uniquely designed to handle 50-60 tons of paddy per day, ensuring high yield and quality of rice, and is suitable for large-scale rice mills or grain processing enterprises. This production line can be customized with different configurations according to user needs. It not only improves rice production efficiency [&hellip;]<\/p>\n","protected":false},"author":1,"featured_media":15379,"parent":0,"comment_status":"closed","ping_status":"closed","template":"","tags":[796],"product-type":[875,906],"class_list":["post-15378","product","type-product","status-publish","has-post-thumbnail","hentry","tag-rice","product-type-rice-mill-category","product-type-rice-mill-production-line"],"_links":{"self":[{"href":"https:\/\/www.agriculture-machine.com\/vi\/wp-json\/wp\/v2\/product\/15378","targetHints":{"allow":["GET"]}}],"collection":[{"href":"https:\/\/www.agriculture-machine.com\/vi\/wp-json\/wp\/v2\/product"}],"about":[{"href":"https:\/\/www.agriculture-machine.com\/vi\/wp-json\/wp\/v2\/types\/product"}],"author":[{"embeddable":true,"href":"https:\/\/www.agriculture-machine.com\/vi\/wp-json\/wp\/v2\/users\/1"}],"replies":[{"embeddable":true,"href":"https:\/\/www.agriculture-machine.com\/vi\/wp-json\/wp\/v2\/comments?post=15378"}],"wp:featuredmedia":[{"embeddable":true,"href":"https:\/\/www.agriculture-machine.com\/vi\/wp-json\/wp\/v2\/media\/15379"}],"wp:attachment":[{"href":"https:\/\/www.agriculture-machine.com\/vi\/wp-json\/wp\/v2\/media?parent=15378"}],"wp:term":[{"taxonomy":"post_tag","embeddable":true,"href":"https:\/\/www.agriculture-machine.com\/vi\/wp-json\/wp\/v2\/tags?post=15378"},{"taxonomy":"product-type","embeddable":true,"href":"https:\/\/www.agriculture-machine.com\/vi\/wp-json\/wp\/v2\/product-type?post=15378"}],"curies":[{"name":"wp","href":"https:\/\/api.w.org\/{rel}","templated":true}]}}