{"id":15641,"date":"2024-01-25T14:30:54","date_gmt":"2024-01-25T06:30:54","guid":{"rendered":"https:\/\/www.agriculture-machine.com\/?post_type=product&#038;p=15641"},"modified":"2025-08-25T16:48:08","modified_gmt":"2025-08-25T08:48:08","slug":"silage-spreader-feeding-car","status":"publish","type":"product","link":"https:\/\/www.agriculture-machine.com\/vi\/silage-spreader-feeding-car\/","title":{"rendered":"M\u00e1y tr\u1ed9n c\u1ecf \u0111i\u1ec7n v\u00e0 m\u00e1y r\u1ea3i silage cho ch\u0103n nu\u00f4i"},"content":{"rendered":"<p>M\u00e1y r\u1ea3i th\u1ee9c \u0103n \u1ee7 chua ch\u1ee7 y\u1ebfu d\u00f9ng \u0111\u1ec3 tr\u1ed9n \u0111\u1ec1u th\u1ee9c \u0103n \u1ee7 chua ho\u1eb7c th\u1ee9c \u0103n kh\u00e1c r\u1ed3i nhanh ch\u00f3ng v\u00e0 \u0111\u1ec1u \u0111\u1eb7n r\u1ea3i v\u00e0o khu v\u1ef1c cho \u0103n c\u1ee7a gia s\u00fac v\u00e0 c\u1eebu. S\u1eed d\u1ee5ng thi\u1ebft b\u1ecb n\u00e0y c\u00f3 th\u1ec3 t\u0103ng hi\u1ec7u qu\u1ea3 s\u1eed d\u1ee5ng th\u1ee9c \u0103n t\u1eeb 15%-20%, gi\u1ea3m thi\u1ec3u l\u00e3ng ph\u00ed.<\/p>    <p>M\u00e1y n\u00e0y t\u00edch h\u1ee3p c\u00e1c ch\u1ee9c n\u0103ng tr\u1ed9n, v\u1eadn chuy\u1ec3n v\u00e0 r\u1ea3i, v\u1eadn h\u00e0nh thu\u1eadn ti\u1ec7n v\u00e0 hi\u1ec7u qu\u1ea3 cao, cho ph\u00e9p ph\u00e2n ph\u1ed1i th\u1ee9c \u0103n khoa h\u1ecdc v\u00e0 quy m\u00f4 l\u1edbn.<\/p>    <p>N\u00f3 kh\u00f4ng ch\u1ec9 n\u00e2ng cao hi\u1ec7u qu\u1ea3 cho \u0103n v\u00e0 ti\u00eau chu\u1ea9n qu\u1ea3n l\u00fd trang tr\u1ea1i m\u00e0 c\u00f2n \u0111\u1ea3m b\u1ea3o gia s\u00fac nh\u1eadn \u0111\u01b0\u1ee3c dinh d\u01b0\u1ee1ng c\u00e2n \u0111\u1ed1i, th\u00fac \u0111\u1ea9y s\u1ef1 ph\u00e1t tri\u1ec3n kh\u1ecfe m\u1ea1nh v\u00e0 gi\u1ea3m chi ph\u00ed cho \u0103n.<\/p>    <figure class=\"wp-block-embed aligncenter is-type-video is-provider-youtube wp-block-embed-youtube wp-embed-aspect-16-9 wp-has-aspect-ratio\"><div class=\"wp-block-embed__wrapper\"> <iframe loading=\"lazy\" title=\"Hi\u1ec7u qu\u1ea3 x\u1eed l\u00fd \u1ee7 chua! Video ho\u1ea1t \u0111\u1ed9ng tr\u1ef1c ti\u1ebfp c\u1ee7a xe tr\u1ed9n c\u1ecf v\u00e0 m\u00e1y r\u1ea3i th\u1ee9c \u0103n \u1ee7 chua#silage\" width=\"500\" height=\"281\" src=\"https:\/\/www.youtube.com\/embed\/OP465T0OIl0?feature=oembed\" frameborder=\"0\" allow=\"accelerometer; autoplay; clipboard-write; encrypted-media; gyroscope; picture-in-picture; web-share\" referrerpolicy=\"strict-origin-when-cross-origin\" allowfullscreen><\/iframe> <\/div><figcaption class=\"wp-element-caption\">Video ho\u1ea1t \u0111\u1ed9ng c\u1ee7a m\u00e1y cho gia c\u1ea7m<\/figcaption><\/figure>    <h2 class=\"wp-block-heading\">\u1ee8ng d\u1ee5ng m\u00e1y r\u1ea3i th\u1ee9c \u0103n \u1ee7 chua<\/h2>    <ul class=\"wp-block-list\"> <li>Ch\u0103n nu\u00f4i gia s\u00fac cho c\u00e1c trang tr\u1ea1i: ph\u00f9 h\u1ee3p cho c\u00e1c trang tr\u1ea1i l\u1edbn v\u00e0 ch\u0103n nu\u00f4i gia \u0111\u00ecnh, h\u1ec7 th\u1ed1ng n\u00e0y \u0111\u01b0\u1ee3c thi\u1ebft k\u1ebf \u0111\u1ec3 cho \u0103n c\u00e1c lo\u1ea1i gia s\u00fac nhai l\u1ea1i nh\u01b0 b\u00f2 v\u00e0 c\u1eebu b\u1eb1ng c\u1ecf \u1ee7 chua, r\u01a1m, th\u1ee9c \u0103n c\u1ecf v\u00e0 th\u1ee9c \u0103n vi\u00ean.<\/li>    <li>T\u01b0\u01a1ng th\u00edch v\u1edbi nhi\u1ec1u lo\u1ea1i th\u1ee9c \u0103n: c\u00f3 kh\u1ea3 n\u0103ng x\u1eed l\u00fd c\u00e1c lo\u1ea1i th\u1ee9c \u0103n kh\u00e1c nhau bao g\u1ed3m c\u1ecf ng\u00f4, c\u00e1m r\u01a1m, hay, th\u1ee9c \u0103n h\u1ed7n h\u1ee3p.<\/li>    <li>\u1ee8ng d\u1ee5ng \u0111a m\u00f4i tr\u01b0\u1eddng: d\u00f9 \u1edf \u0111\u1ed3ng c\u1ecf m\u1edf, chu\u1ed3ng tr\u1ea1i hay m\u00f4i tr\u01b0\u1eddng ch\u0103n nu\u00f4i b\u00e1n k\u00edn, n\u00f3 c\u00f3 th\u1ec3 ho\u1ea1t \u0111\u1ed9ng linh ho\u1ea1t \u0111\u1ec3 \u0111\u1ea3m b\u1ea3o ph\u00e2n ph\u1ed1i th\u1ee9c \u0103n \u0111\u1ec1u.<\/li>    <li>Ph\u00f9 h\u1ee3p v\u1edbi c\u00e1c quy m\u00f4 n\u00f4ng nghi\u1ec7p kh\u00e1c nhau: ph\u00f9 h\u1ee3p cho c\u1ea3 c\u00e1c trang tr\u1ea1i nh\u1ecf gia \u0111\u00ecnh v\u00e0 c\u00e1c c\u00f4ng ty ch\u0103n nu\u00f4i l\u1edbn, v\u1edbi c\u00e1c t\u00f9y ch\u1ecdn v\u1ec1 c\u00f4ng su\u1ea5t v\u00e0 m\u1eabu m\u00e3 ph\u00f9 h\u1ee3p nhu c\u1ea7u.<\/li> <\/ul>    <figure class=\"wp-block-image aligncenter size-full\"><img loading=\"lazy\" decoding=\"async\" width=\"720\" height=\"540\" src=\"https:\/\/www.agriculture-machine.com\/wp-content\/uploads\/2024\/01\/automatic-animal-feed-spreader.webp\" alt=\"M\u00e1y r\u1ea3i th\u1ee9c \u0103n t\u1ef1 \u0111\u1ed9ng cho gia s\u00fac\" class=\"wp-image-15647\" srcset=\"https:\/\/www.agriculture-machine.com\/wp-content\/uploads\/2024\/01\/automatic-animal-feed-spreader.webp 720w, https:\/\/www.agriculture-machine.com\/wp-content\/uploads\/2024\/01\/automatic-animal-feed-spreader-360x270.webp 360w, https:\/\/www.agriculture-machine.com\/wp-content\/uploads\/2024\/01\/automatic-animal-feed-spreader-240x180.webp 240w\" sizes=\"auto, (max-width: 720px) 100vw, 720px\" \/><figcaption class=\"wp-element-caption\">M\u00e1y r\u1ea3i th\u1ee9c \u0103n t\u1ef1 \u0111\u1ed9ng cho gia s\u00fac<\/figcaption><\/figure>    <h2 class=\"wp-block-heading\">L\u1ee3i \u00edch c\u1ee7a xe ch\u0103n nu\u00f4i<\/h2>    <ul class=\"wp-block-list\"> <li>Hi\u1ec7u qu\u1ea3 cao v\u00e0 ti\u1ebft ki\u1ec7m n\u0103ng l\u01b0\u1ee3ng: g\u1ea5p nhi\u1ec1u l\u1ea7n so v\u1edbi cho \u0103n th\u1ee7 c\u00f4ng, m\u1ed9t m\u00e1y c\u00f3 th\u1ec3 cho \u0103n h\u00e0ng tr\u0103m con gia s\u00fac v\u00e0 gia c\u1ea7m m\u1ed7i gi\u1edd.<\/li>    <li>Hi\u1ec7u qu\u1ea3 s\u1eed d\u1ee5ng th\u1ee9c \u0103n cao: ph\u00e2n ph\u1ed1i \u0111\u1ec1u th\u1ee9c \u0103n ng\u0103n ch\u1eb7n vi\u1ec7c \u0103n ch\u1ecdn l\u1ecdc v\u00e0 l\u00e3ng ph\u00ed, n\u00e2ng cao hi\u1ec7u qu\u1ea3 s\u1eed d\u1ee5ng th\u1ee9c \u0103n t\u1eeb 15%-20%.<\/li>    <li>Gi\u1ea3m chi ph\u00ed lao \u0111\u1ed9ng: v\u1eadn h\u00e0nh t\u1ef1 \u0111\u1ed9ng gi\u00fap gi\u1ea3m \u0111\u00e1ng k\u1ec3 \u0111\u1ea7u v\u00e0o lao \u0111\u1ed9ng v\u00e0 chi ph\u00ed lao \u0111\u1ed9ng.<\/li>    <li>Linh ho\u1ea1t v\u00e0 d\u1ec5 \u0111i\u1ec1u khi\u1ec3n: thi\u1ebft k\u1ebf nh\u1ecf g\u1ecdn v\u00e0 v\u1eadn h\u00e0nh linh ho\u1ea1t cho ph\u00e9p di chuy\u1ec3n t\u1ef1 do v\u00e0 v\u1eadn h\u00e0nh tr\u00ean nhi\u1ec1u \u0111\u1ecba h\u00ecnh v\u00e0 m\u00f4i tr\u01b0\u1eddng ch\u0103n nu\u00f4i kh\u00e1c nhau.<\/li>    <li>An to\u00e0n v\u00e0 \u0111\u00e1ng tin c\u1eady: \u0111\u01b0\u1ee3c ch\u1ebf t\u1ea1o b\u1eb1ng th\u00e9p ch\u1ed1ng m\u00e0i m\u00f2n v\u00e0 h\u1ec7 th\u1ed1ng truy\u1ec1n \u0111\u1ed9ng hi\u1ec7u su\u1ea5t cao, m\u00e1y c\u00f3 c\u1ea5u tr\u00fac v\u1eefng ch\u1eafc, tu\u1ed5i th\u1ecd d\u00e0i v\u00e0 b\u1ea3o tr\u00ec \u0111\u01a1n gi\u1ea3n.<\/li>    <li>Th\u00fac \u0111\u1ea9y s\u1ee9c kh\u1ecfe gia s\u00fac: \u0111\u1ea3m b\u1ea3o gia s\u00fac nh\u1eadn \u0111\u01b0\u1ee3c dinh d\u01b0\u1ee1ng c\u00e2n \u0111\u1ed1i, th\u00fac \u0111\u1ea9y s\u1ef1 ph\u00e1t tri\u1ec3n kh\u1ecfe m\u1ea1nh v\u00e0 n\u00e2ng cao kh\u1ea3 n\u0103ng ti\u00eau th\u1ee5 v\u00e0 s\u1ea3n l\u01b0\u1ee3ng s\u1eefa.<\/li> <\/ul>    <h2 class=\"wp-block-heading\">C\u00e1c lo\u1ea1i m\u00e1y r\u1ea3i th\u1ee9c \u0103n \u1ee7 chua<\/h2>    <p>T\u00f9y theo nhu c\u1ea7u c\u1ee7a b\u1ea1n, ch\u00fang t\u00f4i cung c\u1ea5p c\u00e1c lo\u1ea1i xe r\u1ea3i th\u1ee9c \u0103n \u1ee7 chua kh\u00e1c nhau, b\u1ea1n c\u00f3 th\u1ec3 ch\u1ecdn theo t\u00ecnh h\u00ecnh th\u1ef1c t\u1ebf.<\/p>    <h3 class=\"wp-block-heading\">M\u00e1y r\u1ea3i c\u1ecf d\u1ecdc v\u00e0 ngang<\/h3>    <p>S\u1ef1 kh\u00e1c bi\u1ec7t duy nh\u1ea5t gi\u1eefa hai lo\u1ea1i n\u00e0y l\u00e0 lo\u1ea1i d\u1ecdc c\u00f3 h\u00ecnh tr\u1ee5 v\u00e0 lo\u1ea1i ngang c\u00f3 h\u00ecnh kh\u1ed1i. Th\u1ec3 t\u00edch c\u00f3 s\u1eb5n l\u00e0 3 v\u00e0 5 m\u00e9t kh\u1ed1i. Hai h\u00ecnh \u1ea3nh d\u01b0\u1edbi \u0111\u00e2y th\u1ec3 hi\u1ec7n s\u1ef1 kh\u00e1c bi\u1ec7t c\u1ee7a ch\u00fang.<\/p>    <figure class=\"wp-block-image aligncenter size-full\"><img loading=\"lazy\" decoding=\"async\" width=\"720\" height=\"540\" src=\"https:\/\/www.agriculture-machine.com\/wp-content\/uploads\/2024\/01\/vertical-type-silage-spreader.webp\" alt=\"Lo\u1ea1i r\u1ea3i \u1ee7 chua d\u1ecdc\" class=\"wp-image-15643\" srcset=\"https:\/\/www.agriculture-machine.com\/wp-content\/uploads\/2024\/01\/vertical-type-silage-spreader.webp 720w, https:\/\/www.agriculture-machine.com\/wp-content\/uploads\/2024\/01\/vertical-type-silage-spreader-360x270.webp 360w, https:\/\/www.agriculture-machine.com\/wp-content\/uploads\/2024\/01\/vertical-type-silage-spreader-240x180.webp 240w\" sizes=\"auto, (max-width: 720px) 100vw, 720px\" \/><figcaption class=\"wp-element-caption\">Lo\u1ea1i r\u1ea3i \u1ee7 chua d\u1ecdc<\/figcaption><\/figure>    <figure class=\"wp-block-image aligncenter size-full\"><img loading=\"lazy\" decoding=\"async\" width=\"720\" height=\"540\" src=\"https:\/\/www.agriculture-machine.com\/wp-content\/uploads\/2024\/01\/horizontal-type-feeding-car.webp\" alt=\"Xe cho \u0103n ki\u1ec3u ngang\" class=\"wp-image-15644\" srcset=\"https:\/\/www.agriculture-machine.com\/wp-content\/uploads\/2024\/01\/horizontal-type-feeding-car.webp 720w, https:\/\/www.agriculture-machine.com\/wp-content\/uploads\/2024\/01\/horizontal-type-feeding-car-360x270.webp 360w, https:\/\/www.agriculture-machine.com\/wp-content\/uploads\/2024\/01\/horizontal-type-feeding-car-240x180.webp 240w\" sizes=\"auto, (max-width: 720px) 100vw, 720px\" \/><figcaption class=\"wp-element-caption\">Xe cho \u0103n ki\u1ec3u ngang<\/figcaption><\/figure>    <h3 class=\"wp-block-heading\">M\u00e1y r\u1ea3i th\u1ee9c \u0103n \u0111i\u1ec7n ch\u1ea1y b\u1eb1ng xe \u0111i\u1ec7n<\/h3>    <p>Lo\u1ea1i m\u00e1y r\u1ea3i \u1ee7 chua n\u00e0y s\u1eed d\u1ee5ng xe \u0111i\u1ec7n l\u00e0m ngu\u1ed3n n\u0103ng l\u01b0\u1ee3ng v\u00e0 th\u01b0\u1eddng \u0111\u01b0\u1ee3c trang b\u1ecb \u0111\u1ed9ng c\u01a1 \u0111i\u1ec7n m\u1ea1nh m\u1ebd. <\/p>    <p>\u01afu \u0111i\u1ec3m c\u1ee7a \u0111\u1ed9ng c\u01a1 \u0111i\u1ec7n l\u00e0 th\u00e2n thi\u1ec7n v\u1edbi m\u00f4i tr\u01b0\u1eddng, ti\u1ebfng \u1ed3n th\u1ea5p v\u00e0 ti\u00eau th\u1ee5 n\u0103ng l\u01b0\u1ee3ng th\u1ea5p, ph\u00f9 h\u1ee3p cho c\u00e1c \u1ee9ng d\u1ee5ng c\u1ea7n l\u00e0m vi\u1ec7c trong m\u00f4i tr\u01b0\u1eddng y\u00ean t\u0129nh v\u00e0 s\u1ea1ch s\u1ebd. \u0110\u1ed3ng th\u1eddi, c\u00e1c m\u1eabu \u0111i\u1ec7n c\u00f2n c\u00f3 kh\u1ea3 n\u0103ng linh ho\u1ea1t v\u00e0 ki\u1ec3m so\u00e1t t\u1ed1t, d\u1ec5 v\u1eadn h\u00e0nh trong kh\u00f4ng gian h\u1ea1n ch\u1ebf nh\u01b0 \u0111\u1ed3ng c\u1ecf v\u00e0 trang tr\u1ea1i.<\/p>    <figure class=\"wp-block-image aligncenter size-full\"><img loading=\"lazy\" decoding=\"async\" width=\"720\" height=\"540\" src=\"https:\/\/www.agriculture-machine.com\/wp-content\/uploads\/2024\/01\/electric-cattle-feed-spreader.webp\" alt=\"M\u00e1y r\u1ea3i th\u1ee9c \u0103n \u0111i\u1ec7n cho gia s\u00fac\" class=\"wp-image-15645\" srcset=\"https:\/\/www.agriculture-machine.com\/wp-content\/uploads\/2024\/01\/electric-cattle-feed-spreader.webp 720w, https:\/\/www.agriculture-machine.com\/wp-content\/uploads\/2024\/01\/electric-cattle-feed-spreader-360x270.webp 360w, https:\/\/www.agriculture-machine.com\/wp-content\/uploads\/2024\/01\/electric-cattle-feed-spreader-240x180.webp 240w\" sizes=\"auto, (max-width: 720px) 100vw, 720px\" \/><figcaption class=\"wp-element-caption\">M\u00e1y r\u1ea3i th\u1ee9c \u0103n \u0111i\u1ec7n cho gia s\u00fac<\/figcaption><\/figure>    <p class=\"translation-block\">M\u00e1y n\u00e0y c\u1ea7n \u0111\u01b0\u1ee3c trang b\u1ecb m\u1ed9t m\u00e1y tr\u1ed9n ri\u00eang \u0111\u1ec3 r\u1ea3i c\u00e1c b\u00f3 r\u01a1m \u1ee7 chua (th\u01b0\u1eddng \u0111\u01b0\u1ee3c x\u1eed l\u00fd b\u1eb1ng m\u00e1y qu\u1ea5n b\u00f3, c\u00f3 t\u00e1c d\u1ee5ng b\u1ea3o qu\u1ea3n qu\u00e1 tr\u00ecnh l\u00ean men.  B\u00e0i vi\u1ebft li\u00ean quan: M\u00e1y \u0111\u00f3ng b\u00f3 r\u01a1m \u1ee7 chua   M\u00e1y \u0111\u00f3ng b\u00f3 \u1ee7 chua t\u1ef1 \u0111\u1ed9ng ho\u00e0n to\u00e0n ) Sau \u0111\u00f3, n\u00f3 \u0111\u01b0\u1ee3c chuy\u1ec3n \u0111\u1ebfn m\u00e1y r\u1ea3i r\u01a1m \u1ee7 chua qua b\u0103ng chuy\u1ec1n.<\/p>    <h3 class=\"wp-block-heading\">M\u00e1y r\u1ea3i th\u1ee9c \u0103n gia s\u00fac ch\u1ea1y d\u1ea7u diesel<\/h3>    <p>M\u00e1y n\u00e0y c\u0169ng ch\u1ea1y b\u1eb1ng xe \u0111i\u1ec7n, nh\u01b0ng \u0111\u01b0\u1ee3c trang b\u1ecb \u0111\u1ed9ng c\u01a1 diesel, gi\u00fap th\u1ef1c hi\u1ec7n ch\u1ee9c n\u0103ng tr\u1ed9n t\u1ef1 \u0111\u1ed9ng, kh\u00f4ng c\u1ea7n tr\u1ed9n ri\u00eang bi\u1ec7t sau khi tr\u1ed9n v\u00e0 cho \u0103n. <\/p>    <p>\u01afu \u0111i\u1ec3m c\u1ee7a \u0111\u1ed9ng c\u01a1 diesel l\u00e0 m\u1eadt \u0111\u1ed9 n\u0103ng l\u01b0\u1ee3ng cao c\u1ee7a nhi\u00ean li\u1ec7u, do \u0111\u00f3 c\u00f3 th\u1ec3 cung c\u1ea5p c\u00f4ng su\u1ea5t li\u00ean t\u1ee5c v\u00e0 m\u1ea1nh m\u1ebd trong th\u1eddi gian d\u00e0i, ph\u00f9 h\u1ee3p cho s\u1eed d\u1ee5ng l\u00e2u d\u00e0i, c\u01b0\u1eddng \u0111\u1ed9 cao.<\/p>    <figure class=\"wp-block-image aligncenter size-full\"><img loading=\"lazy\" decoding=\"async\" width=\"720\" height=\"540\" src=\"https:\/\/www.agriculture-machine.com\/wp-content\/uploads\/2024\/01\/disel-huabandry-silage-spreader.webp\" alt=\"M\u00e1y r\u1ea3i r\u01a1m \u1ee7 chua ch\u1ea1y d\u1ea7u diesel\" class=\"wp-image-15646\" srcset=\"https:\/\/www.agriculture-machine.com\/wp-content\/uploads\/2024\/01\/disel-huabandry-silage-spreader.webp 720w, https:\/\/www.agriculture-machine.com\/wp-content\/uploads\/2024\/01\/disel-huabandry-silage-spreader-360x270.webp 360w, https:\/\/www.agriculture-machine.com\/wp-content\/uploads\/2024\/01\/disel-huabandry-silage-spreader-240x180.webp 240w\" sizes=\"auto, (max-width: 720px) 100vw, 720px\" \/><figcaption class=\"wp-element-caption\">M\u00e1y r\u1ea3i r\u01a1m \u1ee7 chua ch\u1ea1y d\u1ea7u diesel<\/figcaption><\/figure>    <h2 class=\"wp-block-heading\">Nguy\u00ean l\u00fd ho\u1ea1t \u0111\u1ed9ng c\u1ee7a m\u00e1y r\u1ea3i th\u1ee9c \u0103n gia s\u00fac v\u00e0 c\u1ecf?<\/h2>   <div id=\"rank-math-howto\" class=\"rank-math-block\" > <div class=\"rank-math-howto-description\">  <p>Nguy\u00ean l\u00fd ho\u1ea1t \u0111\u1ed9ng c\u1ee7a m\u00e1y r\u1ea3i th\u1ee9c \u0103n gia s\u00fac v\u00e0 c\u1ecf l\u00e0 chia th\u00e0nh hai b\u01b0\u1edbc ch\u00ednh:<\/p>  <\/div>  <div class=\"rank-math-steps\"> <div id=\"howto-step-1706084567805\" class=\"rank-math-step\"> <h3 class=\"rank-math-step-title\">Ch\u1ea5t l\u00ean th\u1ee9c \u0103n<\/h3> <div class=\"rank-math-step-content\"><p>Tr\u01b0\u1edbc ti\u00ean, ng\u01b0\u1eddi v\u1eadn h\u00e0nh ch\u1ea5t th\u1ee9c \u0103n \u1ee7 chua (th\u01b0\u1eddng l\u00e0 th\u1ee9c \u0103n nghi\u1ec1n ho\u1eb7c c\u00e2y tr\u1ed3ng \u0111\u00e3 c\u1eaft nh\u1ecf) v\u00e0o kho ch\u1ee9a c\u1ee7a m\u00e1y r\u1ea3i. Vi\u1ec7c n\u00e0y c\u00f3 th\u1ec3 th\u1ef1c hi\u1ec7n b\u1eb1ng h\u1ec7 th\u1ed1ng t\u1ea3i c\u01a1 ho\u1eb7c thi\u1ebft b\u1ecb t\u1ea3i kh\u00e1c. <\/p> <p>M\u1ed9t s\u1ed1 xe r\u1ea3i c\u00f2n c\u00f3 ch\u1ee9c n\u0103ng tr\u1ed9n th\u1ee9c \u0103n \u0111\u1ec3 \u0111\u1ea3m b\u1ea3o gia s\u00fac nh\u1eadn \u0111\u1ee7 dinh d\u01b0\u1ee1ng c\u00e2n \u0111\u1ed1i.<\/p> <\/div> <\/div> <div id=\"howto-step-1706084630549\" class=\"rank-math-step\"> <h3 class=\"rank-math-step-title\">Quy tr\u00ecnh r\u1ea3i<\/h3> <div class=\"rank-math-step-content\"><p>Sau khi th\u1ee9c \u0103n \u0111\u01b0\u1ee3c ch\u1ea5t l\u00ean, xe t\u1ea3i r\u1ea3i th\u1ee9c \u0103n \u1ee7 chua s\u1ebd r\u1ea3i \u0111\u1ec1u th\u1ee9c \u0103n tr\u00ean khu v\u1ef1c cho \u0103n th\u00f4ng qua h\u1ec7 th\u1ed1ng c\u01a1 kh\u00ed. <\/p> <p>Th\u00f4ng th\u01b0\u1eddng, \u0111i\u1ec1u n\u00e0y \u0111\u01b0\u1ee3c th\u1ef1c hi\u1ec7n b\u1eb1ng c\u00e1ch quay qu\u1ea1t ho\u1eb7c m\u00e1y r\u1ea3i tr\u00f2n. M\u00e1y r\u1ea3i \u0111i\u1ec1u ch\u1ec9nh ph\u1ea1m vi v\u00e0 m\u1eadt \u0111\u1ed9 r\u1ea3i \u0111\u1ec3 \u0111\u1ea3m b\u1ea3o th\u1ee9c \u0103n \u0111\u01b0\u1ee3c ph\u00e2n ph\u1ed1i \u0111\u1ec1u trong khu v\u1ef1c cho gia s\u00fac. <\/p> <p>T\u1ed1c \u0111\u1ed9 di chuy\u1ec3n c\u1ee7a xe v\u00e0 t\u1ed1c \u0111\u1ed9 quay c\u1ee7a m\u00e1y r\u1ea3i c\u00f3 th\u1ec3 \u0111i\u1ec1u ch\u1ec9nh \u0111\u1ec3 ph\u00f9 h\u1ee3p v\u1edbi c\u00e1c \u0111\u1ecba \u0111i\u1ec3m cho \u0103n kh\u00e1c nhau.<\/p> <\/div> <\/div> <\/div> <\/div>       <h2 class=\"wp-block-heading\">Th\u00f4ng s\u1ed1 c\u1ee7a m\u00e1y tr\u1ed9n v\u00e0 r\u1ea3i th\u1ee9c \u0103n \u1ee7 chua<\/h2>    <figure class=\"wp-block-table is-style-stripes\"><table><tbody><tr><td class=\"has-text-align-center\" data-align=\"center\">M\u1eabu<\/td><td class=\"has-text-align-center\" data-align=\"center\">SL-3<\/td><\/tr><tr><td class=\"has-text-align-center\" data-align=\"center\">K\u00edch th\u01b0\u1edbc t\u1ed5ng th\u1ec3<\/td><td class=\"has-text-align-center\" data-align=\"center\">3.6*1.5*2.0m<\/td><\/tr><tr><td class=\"has-text-align-center\" data-align=\"center\">K\u00edch th\u01b0\u1edbc kho<\/td><td class=\"has-text-align-center\" data-align=\"center\">2.0*1.2*1.4m<\/td><\/tr><tr><td class=\"has-text-align-center\" data-align=\"center\">Chi\u1ec1u r\u1ed9ng b\u0103ng t\u1ea3i<\/td><td class=\"has-text-align-center\" data-align=\"center\">400mm<\/td><\/tr><tr><td class=\"has-text-align-center\" data-align=\"center\">S\u1ed1 l\u01b0\u1ee3ng pin<\/td><td class=\"has-text-align-center\" data-align=\"center\">6<\/td><\/tr><tr><td class=\"has-text-align-center\" data-align=\"center\">\u0110i\u1ec7n \u00e1p \u0111\u1ea7u v\u00e0o<\/td><td class=\"has-text-align-center\" data-align=\"center\">72V<\/td><\/tr><tr><td class=\"has-text-align-center\" data-align=\"center\">Th\u00f4ng s\u1ed1 pin<\/td><td class=\"has-text-align-center\" data-align=\"center\">Pin kh\u00f4 Chaowei ho\u1eb7c th\u01b0\u01a1ng hi\u1ec7u Camel<\/td><\/tr><tr><td class=\"has-text-align-center\" data-align=\"center\">M\u1eabu l\u1ed1p<\/td><td class=\"has-text-align-center\" data-align=\"center\">B\u00e1nh sau 3.50*12(2)   5.00*12(1)<\/td><\/tr><tr><td class=\"has-text-align-center\" data-align=\"center\">K\u00edch th\u01b0\u1edbc kho<\/td><td class=\"has-text-align-center\" data-align=\"center\">3m\u00b3<\/td><\/tr><tr><td class=\"has-text-align-center\" data-align=\"center\">\u1ed4 tr\u1ee5c<\/td><td class=\"has-text-align-center\" data-align=\"center\">F206(4)<\/td><\/tr><tr><td class=\"has-text-align-center\" data-align=\"center\">Ph\u01b0\u01a1ng ph\u00e1p v\u1eadn chuy\u1ec3n<\/td><td class=\"has-text-align-center\" data-align=\"center\">Mi\u1ebfng \u0111\u1ec7m<\/td><\/tr><tr><td class=\"has-text-align-center\" data-align=\"center\">Ph\u01b0\u01a1ng ph\u00e1p r\u1ea3i<\/td><td class=\"has-text-align-center\" data-align=\"center\">H\u01b0\u1edbng hai chi\u1ec1u<\/td><\/tr><tr><td class=\"has-text-align-center\" data-align=\"center\">Phanh<\/td><td class=\"has-text-align-center\" data-align=\"center\">d\u1ea7u phanh<\/td><\/tr><tr><td class=\"has-text-align-center\" data-align=\"center\">Chi\u1ec1u cao r\u1ea3i<\/td><td class=\"has-text-align-center\" data-align=\"center\">60cm<\/td><\/tr><tr><td class=\"has-text-align-center\" data-align=\"center\">H\u1ec7 th\u1ed1ng truy\u1ec1n \u0111\u1ed9ng<\/td><td class=\"has-text-align-center\" data-align=\"center\">Chu\u1ed7i<\/td><\/tr><tr><td class=\"has-text-align-center\" data-align=\"center\">V\u00f4 l\u0103ng<\/td><td class=\"has-text-align-center\" data-align=\"center\">c\u00f3 n\u00fam<\/td><\/tr><tr><td class=\"has-text-align-center\" data-align=\"center\">\u0110\u1ed9ng c\u01a1 \u0111i\u1ec7n<\/td><td class=\"has-text-align-center\" data-align=\"center\">1.5\/1.5\/2.2<\/td><\/tr><tr><td class=\"has-text-align-center\" data-align=\"center\">Dung l\u01b0\u1ee3ng pin<\/td><td class=\"has-text-align-center\" data-align=\"center\">70A<\/td><\/tr><\/tbody><\/table><figcaption class=\"wp-element-caption\">Th\u00f4ng s\u1ed1 k\u1ef9 thu\u1eadt c\u1ee7a m\u00e1y r\u1ea3i th\u1ee9c \u0103n gia s\u00fac, gia c\u1ea7m<\/figcaption><\/figure>    <h2 class=\"wp-block-heading\">Li\u00ean h\u1ec7 v\u1edbi ch\u00fang t\u00f4i b\u1ea5t c\u1ee9 l\u00fac n\u00e0o<\/h2>    <p>N\u1ebfu b\u1ea1n quan t\u00e2m \u0111\u1ebfn m\u00e1y r\u1ea3i th\u1ee9c \u0103n \u1ee7 chua c\u1ee7a ch\u00fang t\u00f4i, vui l\u00f2ng li\u00ean h\u1ec7 \u0111\u1ec3 bi\u1ebft th\u00eam chi ti\u1ebft v\u1ec1 s\u1ea3n ph\u1ea9m. Ch\u00fang t\u00f4i r\u1ea5t vui \u0111\u01b0\u1ee3c cung c\u1ea5p m\u00f4 t\u1ea3 chi ti\u1ebft v\u00e0 \u0111\u1ec1 xu\u1ea5t t\u00f9y ch\u1ec9nh ph\u00f9 h\u1ee3p v\u1edbi nhu c\u1ea7u c\u1ee7a b\u1ea1n. Ngo\u00e0i ra, ch\u00fang t\u00f4i c\u0169ng hoan ngh\u00eanh b\u1ea1n \u0111\u1ebfn th\u0103m nh\u00e0 m\u00e1y c\u1ee7a ch\u00fang t\u00f4i, v\u00e0 mong mu\u1ed1n h\u1ee3p t\u00e1c \u0111\u1ec3 t\u1ea1o ra c\u00e1c gi\u1ea3i ph\u00e1p cho \u0103n hi\u1ec7u qu\u1ea3 v\u00e0 th\u00f4ng minh h\u01a1n.<\/p>","protected":false},"excerpt":{"rendered":"<p>M\u00e1y r\u1ea3i th\u1ee9c \u0103n \u1ee7 chua c\u00f3 th\u1ec3 r\u1ea3i \u0111\u1ec1u c\u1ecf \u1ee7 chua v\u00e0 c\u00e1c lo\u1ea1i th\u1ee9c \u0103n kh\u00e1c v\u00e0o khu v\u1ef1c cho \u0103n c\u1ee7a gia s\u00fac v\u00e0 c\u1eebu, n\u00e2ng cao hi\u1ec7u qu\u1ea3 s\u1eed d\u1ee5ng th\u1ee9c \u0103n v\u00e0 gi\u1ea3m chi ph\u00ed lao \u0111\u1ed9ng.<\/p>","protected":false},"author":1,"featured_media":15645,"parent":0,"comment_status":"closed","ping_status":"closed","template":"","tags":[591],"product-type":[876],"class_list":["post-15641","product","type-product","status-publish","has-post-thumbnail","hentry","tag-silage","product-type-silage-machine"],"_links":{"self":[{"href":"https:\/\/www.agriculture-machine.com\/vi\/wp-json\/wp\/v2\/product\/15641","targetHints":{"allow":["GET"]}}],"collection":[{"href":"https:\/\/www.agriculture-machine.com\/vi\/wp-json\/wp\/v2\/product"}],"about":[{"href":"https:\/\/www.agriculture-machine.com\/vi\/wp-json\/wp\/v2\/types\/product"}],"author":[{"embeddable":true,"href":"https:\/\/www.agriculture-machine.com\/vi\/wp-json\/wp\/v2\/users\/1"}],"replies":[{"embeddable":true,"href":"https:\/\/www.agriculture-machine.com\/vi\/wp-json\/wp\/v2\/comments?post=15641"}],"wp:featuredmedia":[{"embeddable":true,"href":"https:\/\/www.agriculture-machine.com\/vi\/wp-json\/wp\/v2\/media\/15645"}],"wp:attachment":[{"href":"https:\/\/www.agriculture-machine.com\/vi\/wp-json\/wp\/v2\/media?parent=15641"}],"wp:term":[{"taxonomy":"post_tag","embeddable":true,"href":"https:\/\/www.agriculture-machine.com\/vi\/wp-json\/wp\/v2\/tags?post=15641"},{"taxonomy":"product-type","embeddable":true,"href":"https:\/\/www.agriculture-machine.com\/vi\/wp-json\/wp\/v2\/product-type?post=15641"}],"curies":[{"name":"wp","href":"https:\/\/api.w.org\/{rel}","templated":true}]}}