{"id":16007,"date":"2024-05-15T16:41:38","date_gmt":"2024-05-15T08:41:38","guid":{"rendered":"https:\/\/www.agriculture-machine.com\/?post_type=product&#038;p=16007"},"modified":"2024-08-20T17:44:02","modified_gmt":"2024-08-20T09:44:02","slug":"peanut-peeling-machine","status":"publish","type":"product","link":"https:\/\/www.agriculture-machine.com\/vi\/peanut-peeling-machine\/","title":{"rendered":"M\u00e1y b\u00f3c v\u1ecf \u0111\u1eadu ph\u1ed9ng rang, lo\u1ea1i b\u1ecf v\u1ecf \u0111\u1eadu ph\u1ed9ng \u0111\u1ec3 b\u00e1n"},"content":{"rendered":"<p class=\"translation-block\">M\u00e1y b\u00f3c v\u1ecf \u0111\u1eadu ph\u1ed9ng \u0111\u01b0\u1ee3c thi\u1ebft k\u1ebf \u0111\u1eb7c bi\u1ec7t \u0111\u1ec3 b\u00f3c b\u1ecf \u0111\u1eadu ph\u1ed9ng rang. M\u00e1y \u00e1p d\u1ee5ng nguy\u00ean l\u00fd truy\u1ec1n \u0111\u1ed9ng ma s\u00e1t l\u0103n kh\u00e1c bi\u1ec7t. N\u00f3 c\u00f3 th\u1ec3 t\u1ef1 \u0111\u1ed9ng lo\u1ea1i b\u1ecf v\u1ecf \u0111\u1ecf ngo\u00e0i m\u00e0 kh\u00f4ng l\u00e0m h\u01b0 h\u1ea1i nh\u00e2n \u0111\u1eadu ph\u1ed9ng. <\/p>    <p>Our factory processes different models of roasted peanut red skin peeler machines for choice, with output ranging from 200-1000kg\/h. The peanut&#8217;s peeling rate is as high as 98%, and the kernel damage rate is less than 2%.<\/p>    <p>M\u00e1y b\u00f3c v\u1ecf \u0111\u1eadu ph\u1ed9ng n\u00e0y \u0111\u01b0\u1ee3c s\u1eed d\u1ee5ng r\u1ed9ng r\u00e3i \u0111\u1ec3 s\u1ea3n xu\u1ea5t \u0111\u1eadu ph\u1ed9ng chi\u00ean, \u0111\u1eadu ph\u1ed9ng nhi\u1ec1u h\u01b0\u01a1ng v\u1ecb, s\u1eefa \u0111\u1eadu ph\u1ed9ng, b\u1ed9t protein \u0111\u1eadu ph\u1ed9ng, k\u1eb9o \u0111\u1eadu ph\u1ed9ng, b\u00e1nh quy \u0111\u1eadu ph\u1ed9ng, b\u01a1 \u0111\u1eadu ph\u1ed9ng, v\u00e0 c\u00e1c s\u1ea3n ph\u1ea9m \u0111\u00f3ng h\u1ed9p.<\/p>    <figure class=\"wp-block-embed aligncenter is-type-video is-provider-youtube wp-block-embed-youtube wp-embed-aspect-16-9 wp-has-aspect-ratio\"><div class=\"wp-block-embed__wrapper\"> <iframe loading=\"lazy\" title=\"M\u00e1y b\u00f3c v\u1ecf \u0111\u1eadu ph\u1ed9ng ti\u1ebft ki\u1ec7m n\u0103ng l\u01b0\u1ee3ng cho ch\u1ebf bi\u1ebfn th\u1ef1c ph\u1ea9m \u0111\u1eadu ph\u1ed9ng! #\u0111\u1eaduph\u1ed9ng #groundnut #peeling\" width=\"500\" height=\"281\" src=\"https:\/\/www.youtube.com\/embed\/_HGeXxUyVp0?feature=oembed\" frameborder=\"0\" allow=\"accelerometer; autoplay; clipboard-write; encrypted-media; gyroscope; picture-in-picture; web-share\" referrerpolicy=\"strict-origin-when-cross-origin\" allowfullscreen><\/iframe> <\/div><figcaption class=\"wp-element-caption\">video ho\u1ea1t \u0111\u1ed9ng c\u1ee7a m\u00e1y b\u00f3c v\u1ecf \u0111\u1eadu rang<\/figcaption><\/figure>    <h2 class=\"wp-block-heading\">Y\u00eau c\u1ea7u nguy\u00ean li\u1ec7u<\/h2>    <ol class=\"wp-block-list\"> <li>N\u1ed3ng \u0111\u1ed9 \u1ea9m c\u1ee7a nguy\u00ean li\u1ec7u sau khi chi\u00ean\/rang kho\u1ea3ng 4%.<\/li>    <li>Sau khi nguy\u00ean li\u1ec7u ra kh\u1ecfi l\u00f2 nung, nhi\u1ec7t \u0111\u1ed9 qu\u00e1 cao s\u1ebd \u1ea3nh h\u01b0\u1edfng \u0111\u1ebfn hi\u1ec7u qu\u1ea3 b\u00f3c v\u00e0 l\u00e0m h\u1ecfng m\u00e1y.<\/li>    <li>Nguy\u00ean li\u1ec7u c\u1ea7n \u0111\u01b0\u1ee3c b\u00f3c kh\u00f4ng \u0111\u01b0\u1ee3c ch\u1ee9a t\u1ea1p ch\u1ea5t nh\u01b0 s\u1eaft v\u1ee5n v\u00e0 \u0111\u00e1 nh\u1eb1m tr\u00e1nh h\u1ecfng m\u00e1y.<\/li> <\/ol>    <p class=\"translation-block\">\u0110\u1eadu ph\u1ed9ng th\u01b0\u1eddng \u0111\u01b0\u1ee3c s\u1eed d\u1ee5ng v\u1edbi m\u00e1y rang \u0111\u1eadu ph\u1ed9ng tr\u01b0\u1edbc khi b\u00f3c v\u1ecf, ch\u00fang t\u00f4i c\u0169ng c\u00f3 th\u1ec3 cung c\u1ea5p. \u0110\u1ec3 bi\u1ebft th\u00eam th\u00f4ng tin h\u00e3y nh\u1ea5p <strong><em><a href=\"https:\/\/www.agriculture-machine.com\/vi\/peanut-roasting-machine\/\">Electric &amp; Gase Peanut Roasting Machine Groundnut Roaster For Sale<\/a><\/em><\/strong>.<\/p>    <h2 class=\"wp-block-heading\">D\u00e2y \u0111i\u1ec7n v\u00e0 ph\u01b0\u01a1ng ph\u00e1p v\u1eadn h\u00e0nh<\/h2>    <ol class=\"wp-block-list\"> <li>\u0110i\u1ec7n \u00e1p: 380V, 3pha, 50Hz.<\/li>    <li>Sau khi qu\u1ea5n d\u00e2y t\u1eeb ph\u1ec5u ph\u00eda sau m\u00e1y, c\u00f3 m\u1ed9t c\u00f4ng t\u1eafc. B\u1eadt c\u00f4ng t\u1eafc \u0111\u1ec3 n\u1ed1i d\u00e2y.<\/li>    <li>\u0110\u1eb7t m\u00e1y \u1ed5n \u0111\u1ecbnh, gi\u1eef n\u00f3 c\u00e2n b\u1eb1ng, v\u00e0 \u0111\u1eb7t m\u1ed9t t\u00fai da l\u00ean mi\u1ec7ng qu\u1ea1t.<\/li>    <li>Tr\u01b0\u1edbc khi kh\u1edfi \u0111\u1ed9ng m\u00e1y, ki\u1ec3m tra xem ngu\u1ed3n \u0111i\u1ec7n c\u00f3 b\u00ecnh th\u01b0\u1eddng kh\u00f4ng, c\u00e1c b\u1ed9 ph\u1eadn c\u00f3 l\u1ecfng kh\u00f4ng, v\u00e0 qu\u00e1 tr\u00ecnh th\u1eed xem c\u00f3 b\u00ecnh th\u01b0\u1eddng kh\u00f4ng.<\/li>    <li>\u0110\u1ea3m b\u1ea3o \u0111\u01a1n v\u1ecb ch\u00ednh v\u00e0 qu\u1ea1t quay v\u1ec1 ph\u00eda tr\u01b0\u1edbc.<\/li> <\/ol>    <figure class=\"wp-block-gallery has-nested-images columns-default is-cropped wp-block-gallery-2 is-layout-flex wp-block-gallery-is-layout-flex\"> <figure class=\"wp-block-image size-large\"><img loading=\"lazy\" decoding=\"async\" width=\"720\" height=\"540\" data-id=\"16011\" src=\"https:\/\/www.agriculture-machine.com\/wp-content\/uploads\/2024\/05\/peanut-peeling-machine-for-sale.webp\" alt=\"m\u00e1y b\u00f3c v\u1ecf \u0111\u1eadu ph\u1ed9ng \u0111\u1ec3 b\u00e1n\" class=\"wp-image-16011\" srcset=\"https:\/\/www.agriculture-machine.com\/wp-content\/uploads\/2024\/05\/peanut-peeling-machine-for-sale.webp 720w, https:\/\/www.agriculture-machine.com\/wp-content\/uploads\/2024\/05\/peanut-peeling-machine-for-sale-360x270.webp 360w, https:\/\/www.agriculture-machine.com\/wp-content\/uploads\/2024\/05\/peanut-peeling-machine-for-sale-240x180.webp 240w, https:\/\/www.agriculture-machine.com\/wp-content\/uploads\/2024\/05\/peanut-peeling-machine-for-sale-16x12.webp 16w\" sizes=\"auto, (max-width: 720px) 100vw, 720px\" \/><figcaption class=\"wp-element-caption\">m\u00e1y b\u00f3c v\u1ecf \u0111\u1eadu ph\u1ed9ng \u0111\u1ec3 b\u00e1n<\/figcaption><\/figure>    <figure class=\"wp-block-image size-large\"><img loading=\"lazy\" decoding=\"async\" width=\"720\" height=\"540\" data-id=\"16010\" src=\"https:\/\/www.agriculture-machine.com\/wp-content\/uploads\/2024\/05\/high-efficiency-peanut-peeler.webp\" alt=\"M\u00e1y b\u00f3c v\u1ecf \u0111\u1eadu ph\u1ed9ng ti\u1ebft ki\u1ec7m n\u0103ng l\u01b0\u1ee3ng\" class=\"wp-image-16010\" srcset=\"https:\/\/www.agriculture-machine.com\/wp-content\/uploads\/2024\/05\/high-efficiency-peanut-peeler.webp 720w, https:\/\/www.agriculture-machine.com\/wp-content\/uploads\/2024\/05\/high-efficiency-peanut-peeler-360x270.webp 360w, https:\/\/www.agriculture-machine.com\/wp-content\/uploads\/2024\/05\/high-efficiency-peanut-peeler-240x180.webp 240w, https:\/\/www.agriculture-machine.com\/wp-content\/uploads\/2024\/05\/high-efficiency-peanut-peeler-16x12.webp 16w\" sizes=\"auto, (max-width: 720px) 100vw, 720px\" \/><figcaption class=\"wp-element-caption\">M\u00e1y b\u00f3c v\u1ecf \u0111\u1eadu ph\u1ed9ng ti\u1ebft ki\u1ec7m n\u0103ng l\u01b0\u1ee3ng<\/figcaption><\/figure> <\/figure>    <h2 class=\"wp-block-heading\">C\u1ea5u tr\u00fac v\u00e0 ch\u1ee9c n\u0103ng ch\u00ednh<\/h2>    <p>Thi\u1ebft b\u1ecb n\u00e0y g\u1ed3m m\u1ed9t m\u00e1y b\u00f3c v\u1ecf \u0111\u1eadu ph\u1ed9ng v\u00e0 thi\u1ebft b\u1ecb l\u01b0u tr\u1eef v\u1ecf b\u1ecf t\u00fai:<\/p>    <ol class=\"wp-block-list\"> <li>M\u00e1y b\u00f3c v\u1ecf \u0111\u01b0\u1ee3c d\u00f9ng \u0111\u1ec3 lo\u1ea1i b\u1ecf v\u1ecf \u0111\u1ecf c\u1ee7a \u0111\u1eadu ph\u1ed9ng \u1edf nhi\u1ec1u lo\u1ea1i k\u00edch th\u01b0\u1edbc kh\u00e1c nhau.<\/li>    <li>Thi\u1ebft b\u1ecb l\u01b0u tr\u1eef v\u1ecf \u0111\u01b0\u1ee3c d\u00f9ng \u0111\u1ec3 h\u1ea5p th\u1ee5 v\u1ecf \u0111\u1eadu \u0111\u00e3 b\u00f3c v\u00e0o t\u00fai v\u1ecf th\u00f4ng qua qu\u1ea1t.<\/li> <\/ol>    <p>Ch\u1ee9c n\u0103ng ch\u00ednh:<\/p>    <p>S\u1eed d\u1ee5ng c\u1ea5u tr\u00fac ch\u00e0 x\u00e1t b\u1eb1ng con l\u0103n, h\u1ea1t \u0111\u1eadu ph\u1ed9ng kh\u00f4 \u0111i v\u00e0o m\u00e1y ch\u00ednh th\u00f4ng qua ph\u1ec5u. V\u1ecf \u0111\u1ecf \u0111\u01b0\u1ee3c lo\u1ea1i b\u1ecf b\u1edfi b\u00e1nh l\u0103n ch\u00e0 x\u00e1t quay v\u1edbi t\u1ed1c \u0111\u1ed9 cao v\u00e0 b\u1ecb h\u00fat ra b\u1edfi qu\u1ea1t, v\u00e0 nh\u00e2n tr\u1eafng sau khi b\u00f3c \u0111\u01b0\u1ee3c x\u1ebfp ra th\u00f4ng qua c\u1eeda v\u1eadt li\u1ec7u ph\u00eda tr\u01b0\u1edbc.<\/p>    <h2 class=\"wp-block-heading\">Ho\u1ea1t \u0111\u1ed9ng m\u00e1y b\u00f3c v\u1ecf \u0111\u1eadu ph\u1ed9ng<\/h2>    <p>Tr\u01b0\u1edbc khi kh\u1edfi \u0111\u1ed9ng m\u00e1y, ki\u1ec3m tra xem m\u1ea1ch \u0111i\u1ec7n c\u00f3 b\u00ecnh th\u01b0\u1eddng hay kh\u00f4ng v\u00e0 li\u1ec7u qu\u00e1 tr\u00ecnh th\u1eed c\u00f3 b\u00ecnh th\u01b0\u1eddng kh\u00f4ng.<\/p>   <div id=\"rank-math-howto\" class=\"rank-math-block\" > <div class=\"rank-math-howto-description\">  <\/div>  <div class=\"rank-math-steps\"> <div id=\"howto-step-1715758075524\" class=\"rank-math-step\"> <div class=\"rank-math-step-content\"><p>Kh\u1edfi \u0111\u1ed9ng m\u00e1y b\u00f3c v\u1ecf \u0111\u1eadu ph\u1ed9ng tr\u01b0\u1edbc, sau \u0111\u00f3 b\u1ecf \u0111\u1eadu n\u1ea5u \u0111\u00e3 ngu\u1ed9i v\u00e0o.<\/p> <\/div> <\/div> <div id=\"howto-step-1715758090000\" class=\"rank-math-step\"> <div class=\"rank-math-step-content\"><p>Rotate the peeler machine&#8217;s discharge plate rod to the right to raise the discharge plate and slow the rapid outflow of peanuts.<\/p> <\/div> <\/div> <div id=\"howto-step-1715758095905\" class=\"rank-math-step\"> <div class=\"rank-math-step-content\"><p>\u0110i\u1ec1u ch\u1ec9nh l\u1ea1i \u0111\u0129a x\u1ea3 \u1edf \u0111\u1ed9 cao th\u1ea5p nh\u1ea5t v\u1edbi t\u1ef7 l\u1ec7 h\u1ea1t kh\u00f4 th\u1ea5p v\u00e0 t\u1ec9 l\u1ec7 b\u00f3c cao.<\/p> <\/div> <\/div> <\/div> <\/div>       <figure class=\"wp-block-gallery has-nested-images columns-default is-cropped wp-block-gallery-3 is-layout-flex wp-block-gallery-is-layout-flex\"> <figure class=\"wp-block-image size-large\"><img loading=\"lazy\" decoding=\"async\" width=\"720\" height=\"540\" data-id=\"16013\" src=\"https:\/\/www.agriculture-machine.com\/wp-content\/uploads\/2024\/05\/groundnut-dry-peeling-machine.webp\" alt=\"M\u00e1y b\u00f3c v\u1ecf \u0111\u1eadu ph\u1ed9ng kh\u00f4\" class=\"wp-image-16013\" srcset=\"https:\/\/www.agriculture-machine.com\/wp-content\/uploads\/2024\/05\/groundnut-dry-peeling-machine.webp 720w, https:\/\/www.agriculture-machine.com\/wp-content\/uploads\/2024\/05\/groundnut-dry-peeling-machine-360x270.webp 360w, https:\/\/www.agriculture-machine.com\/wp-content\/uploads\/2024\/05\/groundnut-dry-peeling-machine-240x180.webp 240w, https:\/\/www.agriculture-machine.com\/wp-content\/uploads\/2024\/05\/groundnut-dry-peeling-machine-16x12.webp 16w\" sizes=\"auto, (max-width: 720px) 100vw, 720px\" \/><figcaption class=\"wp-element-caption\">M\u00e1y b\u00f3c v\u1ecf \u0111\u1eadu ph\u1ed9ng kh\u00f4<\/figcaption><\/figure>    <figure class=\"wp-block-image size-large\"><img loading=\"lazy\" decoding=\"async\" width=\"720\" height=\"540\" data-id=\"16012\" src=\"https:\/\/www.agriculture-machine.com\/wp-content\/uploads\/2024\/05\/automatic-groundnut-peeler.webp\" alt=\"m\u00e1y g\u1ecdt \u0111\u1eadu ph\u1ed9ng t\u1ef1 \u0111\u1ed9ng\" class=\"wp-image-16012\" srcset=\"https:\/\/www.agriculture-machine.com\/wp-content\/uploads\/2024\/05\/automatic-groundnut-peeler.webp 720w, https:\/\/www.agriculture-machine.com\/wp-content\/uploads\/2024\/05\/automatic-groundnut-peeler-360x270.webp 360w, https:\/\/www.agriculture-machine.com\/wp-content\/uploads\/2024\/05\/automatic-groundnut-peeler-240x180.webp 240w, https:\/\/www.agriculture-machine.com\/wp-content\/uploads\/2024\/05\/automatic-groundnut-peeler-16x12.webp 16w\" sizes=\"auto, (max-width: 720px) 100vw, 720px\" \/><figcaption class=\"wp-element-caption\">m\u00e1y g\u1ecdt \u0111\u1eadu ph\u1ed9ng t\u1ef1 \u0111\u1ed9ng<\/figcaption><\/figure> <\/figure>    <h2 class=\"wp-block-heading\">\u01afu \u0111i\u1ec3m c\u1ee7a m\u00e1y b\u00f3c v\u1ecf \u0111\u1eadu ph\u1ed9ng<\/h2>    <ul class=\"wp-block-list\"> <li>T\u1ef7 l\u1ec7 b\u00f3c v\u01b0\u1ee3t 98% v\u00e0 t\u1ef7 l\u1ec7 nghi\u1ec1n th\u1ea5p.<\/li>    <li>M\u00e1y nh\u1ecf g\u1ecdn, d\u1ec5 l\u1eafp \u0111\u1eb7t v\u00e0 v\u1eadn h\u00e0nh.<\/li>    <li>Nh\u00e2n \u0111\u1eadu ph\u1ed9ng v\u00e0 v\u1ecf \u0111\u1ecf \u0111\u01b0\u1ee3c t\u00e1ch t\u1ef1 \u0111\u1ed9ng, d\u1ec5 thu th\u1eadp.<\/li>    <li>V\u1ecf \u0111\u1ecf \u0111\u01b0\u1ee3c thu th\u1eadp b\u1eb1ng m\u1ed9t m\u00e1y th\u1ed5i gi\u00f3, ti\u1ec7n cho c\u00e1c m\u1ee5c \u0111\u00edch kh\u00e1c nh\u01b0 d\u01b0\u1ee3c ph\u1ea9m.<\/li> <\/ul>    <figure class=\"wp-block-gallery has-nested-images columns-default is-cropped wp-block-gallery-4 is-layout-flex wp-block-gallery-is-layout-flex\"> <figure class=\"wp-block-image size-large\"><img loading=\"lazy\" decoding=\"async\" width=\"405\" height=\"540\" data-id=\"16008\" src=\"https:\/\/www.agriculture-machine.com\/wp-content\/uploads\/2024\/05\/commercial-nut-processing-machine-405x540.webp\" alt=\"M\u00e1y ch\u1ebf bi\u1ebfn h\u1ea1t h\u1ee9t th\u01b0\u01a1ng m\u1ea1i\" class=\"wp-image-16008\" srcset=\"https:\/\/www.agriculture-machine.com\/wp-content\/uploads\/2024\/05\/commercial-nut-processing-machine-405x540.webp 405w, https:\/\/www.agriculture-machine.com\/wp-content\/uploads\/2024\/05\/commercial-nut-processing-machine-203x270.webp 203w, https:\/\/www.agriculture-machine.com\/wp-content\/uploads\/2024\/05\/commercial-nut-processing-machine-9x12.webp 9w, https:\/\/www.agriculture-machine.com\/wp-content\/uploads\/2024\/05\/commercial-nut-processing-machine.webp 540w\" sizes=\"auto, (max-width: 405px) 100vw, 405px\" \/><figcaption class=\"wp-element-caption\">M\u00e1y ch\u1ebf bi\u1ebfn h\u1ea1t h\u1ee9t th\u01b0\u01a1ng m\u1ea1i<\/figcaption><\/figure>    <figure class=\"wp-block-image size-large\"><img loading=\"lazy\" decoding=\"async\" width=\"405\" height=\"540\" data-id=\"16009\" src=\"https:\/\/www.agriculture-machine.com\/wp-content\/uploads\/2024\/05\/peanut-skin-removal-machine-405x540.webp\" alt=\"M\u00e1y b\u00f3c v\u1ecf v\u1ecf \u0111\u1eadu ph\u1ed9ng\" class=\"wp-image-16009\" srcset=\"https:\/\/www.agriculture-machine.com\/wp-content\/uploads\/2024\/05\/peanut-skin-removal-machine-405x540.webp 405w, https:\/\/www.agriculture-machine.com\/wp-content\/uploads\/2024\/05\/peanut-skin-removal-machine-203x270.webp 203w, https:\/\/www.agriculture-machine.com\/wp-content\/uploads\/2024\/05\/peanut-skin-removal-machine-9x12.webp 9w, https:\/\/www.agriculture-machine.com\/wp-content\/uploads\/2024\/05\/peanut-skin-removal-machine.webp 540w\" sizes=\"auto, (max-width: 405px) 100vw, 405px\" \/><figcaption class=\"wp-element-caption\">M\u00e1y b\u00f3c v\u1ecf v\u1ecf \u0111\u1eadu ph\u1ed9ng<\/figcaption><\/figure> <\/figure>    <h2 class=\"wp-block-heading\">Th\u00f4ng s\u1ed1 k\u1ef9 thu\u1eadt m\u00e1y b\u00f3c v\u1ecf \u0111\u1eadu ph\u1ed9ng<\/h2>    <figure class=\"wp-block-table is-style-stripes\"><table><tbody><tr><td>M\u1eabu<\/td><td>Dung t\u00edch<\/td><td>Th\u00f4ng s\u1ed1 k\u1ef9 thu\u1eadt<\/td><\/tr><tr><td>ht-1<\/td><td>200-250kg\/h<\/td><td>C\u00f4ng su\u1ea5t motor: 0.55kW<br>C\u00f4ng su\u1ea5t qu\u1ea1t: 0.37kW<br>\u0110i\u1ec7n \u00e1p: 380V\/220V<br>T\u1ea7n s\u1ed1: 50Hz<br>Tr\u1ecdng l\u01b0\u1ee3ng: 110kg<br>T\u1ec9 l\u1ec7 b\u00f3c v\u1ecf: \u226598%<br>K\u00edch th\u01b0\u1edbc: 1200*500*1200mm<\/td><\/tr><tr><td>ht-2<\/td><td>400-500kg\/h<\/td><td>C\u00f4ng su\u1ea5t motor: 0.55kW*2<br>C\u00f4ng su\u1ea5t qu\u1ea1t: 0.55kW<br>\u0110i\u1ec7n \u00e1p: 380V\/220V<br>T\u1ea7n s\u1ed1: 50Hz<br>Tr\u1ecdng l\u01b0\u1ee3ng: 200kg<br>T\u1ec9 l\u1ec7 b\u00f3c v\u1ecf: \u226598%<br>K\u00edch th\u01b0\u1edbc: 1200*750*1200mm<\/td><\/tr><tr><td>ht-3<\/td><td>600-750kg\/h<\/td><td>C\u00f4ng su\u1ea5t \u0111\u1ed9ng c\u01a1: 0.55kW*3<br>C\u00f4ng su\u1ea5t qu\u1ea1t: 0.75kW<br>\u0110i\u1ec7n \u00e1p: 380V\/220V<br>T\u1ea7n s\u1ed1: 50Hz<br>Tr\u1ecdng l\u01b0\u1ee3ng: 280kg<br>T\u1ec9 l\u1ec7 b\u00f3c v\u1ecf: \u226598%<br>K\u00edch th\u01b0\u1edbc: 1200*1050*1200mm<\/td><\/tr><tr><td>ht-4<\/td><td>800-1000kg\/h<\/td><td>C\u00f4ng su\u1ea5t motor: 0.55kW*4<br>C\u00f4ng su\u1ea5t qu\u1ea1t: 1.5kW<br>\u0110i\u1ec7n \u00e1p: 380V\/220V<br>T\u1ea7n s\u1ed1: 50Hz<br>Tr\u1ecdng l\u01b0\u1ee3ng: 360kg<br>T\u1ec9 l\u1ec7 b\u00f3c v\u1ecf: \u226598%<br>K\u00edch th\u01b0\u1edbc: 1200*1400*1200mm<\/td><\/tr><\/tbody><\/table><figcaption class=\"wp-element-caption\">d\u1eef li\u1ec7u k\u1ef9 thu\u1eadt c\u1ee7a m\u00e1y b\u00f3c v\u1ecf \u0111\u1eadu ph\u1ed9ng<\/figcaption><\/figure>    <h2 class=\"wp-block-heading\">M\u00e1y <strong>b\u1ea3o tr\u00ec v\u00e0 s\u1eeda ch\u1eefa<\/strong><\/h2>    <ul class=\"wp-block-list\"> <li>Sau khi c\u00f4ng vi\u1ec7c xong, l\u00e0m s\u1ea1ch ph\u1ea7n b\u00e3 c\u1ee7a con l\u0103n c\u00e1t b\u1eb1ng b\u00e0n ch\u1ea3i v\u00e0 l\u00e0m s\u1ea1ch c\u00e1c m\u1ea3nh da b\u1ecb h\u1ecfng trong t\u00fai l\u01b0u tr\u1eef (h\u1ed9p).<\/li>    <li>V\u1ec7 sinh \u0111\u1ecbnh k\u1ef3 con l\u0103n ch\u00e0 nh\u00e1m.<\/li>    <li>H\u00e0ng ng\u00e0y l\u00e0m s\u1ea1ch c\u00e1c h\u1ea1t \u0111\u1eadu v\u00e0 h\u1ea1t nh\u1ecf trong th\u00f9ng qu\u1ea1t, v\u00e0 m\u1edf c\u1eeda tr\u01b0\u1ee3t \u1edf ph\u1ea7n d\u01b0\u1edbi c\u1ee7a m\u00e1y \u0111\u1ec3 gi\u1ea3i ph\u00f3ng c\u00e1c h\u1ea1t.<\/li>    <li>N\u1ebfu c\u00e1c s\u1ee3i ri\u00eang kh\u00f4ng quay, h\u00e3y thay d\u00e2y \u0111ai.<\/li>    <li>V\u1ec7 sinh \u0111\u1ecbnh k\u1ef3 c\u00e1nh qu\u1ea1t (b\u1ee5i \u0111\u1eadu ph\u1ed9ng v\u00e0 v\u1ecf v\u1ea1o d\u00ednh tr\u00ean c\u00e1nh qu\u1ea1t).<\/li> <\/ul>    <p>B\u1ea1n c\u00f3 th\u1ec3 mua m\u1ed9t m\u00e1y b\u00f3c v\u1ecf \u0111\u1eadu ph\u1ed9ng v\u1edbi gi\u00e1 x\u01b0\u1edfng t\u1eeb nh\u00e0 cung c\u1ea5p Taizy Machinery Manufacturing k\u00e8m h\u01b0\u1edbng d\u1eabn mi\u1ec5n ph\u00ed. Ch\u00fang t\u00f4i \u0111\u00e3 g\u1eedi m\u00e1y v\u1edbi chi ph\u00ed th\u1ea5p t\u1edbi T\u00e2y Ban Nha, Vi\u1ec7t Nam, Cameroon, Kenya, Iran, Congo, Tanzania, Bolivia, Sri Lanka, Nigeria v\u00e0 Ai C\u1eadp. B\u1ea1n c\u00f3 th\u1ec3 g\u1eedi cho ch\u00fang t\u00f4i nh\u1eefng y\u00eau c\u1ea7u c\u1ee5 th\u1ec3 th\u00f4ng qua m\u1eabu tin \u1edf b\u00ean ph\u1ea3i, v\u00e0 hy v\u1ecdng, ch\u00fang t\u00f4i c\u00f3 th\u1ec3 cung c\u1ea5p cho b\u1ea1n thi\u1ebft b\u1ecb ph\u00f9 h\u1ee3p cho d\u1ef1 \u00e1n ch\u1ebf bi\u1ebfn \u0111\u1eadu ph\u1ed9ng c\u1ee7a b\u1ea1n.<\/p>","protected":false},"excerpt":{"rendered":"<p>M\u00e1y b\u00f3c v\u1ecf \u0111\u1eadu ph\u1ed9ng \u0111\u01b0\u1ee3c thi\u1ebft k\u1ebf \u0111\u1eb7c bi\u1ec7t \u0111\u1ec3 nhanh ch\u00f3ng lo\u1ea1i b\u1ecf l\u1edbp v\u1ecf b\u00ean ngo\u00e0i c\u1ee7a \u0111\u1eadu ph\u1ed9ng, ph\u00f9 h\u1ee3p cho industri ch\u1ebf bi\u1ebfn th\u1ef1c ph\u1ea9m \u0111\u1eadu ph\u1ed9ng quy m\u00f4 l\u1edbn.<\/p>","protected":false},"author":1,"featured_media":16014,"parent":0,"comment_status":"closed","ping_status":"closed","template":"","tags":[798,797,799],"product-type":[162,2],"class_list":["post-16007","product","type-product","status-publish","has-post-thumbnail","hentry","tag-groundnut","tag-peanut","tag-peanut-kernel","product-type-other-type","product-type-products"],"_links":{"self":[{"href":"https:\/\/www.agriculture-machine.com\/vi\/wp-json\/wp\/v2\/product\/16007","targetHints":{"allow":["GET"]}}],"collection":[{"href":"https:\/\/www.agriculture-machine.com\/vi\/wp-json\/wp\/v2\/product"}],"about":[{"href":"https:\/\/www.agriculture-machine.com\/vi\/wp-json\/wp\/v2\/types\/product"}],"author":[{"embeddable":true,"href":"https:\/\/www.agriculture-machine.com\/vi\/wp-json\/wp\/v2\/users\/1"}],"replies":[{"embeddable":true,"href":"https:\/\/www.agriculture-machine.com\/vi\/wp-json\/wp\/v2\/comments?post=16007"}],"wp:featuredmedia":[{"embeddable":true,"href":"https:\/\/www.agriculture-machine.com\/vi\/wp-json\/wp\/v2\/media\/16014"}],"wp:attachment":[{"href":"https:\/\/www.agriculture-machine.com\/vi\/wp-json\/wp\/v2\/media?parent=16007"}],"wp:term":[{"taxonomy":"post_tag","embeddable":true,"href":"https:\/\/www.agriculture-machine.com\/vi\/wp-json\/wp\/v2\/tags?post=16007"},{"taxonomy":"product-type","embeddable":true,"href":"https:\/\/www.agriculture-machine.com\/vi\/wp-json\/wp\/v2\/product-type?post=16007"}],"curies":[{"name":"wp","href":"https:\/\/api.w.org\/{rel}","templated":true}]}}