{"id":173,"date":"2018-07-12T07:03:18","date_gmt":"2018-07-11T23:03:18","guid":{"rendered":"https:\/\/www.agriculture-machine.com\/?p=173"},"modified":"2024-09-18T16:02:03","modified_gmt":"2024-09-18T08:02:03","slug":"maize-sheller","status":"publish","type":"product","link":"https:\/\/www.agriculture-machine.com\/vi\/maize-sheller\/","title":{"rendered":"M\u00e1y t\u00e1ch ng\u00f4 hi\u1ec7u su\u1ea5t cao\u4e28m\u00e1y xay th\u00f3c"},"content":{"rendered":"<p>M\u00e1y t\u00e1ch v\u1ecf ng\u00f4 l\u00e0 thi\u1ebft b\u1ecb chuy\u00ean nghi\u1ec7p \u0111\u1ec3 xay x\u00e1t ng\u00f4 \u0111\u00e3 ph\u01a1i kh\u00f4 d\u01b0\u1edbi \u00e1nh m\u1eb7t tr\u1eddi. M\u00e1y t\u00e1ch v\u1ecf ng\u00f4 c\u00f3 di\u1ec7n t\u00edch nh\u1ecf, n\u0103ng su\u1ea5t cao v\u00e0 d\u1ec5 di chuy\u1ec3n. B\u1ea1n c\u00f3 th\u1ec3 d\u1ec5 d\u00e0ng di chuy\u1ec3n n\u00f3 m\u1ecdi n\u01a1i. V\u00ec v\u1eady, m\u00e1y xay x\u00e1t ng\u00f4 n\u00e0y l\u00e0 s\u1ef1 l\u1ef1a ch\u1ecdn h\u00e0ng \u0111\u1ea7u cho xay x\u00e1t ng\u00f4 gia \u0111\u00ecnh. <\/p>    <p>L\u00e0 m\u1ed9t nh\u00e0 s\u1ea3n xu\u1ea5t m\u00e1y n\u00f4ng nghi\u1ec7p, ch\u00fang t\u00f4i li\u00ean t\u1ee5c n\u00e2ng c\u1ea5p m\u00e1y xay x\u00e1t ng\u00f4, v\u00e0 m\u1eabu m\u00e1y hi\u1ec7n t\u1ea1i l\u00e0 m\u1edbi nh\u1ea5t. C\u00f4ng vi\u1ec7c c\u1ee7a m\u00e1y xay x\u00e1t ng\u00f4 \u1ed5n \u0111\u1ecbnh h\u01a1n v\u00e0 b\u1ec1n h\u01a1n.<\/p>    <figure class=\"wp-block-embed aligncenter is-type-video is-provider-youtube wp-block-embed-youtube wp-embed-aspect-16-9 wp-has-aspect-ratio\"><div class=\"wp-block-embed__wrapper\"> <iframe loading=\"lazy\" title=\"Hi\u1ec7u qu\u1ea3 v\u00e0 ti\u1ec7n l\u1ee3i! H\u01b0\u1edbng d\u1eabn v\u1eadn h\u00e0nh m\u00e1y xay x\u00e1t ng\u00f4 m\u1edbi nh\u1ea5t!\" width=\"500\" height=\"281\" src=\"https:\/\/www.youtube.com\/embed\/1nKcF5ElUqA?feature=oembed\" frameborder=\"0\" allow=\"accelerometer; autoplay; clipboard-write; encrypted-media; gyroscope; picture-in-picture; web-share\" referrerpolicy=\"strict-origin-when-cross-origin\" allowfullscreen><\/iframe> <\/div><figcaption class=\"wp-element-caption\">Video l\u00e0m vi\u1ec7c c\u1ee7a m\u00e1y t\u00e1ch ng\u00f4.<\/figcaption><\/figure>    <h2 class=\"wp-block-heading\" id=\"h-brief-introduction-of-corn-sheller-machine\">Gi\u1edbi thi\u1ec7u ng\u1eafn g\u1ecdn v\u1ec1 m\u00e1y t\u00e1ch v\u1ecf ng\u00f4<\/h2>    <p>M\u00e1y t\u00e1ch v\u1ecf ng\u00f4 \u0111\u01b0\u1ee3c trang b\u1ecb c\u00f4ng su\u1ea5t l\u1edbn (3-4 t\u1ea5n\/h). Tr\u1ecdng l\u01b0\u1ee3ng nh\u1eb9 (86kg) v\u00e0 c\u00f3 4 b\u00e1nh xe, d\u1ec5 d\u00e0ng di chuy\u1ec3n cho n\u00f4ng d\u00e2n. Lo\u1ea1i m\u00e1y t\u00e1ch v\u1ecf ng\u00f4 c\u1ea7m tay n\u00e0y c\u00f3 t\u1ef7 l\u1ec7 xay x\u00e1t cao v\u00e0 t\u1ef7 l\u1ec7 v\u1ee1 th\u1ea5p, \u0111\u00f3 l\u00e0 l\u00fd do t\u1ea1i sao kh\u00e1ch h\u00e0ng c\u1ee7a ch\u00fang t\u00f4i \u0111\u00e1nh gi\u00e1 cao m\u00e1y n\u00e0y. Tr\u1ee5c quay m\u1edbi thi\u1ebft k\u1ebf gi\u00fap ng\u00f4 kh\u00f4ng b\u1ecb h\u01b0 h\u1ecfng d\u1ec5 d\u00e0ng.<\/p>    <p class=\"translation-block\">Ch\u00fang t\u00f4i c\u00f3 th\u1ec3 trang b\u1ecb cho m\u00e1y xay x\u00e1t ng\u00f4 n\u00e0y ba ngu\u1ed3n n\u0103ng l\u01b0\u1ee3ng kh\u00e1c nhau, \u0111\u1ed9ng c\u01a1, \u0111\u1ed9ng c\u01a1 x\u0103ng v\u00e0 \u0111\u1ed9ng c\u01a1 diesel. V\u00ec v\u1eady, kh\u00e1ch h\u00e0ng c\u00f3 th\u1ec3 s\u1eed d\u1ee5ng \u1edf m\u1ecdi n\u01a1i. Ch\u00fang t\u00f4i c\u0169ng c\u00f3 c\u00e1c lo\u1ea1i m\u00e1y xay x\u00e1t kh\u00e1c, nh\u01b0 <a href=\"https:\/\/www.agriculture-machine.com\/vi\/multifunctional-thresher-for-maize-beans-sorghum-millet\/\">m\u00e1y xay x\u00e1t \u0111a ch\u1ee9c n\u0103ng<\/a>, <a href=\"https:\/\/taizyfarmequipment.com\/product\/thresher-machine-for-rice-wheat\/\" target=\"_blank\" rel=\"noopener\">m\u00e1y xay x\u00e1t g\u1ea1o v\u00e0 l\u00faa m\u00ec<\/a>, <a href=\"https:\/\/www.agriculture-machine.com\/vi\/small-sweet-corn-sheller-for-fresh-maize\/\">m\u00e1y xay x\u00e1t ng\u00f4 t\u01b0\u01a1i<\/a>, v.v.<\/p>    <figure class=\"wp-block-gallery has-nested-images columns-2 is-cropped wp-block-gallery-2 is-layout-flex wp-block-gallery-is-layout-flex\"> <figure class=\"wp-block-image size-large\"><img loading=\"lazy\" decoding=\"async\" width=\"720\" height=\"540\" data-id=\"13356\" src=\"https:\/\/www.agriculture-machine.com\/wp-content\/uploads\/2022\/04\/corn-sheller-0.jpg\" alt=\"m\u00e1y t\u00e1ch h\u1ea1t ng\u00f4\" class=\"wp-image-13356\" title=\"m\u00e1y t\u00e1ch h\u1ea1t ng\u00f4\" srcset=\"https:\/\/www.agriculture-machine.com\/wp-content\/uploads\/2022\/04\/corn-sheller-0.jpg 720w, https:\/\/www.agriculture-machine.com\/wp-content\/uploads\/2022\/04\/corn-sheller-0-360x270.jpg 360w, https:\/\/www.agriculture-machine.com\/wp-content\/uploads\/2022\/04\/corn-sheller-0-240x180.jpg 240w\" sizes=\"auto, (max-width: 720px) 100vw, 720px\" \/><figcaption class=\"wp-element-caption\">m\u00e1y t\u00e1ch h\u1ea1t ng\u00f4<\/figcaption><\/figure>    <figure class=\"wp-block-image size-large\"><img loading=\"lazy\" decoding=\"async\" width=\"720\" height=\"540\" data-id=\"13357\" src=\"https:\/\/www.agriculture-machine.com\/wp-content\/uploads\/2022\/04\/corn-thresher0.jpg\" alt=\"m\u00e1y xay ng\u00f4\" class=\"wp-image-13357\" title=\"m\u00e1y xay ng\u00f4\" srcset=\"https:\/\/www.agriculture-machine.com\/wp-content\/uploads\/2022\/04\/corn-thresher0.jpg 720w, https:\/\/www.agriculture-machine.com\/wp-content\/uploads\/2022\/04\/corn-thresher0-360x270.jpg 360w, https:\/\/www.agriculture-machine.com\/wp-content\/uploads\/2022\/04\/corn-thresher0-240x180.jpg 240w\" sizes=\"auto, (max-width: 720px) 100vw, 720px\" \/><figcaption class=\"wp-element-caption\">m\u00e1y xay ng\u00f4<\/figcaption><\/figure>    <figure class=\"wp-block-image size-large\"><img loading=\"lazy\" decoding=\"async\" width=\"720\" height=\"540\" data-id=\"13358\" src=\"https:\/\/www.agriculture-machine.com\/wp-content\/uploads\/2022\/04\/maize-threshing-machine0.jpg\" alt=\"m\u00e1y xay x\u00e1t ng\u00f4\" class=\"wp-image-13358\" title=\"m\u00e1y xay x\u00e1t ng\u00f4\" srcset=\"https:\/\/www.agriculture-machine.com\/wp-content\/uploads\/2022\/04\/maize-threshing-machine0.jpg 720w, https:\/\/www.agriculture-machine.com\/wp-content\/uploads\/2022\/04\/maize-threshing-machine0-360x270.jpg 360w, https:\/\/www.agriculture-machine.com\/wp-content\/uploads\/2022\/04\/maize-threshing-machine0-240x180.jpg 240w\" sizes=\"auto, (max-width: 720px) 100vw, 720px\" \/><figcaption class=\"wp-element-caption\">m\u00e1y xay x\u00e1t ng\u00f4<\/figcaption><\/figure>    <figure class=\"wp-block-image size-large\"><img loading=\"lazy\" decoding=\"async\" width=\"720\" height=\"540\" data-id=\"13359\" src=\"https:\/\/www.agriculture-machine.com\/wp-content\/uploads\/2022\/04\/maize-thresher0.jpg\" alt=\"xay ng\u00f4\" class=\"wp-image-13359\" title=\"xay ng\u00f4\" srcset=\"https:\/\/www.agriculture-machine.com\/wp-content\/uploads\/2022\/04\/maize-thresher0.jpg 720w, https:\/\/www.agriculture-machine.com\/wp-content\/uploads\/2022\/04\/maize-thresher0-360x270.jpg 360w, https:\/\/www.agriculture-machine.com\/wp-content\/uploads\/2022\/04\/maize-thresher0-240x180.jpg 240w\" sizes=\"auto, (max-width: 720px) 100vw, 720px\" \/><figcaption class=\"wp-element-caption\">xay ng\u00f4<\/figcaption><\/figure> <\/figure>    <h2 class=\"wp-block-heading\" id=\"h-main-structure-of-maize-threshing-machine\">C\u1ea5u tr\u00fac ch\u00ednh c\u1ee7a m\u00e1y xay x\u00e1t ng\u00f4<\/h2>    <p>C\u1ea5u tr\u00fac ch\u00ednh c\u1ee7a m\u00e1y t\u00e1ch ng\u00f4 ch\u1ee7 y\u1ebfu g\u1ed3m khung, c\u1eeda n\u1ea1p v\u1eadt li\u1ec7u, thi\u1ebft b\u1ecb xay x\u00e1t, m\u00e0n h\u00ecnh, b\u00e1nh xe \u0111\u1ed9ng c\u01a1 (\u0111\u1ed9ng c\u01a1, \u0111\u1ed9ng c\u01a1 x\u0103ng ho\u1eb7c diesel), l\u1ed1i ra h\u1ea1t ng\u00f4, l\u1ed1i ra b\u1eafp ng\u00f4, v.v. M\u00e1y xay x\u00e1t ng\u00f4 c\u00f3 h\u00ecnh d\u00e1ng \u0111\u1eb9p v\u00e0 tu\u1ed5i th\u1ecd cao, l\u00e0 tr\u1ee3 th\u1ee7 \u0111\u1eafc l\u1ef1c cho c\u00e1c m\u00e1y xay x\u00e1t ng\u00f4 gia \u0111\u00ecnh.<\/p>    <figure class=\"wp-block-image aligncenter size-full\"><img loading=\"lazy\" decoding=\"async\" width=\"720\" height=\"540\" src=\"https:\/\/www.agriculture-machine.com\/wp-content\/uploads\/2022\/04\/corn-shellers-structure-1.jpg\" alt=\"C\u1ea5u tr\u00fac c\u1ee7a m\u00e1y t\u00e1ch v\u1ecf ng\u00f4 \" class=\"wp-image-13360\" title=\"C\u1ea5u tr\u00fac c\u1ee7a m\u00e1y t\u00e1ch v\u1ecf ng\u00f4 \" srcset=\"https:\/\/www.agriculture-machine.com\/wp-content\/uploads\/2022\/04\/corn-shellers-structure-1.jpg 720w, https:\/\/www.agriculture-machine.com\/wp-content\/uploads\/2022\/04\/corn-shellers-structure-1-360x270.jpg 360w, https:\/\/www.agriculture-machine.com\/wp-content\/uploads\/2022\/04\/corn-shellers-structure-1-240x180.jpg 240w\" sizes=\"auto, (max-width: 720px) 100vw, 720px\" \/><figcaption class=\"wp-element-caption\">corn sheller&#8217;s structure<\/figcaption><\/figure>    <h2 class=\"wp-block-heading\">Th\u00f4ng s\u1ed1 k\u1ef9 thu\u1eadt c\u1ee7a m\u00e1y t\u00e1ch v\u1ecf ng\u00f4<\/h2>    <div class=\"table-responsive\"> <table class=\"table table-striped\"> <tbody> <tr> <td width=\"284\">M\u1eabu<\/td> <td width=\"284\">SL-B<\/td> <\/tr> <tr> <td width=\"284\">C\u00f4ng su\u1ea5t<\/td> <td width=\"284\">\u0110\u1ed9ng c\u01a1 2.2kw, \u0111\u1ed9ng c\u01a1 x\u0103ng v\u00e0 \u0111\u1ed9ng c\u01a1 diesel.<\/td> <\/tr> <tr> <td width=\"284\">Dung t\u00edch<\/td> <td width=\"284\">3-4 t\u1ea5n\/h<\/td> <\/tr> <tr> <td width=\"284\">Tr\u1ecdng l\u01b0\u1ee3ng<\/td> <td width=\"284\">86kg<\/td> <\/tr> <tr> <td width=\"284\">K\u00edch th\u01b0\u1edbc<\/td> <td width=\"284\">1080*6500*1300mm<\/td> <\/tr> <\/tbody> <\/table> <\/div>    <h2 class=\"wp-block-heading\" id=\"h-what-advantages-does-the-maize-sheller-machine-has\">M\u00e1y t\u00e1ch v\u1ecf ng\u00f4 c\u00f3 nh\u1eefng l\u1ee3i \u00edch g\u00ec?<\/h2>    <p>1. M\u00e1y t\u00e1ch v\u1ecf ng\u00f4 c\u00f3 c\u1ea5u tr\u00fac nh\u1ecf g\u1ecdn v\u00e0 l\u00e0m b\u1eb1ng th\u00e9p ch\u1ea5t l\u01b0\u1ee3ng cao. V\u00ec v\u1eady, ng\u01b0\u1eddi d\u00f9ng c\u00f3 th\u1ec3 s\u1eed d\u1ee5ng l\u00e2u d\u00e0i.<br>2. T\u1ef7 l\u1ec7 l\u00e0m s\u1ea1ch cao. Kh\u00f4ng ch\u1ec9 m\u00e1y c\u00f3 kh\u1ea3 n\u0103ng lo\u1ea1i b\u1ecf cao, m\u00e0 h\u1ea1t ng\u00f4 cu\u1ed1i c\u00f9ng c\u0169ng s\u1ea1ch.<br>3. V\u1edbi v\u1eadt li\u1ec7u \u0111\u1eb7c bi\u1ec7t, c\u00e1c tr\u1ee5c quay trong thi\u1ebft k\u1ebf m\u1edbi c\u1ee7a ch\u00fang t\u00f4i s\u1ebd kh\u00f4ng l\u00e0m h\u1ecfng h\u1ea1t. V\u00ec v\u1eady, h\u1ea1t ng\u00f4 c\u00f3 th\u1ec3 b\u00e1n tr\u1ef1c ti\u1ebfp. <br>4. M\u00e1y t\u00e1ch v\u1ecf ng\u00f4 d\u1ec5 s\u1eed d\u1ee5ng v\u00e0 \u0111i\u1ec1u ch\u1ec9nh, chi\u1ebfm di\u1ec7n t\u00edch nh\u1ecf v\u1edbi n\u0103ng su\u1ea5t cao. V\u00ec v\u1eady, n\u00f3 ph\u1ed5 bi\u1ebfn trong c\u1ea3 n\u01b0\u1edbc v\u00e0 qu\u1ed1c t\u1ebf. <br>5. C\u1ea5u tr\u00fac linh ho\u1ea1t c\u1ee7a n\u00f3 c\u00f3 th\u1ec3 ti\u1ebft ki\u1ec7m n\u0103ng l\u01b0\u1ee3ng v\u00e0 th\u1eddi gian lao \u0111\u1ed9ng, ho\u00e0n th\u00e0nh c\u00e1c c\u00f4ng vi\u1ec7c nh\u01b0 xay x\u00e1t, s\u00e0ng l\u1ecdc v\u00e0 ph\u00e2n lo\u1ea1i.<\/p>    <figure class=\"wp-block-image aligncenter size-full\"><img loading=\"lazy\" decoding=\"async\" width=\"720\" height=\"540\" src=\"https:\/\/www.agriculture-machine.com\/wp-content\/uploads\/2022\/04\/threshing-effect-0.jpg\" alt=\"Hi\u1ec7u qu\u1ea3 xay x\u00e1t\" class=\"wp-image-13382\" title=\"Hi\u1ec7u qu\u1ea3 xay x\u00e1t\" srcset=\"https:\/\/www.agriculture-machine.com\/wp-content\/uploads\/2022\/04\/threshing-effect-0.jpg 720w, https:\/\/www.agriculture-machine.com\/wp-content\/uploads\/2022\/04\/threshing-effect-0-360x270.jpg 360w, https:\/\/www.agriculture-machine.com\/wp-content\/uploads\/2022\/04\/threshing-effect-0-240x180.jpg 240w\" sizes=\"auto, (max-width: 720px) 100vw, 720px\" \/><figcaption class=\"wp-element-caption\">Hi\u1ec7u qu\u1ea3 xay x\u00e1t<\/figcaption><\/figure>    <h2 class=\"wp-block-heading\">Nguy\u00ean l\u00fd ho\u1ea1t \u0111\u1ed9ng c\u1ee7a m\u00e1y t\u00e1ch ng\u00f4<\/h2>    <p>1. Khi m\u00e1y t\u00e1ch v\u1ecf ng\u00f4 ho\u1ea1t \u0111\u1ed9ng, ng\u01b0\u1eddi v\u1eadn h\u00e0nh tr\u01b0\u1edbc ti\u00ean \u0111\u01b0a ng\u00f4 v\u00e0o c\u1eeda n\u1ea1p.<br>2. Ng\u00f4 \u0111i v\u00e0o bu\u1ed3ng xay qua c\u1eeda n\u1ea1p v\u00e0 sau \u0111\u00f3 rotor \u0111\u00e1nh v\u00e0o h\u1ea1t ng\u00f4.<br>3. C\u00e1c con l\u0103n quay d\u01b0\u1edbi l\u1ef1c c\u1ee7a \u0111\u1ed9ng c\u01a1 v\u00e0 xay x\u00e1t ng\u00f4 v\u1edbi t\u1ed1c \u0111\u1ed9 \u0111\u00e1ng kinh ng\u1ea1c khi ng\u00f4 di chuy\u1ec3n v\u00e0o gi\u1eefa hai con l\u0103n.<br>V\u1ecf b\u1eafp ng\u00f4 \u0111\u01b0\u1ee3c x\u1ea3 ra t\u1eeb \u0111u\u00f4i c\u1ee7a m\u00e1y t\u00e1ch v\u1ecf ng\u00f4. V\u1ecf b\u1eafp v\u00e0 c\u00e1c t\u1ea1p ch\u1ea5t kh\u00e1c \u0111\u01b0\u1ee3c th\u1ed5i ra kh\u1ecfi qu\u1ea1t h\u00fat b\u1ee5i, c\u00f3 th\u1ec3 h\u00fat v\u1ecf v\u00e0 c\u00e1c h\u1ea1t nh\u1ecf \u0111\u1ec3 gi\u1eef h\u1ea1t ng\u00f4 s\u1ea1ch.<br>5. H\u1ea1t ng\u00f4 r\u01a1i qua l\u1ed7 s\u00e0ng. C\u00f3 m\u1ed9t t\u1ea5m ch\u1eafn \u1edf ph\u1ea7n d\u01b0\u1edbi c\u1ee7a c\u1eeda v\u00e0o \u0111\u1ec3 ng\u0103n ng\u1eeba h\u1ea1t ng\u00f4 r\u01a1i g\u00e2y th\u01b0\u01a1ng t\u00edch cho ng\u01b0\u1eddi.<\/p>    <p>L\u01b0u \u00fd: Hi\u1ec7u qu\u1ea3 xay x\u00e1t c\u1ee7a m\u00e1y xay x\u00e1t ng\u00f4 ph\u1ee5 thu\u1ed9c v\u00e0o chi\u1ec1u d\u00e0i v\u00e0 \u0111\u01b0\u1eddng k\u00ednh c\u1ee7a tr\u1ed1ng. Gai tr\u00ean rotor d\u1ec5 b\u1ecb t\u1ed5n th\u01b0\u01a1ng. V\u00e0 ch\u00fang ta n\u00ean ki\u1ec3m tra th\u01b0\u1eddng xuy\u00ean. Khi m\u00f2n m\u1ed9t ph\u1ea7n t\u01b0 r\u0103ng, ch\u00fang ta c\u00f3 th\u1ec3 s\u1eeda ho\u1eb7c thay th\u1ebf b\u1eb1ng h\u00e0n \u0111i\u1ec7n \u0111\u1ec3 \u0111\u1ea3m b\u1ea3o c\u00e2n b\u1eb1ng c\u1ee7a rotor. M\u00e0n h\u00ecnh c\u0169ng l\u00e0 b\u1ed9 ph\u1eadn ti\u00eau hao. V\u00ec v\u1eady, n\u00ean thay th\u1ebf khi b\u1ecb h\u1ecfng.<\/p>    <figure class=\"wp-block-gallery has-nested-images columns-default is-cropped wp-block-gallery-3 is-layout-flex wp-block-gallery-is-layout-flex\"> <figure class=\"wp-block-image size-large\"><img loading=\"lazy\" decoding=\"async\" width=\"720\" height=\"540\" data-id=\"13365\" src=\"https:\/\/www.agriculture-machine.com\/wp-content\/uploads\/2022\/04\/high-efficiency-corn-thresher-0.jpg\" alt=\"m\u00e1y xay x\u00e1t ng\u00f4 hi\u1ec7u qu\u1ea3 cao\" class=\"wp-image-13365\" title=\"m\u00e1y xay x\u00e1t ng\u00f4 hi\u1ec7u qu\u1ea3 cao\" srcset=\"https:\/\/www.agriculture-machine.com\/wp-content\/uploads\/2022\/04\/high-efficiency-corn-thresher-0.jpg 720w, https:\/\/www.agriculture-machine.com\/wp-content\/uploads\/2022\/04\/high-efficiency-corn-thresher-0-360x270.jpg 360w, https:\/\/www.agriculture-machine.com\/wp-content\/uploads\/2022\/04\/high-efficiency-corn-thresher-0-240x180.jpg 240w\" sizes=\"auto, (max-width: 720px) 100vw, 720px\" \/><figcaption class=\"wp-element-caption\">m\u00e1y xay x\u00e1t ng\u00f4 hi\u1ec7u qu\u1ea3 cao<\/figcaption><\/figure>    <figure class=\"wp-block-image size-large\"><img loading=\"lazy\" decoding=\"async\" width=\"720\" height=\"540\" data-id=\"13366\" src=\"https:\/\/www.agriculture-machine.com\/wp-content\/uploads\/2022\/04\/working-situation-0.jpg\" alt=\"T\u00ecnh h\u00ecnh l\u00e0m vi\u1ec7c\" class=\"wp-image-13366\" title=\"T\u00ecnh h\u00ecnh l\u00e0m vi\u1ec7c\" srcset=\"https:\/\/www.agriculture-machine.com\/wp-content\/uploads\/2022\/04\/working-situation-0.jpg 720w, https:\/\/www.agriculture-machine.com\/wp-content\/uploads\/2022\/04\/working-situation-0-360x270.jpg 360w, https:\/\/www.agriculture-machine.com\/wp-content\/uploads\/2022\/04\/working-situation-0-240x180.jpg 240w\" sizes=\"auto, (max-width: 720px) 100vw, 720px\" \/><figcaption class=\"wp-element-caption\">T\u00ecnh h\u00ecnh l\u00e0m vi\u1ec7c<\/figcaption><\/figure> <\/figure>    <h2 class=\"wp-block-heading\" id=\"h-application-of-corn-sheller-machine\">\u1ee8ng d\u1ee5ng c\u1ee7a m\u00e1y t\u00e1ch ng\u00f4<\/h2>    <p>M\u00e1y t\u00e1ch v\u1ecf ng\u00f4 t\u00e1ch h\u1ea1t ng\u00f4 kh\u1ecfi b\u1eafp v\u1edbi t\u1ed1c \u0111\u1ed9 \u0111\u00e1ng kinh ng\u1ea1c v\u00e0 h\u1ea1t c\u00f3 th\u1ec3 gi\u1eef nguy\u00ean v\u1eb9n, \u0111\u01b0\u1ee3c s\u1eed d\u1ee5ng r\u1ed9ng r\u00e3i trong ch\u0103n nu\u00f4i gia s\u00fac, n\u00f4ng tr\u1ea1i c\u0169ng nh\u01b0 s\u1eed d\u1ee5ng h\u00e0ng ng\u00e0y c\u1ee7a m\u1ecdi ng\u01b0\u1eddi.<\/p>    <h2 class=\"wp-block-heading\" id=\"h-the-successful-case-of-corn-sheller-machine\">Tr\u01b0\u1eddng h\u1ee3p th\u00e0nh c\u00f4ng c\u1ee7a m\u00e1y t\u00e1ch ng\u00f4<\/h2>    <p>Kh\u00e1ch h\u00e0ng c\u1ee7a ch\u00fang t\u00f4i r\u1ea5t h\u00e0i l\u00f2ng v\u1edbi m\u00e1y xay x\u00e1t ng\u00f4 nh\u1edd t\u1ef7 l\u1ec7 v\u1ee1 th\u1ea5p, kh\u1ea3 n\u0103ng l\u00e0m s\u1ea1ch xu\u1ea5t s\u1eafc v\u00e0 hi\u1ec7u qu\u1ea3 cao. \u0110\u1ebfn nay, ch\u00fang t\u00f4i \u0111\u00e3 xu\u1ea5t kh\u1ea9u nhi\u1ec1u m\u00e1y xay x\u00e1t ng\u00f4 \u0111i kh\u1eafp th\u1ebf gi\u1edbi. <\/p>    <p>V\u00e0 nh\u1eadn \u0111\u01b0\u1ee3c ph\u1ea3n h\u1ed3i t\u00edch c\u1ef1c t\u1eeb h\u1ecd. V\u1edbi d\u1ecbch v\u1ee5 h\u1eadu m\u00e3i ho\u00e0n h\u1ea3o v\u00e0 th\u00e1i \u0111\u1ed9 ch\u00e2n th\u00e0nh, ch\u00fang t\u00f4i \u0111\u00e3 gi\u00e0nh \u0111\u01b0\u1ee3c l\u00f2ng tin c\u1ee7a kh\u00e1ch h\u00e0ng. Ch\u00fang t\u00f4i lu\u00f4n \u0111\u1eb7t m\u00ecnh v\u00e0o v\u1ecb tr\u00ed c\u1ee7a kh\u00e1ch h\u00e0ng v\u00e0 coi l\u1ee3i \u00edch c\u1ee7a h\u1ecd l\u00e0 \u01b0u ti\u00ean.<\/p>    <figure class=\"wp-block-gallery has-nested-images columns-default is-cropped wp-block-gallery-4 is-layout-flex wp-block-gallery-is-layout-flex\"> <figure class=\"wp-block-image size-large\"><img loading=\"lazy\" decoding=\"async\" width=\"720\" height=\"540\" data-id=\"13375\" src=\"https:\/\/www.agriculture-machine.com\/wp-content\/uploads\/2022\/04\/maize-sheller-0.jpg\" alt=\"m\u00e1y t\u00e1ch h\u1ea1t ng\u00f4\" class=\"wp-image-13375\" title=\"m\u00e1y t\u00e1ch h\u1ea1t ng\u00f4\" srcset=\"https:\/\/www.agriculture-machine.com\/wp-content\/uploads\/2022\/04\/maize-sheller-0.jpg 720w, https:\/\/www.agriculture-machine.com\/wp-content\/uploads\/2022\/04\/maize-sheller-0-360x270.jpg 360w, https:\/\/www.agriculture-machine.com\/wp-content\/uploads\/2022\/04\/maize-sheller-0-240x180.jpg 240w\" sizes=\"auto, (max-width: 720px) 100vw, 720px\" \/><figcaption class=\"wp-element-caption\">m\u00e1y t\u00e1ch h\u1ea1t ng\u00f4<\/figcaption><\/figure>    <figure class=\"wp-block-image size-large\"><img loading=\"lazy\" decoding=\"async\" width=\"720\" height=\"540\" data-id=\"13376\" src=\"https:\/\/www.agriculture-machine.com\/wp-content\/uploads\/2022\/04\/corn-thresher-0.jpg\" alt=\"m\u00e1y xay ng\u00f4\" class=\"wp-image-13376\" title=\"m\u00e1y xay ng\u00f4\" srcset=\"https:\/\/www.agriculture-machine.com\/wp-content\/uploads\/2022\/04\/corn-thresher-0.jpg 720w, https:\/\/www.agriculture-machine.com\/wp-content\/uploads\/2022\/04\/corn-thresher-0-360x270.jpg 360w, https:\/\/www.agriculture-machine.com\/wp-content\/uploads\/2022\/04\/corn-thresher-0-240x180.jpg 240w\" sizes=\"auto, (max-width: 720px) 100vw, 720px\" \/><figcaption class=\"wp-element-caption\">m\u00e1y xay ng\u00f4<\/figcaption><\/figure>    <figure class=\"wp-block-image size-large\"><img loading=\"lazy\" decoding=\"async\" width=\"720\" height=\"540\" data-id=\"13377\" src=\"https:\/\/www.agriculture-machine.com\/wp-content\/uploads\/2022\/04\/shipping-of-the-corn-thresher-0.jpg\" alt=\"v\u1eadn chuy\u1ec3n m\u00e1y xay x\u00e1t ng\u00f4\" class=\"wp-image-13377\" title=\"v\u1eadn chuy\u1ec3n m\u00e1y xay x\u00e1t ng\u00f4\" srcset=\"https:\/\/www.agriculture-machine.com\/wp-content\/uploads\/2022\/04\/shipping-of-the-corn-thresher-0.jpg 720w, https:\/\/www.agriculture-machine.com\/wp-content\/uploads\/2022\/04\/shipping-of-the-corn-thresher-0-360x270.jpg 360w, https:\/\/www.agriculture-machine.com\/wp-content\/uploads\/2022\/04\/shipping-of-the-corn-thresher-0-240x180.jpg 240w\" sizes=\"auto, (max-width: 720px) 100vw, 720px\" \/><figcaption class=\"wp-element-caption\">v\u1eadn chuy\u1ec3n m\u00e1y xay x\u00e1t ng\u00f4<\/figcaption><\/figure> <\/figure>    <h2 class=\"wp-block-heading\" id=\"h-faq\">C\u00e2u h\u1ecfi th\u01b0\u1eddng g\u1eb7p<\/h2>   <div id=\"rank-math-faq\" class=\"rank-math-block\"> <div class=\"rank-math-list\"> <div id=\"faq-question-1714386534812\" class=\"rank-math-list-item\"> <h3 class=\"rank-math-question\">M\u00e1y n\u00e0y ch\u1ec9 xay x\u00e1t ng\u00f4 ph\u1ea3i kh\u00f4ng?<\/h3> <div class=\"rank-math-answer\">  <p>\u0110\u00fang v\u1eady, \u0111\u00e2y l\u00e0 m\u00e1y ch\u1ec9 d\u00e0nh cho ng\u00f4.<\/p>  <\/div> <\/div> <div id=\"faq-question-1714386538716\" class=\"rank-math-list-item\"> <h3 class=\"rank-math-question\">Ph\u1ea7n d\u1ec5 b\u1ecb t\u1ed5n th\u01b0\u01a1ng c\u1ee7a m\u00e1y n\u00e0y l\u00e0 g\u00ec?<\/h3> <div class=\"rank-math-answer\">  <p>Con l\u0103n v\u00e0 m\u00e0n h\u00ecnh d\u1ec5 b\u1ecb t\u1ed5n th\u01b0\u01a1ng. V\u00e0 ch\u00fang ta n\u00ean thay th\u1ebf ch\u00fang th\u01b0\u1eddng xuy\u00ean.<\/p>  <\/div> <\/div> <div id=\"faq-question-1714386569735\" class=\"rank-math-list-item\"> <h3 class=\"rank-math-question\">B\u1ea1n c\u00f3 bao nhi\u00eau lo\u1ea1i m\u00e1y t\u00e1ch ng\u00f4?<\/h3> <div class=\"rank-math-answer\">  <p>M\u00e1y t\u00e1ch ng\u00f4 l\u00e0 s\u1ea3n ph\u1ea9m b\u00e1n ch\u1ea1y c\u1ee7a ch\u00fang t\u00f4i. Ch\u00fang t\u00f4i c\u00f3 c\u00e1c c\u00f4ng su\u1ea5t kh\u00e1c nhau nh\u01b0 1 t\u1ea5n\/h, 3-4 t\u1ea5n\/h, 4 t\u1ea5n\/h, 5 t\u1ea5n\/h, 6 t\u1ea5n\/h. Ch\u00e0o m\u1eebng b\u1ea1n li\u00ean h\u1ec7 \u0111\u1ec3 bi\u1ebft th\u00eam chi ti\u1ebft.<\/p>  <\/div> <\/div> <div id=\"faq-question-1714386580546\" class=\"rank-math-list-item\"> <h3 class=\"rank-math-question\">L\u00e0m th\u1ebf n\u00e0o \u0111\u1ec3 thay m\u00e0n h\u00ecnh?<\/h3> <div class=\"rank-math-answer\">  <p>M\u00e0n h\u00ecnh d\u1ec5 thay th\u1ebf. Ch\u00fang t\u00f4i s\u1ebd cung c\u1ea5p cho b\u1ea1n video h\u01b0\u1edbng d\u1eabn chi ti\u1ebft v\u1ec1 c\u00e1ch thay m\u00e0n h\u00ecnh.<\/p>  <\/div> <\/div> <\/div> <\/div>","protected":false},"excerpt":{"rendered":"<p>M\u00e1y t\u00e1ch v\u1ecf ng\u00f4 l\u00e0 thi\u1ebft b\u1ecb chuy\u00ean nghi\u1ec7p \u0111\u1ec3 xay x\u00e1t ng\u00f4 ph\u01a1i kh\u00f4 d\u01b0\u1edbi \u00e1nh m\u1eb7t tr\u1eddi. N\u00f3 c\u00f3 di\u1ec7n t\u00edch nh\u1ecf, n\u0103ng su\u1ea5t cao v\u00e0 d\u1ec5 di chuy\u1ec3n.<\/p>","protected":false},"author":1,"featured_media":0,"parent":0,"comment_status":"closed","ping_status":"closed","template":"","tags":[491,2613],"product-type":[893],"class_list":["post-173","product","type-product","status-publish","hentry","tag-corn","tag-peeling","product-type-corn-thresher"],"_links":{"self":[{"href":"https:\/\/www.agriculture-machine.com\/vi\/wp-json\/wp\/v2\/product\/173","targetHints":{"allow":["GET"]}}],"collection":[{"href":"https:\/\/www.agriculture-machine.com\/vi\/wp-json\/wp\/v2\/product"}],"about":[{"href":"https:\/\/www.agriculture-machine.com\/vi\/wp-json\/wp\/v2\/types\/product"}],"author":[{"embeddable":true,"href":"https:\/\/www.agriculture-machine.com\/vi\/wp-json\/wp\/v2\/users\/1"}],"replies":[{"embeddable":true,"href":"https:\/\/www.agriculture-machine.com\/vi\/wp-json\/wp\/v2\/comments?post=173"}],"wp:attachment":[{"href":"https:\/\/www.agriculture-machine.com\/vi\/wp-json\/wp\/v2\/media?parent=173"}],"wp:term":[{"taxonomy":"post_tag","embeddable":true,"href":"https:\/\/www.agriculture-machine.com\/vi\/wp-json\/wp\/v2\/tags?post=173"},{"taxonomy":"product-type","embeddable":true,"href":"https:\/\/www.agriculture-machine.com\/vi\/wp-json\/wp\/v2\/product-type?post=173"}],"curies":[{"name":"wp","href":"https:\/\/api.w.org\/{rel}","templated":true}]}}