{"id":17495,"date":"2026-03-05T17:40:30","date_gmt":"2026-03-05T09:40:30","guid":{"rendered":"https:\/\/www.agriculture-machine.com\/?post_type=product&#038;p=17495"},"modified":"2026-04-13T15:59:27","modified_gmt":"2026-04-13T07:59:27","slug":"silage-packing-baler","status":"publish","type":"product","link":"https:\/\/www.agriculture-machine.com\/vi\/silage-packing-baler\/","title":{"rendered":"M\u00e1y \u0111\u00f3ng bao c\u1ecf 9YDB-60-2 | M\u00e1y \u0111\u00f3ng bao c\u1ecf hai l\u1edbp b\u1ecdc phim song song"},"content":{"rendered":"<p>M\u00e1y \u0111\u00f3ng bao c\u1ecf \u00e9p silage b\u1ecdc phim \u0111\u00f4i g\u1eafn tr\u00ean m\u00e1y k\u00e9o 9YDB-60-2 l\u00e0 m\u1ed9t m\u00e1y \u0111\u00f3ng bao tr\u00f2n hi\u1ec7u qu\u1ea3 cao m\u1edbi ph\u00e1t tri\u1ec3n v\u00e0 m\u00e1y b\u1ecdc hai l\u1edbp, \u0111\u1eb7c bi\u1ec7t thi\u1ebft k\u1ebf cho silage m\u1eadt \u0111\u1ed9 cao.<\/p>    <p>S\u1ea3n xu\u1ea5t c\u00e1c b\u00f3 c\u00f3 k\u00edch th\u01b0\u1edbc \u03a6550\u00d7550 mm, tr\u1ecdng l\u01b0\u1ee3ng 80-120 kg m\u1ed7i b\u00f3, \u0111\u1ea1t n\u0103ng su\u1ea5t 60-85 b\u00f3 m\u1ed7i gi\u1edd. \u0110i\u1ec1u n\u00e0y n\u00e2ng cao \u0111\u00e1ng k\u1ec3 ch\u1ea5t l\u01b0\u1ee3ng l\u00ean men silage v\u00e0 \u0111\u1ed9 \u1ed5n \u0111\u1ecbnh l\u01b0u tr\u1eef, \u0111\u1ed3ng th\u1eddi gi\u1ea3m r\u00f2 r\u1ec9 v\u1eadt li\u1ec7u. <\/p>    <p>V\u1edbi \u0111\u1ed9ng c\u01a1 \u0111i\u1ec7n v\u00e0 h\u1ec7 th\u1ed1ng b\u0103ng chuy\u1ec1n x\u00edch, m\u00e1y v\u1eadn h\u00e0nh d\u1ec5 d\u00e0ng, \u1ed5n \u0111\u1ecbnh, chi ph\u00ed b\u1ea3o tr\u00ec th\u1ea5p, l\u00e0 l\u1ef1a ch\u1ecdn l\u00fd t\u01b0\u1edfng cho c\u00e1c trang tr\u1ea1i, trung t\u00e2m ch\u1ebf bi\u1ebfn silage v\u00e0 nh\u00e0 ph\u00e2n ph\u1ed1i.<\/p>    <figure class=\"wp-block-embed aligncenter is-type-video is-provider-youtube wp-block-embed-youtube wp-embed-aspect-16-9 wp-has-aspect-ratio\"><div class=\"wp-block-embed__wrapper\"> <iframe loading=\"lazy\" title=\"M\u00e1y qu\u1ea5n b\u00e3i c\u1ecf silage n\u00e2ng c\u1ea5p m\u1edbi | Nhanh h\u01a1n, Th\u00f4ng minh h\u01a1n, Hi\u1ec7u qu\u1ea3 h\u01a1n \ud83c\udf3e\ud83d\ude9c#silage #silagebaler\" width=\"500\" height=\"281\" src=\"https:\/\/www.youtube.com\/embed\/aGn-YblQw_g?feature=oembed\" frameborder=\"0\" allow=\"accelerometer; autoplay; clipboard-write; encrypted-media; gyroscope; picture-in-picture; web-share\" referrerpolicy=\"strict-origin-when-cross-origin\" allowfullscreen><\/iframe> <\/div><figcaption class=\"wp-element-caption\">Video ho\u1ea1t \u0111\u1ed9ng c\u1ee7a m\u00e1y qu\u1ea5n b\u00e3i c\u1ecf silage T60 m\u1edbi<\/figcaption><\/figure>    <h2 class=\"wp-block-heading\">\u1ee8ng d\u1ee5ng c\u1ee7a m\u00e1y \u0111\u00f3ng b\u00e3i c\u1ecf silage<\/h2>    <p>M\u00e1y \u0111\u00f3ng bao c\u1ecf \u00e9p silage b\u1ecdc phim \u0111\u00f4i n\u00e0y ph\u00f9 h\u1ee3p \u0111\u1ec3 n\u00e9n v\u00e0 ni\u00eam phong c\u00e1c lo\u1ea1i th\u1ee9c \u0103n silage kh\u00e1c nhau, \u0111\u01b0\u1ee3c \u1ee9ng d\u1ee5ng r\u1ed9ng r\u00e3i trong c\u00e1c l\u0129nh v\u1ef1c sau:<\/p>    <ul class=\"wp-block-list\"> <li>Trang tr\u1ea1i v\u00e0 n\u00f4ng tr\u1ea1i s\u1eefa: \u0111\u1ec3 \u0111\u00f3ng b\u00e3i v\u00e0 qu\u1ea5n th\u1ee9c \u0103n silage nh\u01b0 th\u00e2n c\u00e2y ng\u00f4, c\u1ecf \u0111\u1ed3ng c\u1ecf, v\u00e0 c\u1ecf linh l\u0103ng.<\/li>    <li>Trung t\u00e2m ch\u1ebf bi\u1ebfn silage: cho s\u1ea3n xu\u1ea5t v\u00e0 cung c\u1ea5p silage quy m\u00f4 l\u1edbn.<\/li>    <li>H\u1ee3p t\u00e1c x\u00e3 n\u00f4ng nghi\u1ec7p: x\u1eed l\u00fd t\u1eadp trung ngu\u1ed3n nguy\u00ean li\u1ec7u r\u01a1m r\u1ea1.<\/li>    <li>Doanh nghi\u1ec7p ch\u1ebf bi\u1ebfn th\u1ee9c \u0103n: n\u00e2ng cao ch\u1ea5t l\u01b0\u1ee3ng l\u01b0u tr\u1eef silage v\u00e0 th\u01b0\u01a1ng m\u1ea1i h\u00f3a.<\/li> <\/ul>    <p>Sau khi qu\u1ea5n v\u00e0 ni\u00eam phong, silage l\u00ean men trong \u0111i\u1ec1u ki\u1ec7n y\u1ebfm kh\u00ed, gi\u1ea3m thi\u1ec3u m\u1ea5t dinh d\u01b0\u1ee1ng v\u00e0 k\u00e9o d\u00e0i th\u1eddi gian l\u01b0u tr\u1eef.<\/p>    <h2 class=\"wp-block-heading\">\u01afu \u0111i\u1ec3m c\u1ee7a m\u00e1y \u0111\u00f3ng b\u00e3i c\u1ecf silage<\/h2>    <ul class=\"wp-block-list\"> <li>Thi\u1ebft k\u1ebf qu\u1ea5n hai l\u1edbp: n\u00e2ng cao t\u00ednh \u0111\u1ed3ng \u0111\u1ec1u c\u1ee7a qu\u00e1 tr\u00ecnh l\u00ean men th\u1ee9c \u0103n v\u00e0 k\u00e9o d\u00e0i th\u1eddi gian l\u01b0u tr\u1eef.<\/li>    <li>H\u1ec7 th\u1ed1ng b\u0103ng chuy\u1ec1n   tr\u1ee5c: gi\u1ea3m tr\u00e0n v\u1eadt li\u1ec7u v\u00e0 gi\u1ea3m m\u1ea5t silage.<\/li>    <li>Truy\u1ec1n \u0111\u1ed9ng ho\u00e0n to\u00e0n b\u1eb1ng \u0111i\u1ec7n: \u0111\u1ea3m b\u1ea3o ho\u1ea1t \u0111\u1ed9ng tr\u01a1n tru v\u1edbi chi ph\u00ed b\u1ea3o tr\u00ec th\u1ea5p.<\/li>    <li>Thi\u1ebft k\u1ebf c\u1ea5u tr\u00fac m\u00f4-\u0111un: d\u1ec5 d\u00e0ng b\u1ea3o tr\u00ec \u0111\u1ecbnh k\u1ef3 v\u00e0 ch\u1ea9n \u0111o\u00e1n l\u1ed7i.<\/li>    <li>V\u1eadt li\u1ec7u ch\u1ecbu l\u1ef1c cao v\u00e0 b\u1ea1c \u0111\u1ea1n gia c\u1ed1: k\u00e9o d\u00e0i tu\u1ed5i th\u1ecd d\u1ecbch v\u1ee5.<\/li>    <li>\u0110i\u1ec1u khi\u1ec3n LCD v\u00e0 PLC: v\u1eadn h\u00e0nh tr\u1ef1c quan v\u1edbi thi\u1ebft l\u1eadp tham s\u1ed1 ch\u00ednh x\u00e1c.<\/li>    <li>H\u1ed7 tr\u1ee3 d\u1ecbch v\u1ee5 t\u00f9y ch\u1ec9nh: k\u00edch th\u01b0\u1edbc v\u00e0 ph\u01b0\u01a1ng ph\u00e1p qu\u1ea5n ph\u00f9 h\u1ee3p v\u1edbi y\u00eau c\u1ea7u c\u1ee7a kh\u00e1ch h\u00e0ng.<\/li>    <li>Thi\u1ebft k\u1ebf k\u00e9o theo m\u00e1y k\u00e9o: ph\u00f9 h\u1ee3p \u0111\u1ec3 k\u00e9o b\u1eb1ng m\u00e1y k\u00e9o tr\u00ean \u0111\u1ed3ng c\u1ecf ho\u1eb7c trong h\u1ea7m ch\u1ee9a silage.<\/li> <\/ul>    <figure class=\"wp-block-gallery has-nested-images columns-default is-cropped wp-block-gallery-2 is-layout-flex wp-block-gallery-is-layout-flex\"> <figure class=\"wp-block-image size-large\"><img loading=\"lazy\" decoding=\"async\" width=\"720\" height=\"540\" data-id=\"17503\" src=\"https:\/\/www.agriculture-machine.com\/wp-content\/uploads\/2026\/03\/round-silage-baler-machine.webp\" alt=\"m\u00e1y \u0111\u00f3ng b\u00e3i c\u1ecf tr\u00f2n\" class=\"wp-image-17503\" srcset=\"https:\/\/www.agriculture-machine.com\/wp-content\/uploads\/2026\/03\/round-silage-baler-machine.webp 720w, https:\/\/www.agriculture-machine.com\/wp-content\/uploads\/2026\/03\/round-silage-baler-machine-360x270.webp 360w, https:\/\/www.agriculture-machine.com\/wp-content\/uploads\/2026\/03\/round-silage-baler-machine-240x180.webp 240w, https:\/\/www.agriculture-machine.com\/wp-content\/uploads\/2026\/03\/round-silage-baler-machine-16x12.webp 16w\" sizes=\"auto, (max-width: 720px) 100vw, 720px\" \/><figcaption class=\"wp-element-caption\">m\u00e1y \u0111\u00f3ng b\u00e3i c\u1ecf tr\u00f2n<\/figcaption><\/figure>    <figure class=\"wp-block-image size-large\"><img loading=\"lazy\" decoding=\"async\" width=\"720\" height=\"540\" data-id=\"17502\" src=\"https:\/\/www.agriculture-machine.com\/wp-content\/uploads\/2026\/03\/round-bale-silage-wrapper.webp\" alt=\"m\u00e1y qu\u1ea5n b\u00e3i c\u1ecf silage tr\u00f2n\" class=\"wp-image-17502\" srcset=\"https:\/\/www.agriculture-machine.com\/wp-content\/uploads\/2026\/03\/round-bale-silage-wrapper.webp 720w, https:\/\/www.agriculture-machine.com\/wp-content\/uploads\/2026\/03\/round-bale-silage-wrapper-360x270.webp 360w, https:\/\/www.agriculture-machine.com\/wp-content\/uploads\/2026\/03\/round-bale-silage-wrapper-240x180.webp 240w, https:\/\/www.agriculture-machine.com\/wp-content\/uploads\/2026\/03\/round-bale-silage-wrapper-16x12.webp 16w\" sizes=\"auto, (max-width: 720px) 100vw, 720px\" \/><figcaption class=\"wp-element-caption\">m\u00e1y qu\u1ea5n b\u00e3i c\u1ecf silage tr\u00f2n<\/figcaption><\/figure> <\/figure>    <h2 class=\"wp-block-heading\">C\u1ea5u tr\u00fac c\u1ee7a m\u00e1y qu\u1ea5n b\u00e3i c\u1ecf silage<\/h2>    <ul class=\"wp-block-list\"> <li>H\u1ec7 th\u1ed1ng c\u1ea5p li\u1ec7u v\u00e0 n\u00e9n: v\u1eadn chuy\u1ec3n th\u1ee9c \u0103n qua b\u0103ng t\u1ea3i \u0111\u1ebfn bu\u1ed3ng \u0111\u00f3ng b\u00e3i \u0111\u1ec3 n\u00e9n.<\/li>    <li>H\u1ec7 th\u1ed1ng \u0111\u00f3ng b\u00e3i v\u00e0 t\u1ea1o h\u00ecnh: n\u00e9n th\u1ee9c \u0103n th\u00e0nh c\u00e1c b\u00f3 tr\u00f2n ti\u00eau chu\u1ea9n v\u00e0 th\u1ef1c hi\u1ec7n qu\u1ea5n ban \u0111\u1ea7u.<\/li>    <li>H\u1ec7 th\u1ed1ng qu\u1ea5n hai l\u1edbp: t\u1ef1 \u0111\u1ed9ng ho\u00e0n th\u00e0nh hai l\u1edbp qu\u1ea5n phim nh\u1ef1a \u0111\u1ec3 \u0111\u1ea3m b\u1ea3o l\u00ean men k\u00edn c\u1ee7a th\u1ee9c \u0103n.<\/li>    <li>H\u1ec7 th\u1ed1ng b\u0103ng chuy\u1ec1n x\u00edch: \u0111\u1ea3m b\u1ea3o v\u1eadn chuy\u1ec3n v\u1eadt li\u1ec7u tr\u01a1n tru, gi\u1ea3m tr\u00e0n v\u00e0 t\u1eafc ngh\u1ebdn.<\/li>    <li>H\u1ec7 th\u1ed1ng \u0111i\u1ec1u khi\u1ec3n v\u00e0 truy\u1ec1n \u0111\u1ed9ng \u0111\u1ed9ng c\u01a1: v\u1eadn h\u00e0nh \u0111i\u1ec1u khi\u1ec3n PLC cho qu\u00e1 tr\u00ecnh \u0111\u00f3ng b\u00e3i, qu\u1ea5n v\u00e0 th\u1ea3i.<\/li> <\/ul>    <p>Thi\u1ebft k\u1ebf m\u00f4-\u0111un v\u00e0 trong su\u1ed1t gi\u00fap d\u1ec5 d\u00e0ng b\u1ea3o tr\u00ec v\u00e0 \u0111\u1ea3m b\u1ea3o \u0111\u1ed9 tin c\u1eady v\u1eadn h\u00e0nh l\u00e2u d\u00e0i.<\/p>    <figure class=\"wp-block-gallery has-nested-images columns-default is-cropped wp-block-gallery-3 is-layout-flex wp-block-gallery-is-layout-flex\"> <figure class=\"wp-block-image size-large\"><img loading=\"lazy\" decoding=\"async\" width=\"720\" height=\"540\" data-id=\"17500\" src=\"https:\/\/www.agriculture-machine.com\/wp-content\/uploads\/2026\/03\/forage-baler-wrapper-machine.webp\" alt=\"M\u00e1y qu\u1ea5n bao b\u00ec bale th\u1ee9c \u0103n\" class=\"wp-image-17500\" srcset=\"https:\/\/www.agriculture-machine.com\/wp-content\/uploads\/2026\/03\/forage-baler-wrapper-machine.webp 720w, https:\/\/www.agriculture-machine.com\/wp-content\/uploads\/2026\/03\/forage-baler-wrapper-machine-360x270.webp 360w, https:\/\/www.agriculture-machine.com\/wp-content\/uploads\/2026\/03\/forage-baler-wrapper-machine-240x180.webp 240w, https:\/\/www.agriculture-machine.com\/wp-content\/uploads\/2026\/03\/forage-baler-wrapper-machine-16x12.webp 16w\" sizes=\"auto, (max-width: 720px) 100vw, 720px\" \/><figcaption class=\"wp-element-caption\">M\u00e1y qu\u1ea5n bao b\u00ec bale th\u1ee9c \u0103n<\/figcaption><\/figure>    <figure class=\"wp-block-image size-large\"><img loading=\"lazy\" decoding=\"async\" width=\"720\" height=\"540\" data-id=\"17501\" src=\"https:\/\/www.agriculture-machine.com\/wp-content\/uploads\/2026\/03\/silage-packing-baler-wrapper.webp\" alt=\"m\u00e1y qu\u1ea5n b\u00e3i c\u1ecf silage\" class=\"wp-image-17501\" srcset=\"https:\/\/www.agriculture-machine.com\/wp-content\/uploads\/2026\/03\/silage-packing-baler-wrapper.webp 720w, https:\/\/www.agriculture-machine.com\/wp-content\/uploads\/2026\/03\/silage-packing-baler-wrapper-360x270.webp 360w, https:\/\/www.agriculture-machine.com\/wp-content\/uploads\/2026\/03\/silage-packing-baler-wrapper-240x180.webp 240w, https:\/\/www.agriculture-machine.com\/wp-content\/uploads\/2026\/03\/silage-packing-baler-wrapper-16x12.webp 16w\" sizes=\"auto, (max-width: 720px) 100vw, 720px\" \/><figcaption class=\"wp-element-caption\">m\u00e1y qu\u1ea5n b\u00e3i c\u1ecf silage<\/figcaption><\/figure> <\/figure>    <h2 class=\"wp-block-heading\">Nguy\u00ean l\u00fd ho\u1ea1t \u0111\u1ed9ng c\u1ee7a m\u00e1y \u0111\u00f3ng b\u00e3i c\u1ecf silage<\/h2>    <ol class=\"wp-block-list\"> <li>Silage \u0111i v\u00e0o bu\u1ed3ng \u0111\u00f3ng b\u00e3i qua b\u0103ng chuy\u1ec1n.<\/li>    <li>V\u1eadt li\u1ec7u \u0111\u01b0\u1ee3c n\u00e9n th\u00e0nh c\u00e1c b\u00f3 tr\u00f2n ti\u00eau chu\u1ea9n v\u00e0 tr\u1ea3i qua qu\u00e1 tr\u00ecnh bu\u1ed9c s\u01a1 b\u1ed9 b\u1eb1ng d\u00e2y ho\u1eb7c l\u01b0\u1edbi nh\u1ef1a.<\/li>    <li>Sau khi bu\u1ed9c xong, c\u1eeda bu\u1ed3ng t\u1ef1 \u0111\u1ed9ng m\u1edf ra, cho ph\u00e9p b\u00e3i tr\u00f2n v\u00e0o khu v\u1ef1c qu\u1ea5n.<\/li>    <li>M\u1ed9t l\u1edbp phim nh\u1ef1a t\u1ef1 \u0111\u1ed9ng qu\u1ea5n quanh b\u00e3i, \u0111\u1ed9 d\u00e0y v\u00e0 c\u0103ng ch\u1ec9nh c\u00f3 th\u1ec3 \u0111i\u1ec1u ch\u1ec9nh qua b\u1ea3ng \u0111i\u1ec1u khi\u1ec3n PLC.<\/li>    <li>Sau khi qu\u1ea5n xong, b\u00e3i t\u1ef1 \u0111\u1ed9ng \u0111\u01b0\u1ee3c th\u1ea3i ra.<\/li>    <li>To\u00e0n b\u1ed9 qu\u00e1 tr\u00ecnh ho\u1ea1t \u0111\u1ed9ng li\u00ean t\u1ee5c, gi\u1ea3m thi\u1ec3u can thi\u1ec7p th\u1ee7 c\u00f4ng v\u00e0 n\u00e2ng cao hi\u1ec7u qu\u1ea3 s\u1ea3n xu\u1ea5t.<\/li> <\/ol>    <figure class=\"wp-block-gallery has-nested-images columns-default is-cropped wp-block-gallery-4 is-layout-flex wp-block-gallery-is-layout-flex\"> <figure class=\"wp-block-image size-large\"><img loading=\"lazy\" decoding=\"async\" width=\"720\" height=\"540\" data-id=\"17505\" src=\"https:\/\/www.agriculture-machine.com\/wp-content\/uploads\/2026\/03\/silage-wrapping-hay-baler.webp\" alt=\"m\u00e1y \u0111\u00f3ng b\u00e3i c\u1ecf silage qu\u1ea5n\" class=\"wp-image-17505\" srcset=\"https:\/\/www.agriculture-machine.com\/wp-content\/uploads\/2026\/03\/silage-wrapping-hay-baler.webp 720w, https:\/\/www.agriculture-machine.com\/wp-content\/uploads\/2026\/03\/silage-wrapping-hay-baler-360x270.webp 360w, https:\/\/www.agriculture-machine.com\/wp-content\/uploads\/2026\/03\/silage-wrapping-hay-baler-240x180.webp 240w, https:\/\/www.agriculture-machine.com\/wp-content\/uploads\/2026\/03\/silage-wrapping-hay-baler-16x12.webp 16w\" sizes=\"auto, (max-width: 720px) 100vw, 720px\" \/><figcaption class=\"wp-element-caption\">m\u00e1y \u0111\u00f3ng b\u00e3i c\u1ecf silage qu\u1ea5n<\/figcaption><\/figure>    <figure class=\"wp-block-image size-large\"><img loading=\"lazy\" decoding=\"async\" width=\"720\" height=\"540\" data-id=\"17504\" src=\"https:\/\/www.agriculture-machine.com\/wp-content\/uploads\/2026\/03\/automatic-silage-baler-wrapper.webp\" alt=\"m\u00e1y \u0111\u00f3ng bao v\u00e0 bao ph\u1ee7 th\u1ee9c \u0103n xanh t\u1ef1 \u0111\u1ed9ng\" class=\"wp-image-17504\" srcset=\"https:\/\/www.agriculture-machine.com\/wp-content\/uploads\/2026\/03\/automatic-silage-baler-wrapper.webp 720w, https:\/\/www.agriculture-machine.com\/wp-content\/uploads\/2026\/03\/automatic-silage-baler-wrapper-360x270.webp 360w, https:\/\/www.agriculture-machine.com\/wp-content\/uploads\/2026\/03\/automatic-silage-baler-wrapper-240x180.webp 240w, https:\/\/www.agriculture-machine.com\/wp-content\/uploads\/2026\/03\/automatic-silage-baler-wrapper-16x12.webp 16w\" sizes=\"auto, (max-width: 720px) 100vw, 720px\" \/><figcaption class=\"wp-element-caption\">m\u00e1y \u0111\u00f3ng bao v\u00e0 bao ph\u1ee7 th\u1ee9c \u0103n xanh t\u1ef1 \u0111\u1ed9ng<\/figcaption><\/figure> <\/figure>    <h2 class=\"wp-block-heading\">Th\u00f4ng s\u1ed1 k\u1ef9 thu\u1eadt c\u1ee7a m\u00e1y \u0111\u00f3ng b\u00e3i c\u1ecf silage T60<\/h2>    <figure class=\"wp-block-table is-style-stripes\"><table class=\"has-fixed-layout\"><tbody><tr><td><strong>M\u1eabu<\/strong><\/td><td><strong>9YDB-60-2<\/strong><\/td><\/tr><tr><td>K\u00edch th\u01b0\u1edbc bale<\/td><td>\u03a6550\u00d7550 mm<\/td><\/tr><tr><td>Tr\u1ecdng l\u01b0\u1ee3ng r\u01a1m<\/td><td>80-120 kg<\/td><\/tr><tr><td>C\u00f4ng su\u1ea5t \u0111\u1ecbnh m\u1ee9c<\/td><td>7.5kW-6<\/td><\/tr><tr><td>\u0110\u1ed9ng c\u01a1 n\u00e9n kh\u00ed<\/td><td>3 kW<\/td><\/tr><tr><td>S\u1ed1 l\u01b0\u1ee3ng cu\u1ed9n phim<\/td><td>14 chi\u1ebfc<\/td><\/tr><tr><td>B\u0103ng chuy\u1ec1n (L\u00d7W)<\/td><td>2500\u00d763 mm<\/td><\/tr><tr><td>\u0110\u1ed9 d\u00e0y th\u00e0nh<\/td><td>8 mm<\/td><\/tr><tr><td>B\u00e1n k\u00ednh quay phim<\/td><td>775 \u00b15 mm<\/td><\/tr><tr><td>S\u1ea3n l\u01b0\u1ee3ng<\/td><td>60-85 b\u00f3\/h<\/td><\/tr><tr><td>Tr\u1ecdng l\u01b0\u1ee3ng t\u1ed5ng th\u1ec3<\/td><td>1700 kg<\/td><\/tr><tr><td>Chi\u1ec1u r\u1ed9ng phim<\/td><td>600 mm<\/td><\/tr><tr><td>Phim r\u01a1m<\/td><td>1800m\u00d7250mm\u00d725\u03bcm<\/td><\/tr><tr><td>S\u1ed1 l\u01b0\u1ee3ng b\u00e1nh xe<\/td><td>2<\/td><\/tr><\/tbody><\/table><figcaption class=\"wp-element-caption\">Th\u00f4ng s\u1ed1 k\u1ef9 thu\u1eadt c\u1ee7a m\u00e1y qu\u1ea5n b\u00e3i c\u1ecf silage g\u1eafn tr\u00ean m\u00e1y k\u00e9o m\u1edbi<\/figcaption><\/figure>    <p>M\u00e1y k\u1ebft h\u1ee3p m\u00e1y qu\u1ea5n b\u00e3i c\u1ecf silage g\u1eafn tr\u00ean m\u00e1y k\u00e9o T60, v\u1edbi n\u0103ng su\u1ea5t cao, kh\u1ea3 n\u0103ng qu\u1ea5n hai l\u1edbp, v\u00e0 truy\u1ec1n \u0111\u1ed9ng ho\u00e0n to\u00e0n b\u1eb1ng \u0111i\u1ec7n, l\u00e0 l\u1ef1a ch\u1ecdn l\u00fd t\u01b0\u1edfng cho c\u00e1c trang tr\u1ea1i v\u00e0 trung t\u00e2m ch\u1ebf bi\u1ebfn silage.<\/p>    <p class=\"translation-block\">Ch\u00fang t\u00f4i c\u0169ng cung c\u1ea5p c\u00e1c m\u1eabu m\u00e1y \u0111\u00f3ng bao v\u00e0 qu\u1ea5n b\u00e3i kh\u00e1c, ch\u1eb3ng h\u1ea1n nh\u01b0 <strong><em><a href=\"https:\/\/www.agriculture-machine.com\/vi\/baling-and-wrapping-machine\/\">TZ-55-52 m\u00e1y \u0111\u00f3ng b\u00e3i c\u1ecf tr\u00f2n<\/a><\/em><\/strong> v\u00e0 <strong><em><a href=\"https:\/\/www.agriculture-machine.com\/vi\/silage-round-baler-wrapper\/\">9YDB-60 m\u00e1y qu\u1ea5n b\u00e3i c\u1ecf<\/a><\/em><\/strong>, \u0111\u1ec3 \u0111\u00e1p \u1ee9ng c\u00e1c y\u00eau c\u1ea7u s\u1ea3n xu\u1ea5t \u0111a d\u1ea1ng c\u1ee7a kh\u00e1ch h\u00e0ng. Xin vui l\u00f2ng li\u00ean h\u1ec7 \u0111\u1ec3 mua h\u00e0ng b\u1ea5t c\u1ee9 l\u00fac n\u00e0o.<\/p>","protected":false},"excerpt":{"rendered":"<p>M\u00e1y \u0111\u00f3ng bao c\u1ecf \u00e9p silage b\u1ecdc phim \u0111\u00f4i 9YDB-60-2 s\u1ea3n xu\u1ea5t c\u00e1c b\u00f3 tr\u00f2n \u03a655\u00d755 cm v\u1edbi t\u1ed1c \u0111\u1ed9 60-85 b\u00f3 m\u1ed7i gi\u1edd. Vi\u1ec7c b\u1ecdc phim \u0111\u00f4i c\u1ee7a n\u00f3 \u0111\u1ea3m b\u1ea3o qu\u00e1 tr\u00ecnh l\u00ean men th\u1ee9c \u0103n \u1ed5n \u0111\u1ecbnh.<\/p>","protected":false},"author":1,"featured_media":17506,"parent":0,"comment_status":"open","ping_status":"closed","template":"","tags":[772,591,807],"product-type":[876,908],"class_list":["post-17495","product","type-product","status-publish","has-post-thumbnail","hentry","tag-forage","tag-silage","tag-silage-bale","product-type-silage-machine","product-type-sliage-baler"],"_links":{"self":[{"href":"https:\/\/www.agriculture-machine.com\/vi\/wp-json\/wp\/v2\/product\/17495","targetHints":{"allow":["GET"]}}],"collection":[{"href":"https:\/\/www.agriculture-machine.com\/vi\/wp-json\/wp\/v2\/product"}],"about":[{"href":"https:\/\/www.agriculture-machine.com\/vi\/wp-json\/wp\/v2\/types\/product"}],"author":[{"embeddable":true,"href":"https:\/\/www.agriculture-machine.com\/vi\/wp-json\/wp\/v2\/users\/1"}],"replies":[{"embeddable":true,"href":"https:\/\/www.agriculture-machine.com\/vi\/wp-json\/wp\/v2\/comments?post=17495"}],"wp:featuredmedia":[{"embeddable":true,"href":"https:\/\/www.agriculture-machine.com\/vi\/wp-json\/wp\/v2\/media\/17506"}],"wp:attachment":[{"href":"https:\/\/www.agriculture-machine.com\/vi\/wp-json\/wp\/v2\/media?parent=17495"}],"wp:term":[{"taxonomy":"post_tag","embeddable":true,"href":"https:\/\/www.agriculture-machine.com\/vi\/wp-json\/wp\/v2\/tags?post=17495"},{"taxonomy":"product-type","embeddable":true,"href":"https:\/\/www.agriculture-machine.com\/vi\/wp-json\/wp\/v2\/product-type?post=17495"}],"curies":[{"name":"wp","href":"https:\/\/api.w.org\/{rel}","templated":true}]}}