{"id":17514,"date":"2026-03-10T14:56:50","date_gmt":"2026-03-10T06:56:50","guid":{"rendered":"https:\/\/www.agriculture-machine.com\/?post_type=product&#038;p=17514"},"modified":"2026-03-10T14:58:45","modified_gmt":"2026-03-10T06:58:45","slug":"silage-baler-and-wrapper-machine","status":"publish","type":"product","link":"https:\/\/www.agriculture-machine.com\/vi\/silage-baler-and-wrapper-machine\/","title":{"rendered":"M\u00e1y \u0111\u00f3ng bao v\u00e0 b\u1ecdc th\u1ee9c \u0103n xanh 9YDB-70"},"content":{"rendered":"<p>M\u1eabu silage 9YDB-70 x\u1eed l\u00fd c\u00e1c lo\u1ea1i nguy\u00ean li\u1ec7u kh\u00e1c nhau, bao g\u1ed3m r\u01a1m l\u00faa, th\u00e2n c\u00e2y ng\u00f4, v\u00e0 c\u1ecf t\u1ef1 nhi\u00ean, \u0111\u1eb7c bi\u1ec7t thi\u1ebft k\u1ebf cho l\u01b0u tr\u1eef th\u1ee9c \u0103n v\u00e0 ch\u0103n nu\u00f4i gia s\u00fac. S\u1ea3n xu\u1ea5t c\u00e1c bao c\u00f3 k\u00edch th\u01b0\u1edbc \u03a670\u00d770cm, m\u1ed7i bao n\u1eb7ng 150-200kg. Ho\u1ea1t \u0111\u1ed9ng hi\u1ec7u qu\u1ea3 cao v\u1edbi 55-75 bao m\u1ed7i gi\u1edd, n\u00e2ng cao n\u0103ng su\u1ea5t n\u00f4ng tr\u1ea1i \u0111\u00e1ng k\u1ec3.<\/p>    <p>Bao r\u01a1m l\u00ean men ph\u00f9 h\u1ee3p h\u01a1n \u0111\u1ec3 l\u00e0m th\u1ee9c \u0103n cho \u0111\u1ed9ng v\u1eadt, cung c\u1ea5p dinh d\u01b0\u1ee1ng phong ph\u00fa v\u00e0 d\u1ec5 d\u00e0ng l\u01b0u tr\u1eef l\u00e2u d\u00e0i. M\u00e1y n\u00e0y \u0111\u00e3 \u0111\u01b0\u1ee3c xu\u1ea5t kh\u1ea9u sang c\u00e1c qu\u1ed1c gia ch\u00e2u \u00c1, ch\u00e2u Phi v\u00e0 ch\u00e2u \u00c2u, bao g\u1ed3m Indonesia, Philippines, B\u1ed3 \u0110\u00e0o Nha, H\u00e0 Lan, Nigeria v\u00e0 Zimbabwe, nh\u1eadn \u0111\u01b0\u1ee3c nhi\u1ec1u l\u1eddi khen ng\u1ee3i.<\/p>    <figure class=\"wp-block-embed aligncenter is-type-video is-provider-youtube wp-block-embed-youtube wp-embed-aspect-16-9 wp-has-aspect-ratio\"><div class=\"wp-block-embed__wrapper\"> <iframe loading=\"lazy\" title=\"Heavy-Duty Silage Baling &amp; Wrapping Machine | Large-Size Packaging Solution#silage #silagebaler\" width=\"500\" height=\"281\" src=\"https:\/\/www.youtube.com\/embed\/49EW7mGd7Gs?feature=oembed\" frameborder=\"0\" allow=\"accelerometer; autoplay; clipboard-write; encrypted-media; gyroscope; picture-in-picture; web-share\" referrerpolicy=\"strict-origin-when-cross-origin\" allowfullscreen><\/iframe> <\/div><figcaption class=\"wp-element-caption\">Video ho\u1ea1t \u0111\u1ed9ng c\u1ee7a m\u00e1y \u0111\u00f3ng bao v\u00e0 qu\u1ea5n silage model 9YDB-70<\/figcaption><\/figure>    <h2 class=\"wp-block-heading\">C\u00e1c t\u00ecnh hu\u1ed1ng \u1ee9ng d\u1ee5ng c\u1ee7a m\u00e1y \u0111\u00f3ng bao silage<\/h2>    <p>M\u00e1y \u0111\u00f3ng bao v\u00e0 qu\u1ea5n silage \u0111\u01b0\u1ee3c s\u1eed d\u1ee5ng r\u1ed9ng r\u00e3i trong ch\u0103n nu\u00f4i gia s\u00fac v\u00e0 x\u1eed l\u00fd r\u01a1m c\u1ecf, bao g\u1ed3m:<\/p>    <ul class=\"wp-block-list\"> <li>Chu\u1ea9n b\u1ecb th\u1ee9c \u0103n silage cho gia s\u00fac, c\u1eebu, ng\u1ef1a v\u00e0 c\u00e1c lo\u1ea1i gia s\u00fac kh\u00e1c.<\/li>    <li>\u0110\u00f3ng bao v\u00e0 l\u01b0u tr\u1eef r\u01a1m ng\u00f4 v\u00e0 l\u00faa m\u00ec.<\/li>    <li>X\u1eed l\u00fd hi\u1ec7u qu\u1ea3 c\u1ecf t\u1ef1 nhi\u00ean sau thu ho\u1ea1ch.<\/li>    <li>L\u01b0u tr\u1eef v\u00e0 v\u1eadn chuy\u1ec3n r\u01a1m l\u1edbn tr\u00ean c\u00e1c trang tr\u1ea1i.<\/li> <\/ul>    <p>M\u00e1y n\u00e0y ph\u00f9 h\u1ee3p kh\u00f4ng ch\u1ec9 cho c\u00e1c doanh nghi\u1ec7p n\u00f4ng nghi\u1ec7p v\u1eeba v\u00e0 l\u1edbn m\u00e0 c\u00f2n cho vi\u1ec7c \u0111\u00f3ng bao r\u00e1c th\u1ea3i nh\u01b0 m\u1ed9t gi\u1ea3i ph\u00e1p qu\u1ea3n l\u00fd ch\u1ea5t th\u1ea3i.<\/p>    <figure class=\"wp-block-gallery has-nested-images columns-default is-cropped wp-block-gallery-2 is-layout-flex wp-block-gallery-is-layout-flex\"> <figure class=\"wp-block-image size-large\"><img loading=\"lazy\" decoding=\"async\" width=\"720\" height=\"540\" data-id=\"17519\" src=\"https:\/\/www.agriculture-machine.com\/wp-content\/uploads\/2026\/03\/hay-baler-and-wrapper.webp\" alt=\"m\u00e1y \u0111\u00f3ng bao v\u00e0 qu\u1ea5n th\u1ee9c \u0103n xanh\" class=\"wp-image-17519\" srcset=\"https:\/\/www.agriculture-machine.com\/wp-content\/uploads\/2026\/03\/hay-baler-and-wrapper.webp 720w, https:\/\/www.agriculture-machine.com\/wp-content\/uploads\/2026\/03\/hay-baler-and-wrapper-360x270.webp 360w, https:\/\/www.agriculture-machine.com\/wp-content\/uploads\/2026\/03\/hay-baler-and-wrapper-240x180.webp 240w, https:\/\/www.agriculture-machine.com\/wp-content\/uploads\/2026\/03\/hay-baler-and-wrapper-16x12.webp 16w\" sizes=\"auto, (max-width: 720px) 100vw, 720px\" \/><figcaption class=\"wp-element-caption\">m\u00e1y \u0111\u00f3ng bao v\u00e0 qu\u1ea5n th\u1ee9c \u0103n xanh<\/figcaption><\/figure>    <figure class=\"wp-block-image size-large\"><img loading=\"lazy\" decoding=\"async\" width=\"720\" height=\"540\" data-id=\"17518\" src=\"https:\/\/www.agriculture-machine.com\/wp-content\/uploads\/2026\/03\/forage-feed-bales.webp\" alt=\"Bao th\u1ee9c \u0103n xanh\" class=\"wp-image-17518\" srcset=\"https:\/\/www.agriculture-machine.com\/wp-content\/uploads\/2026\/03\/forage-feed-bales.webp 720w, https:\/\/www.agriculture-machine.com\/wp-content\/uploads\/2026\/03\/forage-feed-bales-360x270.webp 360w, https:\/\/www.agriculture-machine.com\/wp-content\/uploads\/2026\/03\/forage-feed-bales-240x180.webp 240w, https:\/\/www.agriculture-machine.com\/wp-content\/uploads\/2026\/03\/forage-feed-bales-16x12.webp 16w\" sizes=\"auto, (max-width: 720px) 100vw, 720px\" \/><figcaption class=\"wp-element-caption\">Bao th\u1ee9c \u0103n xanh<\/figcaption><\/figure> <\/figure>    <h2 class=\"wp-block-heading\">\u01afu \u0111i\u1ec3m c\u1ee7a m\u00e1y \u0111\u00f3ng bao v\u00e0 qu\u1ea5n silage<\/h2>    <ul class=\"wp-block-list\"> <li>Ho\u1ea1t \u0111\u1ed9ng hi\u1ec7u qu\u1ea3 cao: \u0111\u00f3ng 55-75 bao m\u1ed7i gi\u1edd, t\u0103ng n\u0103ng su\u1ea5t v\u1eadn h\u00e0nh \u0111\u00e1ng k\u1ec3.<\/li>    <li>Bao ti\u00eau chu\u1ea9n: k\u00edch th\u01b0\u1edbc \u0111\u1ed3ng nh\u1ea5t \u03a670\u00d770cm v\u1edbi tr\u1ecdng l\u01b0\u1ee3ng \u1ed5n \u0111\u1ecbnh \u0111\u1ec3 d\u1ec5 d\u00e0ng l\u01b0u tr\u1eef v\u00e0 v\u1eadn chuy\u1ec3n.<\/li>    <li>T\u1ed1i \u01b0u h\u00f3a qu\u00e1 tr\u00ecnh l\u00ean men: s\u1eb5n s\u00e0ng \u0111\u1ec3 x\u1eed l\u00fd l\u00e0m silage tr\u1ef1c ti\u1ebfp sau khi \u0111\u00f3ng bao, n\u00e2ng cao gi\u00e1 tr\u1ecb dinh d\u01b0\u1ee1ng c\u1ee7a th\u1ee9c \u0103n.<\/li>    <li>C\u1ea5u h\u00ecnh t\u00f9y ch\u1ecdn: ph\u00f9 h\u1ee3p v\u1edbi m\u00e1y tr\u1ed9n th\u1ee9c \u0103n, thang n\u00e2ng, v\u00e0 c\u00e1c thi\u1ebft b\u1ecb kh\u00e1c \u0111\u1ec3 v\u1eadn h\u00e0nh t\u1ef1 \u0111\u1ed9ng ho\u00e0n to\u00e0n.<\/li>    <li>\u1ee8ng d\u1ee5ng \u0111a d\u1ea1ng: h\u1ed7 tr\u1ee3 nhi\u1ec1u lo\u1ea1i nguy\u00ean li\u1ec7u bao g\u1ed3m r\u01a1m, c\u1ecf xanh, v\u00e0 th\u00e2n c\u00e2y ng\u00f4.<\/li>    <li>Thi\u1ebft k\u1ebf ti\u1ebft ki\u1ec7m kh\u00f4ng gian: c\u00e1c bao ti\u00eau chu\u1ea9n gi\u00fap x\u1ebfp ch\u1ed3ng v\u00e0 qu\u1ea3n l\u00fd kho hi\u1ec7u qu\u1ea3.<\/li> <\/ul>    <figure class=\"wp-block-gallery has-nested-images columns-default is-cropped wp-block-gallery-3 is-layout-flex wp-block-gallery-is-layout-flex\"> <figure class=\"wp-block-image size-large\"><img loading=\"lazy\" decoding=\"async\" width=\"720\" height=\"540\" data-id=\"17521\" src=\"https:\/\/www.agriculture-machine.com\/wp-content\/uploads\/2026\/03\/silage-baler-and-wrapper-machine.webp\" alt=\"m\u00e1y \u0111\u00f3ng bao v\u00e0 qu\u1ea5n r\u01a1m c\u1ecf xanh\" class=\"wp-image-17521\" srcset=\"https:\/\/www.agriculture-machine.com\/wp-content\/uploads\/2026\/03\/silage-baler-and-wrapper-machine.webp 720w, https:\/\/www.agriculture-machine.com\/wp-content\/uploads\/2026\/03\/silage-baler-and-wrapper-machine-360x270.webp 360w, https:\/\/www.agriculture-machine.com\/wp-content\/uploads\/2026\/03\/silage-baler-and-wrapper-machine-240x180.webp 240w, https:\/\/www.agriculture-machine.com\/wp-content\/uploads\/2026\/03\/silage-baler-and-wrapper-machine-16x12.webp 16w\" sizes=\"auto, (max-width: 720px) 100vw, 720px\" \/><figcaption class=\"wp-element-caption\">m\u00e1y \u0111\u00f3ng bao v\u00e0 qu\u1ea5n r\u01a1m c\u1ecf xanh<\/figcaption><\/figure>    <figure class=\"wp-block-image size-large\"><img loading=\"lazy\" decoding=\"async\" width=\"720\" height=\"540\" data-id=\"17520\" src=\"https:\/\/www.agriculture-machine.com\/wp-content\/uploads\/2026\/03\/forage-baling-wrapping-machine.webp\" alt=\"m\u00e1y \u0111\u00f3ng g\u00f3i qu\u1ea5n r\u01a1m cho th\u1ee9c \u0103n ch\u0103n nu\u00f4i\" class=\"wp-image-17520\" srcset=\"https:\/\/www.agriculture-machine.com\/wp-content\/uploads\/2026\/03\/forage-baling-wrapping-machine.webp 720w, https:\/\/www.agriculture-machine.com\/wp-content\/uploads\/2026\/03\/forage-baling-wrapping-machine-360x270.webp 360w, https:\/\/www.agriculture-machine.com\/wp-content\/uploads\/2026\/03\/forage-baling-wrapping-machine-240x180.webp 240w, https:\/\/www.agriculture-machine.com\/wp-content\/uploads\/2026\/03\/forage-baling-wrapping-machine-16x12.webp 16w\" sizes=\"auto, (max-width: 720px) 100vw, 720px\" \/><figcaption class=\"wp-element-caption\">m\u00e1y \u0111\u00f3ng g\u00f3i qu\u1ea5n r\u01a1m cho th\u1ee9c \u0103n ch\u0103n nu\u00f4i<\/figcaption><\/figure> <\/figure>    <h2 class=\"wp-block-heading\">M\u00e1y \u0111\u00f3ng bao silage ho\u1ea1t \u0111\u1ed9ng nh\u01b0 th\u1ebf n\u00e0o?<\/h2>    <p>C\u00e1c th\u00e0nh ph\u1ea7n ch\u00ednh c\u1ee7a m\u00e1y \u0111\u00f3ng bao v\u00e0 qu\u1ea5n silage 9YDB-70 g\u1ed3m:<\/p>    <ul class=\"wp-block-list\"> <li>\u0110\u01a1n v\u1ecb \u0111\u00f3ng bao: ch\u1ecbu tr\u00e1ch nhi\u1ec7m n\u00e9n nguy\u00ean li\u1ec7u th\u00e0nh c\u00e1c bao r\u01a1m \u1ed5n \u0111\u1ecbnh.<\/li>    <li>C\u01a1 ch\u1ebf qu\u1ea5n: s\u1eed d\u1ee5ng c\u00f4ng ngh\u1ec7 c\u1eaft phim t\u1ef1 \u0111\u1ed9ng \u0111\u1ec3 ho\u00e0n th\u00e0nh qu\u1ea5n 6 l\u1edbp phim nh\u1ef1a.<\/li>    <li>H\u1ec7 th\u1ed1ng b\u0103ng t\u1ea3i c\u1ea5p li\u1ec7u: c\u1ea5u h\u00ecnh ti\u00eau chu\u1ea9n g\u1ed3m b\u0103ng t\u1ea3i 700\u00d72100mm \u0111\u1ea3m b\u1ea3o cung c\u1ea5p nguy\u00ean li\u1ec7u li\u00ean t\u1ee5c.<\/li>    <li>H\u1ec7 th\u1ed1ng \u0111i\u1ec1u khi\u1ec3n \u0111i\u1ec7n: nhi\u1ec1u \u0111\u1ed9ng c\u01a1 ngu\u1ed3n l\u1ef1c t\u00edch h\u1ee3p v\u1edbi h\u1ed9p \u0111i\u1ec1u khi\u1ec3n gi\u00fap v\u1eadn h\u00e0nh ch\u00ednh x\u00e1c.<\/li> <\/ul>    <p>Nguy\u00ean l\u00fd ho\u1ea1t \u0111\u1ed9ng: nguy\u00ean li\u1ec7u \u0111\u01b0\u1ee3c v\u1eadn chuy\u1ec3n v\u00e0o m\u00e1y \u0111\u00f3ng bao qua b\u0103ng t\u1ea3i, n\u00e9n th\u00e0nh c\u00e1c bao r\u01a1m ti\u00eau chu\u1ea9n b\u1eb1ng rollers, sau \u0111\u00f3 t\u1ef1 \u0111\u1ed9ng qu\u1ea5n b\u1eb1ng m\u00e0ng nh\u1ef1a b\u1eb1ng c\u01a1 ch\u1ebf qu\u1ea5n. Qu\u00e1 tr\u00ecnh n\u00e0y hi\u1ec7u qu\u1ea3, li\u00ean t\u1ee5c, l\u00fd t\u01b0\u1edfng cho c\u00e1c ho\u1ea1t \u0111\u1ed9ng s\u1ea3n xu\u1ea5t th\u1ee9c \u0103n quy m\u00f4 l\u1edbn.<\/p>    <figure class=\"wp-block-embed aligncenter is-type-video is-provider-youtube wp-block-embed-youtube wp-embed-aspect-16-9 wp-has-aspect-ratio\"><div class=\"wp-block-embed__wrapper\"> <iframe loading=\"lazy\" title=\"Ph\u1ea3n h\u1ed3i v\u1ec1 m\u00e1y \u0111\u00f3ng bao v\u00e0 qu\u1ea5n r\u01a1m c\u1ecf xanh Indonesia!#silage\" width=\"500\" height=\"281\" src=\"https:\/\/www.youtube.com\/embed\/RYShT_NtZWw?feature=oembed\" frameborder=\"0\" allow=\"accelerometer; autoplay; clipboard-write; encrypted-media; gyroscope; picture-in-picture; web-share\" referrerpolicy=\"strict-origin-when-cross-origin\" allowfullscreen><\/iframe> <\/div><figcaption class=\"wp-element-caption\">Video ph\u1ea3n h\u1ed3i kh\u00e1ch h\u00e0ng v\u1ec1 m\u00e1y \u0111\u00f3ng bao v\u00e0 qu\u1ea5n th\u1ee9c \u0103n xanh<\/figcaption><\/figure>    <h2 class=\"wp-block-heading\">Th\u00f4ng s\u1ed1 k\u1ef9 thu\u1eadt c\u1ee7a m\u00e1y \u0111\u00f3ng bao v\u00e0 qu\u1ea5n th\u1ee9c \u0103n xanh<\/h2>    <figure class=\"wp-block-table is-style-stripes\"><table class=\"has-fixed-layout\"><tbody><tr><td><strong>M\u1ee5c<\/strong><\/td><td><strong>Chi ti\u1ebft<\/strong><\/td><\/tr><tr><td>M\u1eabu<\/td><td>9YJD-70<\/td><\/tr><tr><td>C\u00f4ng su\u1ea5t<\/td><td>11kw 0.55kw 0.75kw 3kw 0.37kw<\/td><\/tr><tr><td>K\u00edch th\u01b0\u1edbc bale<\/td><td>\u03a670*70cm<\/td><\/tr><tr><td>Tr\u1ecdng l\u01b0\u1ee3ng b\u00f3<\/td><td>150-200kg\/ki\u1ec7n<\/td><\/tr><tr><td>Dung t\u00edch<\/td><td>55-75 bao\/h<\/td><\/tr><tr><td>Th\u1ec3 t\u00edch m\u00e1y n\u00e9n kh\u00ed<\/td><td>0.36m\u00b3<\/td><\/tr><tr><td>B\u0103ng t\u1ea3i cho \u0103n (W*L)<\/td><td>700*2100mm<\/td><\/tr><tr><td>C\u1eaft phim<\/td><td>T\u1ef1 \u0111\u1ed9ng<\/td><\/tr><tr><td>Hi\u1ec7u su\u1ea5t b\u1ecdc<\/td><td>6 l\u1edbp, 22 gi\u00e2y m\u1ed7i bao<\/td><\/tr><tr><td>K\u00edch th\u01b0\u1edbc m\u00e1y<\/td><td>4500\u00d71900\u00d72000mm<\/td><\/tr><tr><td>Tr\u1ecdng l\u01b0\u1ee3ng m\u00e1y<\/td><td>1100kg<\/td><\/tr><\/tbody><\/table><figcaption class=\"wp-element-caption\">Th\u00f4ng s\u1ed1 k\u1ef9 thu\u1eadt c\u1ee7a m\u00e1y \u0111\u00f3ng bao v\u00e0 qu\u1ea5n silage 9YDB-70<\/figcaption><\/figure>    <figure class=\"wp-block-gallery has-nested-images columns-default is-cropped wp-block-gallery-4 is-layout-flex wp-block-gallery-is-layout-flex\"> <figure class=\"wp-block-image size-large\"><img loading=\"lazy\" decoding=\"async\" width=\"720\" height=\"540\" data-id=\"17522\" src=\"https:\/\/www.agriculture-machine.com\/wp-content\/uploads\/2026\/03\/forage-baler-wrapper.webp\" alt=\"m\u00e1y qu\u1ea5n bao th\u1ee9c \u0103n xanh\" class=\"wp-image-17522\" srcset=\"https:\/\/www.agriculture-machine.com\/wp-content\/uploads\/2026\/03\/forage-baler-wrapper.webp 720w, https:\/\/www.agriculture-machine.com\/wp-content\/uploads\/2026\/03\/forage-baler-wrapper-360x270.webp 360w, https:\/\/www.agriculture-machine.com\/wp-content\/uploads\/2026\/03\/forage-baler-wrapper-240x180.webp 240w, https:\/\/www.agriculture-machine.com\/wp-content\/uploads\/2026\/03\/forage-baler-wrapper-16x12.webp 16w\" sizes=\"auto, (max-width: 720px) 100vw, 720px\" \/><figcaption class=\"wp-element-caption\">m\u00e1y qu\u1ea5n bao th\u1ee9c \u0103n xanh<\/figcaption><\/figure>    <figure class=\"wp-block-image size-large\"><img loading=\"lazy\" decoding=\"async\" width=\"720\" height=\"540\" data-id=\"17523\" src=\"https:\/\/www.agriculture-machine.com\/wp-content\/uploads\/2026\/03\/silage-bales.webp\" alt=\"bao silage\" class=\"wp-image-17523\" srcset=\"https:\/\/www.agriculture-machine.com\/wp-content\/uploads\/2026\/03\/silage-bales.webp 720w, https:\/\/www.agriculture-machine.com\/wp-content\/uploads\/2026\/03\/silage-bales-360x270.webp 360w, https:\/\/www.agriculture-machine.com\/wp-content\/uploads\/2026\/03\/silage-bales-240x180.webp 240w, https:\/\/www.agriculture-machine.com\/wp-content\/uploads\/2026\/03\/silage-bales-16x12.webp 16w\" sizes=\"auto, (max-width: 720px) 100vw, 720px\" \/><figcaption class=\"wp-element-caption\">bao silage<\/figcaption><\/figure> <\/figure>    <h3 class=\"wp-block-heading\">Th\u00f4ng s\u1ed1 ti\u00eau chu\u1ea9n v\u1eadt t\u01b0 ti\u00eau hao (l\u01b0\u1edbi nh\u1ef1a &amp; phim)<\/h3>    <figure class=\"wp-block-table is-style-stripes\"><table class=\"has-fixed-layout\"><tbody><tr><td><strong>M\u1ee5c<\/strong><\/td><td><strong>L\u01b0\u1edbi nh\u1ef1a<\/strong><\/td><td><strong>Phim<\/strong><\/td><\/tr><tr><td>Ch\u1ea5t li\u1ec7u<\/td><td>PE<\/td><td>PE<\/td><\/tr><tr><td>Chi\u1ec1u r\u1ed9ng<\/td><td>70cm<\/td><td>33cm<\/td><\/tr><tr><td>\u0110\u1ed9 d\u00e0y<\/td><td>25um<\/td><td>25um<\/td><\/tr><tr><td>Tr\u1ecdng l\u01b0\u1ee3ng<\/td><td>10kg<\/td><td>11.4kg<\/td><\/tr><tr><td>Chi\u1ec1u d\u00e0i t\u1ed5ng th\u1ec3<\/td><td>1500m<\/td><td>1800m<\/td><\/tr><\/tbody><\/table><figcaption class=\"wp-element-caption\">Chi ti\u1ebft v\u1ec1 l\u01b0\u1edbi nh\u1ef1a v\u00e0 phim bao silage<\/figcaption><\/figure>    <figure class=\"wp-block-gallery has-nested-images columns-default is-cropped wp-block-gallery-5 is-layout-flex wp-block-gallery-is-layout-flex\"> <figure class=\"wp-block-image size-large\"><img loading=\"lazy\" decoding=\"async\" width=\"720\" height=\"540\" data-id=\"17524\" src=\"https:\/\/www.agriculture-machine.com\/wp-content\/uploads\/2026\/03\/silage-bale-packing-machine.webp\" alt=\"m\u00e1y \u0111\u00f3ng g\u00f3i silage\" class=\"wp-image-17524\" srcset=\"https:\/\/www.agriculture-machine.com\/wp-content\/uploads\/2026\/03\/silage-bale-packing-machine.webp 720w, https:\/\/www.agriculture-machine.com\/wp-content\/uploads\/2026\/03\/silage-bale-packing-machine-360x270.webp 360w, https:\/\/www.agriculture-machine.com\/wp-content\/uploads\/2026\/03\/silage-bale-packing-machine-240x180.webp 240w, https:\/\/www.agriculture-machine.com\/wp-content\/uploads\/2026\/03\/silage-bale-packing-machine-16x12.webp 16w\" sizes=\"auto, (max-width: 720px) 100vw, 720px\" \/><figcaption class=\"wp-element-caption\">m\u00e1y \u0111\u00f3ng g\u00f3i silage<\/figcaption><\/figure>    <figure class=\"wp-block-image size-large\"><img loading=\"lazy\" decoding=\"async\" width=\"720\" height=\"540\" data-id=\"17525\" src=\"https:\/\/www.agriculture-machine.com\/wp-content\/uploads\/2026\/03\/silage-baling-equipment.webp\" alt=\"thi\u1ebft b\u1ecb \u0111\u00f3ng bao silage\" class=\"wp-image-17525\" srcset=\"https:\/\/www.agriculture-machine.com\/wp-content\/uploads\/2026\/03\/silage-baling-equipment.webp 720w, https:\/\/www.agriculture-machine.com\/wp-content\/uploads\/2026\/03\/silage-baling-equipment-360x270.webp 360w, https:\/\/www.agriculture-machine.com\/wp-content\/uploads\/2026\/03\/silage-baling-equipment-240x180.webp 240w, https:\/\/www.agriculture-machine.com\/wp-content\/uploads\/2026\/03\/silage-baling-equipment-16x12.webp 16w\" sizes=\"auto, (max-width: 720px) 100vw, 720px\" \/><figcaption class=\"wp-element-caption\">thi\u1ebft b\u1ecb \u0111\u00f3ng bao silage<\/figcaption><\/figure> <\/figure>    <h2 class=\"wp-block-heading\">Thi\u1ebft b\u1ecb ph\u00f9 h\u1ee3p<\/h2>    <p>\u0110\u1ec3 x\u1eed l\u00fd th\u1ee9c \u0103n nhanh ch\u00f3ng, t\u1ef1 \u0111\u1ed9ng, m\u00e1y \u0111\u00f3ng bao v\u00e0 qu\u1ea5n silage 9YDB-70 c\u00f3 th\u1ec3 s\u1eed d\u1ee5ng c\u00f9ng c\u00e1c thi\u1ebft b\u1ecb sau:<\/p>    <h3 class=\"wp-block-heading\"><em><a href=\"https:\/\/www.agriculture-machine.com\/vi\/4-15t-h-grass-cutting-machine-cutting-wet-grass-grass-cutter\/\">M\u00e1y c\u1eaft th\u1ee9c \u0103n xanh<\/a><\/em><\/h3>    <ul class=\"wp-block-list\"> <li>D\u00f9ng \u0111\u1ec3 c\u1eaft nguy\u00ean li\u1ec7u nh\u01b0 th\u00e2n c\u00e2y ng\u00f4 v\u00e0 c\u1ecf xanh, gi\u00fap d\u1ec5 \u0111\u00f3ng bao v\u00e0 l\u00ean men.<\/li>    <li>C\u1ea3i thi\u1ec7n r\u00f5 r\u1ec7t ch\u1ea5t l\u01b0\u1ee3ng \u0111\u00f3ng bao v\u00e0 hi\u1ec7u qu\u1ea3 l\u00e0m silage.<\/li> <\/ul>    <h3 class=\"wp-block-heading\">M\u00e1y tr\u1ed9n\/\u0111\u1ea3o silage<\/h3>    <p>D\u00f9ng \u0111\u1ec3 tr\u1ed9n \u0111\u1ec1u nhi\u1ec1u nguy\u00ean li\u1ec7u th\u00f4, n\u00e2ng cao c\u00e2n \u0111\u1ed1i dinh d\u01b0\u1ee1ng c\u1ee7a th\u1ee9c \u0103n.<\/p>    <ul class=\"wp-block-list\"> <li>C\u00f4ng su\u1ea5t: 3kW<\/li>    <li>Dung t\u00edch: 3-5m\u00b3<\/li>    <li>K\u00edch th\u01b0\u1edbc: 3100\u00d71440\u00d71740mm<\/li>    <li>Tr\u1ecdng l\u01b0\u1ee3ng: 500-800kg<\/li> <\/ul>    <figure class=\"wp-block-gallery has-nested-images columns-default is-cropped wp-block-gallery-6 is-layout-flex wp-block-gallery-is-layout-flex\"> <figure class=\"wp-block-image size-large\"><img loading=\"lazy\" decoding=\"async\" width=\"720\" height=\"540\" data-id=\"17527\" src=\"https:\/\/www.agriculture-machine.com\/wp-content\/uploads\/2026\/03\/silage-production-machine.webp\" alt=\"m\u00e1y s\u1ea3n xu\u1ea5t silage\" class=\"wp-image-17527\" srcset=\"https:\/\/www.agriculture-machine.com\/wp-content\/uploads\/2026\/03\/silage-production-machine.webp 720w, https:\/\/www.agriculture-machine.com\/wp-content\/uploads\/2026\/03\/silage-production-machine-360x270.webp 360w, https:\/\/www.agriculture-machine.com\/wp-content\/uploads\/2026\/03\/silage-production-machine-240x180.webp 240w, https:\/\/www.agriculture-machine.com\/wp-content\/uploads\/2026\/03\/silage-production-machine-16x12.webp 16w\" sizes=\"auto, (max-width: 720px) 100vw, 720px\" \/><figcaption class=\"wp-element-caption\">m\u00e1y s\u1ea3n xu\u1ea5t silage<\/figcaption><\/figure>    <figure class=\"wp-block-image size-large\"><img loading=\"lazy\" decoding=\"async\" width=\"720\" height=\"540\" data-id=\"17526\" src=\"https:\/\/www.agriculture-machine.com\/wp-content\/uploads\/2026\/03\/hay-baling-wrapping-equipment.webp\" alt=\"thi\u1ebft b\u1ecb qu\u1ea5n bao v\u00e0 \u0111\u00f3ng g\u00f3i r\u01a1m kh\u00f4\" class=\"wp-image-17526\" srcset=\"https:\/\/www.agriculture-machine.com\/wp-content\/uploads\/2026\/03\/hay-baling-wrapping-equipment.webp 720w, https:\/\/www.agriculture-machine.com\/wp-content\/uploads\/2026\/03\/hay-baling-wrapping-equipment-360x270.webp 360w, https:\/\/www.agriculture-machine.com\/wp-content\/uploads\/2026\/03\/hay-baling-wrapping-equipment-240x180.webp 240w, https:\/\/www.agriculture-machine.com\/wp-content\/uploads\/2026\/03\/hay-baling-wrapping-equipment-16x12.webp 16w\" sizes=\"auto, (max-width: 720px) 100vw, 720px\" \/><figcaption class=\"wp-element-caption\">thi\u1ebft b\u1ecb qu\u1ea5n bao v\u00e0 \u0111\u00f3ng g\u00f3i r\u01a1m kh\u00f4<\/figcaption><\/figure> <\/figure>    <h3 class=\"wp-block-heading\">Thang m\u00e1y<\/h3>    <ul class=\"wp-block-list\"> <li>V\u1eadn chuy\u1ec3n nguy\u00ean li\u1ec7u \u0111\u00e3 c\u1eaft ho\u1eb7c tr\u1ed9n \u0111\u1ebfn m\u00e1y \u0111\u00f3ng bao, \u0111\u1ea3m b\u1ea3o ho\u1ea1t \u0111\u1ed9ng li\u00ean t\u1ee5c v\u00e0 hi\u1ec7u qu\u1ea3.<\/li>    <li>Chi\u1ec1u cao v\u00e0 g\u00f3c c\u00f3 th\u1ec3 linh ho\u1ea1t \u0111i\u1ec1u ch\u1ec9nh theo y\u00eau c\u1ea7u c\u1ee7a \u0111\u1ecba \u0111i\u1ec3m v\u00e0 v\u1eadn h\u00e0nh.<\/li> <\/ul>    <p>Th\u00f4ng qua vi\u1ec7c s\u1eed d\u1ee5ng k\u1ebft h\u1ee3p c\u00e1c thi\u1ebft b\u1ecb tr\u00ean, m\u00e1y \u0111\u00f3ng bao v\u00e0 qu\u1ea5n silage 9YDB-70 \u0111\u1ea1t \u0111\u01b0\u1ee3c ho\u1ea1t \u0111\u1ed9ng to\u00e0n quy tr\u00ecnh t\u1eeb x\u1eed l\u00fd v\u00e0 tr\u1ed9n th\u1ee9c \u0103n xanh \u0111\u1ebfn \u0111\u00f3ng bao v\u00e0 qu\u1ea5n, n\u00e2ng cao hi\u1ec7u qu\u1ea3 v\u1eadn h\u00e0nh v\u00e0 \u0111\u1ea3m b\u1ea3o ch\u1ea5t l\u01b0\u1ee3ng th\u1ee9c \u0103n.<\/p>    <h2 class=\"wp-block-heading\">K\u1ebft lu\u1eadn<\/h2>    <p class=\"translation-block\">\u0110\u1ed1i v\u1edbi kh\u00e1ch h\u00e0ng y\u00eau c\u1ea7u c\u00e1c k\u00edch th\u01b0\u1edbc bao kh\u00e1c nhau, ch\u00fang t\u00f4i c\u0169ng cung c\u1ea5p c\u00e1c m\u1eabu nh\u01b0 <strong><em><a href=\"https:\/\/www.agriculture-machine.com\/vi\/baling-and-wrapping-machine\/\">m\u00e1y qu\u1ea5n bao r\u01a1m th\u1ee9c \u0103n xanh tr\u00f2n 55-52<\/a><\/em><\/strong> v\u00e0 <strong><em><a href=\"https:\/\/www.agriculture-machine.com\/vi\/silage-round-baler-wrapper\/\">m\u00e1y qu\u1ea5n bao l\u00e0m silage 9YDB-60<\/a><\/em><\/strong> \u0111\u1ec3 \u0111\u00e1p \u1ee9ng c\u00e1c nhu c\u1ea7u \u0111a d\u1ea1ng t\u1eeb bao nh\u1ecf \u0111\u1ebfn l\u1edbn. Xin vui l\u00f2ng li\u00ean h\u1ec7 v\u1edbi ch\u00fang t\u00f4i.<\/p>","protected":false},"excerpt":{"rendered":"<p>M\u00e1y \u0111\u00f3ng g\u00f3i v\u00e0 qu\u1ea5n c\u1ecf voi 9YDB-70 c\u00f3 th\u1ec3 t\u1ea1o ra c\u00e1c b\u00f3 th\u1ee9c \u0103n k\u00edch th\u01b0\u1edbc 70 \u00d7 70 cm, tr\u1ecdng l\u01b0\u1ee3ng t\u1eeb 150\u2013200 kg. N\u00f3 c\u00f3 th\u1ec3 t\u00edch h\u1ee3p v\u1edbi m\u00e1y tr\u1ed9n v\u00e0 thang m\u00e1y \u0111\u1ec3 \u0111\u1ea1t \u0111\u01b0\u1ee3c ho\u1ea1t \u0111\u1ed9ng t\u1ef1 \u0111\u1ed9ng ho\u00e0n to\u00e0n, hi\u1ec7u qu\u1ea3 cao.<\/p>","protected":false},"author":1,"featured_media":17529,"parent":0,"comment_status":"open","ping_status":"closed","template":"","tags":[772,591,807],"product-type":[876,908],"class_list":["post-17514","product","type-product","status-publish","has-post-thumbnail","hentry","tag-forage","tag-silage","tag-silage-bale","product-type-silage-machine","product-type-sliage-baler"],"_links":{"self":[{"href":"https:\/\/www.agriculture-machine.com\/vi\/wp-json\/wp\/v2\/product\/17514","targetHints":{"allow":["GET"]}}],"collection":[{"href":"https:\/\/www.agriculture-machine.com\/vi\/wp-json\/wp\/v2\/product"}],"about":[{"href":"https:\/\/www.agriculture-machine.com\/vi\/wp-json\/wp\/v2\/types\/product"}],"author":[{"embeddable":true,"href":"https:\/\/www.agriculture-machine.com\/vi\/wp-json\/wp\/v2\/users\/1"}],"replies":[{"embeddable":true,"href":"https:\/\/www.agriculture-machine.com\/vi\/wp-json\/wp\/v2\/comments?post=17514"}],"wp:featuredmedia":[{"embeddable":true,"href":"https:\/\/www.agriculture-machine.com\/vi\/wp-json\/wp\/v2\/media\/17529"}],"wp:attachment":[{"href":"https:\/\/www.agriculture-machine.com\/vi\/wp-json\/wp\/v2\/media?parent=17514"}],"wp:term":[{"taxonomy":"post_tag","embeddable":true,"href":"https:\/\/www.agriculture-machine.com\/vi\/wp-json\/wp\/v2\/tags?post=17514"},{"taxonomy":"product-type","embeddable":true,"href":"https:\/\/www.agriculture-machine.com\/vi\/wp-json\/wp\/v2\/product-type?post=17514"}],"curies":[{"name":"wp","href":"https:\/\/api.w.org\/{rel}","templated":true}]}}