{"id":17539,"date":"2026-03-10T17:53:39","date_gmt":"2026-03-10T09:53:39","guid":{"rendered":"https:\/\/www.agriculture-machine.com\/?post_type=product&#038;p=17539"},"modified":"2026-04-23T16:35:09","modified_gmt":"2026-04-23T08:35:09","slug":"large-forage-bale-wrapper","status":"publish","type":"product","link":"https:\/\/www.agriculture-machine.com\/vi\/large-forage-bale-wrapper\/","title":{"rendered":"9YDB-90 Bao b\u00ec Ph\u1ee7 B\u1ecdc Bao Th\u1ee9c \u0102n Ch\u0103n Nu\u00f4i | M\u00e1y \u0110\u00f3ng G\u00f3i B\u1ecdc Ph\u1ee7 Th\u1ee9c \u0102n Ch\u0103n Nu\u00f4i"},"content":{"rendered":"<p>M\u00e1y qu\u1ea5n b\u00f3 silage 9YDB-90 l\u00e0 thi\u1ebft b\u1ecb x\u1eed l\u00fd silage c\u00f4ng su\u1ea5t cao, thi\u1ebft k\u1ebf \u0111\u1eb7c bi\u1ec7t cho c\u00e1c trang tr\u1ea1i l\u1edbn v\u00e0 trang tr\u1ea1i ch\u0103n nu\u00f4i t\u1eadp trung. N\u00f3 \u0111\u1ea1t \u0111\u01b0\u1ee3c n\u00e9n ch\u1eb7t cao v\u00e0 t\u1ef1 \u0111\u1ed9ng qu\u1ea5n r\u01a1m, c\u1ecf.<\/p>    <p>Thi\u1ebft b\u1ecb n\u00e0y t\u1ea1o ra c\u00e1c b\u00f3 silage l\u1edbn 90\u00d790cm, tr\u1ecdng l\u01b0\u1ee3ng m\u1ed7i b\u00f3 \u0111\u1ea1t 300-430kg. N\u00f3 ho\u1ea1t \u0111\u1ed9ng li\u00ean t\u1ee5c v\u1edbi c\u00f4ng su\u1ea5t 55-60 b\u00f3 m\u1ed7i gi\u1edd, hi\u1ec7u qu\u1ea3 x\u1eed l\u00fd t\u1ed5ng th\u1ec3 v\u01b0\u1ee3t qu\u00e1 23 t\u1ea5n m\u1ed7i gi\u1edd.<\/p>    <p>Trang b\u1ecb c\u1ea5u tr\u00fac c\u00e1nh qu\u1ea5n \u0111\u00f4i v\u00e0 28 con l\u0103n n\u00e9n, m\u00e1y \u0111\u1ea3m b\u1ea3o n\u00e9n ch\u1eb7t th\u1ee9c \u0103n h\u01a1n v\u00e0 l\u00ean men \u1ed5n \u0111\u1ecbnh h\u01a1n. Ph\u00f9 h\u1ee3p \u0111\u1ec3 x\u1eed l\u00fd r\u01a1m ng\u00f4, c\u1ecf, c\u00e2y silage v\u00e0 c\u00e1c v\u1eadt li\u1ec7u kh\u00e1c, k\u00e9o d\u00e0i th\u1eddi gian l\u01b0u tr\u1eef th\u1ee9c \u0103n \u0111\u1ed3ng th\u1eddi gi\u1ea3m thi\u1ec3u m\u1ea5t dinh d\u01b0\u1ee1ng.<\/p>    <figure class=\"wp-block-embed aligncenter is-type-video is-provider-youtube wp-block-embed-youtube wp-embed-aspect-16-9 wp-has-aspect-ratio\"><div class=\"wp-block-embed__wrapper\"> <iframe loading=\"lazy\" title=\"M\u00e1y qu\u1ea5n silage 90\u00d790 cm trong ho\u1ea1t \u0111\u1ed9ng | M\u00e1y qu\u1ea5n silage hi\u1ec7u qu\u1ea3 \ud83c\udf3e\ud83d\ude9c#silagebaler\" width=\"500\" height=\"281\" src=\"https:\/\/www.youtube.com\/embed\/3rCwcse_3QM?feature=oembed\" frameborder=\"0\" allow=\"accelerometer; autoplay; clipboard-write; encrypted-media; gyroscope; picture-in-picture; web-share\" referrerpolicy=\"strict-origin-when-cross-origin\" allowfullscreen><\/iframe> <\/div><figcaption class=\"wp-element-caption\">Video ho\u1ea1t \u0111\u1ed9ng c\u1ee7a m\u00e1y qu\u1ea5n b\u00f3 c\u1ecf 9YDB-90 quy m\u00f4 l\u1edbn<\/figcaption><\/figure>    <h2 class=\"wp-block-heading\">\u1ee8ng d\u1ee5ng c\u1ee7a m\u00e1y qu\u1ea5n b\u00f3 silage 9YDB-90<\/h2>    <p>\u0110\u1ed1i v\u1edbi c\u00e1c trang tr\u1ea1i c\u1ea7n l\u01b0u tr\u1eef silage quy m\u00f4 l\u1edbn, m\u00e1y 9YDB-90 n\u00e2ng cao \u0111\u00e1ng k\u1ec3 hi\u1ec7u qu\u1ea3 x\u1eed l\u00fd th\u1ee9c \u0103n:<\/p>    <ul class=\"wp-block-list\"> <li>S\u1ea3n xu\u1ea5t silage quy m\u00f4 l\u1edbn tr\u00ean \u0111\u1ed3ng c\u1ecf<\/li>    <li>L\u01b0u tr\u1eef th\u1ee9c \u0103n cho trang tr\u1ea1i b\u00f2 v\u00e0 c\u1eebu<\/li>    <li>X\u1eed l\u00fd r\u01a1m r\u1ea1 ng\u00f4<\/li>    <li>Qu\u1ea5n b\u00f3 t\u1ef1 nhi\u00ean v\u00e0 b\u1ea3o qu\u1ea3n l\u00ean men<\/li>    <li>D\u1ef1 \u00e1n s\u1eed d\u1ee5ng t\u1ed5ng h\u1ee3p r\u01a1m r\u1ea1<\/li> <\/ul>    <p>B\u1eb1ng c\u00e1ch n\u00e9n c\u1ecf ho\u1eb7c r\u01a1m th\u00e0nh c\u00e1c b\u00f3 l\u1edbn d\u00e0y \u0111\u1eb7c v\u00e0 ni\u00eam phong b\u1eb1ng m\u00e0ng nh\u1ef1a, th\u1eddi gian b\u1ea3o qu\u1ea3n th\u1ee9c \u0103n \u0111\u01b0\u1ee3c k\u00e9o d\u00e0i \u0111\u00e1ng k\u1ec3 trong khi gi\u1ea3m chi ph\u00ed v\u1eadn chuy\u1ec3n v\u00e0 l\u01b0u tr\u1eef.<\/p>    <h2 class=\"wp-block-heading\">\u0110i\u1ec3m n\u1ed5i b\u1eadt c\u1ee7a m\u00e1y qu\u1ea5n b\u00f3 silage 9YDB-90<\/h2>    <ul class=\"wp-block-list\"> <li>C\u00e1c b\u00f3 silage k\u00edch th\u01b0\u1edbc l\u1edbn: c\u00f3 kh\u1ea3 n\u0103ng t\u1ea1o ra c\u00e1c b\u00f3 l\u1edbn \u0111\u01b0\u1eddng k\u00ednh 90cm, m\u1ed7i b\u00f3 n\u1eb7ng tr\u00ean 300kg, l\u00fd t\u01b0\u1edfng cho c\u00e1c trang tr\u1ea1i l\u1edbn.<\/li>    <li>C\u1ea5u tr\u00fac n\u00e9n cao: trang b\u1ecb 28 con l\u0103n n\u00e9n, \u0111\u1ea1t n\u00e9n cao \u0111\u1ec3 t\u1ed1i \u01b0u qu\u00e1 tr\u00ecnh l\u00ean men silage v\u00e0 l\u01b0u tr\u1eef l\u00e2u d\u00e0i.<\/li>    <li>H\u1ec7 th\u1ed1ng qu\u1ea5n hai c\u00e1nh: thi\u1ebft k\u1ebf c\u00e1nh qu\u1ea5n \u0111\u00f4i t\u0103ng t\u1ed1c \u0111\u1ed9 qu\u1ea5n \u0111\u1ed3ng th\u1eddi \u0111\u1ea3m b\u1ea3o ph\u1ee7 \u0111\u1ec1u v\u00e0 \u1ed5n \u0111\u1ecbnh.<\/li>    <li>C\u00f4ng su\u1ea5t x\u1eed l\u00fd cao: x\u1eed l\u00fd h\u01a1n 23 t\u1ea5n nguy\u00ean li\u1ec7u m\u1ed7i gi\u1edd, ph\u00f9 h\u1ee3p cho ho\u1ea1t \u0111\u1ed9ng li\u00ean t\u1ee5c quy m\u00f4 l\u1edbn.<\/li>    <li>M\u1ee9c \u0111\u1ed9 t\u1ef1 \u0111\u1ed9ng cao: s\u1eed d\u1ee5ng h\u1ec7 th\u1ed1ng \u0111i\u1ec1u khi\u1ec3n \u0111a \u0111\u1ed9ng c\u01a1 \u0111\u1ec3 t\u1ef1 \u0111\u1ed9ng ho\u00e0n th\u00e0nh c\u00e1c qu\u00e1 tr\u00ecnh c\u1ea5p li\u1ec7u, n\u00e9n, qu\u1ea5n v\u00e0 \u0111\u00f3ng g\u00f3i.<\/li>    <li>Thi\u1ebft k\u1ebf thu h\u1ed3i tr\u00e0n: c\u00f3 thi\u1ebft b\u1ecb thu h\u1ed3i d\u1ea1ng c\u00e0o \u0111\u1ec3 gi\u1ea3m thi\u1ec3u l\u00e3ng ph\u00ed v\u1eadt li\u1ec7u v\u00e0 t\u1ed1i \u0111a h\u00f3a s\u1eed d\u1ee5ng nguy\u00ean li\u1ec7u.<\/li> <\/ul>    <figure class=\"wp-block-gallery has-nested-images columns-default is-cropped wp-block-gallery-2 is-layout-flex wp-block-gallery-is-layout-flex\"> <figure class=\"wp-block-image size-large\"><img loading=\"lazy\" decoding=\"async\" width=\"720\" height=\"540\" data-id=\"17534\" src=\"https:\/\/www.agriculture-machine.com\/wp-content\/uploads\/2026\/03\/silage-bale-packing-machine-1.webp\" alt=\"m\u00e1y \u0111\u00f3ng g\u00f3i silage\" class=\"wp-image-17534\" srcset=\"https:\/\/www.agriculture-machine.com\/wp-content\/uploads\/2026\/03\/silage-bale-packing-machine-1.webp 720w, https:\/\/www.agriculture-machine.com\/wp-content\/uploads\/2026\/03\/silage-bale-packing-machine-1-360x270.webp 360w, https:\/\/www.agriculture-machine.com\/wp-content\/uploads\/2026\/03\/silage-bale-packing-machine-1-240x180.webp 240w, https:\/\/www.agriculture-machine.com\/wp-content\/uploads\/2026\/03\/silage-bale-packing-machine-1-16x12.webp 16w\" sizes=\"auto, (max-width: 720px) 100vw, 720px\" \/><figcaption class=\"wp-element-caption\">m\u00e1y \u0111\u00f3ng g\u00f3i silage<\/figcaption><\/figure>    <figure class=\"wp-block-image size-large\"><img loading=\"lazy\" decoding=\"async\" width=\"720\" height=\"540\" data-id=\"17533\" src=\"https:\/\/www.agriculture-machine.com\/wp-content\/uploads\/2026\/03\/9YDB-90-forage-bale-wrapper.webp\" alt=\"M\u00e1y qu\u1ea5n b\u00f3 silage 9YDB-90\" class=\"wp-image-17533\" srcset=\"https:\/\/www.agriculture-machine.com\/wp-content\/uploads\/2026\/03\/9YDB-90-forage-bale-wrapper.webp 720w, https:\/\/www.agriculture-machine.com\/wp-content\/uploads\/2026\/03\/9YDB-90-forage-bale-wrapper-360x270.webp 360w, https:\/\/www.agriculture-machine.com\/wp-content\/uploads\/2026\/03\/9YDB-90-forage-bale-wrapper-240x180.webp 240w, https:\/\/www.agriculture-machine.com\/wp-content\/uploads\/2026\/03\/9YDB-90-forage-bale-wrapper-16x12.webp 16w\" sizes=\"auto, (max-width: 720px) 100vw, 720px\" \/><figcaption class=\"wp-element-caption\">M\u00e1y qu\u1ea5n b\u00f3 silage 9YDB-90<\/figcaption><\/figure> <\/figure>    <h2 class=\"wp-block-heading\">C\u1ea5u tr\u00fac m\u00e1y qu\u1ea5n b\u00f3 c\u1ecf<\/h2>    <ul class=\"wp-block-list\"> <li>H\u1ec7 th\u1ed1ng c\u1ea5p li\u1ec7u: khoang ch\u1ee9a l\u1edbn v\u1edbi chi\u1ec1u r\u1ed9ng v\u01b0\u1ee3t qu\u00e1 170 cm ph\u00f9 h\u1ee3p v\u1edbi l\u01b0\u1ee3ng th\u1ee9c \u0103n l\u1edbn h\u01a1n, n\u00e2ng cao hi\u1ec7u qu\u1ea3 c\u1ea5p th\u1ee9c \u0103n.<\/li>    <li>H\u1ec7 th\u1ed1ng n\u00e9n v\u00e0 \u0111\u00f3ng b\u00f3: g\u1ed3m nhi\u1ec1u b\u1ed9 con l\u0103n v\u00e0 d\u00e2y chuy\u1ec1n, \u0111\u1ea1t n\u00e9n cao \u0111\u1ec3 t\u1ea1o th\u00e0nh b\u00f3 \u1ed5n \u0111\u1ecbnh.<\/li>    <li>H\u1ec7 th\u1ed1ng qu\u1ea5n: hai c\u00e1nh qu\u1ea5n \u0111\u00f4i k\u1ebft h\u1ee3p v\u1edbi m\u00e0ng phim chuy\u00ean d\u1ee5ng \u0111\u1ea3m b\u1ea3o qu\u1ea5n nhanh, \u0111\u1ec1u.<\/li>    <li>H\u1ec7 th\u1ed1ng v\u1eadn chuy\u1ec3n: b\u0103ng t\u1ea3i khay \u0111\u1ea3m b\u1ea3o chuy\u1ec3n \u0111\u1ed9ng m\u01b0\u1ee3t m\u00e0 c\u1ee7a b\u00f3, n\u00e2ng cao \u0111\u1ed9 \u1ed5n \u0111\u1ecbnh ho\u1ea1t \u0111\u1ed9ng t\u1ed5ng th\u1ec3.<\/li>    <li>H\u1ec7 th\u1ed1ng thu h\u1ed3i: thi\u1ebft b\u1ecb thu h\u1ed3i tr\u00e0n d\u1ea1ng c\u00e0o t\u1ef1 \u0111\u1ed9ng thu th\u1eadp v\u1eadt li\u1ec7u r\u01a1i v\u00e3i.<\/li> <\/ul>    <h2 class=\"wp-block-heading\">M\u00e1y qu\u1ea5n b\u00f3 c\u1ecf n\u00e0y ho\u1ea1t \u0111\u1ed9ng nh\u01b0 th\u1ebf n\u00e0o?<\/h2>    <ol class=\"wp-block-list\"> <li>Trong qu\u00e1 tr\u00ecnh v\u1eadn h\u00e0nh, r\u01a1m ho\u1eb7c c\u1ecf \u0111i v\u00e0o ph\u1ec5u qua c\u1eeda n\u1ea1p r\u1ed9ng. D\u01b0\u1edbi t\u00e1c d\u1ee5ng c\u1ee7a c\u00e1c con l\u0103n n\u00e9n, n\u00f3 li\u00ean t\u1ee5c \u0111\u01b0\u1ee3c n\u00e9n v\u00e0 d\u1ea7n h\u00ecnh th\u00e0nh th\u00e0nh c\u00e1c b\u00f3 n\u00e9n cao.<\/li>    <li>Khi b\u00f3 \u0111\u1ea1t k\u00edch th\u01b0\u1edbc c\u00e0i \u0111\u1eb7t tr\u01b0\u1edbc, h\u1ec7 th\u1ed1ng t\u1ef1 \u0111\u1ed9ng bu\u1ed9c d\u00e2y v\u00e0 v\u1eadn chuy\u1ec3n n\u00f3 \u0111\u1ebfn khu v\u1ef1c qu\u1ea5n qua c\u01a1 ch\u1ebf v\u1eadn chuy\u1ec3n.<\/li>    <li>Sau \u0111\u00f3, hai c\u00e1nh qu\u1ea5n quay, bao ph\u1ee7 \u0111\u1ec1u b\u00f3 b\u1eb1ng m\u00e0ng qu\u1ea5n silage \u0111\u1ec3 t\u1ea1o th\u00e0nh g\u00f3i silage k\u00edn.<\/li> <\/ol>    <figure class=\"wp-block-gallery has-nested-images columns-default is-cropped wp-block-gallery-3 is-layout-flex wp-block-gallery-is-layout-flex\"> <figure class=\"wp-block-image size-large\"><img loading=\"lazy\" decoding=\"async\" width=\"720\" height=\"540\" data-id=\"17535\" src=\"https:\/\/www.agriculture-machine.com\/wp-content\/uploads\/2026\/03\/automatic-hay-bale-wrapper.webp\" alt=\"m\u00e1y qu\u1ea5n c\u1ecf t\u1ef1 \u0111\u1ed9ng\" class=\"wp-image-17535\" srcset=\"https:\/\/www.agriculture-machine.com\/wp-content\/uploads\/2026\/03\/automatic-hay-bale-wrapper.webp 720w, https:\/\/www.agriculture-machine.com\/wp-content\/uploads\/2026\/03\/automatic-hay-bale-wrapper-360x270.webp 360w, https:\/\/www.agriculture-machine.com\/wp-content\/uploads\/2026\/03\/automatic-hay-bale-wrapper-240x180.webp 240w, https:\/\/www.agriculture-machine.com\/wp-content\/uploads\/2026\/03\/automatic-hay-bale-wrapper-16x12.webp 16w\" sizes=\"auto, (max-width: 720px) 100vw, 720px\" \/><figcaption class=\"wp-element-caption\">m\u00e1y qu\u1ea5n c\u1ecf t\u1ef1 \u0111\u1ed9ng<\/figcaption><\/figure>    <figure class=\"wp-block-image size-large\"><img loading=\"lazy\" decoding=\"async\" width=\"720\" height=\"540\" data-id=\"17536\" src=\"https:\/\/www.agriculture-machine.com\/wp-content\/uploads\/2026\/03\/silage-bale-wrapping-machine.webp\" alt=\"m\u00e1y qu\u1ea5n b\u00f3 silage\" class=\"wp-image-17536\" srcset=\"https:\/\/www.agriculture-machine.com\/wp-content\/uploads\/2026\/03\/silage-bale-wrapping-machine.webp 720w, https:\/\/www.agriculture-machine.com\/wp-content\/uploads\/2026\/03\/silage-bale-wrapping-machine-360x270.webp 360w, https:\/\/www.agriculture-machine.com\/wp-content\/uploads\/2026\/03\/silage-bale-wrapping-machine-240x180.webp 240w, https:\/\/www.agriculture-machine.com\/wp-content\/uploads\/2026\/03\/silage-bale-wrapping-machine-16x12.webp 16w\" sizes=\"auto, (max-width: 720px) 100vw, 720px\" \/><figcaption class=\"wp-element-caption\">m\u00e1y qu\u1ea5n b\u00f3 silage<\/figcaption><\/figure> <\/figure>    <h2 class=\"wp-block-heading\">Th\u00f4ng s\u1ed1 k\u1ef9 thu\u1eadt m\u00e1y qu\u1ea5n silage<\/h2>    <figure class=\"wp-block-table is-style-stripes\"><table class=\"has-fixed-layout\"><tbody><tr><td><strong>M\u1ee5c<\/strong><\/td><td><strong>Chi ti\u1ebft<\/strong><\/td><\/tr><tr><td>M\u1eabu<\/td><td>9YDB-90<\/td><\/tr><tr><td>K\u00edch th\u01b0\u1edbc bale<\/td><td>90 \u00d7 90 cm<\/td><\/tr><tr><td>Tr\u1ecdng l\u01b0\u1ee3ng r\u01a1m<\/td><td>300\u2013430 kg<\/td><\/tr><tr><td>S\u1ea3n l\u01b0\u1ee3ng theo gi\u1edd<\/td><td>55\u201360 b\u00f3<\/td><\/tr><tr><td>Hi\u1ec7u qu\u1ea3 v\u1eadn h\u00e0nh<\/td><td>\u226523 T\/h<\/td><\/tr><tr><td>C\u00f4ng su\u1ea5t<\/td><td>39 kW<\/td><\/tr><tr><td>S\u1ed1 l\u01b0\u1ee3ng con l\u0103n<\/td><td>\u226528<\/td><\/tr><tr><td>C\u00e1nh qu\u1ea5n<\/td><td>2<\/td><\/tr><tr><td>Chi\u1ec1u r\u1ed9ng ph\u1ec5u<\/td><td>\u2265170 cm<\/td><\/tr><tr><td>C\u1eeda n\u1ea1p th\u1ee9c \u0103n<\/td><td>\u2265900 mm<\/td><\/tr><tr><td>Tr\u1ecdng l\u01b0\u1ee3ng m\u00e1y<\/td><td>\u22654200 kg<\/td><\/tr><tr><td>K\u00edch th\u01b0\u1edbc (D\u00d7R\u00d7C)<\/td><td>\u22658100 \u00d7 2400 \u00d7 3100 mm<\/td><\/tr><\/tbody><\/table><figcaption class=\"wp-element-caption\">Th\u00f4ng s\u1ed1 k\u1ef9 thu\u1eadt m\u00e1y qu\u1ea5n bao b\u00ec c\u1ecf 9YDB-90<\/figcaption><\/figure>    <figure class=\"wp-block-gallery has-nested-images columns-default is-cropped wp-block-gallery-4 is-layout-flex wp-block-gallery-is-layout-flex\"> <figure class=\"wp-block-image size-large\"><img loading=\"lazy\" decoding=\"async\" width=\"720\" height=\"540\" data-id=\"17537\" src=\"https:\/\/www.agriculture-machine.com\/wp-content\/uploads\/2026\/03\/forage-baling-and-wrapping-machine.webp\" alt=\"m\u00e1y qu\u1ea5n v\u00e0 \u0111\u00f3ng g\u00f3i c\u1ecf\" class=\"wp-image-17537\" srcset=\"https:\/\/www.agriculture-machine.com\/wp-content\/uploads\/2026\/03\/forage-baling-and-wrapping-machine.webp 720w, https:\/\/www.agriculture-machine.com\/wp-content\/uploads\/2026\/03\/forage-baling-and-wrapping-machine-360x270.webp 360w, https:\/\/www.agriculture-machine.com\/wp-content\/uploads\/2026\/03\/forage-baling-and-wrapping-machine-240x180.webp 240w, https:\/\/www.agriculture-machine.com\/wp-content\/uploads\/2026\/03\/forage-baling-and-wrapping-machine-16x12.webp 16w\" sizes=\"auto, (max-width: 720px) 100vw, 720px\" \/><figcaption class=\"wp-element-caption\">m\u00e1y qu\u1ea5n v\u00e0 \u0111\u00f3ng g\u00f3i c\u1ecf<\/figcaption><\/figure>    <figure class=\"wp-block-image size-large\"><img loading=\"lazy\" decoding=\"async\" width=\"720\" height=\"540\" data-id=\"17538\" src=\"https:\/\/www.agriculture-machine.com\/wp-content\/uploads\/2026\/03\/large-round-bale-wrapper.webp\" alt=\"m\u00e1y qu\u1ea5n b\u00f3 tr\u00f2n l\u1edbn\" class=\"wp-image-17538\" srcset=\"https:\/\/www.agriculture-machine.com\/wp-content\/uploads\/2026\/03\/large-round-bale-wrapper.webp 720w, https:\/\/www.agriculture-machine.com\/wp-content\/uploads\/2026\/03\/large-round-bale-wrapper-360x270.webp 360w, https:\/\/www.agriculture-machine.com\/wp-content\/uploads\/2026\/03\/large-round-bale-wrapper-240x180.webp 240w, https:\/\/www.agriculture-machine.com\/wp-content\/uploads\/2026\/03\/large-round-bale-wrapper-16x12.webp 16w\" sizes=\"auto, (max-width: 720px) 100vw, 720px\" \/><figcaption class=\"wp-element-caption\">m\u00e1y qu\u1ea5n b\u00f3 tr\u00f2n l\u1edbn<\/figcaption><\/figure> <\/figure>    <h2 class=\"wp-block-heading\">C\u00e1c m\u1eabu m\u00e1y qu\u1ea5n v\u00e0 \u0111\u00f3ng g\u00f3i kh\u00e1c nhau<\/h2>    <p class=\"translation-block\">S\u1ef1 kh\u00e1c bi\u1ec7t ch\u00ednh gi\u1eefa c\u00e1c m\u1eabu m\u00e1y qu\u1ea5n b\u00f3 c\u1ecf l\u00e0 k\u00edch th\u01b0\u1edbc b\u00f3, tr\u1ecdng l\u01b0\u1ee3ng b\u00f3 ri\u00eang l\u1ebb v\u00e0 quy m\u00f4 trang tr\u1ea1i ph\u00f9 h\u1ee3p. C\u00e1c m\u1eabu ph\u1ed5 bi\u1ebfn kh\u00e1c bao g\u1ed3m <strong><em><a href=\"https:\/\/www.agriculture-machine.com\/vi\/baling-and-wrapping-machine\/\">m\u00e1y qu\u1ea5n b\u00f3 55-52<\/a><\/em><\/strong>, <strong><em><a href=\"https:\/\/www.agriculture-machine.com\/vi\/silage-round-baler-wrapper\/\">m\u00e1y qu\u1ea5n c\u1ecf 9YDB-60<\/a><\/em><\/strong>, v\u00e0 <strong><em><a href=\"https:\/\/www.agriculture-machine.com\/vi\/silage-baler-and-wrapper-machine\/\">m\u00e1y \u0111\u00f3ng g\u00f3i silage 9YDB-70<\/a><\/em><\/strong>.<\/p>    <figure class=\"wp-block-table is-style-stripes\"><table class=\"has-fixed-layout\"><tbody><tr><td><strong>M\u1eabu<\/strong><\/td><td><strong>K\u00edch th\u01b0\u1edbc bale<\/strong><\/td><td><strong>Tr\u1ecdng l\u01b0\u1ee3ng r\u01a1m<\/strong><\/td><td><strong>Quy m\u00f4 trang tr\u1ea1i ph\u00f9 h\u1ee3p<\/strong><\/td><\/tr><tr><td><strong>M\u1eabu 55-52<\/strong><\/td><td>\u03a655 \u00d7 52 cm<\/td><td>80\u2013120 kg<\/td><td>Trang tr\u1ea1i nh\u1ecf \/ Trang tr\u1ea1i gia \u0111\u00ecnh<\/td><\/tr><tr><td><strong>M\u1eabu 9YDB-60<\/strong><\/td><td>\u03a660 \u00d7 52 cm<\/td><td>t\u1eeb 90\u2013140 kg<\/td><td>Trang tr\u1ea1i nh\u1ecf \u0111\u1ebfn v\u1eeba<\/td><\/tr><tr><td><strong>M\u1eabu 9YDB-70<\/strong><\/td><td>\u03a670 \u00d7 70 cm<\/td><td>150\u2013200 kg<\/td><td>Trang tr\u1ea1i v\u1eeba<\/td><\/tr><tr><td><strong>M\u1eabu 9YDB-90<\/strong><\/td><td>90 \u00d7 90 cm<\/td><td>300\u2013430 kg<\/td><td>Trang tr\u1ea1i l\u1edbn \/ Nh\u00e0 m\u00e1y ch\u1ebf bi\u1ebfn silage<\/td><\/tr><\/tbody><\/table><figcaption class=\"wp-element-caption\">C\u00e1c m\u00f4 h\u00ecnh kh\u00e1c nhau c\u1ee7a m\u00e1y qu\u1ea5n b\u00f3 silage<\/figcaption><\/figure>    <p class=\"translation-block\"><strong>T\u1ed5ng quan<\/strong><\/p>    <ul class=\"wp-block-list\"> <li>M\u1eabu l\u1edbn h\u01a1n \u2192 B\u00f3 l\u1edbn h\u01a1n \u2192 N\u0103ng su\u1ea5t cao h\u01a1n<\/li>    <li>C\u00e1c m\u00f4 h\u00ecnh nh\u1ecf ph\u00f9 h\u1ee3p v\u1edbi s\u1eed d\u1ee5ng linh ho\u1ea1t, trong khi c\u00e1c m\u00f4 h\u00ecnh l\u1edbn ph\u00f9 h\u1ee3p v\u1edbi s\u1ea3n xu\u1ea5t silage quy m\u00f4 l\u1edbn.<\/li> <\/ul>    <p>B\u1ea1n c\u00f3 th\u1ec3 ch\u1ecdn m\u00f4 h\u00ecnh m\u00e1y qu\u1ea5n bao b\u00ec ph\u00f9 h\u1ee3p d\u1ef1a tr\u00ean quy m\u00f4 trang tr\u1ea1i, ph\u01b0\u01a1ng th\u1ee9c v\u1eadn chuy\u1ec3n v\u00e0 y\u00eau c\u1ea7u th\u1ee9c \u0103n. Xin vui l\u00f2ng li\u00ean h\u1ec7 v\u1edbi ch\u00fang t\u00f4i n\u1ebfu c\u1ea7n.<\/p>","protected":false},"excerpt":{"rendered":"<p>M\u00e1y qu\u1ea5n bao c\u1ecf 9YDB-90 t\u1ea1o ra c\u00e1c b\u00f3 c\u00f3 \u0111\u01b0\u1eddng k\u00ednh 90\u00d790 cm v\u00e0 tr\u1ecdng l\u01b0\u1ee3ng t\u1eeb 300\u2013430 kg. V\u1edbi c\u00f4ng su\u1ea5t 55\u201360 b\u00f3 m\u1ed7i gi\u1edd, ph\u00f9 h\u1ee3p cho c\u00e1c trang tr\u1ea1i l\u1edbn v\u00e0 trang tr\u1ea1i ch\u0103n nu\u00f4i gia s\u00fac.<\/p>","protected":false},"author":1,"featured_media":17663,"parent":0,"comment_status":"open","ping_status":"closed","template":"","tags":[772,591,807],"product-type":[876,908],"class_list":["post-17539","product","type-product","status-publish","has-post-thumbnail","hentry","tag-forage","tag-silage","tag-silage-bale","product-type-silage-machine","product-type-sliage-baler"],"_links":{"self":[{"href":"https:\/\/www.agriculture-machine.com\/vi\/wp-json\/wp\/v2\/product\/17539","targetHints":{"allow":["GET"]}}],"collection":[{"href":"https:\/\/www.agriculture-machine.com\/vi\/wp-json\/wp\/v2\/product"}],"about":[{"href":"https:\/\/www.agriculture-machine.com\/vi\/wp-json\/wp\/v2\/types\/product"}],"author":[{"embeddable":true,"href":"https:\/\/www.agriculture-machine.com\/vi\/wp-json\/wp\/v2\/users\/1"}],"replies":[{"embeddable":true,"href":"https:\/\/www.agriculture-machine.com\/vi\/wp-json\/wp\/v2\/comments?post=17539"}],"wp:featuredmedia":[{"embeddable":true,"href":"https:\/\/www.agriculture-machine.com\/vi\/wp-json\/wp\/v2\/media\/17663"}],"wp:attachment":[{"href":"https:\/\/www.agriculture-machine.com\/vi\/wp-json\/wp\/v2\/media?parent=17539"}],"wp:term":[{"taxonomy":"post_tag","embeddable":true,"href":"https:\/\/www.agriculture-machine.com\/vi\/wp-json\/wp\/v2\/tags?post=17539"},{"taxonomy":"product-type","embeddable":true,"href":"https:\/\/www.agriculture-machine.com\/vi\/wp-json\/wp\/v2\/product-type?post=17539"}],"curies":[{"name":"wp","href":"https:\/\/api.w.org\/{rel}","templated":true}]}}