{"id":17544,"date":"2026-03-17T17:53:56","date_gmt":"2026-03-17T09:53:56","guid":{"rendered":"https:\/\/www.agriculture-machine.com\/?post_type=product&#038;p=17544"},"modified":"2026-04-07T17:00:03","modified_gmt":"2026-04-07T09:00:03","slug":"cow-dung-cleaning-machine","status":"publish","type":"product","link":"https:\/\/www.agriculture-machine.com\/vi\/cow-dung-cleaning-machine\/","title":{"rendered":"M\u00e1y l\u00e0m s\u1ea1ch ph\u00e2n b\u00f2 | M\u00e1y thu gom ph\u00e2n gia s\u00fac"},"content":{"rendered":"<p>M\u00e1y l\u00e0m s\u1ea1ch ph\u00e2n b\u00f2 l\u00e0 h\u1ec7 th\u1ed1ng t\u1ef1 \u0111\u1ed9ng d\u1ecdn ph\u00e2n \u0111\u01b0\u1ee3c thi\u1ebft k\u1ebf d\u00e0nh ri\u00eang cho c\u00e1c trang tr\u1ea1i ch\u0103n nu\u00f4i hi\u1ec7n \u0111\u1ea1i. N\u00f3 ch\u1ee7 y\u1ebfu d\u00f9ng \u0111\u1ec3 thu gom v\u00e0 v\u1eadn chuy\u1ec3n ph\u00e2n t\u1eadp trung trong c\u00e1c m\u00f4i tr\u01b0\u1eddng ch\u0103n nu\u00f4i nh\u01b0 chu\u1ed3ng b\u00f2, chu\u1ed3ng d\u00ea v\u00e0 trang tr\u1ea1i gia s\u00fac.<\/p>    <p>Thi\u1ebft b\u1ecb t\u00edch h\u1ee3p c\u00e1c ch\u1ee9c n\u0103ng thu gom ph\u00e2n, v\u1eadn chuy\u1ec3n, v\u1eadn chuy\u1ec3n v\u00e0 t\u1ef1 x\u1ea3 trong m\u1ed9t thi\u1ebft b\u1ecb duy nh\u1ea5t. Th\u00f4ng qua thi\u1ebft b\u1ecb thu gom xo\u1eafn \u1ed1c g\u1eafn ph\u00eda tr\u01b0\u1edbc v\u00e0 h\u1ec7 th\u1ed1ng b\u0103ng chuy\u1ec1n x\u00edch c\u00e0o, n\u00f3 thu gom ph\u00e2n nhanh ch\u00f3ng v\u00e0 v\u1eadn chuy\u1ec3n \u0111\u1ebfn kho ph\u00eda sau, cho ph\u00e9p ho\u1ea1t \u0111\u1ed9ng l\u00e0m s\u1ea1ch hi\u1ec7u qu\u1ea3 cao.<\/p>    <p>So v\u1edbi ph\u01b0\u01a1ng ph\u00e1p d\u1ecdn ph\u00e2n th\u1ee7 c\u00f4ng truy\u1ec1n th\u1ed1ng, thi\u1ebft b\u1ecb n\u00e0y c\u1ea3i thi\u1ec7n \u0111\u00e1ng k\u1ec3 hi\u1ec7u qu\u1ea3 l\u00e0m s\u1ea1ch. V\u00ed d\u1ee5, m\u1eabu 3m\u00b3 c\u00f3 th\u1ec3 ho\u00e0n th\u00e0nh m\u1ed9t t\u1ea3i ph\u00e2n trong 3\u20135 ph\u00fat, trong khi m\u1eabu 5m\u00b3 m\u1ea5t kho\u1ea3ng 5\u20138 ph\u00fat \u0111\u1ec3 ho\u00e0n th\u00e0nh m\u1ed9t t\u1ea3i.<\/p>    <figure class=\"wp-block-embed aligncenter is-type-video is-provider-youtube wp-block-embed-youtube wp-embed-aspect-16-9 wp-has-aspect-ratio\"><div class=\"wp-block-embed__wrapper\"> <iframe loading=\"lazy\" title=\"Efficient Cow &amp; Sheep Manure Cleaning Machine | Smart Farm Cleaning Equipment \ud83d\ude9c\ud83d\udc04#cleaner\" width=\"500\" height=\"281\" src=\"https:\/\/www.youtube.com\/embed\/Np55Evcl7-o?feature=oembed\" frameborder=\"0\" allow=\"accelerometer; autoplay; clipboard-write; encrypted-media; gyroscope; picture-in-picture; web-share\" referrerpolicy=\"strict-origin-when-cross-origin\" allowfullscreen><\/iframe> <\/div><figcaption class=\"wp-element-caption\">Video ho\u1ea1t \u0111\u1ed9ng c\u1ee7a m\u00e1y l\u00e0m s\u1ea1ch ph\u00e2n b\u00f2<\/figcaption><\/figure>    <p>To\u00e0n b\u1ed9 m\u00e1y ch\u1ea1y b\u1eb1ng d\u1ea7u diesel v\u00e0 t\u01b0\u01a1ng th\u00edch v\u1edbi c\u00e1c ph\u01b0\u01a1ng ti\u1ec7n chassis ba ho\u1eb7c b\u1ed1n b\u00e1nh. V\u1eadn h\u00e0nh \u0111\u01a1n gi\u1ea3n, ch\u1ec9 c\u1ea7n m\u1ed9t ng\u01b0\u1eddi \u0111\u1ec3 ho\u00e0n th\u00e0nh nhi\u1ec7m v\u1ee5 d\u1ecdn ph\u00e2n, gi\u00fap gi\u1ea3m \u0111\u00e1ng k\u1ec3 chi ph\u00ed lao \u0111\u1ed9ng \u0111\u1ed3ng th\u1eddi n\u00e2ng cao v\u1ec7 sinh trang tr\u1ea1i v\u00e0 ti\u00eau chu\u1ea9n qu\u1ea3n l\u00fd gia s\u00fac.<\/p>    <h2 class=\"wp-block-heading\">\u1ee8ng d\u1ee5ng c\u1ee7a m\u00e1y l\u00e0m s\u1ea1ch ph\u00e2n b\u00f2<\/h2>    <p>C\u00e1c ph\u01b0\u01a1ng ti\u1ec7n thu gom ph\u00e2n ch\u1ee7 y\u1ebfu d\u00f9ng \u0111\u1ec3 d\u1ecdn ph\u00e2n v\u00e0 v\u1eadn chuy\u1ec3n t\u1ea1i c\u00e1c trang tr\u1ea1i gia s\u00fac kh\u00e1c nhau, ph\u00f9 h\u1ee3p v\u1edbi c\u00e1c t\u00ecnh hu\u1ed1ng sau:<\/p>    <ul class=\"wp-block-list\"> <li>Trang tr\u1ea1i s\u1eefa<\/li>    <li>Trang tr\u1ea1i b\u00f2 th\u1ecbt<\/li>    <li>Trang tr\u1ea1i d\u00ea v\u00e0 c\u00e1c c\u01a1 s\u1edf ch\u0103n nu\u00f4i<\/li>    <li>C\u00e1c trang tr\u1ea1i quy m\u00f4 l\u1edbn v\u00e0 trang tr\u1ea1i ch\u0103n nu\u00f4i ti\u00eau chu\u1ea9n<\/li>    <li>H\u1ec7 th\u1ed1ng x\u1eed l\u00fd ph\u00e2n gia s\u00fac t\u1eadp trung<\/li> <\/ul>    <p>M\u00e1y l\u00e0m s\u1ea1ch ph\u00e2n b\u00f2 n\u00e0y c\u00f3 th\u1ec3 nhanh ch\u00f3ng lo\u1ea1i b\u1ecf ph\u00e2n v\u00e0 ch\u1ea5t th\u1ea3i t\u00edch t\u1ee5 tr\u00ean s\u00e0n c\u1ee7a c\u00e1c chu\u1ed3ng b\u00f2 v\u00e0 v\u1eadn chuy\u1ec3n ch\u00fang \u0111\u1ebfn c\u00e1c khu x\u1eed l\u00fd \u0111\u00e3 \u0111\u1ecbnh, duy tr\u00ec m\u00f4i tr\u01b0\u1eddng ch\u0103n nu\u00f4i s\u1ea1ch s\u1ebd v\u00e0 h\u1ee3p v\u1ec7 sinh.<\/p>    <figure class=\"wp-block-gallery has-nested-images columns-default is-cropped wp-block-gallery-2 is-layout-flex wp-block-gallery-is-layout-flex\"> <figure class=\"wp-block-image size-large\"><img loading=\"lazy\" decoding=\"async\" width=\"720\" height=\"540\" data-id=\"17549\" src=\"https:\/\/www.agriculture-machine.com\/wp-content\/uploads\/2026\/03\/cattle-manure-scraper.webp\" alt=\"m\u00e1y c\u00e0o ph\u00e2n b\u00f2\" class=\"wp-image-17549\" srcset=\"https:\/\/www.agriculture-machine.com\/wp-content\/uploads\/2026\/03\/cattle-manure-scraper.webp 720w, https:\/\/www.agriculture-machine.com\/wp-content\/uploads\/2026\/03\/cattle-manure-scraper-360x270.webp 360w, https:\/\/www.agriculture-machine.com\/wp-content\/uploads\/2026\/03\/cattle-manure-scraper-240x180.webp 240w, https:\/\/www.agriculture-machine.com\/wp-content\/uploads\/2026\/03\/cattle-manure-scraper-16x12.webp 16w\" sizes=\"auto, (max-width: 720px) 100vw, 720px\" \/><figcaption class=\"wp-element-caption\">m\u00e1y c\u00e0o ph\u00e2n b\u00f2<\/figcaption><\/figure>    <figure class=\"wp-block-image size-large\"><img loading=\"lazy\" decoding=\"async\" width=\"720\" height=\"540\" data-id=\"17548\" src=\"https:\/\/www.agriculture-machine.com\/wp-content\/uploads\/2026\/03\/cattle-farm-cleaning-equipment.webp\" alt=\"thi\u1ebft b\u1ecb l\u00e0m s\u1ea1ch ph\u00e2n gia s\u00fac\" class=\"wp-image-17548\" srcset=\"https:\/\/www.agriculture-machine.com\/wp-content\/uploads\/2026\/03\/cattle-farm-cleaning-equipment.webp 720w, https:\/\/www.agriculture-machine.com\/wp-content\/uploads\/2026\/03\/cattle-farm-cleaning-equipment-360x270.webp 360w, https:\/\/www.agriculture-machine.com\/wp-content\/uploads\/2026\/03\/cattle-farm-cleaning-equipment-240x180.webp 240w, https:\/\/www.agriculture-machine.com\/wp-content\/uploads\/2026\/03\/cattle-farm-cleaning-equipment-16x12.webp 16w\" sizes=\"auto, (max-width: 720px) 100vw, 720px\" \/><figcaption class=\"wp-element-caption\">thi\u1ebft b\u1ecb l\u00e0m s\u1ea1ch ph\u00e2n gia s\u00fac<\/figcaption><\/figure> <\/figure>    <h2 class=\"wp-block-heading\">\u01afu \u0111i\u1ec3m c\u1ee7a m\u00e1y d\u1ecdn ph\u00e2n<\/h2>    <ul class=\"wp-block-list\"> <li>D\u1ecdn ph\u00e2n hi\u1ec7u qu\u1ea3 cao: s\u1eed d\u1ee5ng c\u1ea5u tr\u00fac thu gom xo\u1eafn   b\u0103ng chuy\u1ec1n x\u00edch c\u00e0o, nhanh ch\u00f3ng ho\u00e0n th\u00e0nh vi\u1ec7c thu gom v\u00e0 v\u1eadn chuy\u1ec3n ph\u00e2n, n\u00e2ng cao hi\u1ec7u qu\u1ea3 l\u00e0m s\u1ea1ch trang tr\u1ea1i.<\/li>    <li>Ti\u1ebft ki\u1ec7m chi ph\u00ed lao \u0111\u1ed9ng: ch\u1ec9 c\u1ea7n m\u1ed9t ng\u01b0\u1eddi v\u1eadn h\u00e0nh \u0111\u1ec3 ho\u00e0n th\u00e0nh vi\u1ec7c d\u1ecdn ph\u00e2n, v\u1eadn chuy\u1ec3n v\u00e0 x\u1ea3 ph\u00e2n, gi\u1ea3m \u0111\u00e1ng k\u1ec3 y\u00eau c\u1ea7u lao \u0111\u1ed9ng.<\/li>    <li>Thi\u1ebft k\u1ebf v\u1eadn chuy\u1ec3n c\u00f4ng su\u1ea5t l\u1edbn: trang b\u1ecb kho ch\u1ee9a 3m\u00b3 ho\u1eb7c 5m\u00b3, c\u00f3 th\u1ec3 v\u1eadn chuy\u1ec3n l\u01b0\u1ee3ng l\u1edbn ph\u00e2n trong m\u1ed9t chuy\u1ebfn, gi\u1ea3m s\u1ed1 l\u01b0\u1ee3t \u0111i.<\/li>    <li>Thi\u1ebft k\u1ebf c\u1ea5u tr\u00fac b\u1ec1n b\u1ec9: to\u00e0n b\u1ed9 m\u00e1y c\u00f3 c\u1ea5u tr\u00fac th\u00e9p ch\u1ecbu l\u1ef1c cao v\u00e0 chu\u1ed7i x\u00edch c\u00e0o ch\u1ed1ng m\u00e0i m\u00f2n, ch\u1ed1ng \u0103n m\u00f2n, tu\u1ed5i th\u1ecd d\u00e0i.<\/li>    <li>Kh\u1ea3 n\u0103ng th\u00edch nghi v\u1edbi m\u00f4i tr\u01b0\u1eddng trang tr\u1ea1i ph\u1ee9c t\u1ea1p: v\u1edbi hi\u1ec7u su\u1ea5t m\u1ea1nh m\u1ebd, thi\u1ebft b\u1ecb ph\u00f9 h\u1ee3p v\u1edbi c\u00e1c trang tr\u1ea1i c\u00f3 quy m\u00f4 kh\u00e1c nhau v\u00e0 \u0111i\u1ec1u ki\u1ec7n m\u1eb7t \u0111\u1ea5t ph\u1ee9c t\u1ea1p, \u0111\u1ea3m b\u1ea3o ho\u1ea1t \u0111\u1ed9ng \u1ed5n \u0111\u1ecbnh v\u00e0 \u0111\u00e1ng tin c\u1eady.<\/li> <\/ul>    <figure class=\"wp-block-gallery has-nested-images columns-default is-cropped wp-block-gallery-3 is-layout-flex wp-block-gallery-is-layout-flex\"> <figure class=\"wp-block-image size-large\"><img loading=\"lazy\" decoding=\"async\" width=\"720\" height=\"540\" data-id=\"17550\" src=\"https:\/\/www.agriculture-machine.com\/wp-content\/uploads\/2026\/03\/cow-dung-cleaner.webp\" alt=\"m\u00e1y l\u00e0m s\u1ea1ch ph\u00e2n b\u00f2\" class=\"wp-image-17550\" srcset=\"https:\/\/www.agriculture-machine.com\/wp-content\/uploads\/2026\/03\/cow-dung-cleaner.webp 720w, https:\/\/www.agriculture-machine.com\/wp-content\/uploads\/2026\/03\/cow-dung-cleaner-360x270.webp 360w, https:\/\/www.agriculture-machine.com\/wp-content\/uploads\/2026\/03\/cow-dung-cleaner-240x180.webp 240w, https:\/\/www.agriculture-machine.com\/wp-content\/uploads\/2026\/03\/cow-dung-cleaner-16x12.webp 16w\" sizes=\"auto, (max-width: 720px) 100vw, 720px\" \/><figcaption class=\"wp-element-caption\">m\u00e1y l\u00e0m s\u1ea1ch ph\u00e2n b\u00f2<\/figcaption><\/figure>    <figure class=\"wp-block-image size-large\"><img loading=\"lazy\" decoding=\"async\" width=\"720\" height=\"540\" data-id=\"17551\" src=\"https:\/\/www.agriculture-machine.com\/wp-content\/uploads\/2026\/03\/cow-shed-cleaning-machine.webp\" alt=\"m\u00e1y l\u00e0m s\u1ea1ch chu\u1ed3ng b\u00f2\" class=\"wp-image-17551\" srcset=\"https:\/\/www.agriculture-machine.com\/wp-content\/uploads\/2026\/03\/cow-shed-cleaning-machine.webp 720w, https:\/\/www.agriculture-machine.com\/wp-content\/uploads\/2026\/03\/cow-shed-cleaning-machine-360x270.webp 360w, https:\/\/www.agriculture-machine.com\/wp-content\/uploads\/2026\/03\/cow-shed-cleaning-machine-240x180.webp 240w, https:\/\/www.agriculture-machine.com\/wp-content\/uploads\/2026\/03\/cow-shed-cleaning-machine-16x12.webp 16w\" sizes=\"auto, (max-width: 720px) 100vw, 720px\" \/><figcaption class=\"wp-element-caption\">m\u00e1y l\u00e0m s\u1ea1ch chu\u1ed3ng b\u00f2<\/figcaption><\/figure> <\/figure>    <h2 class=\"wp-block-heading\">Nguy\u00ean l\u00fd ho\u1ea1t \u0111\u1ed9ng c\u1ee7a m\u00e1y l\u00e0m s\u1ea1ch ph\u00e2n b\u00f2<\/h2>    <p>M\u00e1y l\u00e0m s\u1ea1ch ph\u00e2n b\u00f2 ch\u1ee7 y\u1ebfu th\u1ef1c hi\u1ec7n vi\u1ec7c d\u1ecdn ph\u00e2n t\u1ef1 \u0111\u1ed9ng qua thi\u1ebft b\u1ecb thu gom xo\u1eafn, h\u1ec7 th\u1ed1ng b\u0103ng chuy\u1ec1n x\u00edch c\u00e0o v\u00e0 c\u01a1 ch\u1ebf x\u1ea3 th\u1ee7y l\u1ef1c. Qu\u00e1 tr\u00ecnh c\u1ee5 th\u1ec3 nh\u01b0 sau:<\/p>    <ol class=\"wp-block-list\"> <li>Ng\u01b0\u1eddi v\u1eadn h\u00e0nh kh\u1edfi \u0111\u1ed9ng thi\u1ebft b\u1ecb v\u00e0 l\u00e1i xe thu gom ph\u00e2n v\u00e0o l\u1ed1i \u0111i trong chu\u1ed3ng.<\/li>    <li>B\u1ed9 thu gom xo\u1eafn \u1ed1c g\u1eafn ph\u00eda tr\u01b0\u1edbc thu gom ph\u00e2n t\u1eeb m\u1eb7t \u0111\u1ea5t khi ph\u01b0\u01a1ng ti\u1ec7n di chuy\u1ec3n v\u1ec1 ph\u00eda tr\u01b0\u1edbc.<\/li>    <li>Ph\u00e2n \u0111\u01b0\u1ee3c v\u1eadn chuy\u1ec3n \u0111\u1ebfn kho ph\u00eda sau qua h\u1ec7 th\u1ed1ng b\u0103ng chuy\u1ec1n x\u00edch c\u00e0o.<\/li>    <li>Khi kho ch\u1ee9a \u0111\u1ea7y, ph\u01b0\u01a1ng ti\u1ec7n di chuy\u1ec3n \u0111\u1ebfn khu v\u1ef1c ch\u1ec9 \u0111\u1ecbnh.<\/li>    <li>H\u1ec7 th\u1ed1ng tipping th\u1ee7y l\u1ef1c t\u1ef1 \u0111\u1ed9ng x\u1ea3 ph\u00e2n.<\/li> <\/ol>    <p>To\u00e0n b\u1ed9 qu\u00e1 tr\u00ecnh t\u1ef1 \u0111\u1ed9ng cao, cho ph\u00e9p thu gom v\u00e0 v\u1eadn chuy\u1ec3n ph\u00e2n li\u00ean t\u1ee5c.<\/p>    <figure class=\"wp-block-gallery has-nested-images columns-default is-cropped wp-block-gallery-4 is-layout-flex wp-block-gallery-is-layout-flex\"> <figure class=\"wp-block-image size-large\"><img loading=\"lazy\" decoding=\"async\" width=\"720\" height=\"540\" data-id=\"17553\" src=\"https:\/\/www.agriculture-machine.com\/wp-content\/uploads\/2026\/03\/manure-collector-machine.webp\" alt=\"m\u00e1y thu gom ph\u00e2n\" class=\"wp-image-17553\" srcset=\"https:\/\/www.agriculture-machine.com\/wp-content\/uploads\/2026\/03\/manure-collector-machine.webp 720w, https:\/\/www.agriculture-machine.com\/wp-content\/uploads\/2026\/03\/manure-collector-machine-360x270.webp 360w, https:\/\/www.agriculture-machine.com\/wp-content\/uploads\/2026\/03\/manure-collector-machine-240x180.webp 240w, https:\/\/www.agriculture-machine.com\/wp-content\/uploads\/2026\/03\/manure-collector-machine-16x12.webp 16w\" sizes=\"auto, (max-width: 720px) 100vw, 720px\" \/><figcaption class=\"wp-element-caption\">m\u00e1y thu gom ph\u00e2n<\/figcaption><\/figure>    <figure class=\"wp-block-image size-large\"><img loading=\"lazy\" decoding=\"async\" width=\"720\" height=\"540\" data-id=\"17552\" src=\"https:\/\/www.agriculture-machine.com\/wp-content\/uploads\/2026\/03\/cow-dung-cleaning-machine.webp\" alt=\"m\u00e1y l\u00e0m s\u1ea1ch ph\u00e2n b\u00f2\" class=\"wp-image-17552\" srcset=\"https:\/\/www.agriculture-machine.com\/wp-content\/uploads\/2026\/03\/cow-dung-cleaning-machine.webp 720w, https:\/\/www.agriculture-machine.com\/wp-content\/uploads\/2026\/03\/cow-dung-cleaning-machine-360x270.webp 360w, https:\/\/www.agriculture-machine.com\/wp-content\/uploads\/2026\/03\/cow-dung-cleaning-machine-240x180.webp 240w, https:\/\/www.agriculture-machine.com\/wp-content\/uploads\/2026\/03\/cow-dung-cleaning-machine-16x12.webp 16w\" sizes=\"auto, (max-width: 720px) 100vw, 720px\" \/><figcaption class=\"wp-element-caption\">m\u00e1y l\u00e0m s\u1ea1ch ph\u00e2n b\u00f2<\/figcaption><\/figure> <\/figure>    <h2 class=\"wp-block-heading\">Th\u00f4ng s\u1ed1 k\u1ef9 thu\u1eadt c\u1ee7a m\u00e1y l\u00e0m s\u1ea1ch ph\u00e2n gia s\u00fac<\/h2>    <figure class=\"wp-block-table is-style-stripes\"><table class=\"has-fixed-layout\"><tbody><tr><td><strong>M\u1eabu<\/strong><\/td><td><strong>QF-3<\/strong><\/td><td><strong>QF-5<\/strong><\/td><\/tr><tr><td>Th\u1ec3 t\u00edch xe \u0111\u1ea9y<\/td><td>3 m\u00b3<\/td><td>5 m\u00b3<\/td><\/tr><tr><td>K\u00edch th\u01b0\u1edbc<\/td><td>4500\u00d71450\u00d72450 mm<\/td><td>5200\u00d72200\u00d72600 mm<\/td><\/tr><tr><td>C\u00f4ng su\u1ea5t<\/td><td>\u0110\u1ed9ng c\u01a1 Diesel 25 HP<\/td><td>\u0110\u1ed9ng c\u01a1 Diesel<\/td><\/tr><tr><td>\u0110i\u1ec7n n\u0103ng di chuy\u1ec3n<\/td><td>Xe ba b\u00e1nh<\/td><td>Xe t\u1ea3i b\u1ed1n b\u00e1nh<\/td><\/tr><tr><td>C\u00f4ng su\u1ea5t s\u1ea3n xu\u1ea5t<\/td><td>3\u20135 ph\u00fat\/xe<\/td><td>5\u20138 ph\u00fat\/xe<\/td><\/tr><tr><td>Chi\u1ec1u r\u1ed9ng l\u00e0m s\u1ea1ch ph\u00e2n<\/td><td>1500 mm<\/td><td>2000 mm<\/td><\/tr><tr><td>S\u1ed1 l\u01b0\u1ee3ng l\u1ed1p xe<\/td><td>3 b\u1ed9<\/td><td>4 b\u1ed9<\/td><\/tr><tr><td>H\u1ec7 th\u1ed1ng thu gom ph\u00e2n<\/td><td>B\u0103ng chuy\u1ec1n c\u00e0o x\u00edch   \u1ed0ng xo\u1eafn<\/td><td>B\u0103ng chuy\u1ec1n c\u00e0o x\u00edch   \u1ed0ng xo\u1eafn<\/td><\/tr><tr><td>Ph\u01b0\u01a1ng ph\u00e1p x\u1ea3<\/td><td>Tipping th\u1ee7y l\u1ef1c<\/td><td>Tipping th\u1ee7y l\u1ef1c<\/td><\/tr><\/tbody><\/table><figcaption class=\"wp-element-caption\">Th\u00f4ng s\u1ed1 k\u1ef9 thu\u1eadt c\u1ee7a m\u00e1y l\u00e0m s\u1ea1ch ph\u00e2n b\u00f2<\/figcaption><\/figure>    <h2 class=\"wp-block-heading\">T\u1ea1i sao ch\u1ecdn ch\u00fang t\u00f4i?<\/h2>    <p>Ch\u1ecdn m\u00e1y l\u00e0m s\u1ea1ch ph\u00e2n b\u00f2 c\u1ee7a ch\u00fang t\u00f4i mang l\u1ea1i gi\u1ea3i ph\u00e1p qu\u1ea3n l\u00fd ph\u00e2n \u1ed5n \u0111\u1ecbnh v\u00e0 \u0111\u00e1ng tin c\u1eady cho c\u00e1c trang tr\u1ea1i:<\/p>    <ul class=\"wp-block-list\"> <li>Kinh nghi\u1ec7m s\u1ea3n xu\u1ea5t \u0111\u00e3 \u0111\u01b0\u1ee3c ch\u1ee9ng minh: v\u1edbi nhi\u1ec1u n\u0103m kinh nghi\u1ec7m trong s\u1ea3n xu\u1ea5t m\u00e1y m\u00f3c ch\u0103n nu\u00f4i, c\u00e1c s\u1ea3n ph\u1ea9m c\u1ee7a ch\u00fang t\u00f4i \u0111\u01b0\u1ee3c xu\u1ea5t kh\u1ea9u sang nhi\u1ec1u qu\u1ed1c gia.<\/li>    <li>T\u00f9y ch\u1ecdn nhi\u1ec1u m\u1eabu m\u00e3: ch\u00fang t\u00f4i cung c\u1ea5p thi\u1ebft b\u1ecb v\u1edbi c\u00e1c th\u00f4ng s\u1ed1 k\u1ef9 thu\u1eadt kh\u00e1c nhau, nh\u01b0 3m\u00b3 v\u00e0 5m\u00b3, \u0111\u1ec3 \u0111\u00e1p \u1ee9ng nhu c\u1ea7u c\u1ee7a c\u00e1c trang tr\u1ea1i kh\u00e1c nhau.<\/li>    <li>C\u00e1c th\u00e0nh ph\u1ea7n c\u1ed1t l\u00f5i ch\u1ea5t l\u01b0\u1ee3ng cao: trang b\u1ecb chu\u1ed7i x\u00edch c\u00e0o ch\u1ed1ng m\u00e0i m\u00f2n v\u00e0 h\u1ec7 th\u1ed1ng ngu\u1ed3n ch\u1ea5t l\u01b0\u1ee3ng cao \u0111\u1ec3 v\u1eadn h\u00e0nh \u1ed5n \u0111\u1ecbnh.<\/li>    <li>D\u1ecbch v\u1ee5 t\u00f9y ch\u1ec9nh: ch\u00fang t\u00f4i h\u1ed7 tr\u1ee3 t\u00f9y ch\u1ec9nh chi\u1ec1u r\u1ed9ng thu gom ph\u00e2n, c\u00f4ng su\u1ea5t v\u00e0 lo\u1ea1i chassis d\u1ef1a tr\u00ean quy m\u00f4 trang tr\u1ea1i.<\/li>    <li>H\u1ed7 tr\u1ee3 h\u1eadu m\u00e3i to\u00e0n di\u1ec7n: ch\u00fang t\u00f4i cung c\u1ea5p h\u01b0\u1edbng d\u1eabn k\u1ef9 thu\u1eadt, h\u1ed7 tr\u1ee3 l\u1eafp \u0111\u1eb7t v\u00e0 d\u1ecbch v\u1ee5 b\u1ea3o tr\u00ec l\u00e2u d\u00e0i.<\/li> <\/ul>    <p class=\"translation-block\">Ngo\u00e0i vi\u1ec7c thu gom ph\u00e2n hi\u1ec7u qu\u1ea3, ch\u1ea5t th\u1ea3i \u0111\u00e3 qua x\u1eed l\u00fd c\u00f3 th\u1ec3 \u0111\u01b0\u1ee3c s\u1eed d\u1ee5ng th\u00eam v\u1edbi xe r\u1ea3i ph\u00e2n c\u1ee7a ch\u00fang t\u00f4i \u0111\u1ec3 b\u00f3n cho ru\u1ed9ng. \u0110\u1ec3 bi\u1ebft th\u00eam chi ti\u1ebft, vui l\u00f2ng nh\u1ea5p v\u00e0o: <a href=\"https:\/\/www.agriculture-machine.com\/vi\/fertilizer-spreader-truck\/\"><strong><em>Xe r\u1ea3i ph\u00e2n b\u00f3n | M\u00e1y r\u1ea3i ph\u00e2n gia s\u00fac tr\u00ean m\u00e1y k\u00e9o<\/em><\/strong><\/a>. Xin vui l\u00f2ng li\u00ean h\u1ec7 v\u1edbi ch\u00fang t\u00f4i n\u1ebfu b\u1ea1n c\u00f3 b\u1ea5t k\u1ef3 c\u00e2u h\u1ecfi n\u00e0o.<\/p>","protected":false},"excerpt":{"rendered":"<p>M\u00e1y l\u00e0m s\u1ea1ch ph\u00e2n b\u00f2 ph\u00f9 h\u1ee3p cho c\u00e1c trang tr\u1ea1i s\u1eefa, trang tr\u1ea1i b\u00f2 th\u1ecbt v\u00e0 c\u00e1c trang tr\u1ea1i quy m\u00f4 l\u1edbn. N\u00f3 c\u00f3 th\u1ec3 l\u00e0m s\u1ea1ch m\u1ed9t t\u1ea3i \u0111\u1ea7y ph\u00e2n trong v\u00f2ng 3\u20138 ph\u00fat, gi\u1ea3m thi\u1ec3u chi ph\u00ed lao \u0111\u1ed9ng v\u00e0 c\u1ea3i thi\u1ec7n m\u00f4i tr\u01b0\u1eddng n\u00f4ng nghi\u1ec7p.<\/p>","protected":false},"author":1,"featured_media":17618,"parent":0,"comment_status":"open","ping_status":"closed","template":"","tags":[2646],"product-type":[162,2],"class_list":["post-17544","product","type-product","status-publish","has-post-thumbnail","hentry","tag-manure","product-type-other-type","product-type-products"],"_links":{"self":[{"href":"https:\/\/www.agriculture-machine.com\/vi\/wp-json\/wp\/v2\/product\/17544","targetHints":{"allow":["GET"]}}],"collection":[{"href":"https:\/\/www.agriculture-machine.com\/vi\/wp-json\/wp\/v2\/product"}],"about":[{"href":"https:\/\/www.agriculture-machine.com\/vi\/wp-json\/wp\/v2\/types\/product"}],"author":[{"embeddable":true,"href":"https:\/\/www.agriculture-machine.com\/vi\/wp-json\/wp\/v2\/users\/1"}],"replies":[{"embeddable":true,"href":"https:\/\/www.agriculture-machine.com\/vi\/wp-json\/wp\/v2\/comments?post=17544"}],"wp:featuredmedia":[{"embeddable":true,"href":"https:\/\/www.agriculture-machine.com\/vi\/wp-json\/wp\/v2\/media\/17618"}],"wp:attachment":[{"href":"https:\/\/www.agriculture-machine.com\/vi\/wp-json\/wp\/v2\/media?parent=17544"}],"wp:term":[{"taxonomy":"post_tag","embeddable":true,"href":"https:\/\/www.agriculture-machine.com\/vi\/wp-json\/wp\/v2\/tags?post=17544"},{"taxonomy":"product-type","embeddable":true,"href":"https:\/\/www.agriculture-machine.com\/vi\/wp-json\/wp\/v2\/product-type?post=17544"}],"curies":[{"name":"wp","href":"https:\/\/api.w.org\/{rel}","templated":true}]}}