{"id":17559,"date":"2026-03-20T15:51:29","date_gmt":"2026-03-20T07:51:29","guid":{"rendered":"https:\/\/www.agriculture-machine.com\/?post_type=product&#038;p=17559"},"modified":"2026-03-20T15:52:07","modified_gmt":"2026-03-20T07:52:07","slug":"fertilizer-spreader-truck","status":"publish","type":"product","link":"https:\/\/www.agriculture-machine.com\/vi\/fertilizer-spreader-truck\/","title":{"rendered":"Xe t\u1ea3i ph\u00e2n b\u00f3n | M\u00e1y r\u1ea3i ph\u00e2n chu\u1ed3ng v\u00e0 ph\u00e2n b\u00f3n ch\u1ea1y b\u1eb1ng m\u00e1y k\u00e9o"},"content":{"rendered":"<p>Xe t\u1ea3i ph\u00e2n b\u00f3n ph\u00f9 h\u1ee3p cho nhi\u1ec1u lo\u1ea1i ph\u00e2n b\u00f3n kh\u00e1c nhau, bao g\u1ed3m ph\u00e2n kh\u00f4 v\u00e0 \u01b0\u1edbt, ph\u00e2n h\u1eefu c\u01a1, ph\u00e2n d\u1ea1ng h\u1ea1t, v\u00e0 ph\u00e2n h\u00f3a h\u1ecdc. Th\u00edch h\u1ee3p cho c\u00e1c ho\u1ea1t \u0111\u1ed9ng ph\u00e2n b\u00f3n quy m\u00f4 l\u1edbn t\u1ea1i h\u1ee3p t\u00e1c x\u00e3 n\u00f4ng nghi\u1ec7p, c\u00e1c c\u01a1 s\u1edf tr\u1ed3ng tr\u1ecdt l\u1edbn, v\u00e0 trang tr\u1ea1i ch\u0103n nu\u00f4i.<\/p>    <p>M\u00e1y n\u00e0y c\u00f3 m\u00f3c ba \u0111i\u1ec3m v\u00e0 truy\u1ec1n \u0111\u1ed9ng PTO, ph\u00f9 h\u1ee3p v\u1edbi m\u00e1y k\u00e9o t\u1eeb 50 HP tr\u1edf l\u00ean. N\u00f3 cung c\u1ea5p nhi\u1ec1u t\u00f9y ch\u1ecdn dung t\u00edch \u2014 3 m\u00b3, 6 m\u00b3, 8 m\u00b3, 10 m\u00b3, v\u00e0 12 m\u00b3 \u2014 v\u1edbi ph\u1ea1m vi r\u1ea3i t\u1eeb 4\u201316 m\u00e9t. <\/p>    <p>L\u1ea5y v\u00ed d\u1ee5 m\u1eabu 6 m\u00b3, m\u1ed9t l\u1ea7n t\u1ea3i ph\u00e2n c\u00f3 th\u1ec3 r\u1ea3i trong 5\u201310 ph\u00fat. N\u00f3 c\u00f3 th\u1ec3 ph\u1ee7 s\u00f3ng kho\u1ea3ng 500 mu m\u1ed7i ng\u00e0y, n\u00e2ng cao hi\u1ec7u qu\u1ea3 ph\u00e2n b\u00f3n v\u00e0 gi\u1ea3m chi ph\u00ed lao \u0111\u1ed9ng.<\/p>    <figure class=\"wp-block-embed aligncenter is-type-video is-provider-youtube wp-block-embed-youtube wp-embed-aspect-16-9 wp-has-aspect-ratio\"><div class=\"wp-block-embed__wrapper\"> <iframe loading=\"lazy\" title=\"\ud83d\ude9c Xe t\u1ea3i ph\u00e2n b\u00f3n v\u00e0 ph\u00e2n chu\u1ed3ng m\u1ea1nh m\u1ebd trong ho\u1ea1t \u0111\u1ed9ng | T\u0103ng hi\u1ec7u qu\u1ea3 trang tr\u1ea1i c\u1ee7a b\u1ea1n \ud83c\udf31\" width=\"500\" height=\"281\" src=\"https:\/\/www.youtube.com\/embed\/87AOeTAYJJ4?feature=oembed\" frameborder=\"0\" allow=\"accelerometer; autoplay; clipboard-write; encrypted-media; gyroscope; picture-in-picture; web-share\" referrerpolicy=\"strict-origin-when-cross-origin\" allowfullscreen><\/iframe> <\/div><figcaption class=\"wp-element-caption\">Video v\u1eadn h\u00e0nh tr\u00ean \u0111\u1ed3ng c\u1ee7a c\u00e1c lo\u1ea1i xe t\u1ea3i ph\u00e2n b\u00f3n kh\u00e1c nhau<\/figcaption><\/figure>    <p>To\u00e0n b\u1ed9 m\u00e1y c\u00f3 \u0111i\u1ec1u khi\u1ec3n th\u1ee7y l\u1ef1c v\u00e0 c\u1ea5u tr\u00fac kh\u00f4ng h\u00e0n, \u0111\u00fac to\u00e0n b\u1ed9, \u0111\u1ea3m b\u1ea3o \u0111\u1ed9 b\u1ec1n v\u00e0 kh\u1ea3 n\u0103ng ch\u1ed1ng \u0103n m\u00f2n cao. <\/p>    <p>C\u01a1 ch\u1ebf ph\u00e2n ph\u1ed1i \u0111\u0129a \u0111\u00f4i ti\u00ean ti\u1ebfn v\u00e0 h\u1ec7 th\u1ed1ng c\u1ea5p ph\u00e2n x\u00edch th\u1ee7y l\u1ef1c \u0111\u1ea3m b\u1ea3o ph\u00e2n ph\u1ed1i \u0111\u1ec1u c\u00e1c lo\u1ea1i ph\u00e2n d\u1ea1ng h\u1ea1t v\u00e0 kh\u00f4, t\u1ed1i \u0111a h\u00f3a hi\u1ec7u qu\u1ea3 s\u1eed d\u1ee5ng ph\u00e2n b\u00f3n.<\/p>    <h2 class=\"wp-block-heading\">\u1ee8ng d\u1ee5ng c\u1ee7a xe t\u1ea3i ph\u00e2n b\u00f3n<\/h2>    <ul class=\"wp-block-list\"> <li>\u1ee8ng d\u1ee5ng ph\u00e2n chu\u1ed3ng tr\u00ean \u0111\u1ed3ng: l\u00fd t\u01b0\u1edfng \u0111\u1ec3 ph\u00e2n ph\u1ed1i hi\u1ec7u qu\u1ea3 ph\u00e2n t\u1eeb c\u00e1c trang tr\u1ea1i ch\u0103n nu\u00f4i b\u00f2, c\u1eebu, l\u1ee3n.<\/li>    <li>\u1ee8ng d\u1ee5ng ph\u00e2n h\u1eefu c\u01a1 t\u1ea1i c\u00e1c \u0111i\u1ec3m tr\u1ed3ng tr\u1ecdt: cho ph\u00e9p r\u1ea3i ph\u00e2n h\u1eefu c\u01a1 nhanh ch\u00f3ng v\u00e0 \u0111\u1ec1u \u0111\u1eb7n \u0111\u1ec3 c\u1ea3i thi\u1ec7n ch\u1ea5t l\u01b0\u1ee3ng \u0111\u1ea5t.<\/li>    <li>C\u00e1c d\u1ef1 \u00e1n ph\u00e2n b\u00f3n quy m\u00f4 l\u1edbn cho h\u1ee3p t\u00e1c x\u00e3 n\u00f4ng nghi\u1ec7p: \u0111\u00e1p \u1ee9ng nhu c\u1ea7u ph\u00e2n b\u00f3n t\u1eadp trung c\u1ee7a c\u00e1c khu v\u1ef1c tr\u1ed3ng tr\u1ecdt l\u1edbn.<\/li> <\/ul>    <figure class=\"wp-block-gallery has-nested-images columns-default is-cropped wp-block-gallery-2 is-layout-flex wp-block-gallery-is-layout-flex\"> <figure class=\"wp-block-image size-large\"><img loading=\"lazy\" decoding=\"async\" width=\"720\" height=\"540\" data-id=\"17564\" src=\"https:\/\/www.agriculture-machine.com\/wp-content\/uploads\/2026\/03\/fertilizer-spreader-truck.webp\" alt=\"Xe t\u1ea3i ph\u00e2n b\u00f3n\" class=\"wp-image-17564\" srcset=\"https:\/\/www.agriculture-machine.com\/wp-content\/uploads\/2026\/03\/fertilizer-spreader-truck.webp 720w, https:\/\/www.agriculture-machine.com\/wp-content\/uploads\/2026\/03\/fertilizer-spreader-truck-360x270.webp 360w, https:\/\/www.agriculture-machine.com\/wp-content\/uploads\/2026\/03\/fertilizer-spreader-truck-240x180.webp 240w, https:\/\/www.agriculture-machine.com\/wp-content\/uploads\/2026\/03\/fertilizer-spreader-truck-16x12.webp 16w\" sizes=\"auto, (max-width: 720px) 100vw, 720px\" \/><figcaption class=\"wp-element-caption\">Xe t\u1ea3i ph\u00e2n b\u00f3n<\/figcaption><\/figure>    <figure class=\"wp-block-image size-large\"><img loading=\"lazy\" decoding=\"async\" width=\"720\" height=\"540\" data-id=\"17565\" src=\"https:\/\/www.agriculture-machine.com\/wp-content\/uploads\/2026\/03\/tractor-manure-spreader.webp\" alt=\"Xe r\u1ea3i ph\u00e2n chu\u1ed3ng ch\u1ea1y b\u1eb1ng m\u00e1y k\u00e9o\" class=\"wp-image-17565\" srcset=\"https:\/\/www.agriculture-machine.com\/wp-content\/uploads\/2026\/03\/tractor-manure-spreader.webp 720w, https:\/\/www.agriculture-machine.com\/wp-content\/uploads\/2026\/03\/tractor-manure-spreader-360x270.webp 360w, https:\/\/www.agriculture-machine.com\/wp-content\/uploads\/2026\/03\/tractor-manure-spreader-240x180.webp 240w, https:\/\/www.agriculture-machine.com\/wp-content\/uploads\/2026\/03\/tractor-manure-spreader-16x12.webp 16w\" sizes=\"auto, (max-width: 720px) 100vw, 720px\" \/><figcaption class=\"wp-element-caption\">Xe r\u1ea3i ph\u00e2n chu\u1ed3ng ch\u1ea1y b\u1eb1ng m\u00e1y k\u00e9o<\/figcaption><\/figure> <\/figure>    <h2 class=\"wp-block-heading\">\u01afu \u0111i\u1ec3m c\u1ee7a m\u00e1y r\u1ea3i ph\u00e2n chu\u1ed3ng<\/h2>    <ul class=\"wp-block-list\"> <li>Khung ch\u1eafc ch\u1eafn v\u00e0 b\u1ec1n: khung k\u00e9o l\u00e0m t\u1eeb \u1ed1ng vu\u00f4ng 20\u00d720 cm, \u0111\u1ea3m b\u1ea3o c\u1ea5u tr\u00fac \u1ed5n \u0111\u1ecbnh v\u00e0 \u0111\u1ed9 b\u1ec1n v\u01b0\u1ee3t tr\u1ed9i.<\/li>    <li>Chu\u1ed7i b\u0103ng t\u1ea3i ph\u00e2n b\u00f3n ch\u1ecbu l\u1ef1c cao: chu\u1ed7i l\u00e0m t\u1eeb \u1ed1ng vu\u00f4ng 4\u00d76 cm, v\u1edbi c\u00e1c li\u00ean k\u1ebft chu\u1ed7i c\u1ea5p m\u1ecf khai th\u00e1c ch\u1ed1ng bi\u1ebfn d\u1ea1ng ngay c\u1ea3 sau th\u1eddi gian d\u00e0i s\u1eed d\u1ee5ng.<\/li>    <li>B\u1ec3 ch\u1ee9a d\u1ea7u th\u1ee7y l\u1ef1c dung t\u00edch l\u1edbn: trang b\u1ecb h\u1ec7 th\u1ed1ng l\u00e0m m\u00e1t b\u1eb1ng kh\u00f4ng kh\u00ed \u0111\u1ec3 \u0111\u1ea3m b\u1ea3o ho\u1ea1t \u0111\u1ed9ng \u1ed5n \u0111\u1ecbnh c\u1ee7a h\u1ec7 th\u1ed1ng th\u1ee7y l\u1ef1c.<\/li>    <li>Van \u0111i\u1ec1u khi\u1ec3n d\u00f2ng ch\u1ea3y c\u00f3 th\u1ec3 \u0111i\u1ec1u ch\u1ec9nh: c\u00f3 10 m\u1ee9c c\u00e0i \u0111\u1eb7t; c\u00e0i \u0111\u1eb7t cao h\u01a1n s\u1ebd t\u0103ng t\u1ed1c \u0111\u1ed9 r\u1ea3i \u0111\u1ec3 \u0111\u00e1p \u1ee9ng c\u00e1c nhu c\u1ea7u ph\u00e2n b\u00f3n kh\u00e1c nhau.<\/li>    <li>H\u1ec7 th\u1ed1ng r\u1ea3i \u0111\u0129a \u0111\u00f4i: \u0111\u01b0\u1eddng k\u00ednh 68 cm, kho\u1ea3ng c\u00e1ch r\u1ea3i c\u00f3 th\u1ec3 \u0111i\u1ec1u ch\u1ec9nh t\u1ef1 do t\u1eeb 4 \u0111\u1ebfn 15 m\u00e9t \u0111\u1ec3 \u0111\u1ea1t ph\u00e2n ph\u1ed1i \u0111\u1ec1u.<\/li> <\/ul>    <figure class=\"wp-block-gallery has-nested-images columns-default is-cropped wp-block-gallery-3 is-layout-flex wp-block-gallery-is-layout-flex\"> <figure class=\"wp-block-image size-large\"><img loading=\"lazy\" decoding=\"async\" width=\"720\" height=\"540\" data-id=\"17566\" src=\"https:\/\/www.agriculture-machine.com\/wp-content\/uploads\/2026\/03\/disc-type-fertilizer-spreader.webp\" alt=\"Xe ph\u00e2n b\u00f3n d\u1ea1ng \u0111\u0129a\" class=\"wp-image-17566\" srcset=\"https:\/\/www.agriculture-machine.com\/wp-content\/uploads\/2026\/03\/disc-type-fertilizer-spreader.webp 720w, https:\/\/www.agriculture-machine.com\/wp-content\/uploads\/2026\/03\/disc-type-fertilizer-spreader-360x270.webp 360w, https:\/\/www.agriculture-machine.com\/wp-content\/uploads\/2026\/03\/disc-type-fertilizer-spreader-240x180.webp 240w, https:\/\/www.agriculture-machine.com\/wp-content\/uploads\/2026\/03\/disc-type-fertilizer-spreader-16x12.webp 16w\" sizes=\"auto, (max-width: 720px) 100vw, 720px\" \/><figcaption class=\"wp-element-caption\">Xe ph\u00e2n b\u00f3n d\u1ea1ng \u0111\u0129a<\/figcaption><\/figure>    <figure class=\"wp-block-image size-large\"><img loading=\"lazy\" decoding=\"async\" width=\"720\" height=\"540\" data-id=\"17567\" src=\"https:\/\/www.agriculture-machine.com\/wp-content\/uploads\/2026\/03\/vertical-spiral-manure-spreader.webp\" alt=\"m\u00e1y r\u1ea3i ph\u00e2n chu\u1ed3ng d\u1ea1ng xo\u1eafn \u0111\u1ee9ng\" class=\"wp-image-17567\" srcset=\"https:\/\/www.agriculture-machine.com\/wp-content\/uploads\/2026\/03\/vertical-spiral-manure-spreader.webp 720w, https:\/\/www.agriculture-machine.com\/wp-content\/uploads\/2026\/03\/vertical-spiral-manure-spreader-360x270.webp 360w, https:\/\/www.agriculture-machine.com\/wp-content\/uploads\/2026\/03\/vertical-spiral-manure-spreader-240x180.webp 240w, https:\/\/www.agriculture-machine.com\/wp-content\/uploads\/2026\/03\/vertical-spiral-manure-spreader-16x12.webp 16w\" sizes=\"auto, (max-width: 720px) 100vw, 720px\" \/><figcaption class=\"wp-element-caption\">m\u00e1y r\u1ea3i ph\u00e2n chu\u1ed3ng d\u1ea1ng xo\u1eafn \u0111\u1ee9ng<\/figcaption><\/figure> <\/figure>    <h2 class=\"wp-block-heading\">Xe t\u1ea3i ph\u00e2n b\u00f3n ho\u1ea1t \u0111\u1ed9ng nh\u01b0 th\u1ebf n\u00e0o?<\/h2>    <p>Xe t\u1ea3i ph\u00e2n b\u00f3n Taizy \u0111\u01b0\u1ee3c c\u1ea5p ngu\u1ed3n b\u1eb1ng tr\u1ee5c PTO c\u1ee7a m\u00e1y k\u00e9o, v\u00e0 h\u1ec7 th\u1ed1ng x\u00edch th\u1ee7y l\u1ef1c ph\u00e2n \u0111\u1ec1u ph\u00e2n b\u00f3n \u0111\u1ebfn c\u01a1 ch\u1ebf ph\u00e2n ph\u1ed1i \u0111\u0129a \u0111\u00f4i ph\u00eda sau.<\/p>    <p>Ph\u00e2n b\u00f3n \u0111\u01b0\u1ee3c ph\u00e2n t\u00e1n tr\u00ean c\u00e1nh \u0111\u1ed3ng qua hai \u0111\u0129a quay t\u1ed1c \u0111\u1ed9 cao, cho ph\u00e9p ph\u00e2n b\u00f3n r\u1ed9ng v\u00e0 hi\u1ec7u qu\u1ea3 cao.<\/p>    <p>Th\u00f4ng s\u1ed1 v\u1eadn h\u00e0nh c\u00f3 th\u1ec3 \u0111i\u1ec1u ch\u1ec9nh t\u1ef1 do theo lo\u1ea1i ph\u00e2n b\u00f3n, khu v\u1ef1c \u1ee9ng d\u1ee5ng, v\u00e0 kho\u1ea3ng c\u00e1ch r\u1ea3i.<\/p>    <h2 class=\"wp-block-heading\">What&#8217;s the tractor manure spreader price?<\/h2>    <p>Gi\u00e1 xe t\u1ea3i ph\u00e2n b\u00f3n ph\u1ee5 thu\u1ed9c v\u00e0o dung t\u00edch, c\u1ea5u h\u00ecnh, v\u00e0 c\u00f3 th\u1ec3 t\u00f9y ch\u1ec9nh. V\u00ed d\u1ee5, xe ph\u00e2n b\u00f3n 6m\u00b3 trang b\u1ecb h\u1ec7 th\u1ed1ng tr\u1ee5c v\u00edt d\u1ecdc s\u1ebd c\u00f3 gi\u00e1 cao h\u01a1n so v\u1edbi phi\u00ean b\u1ea3n h\u1ec7 th\u1ed1ng \u0111\u0129a \u0111\u00f4i \u0111i\u1ec1u khi\u1ec3n th\u1ee7y l\u1ef1c.<\/p>    <figure class=\"wp-block-gallery has-nested-images columns-default is-cropped wp-block-gallery-4 is-layout-flex wp-block-gallery-is-layout-flex\"> <figure class=\"wp-block-image size-large\"><img loading=\"lazy\" decoding=\"async\" width=\"720\" height=\"540\" data-id=\"17569\" src=\"https:\/\/www.agriculture-machine.com\/wp-content\/uploads\/2026\/03\/large-fertilizer-spreading-machine.webp\" alt=\"m\u00e1y ph\u00e2n b\u00f3n l\u1edbn\" class=\"wp-image-17569\" srcset=\"https:\/\/www.agriculture-machine.com\/wp-content\/uploads\/2026\/03\/large-fertilizer-spreading-machine.webp 720w, https:\/\/www.agriculture-machine.com\/wp-content\/uploads\/2026\/03\/large-fertilizer-spreading-machine-360x270.webp 360w, https:\/\/www.agriculture-machine.com\/wp-content\/uploads\/2026\/03\/large-fertilizer-spreading-machine-240x180.webp 240w, https:\/\/www.agriculture-machine.com\/wp-content\/uploads\/2026\/03\/large-fertilizer-spreading-machine-16x12.webp 16w\" sizes=\"auto, (max-width: 720px) 100vw, 720px\" \/><figcaption class=\"wp-element-caption\">m\u00e1y ph\u00e2n b\u00f3n l\u1edbn<\/figcaption><\/figure>    <figure class=\"wp-block-image size-large\"><img loading=\"lazy\" decoding=\"async\" width=\"720\" height=\"540\" data-id=\"17568\" src=\"https:\/\/www.agriculture-machine.com\/wp-content\/uploads\/2026\/03\/8m\u00b3-agricultural-manure-spreader.webp\" alt=\"Xe ph\u00e2n b\u00f3n n\u00f4ng nghi\u1ec7p 8m\u00b3\" class=\"wp-image-17568\" srcset=\"https:\/\/www.agriculture-machine.com\/wp-content\/uploads\/2026\/03\/8m\u00b3-agricultural-manure-spreader.webp 720w, https:\/\/www.agriculture-machine.com\/wp-content\/uploads\/2026\/03\/8m\u00b3-agricultural-manure-spreader-360x270.webp 360w, https:\/\/www.agriculture-machine.com\/wp-content\/uploads\/2026\/03\/8m\u00b3-agricultural-manure-spreader-240x180.webp 240w, https:\/\/www.agriculture-machine.com\/wp-content\/uploads\/2026\/03\/8m\u00b3-agricultural-manure-spreader-16x12.webp 16w\" sizes=\"auto, (max-width: 720px) 100vw, 720px\" \/><figcaption class=\"wp-element-caption\">Xe ph\u00e2n b\u00f3n n\u00f4ng nghi\u1ec7p 8m\u00b3<\/figcaption><\/figure> <\/figure>    <p>Ch\u00fang t\u00f4i cung c\u1ea5p c\u00e1c gi\u1ea3i ph\u00e1p t\u00f9y ch\u1ec9nh ph\u00f9 h\u1ee3p v\u1edbi ng\u00e2n s\u00e1ch v\u00e0 nhu c\u1ea7u v\u1eadn h\u00e0nh c\u1ee7a b\u1ea1n. Xin vui l\u00f2ng li\u00ean h\u1ec7 \u0111\u1ec3 nh\u1eadn b\u00e1o gi\u00e1 m\u1edbi nh\u1ea5t v\u00e0 c\u00e1c t\u00f9y ch\u1ecdn v\u1eadn chuy\u1ec3n.<\/p>    <h2 class=\"wp-block-heading\">L\u00e0m th\u1ebf n\u00e0o \u0111\u1ec3 ch\u1ecdn xe t\u1ea3i ph\u00e2n b\u00f3n ph\u00f9 h\u1ee3p?<\/h2>    <ul class=\"wp-block-list\"> <li>X\u00e1c \u0111\u1ecbnh k\u1ecbch b\u1ea3n \u1ee9ng d\u1ee5ng v\u00e0 lo\u1ea1i ph\u00e2n b\u00f3n: ph\u00e2n kh\u00f4, \u01b0\u1edbt ho\u1eb7c d\u1ea1ng h\u1ea1t \u0111\u1ec1u c\u00f3 y\u00eau c\u1ea7u kh\u00e1c nhau v\u1ec1 c\u01a1 ch\u1ebf r\u1ea3i v\u00e0 ph\u01b0\u01a1ng ph\u00e1p cung c\u1ea5p ph\u00e2n.<\/li>    <li>Ch\u1ecdn dung t\u00edch ph\u00f9 h\u1ee3p: ch\u1ecdn th\u1ec3 t\u00edch ph\u00f9 h\u1ee3p d\u1ef1a tr\u00ean di\u1ec7n t\u00edch \u1ee9ng d\u1ee5ng v\u00e0 hi\u1ec7u qu\u1ea3 ph\u00e2n b\u00f3n.<\/li>    <li>Xem x\u00e9t chi\u1ec1u r\u1ed9ng r\u1ea3i v\u00e0 hi\u1ec7u qu\u1ea3: \u0111\u1ea3m b\u1ea3o ph\u00e2n ph\u1ed1i nhanh ch\u00f3ng v\u00e0 \u0111\u1ec1u \u0111\u1eb7n.<\/li>    <li>Ph\u00f9 h\u1ee3p c\u00f4ng su\u1ea5t m\u00e1y k\u00e9o: y\u00eau c\u1ea7u c\u00f4ng su\u1ea5t PTO t\u1ed1i thi\u1ec3u 50 HP; ch\u1ecdn c\u00f4ng su\u1ea5t cao h\u01a1n d\u1ef1a tr\u00ean dung t\u00edch.<\/li>    <li>Xem x\u00e9t h\u1ec7 th\u1ed1ng th\u1ee7y l\u1ef1c v\u00e0 d\u1ec5 v\u1eadn h\u00e0nh: \u0111\u1ea3m b\u1ea3o hi\u1ec7u su\u1ea5t l\u00e2u d\u00e0i, \u1ed5n \u0111\u1ecbnh.<\/li>    <li>Ch\u1ecdn nh\u00e0 cung c\u1ea5p \u0111\u00e1ng tin c\u1eady: cung c\u1ea5p h\u1ed7 tr\u1ee3 sau b\u00e1n h\u00e0ng, ph\u1ee5 t\u00f9ng thay th\u1ebf, v\u00e0 h\u1ed7 tr\u1ee3 k\u1ef9 thu\u1eadt t\u1eeb xa.<\/li> <\/ul>    <figure class=\"wp-block-gallery has-nested-images columns-default is-cropped wp-block-gallery-5 is-layout-flex wp-block-gallery-is-layout-flex\"> <figure class=\"wp-block-image size-large\"><img loading=\"lazy\" decoding=\"async\" width=\"720\" height=\"540\" data-id=\"17570\" src=\"https:\/\/www.agriculture-machine.com\/wp-content\/uploads\/2026\/03\/fertilizer-spreader-trucks-factory.webp\" alt=\"Nh\u00e0 m\u00e1y s\u1ea3n xu\u1ea5t xe t\u1ea3i ph\u00e2n b\u00f3n\" class=\"wp-image-17570\" srcset=\"https:\/\/www.agriculture-machine.com\/wp-content\/uploads\/2026\/03\/fertilizer-spreader-trucks-factory.webp 720w, https:\/\/www.agriculture-machine.com\/wp-content\/uploads\/2026\/03\/fertilizer-spreader-trucks-factory-360x270.webp 360w, https:\/\/www.agriculture-machine.com\/wp-content\/uploads\/2026\/03\/fertilizer-spreader-trucks-factory-240x180.webp 240w, https:\/\/www.agriculture-machine.com\/wp-content\/uploads\/2026\/03\/fertilizer-spreader-trucks-factory-16x12.webp 16w\" sizes=\"auto, (max-width: 720px) 100vw, 720px\" \/><figcaption class=\"wp-element-caption\">Nh\u00e0 m\u00e1y s\u1ea3n xu\u1ea5t xe t\u1ea3i ph\u00e2n b\u00f3n<\/figcaption><\/figure>    <figure class=\"wp-block-image size-large\"><img loading=\"lazy\" decoding=\"async\" width=\"720\" height=\"540\" data-id=\"17571\" src=\"https:\/\/www.agriculture-machine.com\/wp-content\/uploads\/2026\/03\/tractor-driven-manure-spreader-machine.webp\" alt=\"M\u00e1y r\u1ea3i ph\u00e2n chu\u1ed3ng ch\u1ea1y b\u1eb1ng m\u00e1y k\u00e9o\" class=\"wp-image-17571\" srcset=\"https:\/\/www.agriculture-machine.com\/wp-content\/uploads\/2026\/03\/tractor-driven-manure-spreader-machine.webp 720w, https:\/\/www.agriculture-machine.com\/wp-content\/uploads\/2026\/03\/tractor-driven-manure-spreader-machine-360x270.webp 360w, https:\/\/www.agriculture-machine.com\/wp-content\/uploads\/2026\/03\/tractor-driven-manure-spreader-machine-240x180.webp 240w, https:\/\/www.agriculture-machine.com\/wp-content\/uploads\/2026\/03\/tractor-driven-manure-spreader-machine-16x12.webp 16w\" sizes=\"auto, (max-width: 720px) 100vw, 720px\" \/><figcaption class=\"wp-element-caption\">M\u00e1y r\u1ea3i ph\u00e2n chu\u1ed3ng ch\u1ea1y b\u1eb1ng m\u00e1y k\u00e9o<\/figcaption><\/figure> <\/figure>    <h2 class=\"wp-block-heading\">Th\u00f4ng s\u1ed1 k\u1ef9 thu\u1eadt m\u00e1y ph\u00e2n b\u00f3n gia s\u00fac<\/h2>    <figure class=\"wp-block-table is-style-stripes\"><table class=\"has-fixed-layout\"><tbody><tr><td><strong>M\u1ee5c<\/strong><\/td><td><strong>2FGH-3<\/strong><\/td><td><strong>2FGH-6<\/strong><\/td><td><strong>2FGH-8<\/strong><\/td><\/tr><tr><td>Th\u1ec3 t\u00edch silo<\/td><td>3m\u00b3<\/td><td>6m\u00b3<\/td><td>8m\u00b3<\/td><\/tr><tr><td>K\u00edch th\u01b0\u1edbc t\u1ed5ng th\u1ec3<\/td><td>4850*1800*2050mm<\/td><td>5750*2050*2430mm<\/td><td>6350*2200*2430mm<\/td><\/tr><tr><td>H\u00ecnh th\u1ee9c c\u1ea5u tr\u00fac<\/td><td>H\u00ecnh d\u1ea1ng h\u1ed9p<\/td><td>H\u00ecnh d\u1ea1ng h\u1ed9p<\/td><td>H\u00ecnh d\u1ea1ng h\u1ed9p<\/td><\/tr><tr><td>C\u00e1ch th\u1ee9c ho\u1ea1t \u0111\u1ed9ng<\/td><td>Ph\u00e2n ph\u1ed1i ph\u00eda sau<\/td><td>Ph\u00e2n ph\u1ed1i ph\u00eda sau<\/td><td>Ph\u00e2n ph\u1ed1i ph\u00eda sau<\/td><\/tr><tr><td>Ph\u00e2n h\u1eefu c\u01a1 <br>Ph\u01b0\u01a1ng th\u1ee9c v\u1eadn chuy\u1ec3n<\/td><td>H\u1ec7 th\u1ed1ng \u0111\u1ea9y x\u00edch th\u1ee7y l\u1ef1c<\/td><td>H\u1ec7 th\u1ed1ng \u0111\u1ea9y x\u00edch th\u1ee7y l\u1ef1c<\/td><td>H\u1ec7 th\u1ed1ng \u0111\u1ea9y x\u00edch th\u1ee7y l\u1ef1c<\/td><\/tr><tr><td>Lo\u1ea1i thi\u1ebft b\u1ecb r\u1ea3i<\/td><td>\u0110\u0129a \u0111\u00f4i ph\u00eda sau<\/td><td>\u0110\u0129a \u0111\u00f4i ph\u00eda sau<\/td><td>\u0110\u0129a \u0111\u00f4i ph\u00eda sau<\/td><\/tr><tr><td>Chi\u1ec1u r\u1ed9ng r\u1ea3i<\/td><td>\u22655m<\/td><td>\u22655m<\/td><td>\u22655m<\/td><\/tr><tr><td>S\u1ed1 l\u01b0\u1ee3ng \u0111\u0129a<\/td><td>2 chi\u1ebfc<\/td><td>2 chi\u1ebfc<\/td><td>2 chi\u1ebfc<\/td><\/tr><tr><td>L\u1ed1p xe<\/td><td>2 chi\u1ebfc<\/td><td>2 chi\u1ebfc<\/td><td>2 chi\u1ebfc<\/td><\/tr><tr><td>S\u1ed1 l\u1ed1p xe.<\/td><td>20.5\/70-16<\/td><td>298\/60R22.5<\/td><td>295\/60R22.5<\/td><\/tr><tr><td>C\u00f4ng su\u1ea5t ph\u00f9 h\u1ee3p<\/td><td>\u226550HP<\/td><td>\u226560.3kw<\/td><td>\u226570kw<\/td><\/tr><tr><td>T\u1ea3i tr\u1ecdng t\u1ed1i \u0111a<\/td><td>2400kg<\/td><td>4800kg<\/td><td>6000kg<\/td><\/tr><tr><td>Hi\u1ec7u qu\u1ea3 l\u00e0m vi\u1ec7c<\/td><td>5-10 ph\u00fat\/xe<\/td><td>5-10 ph\u00fat\/xe<\/td><td>5-10 ph\u00fat\/xe<\/td><\/tr><\/tbody><\/table><figcaption class=\"wp-element-caption\">Th\u00f4ng s\u1ed1 k\u1ef9 thu\u1eadt c\u1ee7a xe t\u1ea3i ph\u00e2n b\u00f3n<\/figcaption><\/figure>    <p class=\"translation-block\">Ch\u00fang t\u00f4i c\u0169ng cung c\u1ea5p m\u1ed9t lo\u1ea1t c\u00e1c m\u00e1y m\u00f3c n\u00f4ng nghi\u1ec7p kh\u00e1c, nh\u01b0 <strong><em><a href=\"https:\/\/www.agriculture-machine.com\/vi\/cow-dung-cleaning-machine\/\">m\u00e1y l\u00e0m s\u1ea1ch v\u00e0 thu gom ph\u00e2n gia s\u00fac<\/a><\/em><\/strong>, \u0111\u1ec3 gi\u00fap n\u00e2ng cao hi\u1ec7u qu\u1ea3 qu\u1ea3n l\u00fd trang tr\u1ea1i t\u1ed5ng th\u1ec3. Xin vui l\u00f2ng li\u00ean h\u1ec7 \u0111\u1ec3 nh\u1eadn b\u00e1o gi\u00e1 mi\u1ec5n ph\u00ed, video thi\u1ebft b\u1ecb, v\u00e0 t\u01b0 v\u1ea5n k\u1ef9 thu\u1eadt chuy\u00ean nghi\u1ec7p.<\/p>","protected":false},"excerpt":{"rendered":"<p>Xe t\u1ea3i ph\u00e2n b\u00f3n PTO c\u1ee7a Taizy x\u1eed l\u00fd hi\u1ec7u qu\u1ea3 ph\u00e2n kh\u00f4\/\u01b0\u1edbt, ph\u00e2n h\u1eefu c\u01a1\/d\u1ea1ng h\u1ea1t. V\u1edbi dung t\u00edch 3\u201312m\u00b3 v\u00e0 chi\u1ec1u r\u1ed9ng r\u1ea3i 4\u201316m, n\u00f3 n\u00e2ng cao n\u0103ng su\u1ea5t n\u00f4ng tr\u1ea1i v\u00e0 gi\u1ea3m lao \u0111\u1ed9ng.<\/p>","protected":false},"author":1,"featured_media":17573,"parent":0,"comment_status":"open","ping_status":"closed","template":"","tags":[2646],"product-type":[162,2],"class_list":["post-17559","product","type-product","status-publish","has-post-thumbnail","hentry","tag-manure","product-type-other-type","product-type-products"],"_links":{"self":[{"href":"https:\/\/www.agriculture-machine.com\/vi\/wp-json\/wp\/v2\/product\/17559","targetHints":{"allow":["GET"]}}],"collection":[{"href":"https:\/\/www.agriculture-machine.com\/vi\/wp-json\/wp\/v2\/product"}],"about":[{"href":"https:\/\/www.agriculture-machine.com\/vi\/wp-json\/wp\/v2\/types\/product"}],"author":[{"embeddable":true,"href":"https:\/\/www.agriculture-machine.com\/vi\/wp-json\/wp\/v2\/users\/1"}],"replies":[{"embeddable":true,"href":"https:\/\/www.agriculture-machine.com\/vi\/wp-json\/wp\/v2\/comments?post=17559"}],"wp:featuredmedia":[{"embeddable":true,"href":"https:\/\/www.agriculture-machine.com\/vi\/wp-json\/wp\/v2\/media\/17573"}],"wp:attachment":[{"href":"https:\/\/www.agriculture-machine.com\/vi\/wp-json\/wp\/v2\/media?parent=17559"}],"wp:term":[{"taxonomy":"post_tag","embeddable":true,"href":"https:\/\/www.agriculture-machine.com\/vi\/wp-json\/wp\/v2\/tags?post=17559"},{"taxonomy":"product-type","embeddable":true,"href":"https:\/\/www.agriculture-machine.com\/vi\/wp-json\/wp\/v2\/product-type?post=17559"}],"curies":[{"name":"wp","href":"https:\/\/api.w.org\/{rel}","templated":true}]}}