{"id":17605,"date":"2026-04-02T15:32:46","date_gmt":"2026-04-02T07:32:46","guid":{"rendered":"https:\/\/www.agriculture-machine.com\/?post_type=product&#038;p=17605"},"modified":"2026-04-02T15:32:48","modified_gmt":"2026-04-02T07:32:48","slug":"forage-harvester","status":"publish","type":"product","link":"https:\/\/www.agriculture-machine.com\/vi\/forage-harvester\/","title":{"rendered":"M\u00e1y thu ho\u1ea1ch c\u1ecf \u0111\u1ec3 l\u00e0m th\u1ee9c \u0103n xanh: Gi\u1ea3i ph\u00e1p c\u00f3 b\u00e1nh xe, b\u00e1nh x\u00edch v\u00e0 g\u1eafn c\u1ed1 \u0111\u1ecbnh"},"content":{"rendered":"<p>M\u00e1y thu ho\u1ea1ch c\u1ecf kh\u00f4 l\u00e0 m\u1ed9t m\u00e1y m\u00f3c n\u00f4ng nghi\u1ec7p v\u00e0 ch\u0103n nu\u00f4i hi\u1ec7n \u0111\u1ea1i t\u00edch h\u1ee3p c\u1eaft, nghi\u1ec1n nh\u1ecf, v\u1eadn chuy\u1ec3n v\u00e0 x\u1ea3 ra th\u00e0nh m\u1ed9t \u0111\u01a1n v\u1ecb. N\u00f3 \u0111\u01b0\u1ee3c s\u1eed d\u1ee5ng r\u1ed9ng r\u00e3i \u0111\u1ec3 thu ho\u1ea1ch v\u00e0 x\u1eed l\u00fd c\u00e1c lo\u1ea1i c\u00e2y c\u1ecf nh\u01b0 th\u00e2n ng\u00f4, c\u1ecf ch\u0103n nu\u00f4i v\u00e0 m\u00eda sorghum. N\u00f3 cho ph\u00e9p ho\u1ea1t \u0111\u1ed9ng li\u00ean t\u1ee5c v\u00e0 thu ho\u1ea1ch c\u00f9ng l\u00fac, gi\u1ea3m \u0111\u00e1ng k\u1ec3 lao \u0111\u1ed9ng th\u1ee7 c\u00f4ng v\u00e0 n\u00e2ng cao hi\u1ec7u qu\u1ea3 v\u1eadn h\u00e0nh.<\/p>    <p>T\u00f9y thu\u1ed9c v\u00e0o m\u1eabu v\u00e0 c\u1ea5u h\u00ecnh, thi\u1ebft b\u1ecb c\u00f3 th\u1ec3 \u0111\u1ea1t hi\u1ec7u qu\u1ea3 ho\u1ea1t \u0111\u1ed9ng 0.3\u20131.0 hecta m\u1ed7i gi\u1edd, v\u1edbi chi\u1ec1u d\u00e0i c\u1eaft \u0111i\u1ec1u ch\u1ec9nh \u0111\u01b0\u1ee3c (th\u01b0\u1eddng t\u1eeb 5\u201320 mm). \u0110i\u1ec1u n\u00e0y gi\u00fap c\u1ecf kh\u00f4 d\u1ec5 n\u00e9n ch\u1eb7t v\u00e0 l\u00ean men, n\u00e2ng cao ch\u1ea5t l\u01b0\u1ee3ng v\u00e0 kh\u1ea3 n\u0103ng s\u1eed d\u1ee5ng th\u1ee9c \u0103n.<\/p>    <figure class=\"wp-block-embed aligncenter is-type-video is-provider-youtube wp-block-embed-youtube wp-embed-aspect-16-9 wp-has-aspect-ratio\"><div class=\"wp-block-embed__wrapper\"> <iframe loading=\"lazy\" title=\"M\u00e1y thu ho\u1ea1ch c\u1ecf kh\u00f4 theo d\u00f5i lo\u1ea1i crawler | Hi\u1ec7u su\u1ea5t m\u1ea1nh m\u1ebd cho thu ho\u1ea1ch c\u1ecf hi\u1ec7u qu\u1ea3#silage\" width=\"500\" height=\"281\" src=\"https:\/\/www.youtube.com\/embed\/uG3zA_K-sQ0?feature=oembed\" frameborder=\"0\" allow=\"accelerometer; autoplay; clipboard-write; encrypted-media; gyroscope; picture-in-picture; web-share\" referrerpolicy=\"strict-origin-when-cross-origin\" allowfullscreen><\/iframe> <\/div><figcaption class=\"wp-element-caption\">Video ho\u1ea1t \u0111\u1ed9ng c\u1ee7a m\u00e1y thu ho\u1ea1ch c\u1ecf xanh t\u1ef1 h\u00e0nh<\/figcaption><\/figure>    <p>D\u00e3y n\u00e0y cung c\u1ea5p nhi\u1ec1u lo\u1ea1i \u0111\u1ea7u b\u00faa c\u1eaft c\u1ecf, bao g\u1ed3m c\u00e1c m\u1eabu c\u00f3 b\u00e1nh xe, theo d\u00f5i v\u00e0 \u0111eo l\u01b0ng, cho ph\u00e9p l\u1ef1a ch\u1ecdn linh ho\u1ea1t d\u1ef1a tr\u00ean \u0111i\u1ec1u ki\u1ec7n \u0111\u1ecba h\u00ecnh v\u00e0 quy m\u00f4 v\u1eadn h\u00e0nh. Ph\u00f9 h\u1ee3p cho c\u00e1c \u0111\u1ed3ng c\u1ecf, trang tr\u1ea1i ch\u0103n nu\u00f4i gia s\u00fac v\u00e0 h\u1ee3p t\u00e1c x\u00e3 n\u00f4ng nghi\u1ec7p, nh\u1eefng m\u00e1y m\u00f3c n\u00e0y gi\u00fap \u0111\u1ea1t \u0111\u01b0\u1ee3c s\u1ea3n xu\u1ea5t c\u1ecf kh\u00f4 c\u01a1 kh\u00ed h\u00f3a v\u00e0 quy m\u00f4 l\u1edbn.<\/p>    <h2 class=\"wp-block-heading\">\u1ee8ng d\u1ee5ng c\u1ee7a m\u00e1y thu ho\u1ea1ch c\u1ecf kh\u00f4<\/h2>    <p>M\u00e1y thu ho\u1ea1ch c\u1ecf kh\u00f4 ch\u1ee7 y\u1ebfu d\u00f9ng \u0111\u1ec3 thu ho\u1ea1ch v\u00e0 x\u1eed l\u00fd c\u00e1c lo\u1ea1i c\u00e2y c\u1ecf kh\u00e1c nhau v\u00e0 c\u00f3 nhi\u1ec1u \u1ee9ng d\u1ee5ng:<\/p>    <ul class=\"wp-block-list\"> <li>Thu ho\u1ea1ch to\u00e0n b\u1ed9 c\u00e2y v\u00e0 nghi\u1ec1n nh\u1ecf c\u1ecf ng\u00f4.<\/li>    <li>X\u1eed l\u00fd c\u00e1c lo\u1ea1i c\u00e2y c\u1ecf nh\u01b0 c\u1ecf linh l\u0103ng v\u00e0 c\u1ecf ryegrass.<\/li>    <li>S\u1eed d\u1ee5ng c\u00e1c lo\u1ea1i c\u00e2y th\u00e2n nh\u01b0 m\u00eda v\u00e0 m\u00eda \u0111\u01b0\u1eddng.<\/li>    <li>X\u1eed l\u00fd th\u1ee9c \u0103n h\u00e0ng ng\u00e0y v\u00e0 l\u01b0u tr\u1eef t\u1ea1i c\u00e1c trang tr\u1ea1i ch\u0103n nu\u00f4i.<\/li>    <li>Ho\u1ea1t \u0111\u1ed9ng t\u1eadp trung t\u1ea1i c\u00e1c h\u1ee3p t\u00e1c x\u00e3 n\u00f4ng nghi\u1ec7p v\u00e0 trang tr\u1ea1i quy m\u00f4 l\u1edbn.<\/li> <\/ul>    <figure class=\"wp-block-gallery has-nested-images columns-default is-cropped wp-block-gallery-2 is-layout-flex wp-block-gallery-is-layout-flex\"> <figure class=\"wp-block-image size-large\"><img loading=\"lazy\" decoding=\"async\" width=\"720\" height=\"540\" data-id=\"17612\" src=\"https:\/\/www.agriculture-machine.com\/wp-content\/uploads\/2026\/04\/wheeled-forage-harvester.webp\" alt=\"m\u00e1y thu ho\u1ea1ch c\u1ecf b\u00e1nh xe\" class=\"wp-image-17612\" srcset=\"https:\/\/www.agriculture-machine.com\/wp-content\/uploads\/2026\/04\/wheeled-forage-harvester.webp 720w, https:\/\/www.agriculture-machine.com\/wp-content\/uploads\/2026\/04\/wheeled-forage-harvester-360x270.webp 360w, https:\/\/www.agriculture-machine.com\/wp-content\/uploads\/2026\/04\/wheeled-forage-harvester-240x180.webp 240w, https:\/\/www.agriculture-machine.com\/wp-content\/uploads\/2026\/04\/wheeled-forage-harvester-16x12.webp 16w\" sizes=\"auto, (max-width: 720px) 100vw, 720px\" \/><figcaption class=\"wp-element-caption\">m\u00e1y thu ho\u1ea1ch c\u1ecf b\u00e1nh xe<\/figcaption><\/figure>    <figure class=\"wp-block-image size-large\"><img loading=\"lazy\" decoding=\"async\" width=\"720\" height=\"540\" data-id=\"17611\" src=\"https:\/\/www.agriculture-machine.com\/wp-content\/uploads\/2026\/04\/self\u2011propelled-silage-harvester.webp\" alt=\"m\u00e1y thu ho\u1ea1ch c\u1ecf kh\u00f4 t\u1ef1 h\u00e0nh\" class=\"wp-image-17611\" srcset=\"https:\/\/www.agriculture-machine.com\/wp-content\/uploads\/2026\/04\/self\u2011propelled-silage-harvester.webp 720w, https:\/\/www.agriculture-machine.com\/wp-content\/uploads\/2026\/04\/self\u2011propelled-silage-harvester-360x270.webp 360w, https:\/\/www.agriculture-machine.com\/wp-content\/uploads\/2026\/04\/self\u2011propelled-silage-harvester-240x180.webp 240w, https:\/\/www.agriculture-machine.com\/wp-content\/uploads\/2026\/04\/self\u2011propelled-silage-harvester-16x12.webp 16w\" sizes=\"auto, (max-width: 720px) 100vw, 720px\" \/><figcaption class=\"wp-element-caption\">m\u00e1y thu ho\u1ea1ch c\u1ecf kh\u00f4 t\u1ef1 h\u00e0nh<\/figcaption><\/figure> <\/figure>    <h2 class=\"wp-block-heading\">\u01afu \u0111i\u1ec3m c\u1ea5u tr\u00fac c\u1ee7a m\u00e1y thu ho\u1ea1ch c\u1ecf kh\u00f4<\/h2>    <p>V\u1ec1 m\u1eb7t thi\u1ebft k\u1ebf c\u1ea5u tr\u00fac, m\u00e1y thu ho\u1ea1ch c\u1ecf kh\u00f4 ch\u00fa tr\u1ecdng h\u01a1n v\u00e0o \u0111\u1ed9 b\u1ec1n v\u00e0 \u1ed5n \u0111\u1ecbnh ho\u1ea1t \u0111\u1ed9ng:<\/p>    <ul class=\"wp-block-list\"> <li>H\u1ec7 th\u1ed1ng c\u1eaft x\u00e9n hi\u1ec7u qu\u1ea3 cao: trang b\u1ecb l\u01b0\u1ee1i dao h\u1ee3p kim ch\u1ed1ng m wear m\u00f2n, c\u1eaft \u0111\u1ec1u, n\u00e2ng cao ch\u1ea5t l\u01b0\u1ee3ng c\u1ecf kh\u00f4.<\/li>    <li>H\u1ec7 th\u1ed1ng phun m\u1ea1nh m\u1ebd: kho\u1ea3ng c\u00e1ch phun xa cho ph\u00e9p t\u1ea3i tr\u1ef1c ti\u1ebfp l\u00ean xe t\u1ea3i, gi\u1ea3m c\u00e1c b\u01b0\u1edbc trung gian.<\/li>    <li>H\u1ec7 th\u1ed1ng \u0111i\u1ec1u khi\u1ec3n th\u1ee7y l\u1ef1c: v\u1eadn h\u00e0nh linh ho\u1ea1t th\u00edch \u1ee9ng v\u1edbi chi\u1ec1u cao v\u00e0 m\u1eadt \u0111\u1ed9 c\u00e2y tr\u1ed3ng kh\u00e1c nhau.<\/li>    <li>Thi\u1ebft k\u1ebf khung g\u1ea7m nh\u1ecf g\u1ecdn: quay linh ho\u1ea1t v\u00e0 kh\u1ea3 n\u0103ng \u0111i\u1ec1u h\u01b0\u1edbng xu\u1ea5t s\u1eafc ph\u00f9 h\u1ee3p v\u1edbi nhi\u1ec1u \u0111\u1ecba h\u00ecnh kh\u00e1c nhau.<\/li>    <li>C\u00e1c th\u00e0nh ph\u1ea7n ch\u00ednh gia c\u1ed1: k\u00e9o d\u00e0i tu\u1ed5i th\u1ecd v\u00e0 gi\u1ea3m chi ph\u00ed b\u1ea3o tr\u00ec.<\/li> <\/ul>    <h2 class=\"wp-block-heading\">M\u00e1y thu ho\u1ea1ch c\u1ecf kh\u00f4 ho\u1ea1t \u0111\u1ed9ng nh\u01b0 th\u1ebf n\u00e0o?<\/h2>    <p>M\u00e1y thu ho\u1ea1ch c\u1ecf kh\u00f4 s\u1eed d\u1ee5ng h\u1ec7 truy\u1ec1n \u0111\u1ed9ng \u0111\u1ec3 v\u1eadn h\u00e0nh \u0111\u1ea7u c\u1eaft ph\u00eda tr\u01b0\u1edbc, c\u1eaft c\u00e2y tr\u1ed3ng v\u00e0 \u0111\u01b0a v\u00e0o b\u1ed9 nghi\u1ec1n, n\u01a1i n\u00f3 \u0111\u01b0\u1ee3c xay nh\u1ecf b\u1eb1ng l\u01b0\u1ee1i dao quay t\u1ed1c \u0111\u1ed9 cao.<\/p>    <p>The material is then carried by an airflow generated by the fan into the discharge chute and directly discharged into the transport vehicle, achieving an integrated &#8220;harvesting\u2013chopping\u2013loading&#8221; workflow.<\/p>    <figure class=\"wp-block-embed aligncenter is-type-video is-provider-youtube wp-block-embed-youtube wp-embed-aspect-16-9 wp-has-aspect-ratio\"><div class=\"wp-block-embed__wrapper\"> <iframe loading=\"lazy\" title=\"M\u00e1y thu ho\u1ea1ch c\u1ecf kh\u00f4 ho\u1ea1t \u0111\u1ed9ng trong ru\u1ed9ng | Thu ho\u1ea1ch c\u1ecf hi\u1ec7u qu\u1ea3 cao \ud83c\udf3d\ud83d\ude9c#silage\" width=\"500\" height=\"281\" src=\"https:\/\/www.youtube.com\/embed\/Nyi1S7FPDEs?feature=oembed\" frameborder=\"0\" allow=\"accelerometer; autoplay; clipboard-write; encrypted-media; gyroscope; picture-in-picture; web-share\" referrerpolicy=\"strict-origin-when-cross-origin\" allowfullscreen><\/iframe> <\/div><figcaption class=\"wp-element-caption\">Video v\u1ec1 m\u00e1y thu ho\u1ea1ch c\u1ecf kh\u00f4 ho\u1ea1t \u0111\u1ed9ng trong ru\u1ed9ng<\/figcaption><\/figure>    <h2 class=\"wp-block-heading\">Gi\u1edbi thi\u1ec7u v\u1ec1 ba lo\u1ea1i m\u00e1y thu ho\u1ea1ch c\u1ecf kh\u00f4<\/h2>    <h3 class=\"wp-block-heading\">M\u00e1y thu ho\u1ea1ch c\u1ecf kh\u00f4 b\u00e1nh xe<\/h3>    <p>C\u00e1c m\u1eabu b\u00e1nh xe ph\u00f9 h\u1ee3p \u0111\u1ec3 v\u1eadn h\u00e0nh tr\u00ean \u0111\u1ea5t \u0111ai b\u1eb1ng ph\u1eb3ng, quy m\u00f4 l\u1edbn.<\/p>    <p>Ch\u00fang c\u00f3 t\u1ed1c \u0111\u1ed9 di chuy\u1ec3n nhanh, hi\u1ec7u qu\u1ea3 v\u1eadn h\u00e0nh cao v\u00e0 d\u1ec5 d\u00e0ng di chuy\u1ec3n l\u1ea1i, l\u00fd t\u01b0\u1edfng cho c\u00e1c ho\u1ea1t \u0111\u1ed9ng n\u00f4ng nghi\u1ec7p quy m\u00f4 l\u1edbn.<\/p>    <h3 class=\"wp-block-heading\">M\u00e1y thu ho\u1ea1ch c\u1ecf kh\u00f4 theo d\u00f5i<\/h3>    <p>C\u00e1c m\u1eabu theo d\u00f5i ch\u1ee7 y\u1ebfu \u0111\u01b0\u1ee3c thi\u1ebft k\u1ebf cho \u0111\u1ecba h\u00ecnh b\u00f9n l\u1ea7y, \u1ea9m \u01b0\u1edbt ho\u1eb7c ph\u1ee9c t\u1ea1p.<\/p>    <p>Ch\u00fang cung c\u1ea5p \u0111\u1ed9 b\u00e1m d\u00ednh v\u00e0 \u1ed5n \u0111\u1ecbnh t\u1ed1t, \u00edt tr\u01b0\u1ee3t h\u01a1n, \u0111\u1eb7c bi\u1ec7t ph\u00f9 h\u1ee3p cho c\u00e1c c\u00e1nh \u0111\u1ed3ng l\u00faa \u1edf mi\u1ec1n nam ho\u1eb7c \u0111i\u1ec1u ki\u1ec7n v\u1eadn h\u00e0nh m\u00f9a m\u01b0a.<\/p>    <h3 class=\"wp-block-heading\">M\u00e1y c\u1eaft c\u1ecf kh\u00f4 g\u1eafn tr\u00ean xe<\/h3>    <p>C\u1eaft g\u1ed1c g\u1eafn tr\u00ean xe y\u00eau c\u1ea7u s\u1eed d\u1ee5ng v\u1edbi m\u00e1y k\u00e9o v\u00e0 c\u00f3 chi ph\u00ed \u0111\u1ea7u t\u01b0 t\u1ed5ng th\u1ec3 th\u1ea5p h\u01a1n.<\/p>    <p>Ch\u00fang cung c\u1ea5p \u0111\u1ed9 linh ho\u1ea1t cao v\u00e0 ph\u00f9 h\u1ee3p cho c\u00e1c n\u00f4ng d\u00e2n ho\u1eb7c ho\u1ea1t \u0111\u1ed9ng nh\u1ecf v\u00e0 v\u1eeba ho\u1eb7c tr\u00ean c\u00e1c m\u1ea3nh \u0111\u1ea5t ph\u00e2n t\u00e1n, l\u00e0 l\u1ef1a ch\u1ecdn kinh t\u1ebf v\u00e0 th\u1ef1c t\u1ebf.<\/p>    <figure class=\"wp-block-gallery has-nested-images columns-default is-cropped wp-block-gallery-3 is-layout-flex wp-block-gallery-is-layout-flex\"> <figure class=\"wp-block-image size-large\"><img loading=\"lazy\" decoding=\"async\" width=\"720\" height=\"540\" data-id=\"17614\" src=\"https:\/\/www.agriculture-machine.com\/wp-content\/uploads\/2026\/04\/silage-straw-cutting-harvester.webp\" alt=\"m\u00e1y c\u1eaft r\u01a1m c\u1ecf kh\u00f4\" class=\"wp-image-17614\" srcset=\"https:\/\/www.agriculture-machine.com\/wp-content\/uploads\/2026\/04\/silage-straw-cutting-harvester.webp 720w, https:\/\/www.agriculture-machine.com\/wp-content\/uploads\/2026\/04\/silage-straw-cutting-harvester-360x270.webp 360w, https:\/\/www.agriculture-machine.com\/wp-content\/uploads\/2026\/04\/silage-straw-cutting-harvester-240x180.webp 240w, https:\/\/www.agriculture-machine.com\/wp-content\/uploads\/2026\/04\/silage-straw-cutting-harvester-16x12.webp 16w\" sizes=\"auto, (max-width: 720px) 100vw, 720px\" \/><figcaption class=\"wp-element-caption\">m\u00e1y c\u1eaft r\u01a1m c\u1ecf kh\u00f4<\/figcaption><\/figure>    <figure class=\"wp-block-image size-large\"><img loading=\"lazy\" decoding=\"async\" width=\"720\" height=\"540\" data-id=\"17613\" src=\"https:\/\/www.agriculture-machine.com\/wp-content\/uploads\/2026\/04\/crawler-silage-harvesting-machine.webp\" alt=\"m\u00e1y thu ho\u1ea1ch c\u1ecf kh\u00f4 d\u1ea1ng theo d\u00f5i\" class=\"wp-image-17613\" srcset=\"https:\/\/www.agriculture-machine.com\/wp-content\/uploads\/2026\/04\/crawler-silage-harvesting-machine.webp 720w, https:\/\/www.agriculture-machine.com\/wp-content\/uploads\/2026\/04\/crawler-silage-harvesting-machine-360x270.webp 360w, https:\/\/www.agriculture-machine.com\/wp-content\/uploads\/2026\/04\/crawler-silage-harvesting-machine-240x180.webp 240w, https:\/\/www.agriculture-machine.com\/wp-content\/uploads\/2026\/04\/crawler-silage-harvesting-machine-16x12.webp 16w\" sizes=\"auto, (max-width: 720px) 100vw, 720px\" \/><figcaption class=\"wp-element-caption\">m\u00e1y thu ho\u1ea1ch c\u1ecf kh\u00f4 d\u1ea1ng theo d\u00f5i<\/figcaption><\/figure> <\/figure>    <h2 class=\"wp-block-heading\">What&#8217;s the price of a green feed harvester?<\/h2>    <p>Gi\u00e1 m\u00e1y thu ho\u1ea1ch c\u1ecf ch\u1ee7 y\u1ebfu b\u1ecb \u1ea3nh h\u01b0\u1edfng b\u1edfi lo\u1ea1i thi\u1ebft b\u1ecb, c\u00f4ng su\u1ea5t v\u00e0 c\u00e1c ch\u1ee9c n\u0103ng kh\u00e1c nhau:<\/p>    <ul class=\"wp-block-list\"> <li>Lo\u1ea1i \u0111eo l\u01b0ng: \u0111\u1ea7u t\u01b0 ban \u0111\u1ea7u th\u1ea5p h\u01a1n, ph\u00f9 h\u1ee3p cho ng\u01b0\u1eddi d\u00f9ng c\u00f3 ng\u00e2n s\u00e1ch h\u1ea1n ch\u1ebf.<\/li>    <li>B\u00e1nh xe\/theo d\u00f5i: gi\u00e1 c\u1ea3 t\u01b0\u01a1ng \u0111\u1ed1i cao h\u01a1n, nh\u01b0ng hi\u1ec7u qu\u1ea3 cao h\u01a1n v\u00e0 m\u1ee9c \u0111\u1ed9 t\u1ef1 \u0111\u1ed9ng h\u00f3a cao h\u01a1n.<\/li> <\/ul>    <p>Ch\u00fang t\u00f4i cung c\u1ea5p c\u1ea5u h\u00ecnh t\u00f9y ch\u1ec9nh d\u1ef1a tr\u00ean nhu c\u1ea7u kh\u00e1ch h\u00e0ng. Xin vui l\u00f2ng li\u00ean h\u1ec7 \u0111\u1ec3 c\u00f3 b\u00e1o gi\u00e1 v\u00e0 \u0111\u1ec1 xu\u1ea5t chi ti\u1ebft.<\/p>    <h2 class=\"wp-block-heading\">L\u00e0m th\u1ebf n\u00e0o \u0111\u1ec3 ch\u1ecdn m\u00e1y thu ho\u1ea1ch c\u1ecf ph\u00f9 h\u1ee3p?<\/h2>    <p>Khi mua m\u00e1y thu ho\u1ea1ch c\u1ecf kh\u00f4, ch\u00fang t\u00f4i \u0111\u1ec1 xu\u1ea5t t\u1eadp trung v\u00e0o c\u00e1c y\u1ebfu t\u1ed1 sau:<\/p>    <ul class=\"wp-block-list\"> <li>\u0110i\u1ec1u ki\u1ec7n \u0111\u1ecba h\u00ecnh: c\u00e1c m\u1eabu b\u00e1nh xe th\u00edch h\u1ee3p cho \u0111\u1ecba h\u00ecnh b\u1eb1ng ph\u1eb3ng, trong khi c\u00e1c m\u1eabu theo d\u00f5i ph\u00f9 h\u1ee3p cho \u0111\u1ecba h\u00ecnh ph\u1ee9c t\u1ea1p.<\/li>    <li>Quy m\u00f4 v\u1eadn h\u00e0nh: di\u1ec7n t\u00edch l\u1edbn h\u01a1n, m\u00f4 h\u00ecnh n\u00ean hi\u1ec7u qu\u1ea3 h\u01a1n.<\/li>    <li>Ph\u00f9 h\u1ee3p c\u00f4ng su\u1ea5t: x\u00e1c nh\u1eadn r\u1eb1ng c\u00f4ng su\u1ea5t c\u1ee7a m\u00e1y k\u00e9o ho\u1eb7c h\u1ec7 th\u1ed1ng t\u1ef1 h\u00e0nh ph\u00f9 h\u1ee3p.<\/li>    <li>Hi\u1ec7u su\u1ea5t c\u1eaft: \u1ea3nh h\u01b0\u1edfng tr\u1ef1c ti\u1ebfp \u0111\u1ebfn ch\u1ea5t l\u01b0\u1ee3ng c\u1ecf kh\u00f4 v\u00e0 kh\u1ea3 n\u0103ng s\u1eed d\u1ee5ng sau n\u00e0y.<\/li>    <li>D\u1ecbch v\u1ee5 h\u1eadu m\u00e3i: \u0111\u1ea3m b\u1ea3o ho\u1ea1t \u0111\u1ed9ng l\u00e2u d\u00e0i, \u1ed5n \u0111\u1ecbnh c\u1ee7a thi\u1ebft b\u1ecb.<\/li> <\/ul>    <figure class=\"wp-block-gallery has-nested-images columns-default is-cropped wp-block-gallery-4 is-layout-flex wp-block-gallery-is-layout-flex\"> <figure class=\"wp-block-image size-large\"><img loading=\"lazy\" decoding=\"async\" width=\"720\" height=\"540\" data-id=\"17615\" src=\"https:\/\/www.agriculture-machine.com\/wp-content\/uploads\/2026\/04\/corn-forage-harvester-machine.webp\" alt=\"m\u00e1y thu ho\u1ea1ch c\u1ecf ng\u00f4\" class=\"wp-image-17615\" srcset=\"https:\/\/www.agriculture-machine.com\/wp-content\/uploads\/2026\/04\/corn-forage-harvester-machine.webp 720w, https:\/\/www.agriculture-machine.com\/wp-content\/uploads\/2026\/04\/corn-forage-harvester-machine-360x270.webp 360w, https:\/\/www.agriculture-machine.com\/wp-content\/uploads\/2026\/04\/corn-forage-harvester-machine-240x180.webp 240w, https:\/\/www.agriculture-machine.com\/wp-content\/uploads\/2026\/04\/corn-forage-harvester-machine-16x12.webp 16w\" sizes=\"auto, (max-width: 720px) 100vw, 720px\" \/><figcaption class=\"wp-element-caption\">m\u00e1y thu ho\u1ea1ch c\u1ecf ng\u00f4<\/figcaption><\/figure>    <figure class=\"wp-block-image size-large\"><img loading=\"lazy\" decoding=\"async\" width=\"720\" height=\"540\" data-id=\"17616\" src=\"https:\/\/www.agriculture-machine.com\/wp-content\/uploads\/2026\/04\/forage-crop-harvesting-machine.webp\" alt=\"m\u00e1y thu ho\u1ea1ch c\u00e2y tr\u1ed3ng l\u00e0m th\u1ee9c \u0103n xanh\" class=\"wp-image-17616\" srcset=\"https:\/\/www.agriculture-machine.com\/wp-content\/uploads\/2026\/04\/forage-crop-harvesting-machine.webp 720w, https:\/\/www.agriculture-machine.com\/wp-content\/uploads\/2026\/04\/forage-crop-harvesting-machine-360x270.webp 360w, https:\/\/www.agriculture-machine.com\/wp-content\/uploads\/2026\/04\/forage-crop-harvesting-machine-240x180.webp 240w, https:\/\/www.agriculture-machine.com\/wp-content\/uploads\/2026\/04\/forage-crop-harvesting-machine-16x12.webp 16w\" sizes=\"auto, (max-width: 720px) 100vw, 720px\" \/><figcaption class=\"wp-element-caption\">m\u00e1y thu ho\u1ea1ch c\u00e2y tr\u1ed3ng l\u00e0m th\u1ee9c \u0103n xanh<\/figcaption><\/figure> <\/figure>    <h2 class=\"wp-block-heading\">Th\u00f4ng s\u1ed1 k\u1ef9 thu\u1eadt c\u1ee7a m\u00e1y thu ho\u1ea1ch c\u1ecf xanh<\/h2>    <figure class=\"wp-block-table is-style-stripes\"><table class=\"has-fixed-layout\"><tbody><tr><td><strong>M\u1ee5c<\/strong><\/td><td><strong>Lo\u1ea1i b\u00e1nh xe<\/strong><\/td><td><strong>Lo\u1ea1i theo d\u00f5i<\/strong><\/td><td><strong>Lo\u1ea1i g\u1eafn tr\u00ean<\/strong><\/td><\/tr><tr><td>C\u00f4ng su\u1ea5t<\/td><td>50\u2013100 HP<\/td><td>60\u2013120 HP<\/td><td>\u226550 HP M\u00e1y k\u00e9o<\/td><\/tr><tr><td>Dung t\u00edch<\/td><td>0.5\u20131.0 ha\/h<\/td><td>0.3\u20130.8 ha\/h<\/td><td>0.3\u20130.6 ha\/h<\/td><\/tr><tr><td>Chi\u1ec1u d\u00e0i c\u1eaft<\/td><td>5\u201320 mm<\/td><td>5\u201320 mm<\/td><td>5\u201320 mm<\/td><\/tr><tr><td>Chi\u1ec1u r\u1ed9ng l\u00e0m vi\u1ec7c<\/td><td>1.3\u20132.2 m<\/td><td>1.3\u20132.0 m<\/td><td>1.0\u20131.8 m<\/td><\/tr><tr><td>Lo\u1ea1i x\u1ea3<\/td><td>Th\u1ed5i th\u1ee7y l\u1ef1c<\/td><td>Th\u1ed5i th\u1ee7y l\u1ef1c<\/td><td>\u0110\u01b0\u1ee3c \u0111i\u1ec1u khi\u1ec3n b\u1eb1ng PTO<\/td><\/tr><tr><td>\u1ee8ng d\u1ee5ng<\/td><td>\u0110\u1ed3ng b\u1eb1ng<\/td><td>\u0110\u1ecba h\u00ecnh \u1ea9m \u01b0\u1edbt\/kh\u00e1c<\/td><td>Trang tr\u1ea1i nh\u1ecf<\/td><\/tr><\/tbody><\/table><figcaption class=\"wp-element-caption\">Th\u00f4ng s\u1ed1 k\u1ef9 thu\u1eadt c\u1ee7a c\u00e1c m\u00e1y thu ho\u1ea1ch c\u1ecf kh\u00f4<\/figcaption><\/figure>    <p class=\"translation-block\">Khi s\u1eed d\u1ee5ng c\u00f9ng v\u1edbi c\u00e1c thi\u1ebft b\u1ecb nh\u01b0 m\u00e1y nghi\u1ec1n r\u01a1m, <strong><em><a href=\"https:\/\/www.agriculture-machine.com\/vi\/silage-machine\/sliage-baler\/\">m\u00e1y \u0111\u00f3ng g\u00f3i baler c\u1ecf kh\u00f4<\/a><\/em><\/strong>, m\u00e1y thu ho\u1ea1ch c\u1ecf kh\u00f4 n\u00e0y c\u00f3 th\u1ec3 h\u00ecnh th\u00e0nh h\u1ec7 th\u1ed1ng ho\u00e0n ch\u1ec9nh t\u1eeb thu ho\u1ea1ch \u0111\u1ebfn l\u01b0u tr\u1eef v\u00e0 s\u1eed d\u1ee5ng, n\u00e2ng cao hi\u1ec7u qu\u1ea3 ch\u0103n nu\u00f4i gia s\u00fac.<\/p>    <p>N\u1ebfu b\u1ea1n \u0111ang t\u00ecm ki\u1ebfm m\u1ed9t gi\u1ea3i ph\u00e1p thu ho\u1ea1ch c\u1ecf kh\u00f4 hi\u1ec7u qu\u1ea3 cao, \u0111\u00e1ng tin c\u1eady, xin vui l\u00f2ng li\u00ean h\u1ec7 b\u1ea5t c\u1ee9 l\u00fac n\u00e0o \u0111\u1ec3 xem video thi\u1ebft b\u1ecb, b\u00e1o gi\u00e1 v\u00e0 \u0111\u1ec1 xu\u1ea5t c\u00e1 nh\u00e2n!<\/p>","protected":false},"excerpt":{"rendered":"<p>M\u00e1y thu ho\u1ea1ch c\u1ecf kh\u00f4 t\u00edch h\u1ee3p c\u1eaft, nghi\u1ec1n nh\u1ecf v\u00e0 th\u1ed5i \u0111\u1ec3 \u0111\u1ea1t hi\u1ec7u qu\u1ea3 thu ho\u1ea1ch c\u1ecf kh\u00f4. V\u1edbi nhi\u1ec1u lo\u1ea1i kh\u00e1c nhau, ph\u00f9 h\u1ee3p v\u1edbi c\u00e1c \u0111\u1ecba h\u00ecnh kh\u00e1c nhau v\u00e0 gi\u00fap n\u00e2ng cao n\u0103ng su\u1ea5t trong khi gi\u1ea3m lao \u0111\u1ed9ng.<\/p>","protected":false},"author":1,"featured_media":17610,"parent":0,"comment_status":"open","ping_status":"closed","template":"","tags":[772,591],"product-type":[162,2],"class_list":["post-17605","product","type-product","status-publish","has-post-thumbnail","hentry","tag-forage","tag-silage","product-type-other-type","product-type-products"],"_links":{"self":[{"href":"https:\/\/www.agriculture-machine.com\/vi\/wp-json\/wp\/v2\/product\/17605","targetHints":{"allow":["GET"]}}],"collection":[{"href":"https:\/\/www.agriculture-machine.com\/vi\/wp-json\/wp\/v2\/product"}],"about":[{"href":"https:\/\/www.agriculture-machine.com\/vi\/wp-json\/wp\/v2\/types\/product"}],"author":[{"embeddable":true,"href":"https:\/\/www.agriculture-machine.com\/vi\/wp-json\/wp\/v2\/users\/1"}],"replies":[{"embeddable":true,"href":"https:\/\/www.agriculture-machine.com\/vi\/wp-json\/wp\/v2\/comments?post=17605"}],"wp:featuredmedia":[{"embeddable":true,"href":"https:\/\/www.agriculture-machine.com\/vi\/wp-json\/wp\/v2\/media\/17610"}],"wp:attachment":[{"href":"https:\/\/www.agriculture-machine.com\/vi\/wp-json\/wp\/v2\/media?parent=17605"}],"wp:term":[{"taxonomy":"post_tag","embeddable":true,"href":"https:\/\/www.agriculture-machine.com\/vi\/wp-json\/wp\/v2\/tags?post=17605"},{"taxonomy":"product-type","embeddable":true,"href":"https:\/\/www.agriculture-machine.com\/vi\/wp-json\/wp\/v2\/product-type?post=17605"}],"curies":[{"name":"wp","href":"https:\/\/api.w.org\/{rel}","templated":true}]}}