{"id":17620,"date":"2026-04-08T15:42:05","date_gmt":"2026-04-08T07:42:05","guid":{"rendered":"https:\/\/www.agriculture-machine.com\/?post_type=product&#038;p=17620"},"modified":"2026-04-08T15:43:54","modified_gmt":"2026-04-08T07:43:54","slug":"tmr-silage-mixer-and-spreader","status":"publish","type":"product","link":"https:\/\/www.agriculture-machine.com\/vi\/tmr-silage-mixer-and-spreader\/","title":{"rendered":"M\u00e1y tr\u1ed9n v\u00e0 r\u1ea3i c\u1ecf \u1ee7 chua TMR ch\u1ea1y d\u1ea7u diesel 5m\u00b3"},"content":{"rendered":"<p>M\u00e1y tr\u1ed9n v\u00e0 r\u1ea3i c\u1ecf \u1ee7 chua TMR ch\u1ea1y d\u1ea7u diesel 5m\u00b3 ph\u00f9 h\u1ee3p cho c\u00e1c trang tr\u1ea1i s\u1eefa v\u00e0 b\u00f2 th\u1ecbt quy m\u00f4 trung b\u00ecnh \u0111\u1ebfn l\u1edbn, t\u00edch h\u1ee3p xay th\u1ee9c \u0103n, tr\u1ed9n \u0111\u1ec1u v\u00e0 r\u1ea3i t\u1ef1 \u0111\u1ed9ng trong m\u1ed9t thi\u1ebft b\u1ecb duy nh\u1ea5t. \u0110\u01b0\u1ee3c v\u1eadn h\u00e0nh b\u1eb1ng \u0111\u1ed9ng c\u01a1 diesel 35 m\u00e3 l\u1ef1c, c\u00f3 s\u1eb5n c\u1ea3 c\u1ea5u h\u00ecnh d\u1ecdc v\u00e0 ngang. V\u1edbi t\u1ed5ng dung t\u00edch 5m\u00b3, n\u00f3 c\u00f3 th\u1ec3 \u0111\u00e1p \u1ee9ng nhu c\u1ea7u th\u1ee9c \u0103n c\u1ee7a h\u00e0ng tr\u0103m con b\u00f2 trong m\u1ed9t l\u1ea7n v\u1eadn h\u00e0nh.<\/p>    <p>To\u00e0n b\u1ed9 qu\u00e1 tr\u00ecnh \u2014 t\u1eeb t\u1ea3i, tr\u1ed9n \u0111\u1ebfn ph\u00e2n ph\u1ed1i \u2014 \u0111\u01b0\u1ee3c t\u1ef1 \u0111\u1ed9ng h\u00f3a ho\u00e0n to\u00e0n. Trang b\u1ecb ph\u1ec5u t\u1ea3i tr\u1ecdng th\u1ee7y l\u1ef1c, h\u1ec7 th\u1ed1ng x\u1ea3 b\u0103ng t\u1ea3i, v\u00e0 h\u1ec7 th\u1ed1ng c\u00e2n ch\u00ednh x\u00e1c, n\u00f3 \u0111\u1ea3m b\u1ea3o \u0111\u1ed9 \u0111\u1ed3ng \u0111\u1ec1u c\u1ee7a th\u1ee9c \u0103n v\u00e0 \u0111\u1ed9 ch\u00ednh x\u00e1c trong cho \u0103n. So v\u1edbi ph\u01b0\u01a1ng ph\u00e1p cho \u0103n th\u1ee7 c\u00f4ng truy\u1ec1n th\u1ed1ng, n\u00f3 gi\u1ea3m chi ph\u00ed lao \u0111\u1ed9ng h\u01a1n 50%, n\u00e2ng cao hi\u1ec7u qu\u1ea3 cho \u0103n v\u00e0 ti\u00eau chu\u1ea9n qu\u1ea3n l\u00fd trang tr\u1ea1i.<\/p>    <figure class=\"wp-block-embed aligncenter is-type-video is-provider-youtube wp-block-embed-youtube wp-embed-aspect-16-9 wp-has-aspect-ratio\"><div class=\"wp-block-embed__wrapper\"> <iframe loading=\"lazy\" title=\"5m\u00b3 Diesel Silage Mixer &amp; Feed Spreader Truck | Powerful &amp; Efficient Feeding Solution#silage\" width=\"500\" height=\"281\" src=\"https:\/\/www.youtube.com\/embed\/-03Ujdk6nXE?feature=oembed\" frameborder=\"0\" allow=\"accelerometer; autoplay; clipboard-write; encrypted-media; gyroscope; picture-in-picture; web-share\" referrerpolicy=\"strict-origin-when-cross-origin\" allowfullscreen><\/iframe> <\/div><figcaption class=\"wp-element-caption\">Ho\u1ea1t \u0111\u1ed9ng v\u00e0 \u0111\u1ecba \u0111i\u1ec3m l\u00e0m vi\u1ec7c c\u1ee7a m\u00e1y tr\u1ed9n v\u00e0 r\u1ea3i c\u1ecf \u1ee7 chua TMR.<\/figcaption><\/figure>    <h2 class=\"wp-block-heading\">\u1ee8ng d\u1ee5ng c\u1ee7a xe tr\u1ed9n c\u1ecf \u1ee7 chua TMR<\/h2>    <ul class=\"wp-block-list\"> <li>C\u00e1c trang tr\u1ea1i ch\u0103n nu\u00f4i quy m\u00f4 l\u1edbn, bao g\u1ed3m trang tr\u1ea1i s\u1eefa, trang tr\u1ea1i b\u00f2 th\u1ecbt v\u00e0 trang tr\u1ea1i c\u1eebu.<\/li>    <li>Tr\u1ed9n th\u1ee9c \u0103n c\u00e1c lo\u1ea1i nh\u01b0 c\u1ecf \u1ee7 chua, c\u1ecf kh\u00f4 v\u00e0 th\u1ee9c \u0103n c\u00f4 \u0111\u1eb7c.<\/li>    <li>Ph\u00f9 h\u1ee3p cho vi\u1ec7c cho \u0103n h\u00e0ng ng\u00e0y v\u00e0 qu\u1ea3n l\u00fd ch\u00ednh x\u00e1c tr\u00ean c\u00e1c trang tr\u1ea1i quy m\u00f4 trung b\u00ecnh \u0111\u1ebfn l\u1edbn.<\/li>    <li>C\u00f3 th\u1ec3 d\u00f9ng \u0111\u1ec3 chu\u1ea9n b\u1ecb v\u00e0 ph\u00e2n ph\u1ed1i \u0111\u1ec1u TMR (Th\u1ee9c \u0103n t\u1ed5ng h\u1ee3p to\u00e0n ph\u1ea7n).<\/li> <\/ul>    <h2 class=\"wp-block-heading\">\u01afu \u0111i\u1ec3m c\u1ee7a m\u00e1y tr\u1ed9n v\u00e0 r\u1ea3i c\u1ecf \u1ee7 chua TMR<\/h2>    <ul class=\"wp-block-list\"> <li>Ho\u1ea1t \u0111\u1ed9ng t\u1ea5t c\u1ea3 trong m\u1ed9t: k\u1ebft h\u1ee3p cho \u0103n, tr\u1ed9n, v\u1eadn chuy\u1ec3n v\u00e0 ph\u00e2n ph\u1ed1i trong m\u1ed9t thi\u1ebft b\u1ecb, gi\u1ea3m chi ph\u00ed thi\u1ebft b\u1ecb.<\/li>    <li>Hi\u1ec7u qu\u1ea3 cao v\u00e0 ti\u1ebft ki\u1ec7m n\u0103ng l\u01b0\u1ee3ng: v\u1edbi thi\u1ebft k\u1ebf dung t\u00edch l\u1edbn 5m\u00b3, c\u00f3 th\u1ec3 \u0111\u00e1p \u1ee9ng nhu c\u1ea7u th\u1ee9c \u0103n c\u1ee7a h\u00e0ng tr\u0103m con b\u00f2 trong m\u1ed9t l\u1ea7n v\u1eadn h\u00e0nh.<\/li>    <li>Cho \u0103n ch\u00ednh x\u00e1c: trang b\u1ecb h\u1ec7 th\u1ed1ng c\u00e2n \u0111\u1ec3 \u0111\u1ea3m b\u1ea3o t\u1ef7 l\u1ec7 th\u1ee9c \u0103n ch\u00ednh x\u00e1c v\u1ec1 m\u1eb7t khoa h\u1ecdc v\u00e0 gi\u1ea3m l\u00e3ng ph\u00ed.<\/li>    <li>Thi\u1ebft k\u1ebf linh ho\u1ea1t: c\u00f3 s\u1eb5n c\u1ea3 c\u1ea5u h\u00ecnh d\u1ecdc (\u0111\u1ec3 tr\u1ed9n \u0111\u1ec1u h\u01a1n) v\u00e0 ngang (\u0111\u1ec3 x\u1ea3 nhanh h\u01a1n).<\/li>    <li>V\u1eadn h\u00e0nh th\u00e2n thi\u1ec7n: h\u1ec7 th\u1ed1ng \u0111i\u1ec1u khi\u1ec3n th\u1ee7y l\u1ef1c cho ph\u00e9p m\u1ed9t ng\u01b0\u1eddi v\u1eadn h\u00e0nh th\u1ef1c hi\u1ec7n t\u1ea5t c\u1ea3 c\u00e1c nhi\u1ec7m v\u1ee5.<\/li>    <li>\u1ed4n \u0111\u1ecbnh v\u00e0 b\u1ec1n b\u1ec9: c\u00f3 khung ch\u1ecbu t\u1ea3i n\u1eb7ng v\u00e0 c\u1ea5u tr\u00fac th\u00e9p c\u01b0\u1eddng \u0111\u1ed9 cao \u0111\u1ec3 ch\u1ecbu \u0111\u01b0\u1ee3c m\u00f4i tr\u01b0\u1eddng trang tr\u1ea1i kh\u1eafc nghi\u1ec7t.<\/li> <\/ul>    <figure class=\"wp-block-gallery has-nested-images columns-default is-cropped wp-block-gallery-2 is-layout-flex wp-block-gallery-is-layout-flex\"> <figure class=\"wp-block-image size-large\"><img loading=\"lazy\" decoding=\"async\" width=\"720\" height=\"540\" data-id=\"17626\" src=\"https:\/\/www.agriculture-machine.com\/wp-content\/uploads\/2026\/04\/TMR-silage-mixer-and-spreader.webp\" alt=\"M\u00e1y tr\u1ed9n c\u1ecf \u1ee7 chua v\u00e0 r\u1ea3i\" class=\"wp-image-17626\" srcset=\"https:\/\/www.agriculture-machine.com\/wp-content\/uploads\/2026\/04\/TMR-silage-mixer-and-spreader.webp 720w, https:\/\/www.agriculture-machine.com\/wp-content\/uploads\/2026\/04\/TMR-silage-mixer-and-spreader-360x270.webp 360w, https:\/\/www.agriculture-machine.com\/wp-content\/uploads\/2026\/04\/TMR-silage-mixer-and-spreader-240x180.webp 240w, https:\/\/www.agriculture-machine.com\/wp-content\/uploads\/2026\/04\/TMR-silage-mixer-and-spreader-16x12.webp 16w\" sizes=\"auto, (max-width: 720px) 100vw, 720px\" \/><figcaption class=\"wp-element-caption\">M\u00e1y tr\u1ed9n c\u1ecf \u1ee7 chua v\u00e0 r\u1ea3i<\/figcaption><\/figure>    <figure class=\"wp-block-image size-large\"><img loading=\"lazy\" decoding=\"async\" width=\"720\" height=\"540\" data-id=\"17625\" src=\"https:\/\/www.agriculture-machine.com\/wp-content\/uploads\/2026\/04\/feed-mixing-and-spreading-machine.webp\" alt=\"M\u00e1y tr\u1ed9n v\u00e0 r\u1ea3i th\u1ee9c \u0103n\" class=\"wp-image-17625\" srcset=\"https:\/\/www.agriculture-machine.com\/wp-content\/uploads\/2026\/04\/feed-mixing-and-spreading-machine.webp 720w, https:\/\/www.agriculture-machine.com\/wp-content\/uploads\/2026\/04\/feed-mixing-and-spreading-machine-360x270.webp 360w, https:\/\/www.agriculture-machine.com\/wp-content\/uploads\/2026\/04\/feed-mixing-and-spreading-machine-240x180.webp 240w, https:\/\/www.agriculture-machine.com\/wp-content\/uploads\/2026\/04\/feed-mixing-and-spreading-machine-16x12.webp 16w\" sizes=\"auto, (max-width: 720px) 100vw, 720px\" \/><figcaption class=\"wp-element-caption\">M\u00e1y tr\u1ed9n v\u00e0 r\u1ea3i th\u1ee9c \u0103n<\/figcaption><\/figure> <\/figure>    <h2 class=\"wp-block-heading\">C\u00e1ch ho\u1ea1t \u0111\u1ed9ng c\u1ee7a m\u00e1y tr\u1ed9n v\u00e0 r\u1ea3i th\u1ee9c \u0103n gia s\u00fac?<\/h2>    <ol class=\"wp-block-list\"> <li>C\u1ecf \u1ee7 chua, th\u1ee9c \u0103n xanh v\u00e0 th\u1ee9c \u0103n c\u00f4 \u0111\u1eb7c \u0111\u01b0\u1ee3c \u0111\u01b0a v\u00e0o ph\u1ec5u qua h\u1ec7 th\u1ed1ng t\u1ea3i tr\u1ecdng th\u1ee7y l\u1ef1c.<\/li>    <li>H\u1ec7 th\u1ed1ng tr\u1ed9n nghi\u1ec1n v\u00e0 tr\u1ed9n \u0111\u1ec1u th\u1ee9c \u0103n \u0111\u1ec3 t\u1ea1o ra kh\u1ea9u ph\u1ea7n TMR \u0111\u1ed3ng nh\u1ea5t.<\/li>    <li>Sau khi tr\u1ed9n xong, th\u1ee9c \u0103n \u0111\u01b0\u1ee3c ph\u00e2n ph\u1ed1i \u0111\u1ec1u qua h\u1ec7 th\u1ed1ng b\u0103ng t\u1ea3i g\u1eafn b\u00ean.<\/li>    <li>To\u00e0n b\u1ed9 qu\u00e1 tr\u00ecnh \u0111\u01b0\u1ee3c \u0111i\u1ec1u khi\u1ec3n b\u1eb1ng h\u1ec7 th\u1ed1ng th\u1ee7y l\u1ef1c, \u0111\u1ea3m b\u1ea3o ho\u1ea1t \u0111\u1ed9ng li\u00ean t\u1ee5c v\u00e0 hi\u1ec7u qu\u1ea3.<\/li> <\/ol>    <h2 class=\"wp-block-heading\">Th\u00f4ng s\u1ed1 k\u1ef9 thu\u1eadt c\u1ee7a xe tr\u1ed9n v\u00e0 r\u1ea3i c\u1ecf \u1ee7 chua<\/h2>    <figure class=\"wp-block-table is-style-stripes\"><table class=\"has-fixed-layout\"><tbody><tr><td><strong>M\u1ee5c<\/strong><\/td><td><strong>Lo\u1ea1i d\u1ecdc (5m\u00b3)<\/strong><\/td><td><strong>Lo\u1ea1i ngang (5m\u00b3)<\/strong><\/td><\/tr><tr><td>M\u1eabu<\/td><td>TMR-5 D\u1ecdc<\/td><td>TMR-5 Ngang<\/td><\/tr><tr><td>Dung t\u00edch<\/td><td>5 m\u00b3<\/td><td>5 m\u00b3<\/td><\/tr><tr><td>K\u00edch th\u01b0\u1edbc (D\u00d7R\u00d7C)<\/td><td>5250\u00d72300\u00d72580 mm<\/td><td>4700\u00d71700\u00d72200 mm<\/td><\/tr><tr><td>Tr\u1ecdng l\u01b0\u1ee3ng<\/td><td>2874 kg<\/td><td>3500 kg<\/td><\/tr><tr><td>C\u00f4ng su\u1ea5t<\/td><td>\u0110\u1ed9ng c\u01a1 diesel 35 HP<\/td><td>\u0110\u1ed9ng c\u01a1 diesel 35 HP<\/td><\/tr><tr><td>Khung chassis<\/td><td>Wuzheng 5 b\u00e1nh<\/td><td>Xe ba b\u00e1nh\/4 b\u00e1nh Wuzheng<\/td><\/tr><tr><td>H\u1ec7 th\u1ed1ng cho \u0103n<\/td><td>Ph\u1ec5u n\u00e2ng th\u1ee7y l\u1ef1c<\/td><td>H\u1ec7 th\u1ed1ng cho \u0103n th\u1ee7y l\u1ef1c<\/td><\/tr><tr><td>Ph\u01b0\u01a1ng ph\u00e1p x\u1ea3<\/td><td>B\u0103ng t\u1ea3i x\u00edch th\u1ee7y l\u1ef1c<\/td><td>H\u1ec7 th\u1ed1ng x\u1ebbng \/ b\u0103ng t\u1ea3i x\u1ea3<\/td><\/tr><tr><td>Lo\u1ea1i tr\u1ed9n<\/td><td>B\u00faa tr\u1ee5c d\u1ecdc<\/td><td>B\u00faa tr\u1ee5c ngang<\/td><\/tr><tr><td>H\u1ec7 th\u1ed1ng c\u00e2n \u0111o<\/td><td>C\u00f3<\/td><td>T\u00f9y ch\u1ecdn<\/td><\/tr><tr><td>H\u1ec7 th\u1ed1ng truy\u1ec1n \u0111\u1ed9ng<\/td><td>H\u1ec7 th\u1ed1ng th\u1ee7y l\u1ef1c<\/td><td>Chu\u1ed7i   th\u1ee7y l\u1ef1c<\/td><\/tr><tr><td>S\u1ed1 l\u01b0\u1ee3ng l\u1ed1p xe<\/td><td>5 chi\u1ebfc<\/td><td>3\u20134 chi\u1ebfc<\/td><\/tr><\/tbody><\/table><figcaption class=\"wp-element-caption\">Th\u00f4ng s\u1ed1 k\u1ef9 thu\u1eadt c\u1ee7a m\u00e1y tr\u1ed9n v\u00e0 r\u1ea3i c\u1ecf \u1ee7 chua ch\u1ea1y diesel<\/figcaption><\/figure>    <figure class=\"wp-block-gallery has-nested-images columns-default is-cropped wp-block-gallery-3 is-layout-flex wp-block-gallery-is-layout-flex\"> <figure class=\"wp-block-image size-large\"><img loading=\"lazy\" decoding=\"async\" width=\"720\" height=\"540\" data-id=\"17623\" src=\"https:\/\/www.agriculture-machine.com\/wp-content\/uploads\/2026\/04\/silage-mixing-and-spreading-car.webp\" alt=\"Xe tr\u1ed9n v\u00e0 r\u1ea3i c\u1ecf \u1ee7 chua\" class=\"wp-image-17623\" srcset=\"https:\/\/www.agriculture-machine.com\/wp-content\/uploads\/2026\/04\/silage-mixing-and-spreading-car.webp 720w, https:\/\/www.agriculture-machine.com\/wp-content\/uploads\/2026\/04\/silage-mixing-and-spreading-car-360x270.webp 360w, https:\/\/www.agriculture-machine.com\/wp-content\/uploads\/2026\/04\/silage-mixing-and-spreading-car-240x180.webp 240w, https:\/\/www.agriculture-machine.com\/wp-content\/uploads\/2026\/04\/silage-mixing-and-spreading-car-16x12.webp 16w\" sizes=\"auto, (max-width: 720px) 100vw, 720px\" \/><figcaption class=\"wp-element-caption\">Xe tr\u1ed9n v\u00e0 r\u1ea3i c\u1ecf \u1ee7 chua<\/figcaption><\/figure>    <figure class=\"wp-block-image size-large\"><img loading=\"lazy\" decoding=\"async\" width=\"720\" height=\"540\" data-id=\"17624\" src=\"https:\/\/www.agriculture-machine.com\/wp-content\/uploads\/2026\/04\/vertical-feed-mixer-spreader.webp\" alt=\"m\u00e1y tr\u1ed9n v\u00e0 r\u1ea3i th\u1ee9c \u0103n d\u1ea1ng d\u1ecdc\" class=\"wp-image-17624\" srcset=\"https:\/\/www.agriculture-machine.com\/wp-content\/uploads\/2026\/04\/vertical-feed-mixer-spreader.webp 720w, https:\/\/www.agriculture-machine.com\/wp-content\/uploads\/2026\/04\/vertical-feed-mixer-spreader-360x270.webp 360w, https:\/\/www.agriculture-machine.com\/wp-content\/uploads\/2026\/04\/vertical-feed-mixer-spreader-240x180.webp 240w, https:\/\/www.agriculture-machine.com\/wp-content\/uploads\/2026\/04\/vertical-feed-mixer-spreader-16x12.webp 16w\" sizes=\"auto, (max-width: 720px) 100vw, 720px\" \/><figcaption class=\"wp-element-caption\">m\u00e1y tr\u1ed9n v\u00e0 r\u1ea3i th\u1ee9c \u0103n d\u1ea1ng d\u1ecdc<\/figcaption><\/figure> <\/figure>    <h2 class=\"wp-block-heading\">L\u00e0m th\u1ebf n\u00e0o \u0111\u1ec3 ch\u1ecdn m\u00e1y tr\u1ed9n v\u00e0 r\u1ea3i c\u1ecf \u1ee7 chua ph\u00f9 h\u1ee3p?<\/h2>    <ul class=\"wp-block-list\"> <li>Quy m\u00f4 trang tr\u1ea1i: \u0111\u1ed1i v\u1edbi \u0111\u00e0n d\u01b0\u1edbi 200 con, n\u00ean ch\u1ecdn m\u00f4 h\u00ecnh dung t\u00edch nh\u1ecf h\u01a1n; \u0111\u1ed1i v\u1edbi \u0111\u00e0n 300 con tr\u1edf l\u00ean, n\u00ean ch\u1ecdn m\u00f4 h\u00ecnh 5 m\u00b3.<\/li>    <li>Lo\u1ea1i th\u1ee9c \u0103n: \u0111\u1ed1i v\u1edbi th\u1ee9c \u0103n gi\u00e0u x\u01a1 th\u00f4, n\u00ean d\u00f9ng m\u00f4 h\u00ecnh d\u1ecdc; \u0111\u1ed1i v\u1edbi th\u1ee9c \u0103n c\u00f3 kh\u1ea3 n\u0103ng ch\u1ea3y cao, n\u00ean d\u00f9ng m\u00f4 h\u00ecnh ngang.<\/li>    <li>\u01afu \u0111i\u1ec3m v\u1eadn h\u00e0nh: ch\u1ecdn m\u00f4 h\u00ecnh ngang \u0111\u1ec3 x\u1ea3 nhanh; ch\u1ecdn m\u00f4 h\u00ecnh d\u1ecdc \u0111\u1ec3 ph\u00e2n ph\u1ed1i \u0111\u1ec1u.<\/li>    <li>\u0110i\u1ec1u ki\u1ec7n thi c\u00f4ng: \u0111\u1ed1i v\u1edbi l\u1ed1i \u0111i h\u1eb9p, n\u00ean d\u00f9ng khung ba b\u00e1nh; \u0111\u1ed1i v\u1edbi \u0111\u1ed3ng c\u1ecf r\u1ed9ng r\u00e3i, n\u00ean d\u00f9ng m\u00f4 h\u00ecnh b\u1ed1n b\u00e1nh.<\/li> <\/ul>    <h2 class=\"wp-block-heading\">T\u1ea1i sao ch\u1ecdn ch\u00fang t\u00f4i?<\/h2>    <ul class=\"wp-block-list\"> <li>Kinh nghi\u1ec7m \u0111\u00e3 \u0111\u01b0\u1ee3c ch\u1ee9ng minh: chuy\u00ean v\u1ec1 m\u00e1y m\u00f3c ch\u0103n nu\u00f4i, c\u00e1c s\u1ea3n ph\u1ea9m c\u1ee7a ch\u00fang t\u00f4i \u0111\u00e3 \u0111\u01b0\u1ee3c th\u1eed nghi\u1ec7m v\u00e0 x\u00e1c nh\u1eadn tr\u00ean nhi\u1ec1u th\u1ecb tr\u01b0\u1eddng.<\/li>    <li>C\u1ea5u h\u00ecnh \u0111a d\u1ea1ng: m\u00f4 h\u00ecnh d\u1ecdc v\u00e0 ngang \u0111\u1ec3 ph\u00f9 h\u1ee3p v\u1edbi c\u00e1c nhu c\u1ea7u kh\u00e1c nhau c\u1ee7a trang tr\u1ea1i.<\/li>    <li>C\u00e1c th\u00e0nh ph\u1ea7n c\u1ed1t l\u00f5i \u0111\u00e1ng tin c\u1eady: Khung Wuzheng   \u0111\u1ed9ng c\u01a1 diesel hi\u1ec7u su\u1ea5t cao, mang l\u1ea1i hi\u1ec7u su\u1ea5t m\u1ea1nh m\u1ebd v\u00e0 \u1ed5n \u0111\u1ecbnh.<\/li>    <li>D\u1ecbch v\u1ee5 t\u00f9y ch\u1ec9nh: gi\u1ea3i ph\u00e1p ph\u00f9 h\u1ee3p d\u1ef1a tr\u00ean quy m\u00f4 trang tr\u1ea1i v\u00e0 \u0111\u00e0n gia s\u00fac.<\/li>    <li>H\u1ed7 tr\u1ee3 h\u1eadu m\u00e3i to\u00e0n di\u1ec7n: h\u01b0\u1edbng d\u1eabn l\u1eafp \u0111\u1eb7t, \u0111\u00e0o t\u1ea1o k\u1ef9 thu\u1eadt v\u00e0 \u0111\u1ea3m b\u1ea3o d\u1ecbch v\u1ee5 l\u00e2u d\u00e0i.<\/li> <\/ul>    <figure class=\"wp-block-gallery has-nested-images columns-default is-cropped wp-block-gallery-4 is-layout-flex wp-block-gallery-is-layout-flex\"> <figure class=\"wp-block-image size-large\"><img loading=\"lazy\" decoding=\"async\" width=\"720\" height=\"540\" data-id=\"17627\" src=\"https:\/\/www.agriculture-machine.com\/wp-content\/uploads\/2026\/04\/diesel-silage-feed-mixer-and-spreader.webp\" alt=\"M\u00e1y tr\u1ed9n v\u00e0 r\u1ea3i c\u1ecf \u1ee7 chua TMR ch\u1ea1y diesel 5m\u00b3 t\u00edch h\u1ee3p cho \u0103n, tr\u1ed9n v\u00e0 r\u1ea3i. N\u00f3 n\u00e2ng cao hi\u1ec7u qu\u1ea3 cho \u0103n, \u0111\u1ea3m b\u1ea3o kh\u1ea9u ph\u1ea7n \u0111\u1ed3ng \u0111\u1ec1u, v\u00e0 gi\u1ea3m chi ph\u00ed lao \u0111\u1ed9ng cho c\u00e1c trang tr\u1ea1i trung b\u00ecnh v\u00e0 l\u1edbn.\" class=\"wp-image-17627\" srcset=\"https:\/\/www.agriculture-machine.com\/wp-content\/uploads\/2026\/04\/diesel-silage-feed-mixer-and-spreader.webp 720w, https:\/\/www.agriculture-machine.com\/wp-content\/uploads\/2026\/04\/diesel-silage-feed-mixer-and-spreader-360x270.webp 360w, https:\/\/www.agriculture-machine.com\/wp-content\/uploads\/2026\/04\/diesel-silage-feed-mixer-and-spreader-240x180.webp 240w, https:\/\/www.agriculture-machine.com\/wp-content\/uploads\/2026\/04\/diesel-silage-feed-mixer-and-spreader-16x12.webp 16w\" sizes=\"auto, (max-width: 720px) 100vw, 720px\" \/><figcaption class=\"wp-element-caption\">m\u00e1y tr\u1ed9n v\u00e0 r\u1ea3i c\u1ecf \u1ee7 chua ch\u1ea1y diesel<\/figcaption><\/figure>    <figure class=\"wp-block-image size-large\"><img loading=\"lazy\" decoding=\"async\" width=\"720\" height=\"540\" data-id=\"17628\" src=\"https:\/\/www.agriculture-machine.com\/wp-content\/uploads\/2026\/04\/horizontal-livestock-feed-mixer-spreader.webp\" alt=\"m\u00e1y tr\u1ed9n v\u00e0 r\u1ea3i th\u1ee9c \u0103n ch\u0103n nu\u00f4i ngang\" class=\"wp-image-17628\" srcset=\"https:\/\/www.agriculture-machine.com\/wp-content\/uploads\/2026\/04\/horizontal-livestock-feed-mixer-spreader.webp 720w, https:\/\/www.agriculture-machine.com\/wp-content\/uploads\/2026\/04\/horizontal-livestock-feed-mixer-spreader-360x270.webp 360w, https:\/\/www.agriculture-machine.com\/wp-content\/uploads\/2026\/04\/horizontal-livestock-feed-mixer-spreader-240x180.webp 240w, https:\/\/www.agriculture-machine.com\/wp-content\/uploads\/2026\/04\/horizontal-livestock-feed-mixer-spreader-16x12.webp 16w\" sizes=\"auto, (max-width: 720px) 100vw, 720px\" \/><figcaption class=\"wp-element-caption\">m\u00e1y tr\u1ed9n v\u00e0 r\u1ea3i th\u1ee9c \u0103n ch\u0103n nu\u00f4i ngang<\/figcaption><\/figure> <\/figure>    <h2 class=\"wp-block-heading\">C\u00e2u h\u1ecfi th\u01b0\u1eddng g\u1eb7p<\/h2>   <div id=\"rank-math-faq\" class=\"rank-math-block\"> <div class=\"rank-math-list\"> <div id=\"faq-question-1775630970816\" class=\"rank-math-list-item\"> <h3 class=\"rank-math-question\">S\u1ef1 kh\u00e1c bi\u1ec7t gi\u1eefa m\u00f4 h\u00ecnh d\u1ecdc v\u00e0 ngang l\u00e0 g\u00ec?<\/h3> <div class=\"rank-math-answer\">  <p>M\u00e1y tr\u1ed9n d\u1ecdc cung c\u1ea5p kh\u1ea3 n\u0103ng tr\u1ed9n \u0111\u1ec1u h\u01a1n v\u00e0 ph\u00f9 h\u1ee3p cho th\u1ee9c \u0103n c\u00f3 h\u00e0m l\u01b0\u1ee3ng x\u01a1 cao; m\u00e1y tr\u1ed9n ngang x\u1ea3 nhanh h\u01a1n v\u00e0 ph\u00f9 h\u1ee3p cho vi\u1ec7c cho \u0103n hi\u1ec7u qu\u1ea3 cao.<\/p>  <\/div> <\/div> <div id=\"faq-question-1775630981229\" class=\"rank-math-list-item\"> <h3 class=\"rank-math-question\">M\u1ed9t thi\u1ebft b\u1ecb c\u00f3 th\u1ec3 nu\u00f4i bao nhi\u00eau b\u00f2?<\/h3> <div class=\"rank-math-answer\">  <p>M\u00f4 h\u00ecnh m\u00e1y tr\u1ed9n v\u00e0 r\u1ea3i c\u1ecf \u1ee7 chua 5m\u00b3 c\u00f3 th\u1ec3 \u0111\u00e1p \u1ee9ng nhu c\u1ea7u th\u1ee9c \u0103n h\u00e0ng ng\u00e0y c\u1ee7a kho\u1ea3ng 200\u2013500 con b\u00f2.<\/p>  <\/div> <\/div> <div id=\"faq-question-1775631005344\" class=\"rank-math-list-item\"> <h3 class=\"rank-math-question\">Thi\u1ebft b\u1ecb c\u00f3 kh\u00f3 v\u1eadn h\u00e0nh kh\u00f4ng?<\/h3> <div class=\"rank-math-answer\">  <p>V\u1edbi \u0111i\u1ec1u khi\u1ec3n th\u1ee7y l\u1ef1c ho\u00e0n to\u00e0n, m\u1ed9t ng\u01b0\u1eddi v\u1eadn h\u00e0nh c\u00f3 th\u1ec3 x\u1eed l\u00fd t\u1ea3i, tr\u1ed9n v\u00e0 ph\u00e2n ph\u1ed1i.<\/p>  <\/div> <\/div> <div id=\"faq-question-1775631016914\" class=\"rank-math-list-item\"> <h3 class=\"rank-math-question\">C\u00f3 c\u1ea7n \u0111\u1ed9ng c\u01a1 diesel kh\u00f4ng?<\/h3> <div class=\"rank-math-answer\">  <p>\u0110\u1ed9ng c\u01a1 diesel ph\u00f9 h\u1ee3p cho ho\u1ea1t \u0111\u1ed9ng di \u0111\u1ed9ng ngo\u00e0i tr\u1eddi, nh\u01b0ng ch\u00fang t\u00f4i c\u0169ng cung c\u1ea5p c\u00e1c m\u00f4 h\u00ecnh \u0111\u1ed9ng c\u01a1 \u0111i\u1ec7n l\u00e0m l\u1ef1a ch\u1ecdn.<\/p>  <\/div> <\/div> <\/div> <\/div>   <p class=\"translation-block\">Ch\u00fang t\u00f4i c\u0169ng cung c\u1ea5p nhi\u1ec1u lo\u1ea1i thi\u1ebft b\u1ecb cho \u0103n, bao g\u1ed3m <strong><em><a href=\"https:\/\/www.agriculture-machine.com\/vi\/silage-spreader-feeding-car\/\">m\u00e1y r\u1ea3i th\u1ee9c \u0103n ch\u0103n nu\u00f4i c\u00f3 \u0111\u1ed9ng c\u01a1<\/a><\/em><\/strong> v\u00e0 <strong><em><a href=\"https:\/\/www.agriculture-machine.com\/vi\/horizontal-tmr-feed-mixer-for-sale-forage-mixer-mash-mixer\/\">m\u00e1y tr\u1ed9n c\u1ecf \u1ee7 chua c\u1ed1 \u0111\u1ecbnh<\/a><\/em><\/strong>, \u0111\u1ec3 \u0111\u00e1p \u1ee9ng nhu c\u1ea7u c\u1ee7a c\u00e1c trang tr\u1ea1i kh\u00e1c nhau. Xin vui l\u00f2ng li\u00ean h\u1ec7 \u0111\u1ec3 nh\u1eadn \u0111\u1ec1 xu\u1ea5t v\u00e0 b\u00e1o gi\u00e1 chi ti\u1ebft; ch\u00fang t\u00f4i s\u1eb5n s\u00e0ng cung c\u1ea5p gi\u1ea3i ph\u00e1p tr\u1ecdn g\u00f3i cho c\u01a1 gi\u1edbi h\u00f3a n\u00f4ng nghi\u1ec7p.<\/p>","protected":false},"excerpt":{"rendered":"<p>The 5m\u00b3 diesel TMR silage mixer and spreader integrates feeding, mixing, and spreading. It improves feeding efficiency, ensures uniform rations, and reduces labor costs for medium and large farms.<\/p>","protected":false},"author":1,"featured_media":17630,"parent":0,"comment_status":"open","ping_status":"closed","template":"","tags":[772,591],"product-type":[2],"class_list":["post-17620","product","type-product","status-publish","has-post-thumbnail","hentry","tag-forage","tag-silage","product-type-products"],"_links":{"self":[{"href":"https:\/\/www.agriculture-machine.com\/vi\/wp-json\/wp\/v2\/product\/17620","targetHints":{"allow":["GET"]}}],"collection":[{"href":"https:\/\/www.agriculture-machine.com\/vi\/wp-json\/wp\/v2\/product"}],"about":[{"href":"https:\/\/www.agriculture-machine.com\/vi\/wp-json\/wp\/v2\/types\/product"}],"author":[{"embeddable":true,"href":"https:\/\/www.agriculture-machine.com\/vi\/wp-json\/wp\/v2\/users\/1"}],"replies":[{"embeddable":true,"href":"https:\/\/www.agriculture-machine.com\/vi\/wp-json\/wp\/v2\/comments?post=17620"}],"wp:featuredmedia":[{"embeddable":true,"href":"https:\/\/www.agriculture-machine.com\/vi\/wp-json\/wp\/v2\/media\/17630"}],"wp:attachment":[{"href":"https:\/\/www.agriculture-machine.com\/vi\/wp-json\/wp\/v2\/media?parent=17620"}],"wp:term":[{"taxonomy":"post_tag","embeddable":true,"href":"https:\/\/www.agriculture-machine.com\/vi\/wp-json\/wp\/v2\/tags?post=17620"},{"taxonomy":"product-type","embeddable":true,"href":"https:\/\/www.agriculture-machine.com\/vi\/wp-json\/wp\/v2\/product-type?post=17620"}],"curies":[{"name":"wp","href":"https:\/\/api.w.org\/{rel}","templated":true}]}}