{"id":17641,"date":"2026-04-17T15:23:34","date_gmt":"2026-04-17T07:23:34","guid":{"rendered":"https:\/\/www.agriculture-machine.com\/?post_type=product&#038;p=17641"},"modified":"2026-04-17T15:23:35","modified_gmt":"2026-04-17T07:23:35","slug":"tmr-vertical-feed-mixer","status":"publish","type":"product","link":"https:\/\/www.agriculture-machine.com\/vi\/tmr-vertical-feed-mixer\/","title":{"rendered":"M\u00e1y tr\u1ed9n th\u1ee9c \u0103n theo chi\u1ec1u d\u1ecdc TMR | Xe tr\u1ed9n c\u1ecf"},"content":{"rendered":"<p>M\u00e1y tr\u1ed9n c\u1ecf TMR \u0111\u1ee9ng d\u00f9ng \u0111\u1ec3 chu\u1ea9n b\u1ecb kh\u1ea9u ph\u1ea7n h\u1ed7n h\u1ee3p to\u00e0n ph\u1ea7n tr\u00ean c\u00e1c trang tr\u1ea1i s\u1eefa l\u1edbn. H\u1ec7 th\u1ed1ng tr\u1ed9n xo\u1eafn \u1ed1c \u0111\u1ee9ng tr\u1ed9n \u0111\u1ec1u c\u1ecf \u1ee7 chua, c\u1ecf kh\u00f4, r\u01a1m, th\u1ee9c \u0103n tinh, v\u00e0 b\u1ed5 sung kho\u00e1ng ch\u1ea5t theo t\u1ef7 l\u1ec7 ch\u00ednh x\u00e1c \u0111\u1ec3 \u0111\u1ea3m b\u1ea3o ch\u1ebf \u0111\u1ed9 dinh d\u01b0\u1ee1ng c\u00e2n \u0111\u1ed1i.<\/p>    <p>Thi\u1ebft b\u1ecb c\u00f3 dung t\u00edch t\u1eeb 3 \u0111\u1ebfn 36 m\u00b3. M\u1eabu 7 m\u00b3 ph\u1ed5 bi\u1ebfn (9JGL-7) \u0111\u00e1p \u1ee9ng nhu c\u1ea7u h\u00e0ng ng\u00e0y c\u1ee7a c\u00e1c trang tr\u1ea1i b\u00f2 trung b\u00ecnh, th\u01b0\u1eddng ho\u00e0n th\u00e0nh tr\u1ed9n \u0111\u1ec1u trong v\u00f2ng 5 \u0111\u1ebfn 15 ph\u00fat. <\/p>    <p>V\u1edbi c\u00f4ng su\u1ea5t kho\u1ea3ng 3.000\u20134.000 kg\/h v\u00e0 h\u1ec7 th\u1ed1ng c\u00f4ng su\u1ea5t 70 m\u00e3 l\u1ef1c tr\u1edf l\u00ean, ph\u00f9 h\u1ee3p cho c\u00e1c trang tr\u1ea1i ch\u0103n nu\u00f4i b\u00f2, c\u1eebu v\u00e0 c\u00e1c lo\u1ea1i gia s\u00fac kh\u00e1c.<\/p>    <p>M\u00e1y tr\u1ed9n c\u1ecf \u0111\u1ee9ng c\u00f3 l\u01b0\u1ee1i dao h\u1ee3p kim ch\u1ed1ng m\u00e0i m\u00f2n v\u00e0 c\u1ea5u tr\u00fac th\u00e9p gia c\u1ed1, k\u1ebft h\u1ee3p h\u1ec7 th\u1ed1ng c\u00e2n v\u00e0 thi\u1ebft k\u1ebf h\u1ed9p s\u1ed1 c\u01b0\u1eddng \u0111\u1ed9 cao. \u0110i\u1ec1u n\u00e0y gi\u00fap c\u1ea3i thi\u1ec7n \u0111\u1ed9 \u0111\u1ed3ng \u0111\u1ec1u c\u1ee7a th\u1ee9c \u0103n, gi\u1ea3m vi\u1ec7c gia s\u00fac ch\u1ecdn l\u1ecdc th\u1ee9c \u0103n v\u00e0 n\u00e2ng cao hi\u1ec7u qu\u1ea3 s\u1eed d\u1ee5ng th\u1ee9c \u0103n, tr\u1edf th\u00e0nh thi\u1ebft b\u1ecb thi\u1ebft y\u1ebfu cho c\u00e1c trang tr\u1ea1i ch\u0103n nu\u00f4i hi\u1ec7n \u0111\u1ea1i, ti\u00eau chu\u1ea9n.<\/p>    <figure class=\"wp-block-embed aligncenter is-type-video is-provider-youtube wp-block-embed-youtube wp-embed-aspect-16-9 wp-has-aspect-ratio\"><div class=\"wp-block-embed__wrapper\"> <iframe loading=\"lazy\" title=\"M\u00e1y tr\u1ed9n th\u1ee9c \u0103n h\u1ed7n h\u1ee3p TMR \u0111\u1ee9ng | Gi\u1ea3i ph\u00e1p cho ch\u0103n nu\u00f4i hi\u1ec7u qu\u1ea3 cao \ud83d\ude9c\ud83d\udc04#silage #mixer\" width=\"500\" height=\"281\" src=\"https:\/\/www.youtube.com\/embed\/fKL42jTkmH4?feature=oembed\" frameborder=\"0\" allow=\"accelerometer; autoplay; clipboard-write; encrypted-media; gyroscope; picture-in-picture; web-share\" referrerpolicy=\"strict-origin-when-cross-origin\" allowfullscreen><\/iframe> <\/div><figcaption class=\"wp-element-caption\">Video ho\u1ea1t \u0111\u1ed9ng c\u1ee7a m\u00e1y tr\u1ed9n c\u1ecf TMR \u0111\u1ee9ng<\/figcaption><\/figure>    <h2 class=\"wp-block-heading\">\u1ee8ng d\u1ee5ng m\u00e1y tr\u1ed9n th\u1ee9c \u0103n ch\u0103n nu\u00f4i<\/h2>    <p>Thi\u1ebft b\u1ecb n\u00e0y \u0111\u01b0\u1ee3c s\u1eed d\u1ee5ng r\u1ed9ng r\u00e3i tr\u00ean c\u00e1c trang tr\u1ea1i s\u1eefa, trang tr\u1ea1i b\u00f2 th\u1ecbt, trang tr\u1ea1i c\u1eebu v\u00e0 c\u00e1c c\u01a1 s\u1edf ch\u0103n nu\u00f4i quy m\u00f4 l\u1edbn.<\/p>    <p>C\u00f3 th\u1ec3 d\u00f9ng \u0111\u1ec3 tr\u1ed9n \u0111\u1ec1u v\u00e0 pha tr\u1ed9n c\u1ecf \u1ee7 chua, ng\u00f4, c\u1ecf linh l\u0103ng, c\u1ecf kh\u00f4, r\u01a1m v\u00e0 th\u1ee9c \u0103n tinh. Gi\u00fap thi\u1ebft l\u1eadp h\u1ec7 th\u1ed1ng cho \u0103n TMR khoa h\u1ecdc v\u00e0 n\u00e2ng cao hi\u1ec7u qu\u1ea3 n\u00f4ng nghi\u1ec7p t\u1ed5ng th\u1ec3.<\/p>    <h2 class=\"wp-block-heading\">\u01afu \u0111i\u1ec3m c\u1ee7a m\u00e1y tr\u1ed9n c\u1ecf \u0111\u1ee9ng<\/h2>    <ul class=\"wp-block-list\"> <li>Thi\u1ebft k\u1ebf xo\u1eafn \u1ed1c \u0111\u1ee9ng \u0111\u1ec3 n\u00e2ng cao hi\u1ec7u qu\u1ea3 c\u1eaft v\u00e0 tr\u1ed9n.<\/li>    <li>L\u01b0\u1ee1i dao h\u1ee3p kim ch\u1ed1ng m\u00e0i m\u00f2n, ph\u00f9 h\u1ee3p c\u1eaft r\u01a1m d\u00e0i.<\/li>    <li>Hi\u1ec7u qu\u1ea3 ng\u0103n ch\u1eb7n vi\u1ec7c gia s\u00fac ch\u1ecdn l\u1ecdc th\u1ee9c \u0103n v\u00e0 c\u00e2n \u0111\u1ed1i ch\u1ebf \u0111\u1ed9 dinh d\u01b0\u1ee1ng.<\/li>    <li>Thi\u1ebft k\u1ebf \u0111\u01a1n gi\u1ea3n, chi ph\u00ed b\u1ea3o tr\u00ec th\u1ea5p v\u00e0 hi\u1ec7u qu\u1ea3 chi ph\u00ed v\u01b0\u1ee3t tr\u1ed9i.<\/li>    <li>Trang b\u1ecb h\u1ec7 th\u1ed1ng c\u00e2n \u0111\u1ec3 \u0111\u1ecbnh l\u01b0\u1ee3ng ch\u00ednh x\u00e1c h\u01a1n.<\/li>    <li>C\u1ea5u t\u1ea1o b\u1eb1ng th\u00e9p gia c\u1ed1 \u0111\u1ec3 t\u0103ng tu\u1ed5i th\u1ecd d\u1ecbch v\u1ee5.<\/li>    <li>H\u1ed7 tr\u1ee3 nhi\u1ec1u t\u00f9y ch\u1ecdn c\u00f4ng su\u1ea5t: diesel, \u0111\u1ed9ng c\u01a1 \u0111i\u1ec7n ho\u1eb7c tractor.<\/li> <\/ul>    <figure class=\"wp-block-gallery has-nested-images columns-default is-cropped wp-block-gallery-2 is-layout-flex wp-block-gallery-is-layout-flex\"> <figure class=\"wp-block-image size-large\"><img loading=\"lazy\" decoding=\"async\" width=\"720\" height=\"540\" data-id=\"17646\" src=\"https:\/\/www.agriculture-machine.com\/wp-content\/uploads\/2026\/04\/feed-blending-machine.webp\" alt=\"m\u00e1y tr\u1ed9n th\u1ee9c \u0103n\" class=\"wp-image-17646\" srcset=\"https:\/\/www.agriculture-machine.com\/wp-content\/uploads\/2026\/04\/feed-blending-machine.webp 720w, https:\/\/www.agriculture-machine.com\/wp-content\/uploads\/2026\/04\/feed-blending-machine-360x270.webp 360w, https:\/\/www.agriculture-machine.com\/wp-content\/uploads\/2026\/04\/feed-blending-machine-240x180.webp 240w, https:\/\/www.agriculture-machine.com\/wp-content\/uploads\/2026\/04\/feed-blending-machine-16x12.webp 16w\" sizes=\"auto, (max-width: 720px) 100vw, 720px\" \/><figcaption class=\"wp-element-caption\">m\u00e1y tr\u1ed9n th\u1ee9c \u0103n<\/figcaption><\/figure>    <figure class=\"wp-block-image size-large\"><img loading=\"lazy\" decoding=\"async\" width=\"720\" height=\"540\" data-id=\"17647\" src=\"https:\/\/www.agriculture-machine.com\/wp-content\/uploads\/2026\/04\/vertical-silage-mixer-machine.webp\" alt=\"m\u00e1y tr\u1ed9n c\u1ecf \u1ee7 chua \u0111\u1ee9ng\" class=\"wp-image-17647\" srcset=\"https:\/\/www.agriculture-machine.com\/wp-content\/uploads\/2026\/04\/vertical-silage-mixer-machine.webp 720w, https:\/\/www.agriculture-machine.com\/wp-content\/uploads\/2026\/04\/vertical-silage-mixer-machine-360x270.webp 360w, https:\/\/www.agriculture-machine.com\/wp-content\/uploads\/2026\/04\/vertical-silage-mixer-machine-240x180.webp 240w, https:\/\/www.agriculture-machine.com\/wp-content\/uploads\/2026\/04\/vertical-silage-mixer-machine-16x12.webp 16w\" sizes=\"auto, (max-width: 720px) 100vw, 720px\" \/><figcaption class=\"wp-element-caption\">m\u00e1y tr\u1ed9n c\u1ecf \u1ee7 chua \u0111\u1ee9ng<\/figcaption><\/figure> <\/figure>    <h2 class=\"wp-block-heading\">Th\u00f4ng s\u1ed1 k\u1ef9 thu\u1eadt c\u1ee7a xe tr\u1ed9n TMR<\/h2>    <figure class=\"wp-block-table is-style-stripes\"><table class=\"has-fixed-layout\"><tbody><tr><td><strong>M\u1ee5c<\/strong><\/td><td><strong>Th\u00f4ng s\u1ed1 k\u1ef9 thu\u1eadt<\/strong><\/td><td><strong>M\u1ee5c<\/strong><\/td><td><strong>Th\u00f4ng s\u1ed1 k\u1ef9 thu\u1eadt<\/strong><\/td><\/tr><tr><td>M\u1eabu<\/td><td>9JGL-7<\/td><td>Th\u1ec3 t\u00edch tr\u1ed9n<\/td><td>7 m\u00b3<\/td><\/tr><tr><td>C\u1ea5u tr\u00fac<\/td><td>Lo\u1ea1i k\u00e9o ngang \u0111\u1ee9ng<\/td><td>Ngu\u1ed3n \u0111i\u1ec7n<\/td><td>PTO c\u1ee7a tractor<\/td><\/tr><tr><td>C\u00f4ng su\u1ea5t y\u00eau c\u1ea7u<\/td><td>\u226570 HP<\/td><td>Th\u01b0\u01a1ng hi\u1ec7u h\u1ed9p s\u1ed1<\/td><td>H\u1ed9p s\u1ed1 Jiangling<\/td><\/tr><tr><td>T\u1ed1c \u0111\u1ed9 tr\u1ee5c ch\u00ednh<\/td><td>23 v\u00f2ng\/ph\u00fat<\/td><td>S\u1ed1 l\u01b0\u1ee3ng tr\u1ee5c ch\u00ednh<\/td><td>1<\/td><\/tr><tr><td>S\u1ed1 l\u01b0\u1ee3ng l\u01b0\u1ee1i dao<\/td><td>7 l\u1edbn   6 nh\u1ecf<\/td><td>Ch\u1ea5t li\u1ec7u l\u01b0\u1ee1i dao<\/td><td>Cr12MoV<\/td><\/tr><tr><td>K\u00edch th\u01b0\u1edbc m\u00e1y<\/td><td>3700 \u00d7 2200 \u00d7 2300 mm<\/td><td>K\u00edch th\u01b0\u1edbc b\u1ec3 ch\u1ee9a tr\u00ean<\/td><td>2700 \u00d7 2100 mm<\/td><\/tr><tr><td>\u0110\u1ed9 d\u00e0y th\u00e9p<\/td><td>M\u1eb7t b\u00ean d\u00e0y 8 mm \/ \u0111\u00e1y 20 mm<\/td><td>C\u00f4ng su\u1ea5t \u0111\u1ea7u ra<\/td><td>3000\u20134000 kg\/h<\/td><\/tr><tr><td>H\u1ec7 th\u1ed1ng \u0111i\u1ec1u khi\u1ec3n<\/td><td>H\u1ec7 th\u1ed1ng c\u00e2n \u0111o<\/td><td>L\u1ed7 x\u1ea3<\/td><td>1<\/td><\/tr><tr><td>Ph\u01b0\u01a1ng ph\u00e1p cho \u0103n<\/td><td>T\u1ea3i l\u00ean tr\u00ean<\/td><td>Lo\u1ea1i ho\u1ea1t \u0111\u1ed9ng<\/td><td>Lo\u1ea1i k\u00e9o<\/td><\/tr><\/tbody><\/table><figcaption class=\"wp-element-caption\">Th\u00f4ng s\u1ed1 k\u1ef9 thu\u1eadt c\u1ee7a m\u00e1y tr\u1ed9n c\u1ecf \u0111\u1ee9ng 7 m\u00b3<\/figcaption><\/figure>    <figure class=\"wp-block-gallery has-nested-images columns-default is-cropped wp-block-gallery-3 is-layout-flex wp-block-gallery-is-layout-flex\"> <figure class=\"wp-block-image size-large\"><img loading=\"lazy\" decoding=\"async\" width=\"720\" height=\"540\" data-id=\"17649\" src=\"https:\/\/www.agriculture-machine.com\/wp-content\/uploads\/2026\/04\/vertical-feed-mixer.webp\" alt=\"M\u00e1y tr\u1ed9n th\u1ee9c \u0103n c\u1ecf \u0111\u1ee9ng\" class=\"wp-image-17649\" srcset=\"https:\/\/www.agriculture-machine.com\/wp-content\/uploads\/2026\/04\/vertical-feed-mixer.webp 720w, https:\/\/www.agriculture-machine.com\/wp-content\/uploads\/2026\/04\/vertical-feed-mixer-360x270.webp 360w, https:\/\/www.agriculture-machine.com\/wp-content\/uploads\/2026\/04\/vertical-feed-mixer-240x180.webp 240w, https:\/\/www.agriculture-machine.com\/wp-content\/uploads\/2026\/04\/vertical-feed-mixer-16x12.webp 16w\" sizes=\"auto, (max-width: 720px) 100vw, 720px\" \/><figcaption class=\"wp-element-caption\">M\u00e1y tr\u1ed9n th\u1ee9c \u0103n c\u1ecf \u0111\u1ee9ng<\/figcaption><\/figure>    <figure class=\"wp-block-image size-large\"><img loading=\"lazy\" decoding=\"async\" width=\"720\" height=\"540\" data-id=\"17648\" src=\"https:\/\/www.agriculture-machine.com\/wp-content\/uploads\/2026\/04\/total-mixed-ration-mixer.webp\" alt=\"m\u00e1y tr\u1ed9n th\u1ee9c \u0103n h\u1ed7n h\u1ee3p to\u00e0n ph\u1ea7n\" class=\"wp-image-17648\" srcset=\"https:\/\/www.agriculture-machine.com\/wp-content\/uploads\/2026\/04\/total-mixed-ration-mixer.webp 720w, https:\/\/www.agriculture-machine.com\/wp-content\/uploads\/2026\/04\/total-mixed-ration-mixer-360x270.webp 360w, https:\/\/www.agriculture-machine.com\/wp-content\/uploads\/2026\/04\/total-mixed-ration-mixer-240x180.webp 240w, https:\/\/www.agriculture-machine.com\/wp-content\/uploads\/2026\/04\/total-mixed-ration-mixer-16x12.webp 16w\" sizes=\"auto, (max-width: 720px) 100vw, 720px\" \/><figcaption class=\"wp-element-caption\">m\u00e1y tr\u1ed9n th\u1ee9c \u0103n h\u1ed7n h\u1ee3p to\u00e0n ph\u1ea7n<\/figcaption><\/figure> <\/figure>    <h2 class=\"wp-block-heading\">Nguy\u00ean l\u00fd ho\u1ea1t \u0111\u1ed9ng c\u1ee7a m\u00e1y tr\u1ed9n c\u1ecf TMR \u0111\u1ee9ng<\/h2>    <p>Khi nguy\u00ean li\u1ec7u v\u00e0o bu\u1ed3ng tr\u1ed9n qua c\u1eeda n\u1ea1p, ch\u00fang \u0111\u01b0\u1ee3c n\u00e2ng l\u00ean theo chi\u1ec1u d\u1ecdc v\u00e0 c\u1eaft b\u1edfi tr\u1ee5c xo\u1eafn \u1ed1c \u0111\u1ee9ng, trong khi c\u00e1c l\u01b0\u1ee1i dao d\u01b0\u1edbi th\u1ef1c hi\u1ec7n nghi\u1ec1n ph\u1ee5. \u0110i\u1ec1u n\u00e0y \u0111\u1ea3m b\u1ea3o c\u00e1c nguy\u00ean li\u1ec7u li\u00ean t\u1ee5c \u0111\u01b0\u1ee3c quay v\u00e0 tr\u1ed9n trong bu\u1ed3ng. <\/p>    <p>K\u1ebft h\u1ee3p v\u1edbi h\u1ec7 th\u1ed1ng c\u00e2n ch\u00ednh x\u00e1c ki\u1ec3m so\u00e1t t\u1ef7 l\u1ec7 tr\u1ed9n, h\u1ed7n h\u1ee3p cu\u1ed1i c\u00f9ng \u0111\u01b0\u1ee3c x\u1ea3 \u0111\u1ec1u qua l\u1ed7 x\u1ea3, gi\u00fap cung c\u1ea5p kh\u1ea9u ph\u1ea7n h\u1ed7n h\u1ee3p \u0111\u1ed3ng nh\u1ea5t.<\/p>    <h2 class=\"wp-block-heading\">L\u00e0m th\u1ebf n\u00e0o \u0111\u1ec3 ch\u1ecdn \u0111\u00fang m\u00e1y tr\u1ed9n TMR?<\/h2>    <p>Khi ch\u1ecdn m\u00e1y tr\u1ed9n TMR, quy\u1ebft \u0111\u1ecbnh n\u00ean d\u1ef1a tr\u00ean quy m\u00f4 ho\u1ea1t \u0111\u1ed9ng, l\u01b0\u1ee3ng th\u1ee9c \u0103n h\u00e0ng ng\u00e0y v\u00e0 \u0111i\u1ec1u ki\u1ec7n \u0111\u1ecba \u0111i\u1ec3m. C\u0169ng c\u1ea7n xem x\u00e9t ngu\u1ed3n n\u0103ng l\u01b0\u1ee3ng (\u0111\u1ed9ng c\u01a1 \u0111i\u1ec7n, tractor ho\u1eb7c diesel) v\u00e0 c\u00f3 c\u1ea7n h\u1ec7 th\u1ed1ng c\u00e2n v\u00e0 ch\u1ee9c n\u0103ng t\u1ef1 \u0111\u1ed9ng kh\u00f4ng.<\/p>    <p>C\u00e1c trang tr\u1ea1i nh\u1ecf c\u00f3 th\u1ec3 ch\u1ecdn c\u00e1c m\u1eabu c\u00f3 dung t\u00edch 3\u20137 m\u00b3; c\u00e1c trang tr\u1ea1i trung b\u00ecnh n\u00ean ch\u1ecdn c\u00e1c m\u1eabu 7\u201315 m\u00b3. Trong khi \u0111\u00f3, c\u00e1c ho\u1ea1t \u0111\u1ed9ng quy m\u00f4 l\u1edbn ph\u00f9 h\u1ee3p nh\u1ea5t v\u1edbi thi\u1ebft b\u1ecb c\u00f3 dung t\u00edch 20 m\u00b3 tr\u1edf l\u00ean (nh\u01b0 h\u00ecnh d\u01b0\u1edbi \u0111\u00e2y).<\/p>    <figure class=\"wp-block-gallery has-nested-images columns-default is-cropped wp-block-gallery-4 is-layout-flex wp-block-gallery-is-layout-flex\"> <figure class=\"wp-block-image size-large\"><img loading=\"lazy\" decoding=\"async\" width=\"720\" height=\"540\" data-id=\"17650\" src=\"https:\/\/www.agriculture-machine.com\/wp-content\/uploads\/2026\/04\/20-m\u00b3-vertical-feed-mixer.webp\" alt=\"M\u00e1y tr\u1ed9n c\u1ecf \u0111\u1ee9ng 20 m\u00b3\" class=\"wp-image-17650\" srcset=\"https:\/\/www.agriculture-machine.com\/wp-content\/uploads\/2026\/04\/20-m\u00b3-vertical-feed-mixer.webp 720w, https:\/\/www.agriculture-machine.com\/wp-content\/uploads\/2026\/04\/20-m\u00b3-vertical-feed-mixer-360x270.webp 360w, https:\/\/www.agriculture-machine.com\/wp-content\/uploads\/2026\/04\/20-m\u00b3-vertical-feed-mixer-240x180.webp 240w, https:\/\/www.agriculture-machine.com\/wp-content\/uploads\/2026\/04\/20-m\u00b3-vertical-feed-mixer-16x12.webp 16w\" sizes=\"auto, (max-width: 720px) 100vw, 720px\" \/><figcaption class=\"wp-element-caption\">M\u00e1y tr\u1ed9n c\u1ecf \u0111\u1ee9ng 20 m\u00b3<\/figcaption><\/figure>    <figure class=\"wp-block-image size-large\"><img loading=\"lazy\" decoding=\"async\" width=\"720\" height=\"540\" data-id=\"17651\" src=\"https:\/\/www.agriculture-machine.com\/wp-content\/uploads\/2026\/04\/large-feed-mixing-wagon.webp\" alt=\"Xe tr\u1ed9n th\u1ee9c \u0103n l\u1edbn\" class=\"wp-image-17651\" srcset=\"https:\/\/www.agriculture-machine.com\/wp-content\/uploads\/2026\/04\/large-feed-mixing-wagon.webp 720w, https:\/\/www.agriculture-machine.com\/wp-content\/uploads\/2026\/04\/large-feed-mixing-wagon-360x270.webp 360w, https:\/\/www.agriculture-machine.com\/wp-content\/uploads\/2026\/04\/large-feed-mixing-wagon-240x180.webp 240w, https:\/\/www.agriculture-machine.com\/wp-content\/uploads\/2026\/04\/large-feed-mixing-wagon-16x12.webp 16w\" sizes=\"auto, (max-width: 720px) 100vw, 720px\" \/><figcaption class=\"wp-element-caption\">Xe tr\u1ed9n th\u1ee9c \u0103n l\u1edbn<\/figcaption><\/figure> <\/figure>    <h2 class=\"wp-block-heading\">T\u1ea1i sao ch\u1ecdn ch\u00fang t\u00f4i?<\/h2>    <p>Chuy\u00ean nghi\u00ean c\u1ee9u, ph\u00e1t tri\u1ec3n v\u00e0 s\u1ea3n xu\u1ea5t thi\u1ebft b\u1ecb cho ch\u0103n nu\u00f4i. Thi\u1ebft b\u1ecb c\u1ee7a ch\u00fang t\u00f4i \u0111\u01b0\u1ee3c l\u00e0m t\u1eeb v\u1eadt li\u1ec7u c\u01b0\u1eddng \u0111\u1ed9 cao, ch\u1ea5t l\u01b0\u1ee3ng c\u00f4ng nghi\u1ec7p v\u00e0 c\u00f3 thi\u1ebft k\u1ebf c\u1ea5u tr\u00fac \u0111\u00e3 \u0111\u01b0\u1ee3c ch\u1ee9ng minh, \u0111\u1ea3m b\u1ea3o ho\u1ea1t \u0111\u1ed9ng l\u00e2u d\u00e0i, \u0111\u00e1ng tin c\u1eady.<\/p>    <p class=\"translation-block\">Ch\u00fang t\u00f4i c\u0169ng cung c\u1ea5p <strong><em><a href=\"https:\/\/www.agriculture-machine.com\/vi\/horizontal-tmr-feed-mixer-for-sale-forage-mixer-mash-mixer\/\">m\u00e1y tr\u1ed9n th\u1ee9c \u0103n TMR ki\u1ec3u ngang<\/a><\/em><\/strong> v\u00e0 <strong><em><a href=\"https:\/\/www.agriculture-machine.com\/vi\/tmr-silage-mixer-and-spreader\/\">m\u00e1y ph\u00e2n ph\u1ed1i th\u1ee9c \u0103n cho forage<\/a><\/em><\/strong> \u0111\u1ec3 \u0111\u00e1p \u1ee9ng nhu c\u1ea7u c\u1ee7a c\u00e1c trang tr\u1ea1i m\u1ecdi quy m\u00f4. Xin li\u00ean h\u1ec7 \u0111\u1ec3 c\u00f3 gi\u1ea3i ph\u00e1p chi ti\u1ebft v\u00e0 b\u00e1o gi\u00e1 gi\u00fap b\u1ea1n t\u1ea1o ra h\u1ec7 th\u1ed1ng cho \u0103n hi\u1ec7n \u0111\u1ea1i, hi\u1ec7u qu\u1ea3 h\u01a1n.<\/p>","protected":false},"excerpt":{"rendered":"<p>M\u00e1y tr\u1ed9n th\u1ee9c \u0103n c\u1ecf TMR \u0111\u1ee9ng \u0111\u01b0\u1ee3c thi\u1ebft k\u1ebf \u0111\u1ec3 tr\u1ed9n \u0111\u1ec1u c\u1ecf \u1ee7 chua v\u00e0 th\u1ee9c \u0103n tinh, t\u1eeb \u0111\u00f3 n\u00e2ng cao hi\u1ec7u qu\u1ea3 s\u1eed d\u1ee5ng th\u1ee9c \u0103n, ph\u00f9 h\u1ee3p cho c\u00e1c trang tr\u1ea1i ch\u0103n nu\u00f4i b\u00f2 v\u00e0 c\u1eebu quy m\u00f4 l\u1edbn.<\/p>","protected":false},"author":1,"featured_media":17652,"parent":0,"comment_status":"open","ping_status":"closed","template":"","tags":[772,591],"product-type":[2],"class_list":["post-17641","product","type-product","status-publish","has-post-thumbnail","hentry","tag-forage","tag-silage","product-type-products"],"_links":{"self":[{"href":"https:\/\/www.agriculture-machine.com\/vi\/wp-json\/wp\/v2\/product\/17641","targetHints":{"allow":["GET"]}}],"collection":[{"href":"https:\/\/www.agriculture-machine.com\/vi\/wp-json\/wp\/v2\/product"}],"about":[{"href":"https:\/\/www.agriculture-machine.com\/vi\/wp-json\/wp\/v2\/types\/product"}],"author":[{"embeddable":true,"href":"https:\/\/www.agriculture-machine.com\/vi\/wp-json\/wp\/v2\/users\/1"}],"replies":[{"embeddable":true,"href":"https:\/\/www.agriculture-machine.com\/vi\/wp-json\/wp\/v2\/comments?post=17641"}],"wp:featuredmedia":[{"embeddable":true,"href":"https:\/\/www.agriculture-machine.com\/vi\/wp-json\/wp\/v2\/media\/17652"}],"wp:attachment":[{"href":"https:\/\/www.agriculture-machine.com\/vi\/wp-json\/wp\/v2\/media?parent=17641"}],"wp:term":[{"taxonomy":"post_tag","embeddable":true,"href":"https:\/\/www.agriculture-machine.com\/vi\/wp-json\/wp\/v2\/tags?post=17641"},{"taxonomy":"product-type","embeddable":true,"href":"https:\/\/www.agriculture-machine.com\/vi\/wp-json\/wp\/v2\/product-type?post=17641"}],"curies":[{"name":"wp","href":"https:\/\/api.w.org\/{rel}","templated":true}]}}