{"id":180,"date":"2018-07-12T07:09:54","date_gmt":"2018-07-11T23:09:54","guid":{"rendered":"https:\/\/www.agriculture-machine.com\/?p=180"},"modified":"2024-08-20T17:41:00","modified_gmt":"2024-08-20T09:41:00","slug":"peanut-sheller","status":"publish","type":"product","link":"https:\/\/www.agriculture-machine.com\/vi\/peanut-sheller\/","title":{"rendered":"M\u00e1y b\u00f3c v\u1ecf l\u1ea1c \/ nh\u00e0 m\u00e1y b\u00f3c v\u1ecf \u0111\u1eadu ph\u1ed9ng"},"content":{"rendered":"<h2 class=\"wp-block-heading\">Gi\u1edbi thi\u1ec7u ng\u1eafn g\u1ecdn v\u1ec1 m\u00e1y t\u00e1ch v\u1ecf \u0111\u1eadu ph\u1ed9ng<\/h2>    <p class=\"translation-block\">M\u00e1y t\u00e1ch v\u1ecf \u0111\u1eadu ph\u1ed9ng ch\u1ee7 y\u1ebfu lo\u1ea1i b\u1ecf v\u1ecf c\u1ee7a \u0111\u1eadu ph\u1ed9ng, t\u1ee9c l\u00e0 qua th\u00e2n quay t\u1ed1c \u0111\u1ed9 cao, v\u1ecf \u0111\u1eadu ph\u1ed9ng \u0111\u01b0\u1ee3c t\u00e1ch ra, v\u00e0 \u0111\u1eadu ph\u1ed9ng v\u1eabn c\u00f2n nguy\u00ean v\u1eb9n. M\u00e1y t\u00e1ch v\u1ecf \u0111\u1eadu ph\u1ed9ng c\u00f2n g\u1ecdi l\u00e0 <strong>m\u00e1y t\u00e1ch v\u1ecf \u0111\u1eadu ph\u1ed9ng<\/strong> ho\u1eb7c m\u00e1y b\u00f3c v\u1ecf \u0111\u1eadu ph\u1ed9ng.<\/p>    <p class=\"translation-block\">Ch\u00fang t\u00f4i c\u00f3 2 lo\u1ea1i <strong>m\u00e1y t\u00e1ch v\u1ecf \u0111\u1eadu<\/strong>, v\u00e0 c\u00e1c lo\u1ea1i kh\u00e1c nhau c\u00f3 c\u00f4ng su\u1ea5t kh\u00e1c nhau, t\u1ee9c l\u00e0 200kg\/h v\u00e0 600-800kg\/h. B\u1ea1n c\u00f3 th\u1ec3 ch\u1ecdn lo\u1ea1i nh\u1ecf h\u01a1n \u0111\u1ec3 s\u1eed d\u1ee5ng t\u1ea1i nh\u00e0, v\u00e0 c\u1ea3 hai \u0111\u1ec1u ho\u1ea1t \u0111\u1ed9ng t\u1ed1t.<\/p>    <center><\/center>    <center> <p><\/p><\/center>   <p><iframe loading=\"lazy\" title=\"Video ph\u1ea3n h\u1ed3i c\u1ee7a m\u00e1y t\u00e1ch v\u1ecf \u0111\u1eadu ph\u1ed9ng \/ m\u00e1y b\u00f3c v\u1ecf \u0111\u1eadu ph\u1ed9ng\" width=\"500\" height=\"281\" src=\"https:\/\/www.youtube.com\/embed\/dxo5IU9mOk4?feature=oembed\" frameborder=\"0\" allow=\"accelerometer; autoplay; clipboard-write; encrypted-media; gyroscope; picture-in-picture; web-share\" referrerpolicy=\"strict-origin-when-cross-origin\" allowfullscreen><\/iframe><\/p>   <p><iframe loading=\"lazy\" title=\"M\u00e1y t\u00e1ch v\u1ecf \u0111\u1eadu ph\u1ed9ng \/ m\u00e1y b\u00f3c v\u1ecf \u0111\u1eadu ph\u1ed9ng \/ m\u00e1y t\u00e1ch v\u1ecf \u0111\u1eadu ph\u1ed9ng groundnut 800kg\/h\" width=\"500\" height=\"281\" src=\"https:\/\/www.youtube.com\/embed\/R4L8zYg9cd8?feature=oembed\" frameborder=\"0\" allow=\"accelerometer; autoplay; clipboard-write; encrypted-media; gyroscope; picture-in-picture; web-share\" referrerpolicy=\"strict-origin-when-cross-origin\" allowfullscreen><\/iframe><\/p>    <p class=\"translation-block\"><strong>Lo\u1ea1i m\u1ed9t (200kg\/h)<\/strong><\/p>    <center><img decoding=\"async\" src=\"https:\/\/www.agriculture-machine.com\/wp-content\/uploads\/2018\/07\/Peanut-Sheller01.jpg\" alt=\"M\u00e1y t\u00e1ch v\u1ecf \u0111\u1eadu ph\u1ed9ng01\"><\/center>    <h2 class=\"wp-block-heading\">Th\u00f4ng s\u1ed1 k\u1ef9 thu\u1eadt c\u1ee7a m\u00e1y t\u00e1ch v\u1ecf \u0111\u1eadu ph\u1ed9ng<\/h2>    <div class=\"table-responsive\"> <table class=\"table table-striped\"> <tbody> <tr> <td width=\"187\">M\u1eabu<\/td> <td width=\"349\">TBX- 200<\/td> <\/tr> <tr> <td width=\"187\">C\u00f4ng su\u1ea5t<\/td> <td width=\"349\">200kg\/h<\/td> <\/tr> <tr> <td width=\"187\">K\u00edch th\u01b0\u1edbc<\/td> <td width=\"349\">650*560*1000mm<\/td> <\/tr> <tr> <td width=\"187\">Tr\u1ecdng l\u01b0\u1ee3ng<\/td> <td width=\"349\">40kg<\/td> <\/tr> <tr> <td width=\"187\">\u0110\u1ed9ng c\u01a1<\/td> <td width=\"349\">\u0110\u1ed9ng c\u01a1 2.2kw, \u0111\u1ed9ng c\u01a1 x\u0103ng ho\u1eb7c \u0111\u1ed9ng c\u01a1 diesel<\/td> <\/tr> <\/tbody> <\/table> <\/div>    <h2 class=\"wp-block-heading\">H\u00ecnh \u1ea3nh chi ti\u1ebft c\u1ee7a m\u00e1y t\u00e1ch v\u1ecf \u0111\u1eadu ph\u1ed9ng<\/h2>    <p class=\"translation-block\"><img decoding=\"async\" style=\"width: 345px; float: left; margin-right: 10px; margin-bottom: 10px;\" src=\"https:\/\/www.agriculture-machine.com\/wp-content\/uploads\/2018\/07\/Peanut-Sheller03.jpg\" alt=\"Peanut-Sheller03\"><img decoding=\"async\" style=\"width: 345px; margin-bottom: 10px;\" src=\"https:\/\/www.agriculture-machine.com\/wp-content\/uploads\/2018\/07\/Peanut-Sheller04.jpg\" alt=\"Peanut-Sheller04\"><br><img decoding=\"async\" style=\"width: 345px; float: left; margin-right: 10px;\" src=\"https:\/\/www.agriculture-machine.com\/wp-content\/uploads\/2018\/07\/Peanut-Sheller05.jpg\" alt=\"Peanut-Sheller05\"><img decoding=\"async\" style=\"width: 345px;\" src=\"https:\/\/www.agriculture-machine.com\/wp-content\/uploads\/2018\/07\/Peanut-Sheller06.jpg\" alt=\"Peanut-Sheller06\"><br><strong>Type two(600-800kg\/h\uff09<\/strong><\/p>    <h2 class=\"wp-block-heading\">Th\u00f4ng s\u1ed1 k\u1ef9 thu\u1eadt c\u1ee7a m\u00e1y t\u00e1ch v\u1ecf \u0111\u1eadu ph\u1ed9ng<\/h2>    <div class=\"table-responsive\"> <table class=\"table table-striped\"> <tbody> <tr> <td width=\"210\"><strong><b>M\u1eabu<\/b><\/strong><\/td> <td width=\"353\"><strong><b>TBH-800<\/b><\/strong><\/td> <\/tr> <tr> <td width=\"210\"><strong><b>C\u00f4ng su\u1ea5t<\/b><\/strong><\/td> <td width=\"353\"><strong><b>\u0110\u1ed9ng c\u01a1 3KW ho\u1eb7c \u0111\u1ed9ng c\u01a1 x\u0103ng ho\u1eb7c \u0111\u1ed9ng c\u01a1 diesel<\/b><\/strong><\/td> <\/tr> <tr> <td width=\"210\"><strong><b>K\u00edch th\u01b0\u1edbc<\/b><\/strong><\/td> <td width=\"353\"><strong><b>1330x750x1570mm<\/b><\/strong><\/td> <\/tr> <tr> <td width=\"210\"><strong><b>Dung t\u00edch<\/b><\/strong><\/td> <td width=\"353\"><strong><b>600-800kg\/h<\/b><\/strong><\/td> <\/tr> <tr> <td width=\"210\"><strong><b>Tr\u1ecdng l\u01b0\u1ee3ng<\/b><\/strong><\/td> <td width=\"353\"><strong><b>160kg<\/b><\/strong><\/td> <\/tr> <\/tbody> <\/table> <\/div>    <h2 class=\"wp-block-heading\">Nguy\u00ean l\u00fd ho\u1ea1t \u0111\u1ed9ng c\u1ee7a <a href=\"https:\/\/www.agriculture-machine.com\/vi\/combined-peanut-cleaning-and-shelling-machine\/\">m\u00e1y b\u00f3c v\u1ecf \u0111\u1eadu ph\u1ed9ng<\/a><\/h2>    <p>1. Ng\u01b0\u1eddi v\u1eadn h\u00e0nh \u0111\u1eb7t \u0111\u1eadu ph\u1ed9ng v\u00e0o c\u1eeda n\u1ea1p b\u1eb1ng tay sau khi m\u00e1y ch\u1ea1y kh\u00f4ng t\u1ea3i trong v\u00e0i ph\u00fat.<br>2. \u0110\u1eadu ph\u1ed9ng r\u01a1i v\u00e0o tr\u1ee5c cao su. Do l\u1ef1c gi\u1eefa c\u00e1c tr\u1ee5c quay c\u1ee7a tr\u1ee5c cao su, h\u1ea1t \u0111\u1eadu v\u00e0 v\u1ecf \u0111\u1eadu \u0111\u01b0\u1ee3c t\u00e1ch ra.<br>3. Sau \u0111\u00f3, \u0111\u1eadu ph\u1ed9ng r\u01a1i xu\u1ed1ng l\u01b0\u1edbi c\u00f9ng l\u00fac, v\u00e0 v\u1ecf \u0111\u01b0\u1ee3c th\u1ed5i ra ngo\u00e0i qua gi\u00f3.<br>4. \u0110\u1ed1i v\u1edbi m\u00e1y t\u00e1ch v\u1ecf \u0111\u1eadu ph\u1ed9ng nh\u1ecf h\u01a1n, qu\u00e1 tr\u00ecnh \u0111\u00e3 ho\u00e0n t\u1ea5t v\u00e0 b\u1ea1n c\u00f3 th\u1ec3 l\u1ea5y h\u1ea1t \u0111\u1eadu ph\u1ed9ng s\u1ea1ch.<br>5. \u0110\u1ed1i v\u1edbi m\u00e1y t\u00e1ch v\u1ecf \u0111\u1eadu ph\u1ed9ng l\u1edbn h\u01a1n, m\u1ed9t s\u1ed1 \u0111\u1eadu ch\u01b0a b\u00f3c v\u1ecf r\u01a1i v\u00e0o l\u01b0\u1edbi ph\u00e2n lo\u1ea1i tr\u1ecdng l\u01b0\u1ee3ng ri\u00eang. Nh\u1eefng \u0111\u1eadu c\u00f3 v\u1ecf n\u00e0y \u0111\u01b0\u1ee3c v\u1eadn chuy\u1ec3n b\u1eb1ng b\u1ed9 n\u00e2ng nh\u1ef1a r\u1ed3i \u0111\u01b0a v\u00e0o tr\u1ee5c \u0111\u1ec3 t\u00e1ch v\u1ecf l\u1ea7n n\u1eefa. Cu\u1ed1i c\u00f9ng, h\u1ea1t r\u01a1i v\u00e0o th\u00f9ng.<\/p>    <center><img decoding=\"async\" src=\"https:\/\/www.agriculture-machine.com\/wp-content\/uploads\/2018\/07\/Peanut-Sheller02.jpg\" alt=\"M\u00e1y t\u00e1ch v\u1ecf \u0111\u1eadu ph\u1ed9ng02\"><\/center>    <h2 class=\"wp-block-heading\">Y\u00eau c\u1ea7u c\u1ee7a m\u00e1y t\u00e1ch v\u1ecf \u0111\u1eadu ph\u1ed9ng<\/h2>    <p>1. Y\u00eau c\u1ea7u \u0111\u1ed1i v\u1edbi m\u00e1y t\u00e1ch v\u1ecf \u0111\u1eadu ph\u1ed9ng groundnut. C\u1ea5m b\u1ecf c\u00e1c v\u1eadt c\u1ee9ng v\u00e0o trong m\u00e1y.<br>2. Y\u00eau c\u1ea7u v\u1ec1 \u0111\u1eadu ph\u1ed9ng. \u0110\u1eadu ph\u1ed9ng kh\u00f4ng n\u00ean qu\u00e1 kh\u00f4 ho\u1eb7c qu\u00e1 \u1ea9m, \u0111i\u1ec1u n\u00e0y s\u1ebd g\u00e2y t\u1ef7 l\u1ec7 b\u00f3c v\u1ecf th\u1ea5p v\u00e0 \u1ea3nh h\u01b0\u1edfng \u0111\u1ebfn hi\u1ec7u qu\u1ea3 l\u00e0m vi\u1ec7c.<\/p>    <h2 class=\"wp-block-heading\">\u01afu \u0111i\u1ec3m c\u1ee7a m\u00e1y t\u00e1ch v\u1ecf \u0111\u1eadu ph\u1ed9ng<\/h2>    <p>1. M\u00e1y t\u00e1ch v\u1ecf \u0111\u1eadu ph\u1ed9ng t\u00edch h\u1ee3p t\u00e1ch v\u1ecf, v\u1eadn chuy\u1ec3n kh\u00ed v\u00e0 ph\u00e2n lo\u1ea1i th\u00e0nh m\u1ed9t th\u1ec3 v\u00e0 ho\u1ea1t \u0111\u1ed9ng v\u1edbi hi\u1ec7u su\u1ea5t cao (600-800kg\/h). T\u1ef7 l\u1ec7 b\u00f3c v\u1ecf c\u00f3 th\u1ec3 \u0111\u1ea1t 97% ho\u1eb7c h\u01a1n.<br>2. B\u1ed1n b\u00e1nh xe gi\u00fap d\u1ec5 d\u00e0ng di chuy\u1ec3n.<br>3. T\u1ef7 l\u1ec7 v\u1ee1 th\u1ea5p. T\u1ea5t c\u1ea3 \u0111\u1eadu ph\u1ed9ng c\u00f3 th\u1ec3 kh\u00f4ng v\u1ee1 sau khi b\u00f3c v\u1ecf.<br>4. T\u1ef7 l\u1ec7 l\u00e0m s\u1ea1ch cao. C\u00f3 m\u1ed9t t\u1ea5m ch\u1eafn t\u1ea1i l\u1ed1i ra c\u1ee7a h\u1ea1t \u0111\u1eadu, c\u00f3 th\u1ec3 ch\u1eb7n hi\u1ec7u qu\u1ea3 v\u1ecf \u0111\u1eadu kh\u00f4ng tho\u00e1t ra, n\u00e2ng cao t\u1ef7 l\u1ec7 l\u00e0m s\u1ea1ch.<br>5. Thay v\u00ec d\u00f9ng tr\u1ee5c th\u00e9p, tr\u1ee5c cao su kh\u00f4ng g\u00e2y t\u1ed5n h\u1ea1i \u0111\u1ebfn \u0111\u1eadu ph\u1ed9ng.<br>6. Nh\u1edd b\u1ed9 n\u00e2ng nh\u1ef1a b\u00ean c\u1ea1nh m\u00e1y, \u0111\u1eadu nh\u1ecf v\u00e0 \u0111\u1eadu ch\u01b0a b\u00f3c v\u1ecf ho\u00e0n to\u00e0n c\u00f3 th\u1ec3 \u0111\u01b0\u1ee3c t\u00e1ch l\u1ea1i.<\/p>    <figure class=\"wp-block-image aligncenter\"><img decoding=\"async\" src=\"https:\/\/www.agriculture-machine.com\/wp-content\/uploads\/2018\/07\/Peanut-Sheller8.jpg\" alt=\"M\u00e1y t\u00e1ch v\u1ecf \u0111\u1eadu ph\u1ed9ng8\"\/><\/figure>    <figure class=\"wp-block-image aligncenter\"><img decoding=\"async\" src=\"https:\/\/www.agriculture-machine.com\/wp-content\/uploads\/2018\/07\/Peanut-Sheller6-1.jpg\" alt=\"M\u00e1y t\u00e1ch v\u1ecf \u0111\u1eadu ph\u1ed9ng6-1\"\/><\/figure>    <figure class=\"wp-block-image aligncenter\"><img decoding=\"async\" src=\"https:\/\/www.agriculture-machine.com\/wp-content\/uploads\/2018\/07\/Peanut-Sheller4-1.jpg\" alt=\"M\u00e1y t\u00e1ch v\u1ecf \u0111\u1eadu ph\u1ed9ng4-1\"\/><\/figure>    <figure class=\"wp-block-image aligncenter\"><img decoding=\"async\" src=\"https:\/\/www.agriculture-machine.com\/wp-content\/uploads\/2018\/07\/Peanut-Sheller3-1.jpg\" alt=\"M\u00e1y t\u00e1ch v\u1ecf \u0111\u1eadu ph\u1ed9ng3-1\"\/><\/figure>    <figure class=\"wp-block-image aligncenter\"><img decoding=\"async\" src=\"https:\/\/www.agriculture-machine.com\/wp-content\/uploads\/2018\/07\/Peanut-Sheller2-1.jpg\" alt=\"M\u00e1y t\u00e1ch v\u1ecf \u0111\u1eadu ph\u1ed9ng2-1\"\/><\/figure>    <figure class=\"wp-block-image aligncenter\"><img decoding=\"async\" src=\"https:\/\/www.agriculture-machine.com\/wp-content\/uploads\/2018\/07\/Peanut-Sheller1-1.jpg\" alt=\"M\u00e1y t\u00e1ch v\u1ecf \u0111\u1eadu ph\u1ed9ng1-1\"\/><\/figure>    <h2 class=\"wp-block-heading\">C\u00e1c l\u01b0u \u00fd c\u1ee7a m\u00e1y t\u00e1ch v\u1ecf \u0111\u1eadu ph\u1ed9ng<\/h2>    <p>1. Trong qu\u00e1 tr\u00ecnh v\u1eadn h\u00e0nh, kh\u00f4ng \u0111\u1ec3 c\u00e1c t\u1ea1p ch\u1ea5t nh\u01b0 s\u1eaft v\u1ee5n, \u0111\u00e1 v\u00e0 c\u00e1c v\u1eadt c\u1ee9ng kh\u00e1c v\u00e0o c\u1eeda n\u1ea1p.<br>2. M\u00e0n h\u00ecnh b\u00ean trong m\u00e1y n\u00ean ph\u00f9 h\u1ee3p v\u1edbi k\u00edch th\u01b0\u1edbc c\u1ee7a \u0111\u1eadu ph\u1ed9ng, n\u1ebfu kh\u00f4ng, m\u1ed9t s\u1ed1 \u0111\u1eadu c\u00f3 th\u1ec3 kh\u00f4ng b\u00f3c v\u1ecf ho\u00e0n to\u00e0n.<br>3. C\u1ea7n ph\u1ea3i c\u00f3 t\u1ea5m ch\u1eafn qu\u1ea1t, kh\u00f4ng ch\u1ec9 t\u0103ng c\u01b0\u1eddng th\u1ed5i gi\u00f3 m\u00e0 c\u00f2n gi\u1ea3m l\u01b0\u1ee3ng v\u1ecf \u0111\u1eadu ph\u1ed9ng l\u1eabn trong h\u1ea1t.<br>4. \u0110\u1ed1i m\u1eb7t v\u1edbi t\u1ef7 l\u1ec7 v\u1ee1 tr\u00ean 5%, ng\u01b0\u1eddi v\u1eadn h\u00e0nh n\u00ean t\u0103ng kho\u1ea3ng c\u00e1ch gi\u1eefa c\u00e1c tr\u1ee5c l\u0103n, nh\u01b0ng n\u00ean trong kho\u1ea3ng 25~40 mm.<br>5. Ki\u1ec3m tra xem m\u00e1y c\u00f3 b\u1ecb h\u1ecfng tr\u01b0\u1edbc khi l\u00e0m vi\u1ec7c kh\u00f4ng.<br>6. Trong qu\u00e1 tr\u00ecnh v\u1eadn h\u00e0nh, ng\u01b0\u1eddi v\u1eadn h\u00e0nh n\u00ean \u0111\u00f3ng c\u1eeda n\u1ea1p v\u00e0 m\u1edf 1-2cm \u0111\u1ec3 \u0111\u1eadu ph\u1ed9ng ra khi m\u00e0n h\u00ecnh \u0111\u1ea7y.<br>7. Th\u01b0\u1eddng th\u00ec, m\u00e0n h\u00ecnh ph\u1ea3i lu\u00f4n \u0111\u1ea7y khi l\u00e0m vi\u1ec7c, n\u1ebfu kh\u00f4ng, m\u1ed9t s\u1ed1 \u0111\u1eadu s\u1ebd kh\u00f4ng \u0111\u01b0\u1ee3c b\u00f3c v\u1ecf ho\u00e0n to\u00e0n.<br>8. N\u1ebfu \u0111\u1eadu r\u01a1i ra ngo\u00e0i l\u1ed1i ra, ng\u01b0\u1eddi v\u1eadn h\u00e0nh n\u00ean \u0111i\u1ec1u ch\u1ec9nh t\u1ea5m ch\u1eafn gi\u00f3 ra ngo\u00e0i ho\u1eb7c \u0111\u00f3ng c\u1eeda gi\u00f3.<br>9. N\u1ebfu t\u1ef7 l\u1ec7 v\u1ee1 cao v\u00e0 v\u1ecf \u0111\u1ecf b\u1ecb lo\u1ea1i b\u1ecf. \u0110\u1eadu ph\u1ed9ng qu\u00e1 kh\u00f4, phun n\u01b0\u1edbc l\u00ean \u0111\u1eadu r\u1ed3i b\u00f3c v\u1ecf sau.<br>10. C\u00f3 b\u1ed1n v\u00f2ng bi \u0111\u1ecbnh v\u1ecb hai b\u00ean c\u1ee7a m\u00e1y, v\u00e0 thoa b\u01a1 v\u00e0o gi\u1eefa l\u01b0\u1edbi v\u00e0 v\u00f2ng bi m\u1ed7i b\u1ed1n gi\u1edd khi ho\u1ea1t \u0111\u1ed9ng.<\/p>    <h2 class=\"wp-block-heading\">Tr\u01b0\u1eddng h\u1ee3p th\u00e0nh c\u00f4ng c\u1ee7a m\u00e1y t\u00e1ch v\u1ecf \u0111\u1eadu ph\u1ed9ng<\/h2>    <p>N\u0103m ngo\u00e1i, ch\u00fang t\u00f4i \u0111\u00e3 xu\u1ea5t kh\u1ea9u 70 b\u1ed9 m\u00e1y t\u00e1ch v\u1ecf \u0111\u1eadu ph\u1ed9ng sang Nigeria v\u00e0 nh\u1eadn \u0111\u01b0\u1ee3c ph\u1ea3n h\u1ed3i t\u1ed1t t\u1eeb kh\u00e1ch h\u00e0ng. \u00d4ng \u1ea5y l\u00e0 \u0111\u1ea1i l\u00fd v\u00e0 \u0111\u00e3 b\u00e1n cho n\u00f4ng d\u00e2n \u0111\u1ecba ph\u01b0\u01a1ng. <\/p>    <p>M\u00e1y t\u00e1ch v\u1ecf \u0111\u1eadu ph\u1ed9ng c\u1ee7a ch\u00fang t\u00f4i gi\u00fap h\u1ecd n\u00e2ng cao n\u0103ng su\u1ea5t l\u00e0m vi\u1ec7c c\u0169ng nh\u01b0 ti\u00eau chu\u1ea9n s\u1ed1ng. Ch\u00fang t\u00f4i hy v\u1ecdng m\u1ed7i n\u00f4ng d\u00e2n c\u00f3 th\u1ec3 h\u01b0\u1edfng l\u1ee3i t\u1eeb m\u00e1y c\u1ee7a ch\u00fang t\u00f4i v\u00e0 cu\u1ed9c s\u1ed1ng c\u1ee7a h\u1ecd ng\u00e0y c\u00e0ng t\u1ed1t \u0111\u1eb9p h\u01a1n.<br><img decoding=\"async\" style=\"width: 345px; float: left; margin-right: 10px; margin-bottom: 10px;\" src=\"https:\/\/www.agriculture-machine.com\/wp-content\/uploads\/2018\/07\/Peanut-Sheller08.jpg\" alt=\"M\u00e1y t\u00e1ch v\u1ecf \u0111\u1eadu ph\u1ed9ng08\"><img decoding=\"async\" style=\"width: 345px; margin-bottom: 10px;\" src=\"https:\/\/www.agriculture-machine.com\/wp-content\/uploads\/2018\/07\/Peanut-Sheller11.jpg\" alt=\"M\u00e1y t\u00e1ch v\u1ecf \u0111\u1eadu ph\u1ed9ng11\"><br><img decoding=\"async\" style=\"width: 345px; float: left; margin-right: 10px;\" src=\"https:\/\/www.agriculture-machine.com\/wp-content\/uploads\/2018\/07\/Peanut-Sheller10.jpg\" alt=\"M\u00e1y t\u00e1ch v\u1ecf \u0111\u1eadu ph\u1ed9ng12\"><img decoding=\"async\" style=\"width: 345px;\" src=\"https:\/\/www.agriculture-machine.com\/wp-content\/uploads\/2018\/07\/Peanut-Sheller12.jpg\" alt=\"M\u00e1y t\u00e1ch v\u1ecf \u0111\u1eadu ph\u1ed9ng10\"><br><img decoding=\"async\" src=\"https:\/\/www.agriculture-machine.com\/wp-content\/uploads\/2018\/07\/Peanut-Sheller.jpg\" alt=\"M\u00e1y t\u00e1ch v\u1ecf \u0111\u1eadu ph\u1ed9ng\"><\/p>    <h2 class=\"wp-block-heading\">C\u00e2u h\u1ecfi th\u01b0\u1eddng g\u1eb7p<\/h2>   <div id=\"rank-math-faq\" class=\"rank-math-block\"> <div class=\"rank-math-list\"> <div id=\"faq-question-1710754185820\" class=\"rank-math-list-item\"> <h3 class=\"rank-math-question\">Ch\u1ee9c n\u0103ng c\u1ee7a hai lo\u1ea1i m\u00e1y t\u00e1ch v\u1ecf \u0111\u1eadu ph\u1ed9ng c\u00f3 gi\u1ed1ng nhau kh\u00f4ng?<\/h3> <div class=\"rank-math-answer\">  <p class=\"translation-block\">V\u00e2ng, b\u1ea1n c\u00f3 th\u1ec3 l\u1ea5y h\u1ea1t \u0111\u1eadu ph\u1ed9ng s\u1ea1ch sau khi x\u00e1t.<\/p>  <\/div> <\/div> <div id=\"faq-question-1710754189960\" class=\"rank-math-list-item\"> <h3 class=\"rank-math-question\">S\u1ef1 kh\u00e1c bi\u1ec7t gi\u1eefa hai lo\u1ea1i l\u00e0 g\u00ec?<\/h3> <div class=\"rank-math-answer\">  <p>C\u00e1c m\u00e1y t\u00e1ch v\u1ecf \u0111\u1eadu ph\u1ed9ng nh\u1ecf h\u01a1n kh\u00f4ng c\u00f3 b\u1ed9 n\u00e2ng nh\u01b0 lo\u1ea1i kh\u00e1c. Ngo\u00e0i ra, c\u00f4ng su\u1ea5t c\u0169ng kh\u00e1c nhau.<\/p>  <\/div> <\/div> <div id=\"faq-question-1710754206867\" class=\"rank-math-list-item\"> <h3 class=\"rank-math-question\">Th\u1eddi gian giao h\u00e0ng l\u00e0 bao l\u00e2u?<\/h3> <div class=\"rank-math-answer\">  <p>Ch\u00fang t\u00f4i c\u00f3 hai lo\u1ea1i trong kho v\u00e0 c\u00f3 th\u1ec3 giao h\u00e0ng cho b\u1ea1n b\u1ea5t c\u1ee9 l\u00fac n\u00e0o.<\/p>  <\/div> <\/div> <div id=\"faq-question-1710754215113\" class=\"rank-math-list-item\"> <h3 class=\"rank-math-question\">T\u1ef7 l\u1ec7 v\u1ee1 l\u00e0 bao nhi\u00eau?<\/h3> <div class=\"rank-math-answer\">  <p>\u00cdt h\u01a1n 5%.<\/p>  <\/div> <\/div> <div id=\"faq-question-1710754227280\" class=\"rank-math-list-item\"> <h3 class=\"rank-math-question\">B\u1ea1n \u0111\u00e3 xu\u1ea5t kh\u1ea9u c\u00e1c m\u00e1y n\u00e0y sang nh\u1eefng qu\u1ed1c gia n\u00e0o?<\/h3> <div class=\"rank-math-answer\">  <p class=\"translation-block\">Ch\u00fang t\u00f4i \u0111\u00e3 xu\u1ea5t kh\u1ea9u sang nhi\u1ec1u qu\u1ed1c gia, \u0111\u1eb7c bi\u1ec7t l\u00e0 <a href=\"https:\/\/www.agriculture-machine.com\/vi\/three-combined-peanut-sheller-machine-sold-to-kenya\/\">th\u1ecb tr\u01b0\u1eddng ch\u00e2u Phi<\/a>.<\/p>  <\/div> <\/div> <\/div> <\/div>","protected":false},"excerpt":{"rendered":"<p>Brief Introduction of Peanut Sheller Machine The peanut sheller machine mainly removes the shells of the peanuts, that is, through the high-speed rotating body the shells of the peanuts, and the peanuts are kept intact. The peanut sheller machine is also called the groundnut sheller or groundnut shell removing machine. We have 2 types of [&hellip;]<\/p>\n","protected":false},"author":1,"featured_media":0,"parent":0,"comment_status":"closed","ping_status":"closed","template":"","tags":[],"product-type":[895],"class_list":["post-180","product","type-product","status-publish","hentry","product-type-peanut-sheller"],"_links":{"self":[{"href":"https:\/\/www.agriculture-machine.com\/vi\/wp-json\/wp\/v2\/product\/180","targetHints":{"allow":["GET"]}}],"collection":[{"href":"https:\/\/www.agriculture-machine.com\/vi\/wp-json\/wp\/v2\/product"}],"about":[{"href":"https:\/\/www.agriculture-machine.com\/vi\/wp-json\/wp\/v2\/types\/product"}],"author":[{"embeddable":true,"href":"https:\/\/www.agriculture-machine.com\/vi\/wp-json\/wp\/v2\/users\/1"}],"replies":[{"embeddable":true,"href":"https:\/\/www.agriculture-machine.com\/vi\/wp-json\/wp\/v2\/comments?post=180"}],"wp:attachment":[{"href":"https:\/\/www.agriculture-machine.com\/vi\/wp-json\/wp\/v2\/media?parent=180"}],"wp:term":[{"taxonomy":"post_tag","embeddable":true,"href":"https:\/\/www.agriculture-machine.com\/vi\/wp-json\/wp\/v2\/tags?post=180"},{"taxonomy":"product-type","embeddable":true,"href":"https:\/\/www.agriculture-machine.com\/vi\/wp-json\/wp\/v2\/product-type?post=180"}],"curies":[{"name":"wp","href":"https:\/\/api.w.org\/{rel}","templated":true}]}}