{"id":1889,"date":"2019-02-14T07:41:31","date_gmt":"2019-02-13T23:41:31","guid":{"rendered":"https:\/\/www.agriculture-machine.com\/?p=1889"},"modified":"2025-06-23T16:22:12","modified_gmt":"2025-06-23T08:22:12","slug":"corn-planter","status":"publish","type":"product","link":"https:\/\/www.agriculture-machine.com\/vi\/corn-planter\/","title":{"rendered":"M\u00e1y gieo ng\u00f4 g\u1eafn tr\u00ean m\u00e1y k\u00e9o"},"content":{"rendered":"<p>M\u00e1y gieo ng\u00f4 c\u00f3 kh\u1ea3 n\u0103ng ho\u00e0n th\u00e0nh c\u00f4ng vi\u1ec7c gieo h\u1ea1t cho nhi\u1ec1u h\u00e0ng h\u1ea1t ng\u00f4 c\u00f9ng m\u1ed9t l\u00fac. N\u00f3 kh\u00f4ng ch\u1ec9 ti\u1ebft ki\u1ec7m h\u1ea1t m\u00e0 c\u00f2n \u0111\u1ea3m b\u1ea3o \u0111\u1ed9 s\u00e2u v\u00e0 kho\u1ea3ng c\u00e1ch gieo h\u1ea1t \u0111\u1ed3ng \u0111\u1ec1u, t\u1eeb \u0111\u00f3 c\u1ea3i thi\u1ec7n \u0111\u00e1ng k\u1ec3 ch\u1ea5t l\u01b0\u1ee3ng c\u00e2y gi\u1ed1ng ng\u00f4.<\/p>    <p>Hi\u1ec7u su\u1ea5t \u1ed5n \u0111\u1ecbnh, v\u1eadn h\u00e0nh thu\u1eadn ti\u1ec7n, c\u00f3 th\u1ec3 ho\u00e0n th\u00e0nh to\u00e0n b\u1ed9 quy tr\u00ecnh c\u00e0y b\u1eeba, b\u00f3n ph\u00e2n, gieo h\u1ea1t, ph\u1ee7 \u0111\u1ea5t, \u0111\u1ed9 s\u00e2u gieo h\u1ea1t sai s\u1ed1 \u2264 \u00b1 1cm, t\u1ef7 l\u1ec7 \u0111\u1ea1t y\u00eau c\u1ea7u kho\u1ea3ng c\u00e1ch c\u00e2y \u226595%.<\/p>    <p>M\u00e1y gieo ng\u00f4 do c\u00f4ng ty ch\u00fang t\u00f4i ph\u00e1t tri\u1ec3n h\u1ed7 tr\u1ee3 tr\u1ed3ng 2, 3, 4, 5, 6 v\u00e0 8 h\u00e0ng. \u0110\u01b0\u1ee3c s\u1eed d\u1ee5ng r\u1ed9ng r\u00e3i trong c\u00e1c quy tr\u00ecnh canh t\u00e1c \u0111\u1ea5t \u0111ai kh\u00e1c nhau, \u0111\u01b0\u1ee3c kh\u00e1ch h\u00e0ng t\u1eeb El Salvador, Nigeria, Hoa K\u1ef3, Mauritania, Burkina Faso, Guinea v\u00e0 c\u00e1c qu\u1ed1c gia kh\u00e1c \u0111\u00f3n nh\u1eadn.<\/p>    <figure class=\"wp-block-embed aligncenter is-type-video is-provider-youtube wp-block-embed-youtube wp-embed-aspect-16-9 wp-has-aspect-ratio\"><div class=\"wp-block-embed__wrapper\"> <iframe loading=\"lazy\" title=\"M\u00e1y gieo h\u1ea1t ng\u00f4 g\u1eafn tr\u00ean m\u00e1y k\u00e9o | C\u00f4ng ngh\u1ec7 gieo h\u1ea1t hi\u1ec7u qu\u1ea3 v\u00e0 ch\u00ednh x\u00e1c #ng\u00f4 #m\u00e1y gieo\" width=\"500\" height=\"281\" src=\"https:\/\/www.youtube.com\/embed\/tu_HUx3x9x0?feature=oembed\" frameborder=\"0\" allow=\"accelerometer; autoplay; clipboard-write; encrypted-media; gyroscope; picture-in-picture; web-share\" referrerpolicy=\"strict-origin-when-cross-origin\" allowfullscreen><\/iframe> <\/div><figcaption class=\"wp-element-caption\">Video l\u00e0m vi\u1ec7c c\u1ee7a m\u00e1y gieo ng\u00f4<\/figcaption><\/figure>    <h2 class=\"wp-block-heading\" id=\"h-brief-introduction-of-corn-planter\">\u01afu \u0111i\u1ec3m c\u1ee7a m\u00e1y gieo ng\u00f4<\/h2>    <ol class=\"wp-block-list\"> <li>Th\u1ef1c hi\u1ec7n vi\u1ec7c \u0111\u1eb7t h\u1ea1t \u0111\u1ed3ng \u0111\u1ec1u v\u00e0 \u0111\u1ed9 s\u00e2u nh\u1ea5t qu\u00e1n (3-10cm), sai s\u1ed1 \u2264 \u00b1 1cm, n\u1ea3y m\u1ea7m c\u00e2y \u0111\u1ed3ng \u0111\u1ec1u, c\u1ea3i thi\u1ec7n ch\u1ea5t l\u01b0\u1ee3ng c\u00e2y tr\u1ed3ng.<\/li>    <li>N\u00f3 h\u1ed7 tr\u1ee3 \u0111i\u1ec1u ch\u1ec9nh linh ho\u1ea1t kho\u1ea3ng c\u00e1ch h\u00e0ng 45-70cm v\u00e0 kho\u1ea3ng c\u00e1ch c\u00e2y 15-30cm, th\u00edch \u1ee9ng v\u1edbi c\u00e1c \u0111i\u1ec1u ki\u1ec7n \u0111\u1ea5t kh\u00e1c nhau v\u00e0 c\u00e1c ph\u01b0\u01a1ng th\u1ee9c tr\u1ed3ng tr\u1ecdt.<\/li>    <li>B\u1ed3n ph\u00e2n b\u00f3n c\u00e1ch ly hai ng\u0103n th\u1ef1c hi\u1ec7n ph\u00e2n l\u1edbp h\u1ea1t v\u00e0 ph\u00e2n b\u00f3n, v\u00e0 kho\u1ea3ng c\u00e1ch c\u00f3 th\u1ec3 \u0111i\u1ec1u ch\u1ec9nh t\u1eeb 3-7cm, tr\u00e1nh ch\u00e1y c\u00e2y.<\/li>    <li>C\u00f3 th\u1ec3 ch\u1ecdn t\u1eeb 2-8 h\u00e0ng \u0111\u1ec3 ho\u00e0n th\u00e0nh to\u00e0n b\u1ed9 quy tr\u00ecnh c\u00e0y b\u1eeba, b\u00f3n ph\u00e2n, gieo h\u1ea1t, v.v. trong m\u1ed9t l\u1ea7n, v\u1edbi hi\u1ec7u su\u1ea5t l\u00ean \u0111\u1ebfn 40 m\u1eabu\/gi\u1edd.<\/li>    <li>Ph\u00f9 h\u1ee3p v\u1edbi m\u00e1y k\u00e9o 11-180 hp, k\u1ebft n\u1ed1i m\u1ed9t ph\u00edm, m\u1ed9t ng\u01b0\u1eddi ng\u1ed3i c\u00f3 th\u1ec3 ho\u00e0n th\u00e0nh c\u00f4ng vi\u1ec7c.<\/li> <\/ol>    <figure class=\"wp-block-gallery has-nested-images columns-default is-cropped wp-block-gallery-2 is-layout-flex wp-block-gallery-is-layout-flex\"> <figure class=\"wp-block-image size-large\"><img loading=\"lazy\" decoding=\"async\" width=\"720\" height=\"540\" data-id=\"12701\" src=\"https:\/\/www.agriculture-machine.com\/wp-content\/uploads\/2022\/03\/corn-planter-_720_540.jpg\" alt=\"m\u00e1y gieo ng\u00f4\" class=\"wp-image-12701\" title=\"m\u00e1y gieo ng\u00f4\" srcset=\"https:\/\/www.agriculture-machine.com\/wp-content\/uploads\/2022\/03\/corn-planter-_720_540.jpg 720w, https:\/\/www.agriculture-machine.com\/wp-content\/uploads\/2022\/03\/corn-planter-_720_540-360x270.jpg 360w, https:\/\/www.agriculture-machine.com\/wp-content\/uploads\/2022\/03\/corn-planter-_720_540-240x180.jpg 240w\" sizes=\"auto, (max-width: 720px) 100vw, 720px\" \/><figcaption class=\"wp-element-caption\">m\u00e1y gieo ng\u00f4<\/figcaption><\/figure>    <figure class=\"wp-block-image size-large\"><img loading=\"lazy\" decoding=\"async\" width=\"720\" height=\"540\" data-id=\"12702\" src=\"https:\/\/www.agriculture-machine.com\/wp-content\/uploads\/2022\/03\/maize-planting-machine_720_540.jpg\" alt=\"m\u00e1y gieo ng\u00f4\" class=\"wp-image-12702\" title=\"m\u00e1y gieo ng\u00f4\" srcset=\"https:\/\/www.agriculture-machine.com\/wp-content\/uploads\/2022\/03\/maize-planting-machine_720_540.jpg 720w, https:\/\/www.agriculture-machine.com\/wp-content\/uploads\/2022\/03\/maize-planting-machine_720_540-360x270.jpg 360w, https:\/\/www.agriculture-machine.com\/wp-content\/uploads\/2022\/03\/maize-planting-machine_720_540-240x180.jpg 240w\" sizes=\"auto, (max-width: 720px) 100vw, 720px\" \/><figcaption class=\"wp-element-caption\">m\u00e1y gieo ng\u00f4<\/figcaption><\/figure> <figcaption class=\"blocks-gallery-caption wp-element-caption\">m\u00e1y gieo ng\u00f4 g\u1eafn tr\u00ean m\u00e1y k\u00e9o<\/figcaption><\/figure>    <h2 class=\"wp-block-heading\" id=\"h-how-does-the-corn-planting-machine-work\">M\u00e1y gieo ng\u00f4 ho\u1ea1t \u0111\u1ed9ng nh\u01b0 th\u1ebf n\u00e0o?<\/h2>    <p>Nguy\u00ean l\u00fd ho\u1ea1t \u0111\u1ed9ng c\u1ee7a m\u00e1y gieo ng\u00f4 c\u00f3 th\u1ec3 \u0111\u01b0\u1ee3c chia th\u00e0nh c\u00e1c b\u01b0\u1edbc sau:<\/p>    <ol class=\"wp-block-list\"> <li>M\u00e1y k\u00e9o \u0111i\u1ec1u khi\u1ec3n: b\u1eb1ng c\u00e1ch k\u1ebft n\u1ed1i v\u1edbi m\u00e1y k\u00e9o, m\u00e1y gieo \u0111\u01b0\u1ee3c k\u00e9o v\u1ec1 ph\u00eda tr\u01b0\u1edbc v\u00e0 b\u1eaft \u0111\u1ea7u ho\u1ea1t \u0111\u1ed9ng.<\/li>    <li>Ho\u1ea1t \u0111\u1ed9ng c\u00e0y b\u1eeba: \u0111\u1ea7u m\u1edf ph\u00eda tr\u01b0\u1edbc t\u1ea1o ra m\u1ed9t r\u00e3nh gieo \u0111\u1ed3ng \u0111\u1ec1u trong \u0111\u1ea5t.<\/li>    <li>Gieo ch\u00ednh x\u00e1c: thi\u1ebft b\u1ecb x\u1ea3 h\u1ea1t ch\u00ednh x\u00e1c \u0111\u1eb7t h\u1ea1t ng\u00f4 v\u00e0o c\u00e1c r\u00e3nh theo kho\u1ea3ng c\u00e1ch \u0111\u00e3 \u0111\u1eb7t.<\/li>    <li>Ph\u1ee7 \u0111\u1ea5t: m\u00e1y ph\u1ee7 \u0111\u1ea5t ph\u1ee7 h\u1ea1t gi\u1ed1ng trong c\u00e1c r\u00e3nh b\u1eb1ng \u0111\u1ea5t.<\/li>    <li>\u00c9p \u0111\u1ea5t: b\u00e1nh \u00e9p \u0111\u1ea5t n\u00e9n \u0111\u1ea5t b\u1ec1 m\u1eb7t \u0111\u1ec3 t\u0103ng c\u01b0\u1eddng ti\u1ebfp x\u00fac gi\u1eefa h\u1ea1t gi\u1ed1ng v\u00e0 \u0111\u1ea5t v\u00e0 c\u1ea3i thi\u1ec7n t\u1ef7 l\u1ec7 n\u1ea3y m\u1ea7m.<\/li> <\/ol>    <figure class=\"wp-block-embed aligncenter is-type-video is-provider-youtube wp-block-embed-youtube wp-embed-aspect-16-9 wp-has-aspect-ratio\"><div class=\"wp-block-embed__wrapper\"> <iframe loading=\"lazy\" title=\"C\u00f4ng c\u1ee5 h\u1eefu \u00edch cho n\u00f4ng d\u00e2n m\u00e1y gieo ng\u00f4\u4e28 m\u00e1y gieo ng\u00f4\u4e28m\u00e1y tr\u1ed3ng \u0111\u1eadu\u4e28m\u00e1y ng\u00f4 v\u1edbi m\u00e1y k\u00e9o\" width=\"500\" height=\"281\" src=\"https:\/\/www.youtube.com\/embed\/2iS0mMUiw34?feature=oembed\" frameborder=\"0\" allow=\"accelerometer; autoplay; clipboard-write; encrypted-media; gyroscope; picture-in-picture; web-share\" referrerpolicy=\"strict-origin-when-cross-origin\" allowfullscreen><\/iframe> <\/div><figcaption class=\"wp-element-caption\">M\u00e1y gieo h\u1ea1t ng\u00f4 3 h\u00e0ng t\u1ea1i n\u01a1i l\u00e0m vi\u1ec7c<\/figcaption><\/figure>    <h2 class=\"wp-block-heading\" id=\"h-technical-parameter-of-the-maize-planter\">Th\u00f4ng s\u1ed1 k\u1ef9 thu\u1eadt m\u00e1y gieo ng\u00f4<\/h2>    <figure class=\"wp-block-table is-style-stripes\"><table class=\"has-fixed-layout\"><tbody><tr><td>M\u1eabu<\/td><td>2BYSF-2<\/td><td>2BYSF-3<\/td><td>2BYSF-4<\/td><td>2BYSF-5<\/td><td>2BYSF-6<\/td><td>2BYSF-8<\/td><\/tr><tr><td>K\u00edch th\u01b0\u1edbc<\/td><td>1.57*1.3*1.2m<\/td><td>1.57*1.7*1.2m<\/td><td>1.62*2.35*1.2m<\/td><td>1.62*2.75*1.2m<\/td><td>1.62*3.35*1.2m<\/td><td>1.64*4.6*1.2m<\/td><\/tr><tr><td>H\u00e0ng<\/td><td>2<\/td><td>3<\/td><td>4<\/td><td>5<\/td><td>6<\/td><td>8<\/td><\/tr><tr><td>Kho\u1ea3ng c\u00e1ch h\u00e0ng<\/td><td>428-570mm<\/td><td>428-570mm<\/td><td>428-570mm<\/td><td>428-570mm<\/td><td>428-570mm<\/td><td>428-570mm<\/td><\/tr><tr><td>Kho\u1ea3ng c\u00e1ch c\u00e2y<\/td><td>140mm-280mm<\/td><td>140mm-280mm<\/td><td>140mm-280mm<\/td><td>140mm-280mm<\/td><td>140mm-280mm<\/td><td>140mm-280mm<\/td><\/tr><tr><td>\u0110\u1ed9 s\u00e2u r\u00e3nh<\/td><td>60-80mm<\/td><td>60-80mm<\/td><td>60-80mm<\/td><td>60-80mm<\/td><td>60-80mm<\/td><td>60-80mm<\/td><\/tr><tr><td>\u0110\u1ed9 s\u00e2u b\u00f3n ph\u00e2n<\/td><td>60-80mm<\/td><td>60-80mm<\/td><td>60-80mm<\/td><td>60-80mm<\/td><td>60-80mm<\/td><td>60-80mm<\/td><\/tr><tr><td>\u0110\u1ed9 s\u00e2u gieo<\/td><td>30-50mm<\/td><td>30-50mm<\/td><td>30-50mm<\/td><td>30-50mm<\/td><td>30-50mm<\/td><td>30-50mm<\/td><\/tr><tr><td>Dung t\u00edch b\u1ed3n ph\u00e2n b\u00f3n<\/td><td>18.75L x2<\/td><td>18.75L x3<\/td><td>18.75L x4<\/td><td>18.75L x5<\/td><td>18.75L x6<\/td><td>18.75L x8<\/td><\/tr><tr><td>Dung t\u00edch h\u1ed9p h\u1ea1t<\/td><td>8.5 x 2<\/td><td>8.5 x 3<\/td><td>8.5 x 4<\/td><td>8.5 x 5<\/td><td>8.5 x 6<\/td><td>8.5 x 8<\/td><\/tr><tr><td>Tr\u1ecdng l\u01b0\u1ee3ng<\/td><td>150kg<\/td><td>200kg<\/td><td>295kg<\/td><td>360kg<\/td><td>425kg<\/td><td>650kg<\/td><\/tr><tr><td>C\u00f4ng su\u1ea5t ph\u00f9 h\u1ee3p<\/td><td>&nbsp;12-18hp<\/td><td>15-25hp<\/td><td>25-40hp<\/td><td>40-60hp<\/td><td>50-80hp<\/td><td>75-100hp<\/td><\/tr><tr><td>Li\u00ean k\u1ebft<\/td><td>&nbsp;3 \u0111i\u1ec3m<\/td><td>&nbsp;3 \u0111i\u1ec3m<\/td><td>&nbsp;3 \u0111i\u1ec3m<\/td><td>&nbsp;3 \u0111i\u1ec3m<\/td><td>&nbsp;3 \u0111i\u1ec3m<\/td><td>&nbsp;3 \u0111i\u1ec3m<\/td><\/tr><\/tbody><\/table><figcaption class=\"wp-element-caption\">d\u1eef li\u1ec7u k\u1ef9 thu\u1eadt m\u00e1y gieo ng\u00f4 g\u1eafn tr\u00ean m\u00e1y k\u00e9o<\/figcaption><\/figure>    <figure class=\"wp-block-gallery has-nested-images columns-default is-cropped wp-block-gallery-3 is-layout-flex wp-block-gallery-is-layout-flex\"> <figure class=\"wp-block-image size-large\"><img loading=\"lazy\" decoding=\"async\" width=\"720\" height=\"540\" data-id=\"12703\" src=\"https:\/\/www.agriculture-machine.com\/wp-content\/uploads\/2022\/03\/factory-of-corn-planting-machine-.jpg\" alt=\"nh\u00e0 m\u00e1y \" class=\"wp-image-12703\" title=\"nh\u00e0 m\u00e1y \" srcset=\"https:\/\/www.agriculture-machine.com\/wp-content\/uploads\/2022\/03\/factory-of-corn-planting-machine-.jpg 720w, https:\/\/www.agriculture-machine.com\/wp-content\/uploads\/2022\/03\/factory-of-corn-planting-machine--360x270.jpg 360w, https:\/\/www.agriculture-machine.com\/wp-content\/uploads\/2022\/03\/factory-of-corn-planting-machine--240x180.jpg 240w\" sizes=\"auto, (max-width: 720px) 100vw, 720px\" \/><figcaption class=\"wp-element-caption\">nh\u00e0 m\u00e1y <\/figcaption><\/figure>    <figure class=\"wp-block-image size-large\"><img loading=\"lazy\" decoding=\"async\" width=\"720\" height=\"540\" data-id=\"12704\" src=\"https:\/\/www.agriculture-machine.com\/wp-content\/uploads\/2022\/03\/multi-row-maize-planter-.jpg\" alt=\"s\u1ea3n xu\u1ea5t m\u00e1y gieo\" class=\"wp-image-12704\" title=\"s\u1ea3n xu\u1ea5t m\u00e1y gieo\" srcset=\"https:\/\/www.agriculture-machine.com\/wp-content\/uploads\/2022\/03\/multi-row-maize-planter-.jpg 720w, https:\/\/www.agriculture-machine.com\/wp-content\/uploads\/2022\/03\/multi-row-maize-planter--360x270.jpg 360w, https:\/\/www.agriculture-machine.com\/wp-content\/uploads\/2022\/03\/multi-row-maize-planter--240x180.jpg 240w\" sizes=\"auto, (max-width: 720px) 100vw, 720px\" \/><figcaption class=\"wp-element-caption\">s\u1ea3n xu\u1ea5t m\u00e1y gieo<\/figcaption><\/figure> <figcaption class=\"blocks-gallery-caption wp-element-caption\">m\u00e1y gieo ng\u00f4<\/figcaption><\/figure>    <h2 class=\"wp-block-heading\" id=\"h-how-to-use-a-4-row-corn-planter\">C\u1ea3nh b\u00e1o khi s\u1eed d\u1ee5ng m\u00e1y gieo ng\u00f4<\/h2>    <ol class=\"wp-block-list\"> <li>Ki\u1ec3m tra v\u00e0 l\u00e0m s\u1ea1ch tr\u01b0\u1edbc khi s\u1eed d\u1ee5ng: lo\u1ea1i b\u1ecf r\u00e1c trong h\u1ed9p gieo v\u00e0 c\u1ecf v\u00e0 \u0111\u1ea5t tr\u00ean \u0111\u1ea7u m\u1edf \u0111\u1ec3 \u0111\u1ea3m b\u1ea3o thi\u1ebft b\u1ecb s\u1ea1ch s\u1ebd v\u00e0 kh\u00f4ng b\u1ecb c\u1ea3n tr\u1edf.<\/li>    <li>B\u00f4i tr\u01a1n v\u00e0 b\u1ea3o tr\u00ec: theo y\u00eau c\u1ea7u c\u1ee7a h\u01b0\u1edbng d\u1eabn, th\u00eam ch\u1ea5t b\u00f4i tr\u01a1n v\u00e0o c\u00e1c b\u1ed9 ph\u1eadn truy\u1ec1n \u0111\u1ed9ng v\u00e0 c\u00e1c b\u1ed9 ph\u1eadn quay c\u1ee7a m\u00e1y k\u00e9o k\u1ecbp th\u1eddi.<\/li>    <li>Ki\u1ec3m tra c\u00e1c b\u1ed9 ph\u1eadn c\u1ed1 \u0111\u1ecbnh: ch\u00fa \u00fd ki\u1ec3m tra chu\u1ed7i truy\u1ec1n \u0111\u1ed9ng c\u1ee7a m\u00e1y gieo, t\u00ecnh tr\u1ea1ng c\u0103ng v\u00e0 xem c\u00e1c bu l\u00f4ng c\u00f3 ch\u1eb7t kh\u00f4ng.<\/li>    <li>Gi\u1eef cho th\u00e2n m\u00e1y \u1edf m\u1ee9c \u0111\u1ed9: sau khi m\u00e1y gieo \u0111\u01b0\u1ee3c k\u1ebft n\u1ed1i v\u1edbi m\u00e1y k\u00e9o, th\u00e2n m\u00e1y n\u00ean \u0111\u01b0\u1ee3c gi\u1eef \u1edf m\u1ee9c \u0111\u1ed9 tr\u01b0\u1edbc v\u00e0 sau \u0111\u1ec3 tr\u00e1nh nghi\u00eang v\u00e0 \u1ea3nh h\u01b0\u1edfng \u0111\u1ebfn hi\u1ec7u qu\u1ea3 gieo h\u1ea1t.<\/li>    <li>\u0110i\u1ec1u ch\u1ec9nh h\u1ee3p l\u00fd c\u00e1c th\u00f4ng s\u1ed1: \u0111i\u1ec1u ch\u1ec9nh ch\u00ednh x\u00e1c l\u01b0\u1ee3ng h\u1ea1t, kho\u1ea3ng c\u00e1ch h\u00e0ng c\u1ee7a \u0111\u1ea7u m\u1edf v\u00e0 \u0111\u1ed9 s\u00e2u gieo c\u1ee7a b\u00e1nh r\u00e3nh \u0111\u1ec3 \u0111\u1ea3m b\u1ea3o gieo h\u1ea1t \u0111\u1ed3ng \u0111\u1ec1u v\u00e0 hi\u1ec7u qu\u1ea3.<\/li> <\/ol>    <figure class=\"wp-block-image aligncenter size-full is-resized\"><img loading=\"lazy\" decoding=\"async\" width=\"720\" height=\"540\" src=\"https:\/\/www.agriculture-machine.com\/wp-content\/uploads\/2022\/03\/planter1_720_540.jpg\" alt=\"m\u00e1y gieo ng\u00f4\" class=\"wp-image-12707\" title=\"m\u00e1y gieo\" srcset=\"https:\/\/www.agriculture-machine.com\/wp-content\/uploads\/2022\/03\/planter1_720_540.jpg 720w, https:\/\/www.agriculture-machine.com\/wp-content\/uploads\/2022\/03\/planter1_720_540-360x270.jpg 360w, https:\/\/www.agriculture-machine.com\/wp-content\/uploads\/2022\/03\/planter1_720_540-240x180.jpg 240w\" sizes=\"auto, (max-width: 720px) 100vw, 720px\" \/><figcaption class=\"wp-element-caption\">m\u00e1y gieo ng\u00f4<\/figcaption><\/figure>    <h2 class=\"wp-block-heading\">C\u00e1c tr\u01b0\u1eddng h\u1ee3p th\u00e0nh c\u00f4ng c\u1ee7a m\u00e1y gieo ng\u00f4 g\u1eafn tr\u00ean m\u00e1y k\u00e9o<\/h2>    <p class=\"translation-block\">Ch\u00fang t\u00f4i c\u00f3 nhi\u1ec1u <a href=\"https:\/\/www.agriculture-machine.com\/vi\/we-sold-4-row-and-8-row-corn-planter-machine-to-the-united-states\/\">tr\u01b0\u1eddng h\u1ee3p th\u00e0nh c\u00f4ng c\u1ee7a m\u00e1y gieo ng\u00f4<\/a> \u0111\u00e3 \u0111\u01b0\u1ee3c xu\u1ea5t kh\u1ea9u sang n\u01b0\u1edbc ngo\u00e0i. V\u00ed d\u1ee5, ch\u00fang t\u00f4i \u0111\u00e3 b\u00e1n 5 b\u1ed9 m\u00e1y gieo ng\u00f4 3 h\u00e0ng c\u00f3 b\u00f3n ph\u00e2n cho Panama. Kh\u00e1ch h\u00e0ng n\u00e0y \u0111\u00e3 \u0111\u1ebfn th\u0103m nh\u00e0 m\u00e1y c\u1ee7a ch\u00fang t\u00f4i \u0111\u1ec3 x\u00e1c nh\u1eadn \u0111\u01a1n h\u00e0ng. V\u00e0 tr\u01b0\u1edbc khi mua m\u00e1y gieo ng\u00f4 n\u00e0y, anh \u1ea5y \u0111\u00e3 mua m\u1ed9t m\u00e1y k\u00e9o 20HP. V\u00ec v\u1eady, ch\u00fang t\u00f4i \u0111\u00e3 g\u1ee3i \u00fd anh \u1ea5y mua m\u1ed9t m\u00e1y gieo 3 h\u00e0ng, v\u00ec n\u00f3 c\u1ea7n ph\u1ea3i ph\u00f9 h\u1ee3p v\u1edbi m\u00e1y k\u00e9o c\u1ee7a anh \u1ea5y.<\/p>    <p class=\"translation-block\">Recently, we exported a 4-row corn planter machine to <a href=\"https:\/\/en.wikipedia.org\/wiki\/El_Salvador\" target=\"_blank\" rel=\"noopener\">El Salvador<\/a>. It is worth mentioning that we have customized machines for our customers. according to the customer&#8217;s requirements. we also have customized the seed box for him.<\/p>    <figure class=\"wp-block-gallery has-nested-images columns-2 is-cropped wp-block-gallery-4 is-layout-flex wp-block-gallery-is-layout-flex\"> <figure class=\"wp-block-image size-large\"><a href=\"https:\/\/www.agriculture-machine.com\/wp-content\/uploads\/2022\/03\/wrap-film-4.jpg\"><img loading=\"lazy\" decoding=\"async\" width=\"720\" height=\"540\" data-id=\"12708\" src=\"https:\/\/www.agriculture-machine.com\/wp-content\/uploads\/2022\/03\/wrap-film-4.jpg\" alt=\"b\u1ecdc phim\" class=\"wp-image-12708\" title=\"b\u1ecdc phim\" srcset=\"https:\/\/www.agriculture-machine.com\/wp-content\/uploads\/2022\/03\/wrap-film-4.jpg 720w, https:\/\/www.agriculture-machine.com\/wp-content\/uploads\/2022\/03\/wrap-film-4-360x270.jpg 360w, https:\/\/www.agriculture-machine.com\/wp-content\/uploads\/2022\/03\/wrap-film-4-240x180.jpg 240w\" sizes=\"auto, (max-width: 720px) 100vw, 720px\" \/><\/a><figcaption class=\"wp-element-caption\">b\u1ecdc phim<\/figcaption><\/figure>    <figure class=\"wp-block-image size-large\"><a href=\"https:\/\/www.agriculture-machine.com\/wp-content\/uploads\/2022\/03\/loading-tuya.jpg\"><img loading=\"lazy\" decoding=\"async\" width=\"720\" height=\"540\" data-id=\"12709\" src=\"https:\/\/www.agriculture-machine.com\/wp-content\/uploads\/2022\/03\/loading-tuya.jpg\" alt=\"\u0111ang t\u1ea3i\" class=\"wp-image-12709\" title=\"\u0111ang t\u1ea3i\" srcset=\"https:\/\/www.agriculture-machine.com\/wp-content\/uploads\/2022\/03\/loading-tuya.jpg 720w, https:\/\/www.agriculture-machine.com\/wp-content\/uploads\/2022\/03\/loading-tuya-360x270.jpg 360w, https:\/\/www.agriculture-machine.com\/wp-content\/uploads\/2022\/03\/loading-tuya-240x180.jpg 240w\" sizes=\"auto, (max-width: 720px) 100vw, 720px\" \/><\/a><figcaption class=\"wp-element-caption\">\u0111ang t\u1ea3i<\/figcaption><\/figure>    <figure class=\"wp-block-image size-large\"><a href=\"https:\/\/www.agriculture-machine.com\/wp-content\/uploads\/2022\/03\/shipping-3.jpg\"><img loading=\"lazy\" decoding=\"async\" width=\"720\" height=\"540\" data-id=\"12710\" src=\"https:\/\/www.agriculture-machine.com\/wp-content\/uploads\/2022\/03\/shipping-3.jpg\" alt=\"v\u1eadn chuy\u1ec3n\" class=\"wp-image-12710\" title=\"v\u1eadn chuy\u1ec3n\" srcset=\"https:\/\/www.agriculture-machine.com\/wp-content\/uploads\/2022\/03\/shipping-3.jpg 720w, https:\/\/www.agriculture-machine.com\/wp-content\/uploads\/2022\/03\/shipping-3-360x270.jpg 360w, https:\/\/www.agriculture-machine.com\/wp-content\/uploads\/2022\/03\/shipping-3-240x180.jpg 240w\" sizes=\"auto, (max-width: 720px) 100vw, 720px\" \/><\/a><figcaption class=\"wp-element-caption\">v\u1eadn chuy\u1ec3n<\/figcaption><\/figure>    <figure class=\"wp-block-image size-large\"><a href=\"https:\/\/www.agriculture-machine.com\/wp-content\/uploads\/2022\/03\/in-container1-.jpg\"><img loading=\"lazy\" decoding=\"async\" width=\"720\" height=\"540\" data-id=\"12711\" src=\"https:\/\/www.agriculture-machine.com\/wp-content\/uploads\/2022\/03\/in-container1-.jpg\" alt=\"trong container\" class=\"wp-image-12711\" title=\"trong container\" srcset=\"https:\/\/www.agriculture-machine.com\/wp-content\/uploads\/2022\/03\/in-container1-.jpg 720w, https:\/\/www.agriculture-machine.com\/wp-content\/uploads\/2022\/03\/in-container1--360x270.jpg 360w, https:\/\/www.agriculture-machine.com\/wp-content\/uploads\/2022\/03\/in-container1--240x180.jpg 240w\" sizes=\"auto, (max-width: 720px) 100vw, 720px\" \/><\/a><figcaption class=\"wp-element-caption\">trong container<\/figcaption><\/figure> <figcaption class=\"blocks-gallery-caption wp-element-caption\">\u0111\u00f3ng g\u00f3i v\u00e0 v\u1eadn chuy\u1ec3n m\u00e1y gieo ng\u00f4<\/figcaption><\/figure>    <h2 class=\"wp-block-heading\" id=\"h-the-troubleshooting-and-solutions\"><a href=\"https:\/\/www.agriculture-machine.com\/vi\/what-should-you-pay-attention-to-when-using-corn-planter-machine\/\">C\u00e1c v\u1ea5n \u0111\u1ec1 v\u00e0 gi\u1ea3i ph\u00e1p<\/a><\/h2>    <ol class=\"wp-block-list\"> <li>Kh\u00f4ng c\u00f3 h\u1ea1t: c\u00f3 th\u1ec3 l\u00e0 b\u00e1nh r\u0103ng truy\u1ec1n \u0111\u1ed9ng kh\u00f4ng \u0111\u01b0\u1ee3c g\u1eafn ho\u1eb7c l\u1ed7 vu\u00f4ng c\u1ee7a con l\u0103n b\u1ecb m\u00f2n, c\u1ea7n ki\u1ec3m tra v\u00e0 s\u1eeda ch\u1eefa ho\u1eb7c thay th\u1ebf c\u00e1c b\u1ed9 ph\u1eadn.<\/li>    <li>Thi\u1ebft b\u1ecb gieo h\u1ea1t ri\u00eang kh\u00f4ng ho\u1ea1t \u0111\u1ed9ng: th\u01b0\u1eddng th\u00ec \u0111\u1ea7u ra h\u1ea1t b\u1ecb t\u1eafc ngh\u1ebdn b\u1edfi r\u00e1c, l\u00e0m s\u1ea1ch r\u00e1c c\u00f3 th\u1ec3 kh\u00f4i ph\u1ee5c l\u1ea1i b\u00ecnh th\u01b0\u1eddng.<\/li>    <li>Ra kh\u1ecfi h\u1ea1t nh\u01b0ng kh\u00f4ng c\u00f3 h\u1ea1t trong \u0111\u1ea5t: cho th\u1ea5y r\u1eb1ng \u0111\u1ea7u m\u1edf ho\u1eb7c \u1ed1ng h\u1ea1t b\u1ecb t\u1eafc, c\u1ea7n ph\u1ea3i l\u00e0m s\u1ea1ch t\u1eafc ngh\u1ebdn k\u1ecbp th\u1eddi \u0111\u1ec3 \u0111\u1ea3m b\u1ea3o th\u00f4ng su\u1ed1t.<\/li> <\/ol>    <h2 class=\"wp-block-heading\" id=\"h-faq\">C\u00e2u h\u1ecfi th\u01b0\u1eddng g\u1eb7p<\/h2>   <div id=\"rank-math-faq\" class=\"rank-math-block\"> <div class=\"rank-math-list\"> <div id=\"faq-question-1717040469237\" class=\"rank-math-list-item\"> <h3 class=\"rank-math-question\">B\u1ea1n c\u00f3 bao nhi\u00eau h\u00e0ng m\u00e1y gieo ng\u00f4?<\/h3> <div class=\"rank-math-answer\">  <p>Ch\u00fang t\u00f4i c\u00f3 m\u00e1y gieo ng\u00f4 2 h\u00e0ng, 3 h\u00e0ng, 4 h\u00e0ng, 5 h\u00e0ng, 6 h\u00e0ng v\u00e0 8 h\u00e0ng. V\u00ec v\u1eady, b\u1ea1n c\u00f3 th\u1ec3 ch\u1ecdn theo nhu c\u1ea7u c\u1ee7a m\u00ecnh.<\/p>  <\/div> <\/div> <div id=\"faq-question-1717040477193\" class=\"rank-math-list-item\"> <h3 class=\"rank-math-question\">Kho\u1ea3ng c\u00e1ch h\u00e0ng v\u00e0 kho\u1ea3ng c\u00e1ch c\u00e2y c\u00f3 th\u1ec3 \u0111i\u1ec1u ch\u1ec9nh kh\u00f4ng?<\/h3> <div class=\"rank-math-answer\">  <p>C\u00f3, ch\u00fang c\u00f3 th\u1ec3 \u0111i\u1ec1u ch\u1ec9nh.<\/p>  <\/div> <\/div> <div id=\"faq-question-1717040488671\" class=\"rank-math-list-item\"> <h3 class=\"rank-math-question\">M\u00e1y gieo ng\u00f4 v\u1edbi c\u00e1c h\u00e0ng kh\u00e1c nhau c\u00f3 c\u1ea7n m\u00e1y k\u00e9o kh\u00e1c nhau kh\u00f4ng?<\/h3> <div class=\"rank-math-answer\">  <p>T\u1ea5t nhi\u00ean, \u0111\u1ed9ng c\u01a1 c\u1ee7a m\u00e1y k\u00e9o kh\u00e1c nhau cho c\u00e1c h\u00e0ng m\u00e1y gieo kh\u00e1c nhau.<\/p>  <\/div> <\/div> <div id=\"faq-question-1717040497645\" class=\"rank-math-list-item\"> <h3 class=\"rank-math-question\">C\u00f3 d\u1ec5 d\u00e0ng k\u1ebft n\u1ed1i m\u00e1y gieo ng\u00f4 b\u00e1n v\u1edbi m\u00e1y k\u00e9o kh\u00f4ng?<\/h3> <div class=\"rank-math-answer\">  <p>C\u00f3, r\u1ea5t d\u1ec5 d\u00e0ng. V\u00e0 \u0111\u1eebng lo l\u1eafng v\u1ec1 \u0111i\u1ec1u \u0111\u00f3, ch\u00fang t\u00f4i s\u1ebd d\u1ea1y b\u1ea1n c\u00e1ch l\u00e0m.<\/p>  <\/div> <\/div> <\/div> <\/div>   <p class=\"translation-block\">Ngo\u00e0i m\u00e1y gieo ng\u00f4, ch\u00fang t\u00f4i c\u0169ng cung c\u1ea5p <a href=\"https:\/\/www.agriculture-machine.com\/vi\/corn-maize-harvester-machine\/\">m\u00e1y thu ho\u1ea1ch ng\u00f4<\/a>, <a href=\"https:\/\/www.agriculture-machine.com\/vi\/maize-peeler-and-thresher\/\">m\u00e1y \u0111\u1eadp ng\u00f4<\/a>, v\u00e0 <a href=\"https:\/\/www.agriculture-machine.com\/vi\/corn-grits-making-machine\/\">m\u00e1y l\u00e0m b\u1ed9t ng\u00f4<\/a>, bao ph\u1ee7 t\u1ea5t c\u1ea3 c\u00e1c kh\u00eda c\u1ea1nh t\u1eeb gieo h\u1ea1t \u0111\u1ebfn ch\u1ebf bi\u1ebfn ti\u1ebfp theo, gi\u00fap b\u1ea1n ho\u00e0n th\u00e0nh hi\u1ec7u qu\u1ea3 to\u00e0n b\u1ed9 quy tr\u00ecnh x\u1eed l\u00fd ng\u00f4. Xin vui l\u00f2ng li\u00ean h\u1ec7 v\u1edbi ch\u00fang t\u00f4i \u0111\u1ec3 c\u00f3 gi\u1ea3i ph\u00e1p m\u00e1y m\u00f3c ng\u00f4 ph\u00f9 h\u1ee3p v\u1edbi nhu c\u1ea7u c\u1ee7a b\u1ea1n!<\/p>","protected":false},"excerpt":{"rendered":"<p>M\u00e1y gieo ng\u00f4 c\u00f3 th\u1ec3 \u0111\u1ea1t \u0111\u01b0\u1ee3c vi\u1ec7c gieo h\u1ea1t \u0111\u1ed3ng \u0111\u1ec1u v\u00e0 \u0111\u1ed3ng b\u1ed9 h\u00f3a ph\u00e2n b\u00f3n. Ch\u00fang t\u00f4i c\u00f3 2-8 h\u00e0ng gieo \u0111a h\u00e0ng, \u0111\u01b0\u1ee3c s\u1eed d\u1ee5ng r\u1ed9ng r\u00e3i trong t\u1ea5t c\u1ea3 c\u00e1c lo\u1ea1i ho\u1ea1t \u0111\u1ed9ng gieo h\u1ea1t tr\u00ean \u0111\u1ea5t.<\/p>","protected":false},"author":1,"featured_media":12713,"parent":0,"comment_status":"closed","ping_status":"closed","template":"","tags":[491,481],"product-type":[882,870],"class_list":["post-1889","product","type-product","status-publish","has-post-thumbnail","hentry","tag-corn","tag-maize","product-type-corn-planter","product-type-planter"],"_links":{"self":[{"href":"https:\/\/www.agriculture-machine.com\/vi\/wp-json\/wp\/v2\/product\/1889","targetHints":{"allow":["GET"]}}],"collection":[{"href":"https:\/\/www.agriculture-machine.com\/vi\/wp-json\/wp\/v2\/product"}],"about":[{"href":"https:\/\/www.agriculture-machine.com\/vi\/wp-json\/wp\/v2\/types\/product"}],"author":[{"embeddable":true,"href":"https:\/\/www.agriculture-machine.com\/vi\/wp-json\/wp\/v2\/users\/1"}],"replies":[{"embeddable":true,"href":"https:\/\/www.agriculture-machine.com\/vi\/wp-json\/wp\/v2\/comments?post=1889"}],"wp:featuredmedia":[{"embeddable":true,"href":"https:\/\/www.agriculture-machine.com\/vi\/wp-json\/wp\/v2\/media\/12713"}],"wp:attachment":[{"href":"https:\/\/www.agriculture-machine.com\/vi\/wp-json\/wp\/v2\/media?parent=1889"}],"wp:term":[{"taxonomy":"post_tag","embeddable":true,"href":"https:\/\/www.agriculture-machine.com\/vi\/wp-json\/wp\/v2\/tags?post=1889"},{"taxonomy":"product-type","embeddable":true,"href":"https:\/\/www.agriculture-machine.com\/vi\/wp-json\/wp\/v2\/product-type?post=1889"}],"curies":[{"name":"wp","href":"https:\/\/api.w.org\/{rel}","templated":true}]}}