{"id":200,"date":"2018-07-12T07:22:03","date_gmt":"2018-07-11T23:22:03","guid":{"rendered":"https:\/\/www.agriculture-machine.com\/?p=200"},"modified":"2024-10-24T14:12:06","modified_gmt":"2024-10-24T06:12:06","slug":"small-chaff-cutter","status":"publish","type":"product","link":"https:\/\/www.agriculture-machine.com\/vi\/small-chaff-cutter\/","title":{"rendered":"Ba lo\u1ea1i m\u00e1y c\u1eaft r\u01a1m \/ m\u00e1y c\u1eaft c\u1ecf nh\u1ecf"},"content":{"rendered":"<h1 class=\"wp-block-heading\"><span style=\"color: #ff0000;\">Lo\u1ea1i m\u1ed9t<\/span><\/h1>    <p>M\u00e1y c\u1eaft c\u1ecf HC-400 nh\u1ecf g\u1ecdn nh\u01b0ng l\u00e0 c\u00f4ng c\u1ee5 h\u1eefu \u00edch cho n\u00f4ng d\u00e2n, b\u1ea1n c\u00f3 th\u1ec3 ch\u1ecdn n\u00f3 m\u00e0 kh\u00f4ng do d\u1ef1 n\u1ebfu b\u1ea1n tr\u1ed3ng l\u00faa m\u00ec, ng\u00f4 ho\u1eb7c c\u00f3 m\u1ed9t s\u1ed1 lo\u1ea1i c\u1ecf c\u1ea7n c\u1eaft. C\u1ecf c\u1eaft c\u00f3 th\u1ec3 d\u00f9ng \u0111\u1ec3 nu\u00f4i gia s\u00fac v\u00e0 d\u1ec5 ti\u00eau h\u00f3a nh\u1edd h\u00ecnh d\u1ea1ng nh\u1ecf. V\u1edbi c\u00f4ng su\u1ea5t 400-500kg\/h, ch\u00fang t\u00f4i \u0111\u00e3 b\u00e1n nhi\u1ec1u b\u1ed9 \u1edf trong v\u00e0 ngo\u00e0i n\u01b0\u1edbc, gi\u00fap n\u00f4ng d\u00e2n ti\u1ebft ki\u1ec7m n\u0103ng l\u01b0\u1ee3ng v\u00e0 th\u1eddi gian.<\/p>   <p><iframe loading=\"lazy\" title=\"M\u00e1y c\u1eaft r\u01a1m r\u1ebb, b\u00e1n ch\u1ea1y, m\u00e1y c\u1eaft c\u1ecf \/ m\u00e1y c\u1eaft r\u01a1m c\u1eaft th\u1ee9c \u0103n xanh trong nh\u00e0 m\u00e1y Trung Qu\u1ed1c\" width=\"500\" height=\"281\" src=\"https:\/\/www.youtube.com\/embed\/xqezorsYNPE?start=3&#038;feature=oembed\" frameborder=\"0\" allow=\"accelerometer; autoplay; clipboard-write; encrypted-media; gyroscope; picture-in-picture; web-share\" referrerpolicy=\"strict-origin-when-cross-origin\" allowfullscreen><\/iframe><\/p>    <h2 class=\"wp-block-heading\">Th\u00f4ng s\u1ed1 k\u1ef9 thu\u1eadt c\u1ee7a m\u00e1y c\u1eaft c\u1ecf<\/h2>    <figure class=\"wp-block-image aligncenter\"><img loading=\"lazy\" decoding=\"async\" width=\"500\" height=\"500\" src=\"https:\/\/www.agriculture-machine.com\/wp-content\/uploads\/2018\/07\/11.jpg\" alt=\"M\u00e1y c\u1eaft r\u01a1m\" class=\"wp-image-2983\" srcset=\"https:\/\/www.agriculture-machine.com\/wp-content\/uploads\/2018\/07\/11.jpg 500w, https:\/\/www.agriculture-machine.com\/wp-content\/uploads\/2018\/07\/11-270x270.jpg 270w\" sizes=\"auto, (max-width: 500px) 100vw, 500px\" \/><figcaption class=\"wp-element-caption\">M\u00e1y c\u1eaft r\u01a1m<\/figcaption><\/figure>    <figure class=\"wp-block-table is-style-stripes\"><table><tbody><tr><td>M\u1eabu<\/td><td>HC-400<\/td><\/tr><tr><td>C\u00f4ng su\u1ea5t<\/td><td>\u0110\u1ed9ng c\u01a1 2.2kw, \u0111\u1ed9ng c\u01a1 x\u0103ng ho\u1eb7c \u0111\u1ed9ng c\u01a1 diesel<\/td><\/tr><tr><td>Dung t\u00edch<\/td><td>400-500kg\/h<\/td><\/tr><tr><td>Tr\u1ecdng l\u01b0\u1ee3ng<\/td><td>80kg<\/td><\/tr><tr><td>K\u00edch th\u01b0\u1edbc<\/td><td>1050*580*800mm<\/td><\/tr><\/tbody><\/table><figcaption class=\"wp-element-caption\">Th\u00f4ng s\u1ed1 k\u1ef9 thu\u1eadt c\u1ee7a m\u00e1y c\u1eaft c\u1ecf<\/figcaption><\/figure>    <h2 class=\"wp-block-heading\">C\u1ea5u tr\u00fac c\u1ee7a m\u00e1y c\u1eaft c\u1ecf<\/h2>    <figure class=\"wp-block-image aligncenter\"><img loading=\"lazy\" decoding=\"async\" width=\"500\" height=\"500\" src=\"https:\/\/www.agriculture-machine.com\/wp-content\/uploads\/2018\/07\/88.jpg\" alt=\"\" class=\"wp-image-2987\" srcset=\"https:\/\/www.agriculture-machine.com\/wp-content\/uploads\/2018\/07\/88.jpg 500w, https:\/\/www.agriculture-machine.com\/wp-content\/uploads\/2018\/07\/88-270x270.jpg 270w\" sizes=\"auto, (max-width: 500px) 100vw, 500px\" \/><\/figure>    <figure class=\"wp-block-image aligncenter\"><img loading=\"lazy\" decoding=\"async\" width=\"500\" height=\"500\" src=\"https:\/\/www.agriculture-machine.com\/wp-content\/uploads\/2018\/07\/77.jpg\" alt=\"\" class=\"wp-image-2986\" srcset=\"https:\/\/www.agriculture-machine.com\/wp-content\/uploads\/2018\/07\/77.jpg 500w, https:\/\/www.agriculture-machine.com\/wp-content\/uploads\/2018\/07\/77-270x270.jpg 270w\" sizes=\"auto, (max-width: 500px) 100vw, 500px\" \/><\/figure>    <figure class=\"wp-block-image aligncenter\"><img loading=\"lazy\" decoding=\"async\" width=\"500\" height=\"500\" src=\"https:\/\/www.agriculture-machine.com\/wp-content\/uploads\/2018\/07\/66.jpg\" alt=\"\" class=\"wp-image-2985\" srcset=\"https:\/\/www.agriculture-machine.com\/wp-content\/uploads\/2018\/07\/66.jpg 500w, https:\/\/www.agriculture-machine.com\/wp-content\/uploads\/2018\/07\/66-270x270.jpg 270w\" sizes=\"auto, (max-width: 500px) 100vw, 500px\" \/><\/figure>    <h2 class=\"wp-block-heading\">\u1ee8ng d\u1ee5ng c\u1ee7a m\u00e1y c\u1eaft c\u1ecf<\/h2>    <ol class=\"wp-block-list\"> <li>M\u00e1y c\u1eaft r\u01a1m b\u00e1n c\u00f3 th\u1ec3 c\u1eaft th\u00e2n c\u00e2y c\u1ee7a \u0111\u1eadu, ng\u00f4, g\u1ea1o, l\u00faa m\u00ec, c\u1ecf linh l\u0103ng, c\u1ecf, r\u01a1m l\u00faa m\u00ec, \u0111\u1eadu ph\u1ed9ng, chim \u0111\u1ea5t, v.v., \u0111\u1ec3 nu\u00f4i b\u00f2, ng\u1ef1a, c\u1eebu, ng\u1ed7ng, g\u00e0, v\u1ecbt v\u00e0 c\u00e1c lo\u00e0i \u0111\u1ed9ng v\u1eadt kh\u00e1c.<\/li>    <li>L\u01b0\u1ee1i dao c\u1ee7a m\u00e1y c\u1eaft c\u1ecf l\u00e0 thi\u1ebft b\u1ecb c\u01a1 kh\u00ed d\u00e0nh cho ph\u1ea7n l\u1edbn n\u00f4ng d\u00e2n v\u00e0 c\u00e1c nh\u00e0 m\u00e1y ch\u1ebf bi\u1ebfn th\u1ee9c \u0103n nh\u1ecf ho\u1eb7c trung b\u00ecnh, c\u00f3 th\u1ec3 s\u1eed d\u1ee5ng cho c\u00e1c \u0111\u1ed3ng c\u1ecf, nh\u00e0 m\u00e1y gi\u1ea5y, v\u00e0 c\u00e1c nh\u00e0 m\u00e1y d\u01b0\u1ee3c ph\u1ea9m.<\/li> <\/ol>    <figure class=\"wp-block-image aligncenter\"><img loading=\"lazy\" decoding=\"async\" width=\"500\" height=\"500\" src=\"https:\/\/www.agriculture-machine.com\/wp-content\/uploads\/2018\/07\/99.jpg\" alt=\"M\u00e1y c\u1eaft c\u1ecf\" class=\"wp-image-2988\" srcset=\"https:\/\/www.agriculture-machine.com\/wp-content\/uploads\/2018\/07\/99.jpg 500w, https:\/\/www.agriculture-machine.com\/wp-content\/uploads\/2018\/07\/99-270x270.jpg 270w\" sizes=\"auto, (max-width: 500px) 100vw, 500px\" \/><\/figure>    <h2 class=\"wp-block-heading\">C\u00e1c \u0111\u1eb7c \u0111i\u1ec3m c\u1ee7a m\u00e1y c\u1eaft c\u1ecf<\/h2>    <ol class=\"wp-block-list\"> <li>V\u1edbi b\u1ed1n b\u00e1nh xe, m\u00e1y c\u1eaft c\u1ecf th\u1ee7 c\u00f4ng c\u00f3 th\u1ec3 d\u1ec5 d\u00e0ng di chuy\u1ec3n.<\/li>    <li>Chi\u1ec1u d\u00e0i c\u1eaft c\u1ee7a c\u1ecf c\u00f3 th\u1ec3 \u0111i\u1ec1u ch\u1ec9nh theo y\u00eau c\u1ea7u c\u1ee7a kh\u00e1ch h\u00e0ng.<\/li>    <li>C\u1ecf c\u1eaft b\u1edfi m\u00e1y n\u00e0y c\u00f3 th\u1ec3 d\u1ec5 d\u00e0ng ti\u00eau h\u00f3a b\u1edfi \u0111\u1ed9ng v\u1eadt.<\/li>    <li>Hi\u1ec7u qu\u1ea3 c\u1eaft cao. Hi\u1ec7u qu\u1ea3 c\u1ee7a c\u00e1c m\u1ea3nh cu\u1ed1i r\u1ea5t t\u1ed1t.<\/li>    <li>K\u00edch th\u01b0\u1edbc nh\u1ecf v\u00e0 nh\u1eb9. D\u1ec5 s\u1eed d\u1ee5ng cho gia \u0111\u00ecnh.<\/li> <\/ol>    <h1 class=\"wp-block-heading\"><span style=\"color: #ff0000;\">Lo\u1ea1i hai<\/span><\/h1>    <figure class=\"wp-block-image aligncenter\"><img decoding=\"async\" src=\"https:\/\/www.agriculture-machine.com\/wp-content\/uploads\/2018\/07\/IMG_7060.jpg\" alt=\"M\u00e1y c\u1eaft c\u1ecf\" class=\"wp-image-3517\"\/><figcaption class=\"wp-element-caption\">M\u00e1y c\u1eaft c\u1ecf<\/figcaption><\/figure>    <h2 class=\"wp-block-heading\"><strong><b>Gi\u1edbi thi\u1ec7u ng\u1eafn g\u1ecdn v\u1ec1 <\/b><\/strong>m\u00e1y thu ho\u1ea1ch ch\u0103n nu\u00f4i<\/h2>    <p>V\u1edbi b\u00e1nh xe nh\u1eb9, m\u00e1y c\u1eaft r\u01a1m d\u1ec5 d\u00e0ng di chuy\u1ec3n. M\u00e1y c\u1eaft r\u01a1m c\u00f3 th\u1ec3 ho\u1ea1t \u0111\u1ed9ng v\u1edbi \u0111\u1ed9ng c\u01a1 2.2kw ho\u1eb7c \u0111\u1ed9ng c\u01a1 x\u0103ng nh\u1ecf cho nh\u1eefng n\u01a1i thi\u1ebfu \u0111i\u1ec7n. Chi\u1ec1u d\u00e0i c\u1eaft c\u1ee7a c\u1ecf c\u00f3 th\u1ec3 \u0111i\u1ec1u ch\u1ec9nh theo y\u00eau c\u1ea7u c\u1ee7a kh\u00e1ch h\u00e0ng.<\/p>    <figure class=\"wp-block-image aligncenter\"><img decoding=\"async\" src=\"https:\/\/www.agriculture-machine.com\/wp-content\/uploads\/2018\/07\/IMG_6925.jpg\" alt=\"M\u00e1y c\u1eaft c\u1ecf\" class=\"wp-image-3516\"\/><figcaption class=\"wp-element-caption\">M\u00e1y c\u1eaft c\u1ecf<\/figcaption><\/figure>    <figure class=\"wp-block-table is-style-stripes\"><table><tbody><tr><td>Dung t\u00edch<\/td><td>500kg\/h<\/td><\/tr><tr><td>K\u00edch th\u01b0\u1edbc \u0111\u00f3ng g\u00f3i<\/td><td>400*500*600mm<\/td><\/tr><tr><td>C\u00f4ng su\u1ea5t<\/td><td>2.2kw<\/td><\/tr><tr><td>Tr\u1ecdng l\u01b0\u1ee3ng<\/td><td>50kg<\/td><\/tr><\/tbody><\/table><figcaption class=\"wp-element-caption\">Th\u00f4ng s\u1ed1 k\u1ef9 thu\u1eadt c\u1ee7a m\u00e1y c\u1eaft c\u1ecf<\/figcaption><\/figure>    <h2 class=\"wp-block-heading\"><strong><b>\u1ee8ng d\u1ee5ng c\u1ee7a <\/b><\/strong>m\u00e1y thu ho\u1ea1ch ch\u0103n nu\u00f4i<\/h2>    <p>M\u00e1y c\u1eaft c\u1ecf c\u00f3 th\u1ec3 c\u1eaft c\u00e1c v\u1eadt nh\u01b0 c\u1ecf, c\u1ecf kh\u00f4, r\u01a1m, r\u01a1m l\u00faa m\u00ec, th\u00e2n c\u00e2y ng\u00f4, \u0111\u1eadu ph\u1ed9ng, v.v., d\u00f9ng \u0111\u1ec3 nu\u00f4i b\u00f2, ng\u1ef1a, c\u1eebu, ng\u1ed7ng, g\u00e0, v\u1ecbt v\u00e0 c\u00e1c lo\u00e0i \u0111\u1ed9ng v\u1eadt kh\u00e1c, r\u1ea5t thu\u1eadn l\u1ee3i cho ti\u00eau h\u00f3a c\u1ee7a ch\u00fang.<\/p>    <figure class=\"wp-block-image aligncenter\"><img decoding=\"async\" src=\"https:\/\/www.agriculture-machine.com\/wp-content\/uploads\/2018\/07\/IMG_7292.jpg\" alt=\"\" class=\"wp-image-3519\"\/><\/figure>    <h2 class=\"wp-block-heading\"><strong><b>\u01afu \u0111i\u1ec3m c\u1ee7a <\/b><\/strong>M\u00e1y c\u1eaft r\u01a1m<\/h2>    <p>1. M\u00e1y c\u1eaft c\u1ecf hay m\u00e1y c\u1eaft c\u1ecf l\u00e0 thi\u1ebft b\u1ecb c\u01a1 kh\u00ed d\u00e0nh cho ph\u1ea7n l\u1edbn n\u00f4ng d\u00e2n v\u00e0 c\u00e1c nh\u00e0 m\u00e1y ch\u1ebf bi\u1ebfn th\u1ee9c \u0103n nh\u1ecf ho\u1eb7c trung b\u00ecnh, c\u00f3 th\u1ec3 s\u1eed d\u1ee5ng cho c\u00e1c \u0111\u1ed3ng c\u1ecf, nh\u00e0 m\u00e1y gi\u1ea5y, v\u00e0 c\u00e1c nh\u00e0 m\u00e1y d\u01b0\u1ee3c ph\u1ea9m.<\/p>    <p>2. L\u01b0\u1ee1i dao \u0111\u01b0\u1ee3c l\u00e0m b\u1eb1ng th\u00e9p ch\u1ea5t l\u01b0\u1ee3ng cao v\u1edbi bu l\u00f4ng ch\u1ecbu l\u1ef1c cao v\u00e0 \u0111\u01b0\u1ee3c gia c\u00f4ng \u0111\u1eb7c bi\u1ec7t, an to\u00e0n, \u0111\u00e1ng tin c\u1eady v\u00e0 b\u1ec1n.<\/p>    <figure class=\"wp-block-image aligncenter\"><img decoding=\"async\" src=\"https:\/\/www.agriculture-machine.com\/wp-content\/uploads\/2018\/07\/IMG_7082.jpg\" alt=\"\" class=\"wp-image-3518\"\/><\/figure>    <h1 class=\"wp-block-heading\"><span style=\"color: #ff0000;\">Lo\u1ea1i ba<\/span><\/h1>    <figure class=\"wp-block-image aligncenter\"><img loading=\"lazy\" decoding=\"async\" width=\"750\" height=\"750\" src=\"https:\/\/www.agriculture-machine.com\/wp-content\/uploads\/2018\/07\/01.jpg\" alt=\"\" class=\"wp-image-3523\" srcset=\"https:\/\/www.agriculture-machine.com\/wp-content\/uploads\/2018\/07\/01.jpg 750w, https:\/\/www.agriculture-machine.com\/wp-content\/uploads\/2018\/07\/01-270x270.jpg 270w, https:\/\/www.agriculture-machine.com\/wp-content\/uploads\/2018\/07\/01-540x540.jpg 540w\" sizes=\"auto, (max-width: 750px) 100vw, 750px\" \/><\/figure>    <h2 class=\"wp-block-heading\">Gi\u1edbi thi\u1ec7u ng\u1eafn g\u1ecdn v\u1ec1 m\u00e1y c\u1eaft c\u1ecf<\/h2>    <p>1. Hai ch\u1ee9c n\u0103ng c\u1ee7a m\u00e1y n\u00e0y: c\u1eaft r\u01a1m v\u00e0 nghi\u1ec1n h\u1ea1t. M\u00e1y c\u1eaft c\u1ecf n\u00e0y t\u00edch h\u1ee3p c\u1eaft r\u01a1m v\u00e0 nghi\u1ec1n h\u1ea1t th\u00e0nh m\u1ed9t th\u1ec3.<\/p>    <p>2. R\u01a1m ng\u00f4, c\u1ecf kh\u00f4, c\u1ecf, h\u1ea1t, v.v. c\u00f3 th\u1ec3 l\u00e0 nguy\u00ean li\u1ec7u c\u1ee7a n\u00f3.<\/p>    <p>3. C\u00e1c m\u00e0n h\u00ecnh l\u01b0\u1edbi kh\u00e1c nhau c\u00f3 th\u1ec3 t\u1ea1o ra c\u00e1c d\u1ea1ng b\u1ed9t kh\u00e1c nhau.<\/p>    <p>4. S\u1ea3n ph\u1ea9m ho\u00e0n ch\u1ec9nh ph\u1ed5 bi\u1ebfn \u0111\u1ec3 gia s\u00fac \u0103n.<\/p>    <p>5. B\u1ea1n c\u00f3 th\u1ec3 ch\u1ecdn c\u00e1c lo\u1ea1i m\u00e1y ph\u00f9 h\u1ee3p v\u1edbi nhu c\u1ea7u c\u1ee7a m\u00ecnh.<\/p>    <p>6. Hai b\u00e1nh xe linh ho\u1ea1t v\u00e0 gi\u00e1 \u0111\u1ee1 \u1ed5n \u0111\u1ecbnh gi\u00fap d\u1ec5 d\u00e0ng di chuy\u1ec3n.<\/p>    <figure class=\"wp-block-image aligncenter\"><img loading=\"lazy\" decoding=\"async\" width=\"750\" height=\"750\" src=\"https:\/\/www.agriculture-machine.com\/wp-content\/uploads\/2018\/07\/03.jpg\" alt=\"\" class=\"wp-image-3524\" srcset=\"https:\/\/www.agriculture-machine.com\/wp-content\/uploads\/2018\/07\/03.jpg 750w, https:\/\/www.agriculture-machine.com\/wp-content\/uploads\/2018\/07\/03-270x270.jpg 270w, https:\/\/www.agriculture-machine.com\/wp-content\/uploads\/2018\/07\/03-540x540.jpg 540w\" sizes=\"auto, (max-width: 750px) 100vw, 750px\" \/><\/figure>    <figure class=\"wp-block-table is-style-stripes\"><table><tbody><tr><td> <p style=\"text-align: center; vertical-align: baseline; margin: 0.0000pt;\" align=\"center\" class=\"translation-block\"><strong><span style=\"font-family: Arial;color: #000000;font-weight: bold;font-style: normal;font-size: 10.5000pt\">M\u1eabu m\u00e3<\/span><\/strong><\/p> <\/td><td> <p style=\"text-align: center; vertical-align: baseline; margin: 0.0000pt;\" align=\"center\" class=\"translation-block\"><strong><span style=\"font-family: Arial;color: #000000;font-weight: bold;font-style: normal;font-size: 10.5000pt\">TZY-D1<\/span><\/strong><\/p> <\/td><\/tr><tr><td> <p style=\"text-align: center; vertical-align: baseline; margin: 0.0000pt;\" align=\"center\"><span style=\"font-family: Arial; color: #000000; font-style: normal; font-size: 10.5000pt;\">\u0110\u1ed9ng c\u01a1<\/span><\/p> <\/td><td> <p style=\"text-align: center; vertical-align: baseline; margin: 0.0000pt;\" align=\"center\"><span style=\"font-family: Arial; color: #000000; font-style: normal; font-size: 10.5000pt;\">1.5kw<\/span><\/p> <\/td><\/tr><tr><td> <p style=\"text-align: center; vertical-align: baseline; margin: 0.0000pt;\" align=\"center\"><span style=\"font-family: Arial; color: #000000; font-style: normal; font-size: 10.5000pt;\">K\u00edch th\u01b0\u1edbc<\/span><\/p> <\/td><td> <p style=\"text-align: center; vertical-align: baseline; margin: 0.0000pt;\" align=\"center\"><span style=\"font-family: Arial; color: #000000; font-style: normal; font-size: 10.5000pt;\">1150*680*1360mm<\/span><\/p> <\/td><\/tr><tr><td> <p style=\"text-align: center; vertical-align: baseline; margin: 0.0000pt;\" align=\"center\"><span style=\"font-family: Arial; color: #000000; font-style: normal; font-size: 10.5000pt;\">Tr\u1ecdng l\u01b0\u1ee3ng<\/span><\/p> <\/td><td> <p style=\"text-align: center; vertical-align: baseline; margin: 0.0000pt;\" align=\"center\"><span style=\"font-family: Arial; color: #000000; font-style: normal; font-size: 10.5000pt;\">87kg<\/span><\/p> <\/td><\/tr><tr><td> <p style=\"text-align: center; vertical-align: baseline; margin: 0.0000pt;\" align=\"center\"><span style=\"font-family: Arial; color: #000000; font-style: normal; font-size: 10.5000pt;\">Dung t\u00edch<\/span><\/p> <\/td><td> <p style=\"text-align: center; vertical-align: baseline; margin: 0.0000pt;\" align=\"center\"><span style=\"font-family: Arial; color: #000000; font-style: normal; font-size: 10.5000pt;\">1t\/h<\/span><\/p> <\/td><\/tr><\/tbody><\/table><figcaption class=\"wp-element-caption\">Th\u00f4ng tin chi ti\u1ebft v\u1ec1 m\u00e1y nghi\u1ec1n c\u00e2y tr\u1ed3ng<\/figcaption><\/figure>    <p class=\"translation-block\">Ngo\u00e0i ra, c\u00e1c m\u00e1y t\u01b0\u01a1ng t\u1ef1 c\u1ee7a ch\u00fang t\u00f4i l\u00e0 <strong><em>M\u00e1y c\u1eaft c\u1ecf cho \u0103n gia s\u00fac | m\u00e1y c\u1eaft r\u01a1m | m\u00e1y c\u1eaft c\u1ecf v\u1edbi c\u00f4ng su\u1ea5t l\u1edbn<\/em><\/strong>, v\u00e0 <strong><em>m\u00e1y c\u1eaft c\u1ecf 4-15t\/h \/ c\u1eaft c\u1ecf \u01b0\u1edbt \/ m\u00e1y c\u1eaft c\u1ecf<\/em><\/strong>.<\/p>    <h2 class=\"wp-block-heading\">Tr\u01b0\u1eddng h\u1ee3p th\u00e0nh c\u00f4ng c\u1ee7a m\u00e1y c\u1eaft c\u1ecf<\/h2>    <p>M\u00e1y c\u1eaft r\u01a1m n\u00e0y l\u00e0 s\u1ea3n ph\u1ea9m b\u00e1n ch\u1ea1y c\u1ee7a nh\u00e0 m\u00e1y ch\u00fang t\u00f4i v\u00e0 ch\u00fang t\u00f4i b\u00e1n nhi\u1ec1u b\u1ed9 m\u1ed7i th\u00e1ng. Th\u00e1ng tr\u01b0\u1edbc, 500 b\u1ed9 \u0111\u00e3 \u0111\u01b0\u1ee3c giao \u0111\u1ebfn Pakistan, kh\u00e1ch h\u00e0ng c\u1ee7a ch\u00fang t\u00f4i \u0111\u00e3 nh\u1eadn \u0111\u1ee7 t\u1ea5t c\u1ea3 c\u00e1c m\u00e1y, khen ng\u1ee3i ch\u1ea5t l\u01b0\u1ee3ng, v\u00e0 h\u00ecnh \u1ea3nh \u0111\u00f3ng g\u00f3i d\u01b0\u1edbi \u0111\u00e2y.<\/p>    <p>Ngo\u00e0i ra, ch\u00fang t\u00f4i cung c\u1ea5p d\u1ecbch v\u1ee5 h\u1eadu m\u00e3i ho\u00e0n h\u1ea3o nh\u01b0 d\u1ecbch v\u1ee5 tr\u1ef1c tuy\u1ebfn 24\/7, g\u1eedi ph\u1ee5 t\u00f9ng mi\u1ec5n ph\u00ed trong v\u00f2ng m\u1ed9t n\u0103m, s\u1eafp x\u1ebfp k\u1ef9 s\u01b0 \u0111\u00e0o t\u1ea1o c\u00f4ng nh\u00e2n c\u1ee7a h\u1ecd, v.v. Ch\u00fang t\u00f4i s\u1ebd c\u1ed1 g\u1eafng h\u1ebft s\u1ee9c \u0111\u1ec3 gi\u1ea3i quy\u1ebft m\u1ecdi v\u1ea5n \u0111\u1ec1 c\u1ee7a h\u1ecd.<\/p>    <figure class=\"wp-block-image aligncenter\"><img loading=\"lazy\" decoding=\"async\" width=\"500\" height=\"500\" src=\"https:\/\/www.agriculture-machine.com\/wp-content\/uploads\/2018\/07\/333.jpg\" alt=\"\" class=\"wp-image-2991\" srcset=\"https:\/\/www.agriculture-machine.com\/wp-content\/uploads\/2018\/07\/333.jpg 500w, https:\/\/www.agriculture-machine.com\/wp-content\/uploads\/2018\/07\/333-270x270.jpg 270w\" sizes=\"auto, (max-width: 500px) 100vw, 500px\" \/><\/figure>    <figure class=\"wp-block-image aligncenter\"><img loading=\"lazy\" decoding=\"async\" width=\"500\" height=\"500\" src=\"https:\/\/www.agriculture-machine.com\/wp-content\/uploads\/2018\/07\/555.jpg\" alt=\"\" class=\"wp-image-2992\" srcset=\"https:\/\/www.agriculture-machine.com\/wp-content\/uploads\/2018\/07\/555.jpg 500w, https:\/\/www.agriculture-machine.com\/wp-content\/uploads\/2018\/07\/555-270x270.jpg 270w\" sizes=\"auto, (max-width: 500px) 100vw, 500px\" \/><\/figure>    <h2 class=\"wp-block-heading\">C\u00e2u h\u1ecfi th\u01b0\u1eddng g\u1eb7p<\/h2>   <div id=\"rank-math-faq\" class=\"rank-math-block\"> <div class=\"rank-math-list\"> <div id=\"faq-question-1709531769865\" class=\"rank-math-list-item\"> <h3 class=\"rank-math-question\">C\u00f3 bao nhi\u00eau l\u01b0\u1ee1i dao b\u00ean trong m\u00e1y c\u1eaft r\u01a1m?<\/h3> <div class=\"rank-math-answer\">  <p>4 l\u01b0\u1ee1i dao.<\/p>  <\/div> <\/div> <div id=\"faq-question-1709531776517\" class=\"rank-math-list-item\"> <h3 class=\"rank-math-question\">Nguy\u00ean li\u1ec7u n\u00e0o c\u00f3 th\u1ec3 \u0111\u01b0\u1ee3c c\u1eaft b\u1eb1ng m\u00e1y n\u00e0y?<\/h3> <div class=\"rank-math-answer\">  <p>R\u01a1m l\u00faa, r\u01a1m l\u00faa m\u00ec, r\u01a1m ng\u00f4, c\u00e0nh c\u00e2y v\u00e0 c\u00e1c lo\u1ea1i c\u1ecf kh\u00e1c.<\/p>  <\/div> <\/div> <div id=\"faq-question-1709531783645\" class=\"rank-math-list-item\"> <h3 class=\"rank-math-question\">B\u1ea1n c\u00f3 lo\u1ea1i m\u00e1y c\u1eaft c\u1ecf n\u00e0o kh\u00f4ng?<\/h3> <div class=\"rank-math-answer\">  <p>V\u00e2ng, t\u1ea5t nhi\u00ean r\u1ed3i, \u0111\u00f3 l\u00e0 chi\u1ebfc nh\u1ecf nh\u1ea5t, v\u00e0 ch\u00fang t\u00f4i c\u0169ng c\u00f3 c\u00e1c k\u00edch c\u1ee1 l\u1edbn h\u01a1n v\u00e0 m\u00e1y c\u1eaft c\u1ecf c\u00f4ng su\u1ea5t cao h\u01a1n.<\/p>  <\/div> <\/div> <div id=\"faq-question-1709531794566\" class=\"rank-math-list-item\"> <h3 class=\"rank-math-question\">C\u00f4ng su\u1ea5t c\u1ee7a m\u00e1y c\u1eaft c\u1ecf l\u00e0 bao nhi\u00eau?<\/h3> <div class=\"rank-math-answer\">  <p>C\u00f4ng su\u1ea5t c\u1ee7a n\u00f3 l\u00e0 400-500kg\/h.<\/p>  <\/div> <\/div> <div id=\"faq-question-1709531820733\" class=\"rank-math-list-item\"> <h3 class=\"rank-math-question\">C\u00f3 ph\u00f9 h\u1ee3p cho s\u1eed d\u1ee5ng c\u00e1 nh\u00e2n kh\u00f4ng?<\/h3> <div class=\"rank-math-answer\">  <p>V\u00e2ng, t\u1ea5t nhi\u00ean r\u1ed3i.<\/p>  <\/div> <\/div> <\/div> <\/div>","protected":false},"excerpt":{"rendered":"<p>\u0110\u00e2y l\u00e0 m\u00e1y c\u1eaft c\u1ecf r\u01a1m nh\u1ecf c\u00f3 4 l\u01b0\u1ee1i dao, \u0111\u01b0\u1ee3c nhi\u1ec1u n\u00f4ng d\u00e2n \u01b0a chu\u1ed9ng. Nguy\u00ean li\u1ec7u c\u00f3 th\u1ec3 l\u00e0 c\u1ecf, r\u01a1m c\u1ee7a l\u00faa, ng\u00f4, l\u00faa m\u00ec.<\/p>","protected":false},"author":1,"featured_media":0,"parent":0,"comment_status":"closed","ping_status":"closed","template":"","tags":[832,2609],"product-type":[912],"class_list":["post-200","product","type-product","status-publish","hentry","tag-chaff","tag-cutter","product-type-chaff-cutter"],"_links":{"self":[{"href":"https:\/\/www.agriculture-machine.com\/vi\/wp-json\/wp\/v2\/product\/200","targetHints":{"allow":["GET"]}}],"collection":[{"href":"https:\/\/www.agriculture-machine.com\/vi\/wp-json\/wp\/v2\/product"}],"about":[{"href":"https:\/\/www.agriculture-machine.com\/vi\/wp-json\/wp\/v2\/types\/product"}],"author":[{"embeddable":true,"href":"https:\/\/www.agriculture-machine.com\/vi\/wp-json\/wp\/v2\/users\/1"}],"replies":[{"embeddable":true,"href":"https:\/\/www.agriculture-machine.com\/vi\/wp-json\/wp\/v2\/comments?post=200"}],"wp:attachment":[{"href":"https:\/\/www.agriculture-machine.com\/vi\/wp-json\/wp\/v2\/media?parent=200"}],"wp:term":[{"taxonomy":"post_tag","embeddable":true,"href":"https:\/\/www.agriculture-machine.com\/vi\/wp-json\/wp\/v2\/tags?post=200"},{"taxonomy":"product-type","embeddable":true,"href":"https:\/\/www.agriculture-machine.com\/vi\/wp-json\/wp\/v2\/product-type?post=200"}],"curies":[{"name":"wp","href":"https:\/\/api.w.org\/{rel}","templated":true}]}}