{"id":2279,"date":"2018-10-17T09:50:12","date_gmt":"2018-10-17T01:50:12","guid":{"rendered":"https:\/\/www.agriculture-machine.com\/?p=1011"},"modified":"2024-09-18T16:08:35","modified_gmt":"2024-09-18T08:08:35","slug":"rice-transplanter-machine","status":"publish","type":"product","link":"https:\/\/www.agriculture-machine.com\/vi\/rice-transplanter-machine\/","title":{"rendered":"M\u00e1y c\u1ea5y l\u00faa 2 h\u00e0ng"},"content":{"rendered":"<h2 class=\"wp-block-heading\">Gi\u1edbi thi\u1ec7u ng\u1eafn g\u1ecdn v\u1ec1 m\u00e1y c\u1ea5y l\u00faa 2 h\u00e0ng<\/h2>    <p class=\"translation-block\">N\u00f3 l\u00e0 m\u1ed9t m\u00e1y c\u1ea5y l\u00faa 2 h\u00e0ng v\u00e0 c\u1ea7n \u0111\u01b0\u1ee3c v\u1eadn h\u00e0nh b\u1eb1ng tay. M\u00e1y nh\u1eb9 (20kg) v\u00e0 r\u1ea5t ph\u00f9 h\u1ee3p cho n\u00f4ng d\u00e2n. Kho\u1ea3ng c\u00e1ch h\u00e0ng l\u00e0 250mm kh\u00f4ng th\u1ec3 \u0111i\u1ec1u ch\u1ec9nh. Chi\u1ec1u s\u00e2u tr\u1ed3ng t\u1ed1i \u0111a l\u00e0 65mm v\u00e0 t\u1ea7n su\u1ea5t tr\u1ed3ng t\u1ed1i \u0111a l\u00e0 120 chi\u1ebfc\/ph\u00fat. Lo\u1ea1i m\u00e1y c\u1ea5y l\u00faa nh\u1ecf n\u00e0y d\u1ec5 s\u1eed d\u1ee5ng v\u00e0 l\u00e0 s\u1ea3n ph\u1ea9m b\u00e1n ch\u1ea1y trong nh\u00e0 m\u00e1y c\u1ee7a ch\u00fang t\u00f4i.<\/p>   <p><iframe loading=\"lazy\" title=\"M\u00e1y xay g\u1ea1o k\u1ebft h\u1ee3p | M\u00e1y xay x\u00e1t v\u00e0 nghi\u1ec1n g\u1ea1o\" width=\"500\" height=\"281\" src=\"https:\/\/www.youtube.com\/embed\/DcsznGBC44g?feature=oembed\" frameborder=\"0\" allow=\"accelerometer; autoplay; clipboard-write; encrypted-media; gyroscope; picture-in-picture; web-share\" referrerpolicy=\"strict-origin-when-cross-origin\" allowfullscreen><\/iframe><\/p>    <figure class=\"wp-block-image aligncenter\"><img loading=\"lazy\" decoding=\"async\" width=\"750\" height=\"689\" src=\"https:\/\/www.agriculture-machine.com\/wp-content\/uploads\/2018\/10\/CY2-TRANSPLANTER-1.jpg\" alt=\"m\u00e1y c\u1ea5y l\u00faa\" class=\"wp-image-3245\" srcset=\"https:\/\/www.agriculture-machine.com\/wp-content\/uploads\/2018\/10\/CY2-TRANSPLANTER-1.jpg 750w, https:\/\/www.agriculture-machine.com\/wp-content\/uploads\/2018\/10\/CY2-TRANSPLANTER-1-294x270.jpg 294w, https:\/\/www.agriculture-machine.com\/wp-content\/uploads\/2018\/10\/CY2-TRANSPLANTER-1-588x540.jpg 588w\" sizes=\"auto, (max-width: 750px) 100vw, 750px\" \/><\/figure>    <h2 class=\"wp-block-heading\">Th\u00f4ng s\u1ed1 k\u1ef9 thu\u1eadt c\u1ee7a m\u00e1y c\u1ea5y l\u00faa 2 h\u00e0ng<\/h2>    <figure class=\"wp-block-table is-style-stripes\"><table><tbody><tr><td>T\u00ean<\/td><td>M\u00e1y c\u1ea5y l\u00faa<\/td><\/tr><tr><td>M\u1eabu<\/td><td>&nbsp;CY-2<\/td><\/tr><tr><td>H\u00e0ng<\/td><td>2 h\u00e0ng<\/td><\/tr><tr><td>Lo\u1ea1i<\/td><td>&nbsp;Th\u1ee7 c\u00f4ng<\/td><\/tr><tr><td>Kho\u1ea3ng c\u00e1ch h\u00e0ng<\/td><td>&nbsp;250mm, can&#8217;t adjusted<\/td><\/tr><tr><td>T\u1ea7n su\u1ea5t tr\u1ed3ng t\u1ed1i \u0111a<\/td><td>&nbsp;1 20 chi\u1ebfc\/ph\u00fat<\/td><\/tr><tr><td>Chi\u1ec1u s\u00e2u tr\u1ed3ng t\u1ed1i \u0111a<\/td><td>&nbsp;65mm<\/td><\/tr><tr><td>K\u00edch th\u01b0\u1edbc<\/td><td>600* 700** 800mm<\/td><\/tr><tr><td>Tr\u1ecdng l\u01b0\u1ee3ng<\/td><td>20kg<\/td><\/tr><tr><td>20GP<\/td><td>190 b\u1ed9<\/td><\/tr><\/tbody><\/table><figcaption class=\"wp-element-caption\">Th\u00f4ng s\u1ed1 k\u1ef9 thu\u1eadt c\u1ee7a m\u00e1y c\u1ea5y l\u00faa hai h\u00e0ng<\/figcaption><\/figure>    <h2 class=\"wp-block-heading\">C\u1ea5u tr\u00fac c\u1ee7a m\u00e1y c\u1ea5y l\u00faa 2 h\u00e0ng<\/h2>    <p>N\u00f3 ch\u1ee7 y\u1ebfu g\u1ed3m m\u1ed9t chu\u1ed7i, tay c\u1ea7m, gi\u01b0\u1eddng \u01b0\u01a1m, v\u00e0 m\u1ed9t b\u1ea3ng \u0111i\u1ec1u khi\u1ec3n.<\/p>    <figure class=\"wp-block-image aligncenter\"><img loading=\"lazy\" decoding=\"async\" width=\"750\" height=\"869\" src=\"https:\/\/www.agriculture-machine.com\/wp-content\/uploads\/2018\/10\/CY2-TRANSPLANTER-2.jpg\" alt=\"Nghi\u00ean c\u1ee9u \u0111i\u1ec3n h\u00ecnh\" class=\"wp-image-3246\" srcset=\"https:\/\/www.agriculture-machine.com\/wp-content\/uploads\/2018\/10\/CY2-TRANSPLANTER-2.jpg 750w, https:\/\/www.agriculture-machine.com\/wp-content\/uploads\/2018\/10\/CY2-TRANSPLANTER-2-233x270.jpg 233w, https:\/\/www.agriculture-machine.com\/wp-content\/uploads\/2018\/10\/CY2-TRANSPLANTER-2-466x540.jpg 466w\" sizes=\"auto, (max-width: 750px) 100vw, 750px\" \/><\/figure>    <h2 class=\"wp-block-heading\"><strong><b>Nguy\u00ean l\u00fd ho\u1ea1t \u0111\u1ed9ng c\u1ee7a thi\u1ebft b\u1ecb n\u00e0y<\/b><\/strong><\/h2>    <ol class=\"wp-block-list\"> <li>\u0110\u1eb7t h\u1ea1t gi\u1ed1ng v\u00e0o hai gi\u01b0\u1eddng \u01b0\u01a1m c\u1ee7a m\u00e1y<\/li>    <li>Xoay tay c\u1ea7m theo c\u00f9ng m\u1ed9t h\u01b0\u1edbng<\/li>    <li>Kim c\u1ea5y c\u1ea5y l\u1ea5y c\u00e2y gi\u1ed1ng xu\u1ed1ng t\u1eebng c\u00e2y m\u1ed9t<\/li>    <li>Sau \u0111\u00f3 ch\u00e8n ch\u00fang v\u00e0o \u0111\u1ea5t<\/li>    <li>Trong qu\u00e1 tr\u00ecnh, ng\u01b0\u1eddi v\u1eadn h\u00e0nh n\u00ean \u0111\u1ed1i m\u1eb7t v\u1edbi m\u00e1y v\u00e0 \u0111i l\u00f9i li\u00ean t\u1ee5c.<\/li> <\/ol>    <figure class=\"wp-block-image aligncenter\"><img loading=\"lazy\" decoding=\"async\" width=\"750\" height=\"1054\" src=\"https:\/\/www.agriculture-machine.com\/wp-content\/uploads\/2018\/10\/CY2-TRANSPLANTER-6.jpg\" alt=\"H\u00ecnh \u1ea3nh v\u1eadn chuy\u1ec3n h\u00e0ng h\u00f3a 10\" class=\"wp-image-3247\" srcset=\"https:\/\/www.agriculture-machine.com\/wp-content\/uploads\/2018\/10\/CY2-TRANSPLANTER-6.jpg 750w, https:\/\/www.agriculture-machine.com\/wp-content\/uploads\/2018\/10\/CY2-TRANSPLANTER-6-192x270.jpg 192w, https:\/\/www.agriculture-machine.com\/wp-content\/uploads\/2018\/10\/CY2-TRANSPLANTER-6-384x540.jpg 384w\" sizes=\"auto, (max-width: 750px) 100vw, 750px\" \/><\/figure>    <h2 class=\"wp-block-heading\">\u0110i\u1ec1u ki\u1ec7n k\u1ef9 thu\u1eadt c\u1ee7a m\u00e1y c\u1ea5y c\u1ee7a ch\u00fang t\u00f4i l\u00e0 g\u00ec?<\/h2>    <ul class=\"wp-block-list\"> <li>Chi\u1ec1u cao c\u00e2y gi\u1ed1ng n\u00ean trong kho\u1ea3ng 180-300mm<\/li>    <li>R\u1ec5 c\u00e2y gi\u1ed1ng n\u00ean \u0111\u01b0\u1ee3c ch\u00e8n v\u00e0o \u0111\u1ea5t kho\u1ea3ng 60mm<\/li>    <li>Chi\u1ec1u s\u00e2u l\u00e0m vi\u1ec7c n\u00ean \u0111\u01b0\u1ee3c ki\u1ec3m so\u00e1t trong kho\u1ea3ng 10-20mm<\/li>    <li>Ng\u01b0\u1eddi v\u1eadn h\u00e0nh n\u00ean th\u00eam d\u1ea7u b\u00f4i tr\u01a1n v\u00e0o ph\u1ea7n ma s\u00e1t tr\u01b0\u1edbc khi s\u1eed d\u1ee5ng \u0111\u1ec3 \u0111\u1ea1t \u0111\u01b0\u1ee3c s\u1ef1 quay linh ho\u1ea1t.<\/li>    <li>Trong qu\u00e1 tr\u00ecnh v\u1eadn h\u00e0nh, c\u00e2y gi\u1ed1ng n\u00ean song song<\/li> <\/ul>    <h2 class=\"wp-block-heading\">\u01afu \u0111i\u1ec3m c\u1ee7a m\u00e1y c\u1ea5y l\u00faa 2 h\u00e0ng<\/h2>    <ol class=\"wp-block-list\"> <li>Gi\u01b0\u1eddng \u01b0\u01a1m d\u1ec5 d\u00e0ng \u0111\u1ea9y ra \u0111\u1ec3 l\u00e0m s\u1ea1ch<\/li>    <li>Tr\u1ecdng l\u01b0\u1ee3ng nh\u1eb9 gi\u00fap d\u1ec5 d\u00e0ng di chuy\u1ec3n trong c\u00e1nh \u0111\u1ed3ng l\u00faa<\/li>    <li>Ch\u1ec9 c\u1ea7n m\u1ed9t ng\u01b0\u1eddi v\u1eadn h\u00e0nh.<\/li>    <li>H\u1ea1t gi\u1ed1ng c\u00f3 th\u1ec3 \u0111\u01b0\u1ee3c \u0111\u1eb7t v\u00e0o \u0111\u1ea5t theo chi\u1ec1u d\u1ecdc v\u00e0 theo th\u1ee9 t\u1ef1<\/li>    <li>Kh\u1ea3 n\u0103ng th\u00edch \u1ee9ng cao, ph\u00f9 h\u1ee3p v\u1edbi \u0111\u1ed3i n\u00fai, \u0111\u1ed3ng b\u1eb1ng, v.v.<\/li> <\/ol>    <h2 class=\"wp-block-heading\">C\u00e1c tr\u01b0\u1eddng h\u1ee3p th\u00e0nh c\u00f4ng c\u1ee7a m\u00e1y c\u1ea5y c\u1ee7a ch\u00fang t\u00f4i<\/h2>    <p>H\u1ed9p 1<\/p>    <p>Ch\u00fang t\u00f4i \u0111\u00e3 giao 190 b\u1ed9 m\u00e1y c\u1ea5y l\u00faa cho Sri Lanka v\u00e0o th\u00e1ng 8 n\u0103m 2018. Th\u00e1ng 11 l\u00e0 m\u00f9a tr\u1ed3ng tr\u1ecdt c\u1ee7a Sri Lanka v\u00e0 th\u1eddi gian giao h\u00e0ng kho\u1ea3ng 40-50 ng\u00e0y. N\u00f3i c\u00e1ch kh\u00e1c, kh\u00e1ch h\u00e0ng c\u1ee7a ch\u00fang t\u00f4i \u0111\u00e3 mua m\u00e1y c\u1ea5y l\u00faa v\u00e0o th\u00e1ng 8 v\u00e0 s\u1ebd nh\u1eadn \u0111\u01b0\u1ee3c v\u00e0o th\u00e1ng 10. \u00d4ng \u1ea5y l\u00e0 m\u1ed9t \u0111\u1ea1i l\u00fd trong th\u1ecb tr\u01b0\u1eddng \u0111\u1ecba ph\u01b0\u01a1ng, ph\u00e2n ph\u1ed1i m\u00e1y cho n\u00f4ng d\u00e2n tr\u1ed3ng tr\u1ecdt.<\/p>    <figure class=\"wp-block-image aligncenter\"><img loading=\"lazy\" decoding=\"async\" width=\"960\" height=\"1280\" src=\"https:\/\/www.agriculture-machine.com\/wp-content\/uploads\/2018\/10\/6bfe28209ccdc550c111f8325ad1b82.jpg\" alt=\"H\u00ecnh \u1ea3nh v\u1eadn chuy\u1ec3n h\u00e0ng h\u00f3a 12\" class=\"wp-image-3243\" srcset=\"https:\/\/www.agriculture-machine.com\/wp-content\/uploads\/2018\/10\/6bfe28209ccdc550c111f8325ad1b82.jpg 960w, https:\/\/www.agriculture-machine.com\/wp-content\/uploads\/2018\/10\/6bfe28209ccdc550c111f8325ad1b82-203x270.jpg 203w, https:\/\/www.agriculture-machine.com\/wp-content\/uploads\/2018\/10\/6bfe28209ccdc550c111f8325ad1b82-405x540.jpg 405w, https:\/\/www.agriculture-machine.com\/wp-content\/uploads\/2018\/10\/6bfe28209ccdc550c111f8325ad1b82-768x1024.jpg 768w\" sizes=\"auto, (max-width: 960px) 100vw, 960px\" \/><\/figure>    <figure class=\"wp-block-image aligncenter\"><img loading=\"lazy\" decoding=\"async\" width=\"960\" height=\"1280\" src=\"https:\/\/www.agriculture-machine.com\/wp-content\/uploads\/2018\/10\/92f84b9e6f760a47d96b2cf8bd56a06.jpg\" alt=\"H\u00ecnh \u1ea3nh v\u1eadn chuy\u1ec3n 12\" class=\"wp-image-3244\" srcset=\"https:\/\/www.agriculture-machine.com\/wp-content\/uploads\/2018\/10\/92f84b9e6f760a47d96b2cf8bd56a06.jpg 960w, https:\/\/www.agriculture-machine.com\/wp-content\/uploads\/2018\/10\/92f84b9e6f760a47d96b2cf8bd56a06-203x270.jpg 203w, https:\/\/www.agriculture-machine.com\/wp-content\/uploads\/2018\/10\/92f84b9e6f760a47d96b2cf8bd56a06-405x540.jpg 405w, https:\/\/www.agriculture-machine.com\/wp-content\/uploads\/2018\/10\/92f84b9e6f760a47d96b2cf8bd56a06-768x1024.jpg 768w\" sizes=\"auto, (max-width: 960px) 100vw, 960px\" \/><\/figure>    <p>V\u00e0o th\u00e1ng 1 n\u0103m 2019, kh\u00e1ch h\u00e0ng c\u1ee7a ch\u00fang t\u00f4i t\u1eeb M\u1ef9 \u0111\u00e3 \u0111\u1eb7t h\u00e0ng 100 b\u1ed9 t\u1eeb ch\u00fang t\u00f4i. G\u1ea1o r\u1ea5t ph\u1ed5 bi\u1ebfn \u1edf M\u1ef9, v\u00ec v\u1eady m\u00e1y c\u1ea5y l\u00faa r\u1ea5t \u0111\u01b0\u1ee3c \u01b0a chu\u1ed9ng trong s\u1ed1 n\u00f4ng d\u00e2n M\u1ef9. M\u00e1y c\u1ea5y l\u00faa 2 h\u00e0ng c\u1ee7a ch\u00fang t\u00f4i nh\u1eb9 v\u00e0 h\u1eefu \u00edch, l\u00e0 l\u1ef1a ch\u1ecdn t\u1ed1t cho n\u00f4ng d\u00e2n c\u00e1 nh\u00e2n ho\u1eb7c \u0111\u1ea1i l\u00fd.<\/p>    <p>Sau khi bi\u1ebft v\u1ec1 hi\u1ec7u su\u1ea5t xu\u1ea5t s\u1eafc c\u1ee7a m\u00e1y c\u1ea5y l\u00faa, n\u1ebfu b\u1ea1n quan t\u00e2m \u0111\u1ebfn s\u1ea3n ph\u1ea9m c\u1ee7a ch\u00fang t\u00f4i, h\u00e3y li\u00ean h\u1ec7 v\u1edbi ch\u00fang t\u00f4i \u0111\u1ec3 bi\u1ebft th\u00eam chi ti\u1ebft. Ch\u00fang t\u00f4i r\u1ea5t mong \u0111\u01b0\u1ee3c chia s\u1ebb nhi\u1ec1u th\u00f4ng tin th\u00fa v\u1ecb v\u1ec1 c\u00e1c m\u00e1y n\u00f4ng nghi\u1ec7p ti\u00ean ti\u1ebfn c\u1ee7a ch\u00fang t\u00f4i v\u1edbi b\u1ea1n! Ngo\u00e0i ra, ch\u00fang t\u00f4i c\u0169ng hoan ngh\u00eanh b\u1ea1n \u0111\u1ebfn th\u0103m nh\u00e0 m\u00e1y c\u1ee7a ch\u00fang t\u00f4i \u0111\u1ec3 tr\u1ea3i nghi\u1ec7m n\u0103ng l\u1ef1c k\u1ef9 thu\u1eadt v\u00e0 d\u1ecbch v\u1ee5 t\u1eadn t\u00e2m. Ch\u00fang t\u00f4i mong mu\u1ed1n h\u1ee3p t\u00e1c l\u00e2u d\u00e0i v\u1edbi b\u1ea1n!<\/p>    <p class=\"translation-block\">Ch\u00fang t\u00f4i c\u0169ng c\u00f3 m\u00e1y c\u1ea5y l\u00faa 6 h\u00e0ng v\u00e0 8 h\u00e0ng, vui l\u00f2ng nh\u1ea5p v\u00e0o li\u00ean k\u1ebft sau \u0111\u1ec3 xem th\u00eam th\u00f4ng tin. (<em>B\u00e0i vi\u1ebft li\u00ean quan: <strong><a href=\"https:\/\/www.agriculture-machine.com\/vi\/8-rows-rice-transplanter\/\">M\u00e1y c\u1ea5y l\u00faa \/ M\u00e1y c\u1ea5y l\u00faa<\/a><\/strong><\/em>)<\/p>    <h2 class=\"wp-block-heading\">Li\u00ean h\u1ec7 v\u1edbi ch\u00fang t\u00f4i b\u1ea5t c\u1ee9 l\u00fac n\u00e0o<\/h2>    <p>M\u00e1y xay g\u1ea1o k\u1ebft h\u1ee3p | M\u00e1y xay x\u00e1t v\u00e0 nghi\u1ec1n g\u1ea1o<\/p>","protected":false},"excerpt":{"rendered":"<p>M\u00e1y c\u1ea5y l\u00faa 2 h\u00e0ng hi\u1ec7u qu\u1ea3 v\u1edbi gi\u00e1 t\u1ed1t<\/p>","protected":false},"author":1,"featured_media":1031,"parent":0,"comment_status":"closed","ping_status":"closed","template":"","tags":[2607,492,796,151],"product-type":[914],"class_list":["post-2279","product","type-product","status-publish","has-post-thumbnail","hentry","tag-nursery","tag-planter","tag-rice","tag-transplanter","product-type-rice-transplanter"],"_links":{"self":[{"href":"https:\/\/www.agriculture-machine.com\/vi\/wp-json\/wp\/v2\/product\/2279","targetHints":{"allow":["GET"]}}],"collection":[{"href":"https:\/\/www.agriculture-machine.com\/vi\/wp-json\/wp\/v2\/product"}],"about":[{"href":"https:\/\/www.agriculture-machine.com\/vi\/wp-json\/wp\/v2\/types\/product"}],"author":[{"embeddable":true,"href":"https:\/\/www.agriculture-machine.com\/vi\/wp-json\/wp\/v2\/users\/1"}],"replies":[{"embeddable":true,"href":"https:\/\/www.agriculture-machine.com\/vi\/wp-json\/wp\/v2\/comments?post=2279"}],"wp:featuredmedia":[{"embeddable":true,"href":"https:\/\/www.agriculture-machine.com\/vi\/wp-json\/wp\/v2\/media\/1031"}],"wp:attachment":[{"href":"https:\/\/www.agriculture-machine.com\/vi\/wp-json\/wp\/v2\/media?parent=2279"}],"wp:term":[{"taxonomy":"post_tag","embeddable":true,"href":"https:\/\/www.agriculture-machine.com\/vi\/wp-json\/wp\/v2\/tags?post=2279"},{"taxonomy":"product-type","embeddable":true,"href":"https:\/\/www.agriculture-machine.com\/vi\/wp-json\/wp\/v2\/product-type?post=2279"}],"curies":[{"name":"wp","href":"https:\/\/api.w.org\/{rel}","templated":true}]}}