{"id":240,"date":"2018-07-12T07:48:04","date_gmt":"2018-07-11T23:48:04","guid":{"rendered":"https:\/\/www.agriculture-machine.com\/?p=240"},"modified":"2024-09-18T16:13:05","modified_gmt":"2024-09-18T08:13:05","slug":"small-thresher-for-rice-wheat-beans-sorghum-millet","status":"publish","type":"product","link":"https:\/\/www.agriculture-machine.com\/vi\/small-thresher-for-rice-wheat-beans-sorghum-millet\/","title":{"rendered":"M\u00e1y t\u00e1ch nh\u1ecf cho l\u00faa, l\u00faa m\u00ec, \u0111\u1eadu, m\u00eda, millet \/ m\u00e1y t\u00e1ch l\u00faa m\u00ec"},"content":{"rendered":"<p class=\"translation-block\">M\u00e1y tu\u1ed1t l\u00faa <strong> n\u00e0y <\/strong> c\u00f3 k\u00edch th\u01b0\u1edbc nh\u1ecf v\u00e0 tr\u1ecdng l\u01b0\u1ee3ng nh\u1eb9, nh\u01b0ng c\u00f3 c\u00f4ng su\u1ea5t cao. B\u1eb1ng c\u00e1ch thay \u0111\u1ed5i c\u00e1c m\u00e0n h\u00ecnh kh\u00e1c nhau, n\u00f3 c\u00f3 th\u1ec3 ph\u00f9 h\u1ee3p v\u1edbi c\u00e1c nguy\u00ean li\u1ec7u th\u00f4 kh\u00e1c nhau, v\u00ec v\u1eady b\u1ea1n kh\u00f4ng c\u1ea7n ph\u1ea3i mua c\u00e1c m\u00e1y tu\u1ed1t kh\u00e1c, \u00e1p d\u1ee5ng r\u1ed9ng r\u00e3i \u0111\u1ec3 tu\u1ed1t nhi\u1ec1u lo\u1ea1i c\u00e2y tr\u1ed3ng. Do \u0111\u00f3, n\u00f3 \u0111\u01b0\u1ee3c nhi\u1ec1u n\u00f4ng d\u00e2n t\u1eeb c\u00e1c qu\u1ed1c gia kh\u00e1c nhau \u01b0a chu\u1ed9ng. M\u00e1y tu\u1ed1t l\u00faa c\u00f3 th\u1ec3 ho\u1ea1t \u0111\u1ed9ng v\u1edbi \u0111\u1ed9ng c\u01a1 \u0111i\u1ec7n, \u0111\u1ed9ng c\u01a1 diesel v\u00e0 \u0111\u1ed9ng c\u01a1 x\u0103ng, \u0111\u00e1p \u1ee9ng y\u00eau c\u1ea7u kh\u00e1c nhau c\u1ee7a kh\u00e1ch h\u00e0ng.<\/p> <p>N\u1ebfu b\u1ea1n l\u00e0 m\u1ed9t n\u00f4ng d\u00e2n v\u00e0 tr\u1ed3ng g\u1ea1o, l\u00faa, \u0111\u1eadu, k\u00ea ho\u1eb7c k\u00ea. C\u00e1 nh\u00e2n m\u00e0 n\u00f3i, nh\u1eefng c\u00e2y tr\u1ed3ng \u0111\u00f3 r\u1ea5t ph\u1ed5 bi\u1ebfn trong cu\u1ed9c s\u1ed1ng h\u00e0ng ng\u00e0y c\u1ee7a ch\u00fang ta b\u1ea5t k\u1ec3 b\u1ea1n \u0111\u1ebfn t\u1eeb \u0111\u00e2u. N\u1ebfu b\u1ea1n \u0111ang t\u00ecm ki\u1ebfm m\u1ed9t m\u00e1y tu\u1ed1t l\u00faa \u0111\u1ec3 tu\u1ed1t ch\u00fang, t\u1ea1i sao kh\u00f4ng ch\u1ecdn m\u00e1y tu\u1ed1t k\u00edch th\u01b0\u1edbc nh\u1ecf n\u00e0y? T\u00f4i h\u1ee9a r\u1eb1ng b\u1ea1n s\u1ebd kh\u00f4ng bao gi\u1edd h\u1ed1i ti\u1ebfc khi mua m\u1ed9t m\u00e1y tu\u1ed1t l\u00faa nh\u01b0 v\u1eady v\u00ec n\u00f3 c\u00f3 th\u1ec3 gi\u00fap b\u1ea1n l\u00e0m r\u1ea5t nhi\u1ec1u c\u00f4ng vi\u1ec7c.<\/p> <p><img loading=\"lazy\" decoding=\"async\" class=\"alignnone wp-image-2962\" src=\"https:\/\/www.agriculture-machine.com\/wp-content\/uploads\/2018\/07\/wheat-thresher-machine-2.jpg\" alt=\"\" width=\"582\" height=\"698\" srcset=\"https:\/\/www.agriculture-machine.com\/wp-content\/uploads\/2018\/07\/wheat-thresher-machine-2.jpg 750w, https:\/\/www.agriculture-machine.com\/wp-content\/uploads\/2018\/07\/wheat-thresher-machine-2-225x270.jpg 225w, https:\/\/www.agriculture-machine.com\/wp-content\/uploads\/2018\/07\/wheat-thresher-machine-2-450x540.jpg 450w\" sizes=\"auto, (max-width: 582px) 100vw, 582px\" \/><\/p> <div class=\"img\"> <p>&nbsp;<\/p> <p>&nbsp;<\/p> <h2>Th\u00f4ng s\u1ed1 k\u1ef9 thu\u1eadt c\u1ee7a m\u00e1y tu\u1ed1t l\u00faa<\/h2> <table> <tbody> <tr> <td width=\"284\">M\u1eabu<\/td> <td width=\"284\">SL-50<\/td> <\/tr> <tr> <td width=\"284\">C\u00f4ng su\u1ea5t<\/td> <td width=\"284\">\u0110\u1ed9ng c\u01a1 3kw, \u0111\u1ed9ng c\u01a1 x\u0103ng ho\u1eb7c \u0111\u1ed9ng c\u01a1 diesel 8HP<\/td> <\/tr> <tr> <td width=\"284\">Dung t\u00edch<\/td> <td width=\"284\">400-500kg\/h<\/td> <\/tr> <tr> <td width=\"284\">Tr\u1ecdng l\u01b0\u1ee3ng<\/td> <td width=\"284\">50kg<\/td> <\/tr> <tr> <td width=\"284\">K\u00edch th\u01b0\u1edbc<\/td> <td width=\"284\">980mm*500mm*1200mm<\/td> <\/tr> <\/tbody> <\/table> <h2>\u01afu \u0111i\u1ec3m c\u1ee7a m\u00e1y xay l\u00faa m\u00ec<\/h2> <ol> <li>K\u00edch th\u01b0\u1edbc nh\u1ecf. N\u00f3 r\u1ea5t ph\u00f9 h\u1ee3p cho vi\u1ec7c s\u1eed d\u1ee5ng c\u00e1 nh\u00e2n t\u1ea1i nh\u00e0.<\/li> <li>Tr\u1ecdng l\u01b0\u1ee3ng nh\u1eb9. Tr\u1ecdng l\u01b0\u1ee3ng c\u1ee7a n\u00f3 ch\u1ec9 50kg, v\u00ec v\u1eady n\u00f4ng d\u00e2n c\u00f3 th\u1ec3 d\u1ec5 d\u00e0ng di chuy\u1ec3n n\u00f3.<\/li> <li>Nhi\u1ec1u ch\u1ee9c n\u0103ng. M\u00e1y tu\u1ed1t l\u00faa b\u00e1n c\u00f3 th\u1ec3 tu\u1ed1t k\u00ea, \u0111\u1eadu, k\u00ea, g\u1ea1o v\u00e0 l\u00faa.<\/li> <li>T\u1ef7 l\u1ec7 tu\u1ed1t cao. H\u1ea7u nh\u01b0 kh\u00f4ng c\u00f3 h\u1ea1t n\u00e0o c\u00f2n l\u1ea1i trong v\u1ecf.<\/li> <li>T\u1ef7 l\u1ec7 m\u1ea5t m\u00e1t th\u1ea5p. N\u00f3 kh\u00f4ng qu\u00e1 2%.<\/li> <li>M\u00e1y tu\u1ed1t l\u00faa c\u00f3 th\u1ec3 ho\u1ea1t \u0111\u1ed9ng \u1ed5n \u0111\u1ecbnh, d\u1ec5 v\u1eadn h\u00e0nh v\u00e0 b\u1ea3o tr\u00ec.<\/li> <li>gi\u00e1 th\u1ea5p nh\u01b0ng l\u1ee3i nhu\u1eadn cao.<\/li> <\/ol> <p><img loading=\"lazy\" decoding=\"async\" class=\"alignnone wp-image-2967\" src=\"https:\/\/www.agriculture-machine.com\/wp-content\/uploads\/2018\/07\/wheat-thresher-machine-7.jpg\" alt=\"\" width=\"609\" height=\"731\" srcset=\"https:\/\/www.agriculture-machine.com\/wp-content\/uploads\/2018\/07\/wheat-thresher-machine-7.jpg 750w, https:\/\/www.agriculture-machine.com\/wp-content\/uploads\/2018\/07\/wheat-thresher-machine-7-225x270.jpg 225w, https:\/\/www.agriculture-machine.com\/wp-content\/uploads\/2018\/07\/wheat-thresher-machine-7-450x540.jpg 450w\" sizes=\"auto, (max-width: 609px) 100vw, 609px\" \/><\/p> <p><img loading=\"lazy\" decoding=\"async\" class=\"alignnone wp-image-2968\" src=\"https:\/\/www.agriculture-machine.com\/wp-content\/uploads\/2018\/07\/wheat-thresher-machine-8.jpg\" alt=\"\" width=\"606\" height=\"727\" srcset=\"https:\/\/www.agriculture-machine.com\/wp-content\/uploads\/2018\/07\/wheat-thresher-machine-8.jpg 750w, https:\/\/www.agriculture-machine.com\/wp-content\/uploads\/2018\/07\/wheat-thresher-machine-8-225x270.jpg 225w, https:\/\/www.agriculture-machine.com\/wp-content\/uploads\/2018\/07\/wheat-thresher-machine-8-450x540.jpg 450w\" sizes=\"auto, (max-width: 606px) 100vw, 606px\" \/><\/p> <h2>Tr\u01b0\u1eddng h\u1ee3p th\u00e0nh c\u00f4ng c\u1ee7a m\u00e1y tu\u1ed1t l\u00faa<\/h2> <p class=\"translation-block\"><strong><span style=\"color: #ff0000\">Tr\u01b0\u1eddng h\u1ee3p m\u1ed9t<\/span><\/strong><\/p> <p>V\u00e0o n\u0103m 2018, ch\u00fang t\u00f4i \u0111\u00e3 giao 15000 b\u1ed9 m\u00e1y tu\u1ed1t k\u00ea \u0111\u1ebfn Tanzania, vi\u1ec7c n\u00e0y ho\u00e0n th\u00e0nh trong v\u00f2ng 3 th\u00e1ng. H\u1ecd \u0111ang x\u1ebfp m\u00e1y v\u00e0o container trong nh\u1eefng b\u1ee9c \u1ea3nh d\u01b0\u1edbi \u0111\u00e2y. Sau khi gi\u00e0nh \u0111\u01b0\u1ee3c l\u00f2ng tin c\u1ee7a anh \u1ea5y, anh \u0111\u00e3 \u0111\u1eb7t h\u00e0ng m\u00e1y n\u00f4ng nghi\u1ec7p t\u1eeb ch\u00fang t\u00f4i mi\u1ec5n l\u00e0 c\u00f3 nhu c\u1ea7u.<\/p> <p class=\"translation-block\"><strong><span style=\"color: #ff0000;\">Case two<\/span><\/strong><br \/> 10 sets wheat thresher are delivered to America last week, and this customer wants to thresh beans. We installed the beans screen for him so that he can use machine directly after receiving it. In addition, due to the first cooperation, my factory sent him 3 different screens for free.<\/p> <p><img loading=\"lazy\" decoding=\"async\" class=\"alignnone wp-image-2971\" src=\"https:\/\/www.agriculture-machine.com\/wp-content\/uploads\/2018\/07\/wheat-sheller-1.jpg\" alt=\"\" width=\"643\" height=\"643\" srcset=\"https:\/\/www.agriculture-machine.com\/wp-content\/uploads\/2018\/07\/wheat-sheller-1.jpg 750w, https:\/\/www.agriculture-machine.com\/wp-content\/uploads\/2018\/07\/wheat-sheller-1-270x270.jpg 270w, https:\/\/www.agriculture-machine.com\/wp-content\/uploads\/2018\/07\/wheat-sheller-1-540x540.jpg 540w\" sizes=\"auto, (max-width: 643px) 100vw, 643px\" \/><\/p> <p>&nbsp;<\/p> <p><img loading=\"lazy\" decoding=\"async\" class=\"alignnone wp-image-2972\" src=\"https:\/\/www.agriculture-machine.com\/wp-content\/uploads\/2018\/07\/wheat-sheller-2.jpg\" alt=\"\" width=\"641\" height=\"641\" srcset=\"https:\/\/www.agriculture-machine.com\/wp-content\/uploads\/2018\/07\/wheat-sheller-2.jpg 750w, https:\/\/www.agriculture-machine.com\/wp-content\/uploads\/2018\/07\/wheat-sheller-2-270x270.jpg 270w, https:\/\/www.agriculture-machine.com\/wp-content\/uploads\/2018\/07\/wheat-sheller-2-540x540.jpg 540w\" sizes=\"auto, (max-width: 641px) 100vw, 641px\" \/><\/p> <h2>C\u00e2u h\u1ecfi th\u01b0\u1eddng g\u1eb7p<\/h2> <ol> <li>C\u00f4ng su\u1ea5t c\u1ee7a m\u00e1y tu\u1ed1t g\u1ea1o n\u00e0y l\u00e0 g\u00ec?<\/li> <\/ol> <p>C\u00f4ng su\u1ea5t c\u1ee7a n\u00f3 l\u00e0 400-500kg\/h<\/p> <ol start=\"2\"> <li>Nguy\u00ean li\u1ec7u th\u00f4 l\u00e0 g\u00ec?<\/li> <\/ol> <p>B\u1ea1n c\u00f3 th\u1ec3 s\u1eed d\u1ee5ng n\u00f3 \u0111\u1ec3 tu\u1ed1t g\u1ea1o, k\u00ea, k\u00ea, g\u1ea1o, \u0111\u1eadu.<\/p> <ol start=\"3\"> <li>L\u00e0m th\u1ebf n\u00e0o t\u00f4i c\u00f3 th\u1ec3 ch\u1ecdn m\u1ed9t \u0111\u1ed9ng c\u01a1 ph\u00f9 h\u1ee3p?<\/li> <\/ol> <p>M\u1ecdi ng\u01b0\u1eddi th\u01b0\u1eddng s\u1eed d\u1ee5ng \u0111\u1ed9ng c\u01a1 3kw r\u1ebb ti\u1ec1n, v\u00e0 n\u00f3 c\u0169ng c\u00f3 th\u1ec3 \u0111\u01b0\u1ee3c trang b\u1ecb \u0111\u1ed9ng c\u01a1 x\u0103ng ho\u1eb7c \u0111\u1ed9ng c\u01a1 diesel 8HP.<\/p> <ol start=\"4\"> <li>B\u1ea1n c\u00f3 g\u1eedi cho ch\u00fang t\u00f4i n\u0103m m\u00e0n h\u00ecnh mi\u1ec5n ph\u00ed kh\u00f4ng v\u00ec \u0111\u00e2y l\u00e0 m\u1ed9t m\u00e1y tu\u1ed1t \u0111a ch\u1ee9c n\u0103ng?<\/li> <\/ol> <p>Ch\u00fang t\u00f4i s\u1ebd l\u1eafp \u0111\u1eb7t m\u1ed9t m\u00e0n h\u00ecnh trong m\u00e1y mi\u1ec5n ph\u00ed, nh\u01b0ng b\u1ea1n ph\u1ea3i tr\u1ea3 th\u00eam ti\u1ec1n cho b\u1ed1n m\u00e0n h\u00ecnh c\u00f2n l\u1ea1i.<\/p> <ol start=\"5\"> <li>T\u00f4i c\u00f3 c\u1ea7n mua c\u00e1c ph\u1ee5 t\u00f9ng kh\u00e1c kh\u00f4ng?<\/li> <\/ol> <p>T\u1ed1t h\u01a1n l\u00e0 c\u00f3 th\u00eam m\u00e0n h\u00ecnh n\u1ebfu b\u1ea1n mu\u1ed1n tu\u1ed1t nhi\u1ec1u lo\u1ea1i c\u00e2y tr\u1ed3ng.<\/p> <ol start=\"6\"> <li>B\u1ea1n c\u00f3 c\u00f4ng su\u1ea5t cao h\u01a1n n\u1ebfu t\u00f4i c\u00f3 \u0111\u1ea5t n\u00f4ng nghi\u1ec7p r\u1ea5t l\u1edbn kh\u00f4ng?<\/li> <\/ol> <p>C\u00f3, t\u1ea5t nhi\u00ean, ch\u00fang t\u00f4i c\u0169ng c\u00f3 m\u00e1y tu\u1ed1t 800-1000kg\/h, vui l\u00f2ng li\u00ean h\u1ec7 v\u1edbi ch\u00fang t\u00f4i \u0111\u1ec3 bi\u1ebft th\u00eam c\u00e1c lo\u1ea1i m\u00e1y li\u00ean quan.<\/p> <ol start=\"7\"> <li>B\u1ea1n \u0111\u00e3 xu\u1ea5t kh\u1ea9u m\u00e1y tu\u1ed1t k\u00ea \u0111\u1ebfn qu\u1ed1c gia n\u00e0o?<\/li> <\/ol> <p>Trong nh\u1eefng n\u0103m g\u1ea7n \u0111\u00e2y, ch\u00fang t\u00f4i \u0111\u00e3 xu\u1ea5t kh\u1ea9u m\u00e1y tu\u1ed1t \u0111\u1eadu n\u00e0y \u0111\u1ebfn nhi\u1ec1u qu\u1ed1c gia nh\u01b0 Nigeria, Nam Phi, Tanzania, Pakistan, M\u1ef9, Malaysia, Vi\u1ec7t Nam, Ecuador, Sudan, Congo, v.v.<\/p> <p>&nbsp;<\/p> <\/div>","protected":false},"excerpt":{"rendered":"<p>This wheat thresher has small size and light weight, but boasts high capacity. By changing different screens, it can fit for different raw materials, so you don\u2019t need to buy other threshers, widely applying to thresh many crops. Therefore, it is favored by many farmers from different countries. The wheat thresher can work with motor, [&hellip;]<\/p>\n","protected":false},"author":1,"featured_media":0,"parent":0,"comment_status":"closed","ping_status":"closed","template":"","tags":[2614],"product-type":[894],"class_list":["post-240","product","type-product","status-publish","hentry","tag-thresher","product-type-rice-and-wheat-thresher"],"_links":{"self":[{"href":"https:\/\/www.agriculture-machine.com\/vi\/wp-json\/wp\/v2\/product\/240","targetHints":{"allow":["GET"]}}],"collection":[{"href":"https:\/\/www.agriculture-machine.com\/vi\/wp-json\/wp\/v2\/product"}],"about":[{"href":"https:\/\/www.agriculture-machine.com\/vi\/wp-json\/wp\/v2\/types\/product"}],"author":[{"embeddable":true,"href":"https:\/\/www.agriculture-machine.com\/vi\/wp-json\/wp\/v2\/users\/1"}],"replies":[{"embeddable":true,"href":"https:\/\/www.agriculture-machine.com\/vi\/wp-json\/wp\/v2\/comments?post=240"}],"wp:attachment":[{"href":"https:\/\/www.agriculture-machine.com\/vi\/wp-json\/wp\/v2\/media?parent=240"}],"wp:term":[{"taxonomy":"post_tag","embeddable":true,"href":"https:\/\/www.agriculture-machine.com\/vi\/wp-json\/wp\/v2\/tags?post=240"},{"taxonomy":"product-type","embeddable":true,"href":"https:\/\/www.agriculture-machine.com\/vi\/wp-json\/wp\/v2\/product-type?post=240"}],"curies":[{"name":"wp","href":"https:\/\/api.w.org\/{rel}","templated":true}]}}