{"id":250,"date":"2018-07-12T07:56:10","date_gmt":"2018-07-11T23:56:10","guid":{"rendered":"https:\/\/www.agriculture-machine.com\/?p=250"},"modified":"2024-09-18T16:16:44","modified_gmt":"2024-09-18T08:16:44","slug":"big-thresher-for-rice-wheat-beans-sorghum-millet","status":"publish","type":"product","link":"https:\/\/www.agriculture-machine.com\/vi\/big-thresher-for-rice-wheat-beans-sorghum-millet\/","title":{"rendered":"M\u00e1y xay x\u01a1 g\u1ea1o, l\u00faa m\u00ec, millet"},"content":{"rendered":"<h2 class=\"wp-block-heading\">M\u00e1y xay l\u00faa<\/h2>    <p class=\"translation-block\">SL-125<strong>\u00a0<a href=\"https:\/\/www.agriculture-machine.com\/vi\/multifunctional-thresher-machine\/\">m\u00e1y xay l\u00faa<\/a><\/strong> l\u00e0 m\u1ed9t m\u00e1y k\u00edch th\u01b0\u1edbc l\u1edbn d\u00f9ng \u0111\u1ec3 xay v\u1ecf l\u00faa \u0111\u1ec3 l\u1ea5y h\u1ea1t g\u1ea1o s\u1ea1ch. So v\u1edbi c\u00e1c m\u00e1y xay kh\u00e1c, n\u00f3 c\u0169ng c\u00f3 th\u1ec3 d\u00f9ng cho k\u00ea, c\u00e2y th\u1ea1ch cao, v\u00e0 \u0111\u1eadu. G\u1ea7n \u0111\u00e2y, ch\u00fang t\u00f4i \u0111\u00e3 b\u00e1n nhi\u1ec1u container m\u00e1y xay l\u00faa cho c\u00e1c qu\u1ed1c gia kh\u00e1c nh\u01b0 Nam Phi, Nigeria, M\u1ef9, Pakistan, \u1ea4n \u0110\u1ed9, \u00dac, v.v., nh\u1eadn \u0111\u01b0\u1ee3c ph\u1ea3n h\u1ed3i t\u00edch c\u1ef1c t\u1eeb h\u1ecd.<\/p>    <figure class=\"wp-block-embed aligncenter is-type-video is-provider-youtube wp-block-embed-youtube wp-embed-aspect-16-9 wp-has-aspect-ratio\"><div class=\"wp-block-embed__wrapper\"> <iframe loading=\"lazy\" title=\"Video ph\u1ea3n h\u1ed3i v\u1ec1 m\u00e1y xay l\u00faa \/ m\u00e1y xay l\u00faa m\u00ec \/ m\u00e1y xay k\u00ea v\u00e0 ng\u0169 c\u1ed1c nh\u1ecf \/ m\u00e1y xay\" width=\"500\" height=\"281\" src=\"https:\/\/www.youtube.com\/embed\/OhbHTPxLlCM?feature=oembed\" frameborder=\"0\" allow=\"accelerometer; autoplay; clipboard-write; encrypted-media; gyroscope; picture-in-picture; web-share\" referrerpolicy=\"strict-origin-when-cross-origin\" allowfullscreen><\/iframe> <\/div><figcaption class=\"wp-element-caption\">Video ph\u1ea3n h\u1ed3i v\u1ec1 m\u00e1y xay l\u00faa<\/figcaption><\/figure>    <h2 class=\"wp-block-heading\">\u1ee8ng d\u1ee5ng c\u1ee7a m\u00e1y xay l\u00faa<\/h2>    <p>M\u00e1y xay l\u00faa c\u1ee7a ch\u00fang t\u00f4i c\u00f3 th\u1ec3 xay l\u00faa, m\u00ec, c\u00e2y th\u1ea1ch cao, k\u00ea v\u00e0 \u0111\u1eadu, v\u00e0 ng\u01b0\u1eddi d\u00f9ng c\u1ea7n thay \u0111\u1ed5i m\u00e0n h\u00ecnh b\u00ean trong m\u00e1y \u0111\u1ec3 ph\u00f9 h\u1ee3p v\u1edbi m\u1ee5c \u0111\u00edch kh\u00e1c nhau.<\/p>    <figure class=\"wp-block-image aligncenter wp-image-2859\"><img loading=\"lazy\" decoding=\"async\" width=\"750\" height=\"750\" src=\"https:\/\/www.agriculture-machine.com\/wp-content\/uploads\/2019\/03\/wheat-rice-thresher-2.jpg\" alt=\"m\u00e1y xay l\u00faa\" class=\"wp-image-2859\" srcset=\"https:\/\/www.agriculture-machine.com\/wp-content\/uploads\/2019\/03\/wheat-rice-thresher-2.jpg 750w, https:\/\/www.agriculture-machine.com\/wp-content\/uploads\/2019\/03\/wheat-rice-thresher-2-270x270.jpg 270w, https:\/\/www.agriculture-machine.com\/wp-content\/uploads\/2019\/03\/wheat-rice-thresher-2-540x540.jpg 540w\" sizes=\"auto, (max-width: 750px) 100vw, 750px\" \/><figcaption class=\"wp-element-caption\">m\u00e1y xay l\u00faa<\/figcaption><\/figure>    <h2 class=\"wp-block-heading\">C\u1ea5u tr\u00fac ch\u00ednh c\u1ee7a m\u00e1y xay l\u00faa<\/h2>    <p>M\u00e1y xay l\u00faa m\u00ec n\u00e0y ch\u1ee7 y\u1ebfu g\u1ed3m c\u00f3 ph\u1ec5u c\u1ea5p li\u1ec7u, tr\u1ee5c l\u0103n, m\u00e0n h\u00ecnh, b\u00e1nh xe, qu\u1ea1t h\u00fat, v.v., c\u00f3 thi\u1ebft k\u1ebf h\u1ee3p l\u00fd, v\u00e0 d\u1ec5 d\u00e0ng di chuy\u1ec3n b\u1eb1ng b\u00e1nh xe.<\/p>    <h2 class=\"wp-block-heading\">Th\u00f4ng s\u1ed1 k\u1ef9 thu\u1eadt c\u1ee7a m\u00e1y xay x\u00e1t g\u1ea1o<\/h2>    <figure class=\"wp-block-table is-style-stripes\"><table><tbody><tr><td>M\u1eabu<\/td><td>SL-125<\/td><\/tr><tr><td>Nguy\u00ean li\u1ec7u<\/td><td>L\u00faa g\u1ea1o, l\u00faa m\u00ec, \u0111\u1eadu, c\u00e2y th\u1ea1ch cao, k\u00ea<\/td><\/tr><tr><td>C\u00f4ng su\u1ea5t<\/td><td>\u0110\u1ed9ng c\u01a1 3kw<\/td><\/tr><tr><td>\u0110\u1ed9ng c\u01a1<\/td><td>\u0110\u1ed9ng c\u01a1 x\u0103ng ho\u1eb7c \u0111\u1ed9ng c\u01a1 diesel 12Hp<\/td><\/tr><tr><td>Dung t\u00edch<\/td><td>800-1000kg\/h<\/td><\/tr><tr><td>Tr\u1ecdng l\u01b0\u1ee3ng<\/td><td>400kg<\/td><\/tr><tr><td>K\u00edch th\u01b0\u1edbc<\/td><td>1340*2030*1380mm<\/td><\/tr><\/tbody><\/table><figcaption class=\"wp-element-caption\">d\u1eef li\u1ec7u k\u1ef9 thu\u1eadt c\u1ee7a m\u00e1y xay l\u00faa<\/figcaption><\/figure>    <h2 class=\"wp-block-heading\">Nguy\u00ean l\u00fd ho\u1ea1t \u0111\u1ed9ng c\u1ee7a m\u00e1y xay x\u00e1t l\u00faa<\/h2>    <ol class=\"wp-block-list\"> <li>\u0110\u1eb7t l\u00faa, m\u00ec, c\u00e2y th\u1ea1ch cao, k\u00ea ho\u1eb7c \u0111\u1eadu v\u00e0o trong l\u1ed1i v\u00e0o.<\/li>    <li>Khi ch\u00fang \u0111i v\u00e0o ph\u1ea7n xay, d\u01b0\u1edbi ma s\u00e1t c\u1ee7a hai con l\u0103n, h\u1ea1t \u0111\u01b0\u1ee3c t\u00e1ch ho\u00e0n to\u00e0n.<\/li>    <li>Sau \u0111\u00f3 h\u1ea1t \u0111\u01b0\u1ee3c l\u1ecdc qua m\u00e0n h\u00ecnh v\u00e0 ra kh\u1ecfi l\u1ed1i v\u00e0o cu\u1ed1i c\u00f9ng.<\/li>    <li>Gi\u00f3 k\u00e9o b\u1ee5i th\u1ed5i ra c\u00e1c t\u1ea1p ch\u1ea5t kh\u00e1c nh\u01b0 v\u1ecf tr\u1ea5u v\u00e0 r\u01a1m.<\/li> <\/ol>    <figure class=\"wp-block-image aligncenter wp-image-2864 size-full\"><img loading=\"lazy\" decoding=\"async\" width=\"2560\" height=\"1707\" src=\"https:\/\/www.agriculture-machine.com\/wp-content\/uploads\/2019\/03\/wheat-rice-thresher-6.jpg\" alt=\"m\u00e1y xay x\u00e1t l\u00faa m\u00ec\" class=\"wp-image-2864\" srcset=\"https:\/\/www.agriculture-machine.com\/wp-content\/uploads\/2019\/03\/wheat-rice-thresher-6.jpg 2560w, https:\/\/www.agriculture-machine.com\/wp-content\/uploads\/2019\/03\/wheat-rice-thresher-6-360x240.jpg 360w, https:\/\/www.agriculture-machine.com\/wp-content\/uploads\/2019\/03\/wheat-rice-thresher-6-720x480.jpg 720w, https:\/\/www.agriculture-machine.com\/wp-content\/uploads\/2019\/03\/wheat-rice-thresher-6-768x512.jpg 768w, https:\/\/www.agriculture-machine.com\/wp-content\/uploads\/2019\/03\/wheat-rice-thresher-6-1536x1024.jpg 1536w, https:\/\/www.agriculture-machine.com\/wp-content\/uploads\/2019\/03\/wheat-rice-thresher-6-2048x1366.jpg 2048w\" sizes=\"auto, (max-width: 2560px) 100vw, 2560px\" \/><figcaption class=\"wp-element-caption\">m\u00e1y xay x\u00e1t l\u00faa m\u00ec<\/figcaption><\/figure>    <h2 class=\"wp-block-heading\">\u01afu \u0111i\u1ec3m c\u1ee7a m\u00e1y xay l\u00faa m\u00ec<\/h2>    <ol class=\"wp-block-list\"> <li>T\u1ef7 l\u1ec7 xay cao. T\u1ef7 l\u1ec7 xay c\u00f3 th\u1ec3 \u0111\u1ea1t 98% v\u00e0 h\u1ea1t cu\u1ed1i c\u00f9ng r\u1ea5t s\u1ea1ch.<\/li>    <li>Ch\u1ee9c n\u0103ng \u0111a n\u0103ng. M\u00e1y xay l\u00faa n\u00e0y ph\u00f9 h\u1ee3p cho l\u00faa, m\u00ec, c\u00e2y th\u1ea1ch cao, k\u00ea v\u00e0 \u0111\u1eadu.<\/li>    <li>M\u00e1y xay l\u00faa m\u00ec d\u1ec5 v\u1eadn h\u00e0nh, v\u00e0 c\u1eeda x\u1ea3 \u0111\u01b0\u1ee3c trang b\u1ecb qu\u1ea1t th\u1ed5i m\u1ea1nh v\u00e0 m\u00e0n h\u00ecnh rung gi\u00fap th\u1ed5i bay t\u1ea1p ch\u1ea5t trong khi l\u1ecdc h\u1ea1t kh\u00e1 s\u1ea1ch.<\/li>    <li>V\u1edbi c\u00f4ng su\u1ea5t l\u1edbn 1000kg\/h, m\u00e1y xay k\u00ea r\u1ea5t ph\u1ed5 bi\u1ebfn \u1edf th\u1ecb tr\u01b0\u1eddng ch\u00e2u Phi, ch\u00fang t\u00f4i cung c\u1ea5p h\u01a1n 10.000 chi\u1ebfc m\u1ed7i n\u0103m.<\/li> <\/ol>    <figure class=\"wp-block-image aligncenter wp-image-2865\"><img loading=\"lazy\" decoding=\"async\" width=\"2560\" height=\"1707\" src=\"https:\/\/www.agriculture-machine.com\/wp-content\/uploads\/2019\/03\/wheat-rice-thresher-7.jpg\" alt=\"m\u00e1y xay l\u00faa\" class=\"wp-image-2865\" srcset=\"https:\/\/www.agriculture-machine.com\/wp-content\/uploads\/2019\/03\/wheat-rice-thresher-7.jpg 2560w, https:\/\/www.agriculture-machine.com\/wp-content\/uploads\/2019\/03\/wheat-rice-thresher-7-360x240.jpg 360w, https:\/\/www.agriculture-machine.com\/wp-content\/uploads\/2019\/03\/wheat-rice-thresher-7-720x480.jpg 720w, https:\/\/www.agriculture-machine.com\/wp-content\/uploads\/2019\/03\/wheat-rice-thresher-7-768x512.jpg 768w, https:\/\/www.agriculture-machine.com\/wp-content\/uploads\/2019\/03\/wheat-rice-thresher-7-1536x1024.jpg 1536w, https:\/\/www.agriculture-machine.com\/wp-content\/uploads\/2019\/03\/wheat-rice-thresher-7-2048x1366.jpg 2048w\" sizes=\"auto, (max-width: 2560px) 100vw, 2560px\" \/><figcaption class=\"wp-element-caption\">m\u00e1y xay l\u00faa<\/figcaption><\/figure>    <h2 class=\"wp-block-heading\">Tr\u01b0\u1eddng h\u1ee3p th\u00e0nh c\u00f4ng<\/h2>    <p>\u0110\u00e2y l\u00e0 h\u00ecnh \u1ea3nh c\u1ee7a m\u1ed9t m\u00e1y xay l\u00faa m\u00ec \u0111\u00e3 \u0111\u00f3ng g\u00f3i \u0111\u1ec3 b\u00e1n, v\u00e0 n\u00f3 c\u1ea7n \u0111\u01b0\u1ee3c giao \u0111\u1ebfn Nigeria. Kh\u00e1ch h\u00e0ng n\u00e0y \u0111\u00e3 mua 2000 b\u1ed9 m\u00e1y xay l\u00faa v\u00e0o n\u0103m 2018, v\u00e0 ch\u00fang t\u00f4i \u0111\u00e3 \u0111\u1eb7t s\u1ef1 ch\u00fa \u00fd l\u1edbn v\u00e0o \u0111\u01a1n h\u00e0ng n\u00e0y \u0111\u1ec3 \u0111\u1ea3m b\u1ea3o s\u1ea3n xu\u1ea5t v\u00e0 giao h\u00e0ng an to\u00e0n.<\/p>    <figure class=\"wp-block-image aligncenter wp-image-2862\"><img loading=\"lazy\" decoding=\"async\" width=\"750\" height=\"750\" src=\"https:\/\/www.agriculture-machine.com\/wp-content\/uploads\/2019\/03\/wheat-rice-thresher-5.jpg\" alt=\"\u0111\u1ecba \u0111i\u1ec3m giao h\u00e0ng c\u1ee7a m\u00e1y xay l\u00faa\" class=\"wp-image-2862\" srcset=\"https:\/\/www.agriculture-machine.com\/wp-content\/uploads\/2019\/03\/wheat-rice-thresher-5.jpg 750w, https:\/\/www.agriculture-machine.com\/wp-content\/uploads\/2019\/03\/wheat-rice-thresher-5-270x270.jpg 270w, https:\/\/www.agriculture-machine.com\/wp-content\/uploads\/2019\/03\/wheat-rice-thresher-5-540x540.jpg 540w\" sizes=\"auto, (max-width: 750px) 100vw, 750px\" \/><figcaption class=\"wp-element-caption\">\u0111\u1ecba \u0111i\u1ec3m giao h\u00e0ng c\u1ee7a m\u00e1y xay l\u00faa<\/figcaption><\/figure>    <p>\u0110\u00e2y l\u00e0 n\u01a1i gi\u1eef c\u00e1c m\u00e1y m\u00f3c, v\u00e0 anh \u1ea5y s\u1ebd ph\u00e2n ph\u1ed1i c\u00e1c m\u00e1y n\u00e0y cho c\u00e1c n\u00f4ng d\u00e2n \u0111\u1ecba ph\u01b0\u01a1ng, gi\u00fap h\u1ecd n\u00e2ng cao hi\u1ec7u qu\u1ea3 l\u00e0m vi\u1ec7c.<\/p>    <figure class=\"wp-block-image aligncenter wp-image-2861\"><img loading=\"lazy\" decoding=\"async\" width=\"750\" height=\"750\" src=\"https:\/\/www.agriculture-machine.com\/wp-content\/uploads\/2019\/03\/wheat-rice-thresher-4.jpg\" alt=\"\u0111\u1ecba \u0111i\u1ec3m s\u1eed d\u1ee5ng m\u00e1y xay k\u00ea\" class=\"wp-image-2861\" srcset=\"https:\/\/www.agriculture-machine.com\/wp-content\/uploads\/2019\/03\/wheat-rice-thresher-4.jpg 750w, https:\/\/www.agriculture-machine.com\/wp-content\/uploads\/2019\/03\/wheat-rice-thresher-4-270x270.jpg 270w, https:\/\/www.agriculture-machine.com\/wp-content\/uploads\/2019\/03\/wheat-rice-thresher-4-540x540.jpg 540w\" sizes=\"auto, (max-width: 750px) 100vw, 750px\" \/><figcaption class=\"wp-element-caption\">\u0111\u1ecba \u0111i\u1ec3m s\u1eed d\u1ee5ng m\u00e1y xay k\u00ea<\/figcaption><\/figure>    <h2 class=\"wp-block-heading\">C\u00e2u h\u1ecfi th\u01b0\u1eddng g\u1eb7p<\/h2>   <div id=\"rank-math-faq\" class=\"rank-math-block\"> <div class=\"rank-math-list\"> <div id=\"faq-question-1712114956297\" class=\"rank-math-list-item\"> <h3 class=\"rank-math-question\">Nguy\u00ean li\u1ec7u c\u1ee7a m\u00e1y xay n\u00e0y l\u00e0 g\u00ec?<\/h3> <div class=\"rank-math-answer\">  <p class=\"translation-block\">Nguy\u00ean li\u1ec7u c\u00f3 th\u1ec3 l\u00e0 g\u1ea1o, m\u00ec, \u0111\u1eadu, c\u00e2y th\u1ea1ch cao, v\u00e0 <a href=\"https:\/\/en.wikipedia.org\/wiki\/Millet\" target=\"_blank\" rel=\"noopener\">k\u00ea<\/a>.<\/p>  <\/div> <\/div> <div id=\"faq-question-1712114960765\" class=\"rank-math-list-item\"> <h3 class=\"rank-math-question\">T\u1ea1i sao m\u1ed9t m\u00e1y c\u00f3 th\u1ec3 xay nhi\u1ec1u lo\u1ea1i c\u00e2y tr\u1ed3ng?<\/h3> <div class=\"rank-math-answer\">  <p>B\u1edfi v\u00ec m\u00e0n h\u00ecnh b\u00ean trong m\u00e1y c\u00f3 th\u1ec3 thay \u0111\u1ed5i.<br \/>Ch\u00fang t\u00f4i c\u00f3 nhi\u1ec1u m\u00e0n h\u00ecnh nh\u01b0 h\u00ecnh d\u01b0\u1edbi \u0111\u00e2y.<\/p>  <\/div> <\/div> <\/div> <\/div>   <figure class=\"wp-block-image aligncenter is-resized wp-image-2866\"><img loading=\"lazy\" decoding=\"async\" width=\"750\" height=\"750\" src=\"https:\/\/www.agriculture-machine.com\/wp-content\/uploads\/2019\/03\/wheat-rice-thresher-9.jpg\" alt=\"C\u00e1c m\u00e0n h\u00ecnh c\u1ee7a m\u00e1y xay l\u00faa m\u00ec\" class=\"wp-image-2866\" style=\"width:750px;height:auto\" srcset=\"https:\/\/www.agriculture-machine.com\/wp-content\/uploads\/2019\/03\/wheat-rice-thresher-9.jpg 750w, https:\/\/www.agriculture-machine.com\/wp-content\/uploads\/2019\/03\/wheat-rice-thresher-9-270x270.jpg 270w, https:\/\/www.agriculture-machine.com\/wp-content\/uploads\/2019\/03\/wheat-rice-thresher-9-540x540.jpg 540w\" sizes=\"auto, (max-width: 750px) 100vw, 750px\" \/><figcaption class=\"wp-element-caption\">C\u00e1c m\u00e0n h\u00ecnh c\u1ee7a m\u00e1y xay l\u00faa m\u00ec<\/figcaption><\/figure>   <div id=\"rank-math-faq\" class=\"rank-math-block\"> <div class=\"rank-math-list\"> <div id=\"faq-question-1712114994043\" class=\"rank-math-list-item\"> <h3 class=\"rank-math-question\">Vi\u1ec7c chuy\u1ec3n \u0111\u1ed5i sang m\u00e1y kh\u00e1c c\u00f3 d\u1ec5 kh\u00f4ng?<\/h3> <div class=\"rank-math-answer\">  <p>V\u00e2ng, vi\u1ec7c thay \u0111\u1ed5i r\u1ea5t d\u1ec5 d\u00e0ng, b\u1ea1n ch\u1ec9 c\u1ea7n n\u1edbi l\u1ecfng c\u00e1c \u1ed1c v\u00edt b\u00ean trong m\u00e1y xay.<\/p>  <\/div> <\/div> <div id=\"faq-question-1712114997620\" class=\"rank-math-list-item\"> <h3 class=\"rank-math-question\">B\u1ea1n c\u00f3 g\u1eedi cho t\u00f4i n\u0103m m\u00e0n h\u00ecnh n\u1ebfu t\u00f4i mua m\u1ed9t m\u00e1y kh\u00f4ng?<\/h3> <div class=\"rank-math-answer\">  <p>Ch\u00fang t\u00f4i ch\u1ec9 g\u1eedi cho b\u1ea1n m\u1ed9t m\u00e0n h\u00ecnh mi\u1ec5n ph\u00ed, v\u00e0 b\u1ea1n ph\u1ea3i tr\u1ea3 th\u00eam ti\u1ec1n \u0111\u1ec3 mua nhi\u1ec1u h\u01a1n. M\u1ed9t m\u00e0n h\u00ecnh c\u00f3 gi\u00e1 20 \u0111\u00f4 la.<\/p>  <\/div> <\/div> <\/div> <\/div>","protected":false},"excerpt":{"rendered":"<p>M\u00e1y xay l\u00faa SL-125 l\u00e0 m\u1ed9t m\u00e1y k\u00edch th\u01b0\u1edbc l\u1edbn, so v\u1edbi c\u00e1c m\u00e1y xay kh\u00e1c, v\u00e0 n\u00f3 c\u00f3 th\u1ec3 d\u00f9ng cho l\u00faa, k\u00ea, c\u00e2y th\u1ea1ch cao v\u00e0 \u0111\u1eadu.<\/p>","protected":false},"author":1,"featured_media":0,"parent":0,"comment_status":"closed","ping_status":"closed","template":"","tags":[94,796,2614,158],"product-type":[894],"class_list":["post-250","product","type-product","status-publish","hentry","tag-millet","tag-rice","tag-thresher","tag-wheat","product-type-rice-and-wheat-thresher"],"_links":{"self":[{"href":"https:\/\/www.agriculture-machine.com\/vi\/wp-json\/wp\/v2\/product\/250","targetHints":{"allow":["GET"]}}],"collection":[{"href":"https:\/\/www.agriculture-machine.com\/vi\/wp-json\/wp\/v2\/product"}],"about":[{"href":"https:\/\/www.agriculture-machine.com\/vi\/wp-json\/wp\/v2\/types\/product"}],"author":[{"embeddable":true,"href":"https:\/\/www.agriculture-machine.com\/vi\/wp-json\/wp\/v2\/users\/1"}],"replies":[{"embeddable":true,"href":"https:\/\/www.agriculture-machine.com\/vi\/wp-json\/wp\/v2\/comments?post=250"}],"wp:attachment":[{"href":"https:\/\/www.agriculture-machine.com\/vi\/wp-json\/wp\/v2\/media?parent=250"}],"wp:term":[{"taxonomy":"post_tag","embeddable":true,"href":"https:\/\/www.agriculture-machine.com\/vi\/wp-json\/wp\/v2\/tags?post=250"},{"taxonomy":"product-type","embeddable":true,"href":"https:\/\/www.agriculture-machine.com\/vi\/wp-json\/wp\/v2\/product-type?post=250"}],"curies":[{"name":"wp","href":"https:\/\/api.w.org\/{rel}","templated":true}]}}