{"id":253,"date":"2018-07-12T08:01:38","date_gmt":"2018-07-12T00:01:38","guid":{"rendered":"https:\/\/www.agriculture-machine.com\/?p=253"},"modified":"2024-09-18T16:05:45","modified_gmt":"2024-09-18T08:05:45","slug":"kenaf-decorticator","status":"publish","type":"product","link":"https:\/\/www.agriculture-machine.com\/vi\/kenaf-decorticator\/","title":{"rendered":"M\u00e1y t\u00e1ch d\u1ea7u kenaf \/ Kenaf decorticator"},"content":{"rendered":"<h2>Gi\u1edbi thi\u1ec7u ng\u1eafn g\u1ecdn v\u1ec1 decorticator c\u00e2y gai d\u1ea7u<\/h2> <p class=\"translation-block\">M\u00e1y c\u1eaft c\u00e2y gai d\u1ea7u c\u1ee7a ch\u00fang t\u00f4i d\u00f9ng \u0111\u1ec3 chi\u1ebft xu\u1ea5t s\u1ee3i c\u1ee7a c\u00e2y gai d\u1ea7u, \u0111ay, c\u00e2y gai d\u1ea7u, ramie, v.v. V\u1edbi hai b\u00e1nh xe l\u1edbn, m\u00e1y d\u1ec5 d\u00e0ng di chuy\u1ec3n. T\u1ef7 l\u1ec7 l\u00e0m s\u1ea1ch c\u00f3 th\u1ec3 \u0111\u1ea1t 96% m\u00e0 kh\u00f4ng g\u00e2y h\u01b0 h\u1ea1i cho s\u1ee3i. Decorticator c\u00e2y gai d\u1ea7u ph\u00f9 h\u1ee3p \u0111\u1ec3 x\u1eed l\u00fd s\u1ee3i th\u1ef1c v\u1eadt c\u1ee7a c\u00e2y gai d\u1ea7u, \u0111ay, c\u00e2y gai d\u1ea7u v\u00e0 ramie \u0111\u1ecf trong n\u00f4ng nghi\u1ec7p. N\u00f3 c\u00f3 th\u1ec3 d\u00f9ng cho nguy\u00ean li\u1ec7u kh\u00f4 v\u00e0 \u01b0\u1edbt v\u00e0 r\u1ea5t ti\u1ec7n l\u1ee3i cho b\u1ea1n.<\/p> <div align=\"center\"><\/div> <h2>C\u1ea5u tr\u00fac ch\u00ednh c\u1ee7a decorticator c\u00e2y gai d\u1ea7u<\/h2> <p>Decorticator c\u00e2y gai d\u1ea7u ch\u1ee7 y\u1ebfu g\u1ed3m khung, dao, \u0111\u0129a dao, mi\u1ec7ng c\u1ea5p li\u1ec7u, n\u1eafp an to\u00e0n, b\u00e1nh xe \u0111\u00f4i, b\u0103ng t\u1ea3i x\u1ea3, v.v.<br \/> Ph\u1ea7n b\u00ean trong c\u1ee7a m\u00e1y (g\u00f3c kh\u00e1c nhau c\u1ee7a b\u00e1nh xe)<\/p> <div id='gallery-1' class='gallery galleryid-253 gallery-columns-2 gallery-size-thumbnail'><figure class='gallery-item'> \t\t\t<div class='gallery-icon landscape'> \t\t\t\t<img loading=\"lazy\" decoding=\"async\" width=\"240\" height=\"180\" src=\"https:\/\/www.agriculture-machine.com\/wp-content\/uploads\/2018\/07\/hemp-cutter-machine-5-1-240x180.jpg\" class=\"attachment-thumbnail size-thumbnail\" alt=\"\" srcset=\"https:\/\/www.agriculture-machine.com\/wp-content\/uploads\/2018\/07\/hemp-cutter-machine-5-1-240x180.jpg 240w, https:\/\/www.agriculture-machine.com\/wp-content\/uploads\/2018\/07\/hemp-cutter-machine-5-1-360x270.jpg 360w, https:\/\/www.agriculture-machine.com\/wp-content\/uploads\/2018\/07\/hemp-cutter-machine-5-1.jpg 480w\" sizes=\"auto, (max-width: 240px) 100vw, 240px\" \/> \t\t\t<\/div><\/figure><figure class='gallery-item'> \t\t\t<div class='gallery-icon landscape'> \t\t\t\t<img loading=\"lazy\" decoding=\"async\" width=\"240\" height=\"180\" src=\"https:\/\/www.agriculture-machine.com\/wp-content\/uploads\/2018\/07\/hemp-cutter-machine-6-1-240x180.jpg\" class=\"attachment-thumbnail size-thumbnail\" alt=\"\" srcset=\"https:\/\/www.agriculture-machine.com\/wp-content\/uploads\/2018\/07\/hemp-cutter-machine-6-1-240x180.jpg 240w, https:\/\/www.agriculture-machine.com\/wp-content\/uploads\/2018\/07\/hemp-cutter-machine-6-1-360x270.jpg 360w, https:\/\/www.agriculture-machine.com\/wp-content\/uploads\/2018\/07\/hemp-cutter-machine-6-1.jpg 480w\" sizes=\"auto, (max-width: 240px) 100vw, 240px\" \/> \t\t\t<\/div><\/figure> \t\t<\/div>  <h2>\u1ee8ng d\u1ee5ng c\u1ee7a decorticator c\u00e2y gai d\u1ea7u<\/h2> <p>N\u00f3 c\u00f3 th\u1ec3 nghi\u1ec1n n\u00e1t th\u00e2n c\u00e2y gai d\u1ea7u v\u00e0 l\u1ea5y v\u1ecf nhanh ch\u00f3ng, r\u1ea5t s\u1ea1ch s\u1ebd. M\u00e1y c\u1eaft c\u00e2y gai d\u1ea7u n\u00e0y c\u00f3 th\u1ec3 d\u00f9ng cho c\u00e2y gai d\u1ea7u, \u0111ay, ramie, c\u00e2y gai d\u1ea7u, v.v.<\/p> <p><img loading=\"lazy\" decoding=\"async\" class=\"alignnone size-full wp-image-4349\" src=\"https:\/\/www.agriculture-machine.com\/wp-content\/uploads\/2018\/07\/hemp-cutting-3.jpg\" alt=\"\" width=\"750\" height=\"750\" srcset=\"https:\/\/www.agriculture-machine.com\/wp-content\/uploads\/2018\/07\/hemp-cutting-3.jpg 750w, https:\/\/www.agriculture-machine.com\/wp-content\/uploads\/2018\/07\/hemp-cutting-3-270x270.jpg 270w, https:\/\/www.agriculture-machine.com\/wp-content\/uploads\/2018\/07\/hemp-cutting-3-540x540.jpg 540w\" sizes=\"auto, (max-width: 750px) 100vw, 750px\" \/><\/p> <h2>\u01afu \u0111i\u1ec3m c\u1ee7a decorticator c\u00e2y gai d\u1ea7u<\/h2> <p>1. So v\u1edbi ph\u01b0\u01a1ng ph\u00e1p b\u00f3c t\u00e1ch truy\u1ec1n th\u1ed1ng, decorticator c\u00e2y gai d\u1ea7u t\u01b0\u01a1i<br \/> c\u00f3 th\u1ec3 ti\u1ebft ki\u1ec7m nhi\u1ec1u c\u00f4ng lao v\u00e0 th\u1eddi gian.<br \/> 2. Hai b\u00e1nh xe v\u1edbi l\u01b0\u1ee1i dao nghi\u00eang c\u00f3 th\u1ec3 nghi\u1ec1n n\u00e1t th\u00e2n c\u00e2y, n\u00e2ng cao hi\u1ec7u qu\u1ea3 l\u00e0m vi\u1ec7c.<br \/> 3. T\u1ef7 l\u1ec7 l\u00e0m s\u1ea1ch cao. S\u1ee3i cu\u1ed1i c\u00f9ng r\u1ea5t s\u1ea1ch.<br \/> 4. C\u00f4ng su\u1ea5t cao. C\u00f4ng su\u1ea5t l\u1edbn nh\u1ea5t c\u1ee7a n\u00f3 l\u00e0 150m2\/h<\/p> <ol start=\"5\"> <li>S\u1ee3i gai d\u1ea7u s\u1ebd kh\u00f4ng b\u1ecb g\u00e3y sau khi b\u00f3c t\u00e1ch.<\/li> <li>T\u1ef7 l\u1ec7 b\u00f3c t\u00e1ch r\u1ea5t cao v\u00e0 g\u1ea7n nh\u01b0 t\u1ea5t c\u1ea3 s\u1ee3i c\u00f3 th\u1ec3 \u0111\u01b0\u1ee3c b\u00f3c t\u00e1ch trong m\u1ed9t l\u1ea7n.<\/li> <li>Decorticator c\u00e2y gai d\u1ea7u d\u1ec5 di chuy\u1ec3n nh\u1edd hai b\u00e1nh xe v\u00e0 ph\u00f9 h\u1ee3p cho nguy\u00ean li\u1ec7u \u01b0\u1edbt v\u00e0 kh\u00f4.<\/li> <li>Decorticator c\u00e2y gai d\u1ea7u c\u00f3 m\u1ed9t thanh ngang \u1edf l\u1ed1i ra \u0111\u1ec3 thu th\u1eadp s\u1ee3i sau khi t\u00e1ch.<\/li> <\/ol> <p>&nbsp;<\/p> <p><img decoding=\"async\" src=\"https:\/\/www.agriculture-machine.com\/wp-content\/uploads\/2018\/07\/hemp-cutter-machine-1.jpg\" alt=\"m\u00e1y c\u1eaft c\u00e2y gai d\u1ea7u 1\" \/><\/p> <h2>Nguy\u00ean l\u00fd ho\u1ea1t \u0111\u1ed9ng c\u1ee7a decorticator c\u00e2y gai d\u1ea7u<\/h2> <p>1. Ng\u01b0\u1eddi v\u1eadn h\u00e0nh \u0111\u01b0a c\u00e2y gai d\u1ea7u v\u00e0o h\u1ed9c c\u1ea5p li\u1ec7u<br \/> 2. C\u00e2y gai d\u1ea7u \u0111i v\u00e0o gi\u1eefa hai b\u00e1nh xe<br \/> 3. L\u01b0\u1ee1i dao nghi\u00eang tr\u00ean b\u00e1nh xe, \u0111\u01b0\u1ee3c c\u1ea5p ngu\u1ed3n b\u1eb1ng \u0111\u1ed9ng c\u01a1 ho\u1eb7c \u0111\u1ed9ng c\u01a1 diesel, nghi\u1ec1n n\u00e1t th\u00e2n c\u00e2y b\u1eb1ng c\u00e1ch quay li\u00ean t\u1ee5c.<br \/> 4. C\u00e1c th\u00e2n c\u00e2y b\u1ecb nghi\u1ec1n n\u00e1t ho\u00e0n to\u00e0n v\u00e0 s\u1ee3i bay v\u00e0o r\u1ed5 sau v\u00e0i gi\u00e2y.<\/p> <p><img loading=\"lazy\" decoding=\"async\" class=\"alignnone size-full wp-image-4348\" src=\"https:\/\/www.agriculture-machine.com\/wp-content\/uploads\/2018\/07\/hemp-cutting-2.jpg\" alt=\"\" width=\"750\" height=\"750\" srcset=\"https:\/\/www.agriculture-machine.com\/wp-content\/uploads\/2018\/07\/hemp-cutting-2.jpg 750w, https:\/\/www.agriculture-machine.com\/wp-content\/uploads\/2018\/07\/hemp-cutting-2-270x270.jpg 270w, https:\/\/www.agriculture-machine.com\/wp-content\/uploads\/2018\/07\/hemp-cutting-2-540x540.jpg 540w\" sizes=\"auto, (max-width: 750px) 100vw, 750px\" \/><\/p> <h2>C\u00f4ng su\u1ea5t ph\u00f9 h\u1ee3p c\u1ee7a decorticator c\u00e2y gai d\u1ea7u<\/h2> <p>Decorticator c\u00e2y gai d\u1ea7u ho\u1ea1t \u0111\u1ed9ng v\u1edbi \u0111\u1ed9ng c\u01a1 7.5kw ho\u1eb7c \u0111\u1ed9ng c\u01a1 diesel 10HP.<\/p> <p><img loading=\"lazy\" decoding=\"async\" class=\"alignnone size-full wp-image-4347\" src=\"https:\/\/www.agriculture-machine.com\/wp-content\/uploads\/2018\/07\/hemp-cutting-1.jpg\" alt=\"\" width=\"750\" height=\"750\" srcset=\"https:\/\/www.agriculture-machine.com\/wp-content\/uploads\/2018\/07\/hemp-cutting-1.jpg 750w, https:\/\/www.agriculture-machine.com\/wp-content\/uploads\/2018\/07\/hemp-cutting-1-270x270.jpg 270w, https:\/\/www.agriculture-machine.com\/wp-content\/uploads\/2018\/07\/hemp-cutting-1-540x540.jpg 540w\" sizes=\"auto, (max-width: 750px) 100vw, 750px\" \/><\/p> <h2>Th\u00f4ng s\u1ed1 k\u1ef9 thu\u1eadt c\u1ee7a decorticator c\u00e2y gai d\u1ea7u<\/h2> <div class=\"table-responsive\"> <table class=\"table table-striped\"> <tbody> <tr> <td width=\"346\"><strong><b>M\u1eabu<\/b><\/strong><\/td> <td width=\"293\"><strong><b>SLHM-550<\/b><\/strong><\/td> <\/tr> <tr> <td width=\"346\">T\u1ed1c \u0111\u1ed9 quay c\u1ee7a l\u01b0\u1ee1i dao hockey<\/td> <td width=\"293\">1000-1200r\/ph\u00fat<\/td> <\/tr> <tr> <td width=\"346\">C\u00f4ng su\u1ea5t c\u1ee7a \u0111\u1ed9ng c\u01a1<\/td> <td width=\"293\">7.5Kw \/(10HP \u0111\u1ed9ng c\u01a1 diesel)<\/td> <\/tr> <tr> <td width=\"346\">Dung t\u00edch<\/td> <td width=\"293\">150m2\/h<\/td> <\/tr> <tr> <td width=\"346\">K\u00edch th\u01b0\u1edbc<\/td> <td width=\"293\">1500*1400*1050mm<\/td> <\/tr> <tr> <td width=\"346\">Tr\u1ecdng l\u01b0\u1ee3ng<\/td> <td width=\"293\">255Kg<\/td> <\/tr> <tr> <td width=\"346\">T\u1ef7 l\u1ec7 b\u1ee5i b\u1ea9n<\/td> <td width=\"293\">&lt;0.2%<\/td> <\/tr> <\/tbody> <\/table> <h2>Tr\u01b0\u1eddng h\u1ee3p th\u00e0nh c\u00f4ng m\u1edbi nh\u1ea5t c\u1ee7a decorticator c\u00e2y gai d\u1ea7u<\/h2> <p class=\"translation-block\"><strong><span style=\"color: #ff0000\">tr\u01b0\u1eddng h\u1ee3p m\u1ed9t<\/span><\/strong><\/p> <p>V\u00e0o th\u00e1ng 2 n\u0103m 2019, ch\u00fang t\u00f4i \u0111\u00e3 b\u00e1n 1 b\u1ed9 m\u00e1y c\u1eaft c\u00e2y gai d\u1ea7u cho Ba Lan v\u1edbi gi\u00e1 c\u1ea1nh tranh. Anh \u1ea5y l\u00e0 m\u1ed9t n\u00f4ng d\u00e2n v\u00e0 tr\u1ed3ng c\u00e2y gai d\u1ea7u trong nh\u1eefng n\u0103m g\u1ea7n \u0111\u00e2y, mong mu\u1ed1n chi\u1ebft xu\u1ea5t s\u1ee3i c\u1ee7a n\u00f3. H\u00ecnh \u1ea3nh sau l\u00e0 cu\u1ed9c tr\u00f2 chuy\u1ec7n gi\u1eefa qu\u1ea3n l\u00fd b\u00e1n h\u00e0ng c\u1ee7a ch\u00fang t\u00f4i v\u00e0 anh \u1ea5y.<br \/> <img decoding=\"async\" src=\"https:\/\/www.agriculture-machine.com\/wp-content\/uploads\/2018\/07\/hemp-cutter-machine-3.jpg\" alt=\"m\u00e1y c\u1eaft c\u00e2y gai d\u1ea7u 3\" \/><img decoding=\"async\" src=\"https:\/\/www.agriculture-machine.com\/wp-content\/uploads\/2018\/07\/hemp-cutter-machine.png\" alt=\"m\u00e1y c\u1eaft c\u00e2y gai d\u1ea7u\" \/><br \/> Th\u1ef1c t\u1ebf, anh \u1ea5y \u0111\u00e3 li\u00ean h\u1ec7 v\u1edbi ch\u00fang t\u00f4i v\u00e0o th\u00e1ng 1 v\u00e0 \u0111\u1eb7t h\u00e0ng t\u1eeb ch\u00fang t\u00f4i v\u00e0o th\u00e1ng 2. Qu\u1ea3n l\u00fd c\u1ee7a ch\u00fang t\u00f4i \u0111\u00e3 gi\u1ea3i quy\u1ebft v\u1ea5n \u0111\u1ec1 c\u1ee7a anh \u1ea5y v\u1edbi s\u1ef1 ki\u00ean nh\u1eabn l\u1edbn v\u00e0 mong mu\u1ed1n x\u00e2y d\u1ef1ng m\u1ed1i quan h\u1ec7 h\u1ee3p t\u00e1c l\u00e2u d\u00e0i v\u1edbi anh \u1ea5y.<\/p> <p>H\u00ecnh \u1ea3nh \u0111\u00f3ng g\u00f3i nh\u01b0 sau.<\/p> <div id='gallery-2' class='gallery galleryid-253 gallery-columns-2 gallery-size-full'><figure class='gallery-item'> \t\t\t<div class='gallery-icon landscape'> \t\t\t\t<a href='https:\/\/www.agriculture-machine.com\/vi\/hemp-cutter-machine-8\/'><img loading=\"lazy\" decoding=\"async\" width=\"1440\" height=\"1080\" src=\"https:\/\/www.agriculture-machine.com\/wp-content\/uploads\/2018\/07\/hemp-cutter-machine-8.jpg\" class=\"attachment-full size-full\" alt=\"m\u00e1y c\u1eaft c\u00e2y gai d\u1ea7u (8)\" aria-describedby=\"gallery-2-2249\" srcset=\"https:\/\/www.agriculture-machine.com\/wp-content\/uploads\/2018\/07\/hemp-cutter-machine-8.jpg 1440w, https:\/\/www.agriculture-machine.com\/wp-content\/uploads\/2018\/07\/hemp-cutter-machine-8-360x270.jpg 360w, https:\/\/www.agriculture-machine.com\/wp-content\/uploads\/2018\/07\/hemp-cutter-machine-8-720x540.jpg 720w, https:\/\/www.agriculture-machine.com\/wp-content\/uploads\/2018\/07\/hemp-cutter-machine-8-240x180.jpg 240w, https:\/\/www.agriculture-machine.com\/wp-content\/uploads\/2018\/07\/hemp-cutter-machine-8-768x576.jpg 768w\" sizes=\"auto, (max-width: 1440px) 100vw, 1440px\" \/><\/a> \t\t\t<\/div> \t\t\t\t<figcaption class='wp-caption-text gallery-caption' id='gallery-2-2249'> \t\t\t\tm\u00e1y c\u1eaft c\u00e2y gai d\u1ea7u (8) \t\t\t\t<\/figcaption><\/figure><figure class='gallery-item'> \t\t\t<div class='gallery-icon landscape'> \t\t\t\t<a href='https:\/\/www.agriculture-machine.com\/vi\/hemp-cutter-machine-7\/'><img loading=\"lazy\" decoding=\"async\" width=\"1440\" height=\"1080\" src=\"https:\/\/www.agriculture-machine.com\/wp-content\/uploads\/2018\/07\/hemp-cutter-machine-7.jpg\" class=\"attachment-full size-full\" alt=\"m\u00e1y c\u1eaft c\u00e2y gai d\u1ea7u (7)\" aria-describedby=\"gallery-2-2248\" srcset=\"https:\/\/www.agriculture-machine.com\/wp-content\/uploads\/2018\/07\/hemp-cutter-machine-7.jpg 1440w, https:\/\/www.agriculture-machine.com\/wp-content\/uploads\/2018\/07\/hemp-cutter-machine-7-360x270.jpg 360w, https:\/\/www.agriculture-machine.com\/wp-content\/uploads\/2018\/07\/hemp-cutter-machine-7-720x540.jpg 720w, https:\/\/www.agriculture-machine.com\/wp-content\/uploads\/2018\/07\/hemp-cutter-machine-7-240x180.jpg 240w, https:\/\/www.agriculture-machine.com\/wp-content\/uploads\/2018\/07\/hemp-cutter-machine-7-768x576.jpg 768w\" sizes=\"auto, (max-width: 1440px) 100vw, 1440px\" \/><\/a> \t\t\t<\/div> \t\t\t\t<figcaption class='wp-caption-text gallery-caption' id='gallery-2-2248'> \t\t\t\tm\u00e1y c\u1eaft c\u00e2y gai d\u1ea7u (7) \t\t\t\t<\/figcaption><\/figure> \t\t<\/div>  <h2><span style=\"color: #ff0000;\">tr\u01b0\u1eddng h\u1ee3p hai<\/span><\/h2> <p class=\"translation-block\">V\u00e0o \u0111\u1ea7u th\u00e1ng 5, ch\u00fang t\u00f4i nh\u1eadn \u0111\u01b0\u1ee3c y\u00eau c\u1ea7u t\u1eeb kh\u00e1ch h\u00e0ng \u1edf Croatia, v\u00e0 anh \u1ea5y mu\u1ed1n mua m\u1ed9t decorticator c\u00e2y gai d\u1ea7u. Th\u1ef1c t\u1ebf, anh \u1ea5y kh\u00f4ng n\u00f3i nhi\u1ec1u v\u1edbi nh\u00e2n vi\u00ean b\u00e1n h\u00e0ng c\u1ee7a ch\u00fang t\u00f4i. Sau khi x\u00e1c nh\u1eadn th\u00f4ng tin c\u1ee7a nh\u00e0 v\u1eadn chuy\u1ec3n, anh \u1ea5y \u0111\u00e3 \u0111\u1eb7t h\u00e0ng m\u1ed9t b\u1ed9 decorticator c\u00e2y gai d\u1ea7u t\u1eeb ch\u00fang t\u00f4i. Ch\u00fang t\u00f4i c\u00f3 nhi\u1ec1u decorticator cho c\u00e2y gai d\u1ea7u trong kho, v\u00ec v\u1eady ch\u00fang t\u00f4i \u0111\u00e3 d\u00e0nh m\u1ed9t ng\u00e0y \u0111\u1ec3 \u0111\u00f3ng g\u00f3i v\u00e0 giao h\u00e0ng sau khi nh\u1eadn \u0111\u01b0\u1ee3c thanh to\u00e1n.<\/p> <div id='gallery-3' class='gallery galleryid-253 gallery-columns-2 gallery-size-full'><figure class='gallery-item'> \t\t\t<div class='gallery-icon portrait'> \t\t\t\t<a href='https:\/\/www.agriculture-machine.com\/vi\/kenaf-decorticator\/attachment\/hemp-decorticator5\/'><img loading=\"lazy\" decoding=\"async\" width=\"450\" height=\"600\" src=\"https:\/\/www.agriculture-machine.com\/wp-content\/uploads\/2018\/07\/hemp-decorticator5.jpg\" class=\"attachment-full size-full\" alt=\"\" srcset=\"https:\/\/www.agriculture-machine.com\/wp-content\/uploads\/2018\/07\/hemp-decorticator5.jpg 450w, https:\/\/www.agriculture-machine.com\/wp-content\/uploads\/2018\/07\/hemp-decorticator5-203x270.jpg 203w, https:\/\/www.agriculture-machine.com\/wp-content\/uploads\/2018\/07\/hemp-decorticator5-405x540.jpg 405w\" sizes=\"auto, (max-width: 450px) 100vw, 450px\" \/><\/a> \t\t\t<\/div><\/figure><figure class='gallery-item'> \t\t\t<div class='gallery-icon portrait'> \t\t\t\t<a href='https:\/\/www.agriculture-machine.com\/vi\/kenaf-decorticator\/attachment\/hemp-decorticator4\/'><img loading=\"lazy\" decoding=\"async\" width=\"450\" height=\"600\" src=\"https:\/\/www.agriculture-machine.com\/wp-content\/uploads\/2018\/07\/hemp-decorticator4.jpg\" class=\"attachment-full size-full\" alt=\"\" srcset=\"https:\/\/www.agriculture-machine.com\/wp-content\/uploads\/2018\/07\/hemp-decorticator4.jpg 450w, https:\/\/www.agriculture-machine.com\/wp-content\/uploads\/2018\/07\/hemp-decorticator4-203x270.jpg 203w, https:\/\/www.agriculture-machine.com\/wp-content\/uploads\/2018\/07\/hemp-decorticator4-405x540.jpg 405w\" sizes=\"auto, (max-width: 450px) 100vw, 450px\" \/><\/a> \t\t\t<\/div><\/figure> \t\t<\/div>  <div id='gallery-4' class='gallery galleryid-253 gallery-columns-2 gallery-size-full'><figure class='gallery-item'> \t\t\t<div class='gallery-icon portrait'> \t\t\t\t<a href='https:\/\/www.agriculture-machine.com\/vi\/kenaf-decorticator\/attachment\/hemp-decorticator3\/'><img loading=\"lazy\" decoding=\"async\" width=\"450\" height=\"600\" src=\"https:\/\/www.agriculture-machine.com\/wp-content\/uploads\/2018\/07\/hemp-decorticator3.jpg\" class=\"attachment-full size-full\" alt=\"\" srcset=\"https:\/\/www.agriculture-machine.com\/wp-content\/uploads\/2018\/07\/hemp-decorticator3.jpg 450w, https:\/\/www.agriculture-machine.com\/wp-content\/uploads\/2018\/07\/hemp-decorticator3-203x270.jpg 203w, https:\/\/www.agriculture-machine.com\/wp-content\/uploads\/2018\/07\/hemp-decorticator3-405x540.jpg 405w\" sizes=\"auto, (max-width: 450px) 100vw, 450px\" \/><\/a> \t\t\t<\/div><\/figure><figure class='gallery-item'> \t\t\t<div class='gallery-icon portrait'> \t\t\t\t<a href='https:\/\/www.agriculture-machine.com\/vi\/kenaf-decorticator\/attachment\/hemp-decorticator2\/'><img loading=\"lazy\" decoding=\"async\" width=\"450\" height=\"600\" src=\"https:\/\/www.agriculture-machine.com\/wp-content\/uploads\/2018\/07\/hemp-decorticator2.jpg\" class=\"attachment-full size-full\" alt=\"\" srcset=\"https:\/\/www.agriculture-machine.com\/wp-content\/uploads\/2018\/07\/hemp-decorticator2.jpg 450w, https:\/\/www.agriculture-machine.com\/wp-content\/uploads\/2018\/07\/hemp-decorticator2-203x270.jpg 203w, https:\/\/www.agriculture-machine.com\/wp-content\/uploads\/2018\/07\/hemp-decorticator2-405x540.jpg 405w\" sizes=\"auto, (max-width: 450px) 100vw, 450px\" \/><\/a> \t\t\t<\/div><\/figure> \t\t<\/div>  <h2>C\u00e2u h\u1ecfi th\u01b0\u1eddng g\u1eb7p<\/h2> <p>1. T\u1ea1i sao hai b\u00e1nh xe c\u1ee7a m\u00e1y l\u1ea1i nghi\u00eang?<br \/> Hai b\u00e1nh xe nghi\u00eang c\u00f3 th\u1ec3 nghi\u1ec1n n\u00e1t ho\u00e0n to\u00e0n th\u00e2n c\u00e2y gai d\u1ea7u, v\u00e0 t\u00e1ch n\u00f3 v\u00e0 s\u1ee3i m\u1ed9t c\u00e1ch hi\u1ec7u qu\u1ea3.<br \/> 2. Nguy\u00ean li\u1ec7u th\u00f4 c\u1ee7a decorticator \u0111ay n\u00e0y l\u00e0 g\u00ec?<br \/> Nguy\u00ean li\u1ec7u th\u00f4 c\u00f3 th\u1ec3 l\u00e0 c\u00e2y gai d\u1ea7u, c\u00e2y gai, ramie, \u0111ay, v.v.<br \/> 3. Li\u1ec7u hai b\u00e1nh xe c\u00f3 l\u00e0m h\u1ecfng s\u1ee3i kh\u00f4ng?<br \/> Kh\u00f4ng, n\u00f3 s\u1ebd kh\u00f4ng l\u00e0m h\u1ecfng s\u1ee3i v\u00ec l\u01b0\u1ee1i dao tr\u00ean b\u00e1nh xe m\u00f2n.<br \/> 4. S\u1ea3n ph\u1ea9m cu\u1ed1i c\u00f9ng c\u00f3 th\u1ec3 d\u00f9ng \u0111\u1ec3 l\u00e0m g\u00ec?<br \/> N\u00f3 c\u00f3 th\u1ec3 l\u00e0m d\u00e2y th\u1eebng ho\u1eb7c v\u1ea3i.<br \/> 5. N\u00f3 c\u00f3 ph\u00f9 h\u1ee3p cho c\u00e2y gai d\u1ea7u \u01b0\u1edbt v\u00e0 kh\u00f4 kh\u00f4ng?<br \/> C\u00f3, n\u00f3 c\u00f3 th\u1ec3<br \/> <img decoding=\"async\" src=\"https:\/\/www.agriculture-machine.com\/wp-content\/uploads\/2018\/07\/hemp-cutter-machine-4.jpg\" alt=\"m\u00e1y c\u1eaft c\u00e2y gai d\u1ea7u 4\" \/><\/p> <h2>T\u1ea1i sao b\u1ea1n ch\u1ecdn ch\u00fang t\u00f4i?<\/h2> <p>B\u1ea1n c\u00f3 th\u1ec3 t\u00ecm ra l\u00fd do t\u1ea1i sao b\u1ea1n ch\u1ecdn ch\u00fang t\u00f4i kh\u00f4ng?<br \/> H\u00ecnh \u1ea3nh n\u00e0y l\u00e0 kho s\u1ee3i c\u00e2y gai d\u1ea7u, v\u00e0 ch\u00fang t\u00f4i g\u1ea7n nh\u01b0 b\u00e1n h\u01a1n 1000 b\u1ed9 sang c\u00e1c n\u01b0\u1edbc kh\u00e1c m\u1ed7i n\u0103m. Th\u1eadt s\u1ef1, ch\u00fang t\u00f4i c\u00f3 th\u1ec3 s\u1ea3n xu\u1ea5t 500 b\u1ed9 m\u1ed7i th\u00e1ng, ho\u00e0n to\u00e0n \u0111\u00e1p \u1ee9ng nhu c\u1ea7u c\u1ee7a b\u1ea1n.<\/p> <\/div>","protected":false},"excerpt":{"rendered":"<p>Brief introduction of hemp decorticator Our hemp cutter machine is to use to extract the fiber of hemp, jute, kenaf, ramie, etc. With two big wheels, the machine is easy to move. The cleaning rate can reach 96% without any damage to the fiber itself. Hemp decorticator is suitable for processing plant fibers of hemp, [&hellip;]<\/p>\n","protected":false},"author":1,"featured_media":0,"parent":0,"comment_status":"closed","ping_status":"closed","template":"","tags":[2618],"product-type":[917,1],"class_list":["post-253","product","type-product","status-publish","hentry","tag-hemp","product-type-hemp-peeling-machine","product-type-other"],"_links":{"self":[{"href":"https:\/\/www.agriculture-machine.com\/vi\/wp-json\/wp\/v2\/product\/253","targetHints":{"allow":["GET"]}}],"collection":[{"href":"https:\/\/www.agriculture-machine.com\/vi\/wp-json\/wp\/v2\/product"}],"about":[{"href":"https:\/\/www.agriculture-machine.com\/vi\/wp-json\/wp\/v2\/types\/product"}],"author":[{"embeddable":true,"href":"https:\/\/www.agriculture-machine.com\/vi\/wp-json\/wp\/v2\/users\/1"}],"replies":[{"embeddable":true,"href":"https:\/\/www.agriculture-machine.com\/vi\/wp-json\/wp\/v2\/comments?post=253"}],"wp:attachment":[{"href":"https:\/\/www.agriculture-machine.com\/vi\/wp-json\/wp\/v2\/media?parent=253"}],"wp:term":[{"taxonomy":"post_tag","embeddable":true,"href":"https:\/\/www.agriculture-machine.com\/vi\/wp-json\/wp\/v2\/tags?post=253"},{"taxonomy":"product-type","embeddable":true,"href":"https:\/\/www.agriculture-machine.com\/vi\/wp-json\/wp\/v2\/product-type?post=253"}],"curies":[{"name":"wp","href":"https:\/\/api.w.org\/{rel}","templated":true}]}}