{"id":2712,"date":"2019-03-19T21:57:01","date_gmt":"2019-03-19T13:57:01","guid":{"rendered":"https:\/\/www.agriculture-machine.com\/?p=2712"},"modified":"2025-06-19T16:29:05","modified_gmt":"2025-06-19T08:29:05","slug":"rice-wheat-destoner-machine","status":"publish","type":"product","link":"https:\/\/www.agriculture-machine.com\/vi\/rice-wheat-destoner-machine\/","title":{"rendered":"M\u00e1y t\u00e1ch g\u1ea1o | M\u00e1y lo\u1ea1i b\u1ecf t\u1ea1p ch\u1ea5t \u0111\u00e1"},"content":{"rendered":"<p>V\u1edbi c\u00f4ng ngh\u1ec7 l\u00f5i k\u00e9p \u201cph\u00e2n lo\u1ea1i tr\u1ecdng l\u01b0\u1ee3ng ri\u00eang   d\u00f2ng kh\u00ed n\u00e2ng \u0111\u1ee1\u201d, m\u00e1y t\u00e1ch g\u1ea1o th\u1ef1c hi\u1ec7n vi\u1ec7c ph\u00e2n t\u00e1ch d\u1ef1a tr\u00ean s\u1ef1 kh\u00e1c bi\u1ec7t v\u1ec1 m\u1eadt \u0111\u1ed9 gi\u1eefa v\u1eadt li\u1ec7u v\u00e0 \u0111\u00e1 (tr\u1ecdng l\u01b0\u1ee3ng ri\u00eang c\u1ee7a \u0111\u00e1 l\u00e0 2.5-3.0g\/cm\u00b3, trong khi \u0111\u00f3 c\u1ee7a g\u1ea1o ch\u1ec9 l\u00e0 1.1-1.3g\/cm\u00b3). <\/p>    <p>K\u1ebft h\u1ee3p v\u1edbi m\u1eb7t s\u00e0ng nghi\u00eang \u0111i\u1ec1u ch\u1ec9nh v\u00e0 h\u1ec7 th\u1ed1ng kh\u00ed n\u00e9n th\u00f4ng minh, m\u00e1y n\u00e0y c\u00f3 th\u1ec3 x\u1eed l\u00fd hi\u1ec7u qu\u1ea3 1 t\u1ea5n g\u1ea1o m\u1ed7i gi\u1edd. N\u00f3 ch\u1ee7 y\u1ebfu d\u00f9ng trong x\u1eed l\u00fd s\u01a1 b\u1ed9 g\u1ea1o, l\u00faa m\u00ec v\u00e0 c\u00e1c lo\u1ea1i h\u1ea1t kh\u00e1c, v\u00e0 \u0111\u01b0\u1ee3c s\u1eed d\u1ee5ng r\u1ed9ng r\u00e3i trong c\u00e1c nh\u00e0 m\u00e1y xay x\u00e1t, kho grain, v\u00e0 c\u00e1c doanh nghi\u1ec7p ch\u1ebf bi\u1ebfn h\u1ea1t. <\/p>    <p>V\u1edbi c\u1ea5u tr\u00fac nh\u1ecf g\u1ecdn, \u0111\u1ed9ng c\u01a1 2.2kW, t\u1ef7 l\u1ec7 t\u00e1ch \u0111\u00e1 \u226595%, m\u00e1y t\u00e1ch g\u1ea1o kh\u00f4ng ch\u1ec9 d\u1ec5 v\u1eadn h\u00e0nh m\u00e0 c\u00f2n c\u00f3 hi\u1ec7u qu\u1ea3 ph\u00e2n t\u00e1ch \u0111\u00e1ng k\u1ec3, l\u00e0 l\u1ef1a ch\u1ecdn l\u00fd t\u01b0\u1edfng \u0111\u1ec3 n\u00e2ng cao \u0111\u1ed9 tinh khi\u1ebft v\u00e0 n\u0103ng su\u1ea5t c\u1ee7a g\u1ea1o.<\/p>    <figure class=\"wp-block-embed aligncenter is-type-video is-provider-youtube wp-block-embed-youtube wp-embed-aspect-16-9 wp-has-aspect-ratio\"><div class=\"wp-block-embed__wrapper\"> <iframe loading=\"lazy\" title=\"M\u00e1y lo\u1ea1i b\u1ecf t\u1ea1p ch\u1ea5t \/ t\u00e1ch \u0111\u00e1 g\u1ea1o \/ lo\u1ea1i b\u1ecf c\u1ecf, b\u00f9n, th\u00e2n kh\u00f4 kh\u1ecfi g\u1ea1o, l\u00faa m\u00ec\" width=\"500\" height=\"281\" src=\"https:\/\/www.youtube.com\/embed\/-BaB28ndhhc?start=3&#038;feature=oembed\" frameborder=\"0\" allow=\"accelerometer; autoplay; clipboard-write; encrypted-media; gyroscope; picture-in-picture; web-share\" referrerpolicy=\"strict-origin-when-cross-origin\" allowfullscreen><\/iframe> <\/div><figcaption class=\"wp-element-caption\">Video ho\u1ea1t \u0111\u1ed9ng c\u1ee7a m\u00e1y t\u00e1ch g\u1ea1o paddy<\/figcaption><\/figure>    <h2 class=\"wp-block-heading\">\u01afu \u0111i\u1ec3m c\u1ee7a m\u00e1y t\u00e1ch g\u1ea1o<\/h2>    <ul class=\"wp-block-list\"> <li>T\u1ef7 l\u1ec7 lo\u1ea1i b\u1ecf t\u1ea1p ch\u1ea5t cao: \u00e1p d\u1ee5ng c\u00f4ng ngh\u1ec7 ph\u00e2n lo\u1ea1i ti\u00ean ti\u1ebfn, c\u00f3 th\u1ec3 lo\u1ea1i b\u1ecf ho\u00e0n to\u00e0n \u0111\u00e1, s\u1ecfi v\u00e0 c\u00e1c t\u1ea1p ch\u1ea5t kh\u00e1c \u0111\u1ec3 \u0111\u1ea3m b\u1ea3o g\u1ea1o s\u1ea1ch v\u00e0 kh\u00f4ng c\u00f3 v\u1eadt th\u1ec3 l\u1ea1, n\u00e2ng cao ch\u1ea5t l\u01b0\u1ee3ng s\u1ea3n ph\u1ea9m.<\/li>    <li>V\u1eadn h\u00e0nh \u1ed5n \u0111\u1ecbnh: to\u00e0n b\u1ed9 m\u00e1y c\u00f3 c\u1ea5u tr\u00fac nh\u1ecf g\u1ecdn, h\u1ec7 th\u1ed1ng ngu\u1ed3n ch\u1ea1y tr\u01a1n tru, gi\u1ea3m rung \u0111\u1ed9ng v\u00e0 ti\u1ebfng \u1ed3n, n\u00e2ng cao \u0111\u1ed9 tin c\u1eady ho\u1ea1t \u0111\u1ed9ng.<\/li>    <li>C\u00f4ng su\u1ea5t x\u1eed l\u00fd m\u1ea1nh: c\u00f3 th\u1ec3 x\u1eed l\u00fd kho\u1ea3ng 1 t\u1ea5n g\u1ea1o m\u1ed7i gi\u1edd, ph\u00f9 h\u1ee3p cho c\u00e1c nh\u00e0 m\u00e1y ch\u1ebf bi\u1ebfn h\u1ea1t nh\u1ecf v\u00e0 v\u1eeba \u0111\u1ec3 \u0111\u00e1p \u1ee9ng nhu c\u1ea7u v\u1eadn h\u00e0nh li\u00ean t\u1ee5c hi\u1ec7u qu\u1ea3.<\/li>    <li>V\u1eadn h\u00e0nh d\u1ec5 d\u00e0ng v\u00e0 ti\u1ebft ki\u1ec7m n\u0103ng l\u01b0\u1ee3ng: d\u1ec5 s\u1eed d\u1ee5ng, quy tr\u00ecnh v\u1eadn h\u00e0nh \u0111\u01a1n gi\u1ea3n, gi\u1ea3m can thi\u1ec7p th\u1ee7 c\u00f4ng, ti\u1ebft ki\u1ec7m lao \u0111\u1ed9ng v\u00e0 chi ph\u00ed n\u0103ng l\u01b0\u1ee3ng.<\/li> <\/ul>    <figure class=\"wp-block-image aligncenter wp-image-2714\"><img loading=\"lazy\" decoding=\"async\" width=\"750\" height=\"760\" src=\"https:\/\/www.agriculture-machine.com\/wp-content\/uploads\/2019\/03\/rice-destoner-machine-4-1.jpg\" alt=\"m\u00e1y t\u00e1ch g\u1ea1o\" class=\"wp-image-2714\" srcset=\"https:\/\/www.agriculture-machine.com\/wp-content\/uploads\/2019\/03\/rice-destoner-machine-4-1.jpg 750w, https:\/\/www.agriculture-machine.com\/wp-content\/uploads\/2019\/03\/rice-destoner-machine-4-1-266x270.jpg 266w, https:\/\/www.agriculture-machine.com\/wp-content\/uploads\/2019\/03\/rice-destoner-machine-4-1-533x540.jpg 533w\" sizes=\"auto, (max-width: 750px) 100vw, 750px\" \/><figcaption class=\"wp-element-caption\">m\u00e1y t\u00e1ch g\u1ea1o<\/figcaption><\/figure>    <h2 class=\"wp-block-heading\">Th\u00f4ng s\u1ed1 k\u1ef9 thu\u1eadt c\u1ee7a m\u00e1y lo\u1ea1i b\u1ecf \u0111\u00e1 g\u1ea1o<\/h2>    <figure class=\"wp-block-table is-style-stripes\"><table><tbody><tr><td><strong><b>M\u1eabu<\/b><\/strong><\/td><td>SQ50<\/td><\/tr><tr><td>N\u0103ng su\u1ea5t<\/td><td>1t\/h<\/td><\/tr><tr><td>C\u00f4ng su\u1ea5t<\/td><td>2.2kw<\/td><\/tr><tr><td>K\u00edch th\u01b0\u1edbc<\/td><td>900*610*320mm<\/td><\/tr><tr><td>Tr\u1ecdng l\u01b0\u1ee3ng N.<\/td><td>86kg<\/td><\/tr><\/tbody><\/table><figcaption class=\"wp-element-caption\">Th\u00f4ng s\u1ed1 k\u1ef9 thu\u1eadt c\u1ee7a m\u00e1y t\u00e1ch g\u1ea1o l\u00faa m\u00ec<\/figcaption><\/figure>    <h2 class=\"wp-block-heading\">C\u1ea5u tr\u00fac ch\u00ednh c\u1ee7a m\u00e1y t\u00e1ch g\u1ea1o<\/h2>    <p>M\u00e1y lo\u1ea1i b\u1ecf \u0111\u00e1 g\u1ea1o ch\u1ee7 y\u1ebfu g\u1ed3m c\u00f3 l\u1ed7 tho\u00e1t \u0111\u00e1 l\u1edbn, l\u1ed7 tho\u00e1t t\u1ea1p ch\u1ea5t, l\u1ed7 tho\u00e1t g\u1ea1o s\u1ea1ch, l\u1ed7 tho\u00e1t \u0111\u00e1 nh\u1ecf, v\u00e0 ph\u1ec5u c\u1ea5p li\u1ec7u g\u1ea1o.<\/p>    <figure class=\"wp-block-image aligncenter size-full\"><img loading=\"lazy\" decoding=\"async\" width=\"720\" height=\"540\" src=\"https:\/\/www.agriculture-machine.com\/wp-content\/uploads\/2019\/03\/paddy-rice-stone-removing-machine.webp\" alt=\"m\u00e1y lo\u1ea1i b\u1ecf \u0111\u00e1 g\u1ea1o paddy\" class=\"wp-image-17057\" srcset=\"https:\/\/www.agriculture-machine.com\/wp-content\/uploads\/2019\/03\/paddy-rice-stone-removing-machine.webp 720w, https:\/\/www.agriculture-machine.com\/wp-content\/uploads\/2019\/03\/paddy-rice-stone-removing-machine-360x270.webp 360w, https:\/\/www.agriculture-machine.com\/wp-content\/uploads\/2019\/03\/paddy-rice-stone-removing-machine-240x180.webp 240w, https:\/\/www.agriculture-machine.com\/wp-content\/uploads\/2019\/03\/paddy-rice-stone-removing-machine-16x12.webp 16w\" sizes=\"auto, (max-width: 720px) 100vw, 720px\" \/><figcaption class=\"wp-element-caption\">m\u00e1y lo\u1ea1i b\u1ecf \u0111\u00e1 g\u1ea1o paddy<\/figcaption><\/figure>    <figure class=\"wp-block-image aligncenter wp-image-5137 size-full\"><img loading=\"lazy\" decoding=\"async\" width=\"720\" height=\"481\" src=\"https:\/\/www.agriculture-machine.com\/wp-content\/uploads\/2019\/03\/rice-destoner-4.jpg\" alt=\" m\u00e1y lo\u1ea1i b\u1ecf \u0111\u00e1 kh\u1ecfi g\u1ea1o\" class=\"wp-image-5137\" srcset=\"https:\/\/www.agriculture-machine.com\/wp-content\/uploads\/2019\/03\/rice-destoner-4.jpg 720w, https:\/\/www.agriculture-machine.com\/wp-content\/uploads\/2019\/03\/rice-destoner-4-360x241.jpg 360w\" sizes=\"auto, (max-width: 720px) 100vw, 720px\" \/><figcaption class=\"wp-element-caption\">m\u00e1y lo\u1ea1i b\u1ecf \u0111\u00e1 kh\u1ecfi g\u1ea1o<\/figcaption><\/figure>    <figure class=\"wp-block-image aligncenter wp-image-5136 size-full\"><img loading=\"lazy\" decoding=\"async\" width=\"720\" height=\"481\" src=\"https:\/\/www.agriculture-machine.com\/wp-content\/uploads\/2019\/03\/rice-destoner-3.jpg\" alt=\"M\u00e0n h\u00ecnh c\u1ee7a m\u00e1y lo\u1ea1i b\u1ecf \u0111\u00e1 g\u1ea1o\" class=\"wp-image-5136\" srcset=\"https:\/\/www.agriculture-machine.com\/wp-content\/uploads\/2019\/03\/rice-destoner-3.jpg 720w, https:\/\/www.agriculture-machine.com\/wp-content\/uploads\/2019\/03\/rice-destoner-3-360x241.jpg 360w\" sizes=\"auto, (max-width: 720px) 100vw, 720px\" \/><figcaption class=\"wp-element-caption\">M\u00e0n h\u00ecnh c\u1ee7a m\u00e1y lo\u1ea1i b\u1ecf \u0111\u00e1 g\u1ea1o<\/figcaption><\/figure>    <h2 class=\"wp-block-heading\">Nguy\u00ean l\u00fd ho\u1ea1t \u0111\u1ed9ng c\u1ee7a m\u00e1y t\u00e1ch \u0111\u00e1 g\u1ea1o<\/h2>    <ol class=\"wp-block-list\"> <li>Ng\u01b0\u1eddi v\u1eadn h\u00e0nh th\u1ea3 g\u1ea1o ho\u1eb7c l\u00faa m\u00ec v\u00e0o ph\u1ec5u c\u1ea5p li\u1ec7u khi m\u00e1y t\u00e1ch g\u1ea1o b\u1eaft \u0111\u1ea7u ho\u1ea1t \u0111\u1ed9ng t\u1ea1i Nigeria.<\/li>    <li>\u0110\u1ed9ng c\u01a1 2.2kw cung c\u1ea5p n\u0103ng l\u01b0\u1ee3ng cho m\u00e1y, v\u00ec v\u1eady m\u00e0n h\u00ecnh \u0111i\u1ec7n t\u1eed lu\u00f4n rung.<\/li>    <li>\u0110\u00e1 di chuy\u1ec3n l\u00ean tr\u00ean, trong khi g\u1ea1o ho\u1eb7c l\u00faa m\u00ec ch\u1ea1y theo h\u01b0\u1edbng ng\u01b0\u1ee3c l\u1ea1i.<\/li>    <li>Sau v\u00e0i ph\u00fat, g\u1ea1o s\u1ea1ch, \u0111\u00e1 nh\u1ecf, \u0111\u00e1 l\u1edbn v\u00e0 c\u00e1c t\u1ea1p ch\u1ea5t kh\u00e1c \u0111i ra t\u1eeb c\u00e1c l\u1ed7 kh\u00e1c nhau.<\/li> <\/ol>    <figure class=\"wp-block-image aligncenter size-full\"><img loading=\"lazy\" decoding=\"async\" width=\"720\" height=\"540\" src=\"https:\/\/www.agriculture-machine.com\/wp-content\/uploads\/2019\/03\/rice-destoner-machine.webp\" alt=\"m\u00e1y t\u00e1ch g\u1ea1o\" class=\"wp-image-17058\" srcset=\"https:\/\/www.agriculture-machine.com\/wp-content\/uploads\/2019\/03\/rice-destoner-machine.webp 720w, https:\/\/www.agriculture-machine.com\/wp-content\/uploads\/2019\/03\/rice-destoner-machine-360x270.webp 360w, https:\/\/www.agriculture-machine.com\/wp-content\/uploads\/2019\/03\/rice-destoner-machine-240x180.webp 240w, https:\/\/www.agriculture-machine.com\/wp-content\/uploads\/2019\/03\/rice-destoner-machine-16x12.webp 16w\" sizes=\"auto, (max-width: 720px) 100vw, 720px\" \/><figcaption class=\"wp-element-caption\">m\u00e1y t\u00e1ch g\u1ea1o<\/figcaption><\/figure>    <figure class=\"wp-block-image aligncenter wp-image-5139 size-full\"><img loading=\"lazy\" decoding=\"async\" width=\"720\" height=\"480\" src=\"https:\/\/www.agriculture-machine.com\/wp-content\/uploads\/2019\/03\/rice-destoner-6.jpg\" alt=\" m\u00e1y lo\u1ea1i b\u1ecf \u0111\u00e1 kh\u1ecfi g\u1ea1o\" class=\"wp-image-5139\" srcset=\"https:\/\/www.agriculture-machine.com\/wp-content\/uploads\/2019\/03\/rice-destoner-6.jpg 720w, https:\/\/www.agriculture-machine.com\/wp-content\/uploads\/2019\/03\/rice-destoner-6-360x240.jpg 360w\" sizes=\"auto, (max-width: 720px) 100vw, 720px\" \/><figcaption class=\"wp-element-caption\">nguy\u00ean li\u1ec7u c\u1ee7a m\u00e1y lo\u1ea1i b\u1ecf \u0111\u00e1 g\u1ea1o<\/figcaption><\/figure>    <h2 class=\"wp-block-heading\">Ch\u1ee7 \u0111\u1ec1 c\u1ee7a m\u00e1y t\u00e1ch g\u1ea1o<\/h2>    <ol class=\"wp-block-list\"> <li>Tr\u01b0\u1edbc khi kh\u1edfi \u0111\u1ed9ng, c\u1ea7n ki\u1ec3m tra b\u1ec1 m\u1eb7t m\u00e0n h\u00ecnh, qu\u1ea1t v\u00e0 t\u1ea5t c\u1ea3 c\u00e1c \u1ed1c v\u00edt, v\u00e0 quay th\u1ee7 c\u00f4ng pully \u0111\u1ec3 x\u00e1c nh\u1eadn kh\u00f4ng c\u00f3 b\u1ea5t th\u01b0\u1eddng tr\u01b0\u1edbc khi b\u1eaft \u0111\u1ea7u m\u00e1y.<\/li>    <li>G\u00f3c nghi\u00eang c\u1ee7a m\u1eb7t s\u00e0ng c\u1ea7n gi\u1eef trong kho\u1ea3ng 10\u00b0-13\u00b0, qu\u00e1 l\u1edbn ho\u1eb7c qu\u00e1 nh\u1ecf s\u1ebd \u1ea3nh h\u01b0\u1edfng \u0111\u1ebfn hi\u1ec7u qu\u1ea3 t\u00e1ch \u0111\u00e1, c\u00f3 th\u1ec3 \u0111i\u1ec1u ch\u1ec9nh theo n\u1ed9i dung \u0111\u00e1.<\/li>    <li>Ph\u1ea3i c\u00f3 l\u01b0\u1ee3ng g\u1ea1o ph\u00f9 h\u1ee3p trong c\u1eeda c\u1ea5p li\u1ec7u \u0111\u1ec3 tr\u00e1nh t\u00e1c \u0111\u1ed9ng tr\u1ef1c ti\u1ebfp c\u1ee7a g\u1ea1o l\u00ean b\u1ec1 m\u1eb7t m\u00e0n h\u00ecnh, \u1ea3nh h\u01b0\u1edfng \u0111\u1ebfn tr\u1ea1ng th\u00e1i treo v\u00e0 t\u1ef7 l\u1ec7 t\u00e1ch \u0111\u00e1.<\/li>    <li>L\u01b0u l\u01b0\u1ee3ng kh\u00ed c\u1ea7n \u0111\u01b0\u1ee3c \u0111i\u1ec1u ch\u1ec9nh ph\u00f9 h\u1ee3p v\u1edbi chuy\u1ec3n \u0111\u1ed9ng c\u1ee7a g\u1ea1o tr\u00ean b\u1ec1 m\u1eb7t s\u00e0ng, n\u1ebfu qu\u00e1 m\u1ea1nh th\u00ec kh\u00ed qu\u00e1 l\u1edbn, kh\u00f4ng n\u1ed5i th\u00ec kh\u00ed qu\u00e1 nh\u1ecf.<\/li>    <li>C\u1eeda gi\u00f3, \u1ed1ng d\u1eabn kh\u00ed, l\u1ed7 l\u01b0\u1edbi c\u1ea7n \u0111\u01b0\u1ee3c gi\u1eef s\u1ea1ch, n\u1ebfu t\u1eafc ngh\u1ebdn c\u00f3 th\u1ec3 l\u00e0m s\u1ea1ch b\u1eb1ng b\u00e0n ch\u1ea3i kim lo\u1ea1i.<\/li>    <li>Qu\u00e1 tr\u00ecnh v\u1eadn h\u00e0nh c\u1ea7n lu\u00f4n quan s\u00e1t xem c\u00f2n \u0111\u00e1 trong g\u1ea1o \u0111\u00e3 th\u00e0nh ph\u1ea9m ch\u01b0a, v\u00e0 \u0111i\u1ec1u ch\u1ec9nh theo t\u00ecnh h\u00ecnh.<\/li>    <li>Thi\u1ebft b\u1ecb n\u00ean \u0111\u01b0\u1ee3c ki\u1ec3m tra \u0111\u1ecbnh k\u1ef3, v\u1ec7 sinh b\u1ea1c \u0111\u1ea1n v\u00e0 b\u1ed5 sung d\u1ea7u b\u00f4i tr\u01a1n, sau khi ki\u1ec3m tra, c\u1ea7n v\u1eadn h\u00e0nh tr\u1ed1ng \u0111\u1ec3 x\u00e1c nh\u1eadn kh\u00f4ng c\u00f3 l\u1ed7i n\u00e0o.<\/li> <\/ol>    <figure class=\"wp-block-image aligncenter wp-image-5141 size-full\"><img loading=\"lazy\" decoding=\"async\" width=\"720\" height=\"480\" src=\"https:\/\/www.agriculture-machine.com\/wp-content\/uploads\/2019\/03\/rice-destoner-8.jpg\" alt=\"G\u1ea1o ch\u1ea3y c\u1ee7a m\u00e1y lo\u1ea1i b\u1ecf \u0111\u00e1 g\u1ea1o\" class=\"wp-image-5141\" srcset=\"https:\/\/www.agriculture-machine.com\/wp-content\/uploads\/2019\/03\/rice-destoner-8.jpg 720w, https:\/\/www.agriculture-machine.com\/wp-content\/uploads\/2019\/03\/rice-destoner-8-360x240.jpg 360w\" sizes=\"auto, (max-width: 720px) 100vw, 720px\" \/><figcaption class=\"wp-element-caption\">G\u1ea1o ch\u1ea3y c\u1ee7a m\u00e1y lo\u1ea1i b\u1ecf \u0111\u00e1 g\u1ea1o<\/figcaption><\/figure>    <figure class=\"wp-block-image aligncenter wp-image-5142 size-full\"><img loading=\"lazy\" decoding=\"async\" width=\"720\" height=\"480\" src=\"https:\/\/www.agriculture-machine.com\/wp-content\/uploads\/2019\/03\/rice-destoner-9.jpg\" alt=\"G\u1ea1o ch\u1ea3y c\u1ee7a m\u00e1y lo\u1ea1i b\u1ecf \u0111\u00e1 g\u1ea1o\" class=\"wp-image-5142\" srcset=\"https:\/\/www.agriculture-machine.com\/wp-content\/uploads\/2019\/03\/rice-destoner-9.jpg 720w, https:\/\/www.agriculture-machine.com\/wp-content\/uploads\/2019\/03\/rice-destoner-9-360x240.jpg 360w\" sizes=\"auto, (max-width: 720px) 100vw, 720px\" \/><figcaption class=\"wp-element-caption\">G\u1ea1o ch\u1ea3y c\u1ee7a m\u00e1y lo\u1ea1i b\u1ecf \u0111\u00e1 g\u1ea1o<\/figcaption><\/figure>    <h2 class=\"wp-block-heading\">M\u00e1y xay x\u00e1t g\u1ea1o lo\u1ea1i b\u1ecf \u0111\u00e1 ti\u1ebft ki\u1ec7m chi ph\u00ed<\/h2>    <p>Ngo\u00e0i m\u00e1y t\u00e1ch \u0111\u00e1 ri\u00eang bi\u1ec7t, ch\u00fang t\u00f4i c\u00f2n cung c\u1ea5p m\u00e1y xay x\u00e1t v\u00e0 \u0111\u00e1nh b\u00f3ng g\u1ea1o. Thi\u1ebft b\u1ecb n\u00e0y c\u00f3 th\u1ec3 ho\u00e0n th\u00e0nh vi\u1ec7c lo\u1ea1i b\u1ecf t\u1ea1p ch\u1ea5t, t\u00e1ch \u0111\u00e1 v\u00e0 xay m\u1ecbn g\u1ea1o trong m\u1ed9t l\u1ea7n, gi\u00fap n\u00e2ng cao hi\u1ec7u qu\u1ea3 ch\u1ebf bi\u1ebfn v\u00e0 ti\u1ebft ki\u1ec7m nh\u00e2n c\u00f4ng, chi ph\u00ed m\u1eb7t b\u1eb1ng. Xem video b\u00ean d\u01b0\u1edbi \u0111\u1ec3 bi\u1ebft th\u00eam.<\/p>    <figure class=\"wp-block-embed aligncenter is-type-video is-provider-youtube wp-block-embed-youtube wp-embed-aspect-16-9 wp-has-aspect-ratio\"><div class=\"wp-block-embed__wrapper\"> <iframe loading=\"lazy\" title=\"M\u00e1y xay g\u1ea1o lo\u1ea1i b\u1ecf \u0111\u00e1 | M\u00e1y xay x\u00e1t g\u1ea1o truy\u1ec1n th\u1ed1ng &amp; hi\u1ec7u qu\u1ea3#ricemill #destoner\" width=\"500\" height=\"281\" src=\"https:\/\/www.youtube.com\/embed\/drwuNO_1Jrg?feature=oembed\" frameborder=\"0\" allow=\"accelerometer; autoplay; clipboard-write; encrypted-media; gyroscope; picture-in-picture; web-share\" referrerpolicy=\"strict-origin-when-cross-origin\" allowfullscreen><\/iframe> <\/div><figcaption class=\"wp-element-caption\">Video ho\u1ea1t \u0111\u1ed9ng c\u1ee7a m\u00e1y t\u00e1ch \u0111\u00e1 v\u00e0 xay x\u00e1t g\u1ea1o<\/figcaption><\/figure>    <h2 class=\"wp-block-heading\">Tr\u01b0\u1eddng h\u1ee3p th\u00e0nh c\u00f4ng c\u1ee7a m\u00e1y t\u00e1ch g\u1ea1o<\/h2>    <p>Kh\u00e1ch h\u00e0ng c\u1ee7a ch\u00fang t\u00f4i t\u1eeb Nam Phi \u0111\u00e3 \u0111\u1eb7t mua 500 b\u1ed9 m\u00e1y t\u00e1ch h\u1ea1t g\u1ea1o t\u1eeb ch\u00fang t\u00f4i trong n\u0103m nay. Ch\u00fang t\u00f4i \u0111\u00e3 h\u1ee3p t\u00e1c nhi\u1ec1u l\u1ea7n v\u00e0 \u00f4ng \u1ea5y l\u00e0m vi\u1ec7c cho ch\u00ednh quy\u1ec1n \u0111\u1ecba ph\u01b0\u01a1ng. Do \u0111\u00f3, ch\u00fang t\u00f4i \u0111\u1eb7c bi\u1ec7t coi tr\u1ecdng m\u00e1y t\u00e1ch g\u1ea1o n\u00e0y \u0111\u1ec3 l\u00e0m h\u00e0i l\u00f2ng \u00f4ng \u1ea5y.<\/p>    <p>Ch\u00fang t\u00f4i ho\u00e0n th\u00e0nh t\u1ea5t c\u1ea3 c\u00e1c m\u00e1y trong v\u00f2ng m\u1ed9t th\u00e1ng v\u00e0 \u0111\u00f3ng g\u00f3i c\u1ea9n th\u1eadn \u0111\u1ec3 tr\u00e1nh tai n\u1ea1n trong qu\u00e1 tr\u00ecnh v\u1eadn chuy\u1ec3n. Cho \u0111\u1ebfn nay, \u00f4ng \u1ea5y \u0111\u00e3 nh\u1eadn \u0111\u01b0\u1ee3c m\u00e1y v\u00e0 ph\u1ea3n h\u1ed3i t\u00edch c\u1ef1c.<\/p>    <figure class=\"wp-block-image aligncenter wp-image-5143 size-full\"><img loading=\"lazy\" decoding=\"async\" width=\"720\" height=\"336\" src=\"https:\/\/www.agriculture-machine.com\/wp-content\/uploads\/2019\/03\/rice-destoner-10.jpg\" alt=\"m\u00e1y t\u00e1ch g\u1ea1o\" class=\"wp-image-5143\" srcset=\"https:\/\/www.agriculture-machine.com\/wp-content\/uploads\/2019\/03\/rice-destoner-10.jpg 720w, https:\/\/www.agriculture-machine.com\/wp-content\/uploads\/2019\/03\/rice-destoner-10-360x168.jpg 360w\" sizes=\"auto, (max-width: 720px) 100vw, 720px\" \/><figcaption class=\"wp-element-caption\">m\u00e1y t\u00e1ch g\u1ea1o trong nh\u00e0 m\u00e1y<\/figcaption><\/figure>    <h2 class=\"wp-block-heading\">C\u00e2u h\u1ecfi th\u01b0\u1eddng g\u1eb7p<\/h2>   <div id=\"rank-math-faq\" class=\"rank-math-block\"> <div class=\"rank-math-list\"> <div id=\"faq-question-1709540476318\" class=\"rank-math-list-item\"> <h3 class=\"rank-math-question\">Nguy\u00ean li\u1ec7u c\u1ee7a m\u00e1y t\u00e1ch g\u1ea1o l\u00e0 g\u00ec?<\/h3> <div class=\"rank-math-answer\">  <p class=\"translation-block\">Nguy\u00ean li\u1ec7u l\u00e0 g\u1ea1o v\u00e0 <a href=\"https:\/\/en.wikipedia.org\/wiki\/Wheat\" target=\"_blank\" rel=\"noopener\">l\u00faa m\u00ec<\/a>.<\/p>  <\/div> <\/div> <div id=\"faq-question-1709540480518\" class=\"rank-math-list-item\"> <h3 class=\"rank-math-question\">T\u1ef7 l\u1ec7 l\u00e0m s\u1ea1ch l\u00e0 g\u00ec?<\/h3> <div class=\"rank-math-answer\">  <p>T\u1ef7 l\u1ec7 l\u00e0m s\u1ea1ch \u0111\u1ea1t 98%, ngh\u0129a l\u00e0 h\u1ea1t cu\u1ed1i c\u00f9ng r\u1ea5t s\u1ea1ch.<\/p>  <\/div> <\/div> <div id=\"faq-question-1709540492534\" class=\"rank-math-list-item\"> <h3 class=\"rank-math-question\">T\u1ea1i sao g\u1ea1o cu\u1ed1i c\u00f9ng ch\u1ee9a \u00edt \u0111\u00e1?<\/h3> <div class=\"rank-math-answer\">  <p>L\u01b0u l\u01b0\u1ee3ng kh\u00ed nh\u1ecf v\u00e0 c\u1ea7n \u0111i\u1ec1u ch\u1ec9nh k\u1ecbp th\u1eddi.<\/p>  <\/div> <\/div> <\/div> <\/div>   <h2 class=\"wp-block-heading\">Li\u00ean h\u1ec7 v\u1edbi ch\u00fang t\u00f4i b\u1ea5t c\u1ee9 l\u00fac n\u00e0o<\/h2>    <p class=\"translation-block\">N\u1ebfu b\u1ea1n quan t\u00e2m \u0111\u1ebfn m\u00e1y lo\u1ea1i b\u1ecf \u0111\u00e1 c\u1ee7a ch\u00fang t\u00f4i ho\u1eb7c c\u00f3 b\u1ea5t k\u1ef3 c\u00e2u h\u1ecfi li\u00ean quan n\u00e0o, vui l\u00f2ng li\u00ean h\u1ec7 \u0111\u1ec3 bi\u1ebft th\u00eam th\u00f4ng tin! N\u1ebfu b\u1ea1n quan t\u00e2m \u0111\u1ebfn ch\u1ebf bi\u1ebfn g\u1ea1o, c\u00f3 th\u1ec3 tham kh\u1ea3o: <a href=\"https:\/\/www.agriculture-machine.com\/vi\/rice-milling-plant-machine\/\"><strong><em>Nh\u00e0 m\u00e1y xay x\u00e1t g\u1ea1o<\/em><\/strong><\/a>.<\/p>    <p>Ch\u00fang t\u00f4i ch\u00e2n th\u00e0nh m\u1eddi b\u1ea1n \u0111\u1ebfn th\u0103m nh\u00e0 m\u00e1y c\u1ee7a ch\u00fang t\u00f4i \u0111\u1ec3 ch\u1ee9ng ki\u1ebfn ch\u1ea5t l\u01b0\u1ee3ng s\u1ea3n ph\u1ea9m v\u00e0 quy tr\u00ecnh, c\u0169ng nh\u01b0 tr\u1ea3i nghi\u1ec7m hi\u1ec7u su\u1ea5t ho\u1ea1t \u0111\u1ed9ng th\u1ef1c t\u1ebf c\u1ee7a s\u1ea3n ph\u1ea9m. Ch\u00fang t\u00f4i mong \u0111\u01b0\u1ee3c h\u1ee3p t\u00e1c c\u00f9ng b\u1ea1n!<\/p>","protected":false},"excerpt":{"rendered":"<p>M\u00e1y t\u00e1ch g\u1ea1o s\u1eed d\u1ee5ng c\u00f4ng ngh\u1ec7 ph\u00e2n lo\u1ea1i tr\u1ecdng l\u01b0\u1ee3ng ri\u00eang v\u00e0 d\u00f2ng kh\u00ed \u0111\u1ec3 t\u00e1ch hi\u1ec7u qu\u1ea3 t\u1ea1p ch\u1ea5t \u0111\u00e1 v\u00e0 g\u1ea1o.<\/p>","protected":false},"author":1,"featured_media":2714,"parent":0,"comment_status":"closed","ping_status":"closed","template":"","tags":[796,158],"product-type":[907],"class_list":["post-2712","product","type-product","status-publish","has-post-thumbnail","hentry","tag-rice","tag-wheat","product-type-paddy-rice-destoner"],"_links":{"self":[{"href":"https:\/\/www.agriculture-machine.com\/vi\/wp-json\/wp\/v2\/product\/2712","targetHints":{"allow":["GET"]}}],"collection":[{"href":"https:\/\/www.agriculture-machine.com\/vi\/wp-json\/wp\/v2\/product"}],"about":[{"href":"https:\/\/www.agriculture-machine.com\/vi\/wp-json\/wp\/v2\/types\/product"}],"author":[{"embeddable":true,"href":"https:\/\/www.agriculture-machine.com\/vi\/wp-json\/wp\/v2\/users\/1"}],"replies":[{"embeddable":true,"href":"https:\/\/www.agriculture-machine.com\/vi\/wp-json\/wp\/v2\/comments?post=2712"}],"wp:featuredmedia":[{"embeddable":true,"href":"https:\/\/www.agriculture-machine.com\/vi\/wp-json\/wp\/v2\/media\/2714"}],"wp:attachment":[{"href":"https:\/\/www.agriculture-machine.com\/vi\/wp-json\/wp\/v2\/media?parent=2712"}],"wp:term":[{"taxonomy":"post_tag","embeddable":true,"href":"https:\/\/www.agriculture-machine.com\/vi\/wp-json\/wp\/v2\/tags?post=2712"},{"taxonomy":"product-type","embeddable":true,"href":"https:\/\/www.agriculture-machine.com\/vi\/wp-json\/wp\/v2\/product-type?post=2712"}],"curies":[{"name":"wp","href":"https:\/\/api.w.org\/{rel}","templated":true}]}}