{"id":3374,"date":"2019-04-28T03:32:40","date_gmt":"2019-04-27T19:32:40","guid":{"rendered":"https:\/\/www.agriculture-machine.com\/?p=3374"},"modified":"2026-02-27T17:12:18","modified_gmt":"2026-02-27T09:12:18","slug":"big-size-corn-sheller-machine-for-sale-corn-thresher-shelling-corn-maize","status":"publish","type":"product","link":"https:\/\/www.agriculture-machine.com\/vi\/big-size-corn-sheller-machine-for-sale-corn-thresher-shelling-corn-maize\/","title":{"rendered":"M\u00e1y b\u00f3c v\u1ecf ng\u00f4 l\u1edbn \u0111\u1ec3 b\u00e1n | M\u00e1y xay x\u00e1t ng\u00f4 | b\u00f3c v\u1ecf ng\u00f4 maize"},"content":{"rendered":"<p class=\"translation-block\">\u0110\u00e2y l\u00e0 m\u1ed9t m\u00e1y b\u00f3c v\u1ecf ng\u00f4 si\u00eau l\u1edbn  v\u00e0 m\u1ed9t m\u00e1y c\u00f3 th\u1ec3 ph\u1ee5c v\u1ee5 cho c\u1ea3 m\u1ed9t l\u00e0ng, ph\u00f9 h\u1ee3p v\u1edbi m\u00e1y k\u00e9o 28-35 m\u00e3 l\u1ef1c, n\u00ean d\u1ec5 v\u1eadn h\u00e0nh.<\/p>   <p><iframe loading=\"lazy\" title=\"M\u00e1y b\u00f3c v\u1ecf v\u00e0 nghi\u1ec1n ng\u00f4 si\u00eau l\u1edbn c\u00f4ng su\u1ea5t 12 t\u1ea5n m\u1ed7i gi\u1edd\" width=\"500\" height=\"281\" src=\"https:\/\/www.youtube.com\/embed\/x3JAf3rrtdA?start=31&#038;feature=oembed\" frameborder=\"0\" allow=\"accelerometer; autoplay; clipboard-write; encrypted-media; gyroscope; picture-in-picture; web-share\" referrerpolicy=\"strict-origin-when-cross-origin\" allowfullscreen><\/iframe><\/p>    <h2 class=\"wp-block-heading\"><strong><b>&nbsp;<\/b><\/strong><strong><b>C\u1ea5u tr\u00fac ch\u00ednh c\u1ee7a <\/b><\/strong>m\u00e1y t\u00e1ch h\u1ea1t ng\u00f4<\/h2>    <p>M\u00e1y b\u00f3c v\u1ecf ng\u00f4 n\u00e0y ch\u1ee7 y\u1ebfu g\u1ed3m c\u00e1c ph\u1ea7n thu th\u1eadp, v\u1eadn chuy\u1ec3n, xay x\u00e1t, t\u00e1ch v\u00e0 l\u00e0m s\u1ea1ch, v\u00e0 ph\u1ea7n ph\u1ee5 tr\u1ee3.<\/p>    <ul class=\"wp-block-list\"> <li>Ph\u1ea7n thu gom: thu th\u1eadp l\u00f5i ng\u00f4 \u0111\u00e3 \u0111\u01b0\u1ee3c l\u00e0m kh\u00f4 ban \u0111\u1ea7u<\/li>    <li>Ph\u1ea7n v\u1eadn chuy\u1ec3n: v\u1eadn chuy\u1ec3n b\u1eafp ng\u00f4 thu th\u1eadp \u0111\u01b0\u1ee3c \u0111\u1ebfn ph\u1ea7n xay x\u00e1t.<\/li>    <li>Ph\u1ea7n x\u00e1t: t\u00e1ch h\u1ea1t ng\u00f4 v\u00e0 l\u00f5i ng\u00f4<\/li>    <li>Ph\u1ea7n t\u00e1ch v\u00e0 l\u00e0m s\u1ea1ch: t\u00e1ch c\u00e1c t\u1ea1p ch\u1ea5t kh\u00e1c b\u00ean trong h\u1ea1t ng\u00f4 m\u1ed9t l\u1ea7n n\u1eefa.<\/li>    <li>Ph\u1ea7n ph\u1ee5 tr\u1ee3: bao g\u1ed3m c\u00e1c thi\u1ebft b\u1ecb ly h\u1ee3p, thi\u1ebft b\u1ecb truy\u1ec1n \u0111\u1ed9ng, thi\u1ebft b\u1ecb an to\u00e0n, v.v.<\/li> <\/ul>    <figure class=\"wp-block-image aligncenter wp-image-6501 size-full\"><img loading=\"lazy\" decoding=\"async\" width=\"750\" height=\"792\" src=\"https:\/\/www.agriculture-machine.com\/wp-content\/uploads\/2019\/04\/corn-sheller.jpg\" alt=\"m\u00e1y t\u00e1ch v\u1ecf ng\u00f4\" class=\"wp-image-6501\" srcset=\"https:\/\/www.agriculture-machine.com\/wp-content\/uploads\/2019\/04\/corn-sheller.jpg 750w, https:\/\/www.agriculture-machine.com\/wp-content\/uploads\/2019\/04\/corn-sheller-256x270.jpg 256w, https:\/\/www.agriculture-machine.com\/wp-content\/uploads\/2019\/04\/corn-sheller-511x540.jpg 511w\" sizes=\"auto, (max-width: 750px) 100vw, 750px\" \/><figcaption class=\"wp-element-caption\">m\u00e1y t\u00e1ch v\u1ecf ng\u00f4<\/figcaption><\/figure>    <figure class=\"wp-block-image aligncenter wp-image-3376\"><img loading=\"lazy\" decoding=\"async\" width=\"760\" height=\"760\" src=\"https:\/\/www.agriculture-machine.com\/wp-content\/uploads\/2019\/04\/1-1.jpg\" alt=\"m\u00e1y t\u00e1ch h\u1ea1t ng\u00f4\" class=\"wp-image-3376\" srcset=\"https:\/\/www.agriculture-machine.com\/wp-content\/uploads\/2019\/04\/1-1.jpg 760w, https:\/\/www.agriculture-machine.com\/wp-content\/uploads\/2019\/04\/1-1-270x270.jpg 270w, https:\/\/www.agriculture-machine.com\/wp-content\/uploads\/2019\/04\/1-1-540x540.jpg 540w\" sizes=\"auto, (max-width: 760px) 100vw, 760px\" \/><figcaption class=\"wp-element-caption\">m\u00e1y t\u00e1ch h\u1ea1t ng\u00f4<\/figcaption><\/figure>    <h2 class=\"wp-block-heading\">Th\u00f4ng s\u1ed1 k\u1ef9 thu\u1eadt c\u1ee7a m\u00e1y t\u00e1ch h\u1ea1t ng\u00f4<\/h2>    <figure class=\"wp-block-table\"><table class=\"has-fixed-layout\"><tbody><tr><td>M\u1eabu<\/td><td>9TY-900<\/td><\/tr><tr><td>C\u00f4ng su\u1ea5t<\/td><td>m\u00e1y k\u00e9o 28-35 m\u00e3 l\u1ef1c<\/td><\/tr><tr><td>Dung t\u00edch<\/td><td>10-12 t\u1ea5n\/h<\/td><\/tr><tr><td>Tr\u1ecdng l\u01b0\u1ee3ng<\/td><td>2000kg<\/td><\/tr><tr><td>K\u00edch th\u01b0\u1edbc<\/td><td>5500*1550*2100 mm<\/td><\/tr><\/tbody><\/table><\/figure>    <h2 class=\"wp-block-heading\">\u01afu \u0111i\u1ec3m c\u1ee7a m\u00e1y t\u00e1ch h\u1ea1t ng\u00f4<\/h2>    <ol class=\"wp-block-list\"> <li>N\u00f3 c\u00f3 m\u1ed9t hopper c\u1ea5p li\u1ec7u t\u1ef1 \u0111\u1ed9ng, n\u00e2ng cao hi\u1ec7u qu\u1ea3 l\u00e0m vi\u1ec7c.<\/li>    <li>C\u00f4ng su\u1ea5t cao. C\u00f4ng su\u1ea5t c\u1ee7a n\u00f3 l\u00e0 10-12 t\u1ea5n\/h.<\/li>    <li>Ng\u01b0\u1eddi d\u00f9ng c\u00f3 th\u1ec3 ng\u1ed3i xu\u1ed1ng \u0111\u1ec3 v\u1eadn h\u00e0nh, ti\u1ebft ki\u1ec7m nhi\u1ec1u n\u0103ng l\u01b0\u1ee3ng.<\/li>    <li>C\u1ed5ng tho\u00e1t \u1edf ph\u00eda sau c\u1ee7a m\u00e1y lu\u00f4n k\u1ebft n\u1ed1i v\u1edbi m\u1ed9t t\u00fai l\u1edbn gi\u00fap tr\u00e1nh b\u1ee5i v\u00e0 c\u00e1c t\u1ea1p ch\u1ea5t kh\u00e1c bay quanh kh\u00f4ng kh\u00ed.<\/li>    <li>Ph\u1ea7n rung c\u00f3 kh\u1ea3 n\u0103ng t\u00e1ch ho\u00e0n to\u00e0n h\u1ea1t ng\u00f4 kh\u1ecfi l\u00f5i ng\u00f4 nghi\u1ec1n r\u01a1i xu\u1ed1ng t\u1eeb h\u01b0\u1edbng \u0111\u1ed1i di\u1ec7n.<\/li>    <li>Thi\u1ebft k\u1ebf \u0111\u1eb7c bi\u1ec7t, hai l\u1ed7 \u0111\u1ec3 x\u1ea3 l\u00f5i ng\u00f4 nghi\u1ec1n, c\u1ea3i thi\u1ec7n \u0111\u00e1ng k\u1ec3 t\u1ef7 l\u1ec7 l\u00e0m s\u1ea1ch.<\/li>    <li>C\u00f3 m\u1ed9t l\u1ed7 nh\u1ecf \u0111\u1ec3 x\u1ea3 c\u00e1c h\u1ea1t ng\u00f4 nghi\u1ec1n, c\u00f3 th\u1ec3 d\u00f9ng \u0111\u1ec3 cho gia s\u00fac \u0103n.<\/li> <\/ol>    <figure class=\"wp-block-image alignnone wp-image-6502 size-full\"><img loading=\"lazy\" decoding=\"async\" width=\"750\" height=\"1467\" src=\"https:\/\/www.agriculture-machine.com\/wp-content\/uploads\/2019\/04\/corn-shelling-machine-.jpg\" alt=\"m\u00e1y t\u00e1ch v\u1ecf ng\u00f4\" class=\"wp-image-6502\" srcset=\"https:\/\/www.agriculture-machine.com\/wp-content\/uploads\/2019\/04\/corn-shelling-machine-.jpg 750w, https:\/\/www.agriculture-machine.com\/wp-content\/uploads\/2019\/04\/corn-shelling-machine--138x270.jpg 138w, https:\/\/www.agriculture-machine.com\/wp-content\/uploads\/2019\/04\/corn-shelling-machine--276x540.jpg 276w\" sizes=\"auto, (max-width: 750px) 100vw, 750px\" \/><figcaption class=\"wp-element-caption\">m\u00e1y t\u00e1ch v\u1ecf ng\u00f4<\/figcaption><\/figure>    <h2 class=\"wp-block-heading\">C\u00e2u h\u1ecfi th\u01b0\u1eddng g\u1eb7p v\u1ec1 m\u00e1y t\u00e1ch h\u1ea1t ng\u00f4<\/h2>   <div id=\"rank-math-faq\" class=\"rank-math-block\"> <div class=\"rank-math-list\"> <div id=\"faq-question-1772096703108\" class=\"rank-math-list-item\"> <h3 class=\"rank-math-question\">T\u00f4i c\u00f3 c\u1ea7n m\u1ed9t chi\u1ebfc m\u00e1y k\u00e9o kh\u00f4ng?<\/h3> <div class=\"rank-math-answer\">  <p>V\u00e2ng, t\u1ea5t nhi\u00ean, m\u00e1y k\u00e9o 28-35 m\u00e3 l\u1ef1c.<\/p>  <\/div> <\/div> <div id=\"faq-question-1772096710749\" class=\"rank-math-list-item\"> <h3 class=\"rank-math-question\">C\u00f4ng su\u1ea5t c\u1ee7a m\u00e1y xay x\u00e1t ng\u00f4 n\u00e0y l\u00e0 bao nhi\u00eau?<\/h3> <div class=\"rank-math-answer\">  <p>10-12 t\u1ea5n \/ gi\u1edd.<\/p>  <\/div> <\/div> <div id=\"faq-question-1772096728053\" class=\"rank-math-list-item\"> <h3 class=\"rank-math-question\">M\u00e1y b\u00f3c v\u1ecf ng\u00f4 n\u00e0y ch\u1ec9 d\u00e0nh cho ng\u00f4 hay kh\u00f4ng?<\/h3> <div class=\"rank-math-answer\">  <p>V\u00e2ng, n\u00f3 ch\u1ec9 d\u00e0nh \u0111\u1ec3 x\u00e1t ng\u00f4.<\/p>  <\/div> <\/div> <div id=\"faq-question-1772096736518\" class=\"rank-math-list-item\"> <h3 class=\"rank-math-question\">B\u1ea1n c\u00f3 c\u00e1i kh\u00e1c <a href=\"https:\/\/www.agriculture-machine.com\/vi\/maize-sheller\/\"><strong>m\u00e1y b\u00f3c v\u1ecf ng\u00f4 nh\u1ecf<\/strong><\/a>?<\/h3> <div class=\"rank-math-answer\">  <p>V\u00e2ng, t\u1ea5t nhi\u00ean, ch\u00fang t\u00f4i c\u0169ng c\u00f3 c\u00e1c lo\u1ea1i m\u00e1y b\u00f3c v\u1ecf ng\u00f4 kh\u00e1c.<\/p>  <\/div> <\/div> <\/div> <\/div>","protected":false},"excerpt":{"rendered":"<p>\u0110\u00e2y l\u00e0 m\u1ed9t m\u00e1y t\u00e1ch h\u1ea1t ng\u00f4 si\u00eau l\u1edbn v\u00e0 m\u1ed9t m\u00e1y c\u00f3 th\u1ec3 ph\u1ee5c v\u1ee5 cho c\u1ea3 m\u1ed9t l\u00e0ng, ph\u00f9 h\u1ee3p v\u1edbi m\u00e1y k\u00e9o 28-35 m\u00e3 l\u1ef1c, n\u00ean d\u1ec5 v\u1eadn h\u00e0nh.<\/p>","protected":false},"author":1,"featured_media":3383,"parent":0,"comment_status":"closed","ping_status":"closed","template":"","tags":[2619],"product-type":[893],"class_list":["post-3374","product","type-product","status-publish","has-post-thumbnail","hentry","tag-sheller","product-type-corn-thresher"],"_links":{"self":[{"href":"https:\/\/www.agriculture-machine.com\/vi\/wp-json\/wp\/v2\/product\/3374","targetHints":{"allow":["GET"]}}],"collection":[{"href":"https:\/\/www.agriculture-machine.com\/vi\/wp-json\/wp\/v2\/product"}],"about":[{"href":"https:\/\/www.agriculture-machine.com\/vi\/wp-json\/wp\/v2\/types\/product"}],"author":[{"embeddable":true,"href":"https:\/\/www.agriculture-machine.com\/vi\/wp-json\/wp\/v2\/users\/1"}],"replies":[{"embeddable":true,"href":"https:\/\/www.agriculture-machine.com\/vi\/wp-json\/wp\/v2\/comments?post=3374"}],"wp:featuredmedia":[{"embeddable":true,"href":"https:\/\/www.agriculture-machine.com\/vi\/wp-json\/wp\/v2\/media\/3383"}],"wp:attachment":[{"href":"https:\/\/www.agriculture-machine.com\/vi\/wp-json\/wp\/v2\/media?parent=3374"}],"wp:term":[{"taxonomy":"post_tag","embeddable":true,"href":"https:\/\/www.agriculture-machine.com\/vi\/wp-json\/wp\/v2\/tags?post=3374"},{"taxonomy":"product-type","embeddable":true,"href":"https:\/\/www.agriculture-machine.com\/vi\/wp-json\/wp\/v2\/product-type?post=3374"}],"curies":[{"name":"wp","href":"https:\/\/api.w.org\/{rel}","templated":true}]}}