{"id":3502,"date":"2019-05-04T05:53:46","date_gmt":"2019-05-03T21:53:46","guid":{"rendered":"https:\/\/www.agriculture-machine.com\/?p=3502"},"modified":"2024-09-23T11:25:52","modified_gmt":"2024-09-23T03:25:52","slug":"high-capacity-beans-peeling-peeler-machine","status":"publish","type":"product","link":"https:\/\/www.agriculture-machine.com\/vi\/high-capacity-beans-peeling-peeler-machine\/","title":{"rendered":"M\u00e1y b\u00f3c v\u1ecf \u0111\u1eadu n\u00e0nh c\u00f4ng su\u1ea5t cao"},"content":{"rendered":"<p class=\"translation-block\">D\u00f2ng TK-300 <a href=\"https:\/\/www.agriculture-machine.com\/vi\/bean-peeling-machine-green-bean-peeler\/\"><strong>m\u00e1y g\u1ecdt v\u1ecf \u0111\u1eadu<\/strong><\/a> l\u00e0 s\u1ea3n ph\u1ea9m m\u1edbi do nh\u00e0 m\u00e1y c\u1ee7a ch\u00fang t\u00f4i thi\u1ebft k\u1ebf, ph\u00f9 h\u1ee3p \u0111\u1ec3 g\u1ecdt v\u1ecf \u0111\u1eadu broad, \u0111\u1eadu n\u00e0nh, \u0111\u1eadu H\u00e0 Lan, v.v. <\/p>    <p>M\u00e1y n\u00e0y s\u1eed d\u1ee5ng \u0111\u0129a nghi\u1ec1n \u0111\u1eb7c bi\u1ec7t \u0111\u1ec3 g\u1ecdt v\u1ecf, v\u00e0 khe h\u1edf c\u00f3 th\u1ec3 \u0111i\u1ec1u ch\u1ec9nh theo k\u00edch th\u01b0\u1edbc c\u1ee7a \u0111\u1eadu, m\u1edf r\u1ed9ng tu\u1ed5i th\u1ecd, v\u00e0 mang l\u1ea1i hi\u1ec7u qu\u1ea3 g\u1ecdt v\u1ecf xu\u1ea5t s\u1eafc.<\/p>    <p>C\u00f9ng l\u00fac \u0111\u00f3, m\u00e1y t\u00e1ch v\u1ecf \u0111\u1eadu \u0111\u01b0\u1ee3c s\u1eed d\u1ee5ng \u0111\u1ec3 t\u00e1ch v\u1ecf \u0111\u1eadu v\u00e0 h\u1ea1t \u0111\u1eadu. N\u00f3 kh\u00f4ng ch\u1ec9 gi\u1ea3m t\u1ef7 l\u1ec7 v\u1ee1 m\u00e0 c\u00f2n c\u1ea3i thi\u1ec7n ch\u1ea5t l\u01b0\u1ee3ng c\u1ee7a s\u1ea3n ph\u1ea9m ho\u00e0n ch\u1ec9nh.<\/p>    <figure class=\"wp-block-image aligncenter is-resized\"><img loading=\"lazy\" decoding=\"async\" width=\"600\" height=\"500\" src=\"https:\/\/www.agriculture-machine.com\/wp-content\/uploads\/2019\/05\/beans-peeling-machine-2.jpg\" alt=\"\" class=\"wp-image-3504\" srcset=\"https:\/\/www.agriculture-machine.com\/wp-content\/uploads\/2019\/05\/beans-peeling-machine-2.jpg 600w, https:\/\/www.agriculture-machine.com\/wp-content\/uploads\/2019\/05\/beans-peeling-machine-2-324x270.jpg 324w\" sizes=\"auto, (max-width: 600px) 100vw, 600px\" \/><\/figure>    <figure class=\"wp-block-image aligncenter\"><img loading=\"lazy\" decoding=\"async\" width=\"600\" height=\"500\" src=\"https:\/\/www.agriculture-machine.com\/wp-content\/uploads\/2019\/05\/beans-peeling-machine-1.jpg\" alt=\"\" class=\"wp-image-3503\" srcset=\"https:\/\/www.agriculture-machine.com\/wp-content\/uploads\/2019\/05\/beans-peeling-machine-1.jpg 600w, https:\/\/www.agriculture-machine.com\/wp-content\/uploads\/2019\/05\/beans-peeling-machine-1-324x270.jpg 324w\" sizes=\"auto, (max-width: 600px) 100vw, 600px\" \/><\/figure>    <h2 class=\"wp-block-heading\" id=\"h-technical-parameter-of-beans-peeling-machine\">Th\u00f4ng s\u1ed1 k\u1ef9 thu\u1eadt c\u1ee7a m\u00e1y g\u1ecdt v\u1ecf \u0111\u1eadu<\/h2>    <figure class=\"wp-block-table is-style-stripes\"><table><tbody><tr><td>C\u00f4ng su\u1ea5t<\/td><td>\u0110\u1ed9ng c\u01a1 0.55-1.5kw<\/td><\/tr><tr><td>\u0110\u01b0\u1eddng k\u00ednh c\u1ee7a \u0111\u0129a<\/td><td>300mm<\/td><\/tr><tr><td>T\u1ef7 l\u1ec7 g\u1ecdt v\u1ecf<\/td><td>95%-98%<\/td><\/tr><tr><td>T\u1ef7 l\u1ec7 t\u00e1ch<\/td><td>95% -98%<\/td><\/tr><tr><td>Dung t\u00edch<\/td><td>200-300kg\/h<\/td><\/tr><tr><td>Tr\u1ecdng l\u01b0\u1ee3ng t\u1ecbnh<\/td><td>150KG<\/td><\/tr><tr><td>K\u00edch th\u01b0\u1edbc<\/td><td>400*1400*1300mm<\/td><\/tr><\/tbody><\/table><figcaption class=\"wp-element-caption\">Th\u00f4ng s\u1ed1 k\u1ef9 thu\u1eadt c\u1ee7a m\u00e1y g\u1ecdt v\u1ecf \u0111\u1eadu<\/figcaption><\/figure>    <h2 class=\"wp-block-heading\" id=\"h-working-principle-of-beans-peeling-machine\">Nguy\u00ean l\u00fd ho\u1ea1t \u0111\u1ed9ng c\u1ee7a m\u00e1y g\u1ecdt v\u1ecf \u0111\u1eadu<\/h2>    <p>H\u1ea1t \u0111\u1eadu \u0111\u01b0\u1ee3c l\u1ea5y v\u1ecf b\u1eb1ng \u0111\u0129a nghi\u1ec1n. H\u1ed7n h\u1ee3p c\u1ee7a h\u1ea1t v\u00e0 v\u1ecf \u0111i v\u00e0o b\u1ed9 l\u1ecdc \u0111\u1ec3 lo\u1ea1i b\u1ecf c\u00e1c b\u1ed9t kh\u00e1c sau \u0111\u00f3 b\u1ecb h\u00fat l\u00ean b\u1edfi qu\u1ea1t.<\/p>    <figure class=\"wp-block-image aligncenter\"><img loading=\"lazy\" decoding=\"async\" width=\"600\" height=\"500\" src=\"https:\/\/www.agriculture-machine.com\/wp-content\/uploads\/2019\/05\/beans-peeling-machine-3.jpg\" alt=\"\" class=\"wp-image-3505\" srcset=\"https:\/\/www.agriculture-machine.com\/wp-content\/uploads\/2019\/05\/beans-peeling-machine-3.jpg 600w, https:\/\/www.agriculture-machine.com\/wp-content\/uploads\/2019\/05\/beans-peeling-machine-3-324x270.jpg 324w\" sizes=\"auto, (max-width: 600px) 100vw, 600px\" \/><\/figure>    <h2 class=\"wp-block-heading\" id=\"h-advantage-of-beans-peeling-machine\">\u01afu \u0111i\u1ec3m c\u1ee7a m\u00e1y g\u1ecdt v\u1ecf \u0111\u1eadu<\/h2>    <p>1. T\u1ef7 l\u1ec7 g\u1ecdt v\u1ecf v\u00e0 t\u00e1ch r\u1eddi cao. C\u1ea3 hai \u0111\u1ec1u t\u1eeb 95%-98%.<br>2. Kho\u1ea3ng c\u00e1ch c\u00f3 th\u1ec3 \u0111i\u1ec1u ch\u1ec9nh theo k\u00edch th\u01b0\u1edbc c\u1ee7a c\u00e1c nguy\u00ean li\u1ec7u kh\u00e1c nhau.<br>3. \u0110\u1eadu c\u00f3 th\u1ec3 \u0111\u01b0\u1ee3c chia \u0111\u1ec1u th\u00e0nh hai ph\u1ea7n b\u1eb1ng m\u00e1y g\u1ecdt v\u1ecf \u0111\u1eadu, dinh d\u01b0\u1ee1ng kh\u00f4ng gi\u1ea3m.<br>4. \u0110\u1eadu \u0111\u00e3 g\u1ecdt v\u1ecf mang l\u1ea1i h\u01b0\u01a1ng v\u1ecb ngon h\u01a1n, \u0111\u01b0\u1ee3c \u1ee9ng d\u1ee5ng r\u1ed9ng r\u00e3i trong ng\u00e0nh ch\u1ebf bi\u1ebfn th\u1ef1c ph\u1ea9m.<br>5. Kh\u00f4ng c\u00f3 \u0111\u1eadu b\u1ecb v\u1ee1 sau khi g\u1ecdt v\u1ecf.<\/p>    <figure class=\"wp-block-image aligncenter\"><img loading=\"lazy\" decoding=\"async\" width=\"600\" height=\"500\" src=\"https:\/\/www.agriculture-machine.com\/wp-content\/uploads\/2019\/05\/beans-peeling-machine-4.jpg\" alt=\"\" class=\"wp-image-3506\" srcset=\"https:\/\/www.agriculture-machine.com\/wp-content\/uploads\/2019\/05\/beans-peeling-machine-4.jpg 600w, https:\/\/www.agriculture-machine.com\/wp-content\/uploads\/2019\/05\/beans-peeling-machine-4-324x270.jpg 324w\" sizes=\"auto, (max-width: 600px) 100vw, 600px\" \/><\/figure>    <h2 class=\"wp-block-heading\" id=\"h-common-malfunction-and-related-solutions-beans-peeling-machine\">C\u00e1c s\u1ef1 c\u1ed1 th\u01b0\u1eddng g\u1eb7p v\u00e0 gi\u1ea3i ph\u00e1p li\u00ean quan m\u00e1y g\u1ecdt v\u1ecf \u0111\u1eadu<\/h2>    <figure class=\"wp-block-table is-style-stripes\"><table><tbody><tr><td>L\u1ed7i<\/td><td>L\u00fd do<\/td><td>Gi\u1ea3i ph\u00e1p<\/td><\/tr><tr><td>T\u1ef7 l\u1ec7 g\u1ecdt v\u1ecf th\u1ea5p<\/td><td>\u0110\u1eadu ch\u1ee9a qu\u00e1 nhi\u1ec1u \u0111\u1ed9 \u1ea9m<\/td><td>Gi\u1ea3m \u0111\u1ed9 \u1ea9m<\/td><\/tr><tr><td>Khe h\u1edf qu\u00e1 l\u1edbn<\/td><td>\u0111i\u1ec1u ch\u1ec9nh khe h\u1edf<\/td><\/tr><tr><td>T\u1ef7 l\u1ec7 v\u1ee1 cao<\/td><td>qu\u00e1 nhi\u1ec1u nguy\u00ean li\u1ec7u<\/td><td>\u0110\u1eb7t nguy\u00ean li\u1ec7u v\u00e0o c\u1eeda v\u00e0o \u0111\u00fang c\u00e1ch<\/td><\/tr><tr><td>Kho\u1ea3ng c\u00e1ch qu\u00e1 g\u1ea7n<\/td><td>T\u0103ng khe h\u1edf<\/td><\/tr><tr><td>B\u1ec1 m\u1eb7t c\u1ee7a \u0111\u0129a kh\u00f4ng \u0111\u1ec1u<\/td><td>L\u00e0m ph\u1eb3ng b\u1ec1 m\u1eb7t c\u1ee7a n\u00f3<\/td><\/tr><tr><td>&nbsp;Ch\u1ee9a n\u01b0\u1edbc \u00edt<\/td><td>Th\u00eam nhi\u1ec1u n\u01b0\u1edbc h\u01a1n<\/td><\/tr><tr><td>V\u1ecf tr\u1ed9n l\u1eabn v\u00e0o h\u1ea1t<\/td><td>Ch\u1eb7n l\u1ed1i ra<\/td><td>Lo\u1ea1i b\u1ecf nguy\u00ean li\u1ec7u th\u00f4<\/td><\/tr><tr><td>Ch\u1eb7n c\u1ed5ng qu\u1ea1t<\/td><\/tr><tr><td>H\u1ea1t tr\u1ed9n l\u1eabn v\u00e0o v\u1ecf<\/td><td>&nbsp;t\u1ed1c \u0111\u1ed9 gi\u00f3 qu\u00e1 cao<\/td><td>m\u1edf van gi\u00f3 \u0111\u00fang c\u00e1ch<\/td><\/tr><\/tbody><\/table><figcaption class=\"wp-element-caption\">Gi\u1ea3i ph\u00e1p trong tr\u01b0\u1eddng h\u1ee3p m\u00e1y g\u1eb7p s\u1ef1 c\u1ed1<\/figcaption><\/figure>    <h2 class=\"wp-block-heading\" id=\"h-precautions-of-beans-peeling-machine\">C\u00e1c l\u01b0u \u00fd khi s\u1eed d\u1ee5ng m\u00e1y g\u1ecdt v\u1ecf \u0111\u1eadu<\/h2>    <p>1. \u0110\u1eadu th\u01b0\u1eddng ch\u1ee9a c\u00e1c v\u1eadt c\u1ee9ng nh\u01b0 s\u1ecfi, d\u1ec5 l\u00e0m h\u1ecfng \u0111\u0129a nghi\u1ec1n trong qu\u00e1 tr\u00ecnh x\u1eed l\u00fd. Ch\u00fang ph\u1ea3i \u0111\u01b0\u1ee3c lo\u1ea1i b\u1ecf th\u1ee7 c\u00f4ng ho\u1eb7c b\u1eb1ng s\u00e0ng.<br>2. Trong qu\u00e1 tr\u00ecnh s\u1eed d\u1ee5ng m\u00e1y g\u1ecdt v\u1ecf \u0111\u1eadu, m\u00e0i m\u00f2n c\u1ee7a \u0111\u0129a nghi\u1ec1n ho\u1eb7c t\u1ea1p ch\u1ea5t (nh\u01b0 \u0111\u00e1, v\u00edt, v.v.) trong \u0111\u1eadu l\u00e0m cho b\u1ec1 m\u1eb7t \u0111\u0129a nghi\u1ec1n kh\u00f4ng \u0111\u1ec1u, d\u1eabn \u0111\u1ebfn t\u1ef7 l\u1ec7 v\u1ee1 th\u1ea5p v\u00e0 c\u00f4ng su\u1ea5t k\u00e9m.<\/p>    <p>N\u1ebfu x\u1ea3y ra t\u00ecnh hu\u1ed1ng tr\u00ean, c\u00f3 th\u1ec3 x\u1eed l\u00fd \u0111\u0129a nghi\u1ec1n b\u1eb1ng dao s\u1eaft ho\u1eb7c mi\u1ebfng c\u1eaft kim c\u01b0\u01a1ng.<br>3. Khi l\u1eafp \u0111\u1eb7t \u0111\u0129a nghi\u1ec1n, ng\u01b0\u1eddi v\u1eadn h\u00e0nh c\u1ea7n ch\u00fa \u00fd \u0111\u1ebfn khe h\u1edf gi\u1eefa \u0111\u0129a nghi\u1ec1n tr\u00ean v\u00e0 d\u01b0\u1edbi, v\u00e0 kho\u1ea3ng c\u00e1ch xung quanh c\u01a1 b\u1ea3n l\u00e0 nh\u01b0 nhau.<\/p>    <figure class=\"wp-block-image aligncenter\"><img loading=\"lazy\" decoding=\"async\" width=\"600\" height=\"500\" src=\"https:\/\/www.agriculture-machine.com\/wp-content\/uploads\/2019\/05\/beans-peeling-machine-5.jpg\" alt=\"\" class=\"wp-image-3507\" srcset=\"https:\/\/www.agriculture-machine.com\/wp-content\/uploads\/2019\/05\/beans-peeling-machine-5.jpg 600w, https:\/\/www.agriculture-machine.com\/wp-content\/uploads\/2019\/05\/beans-peeling-machine-5-324x270.jpg 324w\" sizes=\"auto, (max-width: 600px) 100vw, 600px\" \/><\/figure>    <h2 class=\"wp-block-heading\" id=\"h-how-to-install-grinding-disc-of-beans-peeling-machine\">L\u00e0m th\u1ebf n\u00e0o \u0111\u1ec3 l\u1eafp \u0111\u1eb7t \u0111\u0129a nghi\u1ec1n c\u1ee7a m\u00e1y g\u1ecdt v\u1ecf \u0111\u1eadu<\/h2>    <p>1. Th\u00e1o b\u1ecf ph\u1ec5u c\u1ea5p \u0111\u1eadu c\u1ee7a m\u00e1y g\u1ecdt v\u1ecf, t\u1ea5m s\u1eaft, v\u00e0 gh\u1ebf nghi\u1ec1n.<br>2. L\u1eafp \u0111\u0129a nghi\u1ec1n.<br>3. Th\u00e1o r\u1eddi c\u00e1c b\u1ea3ng \u0111i\u1ec1u khi\u1ec3n v\u1edbi ba m\u1eb7t.<br>4. \u0110\u1eb7t m\u1ed9t \u0111i\u1ec3m tr\u00ean \u0111\u0129a nghi\u1ec1n tr\u00ean (\u0111\u00e1nh d\u1ea5u), sau \u0111\u00f3 xoay \u0111\u0129a nghi\u1ec1n d\u01b0\u1edbi v\u00e0 quan s\u00e1t xem ch\u00fang c\u00f3 song song kh\u00f4ng. N\u1ebfu c\u00f3 dao \u0111\u1ed9ng l\u1edbn l\u00ean xu\u1ed1ng, b\u1ea1n n\u00ean \u0111i\u1ec1u ch\u1ec9nh v\u00edt d\u01b0\u1edbi \u0111\u00e1y c\u1ee7a \u0111\u0129a nghi\u1ec1n \u0111\u1ec3 l\u00e0m cho ch\u00fang song song.<br>5. Ch\u00fa \u00fd xem khe h\u1edf c\u00f3 \u0111\u1ec1u kh\u00f4ng. N\u1ebfu kh\u00f4ng, \u0111i\u1ec1u ch\u1ec9nh b\u1ed1n v\u00edt tr\u00ean n\u1eafp tr\u00ean \u0111\u1ec3 l\u00e0m cho khe h\u1edf tr\u00ean v\u00e0 d\u01b0\u1edbi song song.<br>6. \u0110i\u1ec1u ch\u1ec9nh \u0111\u0129a nghi\u1ec1n d\u01b0\u1edbi l\u00ean tr\u00ean \u0111\u1ec3 n\u00f3 c\u00f3 th\u1ec3 ch\u1ea1m v\u00e0o \u0111\u0129a nghi\u1ec1n tr\u00ean.<\/p>    <h2 class=\"wp-block-heading\" id=\"h-successful-case-of-beans-peeling-machine\">Tr\u01b0\u1eddng h\u1ee3p th\u00e0nh c\u00f4ng c\u1ee7a m\u00e1y g\u1ecdt v\u1ecf \u0111\u1eadu<\/h2>    <p>Ch\u00fang t\u00f4i \u0111\u00e3 t\u1eebng b\u00e1n 5 b\u1ed9 m\u00e1y g\u1ecdt v\u1ecf \u0111\u1eadu sang Canada, d\u01b0\u1edbi \u0111\u00e2y l\u00e0 chi ti\u1ebft \u0111\u00f3ng g\u00f3i. B\u1ea1n c\u00f3 th\u1ec3 m\u1edf li\u00ean k\u1ebft sau \u0111\u1ec3 bi\u1ebft th\u00eam tin t\u1ee9c v\u1eadn chuy\u1ec3n.<\/p>    <p><strong><a href=\"https:\/\/www.agriculture-machine.com\/vi\/agricultural-machine\/\">Tin t\u1ee9c v\u1eadn chuy\u1ec3n v\u1ec1 m\u00e1y m\u00f3c n\u00f4ng nghi\u1ec7p<\/a><\/strong><\/p>    <h2 class=\"wp-block-heading\" id=\"h-faq-of-beans-peeling-machine\"><img loading=\"lazy\" decoding=\"async\" width=\"600\" height=\"500\" class=\"size-full wp-image-3508 aligncenter\" src=\"https:\/\/www.agriculture-machine.com\/wp-content\/uploads\/2019\/05\/beans-peeling-machine-6.jpg\" alt=\"\" srcset=\"https:\/\/www.agriculture-machine.com\/wp-content\/uploads\/2019\/05\/beans-peeling-machine-6.jpg 600w, https:\/\/www.agriculture-machine.com\/wp-content\/uploads\/2019\/05\/beans-peeling-machine-6-324x270.jpg 324w\" sizes=\"auto, (max-width: 600px) 100vw, 600px\" \/><br>C\u00e2u h\u1ecfi th\u01b0\u1eddng g\u1eb7p v\u1ec1 m\u00e1y g\u1ecdt v\u1ecf \u0111\u1eadu<\/h2>   <div id=\"rank-math-faq\" class=\"rank-math-block\"> <div class=\"rank-math-list\"> <div id=\"faq-question-1705656159566\" class=\"rank-math-list-item\"> <h3 class=\"rank-math-question\">M\u00e1y c\u00f3 th\u1ec3 ph\u00e2n chia \u0111\u1ec1u \u0111\u1eadu kh\u00f4ng?<\/h3> <div class=\"rank-math-answer\">  <p>V\u00e2ng, t\u1ea5t nhi\u00ean r\u1ed3i.<\/p>  <\/div> <\/div> <div id=\"faq-question-1705656165185\" class=\"rank-math-list-item\"> <h3 class=\"rank-math-question\">Nguy\u00ean li\u1ec7u th\u00f4 l\u00e0 g\u00ec?<\/h3> <div class=\"rank-math-answer\">  <p>Nguy\u00ean li\u1ec7u th\u00f4 c\u00f3 th\u1ec3 l\u00e0 \u0111\u1eadu broad, \u0111\u1eadu n\u00e0nh, \u0111\u1eadu H\u00e0 Lan, v.v.<\/p>  <\/div> <\/div> <div id=\"faq-question-1705656182954\" class=\"rank-math-list-item\"> <h3 class=\"rank-math-question\">C\u00f3 th\u1ec3 \u0111i\u1ec1u ch\u1ec9nh khe h\u1edf c\u1ee7a \u0111\u0129a nghi\u1ec1n kh\u00f4ng?<\/h3> <div class=\"rank-math-answer\">  <p>C\u00f3, c\u00f3 th\u1ec3 \u0111i\u1ec1u ch\u1ec9nh.<\/p>  <\/div> <\/div> <\/div> <\/div>   <h2 class=\"wp-block-heading\">Li\u00ean h\u1ec7 v\u1edbi ch\u00fang t\u00f4i b\u1ea5t c\u1ee9 l\u00fac n\u00e0o<\/h2>    <p>N\u1ebfu b\u1ea1n quan t\u00e2m \u0111\u1ebfn m\u00e1y g\u1ecdt v\u1ecf \u0111\u1eadu n\u00e0nh c\u1ee7a ch\u00fang t\u00f4i ho\u1eb7c c\u00f3 b\u1ea5t k\u1ef3 c\u00e2u h\u1ecfi n\u00e0o, vui l\u00f2ng li\u00ean h\u1ec7 v\u1edbi \u0111\u1ed9i ng\u0169 chuy\u00ean nghi\u1ec7p c\u1ee7a ch\u00fang t\u00f4i \u0111\u1ec3 bi\u1ebft th\u00f4ng tin chi ti\u1ebft. Ch\u00fang t\u00f4i r\u1ea5t mong \u0111\u1ee3i c\u00e1c y\u00eau c\u1ea7u c\u1ee7a b\u1ea1n v\u00e0 ch\u00e0o \u0111\u00f3n b\u1ea1n \u0111\u1ebfn th\u0103m nh\u00e0 m\u00e1y c\u1ee7a ch\u00fang t\u00f4i \u0111\u1ec3 tr\u1ea3i nghi\u1ec7m tr\u1ef1c ti\u1ebfp. Ch\u00fang t\u00f4i mong mu\u1ed1n cung c\u1ea5p d\u1ecbch v\u1ee5 v\u00e0 gi\u1ea3i ph\u00e1p xu\u1ea5t s\u1eafc cho b\u1ea1n.<\/p>","protected":false},"excerpt":{"rendered":"<p>D\u00f2ng TK-300  m\u00e1y g\u1ecdt v\u1ecf \u0111\u1eadu  l\u00e0 s\u1ea3n ph\u1ea9m m\u1edbi do nh\u00e0 m\u00e1y c\u1ee7a ch\u00fang t\u00f4i thi\u1ebft k\u1ebf, ph\u00f9 h\u1ee3p \u0111\u1ec3 g\u1ecdt v\u1ecf \u0111\u1eadu broad, \u0111\u1eadu n\u00e0nh, \u0111\u1eadu H\u00e0 Lan, v.v. T\u00e1ch v\u1ecf kh\u1ecfi h\u1ea1t b\u1eb1ng m\u00e1y t\u00e1ch v\u1ecf gi\u00fap gi\u1ea3m t\u1ef7 l\u1ec7 v\u1ee1.<\/p>","protected":false},"author":1,"featured_media":3504,"parent":0,"comment_status":"closed","ping_status":"closed","template":"","tags":[2613],"product-type":[902],"class_list":["post-3502","product","type-product","status-publish","has-post-thumbnail","hentry","tag-peeling","product-type-soybean-peeling-machine"],"_links":{"self":[{"href":"https:\/\/www.agriculture-machine.com\/vi\/wp-json\/wp\/v2\/product\/3502","targetHints":{"allow":["GET"]}}],"collection":[{"href":"https:\/\/www.agriculture-machine.com\/vi\/wp-json\/wp\/v2\/product"}],"about":[{"href":"https:\/\/www.agriculture-machine.com\/vi\/wp-json\/wp\/v2\/types\/product"}],"author":[{"embeddable":true,"href":"https:\/\/www.agriculture-machine.com\/vi\/wp-json\/wp\/v2\/users\/1"}],"replies":[{"embeddable":true,"href":"https:\/\/www.agriculture-machine.com\/vi\/wp-json\/wp\/v2\/comments?post=3502"}],"wp:featuredmedia":[{"embeddable":true,"href":"https:\/\/www.agriculture-machine.com\/vi\/wp-json\/wp\/v2\/media\/3504"}],"wp:attachment":[{"href":"https:\/\/www.agriculture-machine.com\/vi\/wp-json\/wp\/v2\/media?parent=3502"}],"wp:term":[{"taxonomy":"post_tag","embeddable":true,"href":"https:\/\/www.agriculture-machine.com\/vi\/wp-json\/wp\/v2\/tags?post=3502"},{"taxonomy":"product-type","embeddable":true,"href":"https:\/\/www.agriculture-machine.com\/vi\/wp-json\/wp\/v2\/product-type?post=3502"}],"curies":[{"name":"wp","href":"https:\/\/api.w.org\/{rel}","templated":true}]}}