{"id":3696,"date":"2019-05-17T23:32:03","date_gmt":"2019-05-17T15:32:03","guid":{"rendered":"https:\/\/www.agriculture-machine.com\/?p=3696"},"modified":"2024-09-18T16:22:54","modified_gmt":"2024-09-18T08:22:54","slug":"4-15t-h-grass-cutting-machine-cutting-wet-grass-grass-cutter","status":"publish","type":"product","link":"https:\/\/www.agriculture-machine.com\/vi\/4-15t-h-grass-cutting-machine-cutting-wet-grass-grass-cutter\/","title":{"rendered":"M\u00e1y c\u1eaft c\u1ecf 4-15t\/h \/ c\u1eaft c\u1ecf \u01b0\u1edbt \/ m\u00e1y c\u1eaft c\u1ecf"},"content":{"rendered":"<p>D\u00f2ng m\u00e1y c\u1eaft c\u1ecf RSZ series \u0111\u1ec3 c\u1eaft t\u1ea5t c\u1ea3 c\u00e1c lo\u1ea1i c\u1ecf v\u00e0 c\u00f3 hi\u1ec7u su\u1ea5t l\u00e0m vi\u1ec7c cao, t\u1ee9c l\u00e0 4t-15t\/h v\u00e0 c\u00e1c m\u1eabu kh\u00e1c nhau c\u00f3 c\u00f4ng su\u1ea5t kh\u00e1c nhau. M\u00e1y c\u1eaft c\u1ecf c\u00f3 th\u1ec3 nghi\u1ec1n n\u00e1t c\u1ecf th\u00e0nh d\u1ea1ng s\u1ee3i, gi\u00fap ti\u00eau h\u00f3a t\u1ed1t h\u01a1n khi cho \u0111\u1ed9ng v\u1eadt \u0103n.<\/p>    <figure class=\"wp-block-embed is-type-video is-provider-youtube wp-block-embed-youtube wp-embed-aspect-16-9 wp-has-aspect-ratio\"><div class=\"wp-block-embed__wrapper\"> <iframe loading=\"lazy\" title=\"S\u1ef1 kh\u00e1c bi\u1ec7t gi\u1eefa m\u00e1y c\u1eaft th\u00e2n c\u00e2y v\u00e0 m\u00e1y nghi\u1ec1n h\u1ea1t\" width=\"500\" height=\"281\" src=\"https:\/\/www.youtube.com\/embed\/Db5R1KqPhMo?feature=oembed\" frameborder=\"0\" allow=\"accelerometer; autoplay; clipboard-write; encrypted-media; gyroscope; picture-in-picture; web-share\" referrerpolicy=\"strict-origin-when-cross-origin\" allowfullscreen><\/iframe> <\/div><figcaption class=\"wp-element-caption\">Video ho\u1ea1t \u0111\u1ed9ng c\u1ee7a m\u00e1y c\u1eaft c\u1ecf<\/figcaption><\/figure>    <p class=\"translation-block\"><span style=\"color: #ff0000\"><strong>lo\u1ea1i m\u1ed9t: m\u00e1y c\u1eaft th\u00e2n c\u00e2y 4t\/h<\/strong><\/span><\/p>    <figure class=\"wp-block-image aligncenter wp-image-3704 size-full\"><img loading=\"lazy\" decoding=\"async\" width=\"600\" height=\"500\" src=\"https:\/\/www.agriculture-machine.com\/wp-content\/uploads\/2019\/05\/chaff-cutter-8.jpg\" alt=\"M\u00e1y c\u1eaft c\u1ecf\" class=\"wp-image-3704\" srcset=\"https:\/\/www.agriculture-machine.com\/wp-content\/uploads\/2019\/05\/chaff-cutter-8.jpg 600w, https:\/\/www.agriculture-machine.com\/wp-content\/uploads\/2019\/05\/chaff-cutter-8-324x270.jpg 324w\" sizes=\"auto, (max-width: 600px) 100vw, 600px\" \/><figcaption class=\"wp-element-caption\">M\u00e1y c\u1eaft c\u1ecf<\/figcaption><\/figure>    <figure class=\"wp-block-image aligncenter wp-image-3703 size-full\"><img loading=\"lazy\" decoding=\"async\" width=\"600\" height=\"500\" src=\"https:\/\/www.agriculture-machine.com\/wp-content\/uploads\/2019\/05\/chaff-cutter-7.jpg\" alt=\"m\u00e1y c\u1eaft v\u1ecf tr\u1ea5u\" class=\"wp-image-3703\" srcset=\"https:\/\/www.agriculture-machine.com\/wp-content\/uploads\/2019\/05\/chaff-cutter-7.jpg 600w, https:\/\/www.agriculture-machine.com\/wp-content\/uploads\/2019\/05\/chaff-cutter-7-324x270.jpg 324w\" sizes=\"auto, (max-width: 600px) 100vw, 600px\" \/><figcaption class=\"wp-element-caption\">m\u00e1y c\u1eaft v\u1ecf tr\u1ea5u<\/figcaption><\/figure>    <h2 class=\"wp-block-heading\"><strong><b>C\u1ea5u tr\u00fac c\u1ee7a m\u00e1y c\u1eaft c\u1ecf <\/b><\/strong>m\u00e1y m\u00f3c<\/h2>    <p class=\"translation-block\">1.  L\u1ed1i tho\u00e1t x\u1ea3 2. Th\u00e2n m\u00e1y 3. Rotor 4. Thi\u1ebft b\u1ecb c\u1ea5p v\u00e0 x\u00e9 nh\u1ecf 5. \u0110\u1ed9ng c\u01a1 c\u00f3 h\u1ed9p s\u1ed1 6. Khe c\u1ea5p 7. Gi\u00e1 \u0111\u1ee1 8. V\u1ecf b\u1ea3o v\u1ec7 9. \u0110\u1ed9ng c\u01a1 rotor 10. B\u00e1nh xe \u0111i b\u1ed9<\/p>    <h2 class=\"wp-block-heading\"><strong><b>Th\u00f4ng s\u1ed1 k\u1ef9 thu\u1eadt c\u1ee7a m\u00e1y c\u1eaft c\u1ecf<\/b><\/strong><\/h2>    <figure class=\"wp-block-table is-style-stripes\"><table><tbody><tr><td>M\u1eabu<\/td><td>9RSZ-4<\/td><td>9RSZ-6<\/td><td>9RSZ-10<\/td><td>9RSZ-15<\/td><\/tr><tr><td>C\u00f4ng su\u1ea5t<\/td><td>7.5KW<\/td><td>15 2.2KW<\/td><td>22 3KW<\/td><td>30 5.5KW<\/td><\/tr><tr><td>Chi\u1ec1u r\u1ed9ng c\u1ee7a khay c\u1ea5p li\u1ec7u<\/td><td>2860r\/ph\u00fat<\/td><td>2860r\/ph\u00fat<\/td><td>2860r\/ph\u00fat<\/td><td>2100r\/ph\u00fat<\/td><\/tr><tr><td>Dung t\u00edch<\/td><td>4 t\u1ea5n\/h<\/td><td>6t\/h<\/td><td>10t\/h<\/td><td>15t\/h<\/td><\/tr><tr><td>S\u1ed1 l\u01b0\u1ee3ng l\u01b0\u1ee1i dao<\/td><td>32 chi\u1ebfc<\/td><td>40 chi\u1ebfc<\/td><td>48 chi\u1ebfc<\/td><td>64 chi\u1ebfc<\/td><\/tr><tr><td>Chi\u1ec1u r\u1ed9ng khay c\u1ea5p li\u1ec7u<\/td><td>240mm<\/td><td>300mm<\/td><td>450mm<\/td><td>800mm<\/td><\/tr><tr><td>Kho\u1ea3ng c\u00e1ch n\u00e9m<\/td><td>H\u01a1n 2300mm<\/td><td>H\u01a1n 2300mm<\/td><td>H\u01a1n 2300mm<\/td><td>H\u01a1n 2300mm<\/td><\/tr><tr><td>K\u00edch th\u01b0\u1edbc<\/td><td>2000*750*800mm<\/td><td>3000*900*1050mm<\/td><td>3600*930*1240mm<\/td><td>4200*1170*1250mm<\/td><\/tr><tr><td>Tr\u1ecdng l\u01b0\u1ee3ng<\/td><td>300kg<\/td><td>980kg<\/td><td>1100kg<\/td><td>1400kg<\/td><\/tr><\/tbody><\/table><figcaption class=\"wp-element-caption\">Th\u00f4ng s\u1ed1 k\u1ef9 thu\u1eadt c\u1ee7a m\u00e1y c\u1eaft th\u00e2n c\u00e2y<\/figcaption><\/figure>    <p class=\"translation-block\"><strong><span style=\"color: #ff0000\">lo\u1ea1i hai: m\u00e1y c\u1eaft th\u00e2n c\u00e2y 6t\/h<\/span><\/strong><\/p>    <figure class=\"wp-block-image aligncenter wp-image-3701 size-full\"><img loading=\"lazy\" decoding=\"async\" width=\"600\" height=\"500\" src=\"https:\/\/www.agriculture-machine.com\/wp-content\/uploads\/2019\/05\/chaff-cutter-5.jpg\" alt=\"C\u1ea5u tr\u00fac m\u00e1y c\u1eaft c\u1ecf\" class=\"wp-image-3701\" srcset=\"https:\/\/www.agriculture-machine.com\/wp-content\/uploads\/2019\/05\/chaff-cutter-5.jpg 600w, https:\/\/www.agriculture-machine.com\/wp-content\/uploads\/2019\/05\/chaff-cutter-5-324x270.jpg 324w\" sizes=\"auto, (max-width: 600px) 100vw, 600px\" \/><figcaption class=\"wp-element-caption\">C\u1ea5u tr\u00fac m\u00e1y c\u1eaft c\u1ecf<\/figcaption><\/figure>    <h2 class=\"wp-block-heading\"><strong><b>Nguy\u00ean l\u00fd ho\u1ea1t \u0111\u1ed9ng <\/b><\/strong><strong><b>c\u1ee7a m\u00e1y c\u1eaft c\u1ecf<\/b><\/strong><\/h2>    <p>1. B\u1eadt \u0111\u1ed9ng c\u01a1 rotor.<\/p>    <p>2. B\u1eadt \u0111\u1ed9ng c\u01a1 c\u00f3 h\u1ed9p s\u1ed1 t\u1ef1 \u0111\u1ed9ng \u0111\u1ec3 v\u1eadn h\u00e0nh thi\u1ebft b\u1ecb c\u1ea5p li\u1ec7u t\u1ef1 \u0111\u1ed9ng sau khi ho\u1ea1t \u0111\u1ed9ng \u1ed5n \u0111\u1ecbnh.<\/p>    <p>3. Ng\u01b0\u1eddi v\u1eadn h\u00e0nh \u0111\u1ec1u \u0111\u1eb7n tr\u1ea3i r\u01a1m tr\u00ean t\u1ea5m c\u1ea5p li\u1ec7u t\u1ef1 \u0111\u1ed9ng v\u00e0 t\u1eeb t\u1eeb \u0111\u01b0a v\u00e0o, nguy\u00ean li\u1ec7u \u0111i v\u00e0o tr\u1ed1ng t\u1eeb thi\u1ebft b\u1ecb c\u1eaft v\u1edbi t\u1ed1c \u0111\u1ed9 cao.<\/p>    <p>4. L\u01b0\u1ee1i dao va ch\u1ea1m v\u00e0 x\u00e9 r\u00e1ch, v\u00e0 nghi\u1ec1n th\u00e0nh d\u1ea1ng s\u1ee3i v\u00e0o th\u1eddi \u0111i\u1ec3m n\u00e0y.<\/p>    <p>5. Cu\u1ed1i c\u00f9ng, c\u1ecf \u0111\u01b0\u1ee3c n\u00e9m ra kh\u1ecfi m\u00e1y b\u1eb1ng l\u1ef1c ly t\u00e2m.<\/p>    <p class=\"translation-block\"><span style=\"color: #ff0000\"><strong>lo\u1ea1i ba: m\u00e1y c\u1eaft th\u00e2n c\u00e2y 10t\/h 16t\/h<\/strong><\/span><\/p>    <figure class=\"wp-block-image aligncenter wp-image-3698 size-full\"><img loading=\"lazy\" decoding=\"async\" width=\"600\" height=\"500\" src=\"https:\/\/www.agriculture-machine.com\/wp-content\/uploads\/2019\/05\/chaff-cutter-2.jpg\" alt=\"M\u00e1y c\u1eaft th\u00e2n c\u00e2y\" class=\"wp-image-3698\" srcset=\"https:\/\/www.agriculture-machine.com\/wp-content\/uploads\/2019\/05\/chaff-cutter-2.jpg 600w, https:\/\/www.agriculture-machine.com\/wp-content\/uploads\/2019\/05\/chaff-cutter-2-324x270.jpg 324w\" sizes=\"auto, (max-width: 600px) 100vw, 600px\" \/><figcaption class=\"wp-element-caption\">M\u00e1y c\u1eaft th\u00e2n c\u00e2y<\/figcaption><\/figure>    <h2 class=\"wp-block-heading\">\u01afu \u0111i\u1ec3m c\u1ee7a m\u00e1y c\u1eaft c\u1ecf<\/h2>    <ol class=\"wp-block-list\"> <li><strong><a href=\"https:\/\/www.agriculture-machine.com\/vi\/chaff-cutter-and-grain-crusher\/\">M\u00e1y c\u1eaft c\u1ecf<\/a><\/strong> \u00c1p d\u1ee5ng thi\u1ebft b\u1ecb c\u1ea5p li\u1ec7u t\u1ef1 \u0111\u1ed9ng b\u1eb1ng x\u00edch ph\u00f9 h\u1ee3p cho th\u1ee9c \u0103n c\u00f3 \u0111\u01b0\u1eddng k\u00ednh d\u00e0i, ti\u1ebft ki\u1ec7m th\u1eddi gian lao \u0111\u1ed9ng.<\/li>    <li>Thi\u1ebft b\u1ecb h\u00fat v\u00e0 c\u1eaft tr\u1ee5c \u0111\u00f4i \u0111\u1ec3 \u0111\u1ea1t hi\u1ec7u qu\u1ea3 c\u1eaft t\u1ed1t m\u00e0 kh\u00f4ng b\u1ecb t\u1eafc ngh\u1ebdn, n\u00e2ng cao hi\u1ec7u qu\u1ea3 l\u00e0m vi\u1ec7c.<\/li>    <li>M\u00e1y c\u1eaft c\u1ecf \u0111\u01b0\u1ee3c trang b\u1ecb b\u00e1nh xe \u0111i b\u1ed9 th\u00e1o r\u1eddi \u0111\u1ec3 d\u1ec5 di chuy\u1ec3n.<\/li> <\/ol>    <h2 class=\"wp-block-heading\"><strong><b>C<\/b><\/strong><strong><b>C\u00e1c l\u1ed7i th\u01b0\u1eddng g\u1eb7p v\u00e0 gi\u1ea3i ph\u00e1p li\u00ean quan c\u1ee7a m\u00e1y c\u1eaft c\u1ecf<\/b><\/strong><\/h2>    <figure class=\"wp-block-table is-style-stripes\"><table><tbody><tr><td>C\u00e1c l\u1ed7i th\u01b0\u1eddng g\u1eb7p<\/td><td>L\u00fd do<\/td><td>Gi\u1ea3i ph\u00e1p<\/td><\/tr><tr><td>Nguy\u00ean li\u1ec7u b\u1ecb t\u1eafc ho\u1eb7c <p>T\u1eaft qu\u00e1 t\u1ea3i<\/p><\/td><td>\u0110\u1eb7t qu\u00e1 nhi\u1ec1u c\u1ecf ho\u1eb7c \u0111\u1eb7t kh\u00f4ng \u0111\u1ec1u<\/td><td>1. L\u1ea5y c\u1ecf ra <br>2. Gi\u1ea3m l\u01b0\u1ee3ng c\u1ecf <br>3. \u0110\u1eb7t c\u1ecf v\u00e0o <span style=\"font-size: revert; font-family: inherit; font-weight: inherit; color: initial;\">\u0110\u01b0a c\u1ecf \u0111\u1ec1u v\u00e0o<\/span><\/td><\/tr><tr><td rowspan=\"4\">\u00c2m thanh b\u1ea5t th\u01b0\u1eddng trong ph\u1ea7n nghi\u1ec1n<p><\/p> <p>\u00c2m thanh b\u1ea5t th\u01b0\u1eddng trong ph\u1ea7n nghi\u1ec1n<\/p><\/td><td>\u1ed1c v\u00edt l\u1ecfng<\/td><td>si\u1ebft ch\u1eb7t bu l\u00f4ng<\/td><\/tr><tr><td>Kim lo\u1ea1i ho\u1eb7c \u0111\u00e1 trong m\u00e1y<\/td><td>D\u1eebng m\u00e1y \u0111\u1ec3 ki\u1ec3m tra v\u00e0 thay th\u1ebf ph\u1ee5 t\u00f9ng<\/td><\/tr><tr><td>Ch\u1ed1t \u0111\u1ee9t v\u00e0 b\u00faa di chuy\u1ec3n<\/td><td>Ch\u1ed1t \u0111\u1ee9t v\u00e0 b\u00faa di chuy\u1ec3n<\/td><\/tr><tr><td>Ch\u1ed1t \u0111\u1ee9t v\u00e0 b\u00faa di chuy\u1ec3n<\/td><td>Thay \u0111\u1ed5i ch\u1ed1t<\/td><\/tr><tr><td rowspan=\"8\">Rung d\u1eef d\u1ed9i c\u1ee7a m\u00e1y <p>\u00a0<\/p><\/td><td>Rung d\u1eef d\u1ed9i c\u1ee7a m\u00e1y <p>\u00a0<\/p><\/td><td>L\u1eafp l\u1ea1i theo th\u1ee9 t\u1ef1<\/td><\/tr><tr><td>S\u1ef1 l\u1ec7ch tr\u1ecdng l\u01b0\u1ee3ng c\u1ee7a hai b\u1ed9 b\u00faa qu\u00e1 l\u1edbn<\/td><td>S\u1ef1 l\u1ec7ch tr\u1ecdng l\u01b0\u1ee3ng c\u1ee7a hai b\u1ed9 b\u00faa kh\u00f4ng v\u01b0\u1ee3t qu\u00e1 5g.<\/td><\/tr><tr><td>C\u00e1c b\u00faa ri\u00eang l\u1ebb kh\u00f4ng kh\u00f3a<\/td><td>L\u00e0m linh ho\u1ea1t c\u00e1c b\u00faa<\/td><\/tr><tr><td>M\u1ed9t s\u1ed1 rotor m\u1ea5t c\u00e2n b\u1eb1ng ho\u1eb7c m\u00f2n<\/td><td>Tr\u1ee5c \u0111\u00e3 b\u1ecb u\u1ed1n cong<\/td><\/tr><tr><td>Tr\u1ee5c \u0111\u00e3 b\u1ecb u\u1ed1n cong<\/td><td>C\u0103n ch\u1ec9nh l\u1ea1i tr\u1ee5c ho\u1eb7c thay th\u1ebf<p><\/p> <p>&nbsp;<\/p><\/td><\/tr><tr><td>\u1ed4 bearing b\u1ecb h\u1ecfng<\/td><td>Thay th\u1ebf \u1ed5 bearing<\/td><\/tr><tr><td>Bu l\u00f4ng neo<\/td><td>si\u1ebft ch\u1eb7t bu l\u00f4ng neo<p><\/p> <p>&nbsp;<\/p><\/td><\/tr><tr><td>Ch\u1ed1t chia b\u1ecb h\u1ecfng v\u00e0 b\u00faa b\u1ecb d\u1ecbch chuy\u1ec3n tr\u1ee5c<\/td><td>d\u1eebng c\u1eaft c\u1ecf \u0111\u1ec3 l\u00e0m s\u1ea1ch<\/td><\/tr><tr><td rowspan=\"3\">&nbsp;<p><\/p> <p>M\u00e1y kh\u00f4ng linh ho\u1ea1t<\/p><\/td><td>C\u00e1c b\u1ed9 ph\u1eadn quay b\u1ecb r\u1ed1i c\u1ecf<\/td><td>d\u1eebng c\u1eaft c\u1ecf \u0111\u1ec3 l\u00e0m s\u1ea1ch<\/td><\/tr><tr><td>\u1ed4 bearing b\u1ecb h\u1ecfng<\/td><td>Thay th\u1ebf \u1ed5 bearing <p>\u00a0<\/p><\/td><\/tr><tr><td>Thi\u1ebfu d\u1ea7u b\u00f4i tr\u01a1n<\/td><td>Th\u00eam d\u1ea7u b\u00f4i tr\u01a1n \u0111\u00fang th\u1eddi \u0111i\u1ec3m<\/td><\/tr><tr><td rowspan=\"2\">Ch\u1eb7n l\u1ed1i ra<\/td><td>V\u00f2ng \u0111ai V b\u1ecb h\u1ecfng ho\u1eb7c l\u1ecfng<\/td><td>Thay ho\u1eb7c c\u0103ng v\u00f2ng \u0111ai V<p><\/p> <p>&nbsp;<\/p><\/td><\/tr><tr><td>Ph\u1ea7n nghi\u1ec1n b\u1ecb t\u1eafc<\/td><td>Lo\u1ea1i b\u1ecf t\u1ea1p ch\u1ea5t<\/td><\/tr><tr><td rowspan=\"2\">&nbsp;<p><\/p> <p>Hi\u1ec7u qu\u1ea3 nghi\u1ec1n k\u00e9m<\/p><\/td><td>Thi\u1ebft b\u1ecb nghi\u1ec1n v\u00e0 nghi\u1ec1n b\u1ecb h\u1ecfng<\/td><td>Thay th\u1ebf rotor v\u00e0 thi\u1ebft b\u1ecb nghi\u1ec1n<\/td><\/tr><tr><td>T\u1ed1c \u0111\u1ed9 tr\u1ee5c th\u1ea5p<\/td><td>\u0110i\u1ec1u ch\u1ec9nh v\u00f2ng \u0111ai V ph\u00f9 h\u1ee3p<\/td><\/tr><tr><td rowspan=\"5\">&nbsp;\u1ed4 bearing qu\u00e1 n\u00f3ng<\/td><td>\u0110i\u1ec1u ch\u1ec9nh \u0111\u00fang m\u1ee9c tension c\u1ee7a \u0111ai V <p>Thay \u1ed5 bearing<\/p><\/td><td>D\u1ea7u b\u00f4i tr\u01a1n qu\u00e1 nhi\u1ec1u ho\u1eb7c qu\u00e1 \u00edt<\/td><\/tr><tr><td>Th\u00eam d\u1ea7u b\u00f4i tr\u01a1n ph\u00f9 h\u1ee3p<\/td><td>\u0110i\u1ec1u ch\u1ec9nh ph\u00f9 h\u1ee3p \u0111\u1ed9 c\u0103ng c\u1ee7a v\u00f2ng \u0111ai V<\/td><\/tr><tr><td>\u0110i\u1ec1u ch\u1ec9nh v\u00f2ng \u0111ai V ph\u00f9 h\u1ee3p<\/td><td>\u0110i\u1ec1u ch\u1ec9nh v\u00f2ng \u0111ai V ph\u00f9 h\u1ee3p<p><\/p> <p>Tr\u1ee5c b\u1ecb u\u1ed1n ho\u1eb7c rotor m\u1ea5t c\u00e2n b\u1eb1ng<\/p><\/td><\/tr><tr><td>C\u0103n ch\u1ec9nh ho\u1eb7c thay tr\u1ee5c, c\u00e2n b\u1eb1ng rotor<\/td><td>L\u00e0m vi\u1ec7c qu\u00e1 t\u1ea3i l\u00e2u d\u00e0i<\/td><\/tr><tr><td>Gi\u1ea3m l\u01b0\u1ee3ng c\u1ecf<\/td><td>V\u00f2ng \u0111ai V qu\u00e1 n\u00f3ng<\/td><\/tr><tr><td rowspan=\"3\">Kh\u00f4ng \u0111\u00fang \u0111\u1ed9 ch\u1eb7t c\u1ee7a v\u00f2ng \u0111ai V<\/td><td>Ki\u1ec3m tra v\u00e0 thay pulley \u0111ai<\/td><td>R\u00e3nh pulley \u0111ai b\u1ecb m\u00e0i m\u00f2n ho\u1eb7c b\u1ec1 m\u1eb7t nh\u00e1m<\/td><\/tr><tr><td>Ki\u1ec3m tra v\u00e0 thay pulley \u0111ai<\/td><td>Tr\u1ee5c ch\u00ednh v\u00e0 tr\u1ee5c \u0111\u0129a truy\u1ec1n \u0111\u1ed9ng kh\u00f4ng song song, r\u00e3nh \u0111ai kh\u00f4ng th\u1eb3ng h\u00e0ng.<\/td><\/tr><tr><td>Tr\u1ee5c ch\u00ednh v\u00e0 tr\u1ee5c \u0111\u0129a truy\u1ec1n \u0111\u1ed9ng song song, r\u00e3nh \u0111ai th\u1eb3ng h\u00e0ng.<p><\/p> <p>&nbsp;<\/p><\/td><td>M\u1ed9t s\u1ed1 m\u1eb9o v\u1ec1 m\u00e1y c\u1eaft th\u00e2n c\u00e2y<\/td><\/tr><\/tbody><\/table><figcaption class=\"wp-element-caption\">\u1ee8ng d\u1ee5ng c\u1ee7a m\u00e1y c\u1eaft c\u1ecf<\/figcaption><\/figure>    <figure class=\"wp-block-image aligncenter wp-image-3702 size-full\"><img loading=\"lazy\" decoding=\"async\" width=\"600\" height=\"500\" src=\"https:\/\/www.agriculture-machine.com\/wp-content\/uploads\/2019\/05\/chaff-cutter-6.jpg\" alt=\"Danh s\u00e1ch c\u00e1c b\u1ed9 ph\u1eadn ch\u00ednh v\u00e0 b\u1ed9 ph\u1eadn ti\u00eau hao\" class=\"wp-image-3702\" srcset=\"https:\/\/www.agriculture-machine.com\/wp-content\/uploads\/2019\/05\/chaff-cutter-6.jpg 600w, https:\/\/www.agriculture-machine.com\/wp-content\/uploads\/2019\/05\/chaff-cutter-6-324x270.jpg 324w\" sizes=\"auto, (max-width: 600px) 100vw, 600px\" \/><figcaption class=\"wp-element-caption\">Danh s\u00e1ch c\u00e1c b\u1ed9 ph\u1eadn ch\u00ednh v\u00e0 b\u1ed9 ph\u1eadn ti\u00eau hao<\/figcaption><\/figure>    <h2 class=\"wp-block-heading\">S\u1ed1 l\u01b0\u1ee3ng <strong>c\u1ee7a m\u00e1y c\u1eaft c\u1ecf<\/strong><\/h2>    <figure class=\"wp-block-table is-style-stripes\"><table><tbody><tr><td>Th\u1eddi gian \u0111\u1ea3m b\u1ea3o ch\u1ea5t l\u01b0\u1ee3ng<\/td><td>T\u00ean<\/td><td>Ch\u1ee9c n\u0103ng<\/td><td>\u1ed4 bearing<\/td><\/tr><tr><td>1<\/td><td>B\u00e1nh xe x\u00edch c\u0103ng<\/td><td>3 th\u00e1ng<\/td><td rowspan=\"7\">Tr\u1ee5c tr\u00ean<\/td><\/tr><tr><td>2<\/td><td>B\u00e1nh xe x\u00edch c\u0103ng<\/td><td>b\u0103ng chuy\u1ec1n<\/td><\/tr><tr><td>3<\/td><td>B\u00e1nh xe x\u00edch c\u0103ng<\/td><td>Tr\u1ee5c d\u01b0\u1edbi<\/td><\/tr><tr><td>4<\/td><td>B\u00e1nh xe x\u00edch c\u0103ng<\/td><td>Tr\u1ee5c<\/td><\/tr><tr><td>5<\/td><td>B\u00e1nh xe x\u00edch c\u0103ng<\/td><td>Chu\u1ed7i con l\u0103n b\u0103ng t\u1ea3i<\/td><\/tr><tr><td>6<\/td><td>Chu\u1ed7i con l\u0103n b\u0103ng t\u1ea3i<\/td><td>L\u1ed1i v\u00e0o<\/td><\/tr><tr><td>7<\/td><td>V\u00f2ng \u0111ai V<\/td><td>L\u1ed1i v\u00e0o<\/td><\/tr><tr><td>8<\/td><td>Rotor<\/td><td>1 th\u00e1ng<\/td><td rowspan=\"2\">Chuy\u1ec3n \u0111\u1ed5i ng\u01b0\u1ee3c<\/td><\/tr><tr><td>9<\/td><td>Rotor<\/td><td>\u0110\u1ea7u v\u00e0o<\/td><\/tr><tr><td>10<\/td><td>T\u1ee7 \u0111i\u1ec7n<\/td><td>L\u1ed1i v\u00e0o<\/td><td rowspan=\"2\">Tr\u1ee5c tr\u00ean<\/td><\/tr><tr><td>11<\/td><td>\u0110i\u1ec1u khi\u1ec3n \u0111i\u1ec7n<\/td><td>&nbsp;&nbsp;&nbsp;&nbsp;B\u00faa<p><\/p> <p>&nbsp;<\/p><\/td><\/tr><tr><td>12<\/td><td>b\u00faa<\/td><td><\/td><td>Tr\u1ee5c b\u00faa<\/td><\/tr><tr><td>13<\/td><td>Ph\u1ea7n c\u1eaft<\/td><td><\/td><td rowspan=\"3\">Chuy\u1ec3n \u0111\u1ed5i ng\u01b0\u1ee3c<\/td><\/tr><tr><td>14<\/td><td>\u1ed0ng tr\u01b0\u1ee3t c\u1ee7a tr\u1ee5c tr\u00ean<\/td><td><\/td><\/tr><tr><td>15<\/td><td>Ph\u1ee5 t\u00f9ng c\u1ee7a m\u00e1y c\u1eaft c\u1ecf<\/td><td><\/td><\/tr><\/tbody><\/table><figcaption class=\"wp-element-caption\">C\u00e2u h\u1ecfi th\u01b0\u1eddng g\u1eb7p v\u1ec1 m\u00e1y c\u1eaft c\u1ecf<\/figcaption><\/figure>    <h2 class=\"wp-block-heading\"><strong>T\u00f4i n\u00ean l\u00e0m g\u00ec n\u1ebfu b\u1ecb t\u1eafc ngh\u1ebdn?<\/strong><\/h2>   <div id=\"rank-math-faq\" class=\"rank-math-block\"> <div class=\"rank-math-list\"> <div id=\"faq-question-1706520256013\" class=\"rank-math-list-item\"> <h3 class=\"rank-math-question\">Chuy\u1ec3n \u0111\u1ed5i ng\u01b0\u1ee3c c\u00f3 th\u1ec3 k\u00e9o v\u1ec1 \u201cd\u1eebng\u201d, r\u1ed3i k\u00e9o v\u1ec1 \u201cng\u01b0\u1ee3c\u201d. C\u1ea5m tuy\u1ec7t \u0111\u1ed1i th\u00e1o b\u1ecf r\u01a1m b\u1ecb t\u1eafc b\u1eb1ng tay m\u00e0 kh\u00f4ng d\u1eebng m\u00e1y c\u1eaft c\u1ecf.<\/h3> <div class=\"rank-math-answer\">  <p>L\u00e0m th\u1ebf n\u00e0o \u0111\u1ec3 t\u0103ng kho\u1ea3ng c\u00e1ch c\u1ee7a tr\u1ee5c l\u0103n?<\/p>  <\/div> <\/div> <div id=\"faq-question-1706520259976\" class=\"rank-math-list-item\"> <h3 class=\"rank-math-question\">D\u00f9 b\u1ea1n l\u00e0 n\u00f4ng tr\u1ea1i quy m\u00f4 l\u1edbn hay ng\u01b0\u1eddi tr\u1ed3ng nh\u1ecf, m\u00e1y c\u1eaft c\u1ecf c\u1ee7a ch\u00fang t\u00f4i cung c\u1ea5p cho b\u1ea1n gi\u1ea3i ph\u00e1p hi\u1ec7u qu\u1ea3 v\u00e0 ti\u1ec7n l\u1ee3i \u0111\u1ec3 x\u1eed l\u00fd c\u1ecf. H\u00e3y li\u00ean h\u1ec7 v\u1edbi ch\u00fang t\u00f4i b\u1ea5t c\u1ee9 l\u00fac n\u00e0o v\u00e0 \u0111\u1ed9i ng\u0169 chuy\u00ean nghi\u1ec7p c\u1ee7a ch\u00fang t\u00f4i s\u1ebd vui l\u00f2ng cung c\u1ea5p cho b\u1ea1n th\u00f4ng tin chi ti\u1ebft v\u1ec1 m\u00e1y, t\u00f9y ch\u1ec9nh v\u00e0 c\u00e1c d\u1ecbch v\u1ee5 li\u00ean quan kh\u00e1c.<\/h3> <div class=\"rank-math-answer\">  <p class=\"translation-block\"><strong>First<\/strong>, loosen the center screw on the upper plate of the grass cutting machine, and adjust the sliding plate and sliding block clockwise.<br \/><strong>Second<\/strong>, adjust the bolt on both sides counterclockwise to the appropriate position. The gap between the two rollers should be Horizontally the same, and the upper and down rollers should be flexible.<br \/><strong>Finally<\/strong>, tighten the bolt on the center screw.<br \/>Adverse action will decrease the gap.<\/p>  <\/div> <\/div> <\/div> <\/div>   <h2 class=\"wp-block-heading\">Li\u00ean h\u1ec7 v\u1edbi ch\u00fang t\u00f4i b\u1ea5t c\u1ee9 l\u00fac n\u00e0o<\/h2>    <p>Whether you&#8217;re a large-scale farm or a smallholder, our grass cutting machines offer you an efficient and convenient solution for grass handling. Feel free to contact us anytime and our professional team will be happy to provide you with detailed information about the machine, customization options, and more related services.<\/p>","protected":false},"excerpt":{"rendered":"<p>M\u00e1y c\u1eaft c\u1ecf hi\u1ec7u qu\u1ea3 4-15T\/H \u0111ang b\u00e1n<\/p>","protected":false},"author":1,"featured_media":3707,"parent":0,"comment_status":"closed","ping_status":"closed","template":"","tags":[2609,780],"product-type":[912],"class_list":["post-3696","product","type-product","status-publish","has-post-thumbnail","hentry","tag-cutter","tag-grass","product-type-chaff-cutter"],"_links":{"self":[{"href":"https:\/\/www.agriculture-machine.com\/vi\/wp-json\/wp\/v2\/product\/3696","targetHints":{"allow":["GET"]}}],"collection":[{"href":"https:\/\/www.agriculture-machine.com\/vi\/wp-json\/wp\/v2\/product"}],"about":[{"href":"https:\/\/www.agriculture-machine.com\/vi\/wp-json\/wp\/v2\/types\/product"}],"author":[{"embeddable":true,"href":"https:\/\/www.agriculture-machine.com\/vi\/wp-json\/wp\/v2\/users\/1"}],"replies":[{"embeddable":true,"href":"https:\/\/www.agriculture-machine.com\/vi\/wp-json\/wp\/v2\/comments?post=3696"}],"wp:featuredmedia":[{"embeddable":true,"href":"https:\/\/www.agriculture-machine.com\/vi\/wp-json\/wp\/v2\/media\/3707"}],"wp:attachment":[{"href":"https:\/\/www.agriculture-machine.com\/vi\/wp-json\/wp\/v2\/media?parent=3696"}],"wp:term":[{"taxonomy":"post_tag","embeddable":true,"href":"https:\/\/www.agriculture-machine.com\/vi\/wp-json\/wp\/v2\/tags?post=3696"},{"taxonomy":"product-type","embeddable":true,"href":"https:\/\/www.agriculture-machine.com\/vi\/wp-json\/wp\/v2\/product-type?post=3696"}],"curies":[{"name":"wp","href":"https:\/\/api.w.org\/{rel}","templated":true}]}}