{"id":3716,"date":"2019-05-20T23:53:10","date_gmt":"2019-05-20T15:53:10","guid":{"rendered":"https:\/\/www.agriculture-machine.com\/?p=3716"},"modified":"2024-09-23T11:20:59","modified_gmt":"2024-09-23T03:20:59","slug":"gasoline-engine-backpack-sprayer-best-garden-sprayer-spraying-pesticide","status":"publish","type":"product","link":"https:\/\/www.agriculture-machine.com\/vi\/gasoline-engine-backpack-sprayer-best-garden-sprayer-spraying-pesticide\/","title":{"rendered":"M\u00e1y phun s\u01b0\u01a1ng \u0111eo l\u01b0ng \u0111\u1ed9ng c\u01a1 x\u0103ng \/ m\u00e1y phun s\u01b0\u01a1ng v\u01b0\u1eddn t\u1ed1t nh\u1ea5t \/ phun tr\u1eeb s\u00e2u b\u1eb1ng thu\u1ed1c tr\u1eeb s\u00e2u"},"content":{"rendered":"<p class=\"translation-block\">Hot sale<strong> backpack sprayer<\/strong>\u00a0nh\u1ecf g\u1ecdn v\u00e0 h\u1eefu \u00edch \u0111\u1ec3 ki\u1ec3m so\u00e1t s\u00e2u h\u1ea1i \u1edf v\u01b0\u1eddn, \u0111\u1ea5t n\u00f4ng nghi\u1ec7p v\u00e0 c\u00e1c c\u00e2y kh\u00e1c. Kho\u1ea3ng c\u00e1ch phun (h\u01a1n 11m) v\u00e0 th\u1ec3 t\u00edch 26L cho ph\u00e9p l\u00e0m vi\u1ec7c v\u1edbi hi\u1ec7u su\u1ea5t cao, ti\u1ebft ki\u1ec7m s\u1ee9c lao \u0111\u1ed9ng.<\/p> <p><img loading=\"lazy\" decoding=\"async\" class=\"wp-image-3720 aligncenter\" src=\"https:\/\/www.agriculture-machine.com\/wp-content\/uploads\/2019\/05\/gasoline-sprayer-4.jpg\" alt=\"\" width=\"650\" height=\"601\" srcset=\"https:\/\/www.agriculture-machine.com\/wp-content\/uploads\/2019\/05\/gasoline-sprayer-4.jpg 750w, https:\/\/www.agriculture-machine.com\/wp-content\/uploads\/2019\/05\/gasoline-sprayer-4-292x270.jpg 292w, https:\/\/www.agriculture-machine.com\/wp-content\/uploads\/2019\/05\/gasoline-sprayer-4-584x540.jpg 584w\" sizes=\"auto, (max-width: 650px) 100vw, 650px\" \/><\/p> <p>&nbsp;<\/p> <h2><strong><b>\u01afu \u0111i\u1ec3m c\u1ee7a <\/b><\/strong><strong><b>m\u00e1y phun s\u01b0\u01a1ng \u0111eo l\u01b0ng<\/b><\/strong><\/h2> <ol> <li>Drone phun thu\u1ed1c c\u00f3 ti\u1ebfng \u1ed3n th\u1ea5p, dung t\u00edch l\u1edbn v\u00e0 \u00e1p su\u1ea5t cao, ti\u1ebft ki\u1ec7m th\u1eddi gian v\u00e0 n\u0103ng l\u01b0\u1ee3ng.<\/li> <li>D\u1ec5 v\u1eadn h\u00e0nh.<\/li> <li>\u0110\u01b0\u1ee3c trang b\u1ecb \u0111\u1ed9ng c\u01a1 x\u0103ng gi\u00fap di chuy\u1ec3n d\u1ec5 d\u00e0ng.<\/li> <li>Thu\u1ed1c tr\u1eeb s\u00e2u phun b\u1edfi m\u00e1y phun s\u01b0\u01a1ng n\u00e0y c\u00f3 th\u1ec3 b\u00e1m l\u00ean v\u00e0 di chuy\u1ec3n tr\u00ean l\u00e1, ti\u00eau di\u1ec7t ho\u00e0n to\u00e0n s\u00e2u h\u1ea1i.<\/li> <\/ol> <p><img loading=\"lazy\" decoding=\"async\" class=\"wp-image-3725 aligncenter\" src=\"https:\/\/www.agriculture-machine.com\/wp-content\/uploads\/2019\/05\/spraying-3.jpg\" alt=\"\" width=\"657\" height=\"599\" srcset=\"https:\/\/www.agriculture-machine.com\/wp-content\/uploads\/2019\/05\/spraying-3.jpg 750w, https:\/\/www.agriculture-machine.com\/wp-content\/uploads\/2019\/05\/spraying-3-296x270.jpg 296w, https:\/\/www.agriculture-machine.com\/wp-content\/uploads\/2019\/05\/spraying-3-592x540.jpg 592w\" sizes=\"auto, (max-width: 657px) 100vw, 657px\" \/><\/p> <p><img loading=\"lazy\" decoding=\"async\" class=\"wp-image-3724 aligncenter\" src=\"https:\/\/www.agriculture-machine.com\/wp-content\/uploads\/2019\/05\/spraying-2.jpg\" alt=\"\" width=\"644\" height=\"654\" srcset=\"https:\/\/www.agriculture-machine.com\/wp-content\/uploads\/2019\/05\/spraying-2.jpg 750w, https:\/\/www.agriculture-machine.com\/wp-content\/uploads\/2019\/05\/spraying-2-266x270.jpg 266w, https:\/\/www.agriculture-machine.com\/wp-content\/uploads\/2019\/05\/spraying-2-532x540.jpg 532w\" sizes=\"auto, (max-width: 644px) 100vw, 644px\" \/><\/p> <h2><strong><b>Th\u00f4ng s\u1ed1 k\u1ef9 thu\u1eadt<\/b><\/strong><strong><b>\u00a0<\/b><\/strong><strong><b>c\u1ee7a m\u00e1y phun s\u01b0\u01a1ng \u0111eo l\u01b0ng<\/b><\/strong><\/h2> <table> <tbody> <tr> <td width=\"258\"><strong><b>T\u00ean<\/b><\/strong><\/td> <td width=\"233\"><strong><b>Phun s\u01b0\u01a1ng<\/b><\/strong><\/td> <\/tr> <tr> <td width=\"258\">M\u1eabu<\/td> <td width=\"233\">3WF-3A<\/td> <\/tr> <tr> <td width=\"258\">Kho\u1ea3ng c\u00e1ch phun<\/td> <td width=\"233\">\u2265 11m<\/td> <\/tr> <tr> <td width=\"258\">Th\u1ec3 t\u00edch<\/td> <td width=\"233\">26L<\/td> <\/tr> <tr> <td width=\"258\">Dung t\u00edch<\/td> <td width=\"233\">41.5cc<\/td> <\/tr> <tr> <td width=\"258\">Tr\u1ecdng l\u01b0\u1ee3ng<\/td> <td width=\"233\">12KG<\/td> <\/tr> <\/tbody> <\/table> <p>&nbsp;<\/p> <h2><strong><b>C\u1ea5u tr\u00fac c\u1ee7a<\/b><\/strong><strong><b>\u00a0m\u00e1y phun s\u01b0\u01a1ng \u0111eo l\u01b0ng<\/b><\/strong><\/h2> <p>M\u00e1y phun s\u01b0\u01a1ng \u0111eo l\u01b0ng n\u00e0y ch\u1ee7 y\u1ebfu g\u1ed3m: v\u00f2i phun, b\u00ecnh dung d\u1ecbch, tay c\u1ea7m v\u1eadn h\u00e0nh, \u1ed1ng l\u1edbn, gi\u00e1 \u0111\u1ee1 \u1ed5n \u0111\u1ecbnh, b\u1ed9 kh\u1edfi \u0111\u1ed9ng, bu\u1ed3ng \u0111\u1ed1t, choke c\u1ee7a bu\u1ed3ng \u0111\u1ed1t, bugi v\u00e0 b\u00ecnh x\u0103ng.<\/p> <p><img loading=\"lazy\" decoding=\"async\" class=\"wp-image-3721 aligncenter\" src=\"https:\/\/www.agriculture-machine.com\/wp-content\/uploads\/2019\/05\/gasoline-sprayer-5.jpg\" alt=\"\" width=\"628\" height=\"633\" srcset=\"https:\/\/www.agriculture-machine.com\/wp-content\/uploads\/2019\/05\/gasoline-sprayer-5.jpg 750w, https:\/\/www.agriculture-machine.com\/wp-content\/uploads\/2019\/05\/gasoline-sprayer-5-268x270.jpg 268w, https:\/\/www.agriculture-machine.com\/wp-content\/uploads\/2019\/05\/gasoline-sprayer-5-536x540.jpg 536w\" sizes=\"auto, (max-width: 628px) 100vw, 628px\" \/><\/p> <h2><strong><b>Tr\u01b0\u1eddng h\u1ee3p th\u00e0nh c\u00f4ng c\u1ee7a <\/b><\/strong><strong><b>m\u00e1y phun s\u01b0\u01a1ng \u0111eo l\u01b0ng<\/b><\/strong><\/h2> <p>Th\u00e1ng tr\u01b0\u1edbc, ch\u00fang t\u00f4i \u0111\u00e3 b\u00e1n 100 b\u1ed9 drone phun thu\u1ed1c cho Sudan v\u00e0 sau \u0111\u00e2y l\u00e0 chi ti\u1ebft \u0111\u00f3ng g\u00f3i. M\u00e1y phun n\u00e0y th\u1ef1c s\u1ef1 c\u00f3 th\u1ec3 gi\u00fap n\u00f4ng d\u00e2n gi\u1ea3m lao \u0111\u1ed9ng nh\u1eadn di\u1ec7n.<\/p> <p><img loading=\"lazy\" decoding=\"async\" class=\"wp-image-3633 aligncenter\" src=\"https:\/\/www.agriculture-machine.com\/wp-content\/uploads\/2019\/05\/corn-harvesting-machine-13.jpg\" alt=\"\" width=\"647\" height=\"539\" srcset=\"https:\/\/www.agriculture-machine.com\/wp-content\/uploads\/2019\/05\/corn-harvesting-machine-13.jpg 600w, https:\/\/www.agriculture-machine.com\/wp-content\/uploads\/2019\/05\/corn-harvesting-machine-13-324x270.jpg 324w\" sizes=\"auto, (max-width: 647px) 100vw, 647px\" \/><\/p> <h2><strong><b>C\u00e2u h\u1ecfi th\u01b0\u1eddng g\u1eb7p<\/b><\/strong><strong><b>\u00a0c\u1ee7a<\/b><\/strong><strong><b>\u00a0m\u00e1y phun s\u01b0\u01a1ng \u0111eo l\u01b0ng<\/b><\/strong><\/h2> <ol> <li>L\u00e0m sao th\u00eam d\u1ea7u?<\/li> <\/ol> <ul> <li>D\u1ea7u hai th\u00ec n\u00ean \u0111\u01b0\u1ee3c s\u1eed d\u1ee5ng thay v\u00ec d\u1ea7u b\u1ed1n th\u00ec g\u00e2y r\u1eafc r\u1ed1i cho xi lanh.<\/li> <li>\u0110\u1ed5 x\u0103ng v\u00e0o chai l\u1edbn c\u1ee7a m\u00e1y phun s\u01b0\u01a1ng nh\u01b0 h\u00ecnh b\u00ean d\u01b0\u1edbi v\u00e0 ch\u00fa \u00fd v\u1ea1ch ngang t\u01b0\u01a1ng \u1ee9ng.<\/li> <li>\u0110\u1ed5 d\u1ea7u v\u00e0o chai nh\u1ecf h\u01a1n, theo v\u1ea1ch ch\u1ec9, v\u00e0 chi\u1ec1u cao d\u1ea7u n\u00ean nh\u1ecf h\u01a1n chi\u1ec1u cao x\u0103ng.<\/li> <li>Si\u1ebft ch\u1eb7t n\u1eafp c\u1ee7a hai chai, v\u00e0 tr\u1ed9n ch\u00fang k\u1ef9 c\u00e0ng, cu\u1ed1i c\u00f9ng \u0111\u1ed5 ch\u00fang v\u00e0o th\u00f9ng d\u1ea7u c\u1ee7a m\u00e1y phun s\u01b0\u01a1ng c\u1ea7m tay solo.<\/li> <\/ul> <p>&nbsp;<\/p> <p><img loading=\"lazy\" decoding=\"async\" class=\"wp-image-3717 aligncenter\" src=\"https:\/\/www.agriculture-machine.com\/wp-content\/uploads\/2019\/05\/gasoline-sprayer-1.jpg\" alt=\"\" width=\"660\" height=\"552\" srcset=\"https:\/\/www.agriculture-machine.com\/wp-content\/uploads\/2019\/05\/gasoline-sprayer-1.jpg 769w, https:\/\/www.agriculture-machine.com\/wp-content\/uploads\/2019\/05\/gasoline-sprayer-1-323x270.jpg 323w, https:\/\/www.agriculture-machine.com\/wp-content\/uploads\/2019\/05\/gasoline-sprayer-1-646x540.jpg 646w\" sizes=\"auto, (max-width: 660px) 100vw, 660px\" \/><\/p> <ol start=\"2\"> <li>Dung t\u00edch h\u1ed9p thu\u1ed1c tr\u1eeb s\u00e2u l\u00e0 bao nhi\u00eau?<\/li> <\/ol> <p>26L.<\/p> <ol start=\"3\"> <li>T\u1ea5t c\u1ea3 c\u1ecf c\u00f3 th\u1ec3 b\u1ecb ti\u00eau di\u1ec7t?<\/li> <\/ol> <p>T\u1ec9 l\u1ec7 di\u1ec7t tr\u1eeb l\u00e0 98%.<\/p> <p>&nbsp;<\/p> <p>&nbsp;<\/p>","protected":false},"excerpt":{"rendered":"<p>Hot sale backpack sprayer\u00a0is small size but very useful, widely applying to control the pest of garden, farmland and other trees. Spraying distance\u00a0(more than 11m\uff09and 26L volume enable it to working wok with high performance, which is labor saving as well. &nbsp; Advantage of backpack sprayer Crop spraying drone\u00a0has low noise, great\u00a0capacity\u00a0and high pressure, \u00a0\u00a0saving\u00a0time\u00a0and [&hellip;]<\/p>\n","protected":false},"author":1,"featured_media":3720,"parent":0,"comment_status":"closed","ping_status":"closed","template":"","tags":[136],"product-type":[920,1],"class_list":["post-3716","product","type-product","status-publish","has-post-thumbnail","hentry","tag-sprayer","product-type-drone-sprayer","product-type-other"],"_links":{"self":[{"href":"https:\/\/www.agriculture-machine.com\/vi\/wp-json\/wp\/v2\/product\/3716","targetHints":{"allow":["GET"]}}],"collection":[{"href":"https:\/\/www.agriculture-machine.com\/vi\/wp-json\/wp\/v2\/product"}],"about":[{"href":"https:\/\/www.agriculture-machine.com\/vi\/wp-json\/wp\/v2\/types\/product"}],"author":[{"embeddable":true,"href":"https:\/\/www.agriculture-machine.com\/vi\/wp-json\/wp\/v2\/users\/1"}],"replies":[{"embeddable":true,"href":"https:\/\/www.agriculture-machine.com\/vi\/wp-json\/wp\/v2\/comments?post=3716"}],"wp:featuredmedia":[{"embeddable":true,"href":"https:\/\/www.agriculture-machine.com\/vi\/wp-json\/wp\/v2\/media\/3720"}],"wp:attachment":[{"href":"https:\/\/www.agriculture-machine.com\/vi\/wp-json\/wp\/v2\/media?parent=3716"}],"wp:term":[{"taxonomy":"post_tag","embeddable":true,"href":"https:\/\/www.agriculture-machine.com\/vi\/wp-json\/wp\/v2\/tags?post=3716"},{"taxonomy":"product-type","embeddable":true,"href":"https:\/\/www.agriculture-machine.com\/vi\/wp-json\/wp\/v2\/product-type?post=3716"}],"curies":[{"name":"wp","href":"https:\/\/api.w.org\/{rel}","templated":true}]}}