{"id":3731,"date":"2019-05-22T05:14:08","date_gmt":"2019-05-21T21:14:08","guid":{"rendered":"https:\/\/www.agriculture-machine.com\/?p=3731"},"modified":"2024-09-23T11:16:59","modified_gmt":"2024-09-23T03:16:59","slug":"animal-feed-cutting-grass-machine-straw-cutter-grass-cutter-with-great-capacity","status":"publish","type":"product","link":"https:\/\/www.agriculture-machine.com\/vi\/animal-feed-cutting-grass-machine-straw-cutter-grass-cutter-with-great-capacity\/","title":{"rendered":"M\u00e1y c\u1eaft c\u1ecf cho gia s\u00fac | m\u00e1y c\u1eaft r\u01a1m | m\u00e1y c\u1eaft c\u1ecf c\u00f3 c\u00f4ng su\u1ea5t l\u1edbn"},"content":{"rendered":"<p class=\"translation-block\">Lo\u1ea1i \u0111\u0129a <strong>m\u00e1y c\u1eaft c\u1ecf<\/strong> d\u00f9ng \u0111\u1ec3 c\u1eaft c\u1ecf kh\u00f4 ho\u1eb7c \u01b0\u1edbt, r\u01a1m, th\u00e2n c\u00e2y, v.v., c\u00f3 ba m\u1eabu l\u00e0 9Z-1.2, 9Z-1.5, v\u00e0 9Z-1.8. C\u00e1c m\u1eabu m\u00e1y c\u1eaft c\u1ecf kh\u00e1c nhau c\u00f3 c\u00f4ng su\u1ea5t kh\u00e1c nhau. N\u00f3 c\u00f3 th\u1ec3 ph\u00f9 h\u1ee3p v\u1edbi \u0111\u1ed9ng c\u01a1 2.2-3kw, \u0111\u1ed9ng c\u01a1 x\u0103ng, ho\u1eb7c \u0111\u1ed9ng c\u01a1 diesel, v\u00e0 k\u00edch th\u01b0\u1edbc xay c\u00f3 th\u1ec3 l\u00e0 5mm, 11mm ho\u1eb7c 15mm. C\u1ecf nghi\u1ec1n c\u00f3 th\u1ec3 cho \u0103n c\u00e1c lo\u1ea1i gia s\u00fac kh\u00e1c nhau nh\u01b0 b\u00f2, c\u1eebu, ng\u1ed7ng, g\u00e0, v.v.<\/p>   <p><iframe loading=\"lazy\" title=\"M\u00e1y c\u1eaft c\u1ecf, v\u1ecf tr\u1ea5u, nghi\u1ec1n h\u1ea1t v\u1edbi gi\u00e1 c\u1ef1c th\u1ea5p\" width=\"500\" height=\"281\" src=\"https:\/\/www.youtube.com\/embed\/WTOfgH9OdSs?feature=oembed\" frameborder=\"0\" allow=\"accelerometer; autoplay; clipboard-write; encrypted-media; gyroscope; picture-in-picture; web-share\" referrerpolicy=\"strict-origin-when-cross-origin\" allowfullscreen><\/iframe><\/p>    <figure class=\"wp-block-image aligncenter wp-image-3736\"><img loading=\"lazy\" decoding=\"async\" width=\"750\" height=\"775\" src=\"https:\/\/www.agriculture-machine.com\/wp-content\/uploads\/2019\/05\/\u672a\u6807\u9898-1_01.jpg\" alt=\"M\u00e1y c\u1eaft c\u1ecf\" class=\"wp-image-3736\" srcset=\"https:\/\/www.agriculture-machine.com\/wp-content\/uploads\/2019\/05\/\u672a\u6807\u9898-1_01.jpg 750w, https:\/\/www.agriculture-machine.com\/wp-content\/uploads\/2019\/05\/\u672a\u6807\u9898-1_01-261x270.jpg 261w, https:\/\/www.agriculture-machine.com\/wp-content\/uploads\/2019\/05\/\u672a\u6807\u9898-1_01-523x540.jpg 523w\" sizes=\"auto, (max-width: 750px) 100vw, 750px\" \/><figcaption class=\"wp-element-caption\">M\u00e1y c\u1eaft c\u1ecf<\/figcaption><\/figure>    <figure class=\"wp-block-image aligncenter wp-image-3735\"><img loading=\"lazy\" decoding=\"async\" width=\"750\" height=\"750\" src=\"https:\/\/www.agriculture-machine.com\/wp-content\/uploads\/2019\/05\/\u672a\u6807\u9898-1.jpg\" alt=\"C\u1ea5u tr\u00fac m\u00e1y c\u1eaft c\u1ecf\" class=\"wp-image-3735\" srcset=\"https:\/\/www.agriculture-machine.com\/wp-content\/uploads\/2019\/05\/\u672a\u6807\u9898-1.jpg 750w, https:\/\/www.agriculture-machine.com\/wp-content\/uploads\/2019\/05\/\u672a\u6807\u9898-1-270x270.jpg 270w, https:\/\/www.agriculture-machine.com\/wp-content\/uploads\/2019\/05\/\u672a\u6807\u9898-1-540x540.jpg 540w\" sizes=\"auto, (max-width: 750px) 100vw, 750px\" \/><figcaption class=\"wp-element-caption\">C\u1ea5u tr\u00fac m\u00e1y c\u1eaft c\u1ecf<\/figcaption><\/figure>    <h2 class=\"wp-block-heading\">Th\u00f4ng s\u1ed1 k\u1ef9 thu\u1eadt c\u1ee7a m\u00e1y c\u1eaft c\u1ecf<\/h2>    <figure class=\"wp-block-table is-style-stripes\"><table><tbody><tr><td>M\u1eabu<\/td><td>9Z-1.2<\/td><td>9Z-1.5<\/td><td>9Z-1.8<\/td><\/tr><tr><td>Lo\u1ea1i c\u1ea5u tr\u00fac<\/td><td>Lo\u1ea1i \u0111\u0129a<\/td><td>Lo\u1ea1i \u0111\u0129a<\/td><td>Lo\u1ea1i \u0111\u0129a<\/td><\/tr><tr><td>C\u00f4ng su\u1ea5t<\/td><td>2.2kw-3kw<\/td><td>2.2kw-3kw<\/td><td>2.2kw-3kw<\/td><\/tr><tr><td>Tr\u1ecdng l\u01b0\u1ee3ng<\/td><td>80kg<\/td><td>90kg<\/td><td>100kg<\/td><\/tr><tr><td>K\u00edch th\u01b0\u1edbc<\/td><td>660*995*1840mm<\/td><td>770*1010*1870mm<\/td><td>800*1010*1900mm<\/td><\/tr><tr><td>Dung t\u00edch<\/td><td>1200kg\/h<\/td><td>1500kg\/h<\/td><td>1800kg\/h<\/td><\/tr><tr><td>T\u1ed1c \u0111\u1ed9 c\u1ee7a tr\u1ee5c ch\u00ednh<\/td><td>950r\/ph\u00fat<\/td><td>950r\/ph\u00fat<\/td><td>950r\/ph\u00fat<\/td><\/tr><tr><td>\u0110\u01b0\u1eddng k\u00ednh rotor<\/td><td>470mm<\/td><td>510mm<\/td><td>560mm<\/td><\/tr><tr><td>S\u1ed1 l\u01b0\u1ee3ng l\u01b0\u1ee1i dao<\/td><td>6 chi\u1ebfc<\/td><td>6 chi\u1ebfc<\/td><td>6 chi\u1ebfc<\/td><\/tr><tr><td>H\u00ecnh d\u1ea1ng l\u01b0\u1ee1i dao<\/td><td>H\u00ecnh ch\u1eef nh\u1eadt<\/td><td>H\u00ecnh ch\u1eef nh\u1eadt<\/td><td>H\u00ecnh ch\u1eef nh\u1eadt<\/td><\/tr><tr><td>T\u1ed1c \u0111\u1ed9 c\u1ee7a tr\u1ee5c cu\u1ed9n c\u1ea5p li\u1ec7u<\/td><td>360r\/ph\u00fat<\/td><td>360r\/ph\u00fat<\/td><td>360r\/ph\u00fat<\/td><\/tr><tr><td>Ch\u1ebf \u0111\u1ed9 c\u1ea5p li\u1ec7u<\/td><td>Th\u1ee7 c\u00f4ng<\/td><td>Th\u1ee7 c\u00f4ng<\/td><td>Th\u1ee7 c\u00f4ng<\/td><\/tr><tr><td>K\u00edch th\u01b0\u1edbc xay<\/td><td>5mm, 11mm, 15mm<\/td><td>5mm, 11mm, 15mm<\/td><td>5mm, 11mm, 15mm<\/td><\/tr><tr><td>Chi\u1ec1u r\u1ed9ng c\u1eeda n\u1ea1p<\/td><td>170mm<\/td><td>180mm<\/td><td>220mm<\/td><\/tr><\/tbody><\/table><figcaption class=\"wp-element-caption\">D\u1eef li\u1ec7u k\u1ef9 thu\u1eadt c\u1ee7a m\u00e1y c\u1eaft c\u1ecf<\/figcaption><\/figure>    <h2 class=\"wp-block-heading\">\u01afu \u0111i\u1ec3m c\u1ee7a m\u00e1y c\u1eaft c\u1ecf<\/h2>    <ol class=\"wp-block-list\"> <li>C\u1ea5u tr\u00fac h\u1ee3p l\u00fd. C\u1eeda ra d\u00e0i gi\u00fap d\u1ec5 d\u00e0ng x\u1ea3 c\u1ecf v\u00e0 ba c\u1ea5p \u0111\u1ed9 c\u00f3 th\u1ec3 \u0111i\u1ec1u ch\u1ec9nh \u0111\u1ed9 d\u00e0i c\u1ee7a c\u1ecf. Ngo\u00e0i ra, gi\u00e1 \u0111\u1ee1 d\u01b0\u1edbi c\u1eeda n\u1ea1p c\u00f3 th\u1ec3 ch\u1ecbu \u0111\u01b0\u1ee3c tr\u1ecdng l\u01b0\u1ee3ng c\u1ee7a \u0111\u1ed9ng c\u01a1 x\u0103ng.<\/li>    <li>B\u1ed1n b\u00e1nh xe gi\u00fap d\u1ec5 d\u00e0ng di chuy\u1ec3n.<\/li>    <li>Hi\u1ec7u su\u1ea5t l\u00e0m vi\u1ec7c tuy\u1ec7t v\u1eddi v\u00e0 nh\u1eb9. Tr\u1ecdng l\u01b0\u1ee3ng c\u1ee7a m\u00e1y ch\u1ec9 kho\u1ea3ng 90kg, nh\u01b0ng c\u00f4ng su\u1ea5t c\u1ee7a n\u00f3 l\u00e0 1.5 t\u1ea5n\/h.<\/li>    <li>K\u00edch th\u01b0\u1edbc xay c\u00f3 th\u1ec3 \u0111i\u1ec1u ch\u1ec9nh theo nhu c\u1ea7u c\u1ee7a b\u1ea1n, t\u1ee9c l\u00e0 5mm, 11mm, 15mm.<\/li>    <li>Hi\u1ec7u qu\u1ea3 nghi\u1ec1n c\u1ee7a m\u00e1y c\u1eaft c\u1ecf r\u1ea5t t\u1ed1t, v\u00e0 s\u1ea3n ph\u1ea9m cu\u1ed1i c\u00f9ng c\u00f3 th\u1ec3 d\u00f9ng \u0111\u1ec3 cho gia s\u00fac \u0103n.<\/li>    <li>B\u1ea1n c\u00f3 th\u1ec3 ch\u1ecdn c\u00e1c m\u1eabu kh\u00e1c nhau theo nhu c\u1ea7u c\u1ee7a m\u00ecnh.<\/li>    <li>L\u01b0\u1ee1i dao b\u00ean trong m\u00e1y r\u1ea5t s\u1eafc n\u00e9t v\u1edbi tu\u1ed5i th\u1ecd d\u00e0i, c\u00f3 th\u1ec3 c\u1eaft c\u1ecf ho\u00e0n to\u00e0n.<\/li>    <li>M\u00e1y c\u1eaft c\u1ecf d\u1ec5 v\u1eadn h\u00e0nh v\u00e0 ch\u1ec9 c\u1ea7n m\u1ed9t ng\u01b0\u1eddi \u0111\u1ec3 ho\u00e0n th\u00e0nh quy tr\u00ecnh.<\/li> <\/ol>    <figure class=\"wp-block-image aligncenter wp-image-3732\"><img decoding=\"async\" src=\"https:\/\/www.agriculture-machine.com\/wp-content\/uploads\/2019\/05\/DSC_3842.jpg\" alt=\"\u0110\u1ecba \u0111i\u1ec3m th\u1eed nghi\u1ec7m m\u00e1y c\u1eaft th\u00e2n ng\u00f4\" class=\"wp-image-3732\"\/><figcaption class=\"wp-element-caption\">\u0110\u1ecba \u0111i\u1ec3m th\u1eed nghi\u1ec7m m\u00e1y c\u1eaft th\u00e2n ng\u00f4<\/figcaption><\/figure>    <figure class=\"wp-block-image aligncenter wp-image-3733\"><img decoding=\"async\" src=\"https:\/\/www.agriculture-machine.com\/wp-content\/uploads\/2019\/05\/DSC_3848.jpg\" alt=\"m\u00e1y c\u1eaft v\u1ecf tr\u1ea5u\" class=\"wp-image-3733\"\/><figcaption class=\"wp-element-caption\">m\u00e1y c\u1eaft v\u1ecf tr\u1ea5u<\/figcaption><\/figure>    <h2 class=\"wp-block-heading\">Nguy\u00ean l\u00fd ho\u1ea1t \u0111\u1ed9ng c\u1ee7a m\u00e1y c\u1eaft c\u1ecf<\/h2>    <ol class=\"wp-block-list\"> <li>Tr\u01b0\u1edbc ti\u00ean, \u0111\u1eb7t c\u1ecf v\u00e0o ph\u1ec5u n\u1ea1p.<\/li>    <li>C\u00f3 ba c\u1ea5p \u0111\u1ed9 g\u1ed3m c\u1ea5p d\u00e0i, c\u1ea5p trung b\u00ecnh v\u00e0 c\u1ea5p ng\u1eafn, c\u00f3 th\u1ec3 \u0111i\u1ec1u ch\u1ec9nh \u0111\u1ed9 d\u00e0i c\u1ee7a c\u1ecf. 6 l\u01b0\u1ee1i dao v\u00e0 b\u00faa ho\u00e0n to\u00e0n c\u1eaft v\u00e0 nghi\u1ec1n n\u00e1t c\u1ecf v\u00e0o th\u1eddi \u0111i\u1ec3m n\u00e0y.<\/li>    <li>Sau v\u00e0i gi\u00e2y, c\u1ecf s\u1ebd \u0111\u01b0\u1ee3c x\u1ea3 ra kh\u1ecfi c\u1eeda.<\/li> <\/ol>    <figure class=\"wp-block-image aligncenter wp-image-3734\"><img decoding=\"async\" src=\"https:\/\/www.agriculture-machine.com\/wp-content\/uploads\/2019\/05\/DSC_3851.jpg\" alt=\"Hi\u1ec7u qu\u1ea3 c\u1eaft c\u1ee7a m\u00e1y c\u1eaft v\u1ecf tr\u1ea5u\" class=\"wp-image-3734\"\/><figcaption class=\"wp-element-caption\">Hi\u1ec7u qu\u1ea3 c\u1eaft c\u1ee7a m\u00e1y c\u1eaft v\u1ecf tr\u1ea5u<\/figcaption><\/figure>    <h2 class=\"wp-block-heading\"><span style=\"color: #ff0000;\">S\u1ef1 chu\u1ea9n b\u1ecb c\u1ee7a vi\u1ec7c c\u1eaft c\u1ecf<\/span><\/h2>    <ol class=\"wp-block-list\"> <li>Lo\u1ea1i b\u1ecf c\u00e1c v\u1eadt c\u1ee9ng nh\u01b0 g\u1eady g\u1ed7, s\u1eaft, \u0111\u00e1, v.v. trong c\u1ecf.<\/li>    <li>L\u1eafp \u0111\u1eb7t b\u1ed9 \u0111i\u1ec1u ch\u1ec9nh t\u1ed1c \u0111\u1ed9 theo \u0111\u1ed9 d\u00e0i c\u1ee7a c\u1ecf b\u1ea1n c\u1ea7n.<\/li>    <li>B\u1eadt ngu\u1ed3n, \u0111\u1ec3 m\u00e1y ch\u1ea1y kh\u00f4ng t\u1ea3i trong v\u00e0i ph\u00fat. Sau \u0111\u00f3, l\u1ea5y m\u1ed9t l\u01b0\u1ee3ng c\u1ecf ph\u00f9 h\u1ee3p v\u00e0o c\u1eeda c\u1ea5p \u0111\u1ec1u \u0111\u1eb7n \u0111\u1ec3 tr\u00e1nh t\u00ecnh tr\u1ea1ng b\u1ea5t th\u01b0\u1eddng. Qu\u00e1 nhi\u1ec1u c\u1ecf s\u1ebd g\u00e2y qu\u00e1 t\u1ea3i d\u1eebng, n\u1ebfu kh\u00f4ng s\u1ebd \u1ea3nh h\u01b0\u1edfng \u0111\u1ebfn hi\u1ec7u qu\u1ea3 c\u1eaft.<\/li>    <li>Khi d\u1eebng, \u0111\u1ec3 m\u00e1y ch\u1ea1y kh\u00f4ng t\u1ea3i trong hai ph\u00fat. Th\u1ed5i b\u1ee5i v\u00e0 c\u1ecf d\u1ea1i b\u00ean trong m\u00e1y c\u1eaft c\u1ecf gia s\u00fac, sau \u0111\u00f3 t\u1eaft m\u00e1y v\u00e0 \u0111i\u1ec1u ch\u1ec9nh tay c\u1ea7m v\u1ec1 v\u1ecb tr\u00ed \u201cd\u1eebng\u201d.<\/li>    <li>Khi s\u1eed d\u1ee5ng \u0111\u1ed9ng c\u01a1 diesel ho\u1eb7c \u0111\u1ed9ng c\u01a1 tractor, c\u1ea7n \u0111i\u1ec1u ch\u1ec9nh ph\u00f9 h\u1ee3p van ga c\u1ee7a \u0111\u1ed9ng c\u01a1 diesel (th\u01b0\u1eddng d\u00f9ng ga trung b\u00ecnh). N\u1ebfu ga qu\u00e1 l\u1edbn, s\u1ebd g\u00e2y qu\u00e1 t\u1ea3i cho m\u00e1y. Ng\u01b0\u1ee3c l\u1ea1i, s\u1ebd \u1ea3nh h\u01b0\u1edfng \u0111\u1ebfn hi\u1ec7u qu\u1ea3 l\u00e0m vi\u1ec7c.<\/li>    <li>The gearbox handle of this machine has 3 gear positions, push the handle to the (in) position during normal use. When the feeding is too blocked, push the handle to the \u201cstop\u201d position, wait for a moment, and then push To the &#8220;return&#8221; position. You shall reduce the feeding amount and re-work. When the operation stops, the handle is adjusted to the &#8220;stop&#8221; position; when the handle is pushed, the pushing force should be appropriate.<\/li> <\/ol>    <h2 class=\"wp-block-heading\">C\u00e2u h\u1ecfi th\u01b0\u1eddng g\u1eb7p v\u1ec1 m\u00e1y c\u1eaft c\u1ecf<\/h2>   <div id=\"rank-math-faq\" class=\"rank-math-block\"> <div class=\"rank-math-list\"> <div id=\"faq-question-1707040336268\" class=\"rank-math-list-item\"> <h3 class=\"rank-math-question\">S\u1ed1 l\u01b0\u1ee3ng l\u01b0\u1ee1i dao b\u00ean trong m\u00e1y l\u00e0 bao nhi\u00eau? V\u00e0 h\u00ecnh d\u1ea1ng c\u1ee7a l\u01b0\u1ee1i dao nh\u01b0 th\u1ebf n\u00e0o?<\/h3> <div class=\"rank-math-answer\">  <p>C\u00f3 6 l\u01b0\u1ee1i dao.<\/p>  <\/div> <\/div> <div id=\"faq-question-1707040349705\" class=\"rank-math-list-item\"> <h3 class=\"rank-math-question\">H\u00ecnh d\u1ea1ng c\u1ee7a l\u01b0\u1ee1i dao l\u00e0 g\u00ec?<\/h3> <div class=\"rank-math-answer\">  <p>Ch\u00fang tr\u00f4ng gi\u1ed1ng h\u00ecnh ch\u1eef nh\u1eadt.<\/p>  <\/div> <\/div> <div id=\"faq-question-1707040362057\" class=\"rank-math-list-item\"> <h3 class=\"rank-math-question\">K\u00edch th\u01b0\u1edbc xay cu\u1ed1i c\u00f9ng c\u1ee7a c\u1ecf l\u00e0 bao nhi\u00eau?<\/h3> <div class=\"rank-math-answer\">  <p>5mm, 11mm, v\u00e0 15mm.<\/p>  <\/div> <\/div> <div id=\"faq-question-1707040375585\" class=\"rank-math-list-item\"> <h3 class=\"rank-math-question\">B\u1ea1n c\u00f3 c\u00e1c m\u00e1y kh\u00e1c v\u1edbi c\u00f4ng su\u1ea5t kh\u00e1c kh\u00f4ng?<\/h3> <div class=\"rank-math-answer\">  <p class=\"translation-block\">C\u00f3, ch\u00fang t\u00f4i c\u00f3. C\u00f4ng su\u1ea5t c\u1ee7a <strong><a href=\"https:\/\/www.agriculture-machine.com\/vi\/small-chaff-cutter\/\"><em>m\u00e1y c\u1eaft v\u1ecf tr\u1ea5u<\/em><\/a><\/strong> n\u00e0y l\u00e0 1.5 t\u1ea5n\/h. Ch\u00fang t\u00f4i c\u0169ng c\u00f3 c\u00e1c m\u00e1y t\u1eeb 2 t\u1ea5n\/h \u0111\u1ebfn 10 t\u1ea5n\/h.<\/p>  <\/div> <\/div> <div id=\"faq-question-1707040389913\" class=\"rank-math-list-item\"> <h3 class=\"rank-math-question\">C\u1ecf nghi\u1ec1n c\u00f3 th\u1ec3 d\u00f9ng \u0111\u1ec3 l\u00e0m g\u00ec?<\/h3> <div class=\"rank-math-answer\">  <p>C\u1ecf nghi\u1ec1n c\u00f3 th\u1ec3 d\u00f9ng \u0111\u1ec3 nu\u00f4i gia s\u00fac.<\/p>  <\/div> <\/div> <\/div> <\/div>","protected":false},"excerpt":{"rendered":"<p>M\u00e1y c\u1eaft c\u1ecf n\u00e0y c\u00f3 th\u1ec3 ph\u00f9 h\u1ee3p v\u1edbi \u0111\u1ed9ng c\u01a1 2.2kw, \u0111\u1ed9ng c\u01a1 x\u0103ng v\u00e0 diesel, v\u00e0 k\u00edch th\u01b0\u1edbc xay c\u00f3 th\u1ec3 l\u00e0 5mm, 11mm, 15mm. C\u1ecf nghi\u1ec1n c\u00f3 th\u1ec3 cho \u0103n c\u00e1c lo\u1ea1i gia s\u00fac nh\u01b0 b\u00f2, c\u1eebu, ng\u1ed7ng, g\u00e0, v.v.\u00a0<\/p>","protected":false},"author":1,"featured_media":14626,"parent":0,"comment_status":"closed","ping_status":"closed","template":"","tags":[2609,2630],"product-type":[912,876],"class_list":["post-3731","product","type-product","status-publish","has-post-thumbnail","hentry","tag-cutter","tag-feed","product-type-chaff-cutter","product-type-silage-machine"],"_links":{"self":[{"href":"https:\/\/www.agriculture-machine.com\/vi\/wp-json\/wp\/v2\/product\/3731","targetHints":{"allow":["GET"]}}],"collection":[{"href":"https:\/\/www.agriculture-machine.com\/vi\/wp-json\/wp\/v2\/product"}],"about":[{"href":"https:\/\/www.agriculture-machine.com\/vi\/wp-json\/wp\/v2\/types\/product"}],"author":[{"embeddable":true,"href":"https:\/\/www.agriculture-machine.com\/vi\/wp-json\/wp\/v2\/users\/1"}],"replies":[{"embeddable":true,"href":"https:\/\/www.agriculture-machine.com\/vi\/wp-json\/wp\/v2\/comments?post=3731"}],"wp:featuredmedia":[{"embeddable":true,"href":"https:\/\/www.agriculture-machine.com\/vi\/wp-json\/wp\/v2\/media\/14626"}],"wp:attachment":[{"href":"https:\/\/www.agriculture-machine.com\/vi\/wp-json\/wp\/v2\/media?parent=3731"}],"wp:term":[{"taxonomy":"post_tag","embeddable":true,"href":"https:\/\/www.agriculture-machine.com\/vi\/wp-json\/wp\/v2\/tags?post=3731"},{"taxonomy":"product-type","embeddable":true,"href":"https:\/\/www.agriculture-machine.com\/vi\/wp-json\/wp\/v2\/product-type?post=3731"}],"curies":[{"name":"wp","href":"https:\/\/api.w.org\/{rel}","templated":true}]}}