{"id":3747,"date":"2019-05-23T05:13:35","date_gmt":"2019-05-22T21:13:35","guid":{"rendered":"https:\/\/www.agriculture-machine.com\/?p=3747"},"modified":"2024-08-20T17:43:04","modified_gmt":"2024-08-20T09:43:04","slug":"stainless-steel-cocoa-beans-peeling-machine-with-long-service-life","status":"publish","type":"product","link":"https:\/\/www.agriculture-machine.com\/vi\/stainless-steel-cocoa-beans-peeling-machine-with-long-service-life\/","title":{"rendered":"M\u00e1y b\u00f3c v\u1ecf \u0111\u1eadu cacao th\u00e9p kh\u00f4ng g\u1ec9 v\u1edbi tu\u1ed5i th\u1ecd d\u00e0i"},"content":{"rendered":"<p class=\"translation-block\">Usually, people will process cocoa beans into a variety of cocoa powder, chocolate and other foods. And because of the hardness of the cocoa bean&#8217;s shell. People can use the <a href=\"https:\/\/www.agriculture-machine.com\/vi\/cocoa-pod-breaker-cocoa-pod-splitter-cocoa-pod-opener\/\">cocoa pod breaker<\/a> to break the shell. So that it is convenient for the further process of the cocoa bean. After opening the pod of the cocoa bean, we can use the cocoa beans peeling machine.<strong> The cocoa beans peeling machine<\/strong>\u00a0includes peeling roller, fan and gravity sorting part. This machine has simple and compact structure and stable performance. What\u2019s more, it is safe and reliable during operation. Peeled cocoa beans boasts great aroma, widely applying to produce chocolate, candy and other industries.<\/p> <div id='gallery-1' class='gallery galleryid-3747 gallery-columns-2 gallery-size-full'><figure class='gallery-item'> \t\t\t<div class='gallery-icon portrait'> \t\t\t\t<a href='https:\/\/www.agriculture-machine.com\/vi\/stainless-steel-cocoa-beans-peeling-machine-with-long-service-life\/attachment\/cocoa-beans-peeling-delivery-1\/'><img loading=\"lazy\" decoding=\"async\" width=\"400\" height=\"500\" src=\"https:\/\/www.agriculture-machine.com\/wp-content\/uploads\/2019\/05\/cocoa-beans-peeling-delivery-1.jpg\" class=\"attachment-full size-full\" alt=\"giao h\u00e0ng b\u00f3c v\u1ecf \u0111\u1eadu cacao (1)\" srcset=\"https:\/\/www.agriculture-machine.com\/wp-content\/uploads\/2019\/05\/cocoa-beans-peeling-delivery-1.jpg 400w, https:\/\/www.agriculture-machine.com\/wp-content\/uploads\/2019\/05\/cocoa-beans-peeling-delivery-1-216x270.jpg 216w\" sizes=\"auto, (max-width: 400px) 100vw, 400px\" \/><\/a> \t\t\t<\/div><\/figure><figure class='gallery-item'> \t\t\t<div class='gallery-icon portrait'> \t\t\t\t<a href='https:\/\/www.agriculture-machine.com\/vi\/stainless-steel-cocoa-beans-peeling-machine-with-long-service-life\/attachment\/cocoa-beans-peeling-2\/'><img loading=\"lazy\" decoding=\"async\" width=\"400\" height=\"500\" src=\"https:\/\/www.agriculture-machine.com\/wp-content\/uploads\/2019\/05\/cocoa-beans-peeling-2.jpg\" class=\"attachment-full size-full\" alt=\"b\u00f3c v\u1ecf \u0111\u1eadu cacao (2)\" srcset=\"https:\/\/www.agriculture-machine.com\/wp-content\/uploads\/2019\/05\/cocoa-beans-peeling-2.jpg 400w, https:\/\/www.agriculture-machine.com\/wp-content\/uploads\/2019\/05\/cocoa-beans-peeling-2-216x270.jpg 216w\" sizes=\"auto, (max-width: 400px) 100vw, 400px\" \/><\/a> \t\t\t<\/div><\/figure> \t\t<\/div>  <h2>Nguy\u00ean l\u00fd ho\u1ea1t \u0111\u1ed9ng c\u1ee7a m\u00e1y b\u00f3c v\u1ecf \u0111\u1eadu cacao<\/h2> <ol> <li>\u0110\u1ed5 \u0111\u1ec1u \u0111\u1eadu cacao v\u00e0o ph\u1ec5u c\u1ea5p li\u1ec7u.<\/li> <li>\u0110\u1eadu cacao li\u00ean t\u1ee5c \u0111\u01b0\u1ee3c l\u0103n b\u1edfi c\u00e1c tr\u1ee5c trong m\u00e1y, v\u00e0 v\u1ecf c\u1ee7a \u0111\u1eadu cacao sau \u0111\u00f3 \u0111\u01b0\u1ee3c l\u1ea5y ra.<\/li> <li>Gi\u00f3 c\u1ee7a qu\u1ea1t s\u1ebd h\u00fat v\u1ecf v\u00e0o cyclone.<\/li> <li>Cu\u1ed1i c\u00f9ng, \u0111\u1eadu cacao \u0111\u00e3 b\u00f3c v\u1ecf \u0111\u01b0\u1ee3c x\u1ea3 ra t\u1eeb ph\u00eda b\u00ean kia c\u1ee7a m\u00e1y.<\/li> <\/ol> <div id='gallery-2' class='gallery galleryid-3747 gallery-columns-2 gallery-size-full'><figure class='gallery-item'> \t\t\t<div class='gallery-icon portrait'> \t\t\t\t<a href='https:\/\/www.agriculture-machine.com\/vi\/stainless-steel-cocoa-beans-peeling-machine-with-long-service-life\/attachment\/cocoa-beans-peeling-delivery-6\/'><img loading=\"lazy\" decoding=\"async\" width=\"400\" height=\"500\" src=\"https:\/\/www.agriculture-machine.com\/wp-content\/uploads\/2019\/05\/cocoa-beans-peeling-delivery-6.jpg\" class=\"attachment-full size-full\" alt=\"Giao h\u00e0ng b\u00f3c v\u1ecf \u0111\u1eadu cacao (6)\" srcset=\"https:\/\/www.agriculture-machine.com\/wp-content\/uploads\/2019\/05\/cocoa-beans-peeling-delivery-6.jpg 400w, https:\/\/www.agriculture-machine.com\/wp-content\/uploads\/2019\/05\/cocoa-beans-peeling-delivery-6-216x270.jpg 216w\" sizes=\"auto, (max-width: 400px) 100vw, 400px\" \/><\/a> \t\t\t<\/div><\/figure><figure class='gallery-item'> \t\t\t<div class='gallery-icon portrait'> \t\t\t\t<a href='https:\/\/www.agriculture-machine.com\/vi\/stainless-steel-cocoa-beans-peeling-machine-with-long-service-life\/attachment\/cocoa-beans-peeling-2\/'><img loading=\"lazy\" decoding=\"async\" width=\"400\" height=\"500\" src=\"https:\/\/www.agriculture-machine.com\/wp-content\/uploads\/2019\/05\/cocoa-beans-peeling-2.jpg\" class=\"attachment-full size-full\" alt=\"b\u00f3c v\u1ecf \u0111\u1eadu cacao (2)\" srcset=\"https:\/\/www.agriculture-machine.com\/wp-content\/uploads\/2019\/05\/cocoa-beans-peeling-2.jpg 400w, https:\/\/www.agriculture-machine.com\/wp-content\/uploads\/2019\/05\/cocoa-beans-peeling-2-216x270.jpg 216w\" sizes=\"auto, (max-width: 400px) 100vw, 400px\" \/><\/a> \t\t\t<\/div><\/figure> \t\t<\/div>  <h2>\u1ee8ng d\u1ee5ng c\u1ee7a thi\u1ebft b\u1ecb b\u00f3c v\u1ecf \u0111\u1eadu cacao<\/h2> <p>B\u1ed9t cacao c\u00f3 m\u00f9i th\u01a1m m\u1ea1nh v\u00e0 c\u00f3 th\u1ec3 d\u00f9ng trong s\u00f4 c\u00f4 la cao c\u1ea5p, kem, k\u1eb9o v\u00e0 b\u00e1nh ng\u1ecdt. N\u00f3 c\u0169ng c\u00f3 th\u1ec3 \u1ee9ng d\u1ee5ng trong c\u00e1c ng\u00e0nh c\u00f4ng nghi\u1ec7p kh\u00e1c nh\u01b0 d\u01b0\u1ee3c ph\u1ea9m v\u00e0 s\u1ea3n ph\u1ea9m ch\u0103m s\u00f3c s\u1ee9c kh\u1ecfe.<\/p> <div id='gallery-3' class='gallery galleryid-3747 gallery-columns-2 gallery-size-full'><figure class='gallery-item'> \t\t\t<div class='gallery-icon portrait'> \t\t\t\t<a href='https:\/\/www.agriculture-machine.com\/vi\/stainless-steel-cocoa-beans-peeling-machine-with-long-service-life\/attachment\/cocoa-beans-peeling-5\/'><img loading=\"lazy\" decoding=\"async\" width=\"400\" height=\"500\" src=\"https:\/\/www.agriculture-machine.com\/wp-content\/uploads\/2019\/05\/cocoa-beans-peeling-5.jpg\" class=\"attachment-full size-full\" alt=\"b\u00f3c v\u1ecf \u0111\u1eadu cacao (5)\" srcset=\"https:\/\/www.agriculture-machine.com\/wp-content\/uploads\/2019\/05\/cocoa-beans-peeling-5.jpg 400w, https:\/\/www.agriculture-machine.com\/wp-content\/uploads\/2019\/05\/cocoa-beans-peeling-5-216x270.jpg 216w\" sizes=\"auto, (max-width: 400px) 100vw, 400px\" \/><\/a> \t\t\t<\/div><\/figure><figure class='gallery-item'> \t\t\t<div class='gallery-icon portrait'> \t\t\t\t<a href='https:\/\/www.agriculture-machine.com\/vi\/stainless-steel-cocoa-beans-peeling-machine-with-long-service-life\/attachment\/cocoa-beans-peeling-delivery-2\/'><img loading=\"lazy\" decoding=\"async\" width=\"400\" height=\"500\" src=\"https:\/\/www.agriculture-machine.com\/wp-content\/uploads\/2019\/05\/cocoa-beans-peeling-delivery-2.jpg\" class=\"attachment-full size-full\" alt=\"Giao h\u00e0ng b\u00f3c v\u1ecf \u0111\u1eadu cacao (2)\" srcset=\"https:\/\/www.agriculture-machine.com\/wp-content\/uploads\/2019\/05\/cocoa-beans-peeling-delivery-2.jpg 400w, https:\/\/www.agriculture-machine.com\/wp-content\/uploads\/2019\/05\/cocoa-beans-peeling-delivery-2-216x270.jpg 216w\" sizes=\"auto, (max-width: 400px) 100vw, 400px\" \/><\/a> \t\t\t<\/div><\/figure> \t\t<\/div>  <h2>\u01afu \u0111i\u1ec3m c\u1ee7a m\u00e1y b\u00f3c v\u1ecf \u0111\u1eadu cacao<\/h2> <ol> <li>B\u1eb1ng c\u00e1ch \u0111i\u1ec1u ch\u1ec9nh k\u00edch th\u01b0\u1edbc c\u1ee7a gi\u00f3 v\u00e0 khe h\u1edf b\u00f3c v\u1ecf, t\u1ea5t c\u1ea3 v\u1ecf v\u00e0 \u0111\u1eadu c\u00f3 th\u1ec3 \u0111\u01b0\u1ee3c t\u00e1ch ho\u00e0n to\u00e0n b\u1eb1ng c\u00e1ch \u0111i\u1ec1u ch\u1ec9nh c\u00f4ng su\u1ea5t gi\u00f3 v\u00e0 khe h\u1edf c\u1ee7a tr\u1ee5c b\u00f3c v\u1ecf.<\/li> <li>Qu\u1ea3 cyclone l\u1edbn b\u00ean c\u1ea1nh m\u00e1y b\u00f3c v\u1ecf \u0111\u1eadu cacao c\u00f3 th\u1ec3 ho\u00e0n to\u00e0n h\u1ea5p th\u1ee5 v\u1ecf c\u1ee7a \u0111\u1eadu cacao, n\u00e2ng cao t\u1ef7 l\u1ec7 l\u00e0m s\u1ea1ch.<\/li> <li>T\u1ef7 l\u1ec7 b\u00f3c v\u1ecf c\u00f3 th\u1ec3 \u0111\u1ea1t 99% ho\u1eb7c h\u01a1n, v\u00e0 \u0111\u1eadu cacao \u0111\u00e3 b\u00f3c v\u1ecf v\u1eabn gi\u1eef \u0111\u01b0\u1ee3c h\u01b0\u01a1ng th\u01a1m ban \u0111\u1ea7u.<\/li> <li>\u0110\u01b0\u1ee3c l\u00e0m b\u1eb1ng th\u00e9p kh\u00f4ng g\u1ec9 v\u00e0 c\u00f3 tu\u1ed5i th\u1ecd d\u00e0i, ch\u1ed1ng \u0103n m\u00f2n m\u1ea1nh m\u1ebd.<\/li> <\/ol> <h2>Th\u00f4ng s\u1ed1 k\u1ef9 thu\u1eadt c\u1ee7a m\u00e1y b\u00f3c v\u1ecf \u0111\u1eadu cacao<\/h2> <table> <tbody> <tr> <td width=\"284\">Dung t\u00edch<\/td> <td width=\"284\">400KG\/H<\/td> <\/tr> <tr> <td width=\"284\">\u0110\u1ed9ng c\u01a1<\/td> <td width=\"284\">\u00a00.75KW<\/td> <\/tr> <tr> <td width=\"284\">\u0110i\u1ec7n \u00e1p<\/td> <td width=\"284\">380V<\/td> <\/tr> <tr> <td width=\"284\">T\u1ef7 l\u1ec7 g\u1ecdt v\u1ecf<\/td> <td width=\"284\">\u00a0&gt;99%<\/td> <\/tr> <tr> <td width=\"284\">K\u00edch th\u01b0\u1edbc<\/td> <td width=\"284\">130*80* 130cm<\/td> <\/tr> <tr> <td width=\"284\">Tr\u1ecdng l\u01b0\u1ee3ng<\/td> <td width=\"284\">140kg<\/td> <\/tr> <\/tbody> <\/table> <h2>Tr\u01b0\u1eddng h\u1ee3p th\u00e0nh c\u00f4ng c\u1ee7a thi\u1ebft b\u1ecb b\u00f3c v\u1ecf \u0111\u1eadu cacao<\/h2> <p>L\u00e0 th\u00e0nh ph\u1ea7n c\u1ee7a s\u00f4 c\u00f4 la, kem, k\u1eb9o v\u00e0 b\u00e1nh ng\u1ecdt, m\u00e1y n\u00e0y r\u1ea5t ph\u1ed5 bi\u1ebfn \u1edf h\u1ea7u h\u1ebft c\u00e1c qu\u1ed1c gia. H\u00f4m qua ch\u00fang t\u00f4i \u0111\u00e3 b\u00e1n 5 b\u1ed9 m\u00e1y b\u00f3c v\u1ecf \u0111\u1eadu cacao cho Cameroon, v\u00e0 kh\u00e1ch h\u00e0ng n\u00e0y \u0111\u00e3 \u0111\u1eb7t h\u00e0ng nhi\u1ec1u l\u1ea7n. D\u01b0\u1edbi \u0111\u00e2y l\u00e0 chi ti\u1ebft \u0111\u00f3ng g\u00f3i.<\/p> <p>Cyclone c\u1ea7n \u0111\u01b0\u1ee3c x\u1ea3 do k\u00edch th\u01b0\u1edbc l\u1edbn.<\/p> <div id='gallery-4' class='gallery galleryid-3747 gallery-columns-2 gallery-size-full'><figure class='gallery-item'> \t\t\t<div class='gallery-icon portrait'> \t\t\t\t<a href='https:\/\/www.agriculture-machine.com\/vi\/stainless-steel-cocoa-beans-peeling-machine-with-long-service-life\/attachment\/cocoa-beans-peeling-delivery-5\/'><img loading=\"lazy\" decoding=\"async\" width=\"400\" height=\"500\" src=\"https:\/\/www.agriculture-machine.com\/wp-content\/uploads\/2019\/05\/cocoa-beans-peeling-delivery-5.jpg\" class=\"attachment-full size-full\" alt=\"Giao h\u00e0ng b\u00f3c v\u1ecf \u0111\u1eadu cacao (5)\" srcset=\"https:\/\/www.agriculture-machine.com\/wp-content\/uploads\/2019\/05\/cocoa-beans-peeling-delivery-5.jpg 400w, https:\/\/www.agriculture-machine.com\/wp-content\/uploads\/2019\/05\/cocoa-beans-peeling-delivery-5-216x270.jpg 216w\" sizes=\"auto, (max-width: 400px) 100vw, 400px\" \/><\/a> \t\t\t<\/div><\/figure><figure class='gallery-item'> \t\t\t<div class='gallery-icon portrait'> \t\t\t\t<a href='https:\/\/www.agriculture-machine.com\/vi\/stainless-steel-cocoa-beans-peeling-machine-with-long-service-life\/attachment\/cocoa-beans-peeling-delivery-7\/'><img loading=\"lazy\" decoding=\"async\" width=\"400\" height=\"500\" src=\"https:\/\/www.agriculture-machine.com\/wp-content\/uploads\/2019\/05\/cocoa-beans-peeling-delivery-7.jpg\" class=\"attachment-full size-full\" alt=\"Giao h\u00e0ng b\u00f3c v\u1ecf \u0111\u1eadu cacao (7)\" srcset=\"https:\/\/www.agriculture-machine.com\/wp-content\/uploads\/2019\/05\/cocoa-beans-peeling-delivery-7.jpg 400w, https:\/\/www.agriculture-machine.com\/wp-content\/uploads\/2019\/05\/cocoa-beans-peeling-delivery-7-216x270.jpg 216w\" sizes=\"auto, (max-width: 400px) 100vw, 400px\" \/><\/a> \t\t\t<\/div><\/figure> \t\t<\/div>  <div id='gallery-5' class='gallery galleryid-3747 gallery-columns-2 gallery-size-full'><figure class='gallery-item'> \t\t\t<div class='gallery-icon portrait'> \t\t\t\t<a href='https:\/\/www.agriculture-machine.com\/vi\/stainless-steel-cocoa-beans-peeling-machine-with-long-service-life\/attachment\/cocoa-beans-peeling-delivery-2\/'><img loading=\"lazy\" decoding=\"async\" width=\"400\" height=\"500\" src=\"https:\/\/www.agriculture-machine.com\/wp-content\/uploads\/2019\/05\/cocoa-beans-peeling-delivery-2.jpg\" class=\"attachment-full size-full\" alt=\"Giao h\u00e0ng b\u00f3c v\u1ecf \u0111\u1eadu cacao (2)\" srcset=\"https:\/\/www.agriculture-machine.com\/wp-content\/uploads\/2019\/05\/cocoa-beans-peeling-delivery-2.jpg 400w, https:\/\/www.agriculture-machine.com\/wp-content\/uploads\/2019\/05\/cocoa-beans-peeling-delivery-2-216x270.jpg 216w\" sizes=\"auto, (max-width: 400px) 100vw, 400px\" \/><\/a> \t\t\t<\/div><\/figure><figure class='gallery-item'> \t\t\t<div class='gallery-icon portrait'> \t\t\t\t<a href='https:\/\/www.agriculture-machine.com\/vi\/stainless-steel-cocoa-beans-peeling-machine-with-long-service-life\/attachment\/cocoa-beans-peeling-delivery-3\/'><img loading=\"lazy\" decoding=\"async\" width=\"400\" height=\"500\" src=\"https:\/\/www.agriculture-machine.com\/wp-content\/uploads\/2019\/05\/cocoa-beans-peeling-delivery-3.jpg\" class=\"attachment-full size-full\" alt=\"giao h\u00e0ng b\u00f3c v\u1ecf \u0111\u1eadu cacao (3)\" srcset=\"https:\/\/www.agriculture-machine.com\/wp-content\/uploads\/2019\/05\/cocoa-beans-peeling-delivery-3.jpg 400w, https:\/\/www.agriculture-machine.com\/wp-content\/uploads\/2019\/05\/cocoa-beans-peeling-delivery-3-216x270.jpg 216w\" sizes=\"auto, (max-width: 400px) 100vw, 400px\" \/><\/a> \t\t\t<\/div><\/figure> \t\t<\/div>  <h2>C\u00e2u h\u1ecfi th\u01b0\u1eddng g\u1eb7p v\u1ec1 m\u00e1y b\u00f3c v\u1ecf \u0111\u1eadu cacao<\/h2> <ol> <li>T\u1ef7 l\u1ec7 b\u00f3c v\u1ecf c\u1ee7a m\u00e1y n\u00e0y l\u00e0 bao nhi\u00eau?<\/li> <\/ol> <p>H\u01a1n 99%.<\/p> <ol start=\"2\"> <li>T\u00f4i c\u00f3 th\u1ec3 \u0111i\u1ec1u ch\u1ec9nh khe h\u1edf c\u1ee7a tr\u1ee5c kh\u00f4ng?<\/li> <\/ol> <p>V\u00e2ng, t\u1ea5t nhi\u00ean, kho\u1ea3ng c\u00e1ch c\u1ee7a tr\u1ee5c c\u00f3 th\u1ec3 \u0111i\u1ec1u ch\u1ec9nh, ph\u00f9 h\u1ee3p v\u1edbi c\u00e1c lo\u1ea1i \u0111\u1eadu cacao c\u00f3 k\u00edch th\u01b0\u1edbc kh\u00e1c nhau.<\/p> <ol start=\"3\"> <li>\u0110\u1eadu cacao \u0111\u00e3 b\u00f3c v\u1ecf d\u00f9ng \u0111\u1ec3 l\u00e0m g\u00ec?<\/li> <\/ol> <p>C\u00f3 th\u1ec3 d\u00f9ng \u0111\u1ec3 l\u00e0m s\u00f4 c\u00f4 la, kem, k\u1eb9o v\u00e0 b\u00e1nh ng\u1ecdt, v.v.<\/p>","protected":false},"excerpt":{"rendered":"<p>Usually, people will process cocoa beans into a variety of cocoa powder, chocolate and other foods. And because of the hardness of the cocoa bean&#8217;s shell. People can use the cocoa pod breaker to break the shell. So that it is convenient for the further process of the cocoa bean. After opening the pod of [&hellip;]<\/p>\n","protected":false},"author":1,"featured_media":3748,"parent":0,"comment_status":"open","ping_status":"open","template":"","tags":[],"product-type":[904],"class_list":["post-3747","product","type-product","status-publish","has-post-thumbnail","hentry","product-type-cocao-beans-dehuller-machine"],"_links":{"self":[{"href":"https:\/\/www.agriculture-machine.com\/vi\/wp-json\/wp\/v2\/product\/3747","targetHints":{"allow":["GET"]}}],"collection":[{"href":"https:\/\/www.agriculture-machine.com\/vi\/wp-json\/wp\/v2\/product"}],"about":[{"href":"https:\/\/www.agriculture-machine.com\/vi\/wp-json\/wp\/v2\/types\/product"}],"author":[{"embeddable":true,"href":"https:\/\/www.agriculture-machine.com\/vi\/wp-json\/wp\/v2\/users\/1"}],"replies":[{"embeddable":true,"href":"https:\/\/www.agriculture-machine.com\/vi\/wp-json\/wp\/v2\/comments?post=3747"}],"wp:featuredmedia":[{"embeddable":true,"href":"https:\/\/www.agriculture-machine.com\/vi\/wp-json\/wp\/v2\/media\/3748"}],"wp:attachment":[{"href":"https:\/\/www.agriculture-machine.com\/vi\/wp-json\/wp\/v2\/media?parent=3747"}],"wp:term":[{"taxonomy":"post_tag","embeddable":true,"href":"https:\/\/www.agriculture-machine.com\/vi\/wp-json\/wp\/v2\/tags?post=3747"},{"taxonomy":"product-type","embeddable":true,"href":"https:\/\/www.agriculture-machine.com\/vi\/wp-json\/wp\/v2\/product-type?post=3747"}],"curies":[{"name":"wp","href":"https:\/\/api.w.org\/{rel}","templated":true}]}}