{"id":3771,"date":"2019-05-27T04:04:16","date_gmt":"2019-05-26T20:04:16","guid":{"rendered":"https:\/\/www.agriculture-machine.com\/?p=3771"},"modified":"2026-02-25T17:41:02","modified_gmt":"2026-02-25T09:41:02","slug":"wheat-thresher-for-sale-sorghum-rice-thresher-beans-millet-threshing-machine","status":"publish","type":"product","link":"https:\/\/www.agriculture-machine.com\/vi\/wheat-thresher-for-sale-sorghum-rice-thresher-beans-millet-threshing-machine\/","title":{"rendered":"M\u00e1y xay l\u00faa m\u00ec | M\u00e1y xay g\u1ea1o \u0111\u1ec3 b\u00e1n"},"content":{"rendered":"<p class=\"translation-block\">Thi\u1ebft k\u1ebf m\u1edbi n\u00e0y  m\u00e1y xay x\u00e1t l\u00faa v\u1edbi hi\u1ec7u qu\u1ea3 l\u00e0m vi\u1ec7c cao, \u0111\u01b0\u1ee3c \u00e1p d\u1ee5ng r\u1ed9ng r\u00e3i \u0111\u1ec3 s\u00e0ng th\u00f3c l\u00faa v\u00e0 ng\u0169 c\u1ed1c, c\u00f4ng su\u1ea5t 400-500kg\/gi\u1edd. N\u00f3 c\u00f3 th\u1ec3 \u0111\u01b0\u1ee3c trang b\u1ecb \u0111\u1ed9ng c\u01a1, \u0111\u1ed9ng c\u01a1 x\u0103ng v\u00e0 \u0111\u1ed9ng c\u01a1 diesel, thu\u1eadn ti\u1ec7n cho nh\u1eefng khu v\u1ef1c \u0111i\u1ec7n kh\u00f4ng \u0111\u1ee7.<\/p>    <figure class=\"wp-block-image aligncenter wp-image-3775 size-full\"><img loading=\"lazy\" decoding=\"async\" width=\"600\" height=\"500\" src=\"https:\/\/www.agriculture-machine.com\/wp-content\/uploads\/2019\/05\/wheat-thresher-13.jpg\" alt=\"m\u00e1y xay x\u00e1t g\u1ea1o\" class=\"wp-image-3775\" srcset=\"https:\/\/www.agriculture-machine.com\/wp-content\/uploads\/2019\/05\/wheat-thresher-13.jpg 600w, https:\/\/www.agriculture-machine.com\/wp-content\/uploads\/2019\/05\/wheat-thresher-13-324x270.jpg 324w\" sizes=\"auto, (max-width: 600px) 100vw, 600px\" \/><figcaption class=\"wp-element-caption\">m\u00e1y xay x\u00e1t g\u1ea1o<\/figcaption><\/figure>    <p>M\u00e1y xay th\u00f3c c\u00f3 hai b\u00e1nh, khung \u0111i\u1ec1u ch\u1ec9nh, h\u1ed9c cho th\u1ee9c \u0103n, c\u1eeda x\u1ea3 t\u1ea1p ch\u1ea5t, c\u1eeda x\u1ea3 r\u01a1m v\u00e0 c\u1eeda x\u1ea3 kernel v.v.<\/p>    <figure class=\"wp-block-image aligncenter wp-image-3774 size-full\"><img loading=\"lazy\" decoding=\"async\" width=\"600\" height=\"500\" src=\"https:\/\/www.agriculture-machine.com\/wp-content\/uploads\/2019\/05\/wheat-thresher-12.jpg\" alt=\"m\u00e1y xay x\u00e1t g\u1ea1o\" class=\"wp-image-3774\" srcset=\"https:\/\/www.agriculture-machine.com\/wp-content\/uploads\/2019\/05\/wheat-thresher-12.jpg 600w, https:\/\/www.agriculture-machine.com\/wp-content\/uploads\/2019\/05\/wheat-thresher-12-324x270.jpg 324w\" sizes=\"auto, (max-width: 600px) 100vw, 600px\" \/><figcaption class=\"wp-element-caption\">m\u00e1y xay x\u00e1t g\u1ea1o<\/figcaption><\/figure>    <h2 class=\"wp-block-heading\">Th\u00f4ng s\u1ed1 k\u1ef9 thu\u1eadt c\u1ee7a m\u00e1y xay x\u00e1t g\u1ea1o<\/h2>    <figure class=\"wp-block-table\"><table class=\"has-fixed-layout\"><tbody><tr><td><strong><b>M\u1eabu<\/b><\/strong><\/td><td><strong><b>TZ-50<\/b><\/strong><\/td><\/tr><tr><td><strong><b>Dung t\u00edch<\/b><\/strong><\/td><td>400-500kg\/h<\/td><\/tr><tr><td><strong><b>C\u00f4ng su\u1ea5t<\/b><\/strong><\/td><td>\u0110\u1ed9ng c\u01a1 3kw<br><p>\u0110\u1ed9ng c\u01a1 diesel 8hp170F \u0111\u1ed9ng c\u01a1 x\u0103ng<\/p><\/td><\/tr><tr><td><strong><b>Tr\u1ecdng l\u01b0\u1ee3ng<\/b><\/strong><\/td><td>85kg<\/td><\/tr><tr><td><strong><b>K\u00edch th\u01b0\u1edbc<\/b><\/strong><\/td><td>1260*1320*1120mm<\/td><\/tr><\/tbody><\/table><\/figure>    <h2 class=\"wp-block-heading\">\u01afu \u0111i\u1ec3m c\u1ee7a m\u00e1y xay x\u00e1t g\u1ea1o<\/h2>    <ol class=\"wp-block-list\"> <li>L\u1ed7 tho\u00e1t l\u1edbn c\u00f3 th\u1ec3 c\u1ea3i thi\u1ec7n t\u1ef7 l\u1ec7 l\u00e0m s\u1ea1ch.<\/li>    <li>N\u00f3 ph\u00f9 h\u1ee3p v\u1edbi \u0111\u1ed9ng c\u01a1, \u0111\u1ed9ng c\u01a1 diesel v\u00e0 \u0111\u1ed9ng c\u01a1 x\u0103ng theo nhu c\u1ea7u<\/li>    <li>Hai b\u00e1nh xe v\u00e0 b\u00e1nh xe gi\u00fap d\u1ec5 d\u00e0ng di chuy\u1ec3n.<\/li>    <li>T\u1ef7 l\u1ec7 xay x\u00e1t cao. N\u00f3 c\u00f3 th\u1ec3 \u0111\u1ea1t 98%, v\u00e0 h\u1ea1t cu\u1ed1i c\u00f9ng r\u1ea5t s\u1ea1ch.<\/li>    <li>\u0110a ch\u1ee9c n\u0103ng. B\u1eb1ng c\u00e1ch thay \u0111\u1ed5i c\u00e1c m\u00e0n h\u00ecnh kh\u00e1c nhau, n\u00e0y <a href=\"https:\/\/www.agriculture-machine.com\/vi\/small-thresher-for-rice-wheat-beans-sorghum-millet\/\"><strong>m\u00e1y xay x\u00e1t l\u00faa m\u00ec<\/strong><\/a> c\u00f3 th\u1ec3 xay x\u00e1t nhi\u1ec1u lo\u1ea1i c\u00e2y tr\u1ed3ng nh\u01b0 g\u1ea1o, l\u00faa m\u00ec, \u0111\u1eadu, v.v.<\/li> <\/ol>    <figure class=\"wp-block-image aligncenter wp-image-3773 size-full\"><img loading=\"lazy\" decoding=\"async\" width=\"600\" height=\"500\" src=\"https:\/\/www.agriculture-machine.com\/wp-content\/uploads\/2019\/05\/wheat-thresher-11.jpg\" alt=\"m\u00e1y xay x\u00e1t l\u00faa m\u00ec\" class=\"wp-image-3773\" srcset=\"https:\/\/www.agriculture-machine.com\/wp-content\/uploads\/2019\/05\/wheat-thresher-11.jpg 600w, https:\/\/www.agriculture-machine.com\/wp-content\/uploads\/2019\/05\/wheat-thresher-11-324x270.jpg 324w\" sizes=\"auto, (max-width: 600px) 100vw, 600px\" \/><figcaption class=\"wp-element-caption\">m\u00e1y xay x\u00e1t l\u00faa m\u00ec<\/figcaption><\/figure>    <p>&nbsp;<\/p>    <h2 class=\"wp-block-heading\">Nguy\u00ean l\u00fd ho\u1ea1t \u0111\u1ed9ng c\u1ee7a m\u00e1y xay x\u00e1t l\u00faa<\/h2>    <ol class=\"wp-block-list\"> <li>Ng\u01b0\u1eddi d\u00f9ng t\u1eeb t\u1eeb \u0111\u01b0a g\u1ea1o v\u00e0o l\u1ed7 ti\u1ebfp nh\u1eadn<\/li>    <li>D\u01b0\u1edbi l\u1ef1c c\u1ee7a c\u00e1c con l\u0103n, h\u1ea1t g\u1ea1o \u0111\u01b0\u1ee3c t\u00e1ch kh\u1ecfi r\u01a1m v\u00e0 r\u01a1i v\u00e0o th\u00f9ng ch\u1ee9a.<\/li>    <li>3. V\u00e0 r\u01a1m \u0111\u01b0\u1ee3c th\u1ed5i ra qua l\u1ed7 tho\u00e1t kh\u00e1c.<\/li>    <li>\u0110\u1ec3 tr\u00e1nh r\u01a1m b\u1ecb t\u1eafc ngh\u1ebdn l\u1ed7 tho\u00e1t, t\u1ed1t h\u01a1n l\u00e0 s\u1eed d\u1ee5ng x\u1ebbng \u0111\u1ec3 lo\u1ea1i b\u1ecf ch\u00fang k\u1ecbp th\u1eddi.<\/li> <\/ol>    <figure class=\"wp-block-image aligncenter wp-image-3772 size-full\"><img loading=\"lazy\" decoding=\"async\" width=\"600\" height=\"500\" src=\"https:\/\/www.agriculture-machine.com\/wp-content\/uploads\/2019\/05\/wheat-thresher-10.jpg\" alt=\"\u1ed0ng ti\u1ebfp nh\u1eadn c\u1ee7a m\u00e1y xay l\u00faa m\u00ec\" class=\"wp-image-3772\" srcset=\"https:\/\/www.agriculture-machine.com\/wp-content\/uploads\/2019\/05\/wheat-thresher-10.jpg 600w, https:\/\/www.agriculture-machine.com\/wp-content\/uploads\/2019\/05\/wheat-thresher-10-324x270.jpg 324w\" sizes=\"auto, (max-width: 600px) 100vw, 600px\" \/><figcaption class=\"wp-element-caption\">\u1ed0ng ti\u1ebfp nh\u1eadn c\u1ee7a m\u00e1y xay l\u00faa m\u00ec<\/figcaption><\/figure>    <h2 class=\"wp-block-heading\">Tr\u01b0\u1eddng h\u1ee3p th\u00e0nh c\u00f4ng c\u1ee7a m\u00e1y xay x\u00e1t g\u1ea1o<\/h2>    <p class=\"translation-block\">V\u00e0o th\u00e1ng 2 n\u0103m 2019, 79 b\u1ed9 <strong>m\u00e1y xay x\u00e1t l\u00faa m\u00ec<\/strong> \u0111\u01b0\u1ee3c xu\u1ea5t kh\u1ea9u sang Peru. T\u1ef7 l\u1ec7 xay x\u00e1t cao, t\u1ef7 l\u1ec7 l\u00e0m s\u1ea1ch cao v\u00e0 hi\u1ec7u qu\u1ea3 l\u00e0m vi\u1ec7c xu\u1ea5t s\u1eafc khi\u1ebfn n\u00f3 r\u1ea5t ph\u1ed5 bi\u1ebfn tr\u00ean th\u1ecb tr\u01b0\u1eddng, v\u00e0 d\u01b0\u1edbi \u0111\u00e2y l\u00e0 chi ti\u1ebft \u0111\u00f3ng g\u00f3i.<\/p>    <figure class=\"wp-block-image aligncenter wp-image-3344 size-full\"><img loading=\"lazy\" decoding=\"async\" width=\"600\" height=\"500\" src=\"https:\/\/www.agriculture-machine.com\/wp-content\/uploads\/2019\/04\/wheat-thresher-4.jpg\" alt=\"N\u01a1i giao h\u00e0ng c\u1ee7a m\u00e1y xay x\u00e1t g\u1ea1o\" class=\"wp-image-3344\" srcset=\"https:\/\/www.agriculture-machine.com\/wp-content\/uploads\/2019\/04\/wheat-thresher-4.jpg 600w, https:\/\/www.agriculture-machine.com\/wp-content\/uploads\/2019\/04\/wheat-thresher-4-324x270.jpg 324w\" sizes=\"auto, (max-width: 600px) 100vw, 600px\" \/><figcaption class=\"wp-element-caption\">N\u01a1i giao h\u00e0ng c\u1ee7a m\u00e1y xay x\u00e1t g\u1ea1o<\/figcaption><\/figure>    <figure class=\"wp-block-image aligncenter wp-image-3345 size-full\"><img loading=\"lazy\" decoding=\"async\" width=\"600\" height=\"500\" src=\"https:\/\/www.agriculture-machine.com\/wp-content\/uploads\/2019\/04\/wheat-thresher-5.jpg\" alt=\"N\u01a1i giao h\u00e0ng c\u1ee7a m\u00e1y xay \u0111\u1eadu\" class=\"wp-image-3345\" srcset=\"https:\/\/www.agriculture-machine.com\/wp-content\/uploads\/2019\/04\/wheat-thresher-5.jpg 600w, https:\/\/www.agriculture-machine.com\/wp-content\/uploads\/2019\/04\/wheat-thresher-5-324x270.jpg 324w\" sizes=\"auto, (max-width: 600px) 100vw, 600px\" \/><figcaption class=\"wp-element-caption\">N\u01a1i giao h\u00e0ng c\u1ee7a m\u00e1y xay \u0111\u1eadu<\/figcaption><\/figure>    <h2 class=\"wp-block-heading\">C\u00e2u h\u1ecfi th\u01b0\u1eddng g\u1eb7p v\u1ec1 m\u00e1y xay th\u00f3c l\u00faa<\/h2>   <div id=\"rank-math-faq\" class=\"rank-math-block\"> <div class=\"rank-math-list\"> <div id=\"faq-question-1772012282082\" class=\"rank-math-list-item\"> <h3 class=\"rank-math-question\">What&#8217;s the capacity of the rice thresher machine?<\/h3> <div class=\"rank-math-answer\">  <p>400-500kg\/h.<\/p>  <\/div> <\/div> <div id=\"faq-question-1772012303332\" class=\"rank-math-list-item\"> <h3 class=\"rank-math-question\">B\u1ea1n \u0111\u00e3 xu\u1ea5t kh\u1ea9u sang n\u01b0\u1edbc n\u00e0o tr\u01b0\u1edbc \u0111\u00e2y?<\/h3> <div class=\"rank-math-answer\">  <p>M\u00e1y xay x\u00e1t l\u00faa m\u00ec n\u00e0y \u0111\u00e3 \u0111\u01b0\u1ee3c xu\u1ea5t kh\u1ea9u sang Philippines, Th\u00e1i Lan, Nigeria, Pakistan, v.v.<\/p>  <\/div> <\/div> <div id=\"faq-question-1772012313786\" class=\"rank-math-list-item\"> <h3 class=\"rank-math-question\">T\u1ef7 l\u1ec7 xay x\u01a1 l\u00e0 bao nhi\u00eau?<\/h3> <div class=\"rank-math-answer\">  <p>T\u1ef7 l\u1ec7 xay x\u00e1t tr\u00ean 98%.<\/p>  <\/div> <\/div> <div id=\"faq-question-1772012317685\" class=\"rank-math-list-item\"> <h3 class=\"rank-math-question\">Nguy\u00ean li\u1ec7u th\u00f4 l\u00e0 g\u00ec?<\/h3> <div class=\"rank-math-answer\">  <p>Nguy\u00ean li\u1ec7u ch\u00ednh l\u00e0 g\u1ea1o v\u00e0 l\u00faa m\u00ec.<\/p>  <\/div> <\/div> <\/div> <\/div>","protected":false},"excerpt":{"rendered":"<p>This rice wheat thresher\u00a0machine with high working efficiency, widely applying to thresh wheat, rice and millet, and its capacity is 400-500kg\/h.<\/p>","protected":false},"author":1,"featured_media":3780,"parent":0,"comment_status":"closed","ping_status":"closed","template":"","tags":[2614],"product-type":[894],"class_list":["post-3771","product","type-product","status-publish","has-post-thumbnail","hentry","tag-thresher","product-type-rice-and-wheat-thresher"],"_links":{"self":[{"href":"https:\/\/www.agriculture-machine.com\/vi\/wp-json\/wp\/v2\/product\/3771","targetHints":{"allow":["GET"]}}],"collection":[{"href":"https:\/\/www.agriculture-machine.com\/vi\/wp-json\/wp\/v2\/product"}],"about":[{"href":"https:\/\/www.agriculture-machine.com\/vi\/wp-json\/wp\/v2\/types\/product"}],"author":[{"embeddable":true,"href":"https:\/\/www.agriculture-machine.com\/vi\/wp-json\/wp\/v2\/users\/1"}],"replies":[{"embeddable":true,"href":"https:\/\/www.agriculture-machine.com\/vi\/wp-json\/wp\/v2\/comments?post=3771"}],"wp:featuredmedia":[{"embeddable":true,"href":"https:\/\/www.agriculture-machine.com\/vi\/wp-json\/wp\/v2\/media\/3780"}],"wp:attachment":[{"href":"https:\/\/www.agriculture-machine.com\/vi\/wp-json\/wp\/v2\/media?parent=3771"}],"wp:term":[{"taxonomy":"post_tag","embeddable":true,"href":"https:\/\/www.agriculture-machine.com\/vi\/wp-json\/wp\/v2\/tags?post=3771"},{"taxonomy":"product-type","embeddable":true,"href":"https:\/\/www.agriculture-machine.com\/vi\/wp-json\/wp\/v2\/product-type?post=3771"}],"curies":[{"name":"wp","href":"https:\/\/api.w.org\/{rel}","templated":true}]}}