{"id":3818,"date":"2019-06-03T05:42:18","date_gmt":"2019-06-02T21:42:18","guid":{"rendered":"https:\/\/www.agriculture-machine.com\/?p=3818"},"modified":"2024-09-18T16:04:28","modified_gmt":"2024-09-18T08:04:28","slug":"hand-operated-maize-corn-planter-machine-peanut-plant","status":"publish","type":"product","link":"https:\/\/www.agriculture-machine.com\/vi\/hand-operated-maize-corn-planter-machine-peanut-plant\/","title":{"rendered":"M\u00e1y gieo ng\u00f4 \u0111i\u1ec1u khi\u1ec3n b\u1eb1ng tay \/ m\u00e1y tr\u1ed3ng \u0111\u1eadu"},"content":{"rendered":"<p class=\"translation-block\"><strong>M\u00e1y tr\u1ed3ng ng\u00f4<\/strong> d\u00f9ng \u0111\u1ec3 tr\u1ed3ng c\u00e1c lo\u1ea1i c\u00e2y nh\u01b0 ng\u00f4, \u0111\u1eadu ph\u1ed9ng, v\u00e0 ch\u00fang t\u00f4i c\u00f3 c\u00e1c lo\u1ea1i m\u00e1y tr\u1ed3ng th\u1ee7 c\u00f4ng kh\u00e1c nhau v\u1edbi c\u00e1c c\u00f4ng su\u1ea5t kh\u00e1c nhau. Ch\u00fang nh\u1eb9 v\u1ec1 tr\u1ecdng l\u01b0\u1ee3ng, v\u00e0 m\u1ecdi n\u00f4ng d\u00e2n \u0111\u1ec1u c\u00f3 th\u1ec3 mua \u0111\u01b0\u1ee3c.<\/p> <h2><span style=\"color: #ff0000;\">lo\u1ea1i m\u1ed9t<\/span><\/h2> <h2><strong><b>Gi\u1edbi thi\u1ec7u ng\u1eafn g\u1ecdn v\u1ec1 m\u00e1y tr\u1ed3ng ng\u00f4<\/b><\/strong><\/h2> <p class=\"translation-block\">N\u00f3 l\u00e0 m\u00e1y tr\u1ed3ng ng\u00f4 th\u1ee7 c\u00f4ng  v\u1edbi hai th\u00f9ng ch\u1ee9a, c\u00f4ng su\u1ea5t 0.5 m\u1eabu Anh\/gi\u1edd, \u0111\u01b0\u1ee3c \u1ee9ng d\u1ee5ng r\u1ed9ng r\u00e3i \u0111\u1ec3 gieo tr\u1ed3ng ng\u00f4, \u0111\u1eadu ph\u1ed9ng, \u0111\u1eadu n\u00e0nh, l\u00faa m\u00ec, m\u1ea1ch nha, v.v. M\u00e1y n\u00e0y ch\u1ee7 y\u1ebfu g\u1ed3m c\u00f3 ph\u1ec5u c\u1ea5p li\u1ec7u, b\u00e1nh xe l\u1edbn, hai tay c\u1ea7m, d\u1ee5ng c\u1ee5 \u0111\u00e0o \u0111\u1ea5t, ph\u1ea7n che ph\u1ee7 \u0111\u1ea5t v\u00e0 ph\u1ea7n gieo h\u1ea1t.<\/p> <figure id=\"attachment_3827\" aria-describedby=\"caption-attachment-3827\" style=\"width: 600px\" class=\"wp-caption aligncenter\"><img loading=\"lazy\" decoding=\"async\" class=\"wp-image-3827 size-full\" src=\"https:\/\/www.agriculture-machine.com\/wp-content\/uploads\/2019\/06\/corn-planting-9.jpg\" alt=\"m\u00e1y gieo ng\u00f4\" width=\"600\" height=\"410\" srcset=\"https:\/\/www.agriculture-machine.com\/wp-content\/uploads\/2019\/06\/corn-planting-9.jpg 600w, https:\/\/www.agriculture-machine.com\/wp-content\/uploads\/2019\/06\/corn-planting-9-360x246.jpg 360w\" sizes=\"auto, (max-width: 600px) 100vw, 600px\" \/><figcaption id=\"caption-attachment-3827\" class=\"wp-caption-text\">m\u00e1y gieo ng\u00f4<\/figcaption><\/figure> <p>Hai ng\u01b0\u1eddi c\u1ea7n thi\u1ebft khi v\u1eadn h\u00e0nh, v\u00e0 r\u1ea5t d\u1ec5 s\u1eed d\u1ee5ng v\u00e0 v\u1eadn h\u00e0nh. Tr\u1ee5c xanh b\u00ean ngo\u00e0i th\u00f9ng ch\u1ee9a c\u1ee7a m\u00e1y gieo h\u1ea1t \u0111i\u1ec1u khi\u1ec3n vi\u1ec7c r\u01a1i h\u1ea1t gi\u1ed1ng v\u00e0 v\u00edt th\u00e1o tr\u1ee5c xanh c\u00f3 th\u1ec3 thay \u0111\u1ed5i th\u00f9ng ch\u1ee9a. Kho\u1ea3ng c\u00e1ch gieo tr\u1ed3ng ph\u1ee5 thu\u1ed9c v\u00e0o t\u1ed1c \u0111\u1ed9 c\u1ee7a ng\u01b0\u1eddi v\u1eadn h\u00e0nh.<\/p> <figure id=\"attachment_3823\" aria-describedby=\"caption-attachment-3823\" style=\"width: 600px\" class=\"wp-caption aligncenter\"><img loading=\"lazy\" decoding=\"async\" class=\"wp-image-3823 size-full\" src=\"https:\/\/www.agriculture-machine.com\/wp-content\/uploads\/2019\/06\/corn-planting-5.jpg\" alt=\"m\u00e1y gieo ng\u00f4\" width=\"600\" height=\"476\" srcset=\"https:\/\/www.agriculture-machine.com\/wp-content\/uploads\/2019\/06\/corn-planting-5.jpg 600w, https:\/\/www.agriculture-machine.com\/wp-content\/uploads\/2019\/06\/corn-planting-5-340x270.jpg 340w\" sizes=\"auto, (max-width: 600px) 100vw, 600px\" \/><figcaption id=\"caption-attachment-3823\" class=\"wp-caption-text\">m\u00e1y gieo ng\u00f4<\/figcaption><\/figure> <figure id=\"attachment_3822\" aria-describedby=\"caption-attachment-3822\" style=\"width: 600px\" class=\"wp-caption aligncenter\"><img loading=\"lazy\" decoding=\"async\" class=\"wp-image-3822 size-full\" src=\"https:\/\/www.agriculture-machine.com\/wp-content\/uploads\/2019\/06\/corn-planting-4.jpg\" alt=\"m\u00e1y tr\u1ed3ng ng\u00f4\" width=\"600\" height=\"476\" srcset=\"https:\/\/www.agriculture-machine.com\/wp-content\/uploads\/2019\/06\/corn-planting-4.jpg 600w, https:\/\/www.agriculture-machine.com\/wp-content\/uploads\/2019\/06\/corn-planting-4-340x270.jpg 340w\" sizes=\"auto, (max-width: 600px) 100vw, 600px\" \/><figcaption id=\"caption-attachment-3822\" class=\"wp-caption-text\">m\u00e1y tr\u1ed3ng ng\u00f4<\/figcaption><\/figure> <h2><strong><b>Th\u00f4ng s\u1ed1 k\u1ef9 thu\u1eadt<\/b><\/strong><strong><b> c\u1ee7a TZY-100<\/b><\/strong><\/h2> <table> <tbody> <tr> <td width=\"284\">T\u00ean<\/td> <td width=\"284\">M\u00e1y gieo h\u1ea1t<\/td> <\/tr> <tr> <td width=\"284\">M\u1eabu<\/td> <td width=\"284\">TZY-100<\/td> <\/tr> <tr> <td width=\"284\">Dung t\u00edch<\/td> <td width=\"284\">0.5 m\u1eabu Anh\/gi\u1edd<\/td> <\/tr> <tr> <td width=\"284\">K\u00edch th\u01b0\u1edbc<\/td> <td width=\"284\">1370*420*900<\/td> <\/tr> <tr> <td width=\"284\">Tr\u1ecdng l\u01b0\u1ee3ng<\/td> <td width=\"284\">12kg<\/td> <\/tr> <\/tbody> <\/table> <h2><strong><b>Nguy\u00ean l\u00fd ho\u1ea1t \u0111\u1ed9ng c\u1ee7a m\u00e1y tr\u1ed3ng ng\u00f4<br \/> <\/b><\/strong><\/h2> <ol> <li>Ng\u01b0\u1eddi ph\u00eda tr\u01b0\u1edbc k\u00e9o d\u00e2y \u0111ai c\u1ee7a b\u00e1nh xe ph\u00eda tr\u01b0\u1edbc, v\u00e0 ng\u01b0\u1eddi ph\u00eda sau \u0111\u1ea9y m\u00e1y \u0111\u1ec3 \u0111i\u1ec1u khi\u1ec3n h\u01b0\u1edbng \u0111i.<\/li> <li>Tr\u01b0\u1edbc ti\u00ean, m\u00e1y \u0111\u00e0o \u0111\u1ea5t s\u1ebd \u0111\u00e0o \u0111\u1ea5t \u1edf \u0111\u1ed9 s\u00e2u nh\u1ea5t \u0111\u1ecbnh.<\/li> <li>Sau \u0111\u00f3, h\u1ea1t trong thi\u1ebft b\u1ecb gieo tr\u1ed3ng r\u01a1i xu\u1ed1ng \u0111\u1ea5t d\u1ea7n theo chuy\u1ec3n \u0111\u1ed9ng c\u1ee7a hai ng\u01b0\u1eddi v\u1eadn h\u00e0nh.<\/li> <li>Cu\u1ed1i c\u00f9ng, b\u00e1nh xe nh\u1ecf ph\u00eda sau ph\u1ee7 \u0111\u1ea5t l\u00ean h\u1ea1t gi\u1ed1ng.<\/li> <\/ol> <figure id=\"attachment_3821\" aria-describedby=\"caption-attachment-3821\" style=\"width: 600px\" class=\"wp-caption aligncenter\"><img loading=\"lazy\" decoding=\"async\" class=\"wp-image-3821 size-full\" src=\"https:\/\/www.agriculture-machine.com\/wp-content\/uploads\/2019\/06\/corn-planting-3.jpg\" alt=\"m\u00e1y gieo ng\u00f4\" width=\"600\" height=\"476\" srcset=\"https:\/\/www.agriculture-machine.com\/wp-content\/uploads\/2019\/06\/corn-planting-3.jpg 600w, https:\/\/www.agriculture-machine.com\/wp-content\/uploads\/2019\/06\/corn-planting-3-340x270.jpg 340w\" sizes=\"auto, (max-width: 600px) 100vw, 600px\" \/><figcaption id=\"caption-attachment-3821\" class=\"wp-caption-text\">m\u00e1y gieo ng\u00f4<\/figcaption><\/figure> <figure id=\"attachment_3820\" aria-describedby=\"caption-attachment-3820\" style=\"width: 600px\" class=\"wp-caption aligncenter\"><img loading=\"lazy\" decoding=\"async\" class=\"wp-image-3820 size-full\" src=\"https:\/\/www.agriculture-machine.com\/wp-content\/uploads\/2019\/06\/corn-planting-2.jpg\" alt=\"h\u00ecnh \u1ea3nh b\u00ean trong c\u1ee7a m\u00e1y\" width=\"600\" height=\"476\" srcset=\"https:\/\/www.agriculture-machine.com\/wp-content\/uploads\/2019\/06\/corn-planting-2.jpg 600w, https:\/\/www.agriculture-machine.com\/wp-content\/uploads\/2019\/06\/corn-planting-2-340x270.jpg 340w\" sizes=\"auto, (max-width: 600px) 100vw, 600px\" \/><figcaption id=\"caption-attachment-3820\" class=\"wp-caption-text\">h\u00ecnh \u1ea3nh b\u00ean trong c\u1ee7a m\u00e1y<\/figcaption><\/figure> <h2><strong><b>\u01afu \u0111i\u1ec3m c\u1ee7a m\u00e1y ch\u00fang t\u00f4i<br \/> <\/b><\/strong><\/h2> <ol> <li>M\u00e1y tr\u1ed3ng ng\u00f4 c\u00f3 th\u1ec3 tr\u1ed3ng nhi\u1ec1u lo\u1ea1i c\u00e2y nh\u01b0 ng\u00f4, \u0111\u1eadu, l\u1ea1c, l\u00faa m\u00ec.<\/li> <li><strong>M\u00e1y tr\u1ed3ng ng\u00f4 \u0111\u1ec3 b\u00e1n<\/strong> nh\u1eb9 v\u1ec1 tr\u1ecdng l\u01b0\u1ee3ng v\u00e0 d\u1ec5 v\u1eadn h\u00e0nh.<\/li> <li>H\u1ea1t gi\u1ed1ng r\u01a1i \u0111\u1ec1u v\u00e0o ru\u1ed9ng v\u00e0 c\u00f3 t\u1ef7 l\u1ec7 s\u1ed1ng cao.<\/li> <li>D\u1ec5 d\u00e0ng thay \u0111\u1ed5i c\u00e1c th\u00f9ng gieo h\u1ea1t \u0111\u1ec3 tr\u1ed3ng c\u00e1c lo\u1ea1i c\u00e2y kh\u00e1c nhau.<\/li> <li>C\u1ea5u tr\u00fac c\u1ee7a n\u00f3 \u0111\u01a1n gi\u1ea3n, gi\u00fap d\u1ec5 d\u00e0ng l\u1eafp \u0111\u1eb7t v\u00e0 th\u00e1o r\u1eddi.<\/li> <li>Quan tr\u1ecdng nh\u1ea5t, m\u00e1y tr\u1ed3ng ng\u00f4 th\u1ee7 c\u00f4ng n\u00e0y c\u00f3 gi\u00e1 th\u1ea5p, ai c\u0169ng c\u00f3 th\u1ec3 mua \u0111\u01b0\u1ee3c.<\/li> <\/ol> <figure id=\"attachment_3824\" aria-describedby=\"caption-attachment-3824\" style=\"width: 600px\" class=\"wp-caption aligncenter\"><img loading=\"lazy\" decoding=\"async\" class=\"wp-image-3824 size-full\" src=\"https:\/\/www.agriculture-machine.com\/wp-content\/uploads\/2019\/06\/corn-planting-6.jpg\" alt=\"ph\u1ee5 ki\u1ec7n m\u00e1y\" width=\"600\" height=\"476\" srcset=\"https:\/\/www.agriculture-machine.com\/wp-content\/uploads\/2019\/06\/corn-planting-6.jpg 600w, https:\/\/www.agriculture-machine.com\/wp-content\/uploads\/2019\/06\/corn-planting-6-340x270.jpg 340w\" sizes=\"auto, (max-width: 600px) 100vw, 600px\" \/><figcaption id=\"caption-attachment-3824\" class=\"wp-caption-text\">ph\u1ee5 ki\u1ec7n m\u00e1y<\/figcaption><\/figure> <h2><span style=\"color: #ff0000;\">lo\u1ea1i hai: M\u00e1y tr\u1ed3ng ng\u00f4 \u0111\u1ea9y b\u1eb1ng tay, b\u00e1nh xe<\/span><\/h2> <p>Phong c\u00e1ch s\u1ea3n ph\u1ea9m: 6 m\u1eabu (t\u00f9y ch\u1ecdn)<br \/> Seeding depth: 3.5&#8211;7.8 cm.<br \/> L\u01b0\u1ee3ng gieo tr\u1ed3ng: 1-3 h\u1ea1t ng\u00f4 (c\u00f3 th\u1ec3 \u0111i\u1ec1u ch\u1ec9nh)<\/p> <figure id=\"attachment_4242\" aria-describedby=\"caption-attachment-4242\" style=\"width: 581px\" class=\"wp-caption aligncenter\"><img loading=\"lazy\" decoding=\"async\" class=\"wp-image-4242\" src=\"https:\/\/www.agriculture-machine.com\/wp-content\/uploads\/2019\/06\/corn-planter-5.jpg\" alt=\"Chi ti\u1ebft m\u00e1y\" width=\"581\" height=\"581\" srcset=\"https:\/\/www.agriculture-machine.com\/wp-content\/uploads\/2019\/06\/corn-planter-5.jpg 500w, https:\/\/www.agriculture-machine.com\/wp-content\/uploads\/2019\/06\/corn-planter-5-270x270.jpg 270w\" sizes=\"auto, (max-width: 581px) 100vw, 581px\" \/><figcaption id=\"caption-attachment-4242\" class=\"wp-caption-text\">Chi ti\u1ebft m\u00e1y<\/figcaption><\/figure> <p>\u1ee8ng d\u1ee5ng: M\u00e1y tr\u1ed3ng ng\u00f4 n\u00e0y t\u1eeb b\u1ecf c\u00e1c ph\u01b0\u01a1ng ph\u00e1p tr\u1ed3ng truy\u1ec1n th\u1ed1ng, v\u00e0 m\u00e1y c\u00f3 th\u1ec3 tr\u1ef1c ti\u1ebfp ti\u00eam h\u1ea1t v\u00e0o \u0111\u1ea5t. M\u1ed9t ng\u01b0\u1eddi c\u00f3 th\u1ec3 tr\u1ed3ng 6-8 m\u1eabu m\u1ed7i ng\u00e0y v\u1edbi m\u1ed9t m\u00e1y, v\u00e0 n\u0103ng su\u1ea5t gieo tr\u1ed3ng \u0111\u01b0\u1ee3c t\u0103ng g\u1ea5p ba l\u1ea7n. N\u00f3 c\u00f3 \u0111\u1eb7c \u0111i\u1ec3m gieo ch\u00ednh x\u00e1c, c\u00e2y con g\u1ecdn g\u00e0ng. H\u01a1n n\u1eefa, d\u1ec5 v\u1eadn h\u00e0nh v\u00e0 hi\u1ec7u qu\u1ea3 cao.<\/p> <figure id=\"attachment_4241\" aria-describedby=\"caption-attachment-4241\" style=\"width: 583px\" class=\"wp-caption aligncenter\"><img loading=\"lazy\" decoding=\"async\" class=\"wp-image-4241\" src=\"https:\/\/www.agriculture-machine.com\/wp-content\/uploads\/2019\/06\/corn-planter-4.jpg\" alt=\"M\u00e1y tr\u1ed3ng ng\u00f4 \u0111\u1ec3 b\u00e1n\" width=\"583\" height=\"583\" srcset=\"https:\/\/www.agriculture-machine.com\/wp-content\/uploads\/2019\/06\/corn-planter-4.jpg 500w, https:\/\/www.agriculture-machine.com\/wp-content\/uploads\/2019\/06\/corn-planter-4-270x270.jpg 270w\" sizes=\"auto, (max-width: 583px) 100vw, 583px\" \/><figcaption id=\"caption-attachment-4241\" class=\"wp-caption-text\">M\u00e1y tr\u1ed3ng ng\u00f4 \u0111\u1ec3 b\u00e1n<\/figcaption><\/figure> <p>T\u00ednh n\u0103ng:<br \/> 1. Lo\u1ea1i m\u00e1y tr\u1ed3ng ng\u00f4 n\u00e0y c\u00f3 thi\u1ebft k\u1ebf r\u0103ng \u0111\u1eb7c bi\u1ec7t d\u1ec5 di chuy\u1ec3n trong ru\u1ed9ng nh\u1edd tr\u1ecdng l\u01b0\u1ee3ng nh\u1eb9.<br \/> 2. V\u1eadn h\u00e0nh thu\u1eadn ti\u1ec7n. M\u1ed9t ng\u01b0\u1eddi c\u00f3 th\u1ec3 ho\u00e0n th\u00e0nh t\u1ea5t c\u1ea3 c\u00e1c quy tr\u00ecnh.<br \/> 3. Ph\u00f9 h\u1ee3p v\u1edbi c\u00e1c khu v\u1ef1c kh\u00e1c nhau nh\u01b0 n\u00fai, \u0111\u1ed3i v\u00e0 s\u00e2n th\u01b0\u1ee3ng, v.v.<br \/> 4. Gieo h\u1ea1t ch\u00ednh x\u00e1c. C\u00e2y con c\u00f3 t\u1ef7 l\u1ec7 s\u1ed1ng cao.<br \/> 5. \u1ee8ng d\u1ee5ng r\u1ed9ng r\u00e3i: c\u00f3 th\u1ec3 tr\u1ed3ng ng\u00f4, \u0111\u1eadu n\u00e0nh, v.v., v\u00e0 \u0111\u01b0\u1eddng k\u00ednh h\u1ea1t t\u1eeb 3mm \u0111\u1ebfn 15mm.<br \/> 6. Gi\u00e1 th\u1ea5p. M\u00e1y tr\u1ed3ng ng\u00f4 n\u00e0y r\u1ea5t r\u1ebb, v\u00e0 t\u1ea5t c\u1ea3 n\u00f4ng d\u00e2n \u0111\u1ec1u c\u00f3 th\u1ec3 mua \u0111\u01b0\u1ee3c.<\/p> <figure id=\"attachment_4240\" aria-describedby=\"caption-attachment-4240\" style=\"width: 585px\" class=\"wp-caption aligncenter\"><img loading=\"lazy\" decoding=\"async\" class=\"wp-image-4240\" src=\"https:\/\/www.agriculture-machine.com\/wp-content\/uploads\/2019\/06\/corn-planter-3.jpg\" alt=\"M\u1ed9t tr\u01b0\u1eddng h\u1ee3p th\u00e0nh c\u00f4ng c\u1ee7a m\u00e1y tr\u1ed3ng ng\u00f4\" width=\"585\" height=\"585\" srcset=\"https:\/\/www.agriculture-machine.com\/wp-content\/uploads\/2019\/06\/corn-planter-3.jpg 500w, https:\/\/www.agriculture-machine.com\/wp-content\/uploads\/2019\/06\/corn-planter-3-270x270.jpg 270w\" sizes=\"auto, (max-width: 585px) 100vw, 585px\" \/><figcaption id=\"caption-attachment-4240\" class=\"wp-caption-text\">M\u1ed9t tr\u01b0\u1eddng h\u1ee3p th\u00e0nh c\u00f4ng c\u1ee7a m\u00e1y tr\u1ed3ng ng\u00f4<\/figcaption><\/figure> <figure id=\"attachment_4239\" aria-describedby=\"caption-attachment-4239\" style=\"width: 583px\" class=\"wp-caption aligncenter\"><img loading=\"lazy\" decoding=\"async\" class=\"wp-image-4239\" src=\"https:\/\/www.agriculture-machine.com\/wp-content\/uploads\/2019\/06\/corn-planter-2.jpg\" alt=\"m\u00e1y gieo ng\u00f4\" width=\"583\" height=\"583\" srcset=\"https:\/\/www.agriculture-machine.com\/wp-content\/uploads\/2019\/06\/corn-planter-2.jpg 500w, https:\/\/www.agriculture-machine.com\/wp-content\/uploads\/2019\/06\/corn-planter-2-270x270.jpg 270w\" sizes=\"auto, (max-width: 583px) 100vw, 583px\" \/><figcaption id=\"caption-attachment-4239\" class=\"wp-caption-text\">m\u00e1y gieo ng\u00f4<\/figcaption><\/figure> <h2>tin t\u1ee9c giao h\u00e0ng m\u00e1y tr\u1ed3ng ng\u00f4<\/h2> <p class=\"translation-block\">Th\u00e1ng 3 n\u0103m 2019, 1100 b\u1ed9 <strong>m\u00e1y tr\u1ed3ng \u0111\u1eadu<\/strong> \u0111\u00e3 \u0111\u01b0\u1ee3c giao \u0111\u1ebfn Nigeria, v\u00e0 b\u1ea1n c\u00f3 th\u1ec3 nh\u1ea5p v\u00e0o li\u00ean k\u1ebft d\u01b0\u1edbi \u0111\u00e2y \u0111\u1ec3 xem th\u00eam th\u00f4ng tin v\u1ec1 tin t\u1ee9c giao h\u00e0ng.<\/p> <h2 class=\"post-title entry-title\"><a href=\"https:\/\/www.agriculture-machine.com\/vi\/1100-sets-hand-operated-corn-peanut-planter-machine-have-been-delivered-to-nigeria\/\">\u0110\u00e3 giao 1100 b\u1ed9 m\u00e1y tr\u1ed3ng ng\u00f4 v\u00e0 \u0111\u1eadu ph\u1ed9ng th\u1ee7 c\u00f4ng cho Nigeria<\/a><\/h2> <figure id=\"attachment_3819\" aria-describedby=\"caption-attachment-3819\" style=\"width: 600px\" class=\"wp-caption aligncenter\"><img loading=\"lazy\" decoding=\"async\" class=\"wp-image-3819 size-full\" src=\"https:\/\/www.agriculture-machine.com\/wp-content\/uploads\/2019\/06\/corn-planting-1.jpg\" alt=\"C\u00e2u h\u1ecfi th\u01b0\u1eddng g\u1eb7p v\u1ec1 m\u00e1y tr\u1ed3ng ng\u00f4 \" width=\"600\" height=\"476\" srcset=\"https:\/\/www.agriculture-machine.com\/wp-content\/uploads\/2019\/06\/corn-planting-1.jpg 600w, https:\/\/www.agriculture-machine.com\/wp-content\/uploads\/2019\/06\/corn-planting-1-340x270.jpg 340w\" sizes=\"auto, (max-width: 600px) 100vw, 600px\" \/><figcaption id=\"caption-attachment-3819\" class=\"wp-caption-text\">C\u00e2u h\u1ecfi th\u01b0\u1eddng g\u1eb7p v\u1ec1 m\u00e1y tr\u1ed3ng ng\u00f4<\/figcaption><\/figure> <h2>H\u1ea1t ng\u00f4 c\u00f3 th\u1ec3 tr\u1ed9n v\u1edbi ph\u00e2n b\u00f3n kh\u00f4ng?<\/h2> <ol> <li>Kh\u00f4ng, b\u1ea1n kh\u00f4ng th\u1ec3, ph\u00e2n b\u00f3n s\u1ebd l\u00e0m h\u1ecfng c\u00e2y con ng\u00f4.<\/li> <\/ol> <p>M\u00e1y tr\u1ed3ng ng\u00f4 n\u00e0y d\u00f9ng \u0111\u1ec3 l\u00e0m g\u00ec?<\/p> <ol start=\"2\"> <li>Ng\u00f4, \u0111\u1eadu, l\u1ea1c, l\u00faa m\u00ec.<\/li> <\/ol> <p>Trong qu\u00e1 tr\u00ecnh v\u1eadn h\u00e0nh c\u1ea7n bao nhi\u00eau ng\u01b0\u1eddi?<\/p> <ol start=\"3\"> <li>2 ng\u01b0\u1eddi.<\/li> <\/ol> <p>T\u1ea1i sao m\u1ed9t m\u00e1y tr\u1ed3ng c\u00f3 th\u1ec3 tr\u1ed3ng c\u00e1c lo\u1ea1i c\u00e2y kh\u00e1c nhau?<\/p> <ol start=\"4\"> <li>V\u00ec thi\u1ebft b\u1ecb gieo h\u1ea1t c\u00f3 th\u1ec3 thay \u0111\u1ed5i theo k\u00edch th\u01b0\u1edbc c\u1ee7a c\u00e1c lo\u1ea1i c\u00e2y kh\u00e1c nhau.<\/li> <\/ol> <p>T\u00f4i c\u00f3 th\u1ec3 ki\u1ec3m so\u00e1t t\u1ed1c \u0111\u1ed9 gieo tr\u1ed3ng kh\u00f4ng?<\/p> <ol start=\"5\"> <li>Th\u00f4ng s\u1ed1 k\u1ef9 thu\u1eadt c\u1ee7a TZY-100<\/li> <\/ol> <p>V\u00e2ng, t\u1ea5t nhi\u00ean r\u1ed3i.<\/p>","protected":false},"excerpt":{"rendered":"<p>Corn planter machine is used to plant various of crops such as corn, peanut, and we have different kinds of hand-operated planter with different capacities. They are light in weight and light in weight, and every farmer can afford it. type one Brief introduction of corn planter It is hand-operated corn planter\u00a0machine with double bins, [&hellip;]<\/p>\n","protected":false},"author":1,"featured_media":4246,"parent":0,"comment_status":"closed","ping_status":"closed","template":"","tags":[491,492],"product-type":[882],"class_list":["post-3818","product","type-product","status-publish","has-post-thumbnail","hentry","tag-corn","tag-planter","product-type-corn-planter"],"_links":{"self":[{"href":"https:\/\/www.agriculture-machine.com\/vi\/wp-json\/wp\/v2\/product\/3818","targetHints":{"allow":["GET"]}}],"collection":[{"href":"https:\/\/www.agriculture-machine.com\/vi\/wp-json\/wp\/v2\/product"}],"about":[{"href":"https:\/\/www.agriculture-machine.com\/vi\/wp-json\/wp\/v2\/types\/product"}],"author":[{"embeddable":true,"href":"https:\/\/www.agriculture-machine.com\/vi\/wp-json\/wp\/v2\/users\/1"}],"replies":[{"embeddable":true,"href":"https:\/\/www.agriculture-machine.com\/vi\/wp-json\/wp\/v2\/comments?post=3818"}],"wp:featuredmedia":[{"embeddable":true,"href":"https:\/\/www.agriculture-machine.com\/vi\/wp-json\/wp\/v2\/media\/4246"}],"wp:attachment":[{"href":"https:\/\/www.agriculture-machine.com\/vi\/wp-json\/wp\/v2\/media?parent=3818"}],"wp:term":[{"taxonomy":"post_tag","embeddable":true,"href":"https:\/\/www.agriculture-machine.com\/vi\/wp-json\/wp\/v2\/tags?post=3818"},{"taxonomy":"product-type","embeddable":true,"href":"https:\/\/www.agriculture-machine.com\/vi\/wp-json\/wp\/v2\/product-type?post=3818"}],"curies":[{"name":"wp","href":"https:\/\/api.w.org\/{rel}","templated":true}]}}