{"id":3912,"date":"2019-06-16T23:43:24","date_gmt":"2019-06-16T15:43:24","guid":{"rendered":"https:\/\/www.agriculture-machine.com\/?p=3912"},"modified":"2024-09-18T16:12:11","modified_gmt":"2024-09-18T08:12:11","slug":"rope-braiding-machine","status":"publish","type":"product","link":"https:\/\/www.agriculture-machine.com\/vi\/rope-braiding-machine\/","title":{"rendered":"M\u00e1y l\u00e0m d\u00e2y th\u1eebng \/ m\u00e1y \u0111an d\u00e2y th\u1eebng 2020 M\u1eaaU M\u1edaI"},"content":{"rendered":"<p class=\"translation-block\"><strong>M\u00e1y l\u00e0m d\u00e2y th\u1eebng<\/strong> l\u00e0 m\u1ed9t c\u00f4ng c\u1ee5 t\u1ed1t \u0111\u1ec3 \u0111an d\u00e2y bao g\u1ed3m b\u1ea3ng d\u00e2y, \u0111\u1ed9ng c\u01a1, khung m\u00e1y, b\u00e1nh xe l\u1edbn v\u1edbi d\u00e2y \u0111ai, v\u00e0 nguy\u00ean li\u1ec7u c\u00f3 th\u1ec3 l\u00e0 r\u01a1m l\u00faa m\u00ec, r\u01a1m g\u1ea1o v\u00e0 c\u00e1c lo\u1ea1i c\u1ecf kh\u00e1c. B\u1ea1n c\u00f3 th\u1ec3 \u0111i\u1ec1u ch\u1ec9nh \u0111\u01b0\u1eddng k\u00ednh d\u00e2y b\u1eb1ng c\u00e1ch thay \u0111\u1ed5i c\u00e1c l\u1ed1i v\u00e0o kh\u00e1c nhau tr\u00f4ng gi\u1ed1ng nh\u01b0 m\u1ed9t chi\u1ebfc k\u00e8n. D\u00e2y cu\u1ed1i c\u00f9ng c\u00f3 th\u1ec3 \u0111\u01b0\u1ee3c \u1ee9ng d\u1ee5ng r\u1ed9ng r\u00e3i \u0111\u1ec3 b\u1ea3o v\u1ec7 c\u00e2y, b\u1ea3o v\u1ec7 t\u01b0\u1eddng, b\u00f3 rau, v.v.<\/p> <p><img loading=\"lazy\" decoding=\"async\" class=\"alignnone size-full wp-image-3921\" src=\"https:\/\/www.agriculture-machine.com\/wp-content\/uploads\/2019\/06\/rope-making-machine-9.jpg\" alt=\"\" width=\"600\" height=\"500\" srcset=\"https:\/\/www.agriculture-machine.com\/wp-content\/uploads\/2019\/06\/rope-making-machine-9.jpg 600w, https:\/\/www.agriculture-machine.com\/wp-content\/uploads\/2019\/06\/rope-making-machine-9-324x270.jpg 324w\" sizes=\"auto, (max-width: 600px) 100vw, 600px\" \/><\/p> <h2>Th\u00f4ng s\u1ed1 k\u1ef9 thu\u1eadt c\u1ee7a m\u00e1y l\u00e0m d\u00e2y th\u1eebng<\/h2> <table> <tbody> <tr> <td width=\"284\">M\u1eabu<\/td> <td width=\"284\">\u00a0\u00a0SL-450<\/td> <\/tr> <tr> <td width=\"284\">C\u00f4ng su\u1ea5t<\/td> <td width=\"284\">120w,220v,50HZ<\/td> <\/tr> <tr> <td width=\"284\">\u0110\u01b0\u1eddng k\u00ednh<\/td> <td width=\"284\">\u00a04-30mm<\/td> <\/tr> <tr> <td width=\"284\">Tr\u1ecdng l\u01b0\u1ee3ng t\u1ecbnh<\/td> <td width=\"284\">\u00a040kg<\/td> <\/tr> <tr> <td width=\"284\">Dung t\u00edch<\/td> <td width=\"284\">\u00a05m\/s<\/td> <\/tr> <tr> <td width=\"284\">K\u00edch th\u01b0\u1edbc<\/td> <td width=\"284\">\u00a097*40*60mm<\/td> <\/tr> <\/tbody> <\/table> <h2>\u01afu \u0111i\u1ec3m c\u1ee7a m\u00e1y l\u00e0m d\u00e2y th\u1eebng<\/h2> <p class=\"translation-block\">1. <strong>M\u00e1y l\u00e0m d\u00e2y th\u1eebng<\/strong> \u0111\u1ec3 b\u00e1n d\u1ec5 v\u1eadn h\u00e0nh v\u00e0 m\u1ed9t ng\u01b0\u1eddi c\u00f3 th\u1ec3 ho\u00e0n th\u00e0nh.<\/p> <ol start=\"2\"> <li>\u0110i\u1ec1u n\u00e0y<strong> m\u00e1y \u0111an d\u00e2y th\u1eebng<\/strong> t\u1ef1 l\u00e0m, s\u1eed d\u1ee5ng ho\u00e0n to\u00e0n c\u00e1c \u1ed1ng h\u00fat ho\u1eb7c c\u1ecf b\u1ecb b\u1ecf \u0111i, tr\u00e1nh g\u00e2y \u00f4 nhi\u1ec5m m\u00f4i tr\u01b0\u1eddng.<\/li> <li>\u1ee8ng d\u1ee5ng r\u1ed9ng r\u00e3i. D\u00e2y ho\u00e0n ch\u1ec9nh c\u00f3 th\u1ec3 \u0111\u01b0\u1ee3c s\u1eed d\u1ee5ng \u0111\u1ec3 b\u1ea3o v\u1ec7 c\u00e2y, b\u00f3 rau v\u00e0 trang tr\u00ed th\u1ee7 c\u00f4ng, v.v.<\/li> <li><strong>M\u00e1y xo\u1eafn d\u00e2y th\u1eebng<\/strong> r\u1ea5t nh\u1ecf v\u00e0 ph\u00f9 h\u1ee3p cho s\u1eed d\u1ee5ng t\u1ea1i nh\u00e0.<\/li> <\/ol> <p><img loading=\"lazy\" decoding=\"async\" class=\"alignnone size-full wp-image-3922\" src=\"https:\/\/www.agriculture-machine.com\/wp-content\/uploads\/2019\/06\/rope-making-machine-10.jpg\" alt=\"\" width=\"600\" height=\"500\" srcset=\"https:\/\/www.agriculture-machine.com\/wp-content\/uploads\/2019\/06\/rope-making-machine-10.jpg 600w, https:\/\/www.agriculture-machine.com\/wp-content\/uploads\/2019\/06\/rope-making-machine-10-324x270.jpg 324w\" sizes=\"auto, (max-width: 600px) 100vw, 600px\" \/><\/p> <h2>Nguy\u00ean l\u00fd ho\u1ea1t \u0111\u1ed9ng c\u1ee7a m\u00e1y l\u00e0m d\u00e2y th\u1eebng<\/h2> <ol> <li>Ng\u01b0\u1eddi d\u00f9ng \u0111\u1eb7t r\u01a1m v\u00e0o hai l\u1ed1i v\u00e0o c\u00f9ng l\u00fac,<\/li> <li>D\u01b0\u1edbi s\u1ef1 quay li\u00ean t\u1ee5c c\u1ee7a m\u00e1y \u0111an d\u00e2y th\u1eebng, v\u00e0 hai d\u00e2y d\u00e0y \u0111\u01b0\u1ee3c xo\u1eafn th\u00e0nh m\u1ed9t d\u00e2y.<\/li> <li>Chi\u1ec1u d\u00e0i c\u1ee7a d\u00e2y th\u1eebng tr\u1edf n\u00ean d\u00e0i h\u01a1n trong qu\u00e1 tr\u00ecnh v\u1eadn h\u00e0nh.<\/li> <li>Ng\u01b0\u1eddi d\u00f9ng c\u00f3 th\u1ec3 d\u1eebng v\u1eadn h\u00e0nh khi \u0111\u01b0\u1eddng k\u00ednh g\u1ea7n nh\u01b0 b\u1eb1ng nhau \u1edf hai l\u1ed1i v\u00e0o.<\/li> <\/ol> <p>5. Cu\u1ed1i c\u00f9ng, ng\u01b0\u1eddi v\u1eadn h\u00e0nh xoay v\u00edt, di chuy\u1ec3n ra kh\u1ecfi hai t\u1ea5m, v\u00e0 sau \u0111\u00f3 d\u00e2y th\u1eebng c\u00f3 th\u1ec3 l\u1ea5y t\u1eeb tr\u1ee5c trung t\u00e2m<\/p> <p><img loading=\"lazy\" decoding=\"async\" class=\"alignnone size-full wp-image-3915\" src=\"https:\/\/www.agriculture-machine.com\/wp-content\/uploads\/2019\/06\/rope-making-machine-3.jpg\" alt=\"\" width=\"600\" height=\"500\" srcset=\"https:\/\/www.agriculture-machine.com\/wp-content\/uploads\/2019\/06\/rope-making-machine-3.jpg 600w, https:\/\/www.agriculture-machine.com\/wp-content\/uploads\/2019\/06\/rope-making-machine-3-324x270.jpg 324w\" sizes=\"auto, (max-width: 600px) 100vw, 600px\" \/><\/p> <h2>Tr\u01b0\u1eddng h\u1ee3p th\u00e0nh c\u00f4ng c\u1ee7a m\u00e1y l\u00e0m d\u00e2y th\u1eebng<\/h2> <p class=\"translation-block\">V\u00e0o \u0111\u1ea7u th\u00e1ng T\u01b0, ch\u00fang t\u00f4i \u0111\u00e3 xu\u1ea5t kh\u1ea9u 20GP<strong> m\u00e1y l\u00e0m d\u00e2y th\u1eebng xo\u1eafn<\/strong> sang Nam Phi v\u00e0 sau \u0111\u00e2y l\u00e0 chi ti\u1ebft \u0111\u00f3ng g\u00f3i.<\/p> <p><img loading=\"lazy\" decoding=\"async\" class=\"alignnone size-full wp-image-3916\" src=\"https:\/\/www.agriculture-machine.com\/wp-content\/uploads\/2019\/06\/rope-making-machine-4.jpg\" alt=\"\" width=\"600\" height=\"500\" srcset=\"https:\/\/www.agriculture-machine.com\/wp-content\/uploads\/2019\/06\/rope-making-machine-4.jpg 600w, https:\/\/www.agriculture-machine.com\/wp-content\/uploads\/2019\/06\/rope-making-machine-4-324x270.jpg 324w\" sizes=\"auto, (max-width: 600px) 100vw, 600px\" \/><\/p> <p><img loading=\"lazy\" decoding=\"async\" class=\"alignnone size-full wp-image-3917\" src=\"https:\/\/www.agriculture-machine.com\/wp-content\/uploads\/2019\/06\/rope-making-machine-5.jpg\" alt=\"\" width=\"600\" height=\"500\" srcset=\"https:\/\/www.agriculture-machine.com\/wp-content\/uploads\/2019\/06\/rope-making-machine-5.jpg 600w, https:\/\/www.agriculture-machine.com\/wp-content\/uploads\/2019\/06\/rope-making-machine-5-324x270.jpg 324w\" sizes=\"auto, (max-width: 600px) 100vw, 600px\" \/><\/p> <p><img loading=\"lazy\" decoding=\"async\" class=\"alignnone size-full wp-image-3918\" src=\"https:\/\/www.agriculture-machine.com\/wp-content\/uploads\/2019\/06\/rope-making-machine-6.jpg\" alt=\"\" width=\"600\" height=\"500\" srcset=\"https:\/\/www.agriculture-machine.com\/wp-content\/uploads\/2019\/06\/rope-making-machine-6.jpg 600w, https:\/\/www.agriculture-machine.com\/wp-content\/uploads\/2019\/06\/rope-making-machine-6-324x270.jpg 324w\" sizes=\"auto, (max-width: 600px) 100vw, 600px\" \/><\/p> <h2>C\u00e2u h\u1ecfi th\u01b0\u1eddng g\u1eb7p v\u1ec1 m\u00e1y l\u00e0m d\u00e2y th\u1eebng<\/h2> <ol> <li>T\u00f4i c\u00f3 th\u1ec3 \u0111i\u1ec1u ch\u1ec9nh \u0111\u01b0\u1eddng k\u00ednh c\u1ee7a <strong>m\u00e1y \u0111an d\u00e2y th\u1eebng<\/strong>?<\/li> <\/ol> <p>C\u00f3, c\u00f3 th\u1ec3 \u0111i\u1ec1u ch\u1ec9nh b\u1eb1ng c\u00e1ch thay \u0111\u1ed5i c\u00e1c l\u1ed1i v\u00e0o kh\u00e1c nhau, v\u00e0 ph\u1ea1m vi \u0111\u01b0\u1eddng k\u00ednh t\u1eeb 4-30mm.<\/p> <ol start=\"2\"> <li>B\u1ea1n c\u00f3 bao nhi\u00eau l\u1ed1i v\u00e0o kh\u00e1c nhau?<\/li> <\/ol> <p>Ch\u00fang t\u00f4i c\u00f3 c\u00e1c k\u00edch th\u01b0\u1edbc 6mm, 7mm, 7.5mm, 8mm, 9mm, 10mm, 11mm, 13mm, 15mm, 20mm, v\u00e0 2.5cm. B\u1ea1n c\u00f3 th\u1ec3 ch\u1ecdn theo nhu c\u1ea7u c\u1ee7a m\u00ecnh.<\/p> <p><img loading=\"lazy\" decoding=\"async\" class=\"alignnone size-full wp-image-3919\" src=\"https:\/\/www.agriculture-machine.com\/wp-content\/uploads\/2019\/06\/rope-making-machine-7.jpg\" alt=\"\" width=\"600\" height=\"500\" srcset=\"https:\/\/www.agriculture-machine.com\/wp-content\/uploads\/2019\/06\/rope-making-machine-7.jpg 600w, https:\/\/www.agriculture-machine.com\/wp-content\/uploads\/2019\/06\/rope-making-machine-7-324x270.jpg 324w\" sizes=\"auto, (max-width: 600px) 100vw, 600px\" \/><\/p> <ol start=\"3\"> <li>Nguy\u00ean li\u1ec7u th\u00f4 l\u00e0 g\u00ec?<\/li> <\/ol> <p>Nguy\u00ean li\u1ec7u c\u00f3 th\u1ec3 l\u00e0 r\u01a1m l\u00faa m\u00ec, r\u01a1m g\u1ea1o v\u00e0 c\u00e1c lo\u1ea1i c\u1ecf kh\u00e1c.<\/p> <ol start=\"4\"> <li>M\u00e1y c\u00f3 bao nhi\u00eau l\u1ed1i v\u00e0o?<\/li> <\/ol> <p>C\u00f3 hai l\u1ed1i v\u00e0o, ngh\u0129a l\u00e0 nguy\u00ean li\u1ec7u s\u1ebd \u0111\u01b0\u1ee3c \u0111\u1eb7t v\u00e0o c\u1ea3 hai b\u00ean c\u1ee7a c\u00e1c l\u1ed1i v\u00e0o.<\/p> <p>&nbsp;<\/p> <p>&nbsp;<\/p> <p>&nbsp;<\/p> <p>&nbsp;<\/p>","protected":false},"excerpt":{"rendered":"<p>Rope making machine is a good tool to braid ropes including rope plate, motor, chassis, a big wheel with a belt, and the raw material can be wheat straw, rice straw and other grasses. You can adjust the diameter of the rope by changing different inlets that looks like a trumpet. The final rope can [&hellip;]<\/p>\n","protected":false},"author":1,"featured_media":3921,"parent":0,"comment_status":"closed","ping_status":"closed","template":"","tags":[2620],"product-type":[1,919],"class_list":["post-3912","product","type-product","status-publish","has-post-thumbnail","hentry","tag-rope","product-type-other","product-type-rice-straw-rope-machine"],"_links":{"self":[{"href":"https:\/\/www.agriculture-machine.com\/vi\/wp-json\/wp\/v2\/product\/3912","targetHints":{"allow":["GET"]}}],"collection":[{"href":"https:\/\/www.agriculture-machine.com\/vi\/wp-json\/wp\/v2\/product"}],"about":[{"href":"https:\/\/www.agriculture-machine.com\/vi\/wp-json\/wp\/v2\/types\/product"}],"author":[{"embeddable":true,"href":"https:\/\/www.agriculture-machine.com\/vi\/wp-json\/wp\/v2\/users\/1"}],"replies":[{"embeddable":true,"href":"https:\/\/www.agriculture-machine.com\/vi\/wp-json\/wp\/v2\/comments?post=3912"}],"wp:featuredmedia":[{"embeddable":true,"href":"https:\/\/www.agriculture-machine.com\/vi\/wp-json\/wp\/v2\/media\/3921"}],"wp:attachment":[{"href":"https:\/\/www.agriculture-machine.com\/vi\/wp-json\/wp\/v2\/media?parent=3912"}],"wp:term":[{"taxonomy":"post_tag","embeddable":true,"href":"https:\/\/www.agriculture-machine.com\/vi\/wp-json\/wp\/v2\/tags?post=3912"},{"taxonomy":"product-type","embeddable":true,"href":"https:\/\/www.agriculture-machine.com\/vi\/wp-json\/wp\/v2\/product-type?post=3912"}],"curies":[{"name":"wp","href":"https:\/\/api.w.org\/{rel}","templated":true}]}}