{"id":4647,"date":"2019-09-06T05:48:10","date_gmt":"2019-09-05T21:48:10","guid":{"rendered":"https:\/\/www.agriculture-machine.com\/?p=4647"},"modified":"2024-09-23T11:20:42","modified_gmt":"2024-09-23T03:20:42","slug":"garri-production-line-garri-flour-making-machine","status":"publish","type":"product","link":"https:\/\/www.agriculture-machine.com\/vi\/garri-production-line-garri-flour-making-machine\/","title":{"rendered":"D\u00e2y chuy\u1ec1n s\u1ea3n xu\u1ea5t gari \/ m\u00e1y l\u00e0m b\u1ed9t gari"},"content":{"rendered":"<p class=\"translation-block\"><strong>D\u00e2y chuy\u1ec1n s\u1ea3n xu\u1ea5t gari<\/strong> r\u1ea5t n\u1ed5i ti\u1ebfng \u1edf th\u1ecb tr\u01b0\u1eddng ch\u00e2u Phi, v\u00ec c\u00f3 nhi\u1ec1u c\u00e1nh \u0111\u1ed3ng s\u1eafn, v\u00e0 ng\u01b0\u1eddi d\u00e2n \u1edf \u0111\u00f3 c\u0169ng th\u00edch \u0103n n\u00f3. D\u00e2y chuy\u1ec1n ch\u1ebf bi\u1ebfn gari c\u00f3 th\u1ec3 s\u1ea3n xu\u1ea5t gari t\u1eeb s\u1eafn, qu\u00e1 tr\u00ecnh kh\u00e1 ph\u1ee9c t\u1ea1p. Tuy nhi\u00ean, nh\u01b0 m\u1ed9t m\u00f3n \u0103n ph\u1ed5 bi\u1ebfn \u1edf ch\u00e2u Phi, \u0111\u1eb7c bi\u1ec7t l\u00e0 Nigeria, ng\u00e0y c\u00e0ng nhi\u1ec1u nh\u00e0 ph\u00e2n ph\u1ed1i mua d\u00e2y chuy\u1ec1n n\u00e0y t\u1eeb nh\u00e0 m\u00e1y c\u1ee7a ch\u00fang t\u00f4i, v\u00e0 h\u1ecd b\u00e1n bu\u00f4n gari sau khi ch\u1ebf bi\u1ebfn. L\u00e0m th\u1ebf n\u00e0o \u0111\u1ec3 bi\u1ebfn s\u1eafn th\u00e0nh gari? T\u00f4i s\u1ebd cung c\u1ea5p cho b\u1ea1n m\u1ed9t c\u00e1i nh\u00ecn t\u1ed5ng quan v\u1ec1 qu\u00e1 tr\u00ecnh n\u00e0y.<\/p> <p><img loading=\"lazy\" decoding=\"async\" class=\"alignnone size-full wp-image-4661\" src=\"https:\/\/www.agriculture-machine.com\/wp-content\/uploads\/2019\/09\/cassava-production-line-13.jpg\" alt=\"\" width=\"720\" height=\"540\" srcset=\"https:\/\/www.agriculture-machine.com\/wp-content\/uploads\/2019\/09\/cassava-production-line-13.jpg 720w, https:\/\/www.agriculture-machine.com\/wp-content\/uploads\/2019\/09\/cassava-production-line-13-360x270.jpg 360w, https:\/\/www.agriculture-machine.com\/wp-content\/uploads\/2019\/09\/cassava-production-line-13-240x180.jpg 240w\" sizes=\"auto, (max-width: 720px) 100vw, 720px\" \/><\/p> <p>Trong qu\u00e1 tr\u00ecnh s\u1ea3n xu\u1ea5t gari, b\u1ea1n c\u1ea7n m\u00e1y g\u1ecdt v\u1ecf v\u00e0 r\u1eeda s\u1eafn, m\u00e1y nghi\u1ec1n s\u1eafn, m\u00e1y \u00e9p th\u1ee7y l\u1ef1c, m\u00e1y nghi\u1ec1n s\u1eafn v\u00e0 m\u00e1y s\u00e0ng. T\u1ea5t nhi\u00ean, n\u1ebfu b\u1ea1n mu\u1ed1n \u0111\u00f3ng g\u00f3i gari v\u00e0o t\u00fai, c\u1ea7n ph\u1ea3i mua m\u00e1y \u0111\u00f3ng g\u00f3i.<\/p> <p>&nbsp;<\/p> <h2>M\u00e1y r\u1eeda v\u00e0 g\u1ecdt v\u1ecf s\u1eafn<\/h2> <p>N\u00f3 c\u00f3 th\u1ec3 lo\u1ea1i b\u1ecf \u0111\u1ea5t, c\u00e1t v\u00e0 c\u00e1c t\u1ea1p ch\u1ea5t kh\u00e1c tr\u00ean b\u1ec1 m\u1eb7t s\u1eafn, v\u00e0 n\u01b0\u1edbc ph\u1ea3i s\u1ea1ch, kh\u00f4ng c\u00f3 \u00f4 nhi\u1ec5m. Sau \u0111\u00f3, ch\u00fang \u0111\u01b0\u1ee3c g\u1ecdt v\u1ecf v\u00e0 v\u1eadn chuy\u1ec3n b\u1eb1ng v\u00edt t\u1ea3i. T\u1ef7 l\u1ec7 g\u1ecdt v\u1ecf \u0111\u1ea1t 70%-80%.<\/p> <p><img loading=\"lazy\" decoding=\"async\" class=\"alignnone size-full wp-image-4649\" src=\"https:\/\/www.agriculture-machine.com\/wp-content\/uploads\/2019\/09\/cassava-production-line-1.jpg\" alt=\"\" width=\"720\" height=\"540\" srcset=\"https:\/\/www.agriculture-machine.com\/wp-content\/uploads\/2019\/09\/cassava-production-line-1.jpg 720w, https:\/\/www.agriculture-machine.com\/wp-content\/uploads\/2019\/09\/cassava-production-line-1-360x270.jpg 360w, https:\/\/www.agriculture-machine.com\/wp-content\/uploads\/2019\/09\/cassava-production-line-1-240x180.jpg 240w\" sizes=\"auto, (max-width: 720px) 100vw, 720px\" \/><\/p> <h2>M\u00e1y nghi\u1ec1n s\u1eafn<\/h2> <p>D\u01b0\u1edbi t\u00e1c d\u1ee5ng c\u1ee7a c\u00e1c con l\u0103n quay, s\u1eafn \u0111\u01b0\u1ee3c nghi\u1ec1n th\u00e0nh c\u00e1c m\u1ea3nh nh\u1ecf. L\u1ed7 x\u1ea3 n\u1eb1m \u1edf d\u01b0\u1edbi c\u00f9ng c\u1ee7a m\u00e1y, v\u00e0 b\u1ea1n c\u1ea7n \u0111\u1eb7t m\u1ed9t th\u00f9ng \u0111\u1ec3 thu gom s\u1ea3n ph\u1ea9m ra.<\/p> <p><img loading=\"lazy\" decoding=\"async\" class=\"alignnone size-full wp-image-4651\" src=\"https:\/\/www.agriculture-machine.com\/wp-content\/uploads\/2019\/09\/cassava-production-line-3.jpg\" alt=\"\" width=\"720\" height=\"540\" srcset=\"https:\/\/www.agriculture-machine.com\/wp-content\/uploads\/2019\/09\/cassava-production-line-3.jpg 720w, https:\/\/www.agriculture-machine.com\/wp-content\/uploads\/2019\/09\/cassava-production-line-3-360x270.jpg 360w, https:\/\/www.agriculture-machine.com\/wp-content\/uploads\/2019\/09\/cassava-production-line-3-240x180.jpg 240w\" sizes=\"auto, (max-width: 720px) 100vw, 720px\" \/><\/p> <h2>M\u00e1y \u00e9p s\u1eafn th\u1ee7y l\u1ef1c<\/h2> <p>Tr\u01b0\u1edbc khi ho\u1ea1t \u0111\u1ed9ng, b\u1ea1n c\u1ea7n \u0111\u1eb7t c\u00e1c mi\u1ebfng s\u1eafn v\u00e0o t\u00fai, r\u1ed3i b\u1ecf v\u00e0o m\u00e1y. Thi\u1ebft b\u1ecb th\u1ee7y l\u1ef1c c\u00f3 th\u1ec3 \u00e9p s\u1eafn ho\u00e0n to\u00e0n, v\u00e0 c\u00f3 hai l\u1ed1i ra, m\u1ed9t \u0111\u1ec3 tho\u00e1t n\u01b0\u1edbc \u00e9p v\u00e0 m\u1ed9t \u0111\u1ec3 tho\u00e1t b\u1ed9t s\u1eafn. N\u01b0\u1edbc c\u00f3 th\u1ec3 d\u00f9ng \u0111\u1ec3 chi\u1ebft xu\u1ea5t tinh b\u1ed9t.<\/p> <p><img loading=\"lazy\" decoding=\"async\" class=\"alignnone size-full wp-image-4653\" src=\"https:\/\/www.agriculture-machine.com\/wp-content\/uploads\/2019\/09\/cassava-production-line-5.jpg\" alt=\"\" width=\"720\" height=\"540\" srcset=\"https:\/\/www.agriculture-machine.com\/wp-content\/uploads\/2019\/09\/cassava-production-line-5.jpg 720w, https:\/\/www.agriculture-machine.com\/wp-content\/uploads\/2019\/09\/cassava-production-line-5-360x270.jpg 360w, https:\/\/www.agriculture-machine.com\/wp-content\/uploads\/2019\/09\/cassava-production-line-5-240x180.jpg 240w\" sizes=\"auto, (max-width: 720px) 100vw, 720px\" \/><\/p> <p>B\u01b0\u1edbc ti\u1ebfp theo l\u00e0 \u1ee7 s\u1eafn \u0111\u00e3 \u00e9p m\u1edf trong 24 gi\u1edd.<\/p> <h2>M\u00e1y nghi\u1ec1n s\u1eafn<\/h2> <p>M\u00e1y nghi\u1ec1n \u0111\u1ec3 nghi\u1ec1n b\u1ed9t s\u1eafn d\u00e2y th\u00e0nh b\u1ed9t m\u1ecbn c\u00f3 k\u00edch th\u01b0\u1edbc \u0111\u1ed3ng \u0111\u1ec1u. M\u00e1y c\u00f3 c\u00e1c m\u0169i \u0111\u1ee5c c\u00f3 th\u1ec3 nghi\u1ec1n n\u00e1t ho\u00e0n to\u00e0n s\u1eafn.<\/p> <p><img loading=\"lazy\" decoding=\"async\" class=\"alignnone size-full wp-image-4655\" src=\"https:\/\/www.agriculture-machine.com\/wp-content\/uploads\/2019\/09\/cassava-production-line-7.jpg\" alt=\"\" width=\"720\" height=\"540\" srcset=\"https:\/\/www.agriculture-machine.com\/wp-content\/uploads\/2019\/09\/cassava-production-line-7.jpg 720w, https:\/\/www.agriculture-machine.com\/wp-content\/uploads\/2019\/09\/cassava-production-line-7-360x270.jpg 360w, https:\/\/www.agriculture-machine.com\/wp-content\/uploads\/2019\/09\/cassava-production-line-7-240x180.jpg 240w\" sizes=\"auto, (max-width: 720px) 100vw, 720px\" \/><\/p> <h2>M\u00e1y rang s\u1eafn<\/h2> <p>Rang s\u1eafn l\u00e0 b\u01b0\u1edbc r\u1ea5t quan tr\u1ecdng v\u00ec n\u00f3 c\u00f3 th\u1ec3 lo\u1ea1i b\u1ecf ch\u1ea5t \u0111\u1ed9c trong qu\u00e1 tr\u00ecnh nung n\u00f3ng. Nhi\u1ec7t \u0111\u1ed9 nung kho\u1ea3ng 40-50 \u0111\u1ed9 C, v\u00e0 th\u1eddi gian nung c\u0169ng ng\u1eafn. B\u1ed9t s\u1eafn c\u00f3 th\u1ec3 \u0111\u01b0\u1ee3c nung \u0111\u1ec1u nh\u1edd v\u00e0o vi\u1ec7c khu\u1ea5y li\u00ean t\u1ee5c c\u1ee7a m\u00e1y khu\u1ea5y.<\/p> <p><img loading=\"lazy\" decoding=\"async\" class=\"alignnone size-full wp-image-4658\" src=\"https:\/\/www.agriculture-machine.com\/wp-content\/uploads\/2019\/09\/cassava-production-line-10.jpg\" alt=\"\" width=\"720\" height=\"540\" srcset=\"https:\/\/www.agriculture-machine.com\/wp-content\/uploads\/2019\/09\/cassava-production-line-10.jpg 720w, https:\/\/www.agriculture-machine.com\/wp-content\/uploads\/2019\/09\/cassava-production-line-10-360x270.jpg 360w, https:\/\/www.agriculture-machine.com\/wp-content\/uploads\/2019\/09\/cassava-production-line-10-240x180.jpg 240w\" sizes=\"auto, (max-width: 720px) 100vw, 720px\" \/><\/p> <h2>M\u00e1y s\u00e0ng<\/h2> <p>N\u00f3 d\u00f9ng \u0111\u1ec3 s\u00e0ng l\u1ecdc gari th\u00f4 kh\u1ecfi gari m\u1ecbn v\u00ec gari m\u1ecbn c\u00f3 v\u1ecb ngon h\u01a1n, v\u00e0 \u0111\u1ec3 b\u00e1n tr\u00ean th\u1ecb tr\u01b0\u1eddng. Ngo\u00e0i ra, m\u00e1y s\u00e0ng c\u00f3 c\u00e1c l\u01b0\u1edbi ba l\u1edbp, n\u00ean hi\u1ec7u qu\u1ea3 s\u00e0ng l\u1ecdc r\u1ea5t t\u1ed1t.<\/p> <p><img loading=\"lazy\" decoding=\"async\" class=\"alignnone size-full wp-image-4660\" src=\"https:\/\/www.agriculture-machine.com\/wp-content\/uploads\/2019\/09\/cassava-production-line-12.jpg\" alt=\"\" width=\"720\" height=\"540\" srcset=\"https:\/\/www.agriculture-machine.com\/wp-content\/uploads\/2019\/09\/cassava-production-line-12.jpg 720w, https:\/\/www.agriculture-machine.com\/wp-content\/uploads\/2019\/09\/cassava-production-line-12-360x270.jpg 360w, https:\/\/www.agriculture-machine.com\/wp-content\/uploads\/2019\/09\/cassava-production-line-12-240x180.jpg 240w\" sizes=\"auto, (max-width: 720px) 100vw, 720px\" \/><\/p> <h2>Tr\u01b0\u1eddng h\u1ee3p th\u00e0nh c\u00f4ng<\/h2> <p class=\"translation-block\">M\u00e1y ch\u1ebf bi\u1ebfn gari c\u1ee7a ch\u00fang t\u00f4i  \u0111\u01b0\u1ee3c kh\u00e1ch h\u00e0ng Nigeria \u01b0a chu\u1ed9ng, cho \u0111\u1ebfn nay, ch\u00fang t\u00f4i \u0111\u00e3 b\u00e1n nhi\u1ec1u d\u00e2y chuy\u1ec1n n\u00e0y \u1edf \u0111\u00f3. \u0110\u1ed3ng th\u1eddi, nh\u1edd v\u00e0o ch\u1ea5t l\u01b0\u1ee3ng cao c\u1ee7a m\u00e1y l\u00e0m b\u1ed9t s\u1eafn v\u00e0 s\u1ef1 chuy\u00ean nghi\u1ec7p c\u1ee7a nh\u00e2n vi\u00ean b\u00e1n h\u00e0ng, kh\u00e1ch h\u00e0ng \u0111\u00e3 mua d\u00e2y chuy\u1ec1n n\u00e0y gi\u1edbi thi\u1ec7u cho b\u1ea1n b\u00e8 c\u1ee7a h\u1ecd. V\u00e0o \u0111\u1ea7u th\u00e1ng 8, m\u1ed9t kh\u00e1ch h\u00e0ng c\u1ee7a ch\u00fang t\u00f4i t\u00ean Nancy \u0111\u00e3 gi\u1edbi thi\u1ec7u b\u1ea1n c\u1ee7a c\u00f4 \u1ea5y t\u00ean Victor mua m\u00e1y l\u00e0m b\u1ed9t s\u1eafn. Victor lo l\u1eafng v\u1ec1 ch\u1ea5t l\u01b0\u1ee3ng c\u1ee7a gari, v\u00ec v\u1eady anh \u1ea5y \u0111\u00e3 g\u1eedi m\u1eabu gari \u0111\u1ebfn nh\u00e0 m\u00e1y c\u1ee7a t\u00f4i \u0111\u1ec3 x\u00e1c nh\u1eadn xem ch\u00fang t\u00f4i c\u00f3 th\u1ec3 s\u1ea3n xu\u1ea5t gari theo y\u00eau c\u1ea7u c\u1ee7a anh \u1ea5y kh\u00f4ng. Ch\u00fang t\u00f4i c\u0169ng \u0111\u00e3 g\u1eedi m\u1eabu gari \u0111\u00e3 s\u1ea3n xu\u1ea5t tr\u01b0\u1edbc \u0111\u00f3 \u0111\u1ec3 l\u1ea5y l\u00f2ng tin c\u1ee7a anh \u1ea5y, sau khi ki\u1ec3m tra, anh \u1ea5y \u0111\u00e3 \u0111\u1eb7t h\u00e0ng ngay l\u1eadp t\u1ee9c.<\/p> <p><img loading=\"lazy\" decoding=\"async\" class=\"alignnone size-full wp-image-4648\" src=\"https:\/\/www.agriculture-machine.com\/wp-content\/uploads\/2019\/09\/cassava-garri.jpg\" alt=\"\" width=\"720\" height=\"312\" srcset=\"https:\/\/www.agriculture-machine.com\/wp-content\/uploads\/2019\/09\/cassava-garri.jpg 720w, https:\/\/www.agriculture-machine.com\/wp-content\/uploads\/2019\/09\/cassava-garri-360x156.jpg 360w\" sizes=\"auto, (max-width: 720px) 100vw, 720px\" \/><\/p> <h2>C\u00e2u h\u1ecfi th\u01b0\u1eddng g\u1eb7p<\/h2> <ol> <li>T\u00f4i c\u00f3 th\u1ec3 t\u1ef1 r\u1eeda v\u00e0 g\u1ecdt v\u1ecf s\u1eafn kh\u00f4ng?<\/li> <\/ol> <p>Th\u1eadt ra b\u1ea1n c\u00f3 th\u1ec3, nh\u01b0ng \u0111i\u1ec1u \u0111\u00f3 r\u1ea5t l\u00e3ng ph\u00ed th\u1eddi gian v\u00e0 n\u0103ng l\u01b0\u1ee3ng.<\/p> <ol start=\"2\"> <li>C\u00f3 ch\u1ea5t \u0111\u1ed9c n\u00e0o c\u00f2n l\u1ea1i sau khi r\u1eeda v\u00e0 g\u1ecdt v\u1ecf s\u1eafn kh\u00f4ng?<\/li> <\/ol> <p>V\u00e2ng, v\u1eabn c\u00f2n m\u1ed9t ch\u00fat ch\u1ea5t \u0111\u1ed9c, v\u00ec v\u1eady c\u1ea7n ph\u1ea3i rang b\u1ed9t s\u1eafn.<\/p> <ol start=\"3\"> <li>T\u00f4i n\u00ean x\u1eed l\u00fd gari th\u00f4 nh\u01b0 th\u1ebf n\u00e0o?<\/li> <\/ol> <p>N\u00f3 c\u00f3 th\u1ec3 \u0111\u01b0\u1ee3c s\u1eed d\u1ee5ng \u0111\u1ec3 cho gia s\u00fac \u0103n.<\/p> <ol start=\"4\"> <li>S\u1ef1 kh\u00e1c bi\u1ec7t gi\u1eefa nghi\u1ec1n l\u1ea7n \u0111\u1ea7u v\u00e0 nghi\u1ec1n l\u1ea7n hai l\u00e0 g\u00ec?<\/li> <\/ol> <p>M\u00e1y nghi\u1ec1n l\u1ea7n \u0111\u1ea7u \u0111\u1ec3 nghi\u1ec1n s\u1eafn th\u00e0nh c\u00e1c m\u1ea3nh nh\u1ecf, c\u00f2n m\u00e1y nghi\u1ec1n l\u1ea7n hai \u0111\u1ec3 nghi\u1ec1n c\u00e1c m\u1ea3nh nh\u1ecf n\u00e0y th\u00e0nh b\u1ed9t m\u1ecbn.<\/p> <p>&nbsp;<\/p>","protected":false},"excerpt":{"rendered":"<p>Garri production line is very famous in the African market, for there are many garri farmlands, and people there also like to eat it. Garri processing line can produce garri from cassava, which needs a rather complicated process. However, as the common food in Africa, especially in Nigeria, a growing number of dealers purchases this [&hellip;]<\/p>\n","protected":false},"author":1,"featured_media":4661,"parent":0,"comment_status":"closed","ping_status":"closed","template":"","tags":[924,2634],"product-type":[1],"class_list":["post-4647","product","type-product","status-publish","has-post-thumbnail","hentry","tag-flour","tag-garri","product-type-other"],"_links":{"self":[{"href":"https:\/\/www.agriculture-machine.com\/vi\/wp-json\/wp\/v2\/product\/4647","targetHints":{"allow":["GET"]}}],"collection":[{"href":"https:\/\/www.agriculture-machine.com\/vi\/wp-json\/wp\/v2\/product"}],"about":[{"href":"https:\/\/www.agriculture-machine.com\/vi\/wp-json\/wp\/v2\/types\/product"}],"author":[{"embeddable":true,"href":"https:\/\/www.agriculture-machine.com\/vi\/wp-json\/wp\/v2\/users\/1"}],"replies":[{"embeddable":true,"href":"https:\/\/www.agriculture-machine.com\/vi\/wp-json\/wp\/v2\/comments?post=4647"}],"wp:featuredmedia":[{"embeddable":true,"href":"https:\/\/www.agriculture-machine.com\/vi\/wp-json\/wp\/v2\/media\/4661"}],"wp:attachment":[{"href":"https:\/\/www.agriculture-machine.com\/vi\/wp-json\/wp\/v2\/media?parent=4647"}],"wp:term":[{"taxonomy":"post_tag","embeddable":true,"href":"https:\/\/www.agriculture-machine.com\/vi\/wp-json\/wp\/v2\/tags?post=4647"},{"taxonomy":"product-type","embeddable":true,"href":"https:\/\/www.agriculture-machine.com\/vi\/wp-json\/wp\/v2\/product-type?post=4647"}],"curies":[{"name":"wp","href":"https:\/\/api.w.org\/{rel}","templated":true}]}}