{"id":6613,"date":"2020-04-26T17:17:44","date_gmt":"2020-04-26T09:17:44","guid":{"rendered":"https:\/\/www.agriculture-machine.com\/?p=6613"},"modified":"2025-11-28T17:12:35","modified_gmt":"2025-11-28T09:12:35","slug":"bean-peeling-machine-green-bean-peeler","status":"publish","type":"product","link":"https:\/\/www.agriculture-machine.com\/vi\/bean-peeling-machine-green-bean-peeler\/","title":{"rendered":"M\u00e1y g\u1ecdt v\u1ecf \u0111\u1eadu n\u00e0nh, \u0111\u1eadu r\u1ed9ng, \u0111\u1eadu \u0111\u1ecf, g\u1ecdt v\u1ecf v\u1ecf"},"content":{"rendered":"<p>M\u00e1y b\u00f3c v\u1ecf \u0111\u1eadu ph\u00f9 h\u1ee3p cho vi\u1ec7c b\u00f3c v\u1ecf v\u00e0 ch\u1ebf bi\u1ebfn \u0111\u1eadu n\u00e0nh, \u0111\u1eadu xanh, \u0111\u1eadu \u0111\u1ecf, \u0111\u1eadu garbanzo, \u0111\u1eadu l\u0103ng, \u0111\u1eadu h\u00e0 lan, \u0111\u1eadu broad, \u0111\u1eadu xanh, v.v. T\u1ef7 l\u1ec7 b\u00f3c v\u1ecf c\u1ee7a n\u00f3 l\u00ean t\u1edbi 98% ho\u1eb7c h\u01a1n v\u00e0 t\u1ef7 l\u1ec7 nghi\u1ec1n nh\u1ecf h\u01a1n 2%, l\u00e0 l\u1ef1a ch\u1ecdn l\u00fd t\u01b0\u1edfng \u0111\u1ec3 kh\u1eed m\u00f9i \u0111\u1eadu v\u00e0 c\u1ea3i thi\u1ec7n ch\u1ea5t l\u01b0\u1ee3ng s\u1ea3n ph\u1ea9m.<\/p>    <p>C\u00f4ng su\u1ea5t x\u1eed l\u00fd c\u1ee7a m\u00e1y \u0111\u01a1n l\u00ean t\u1edbi 500kg-12 t\u1ea5n m\u1ed7i gi\u1edd, \u0111\u01b0\u1ee3c s\u1eed d\u1ee5ng r\u1ed9ng r\u00e3i trong c\u00e1c nh\u00e0 m\u00e1y ch\u1ebf bi\u1ebfn th\u1ef1c ph\u1ea9m, nh\u00e0 m\u00e1y ch\u1ebf bi\u1ebfn ng\u0169 c\u1ed1c v\u00e0 d\u1ea7u, kh\u00e1ch s\u1ea1n, c\u0103ng tin v\u00e0 c\u00e1c \u0111\u1ecba \u0111i\u1ec3m kh\u00e1c. <\/p>    <p>Trong b\u00e0i vi\u1ebft n\u00e0y, ch\u00fang t\u00f4i s\u1ebd gi\u1edbi thi\u1ec7u chi ti\u1ebft ba lo\u1ea1i m\u00e1y b\u00f3c v\u1ecf \u0111\u1eadu kh\u00e1c nhau do nh\u00e0 m\u00e1y c\u1ee7a ch\u00fang t\u00f4i s\u1ea3n xu\u1ea5t, \u0111i\u1ec1u n\u00e0y s\u1ebd gi\u00fap b\u1ea1n t\u00ecm ra gi\u1ea3i ph\u00e1p ph\u00f9 h\u1ee3p nh\u1ea5t.<\/p>    <figure class=\"wp-block-embed aligncenter is-type-video is-provider-youtube wp-block-embed-youtube wp-embed-aspect-16-9 wp-has-aspect-ratio\"><div class=\"wp-block-embed__wrapper\"> <iframe loading=\"lazy\" title=\"M\u00e1y b\u00f3c v\u1ecf \u0111\u1eadu n\u00e0nh hi\u1ec7u qu\u1ea3: Kh\u00e1m ph\u00e1 ph\u00e9p m\u00e0u c\u1ee7a vi\u1ec7c lo\u1ea1i b\u1ecf v\u1ecf \u0111\u1eadu!#\u0111\u1eadu #m\u00e1yb\u00f3c v\u1ecf\" width=\"500\" height=\"281\" src=\"https:\/\/www.youtube.com\/embed\/riTJ58a5sVI?feature=oembed\" frameborder=\"0\" allow=\"accelerometer; autoplay; clipboard-write; encrypted-media; gyroscope; picture-in-picture; web-share\" referrerpolicy=\"strict-origin-when-cross-origin\" allowfullscreen><\/iframe> <\/div><figcaption class=\"wp-element-caption\">video ho\u1ea1t \u0111\u1ed9ng c\u1ee7a m\u00e1y lo\u1ea1i b\u1ecf v\u1ecf \u0111\u1eadu<\/figcaption><\/figure>    <h2 class=\"wp-block-heading\">C\u1ea3nh \u00e1p d\u1ee5ng m\u00e1y b\u00f3c v\u1ecf \u0111\u1eadu<\/h2>    <ul class=\"wp-block-list\"> <li>Nh\u00e0 m\u00e1y ch\u1ebf bi\u1ebfn th\u1ef1c ph\u1ea9m: \u0111\u01b0\u1ee3c s\u1eed d\u1ee5ng \u0111\u1ec3 s\u1ea3n xu\u1ea5t c\u00e1c s\u1ea3n ph\u1ea9m \u0111\u1eadu n\u00e0nh, ch\u1eb3ng h\u1ea1n nh\u01b0 \u0111\u1eadu ph\u1ee5, s\u1eefa \u0111\u1eadu n\u00e0nh, \u0111\u1eadu kh\u00f4, v.v., \u0111\u1ec3 c\u1ea3i thi\u1ec7n h\u01b0\u01a1ng v\u1ecb v\u00e0 ch\u1ea5t l\u01b0\u1ee3ng c\u1ee7a s\u1ea3n ph\u1ea9m.<\/li>    <li>Nh\u00e0 m\u00e1y ch\u1ebf bi\u1ebfn ng\u0169 c\u1ed1c v\u00e0 d\u1ea7u: nh\u01b0 m\u1ed9t thi\u1ebft b\u1ecb ti\u1ec1n x\u1eed l\u00fd cho \u0111\u1eadu, \u0111\u1ec3 c\u1ea3i thi\u1ec7n hi\u1ec7u su\u1ea5t c\u1ee7a c\u00e1c quy tr\u00ecnh chi\u1ebft xu\u1ea5t d\u1ea7u, nghi\u1ec1n v\u00e0 c\u00e1c quy tr\u00ecnh kh\u00e1c.<\/li>    <li>Ng\u00e0nh d\u1ecbch v\u1ee5 \u0103n u\u1ed1ng (nh\u01b0 kh\u00e1ch s\u1ea1n, c\u0103ng tin, nh\u00e0 h\u00e0ng): \u0111\u01b0\u1ee3c s\u1eed d\u1ee5ng \u0111\u1ec3 b\u00f3c v\u1ecf s\u1ed1 l\u01b0\u1ee3ng l\u1edbn \u0111\u1eadu, \u0111\u1ec3 thu\u1eadn ti\u1ec7n cho vi\u1ec7c n\u1ea5u n\u01b0\u1edbng v\u00e0 ch\u1ebf bi\u1ebfn nhanh ch\u00f3ng.<\/li>    <li>Doanh nghi\u1ec7p ch\u1ebf bi\u1ebfn s\u00e2u s\u1ea3n ph\u1ea9m n\u00f4ng nghi\u1ec7p: \u0111\u01b0\u1ee3c s\u1eed d\u1ee5ng \u0111\u1ec3 ch\u1ebf bi\u1ebfn s\u00e2u th\u1ef1c ph\u1ea9m \u0111\u1eadu n\u00e0nh xu\u1ea5t kh\u1ea9u nh\u1eb1m n\u00e2ng cao gi\u00e1 tr\u1ecb gia t\u0103ng.<\/li>    <li>C\u00e1 nh\u00e2n ho\u1eb7c x\u01b0\u1edfng nh\u1ecf: cho s\u1ea3n xu\u1ea5t quy m\u00f4 nh\u1ecf c\u00e1c s\u1ea3n ph\u1ea9m \u0111\u1eadu n\u00e0nh t\u1ea1i ch\u1ed7, thi\u1ebft b\u1ecb d\u1ec5 v\u1eadn h\u00e0nh.<\/li> <\/ul>    <figure class=\"wp-block-gallery has-nested-images columns-2 is-cropped wp-block-gallery-2 is-layout-flex wp-block-gallery-is-layout-flex\"> <figure class=\"wp-block-image size-full\"><img loading=\"lazy\" decoding=\"async\" width=\"720\" height=\"540\" data-id=\"17298\" src=\"https:\/\/www.agriculture-machine.com\/wp-content\/uploads\/2020\/04\/soybean-peeling-machine.webp\" alt=\"m\u00e1y b\u00f3c v\u1ecf \u0111\u1eadu n\u00e0nh\" class=\"wp-image-17298\" title=\"m\u00e1y b\u00f3c v\u1ecf \u0111\u1eadu n\u00e0nh\" srcset=\"https:\/\/www.agriculture-machine.com\/wp-content\/uploads\/2020\/04\/soybean-peeling-machine.webp 720w, https:\/\/www.agriculture-machine.com\/wp-content\/uploads\/2020\/04\/soybean-peeling-machine-360x270.webp 360w, https:\/\/www.agriculture-machine.com\/wp-content\/uploads\/2020\/04\/soybean-peeling-machine-240x180.webp 240w, https:\/\/www.agriculture-machine.com\/wp-content\/uploads\/2020\/04\/soybean-peeling-machine-16x12.webp 16w\" sizes=\"auto, (max-width: 720px) 100vw, 720px\" \/><figcaption class=\"wp-element-caption\">m\u00e1y b\u00f3c v\u1ecf \u0111\u1eadu n\u00e0nh<\/figcaption><\/figure>    <figure class=\"wp-block-image size-large\"><img loading=\"lazy\" decoding=\"async\" width=\"720\" height=\"540\" data-id=\"12911\" src=\"https:\/\/www.agriculture-machine.com\/wp-content\/uploads\/2022\/04\/red-bean-peeling-machine1.jpg\" alt=\"m\u00e1y b\u00f3c v\u1ecf \u0111\u1eadu \u0111\u1ecf\" class=\"wp-image-12911\" title=\"m\u00e1y b\u00f3c v\u1ecf \u0111\u1eadu \u0111\u1ecf\" srcset=\"https:\/\/www.agriculture-machine.com\/wp-content\/uploads\/2022\/04\/red-bean-peeling-machine1.jpg 720w, https:\/\/www.agriculture-machine.com\/wp-content\/uploads\/2022\/04\/red-bean-peeling-machine1-360x270.jpg 360w, https:\/\/www.agriculture-machine.com\/wp-content\/uploads\/2022\/04\/red-bean-peeling-machine1-240x180.jpg 240w\" sizes=\"auto, (max-width: 720px) 100vw, 720px\" \/><figcaption class=\"wp-element-caption\">m\u00e1y b\u00f3c v\u1ecf \u0111\u1eadu \u0111\u1ecf<\/figcaption><\/figure>    <figure class=\"wp-block-image size-large\"><img loading=\"lazy\" decoding=\"async\" width=\"720\" height=\"540\" data-id=\"12912\" src=\"https:\/\/www.agriculture-machine.com\/wp-content\/uploads\/2022\/04\/broad-bean-peeler1.jpg\" alt=\"\" class=\"wp-image-12912\" srcset=\"https:\/\/www.agriculture-machine.com\/wp-content\/uploads\/2022\/04\/broad-bean-peeler1.jpg 720w, https:\/\/www.agriculture-machine.com\/wp-content\/uploads\/2022\/04\/broad-bean-peeler1-360x270.jpg 360w, https:\/\/www.agriculture-machine.com\/wp-content\/uploads\/2022\/04\/broad-bean-peeler1-240x180.jpg 240w\" sizes=\"auto, (max-width: 720px) 100vw, 720px\" \/><figcaption class=\"wp-element-caption\">m\u00e1y b\u00f3c v\u1ecf \u0111\u1eadu broad<\/figcaption><\/figure>    <figure class=\"wp-block-image size-large\"><img loading=\"lazy\" decoding=\"async\" width=\"720\" height=\"540\" data-id=\"12913\" src=\"https:\/\/www.agriculture-machine.com\/wp-content\/uploads\/2022\/04\/bean-peel-removing-machine1.jpg\" alt=\"m\u00e1y lo\u1ea1i b\u1ecf v\u1ecf \u0111\u1eadu\" class=\"wp-image-12913\" title=\"m\u00e1y lo\u1ea1i b\u1ecf v\u1ecf \u0111\u1eadu\" srcset=\"https:\/\/www.agriculture-machine.com\/wp-content\/uploads\/2022\/04\/bean-peel-removing-machine1.jpg 720w, https:\/\/www.agriculture-machine.com\/wp-content\/uploads\/2022\/04\/bean-peel-removing-machine1-360x270.jpg 360w, https:\/\/www.agriculture-machine.com\/wp-content\/uploads\/2022\/04\/bean-peel-removing-machine1-240x180.jpg 240w\" sizes=\"auto, (max-width: 720px) 100vw, 720px\" \/><figcaption class=\"wp-element-caption\">m\u00e1y lo\u1ea1i b\u1ecf v\u1ecf \u0111\u1eadu<\/figcaption><\/figure> <figcaption class=\"blocks-gallery-caption wp-element-caption\">m\u00e1y b\u00f3c v\u1ecf \u0111\u1eadu n\u00e0nh<\/figcaption><\/figure>    <h2 class=\"wp-block-heading\">Lo\u1ea1i 1: m\u00e1y lo\u1ea1i b\u1ecf v\u1ecf \u0111\u1eadu n\u00e0nh<\/h2>    <p>Lo\u1ea1i m\u00e1y lo\u1ea1i b\u1ecf v\u1ecf \u0111\u1eadu n\u00e0nh n\u00e0y ch\u1ee7 y\u1ebfu bao g\u1ed3m ph\u1ec5u n\u1ea1p, khung, h\u1ed9p gi\u1ea3m t\u1ed1c, ph\u00f2ng b\u00f3c v\u1ecf, qu\u1ea1t, h\u1ed9p ph\u00e2n ph\u1ed1i, ph\u1ec5u th\u1ea3i v\u00e0 c\u00e1c b\u1ed9 ph\u1eadn kh\u00e1c.<\/p>    <p>M\u00e1y n\u00e0y ph\u00f9 h\u1ee3p cho c\u00e1c lo\u1ea1i \u0111\u1eadu tr\u00f2n, \u0111\u1ec1u nh\u01b0 \u0111\u1eadu n\u00e0nh, \u0111\u1eadu cowpeas v\u00e0 \u0111\u1eadu h\u00e0 lan.<\/p>    <figure class=\"wp-block-image aligncenter size-full\"><img loading=\"lazy\" decoding=\"async\" width=\"720\" height=\"540\" src=\"https:\/\/www.agriculture-machine.com\/wp-content\/uploads\/2022\/04\/green-pea-peeling-machine1.jpg\" alt=\"m\u00e1y b\u00f3c v\u1ecf \u0111\u1eadu xanh\" class=\"wp-image-12916\" title=\"m\u00e1y b\u00f3c v\u1ecf \u0111\u1eadu xanh\" srcset=\"https:\/\/www.agriculture-machine.com\/wp-content\/uploads\/2022\/04\/green-pea-peeling-machine1.jpg 720w, https:\/\/www.agriculture-machine.com\/wp-content\/uploads\/2022\/04\/green-pea-peeling-machine1-360x270.jpg 360w, https:\/\/www.agriculture-machine.com\/wp-content\/uploads\/2022\/04\/green-pea-peeling-machine1-240x180.jpg 240w\" sizes=\"auto, (max-width: 720px) 100vw, 720px\" \/><figcaption class=\"wp-element-caption\">m\u00e1y b\u00f3c v\u1ecf \u0111\u1eadu xanh<\/figcaption><\/figure>    <h3 class=\"wp-block-heading\" id=\"h-technical-specifications-of-mung-bean-peeler\">Th\u00f4ng s\u1ed1 k\u1ef9 thu\u1eadt c\u1ee7a m\u00e1y b\u00f3c v\u1ecf \u0111\u1eadu xanh<\/h3>    <figure class=\"wp-block-table is-style-stripes\"><table><tbody><tr><td>M\u1eabu<\/td><td>TZ-10<\/td><\/tr><tr><td>Tr\u1ecdng l\u01b0\u1ee3ng<\/td><td>200kg<\/td><\/tr><tr><td>K\u00edch th\u01b0\u1edbc<\/td><td>190*140*75cm<\/td><\/tr><tr><td>Dung t\u00edch<\/td><td>300-400kg\/h<\/td><\/tr><tr><td>C\u00f4ng su\u1ea5t<\/td><td>5.5kw 1.5kw<\/td><\/tr><\/tbody><\/table><figcaption class=\"wp-element-caption\">d\u1eef li\u1ec7u k\u1ef9 thu\u1eadt m\u00e1y lo\u1ea1i b\u1ecf v\u1ecf \u0111\u1eadu n\u00e0nh<\/figcaption><\/figure>    <h2 class=\"wp-block-heading\">Lo\u1ea1i 2: m\u00e1y b\u00f3c v\u1ecf \u0111\u1eadu t\u00e2y<\/h2>    <p>M\u00e1y lo\u1ea1i b\u1ecf v\u1ecf \u0111\u1eadu t\u00e2y n\u00e0y ch\u1ee7 y\u1ebfu c\u00f3 m\u1ed9t ph\u1ec5u, b\u1ed9 thu b\u1ee5i, thi\u1ebft b\u1ecb b\u00f3c v\u1ecf, h\u1ec7 th\u1ed1ng \u0111i\u1ec1u ch\u1ec9nh \u00e1p l\u1ef1c b\u00f3c v\u1ecf, \u0111\u1ea7u ra, \u0111\u1ed9ng c\u01a1, v.v.  <\/p>    <p>M\u00e1y n\u00e0y l\u00e0 m\u1ed9t m\u00e1y b\u00f3c v\u1ecf \u0111a ch\u1ee9c n\u0103ng. N\u00f3 c\u00f3 th\u1ec3 b\u00f3c c\u1ea3 \u0111\u1eadu tr\u00f2n v\u00e0 \u0111\u1eadu ph\u1eb3ng.<\/p>    <figure class=\"wp-block-image aligncenter size-full\"><img loading=\"lazy\" decoding=\"async\" width=\"720\" height=\"540\" src=\"https:\/\/www.agriculture-machine.com\/wp-content\/uploads\/2022\/04\/mung-bean-peeling-machine-2.jpg\" alt=\"m\u00e1y b\u00f3c v\u1ecf \u0111\u1eadu xanh \" class=\"wp-image-12917\" title=\"m\u00e1y b\u00f3c v\u1ecf \u0111\u1eadu xanh \" srcset=\"https:\/\/www.agriculture-machine.com\/wp-content\/uploads\/2022\/04\/mung-bean-peeling-machine-2.jpg 720w, https:\/\/www.agriculture-machine.com\/wp-content\/uploads\/2022\/04\/mung-bean-peeling-machine-2-360x270.jpg 360w, https:\/\/www.agriculture-machine.com\/wp-content\/uploads\/2022\/04\/mung-bean-peeling-machine-2-240x180.jpg 240w\" sizes=\"auto, (max-width: 720px) 100vw, 720px\" \/><figcaption class=\"wp-element-caption\">m\u00e1y b\u00f3c v\u1ecf \u0111\u1eadu xanh <\/figcaption><\/figure>    <h3 class=\"wp-block-heading\">Th\u00f4ng tin chi ti\u1ebft v\u1ec1 m\u00e1y b\u00f3c v\u1ecf \u0111\u1eadu broad<\/h3>    <figure class=\"wp-block-table is-style-stripes\"><table><tbody><tr><td>M\u1eabu<\/td><td>S18<\/td><\/tr><tr><td>C\u00f4ng su\u1ea5t<\/td><td>15KW<\/td><\/tr><tr><td>Dung t\u00edch<\/td><td>500KG\/H<\/td><\/tr><tr><td>K\u00edch th\u01b0\u1edbc<\/td><td>1800*1200*2150mm<\/td><\/tr><\/tbody><\/table><figcaption class=\"wp-element-caption\">broad bean peeler&#8217;s information<\/figcaption><\/figure>    <h2 class=\"wp-block-heading\">Lo\u1ea1i 3: m\u00e1y b\u00f3c v\u1ecf \u0111\u1eadu broad<\/h2>    <p>C\u1ea5u tr\u00fac m\u00e1y c\u1ee7a m\u00f4 h\u00ecnh n\u00e0y r\u1ea5t kh\u00e1c so v\u1edbi Lo\u1ea1i 1 v\u00e0 Lo\u1ea1i 2. N\u00f3 c\u00f3 c\u1ea5u tr\u00fac t\u01b0\u01a1ng \u0111\u1ed1i \u0111\u01a1n gi\u1ea3n, bao g\u1ed3m m\u1ed9t ph\u1ec5u, ph\u00f2ng b\u00f3c v\u1ecf, c\u00e1c \u0111\u1ea7u ra, v.v. M\u00e1y b\u00f3c v\u1ecf n\u00e0y ch\u1ee7 y\u1ebfu \u0111\u01b0\u1ee3c s\u1eed d\u1ee5ng \u0111\u1ec3 b\u00f3c v\u1ecf \u0111\u1eadu broad. N\u00f3 c\u0169ng \u0111\u01b0\u1ee3c g\u1ecdi l\u00e0 m\u00e1y b\u00f3c v\u1ecf \u0111\u1eadu fava. <\/p>    <p>M\u00e1y n\u00e0y c\u0169ng b\u00f3c v\u1ecf c\u00e1c lo\u1ea1i \u0111\u1eadu d\u1ea7u, \u0111\u1eadu lima, h\u1ea1t gai d\u1ea7u, h\u1ea1t h\u00e0u v\u00e0 c\u00e1c lo\u1ea1i \u0111\u1eadu kh\u00e1c c\u00f3 b\u1ec1 m\u1eb7t ph\u1eb3ng h\u01a1n, d\u1eabn \u0111\u1ebfn t\u1ef7 l\u1ec7 b\u00f3c v\u1ecf s\u1ea3n ph\u1ea9m cao h\u01a1n.<\/p>    <figure class=\"wp-block-image aligncenter size-large\"><img loading=\"lazy\" decoding=\"async\" width=\"717\" height=\"540\" src=\"https:\/\/www.agriculture-machine.com\/wp-content\/uploads\/2022\/04\/Fava-beans-skin-peeler-2-717x540.png\" alt=\"m\u00e1y b\u00f3c v\u1ecf \u0111\u1eadu fava \" class=\"wp-image-12920\" title=\"m\u00e1y b\u00f3c v\u1ecf \u0111\u1eadu fava \" srcset=\"https:\/\/www.agriculture-machine.com\/wp-content\/uploads\/2022\/04\/Fava-beans-skin-peeler-2-717x540.png 717w, https:\/\/www.agriculture-machine.com\/wp-content\/uploads\/2022\/04\/Fava-beans-skin-peeler-2-360x270.png 360w, https:\/\/www.agriculture-machine.com\/wp-content\/uploads\/2022\/04\/Fava-beans-skin-peeler-2-240x180.png 240w, https:\/\/www.agriculture-machine.com\/wp-content\/uploads\/2022\/04\/Fava-beans-skin-peeler-2.png 720w\" sizes=\"auto, (max-width: 717px) 100vw, 717px\" \/><figcaption class=\"wp-element-caption\">m\u00e1y b\u00f3c v\u1ecf \u0111\u1eadu fava<\/figcaption><\/figure>    <h3 class=\"wp-block-heading\">Th\u00f4ng s\u1ed1 k\u1ef9 thu\u1eadt c\u1ee7a m\u00e1y b\u00f3c v\u1ecf \u0111\u1eadu fava<\/h3>    <figure class=\"wp-block-table is-style-stripes\"><table><tbody><tr><td>K\u00edch th\u01b0\u1edbc<\/td><td>1000*1150*1400mm<\/td><\/tr><tr><td>C\u00f4ng su\u1ea5t<\/td><td>5KW<\/td><\/tr><tr><td>Dung t\u00edch<\/td><td>200KG\/H<\/td><\/tr><tr><td>Tr\u1ecdng l\u01b0\u1ee3ng<\/td><td>400KG<\/td><\/tr><\/tbody><\/table><figcaption class=\"wp-element-caption\">fava beans skin peeler&#8217;s parameter<\/figcaption><\/figure>    <h2 class=\"wp-block-heading\">Nguy\u00ean l\u00fd ho\u1ea1t \u0111\u1ed9ng c\u1ee7a m\u00e1y b\u00f3c v\u1ecf \u0111\u1eadu<\/h2>    <p>\u0110\u1ea7u ti\u00ean, \u0111\u1eadu n\u00e0nh v\u00e0o m\u00e1y, v\u00e0 d\u01b0\u1edbi s\u1ef1 quay c\u1ee7a hai \u0111\u0129a m\u00e0i, n\u00f3 c\u00f3 th\u1ec3 \u0111\u1ea1t \u0111\u01b0\u1ee3c m\u1ee5c \u0111\u00edch b\u00f3c v\u1ecf. <\/p>    <p>Khi \u0111\u1eadu n\u00e0nh \u0111\u01b0\u1ee3c b\u00f3c v\u1ecf v\u00e0 \u0111i qua bu\u1ed3ng t\u00e1ch bi\u1ec7t, c\u00e1c h\u1ea1t \u0111\u1eadu \u0111\u00e3 b\u00f3c v\u1ecf \u0111\u01b0\u1ee3c th\u1ea3i ra qua \u0111\u1ea7u ra d\u01b0\u1edbi t\u00e1c \u0111\u1ed9ng c\u1ee7a l\u1ef1c gi\u00f3. Trong khi \u0111\u00f3, v\u1ecf v\u00e0 c\u00e1c b\u1ed9t kh\u00e1c \u0111\u01b0\u1ee3c th\u1ea3i ra qua \u0111\u1ea7u ra c\u00f9ng v\u1edbi kh\u00f4ng kh\u00ed.<\/p>    <figure class=\"wp-block-embed aligncenter is-type-video is-provider-youtube wp-block-embed-youtube wp-embed-aspect-16-9 wp-has-aspect-ratio\"><div class=\"wp-block-embed__wrapper\"> <iframe loading=\"lazy\" title=\"M\u00e1y b\u00f3c v\u1ecf \u0111\u1eadu kh\u00f4 \/ m\u00e1y b\u00f3c v\u1ecf \u0111\u1eadu xanh \/ m\u00e1y b\u00f3c v\u1ecf \u0111\u1eadu broad ho\u1eb7c \u0111\u1eadu xanh\" width=\"500\" height=\"281\" src=\"https:\/\/www.youtube.com\/embed\/7pt3S2lx6eE?feature=oembed\" frameborder=\"0\" allow=\"accelerometer; autoplay; clipboard-write; encrypted-media; gyroscope; picture-in-picture; web-share\" referrerpolicy=\"strict-origin-when-cross-origin\" allowfullscreen><\/iframe> <\/div><figcaption class=\"wp-element-caption\">Video hi\u1ec3n th\u1ecb ho\u1ea1t \u0111\u1ed9ng c\u1ee7a m\u00e1y b\u00f3c v\u1ecf \u0111\u1eadu n\u00e0nh<\/figcaption><\/figure>    <h2 class=\"wp-block-heading\" id=\"h-why-peel-beans-before-deep-processing\">T\u1ea1i sao ph\u1ea3i b\u00f3c v\u1ecf \u0111\u1eadu tr\u01b0\u1edbc khi ch\u1ebf bi\u1ebfn s\u00e2u?<\/h2>    <ul class=\"wp-block-list\"> <li>X\u1eed l\u00fd nhi\u1ec7t th\u00edch h\u1ee3p tr\u01b0\u1edbc khi b\u00f3c v\u1ecf c\u00f3 th\u1ec3 l\u00e0m bi\u1ebfn t\u00ednh v\u1eeba ph\u1ea3i protein \u0111\u1eadu n\u00e0nh, \u1ee9c ch\u1ebf s\u1ef1 h\u00ecnh th\u00e0nh c\u00e1c ch\u1ea5t g\u00e2y m\u00f9i, v\u00e0 gi\u00fap t\u0103ng c\u01b0\u1eddng h\u1ea5p th\u1ee5 dinh d\u01b0\u1ee1ng.<\/li>    <li>V\u1ecf \u0111\u1eadu n\u00e0nh th\u01b0\u1eddng ch\u1ee9a vi khu\u1ea9n kh\u00e1ng nhi\u1ec7t \u0111\u1ea5t, vi\u1ec7c b\u00f3c v\u1ecf gi\u00fap gi\u1ea3m lo\u1ea1i vi khu\u1ea9n n\u00e0y v\u00e0 c\u1ea3i thi\u1ec7n an to\u00e0n th\u1ef1c ph\u1ea9m.<\/li>    <li>Vi\u1ec7c b\u00f3c v\u1ecf c\u00f3 l\u1ee3i cho vi\u1ec7c l\u00e0m b\u1ea5t ho\u1ea1t lipoxygenase, \u0111i\u1ec1u n\u00e0y c\u00f3 th\u1ec3 r\u00fat ng\u1eafn th\u1eddi gian gia nhi\u1ec7t, gi\u1ea3m bi\u1ebfn t\u00ednh nhi\u1ec7t c\u1ee7a c\u00e1c ch\u1ea5t dinh d\u01b0\u1ee1ng v\u00e0 ng\u0103n ng\u1eeba hi\u1ec7n t\u01b0\u1ee3ng n\u00e2u enzym.<\/li> <\/ul>    <figure class=\"wp-block-image aligncenter size-large\"><img loading=\"lazy\" decoding=\"async\" width=\"720\" height=\"540\" src=\"https:\/\/www.agriculture-machine.com\/wp-content\/uploads\/2020\/04\/peeling-soybean.jpg\" alt=\"b\u00f3c v\u1ecf \u0111\u1eadu n\u00e0nh\" class=\"wp-image-10921\" srcset=\"https:\/\/www.agriculture-machine.com\/wp-content\/uploads\/2020\/04\/peeling-soybean.jpg 720w, https:\/\/www.agriculture-machine.com\/wp-content\/uploads\/2020\/04\/peeling-soybean-360x270.jpg 360w, https:\/\/www.agriculture-machine.com\/wp-content\/uploads\/2020\/04\/peeling-soybean-240x180.jpg 240w\" sizes=\"auto, (max-width: 720px) 100vw, 720px\" \/><figcaption class=\"wp-element-caption\">b\u00f3c v\u1ecf \u0111\u1eadu n\u00e0nh<\/figcaption><\/figure>    <h2 class=\"wp-block-heading\" id=\"h-why-choose-taizy-bean-peeling-machine\">L\u1ee3i \u00edch c\u1ee7a m\u00e1y lo\u1ea1i b\u1ecf v\u1ecf \u0111\u1eadu Taizy<\/h2>    <ul class=\"wp-block-list\"> <li>Hi\u1ec7u su\u1ea5t cao v\u00e0 b\u00f3c v\u1ecf \u0111\u1ed3ng \u0111\u1ec1u: thi\u1ebft b\u1ecb c\u00f3 hi\u1ec7u su\u1ea5t l\u00e0m vi\u1ec7c cao v\u00e0 c\u00f3 th\u1ec3 \u0111\u1ea1t \u0111\u01b0\u1ee3c hi\u1ec7u \u1ee9ng b\u00f3c v\u1ecf \u0111\u1ed3ng \u0111\u1ec1u, tr\u00e1nh c\u00e1c v\u1ea5n \u0111\u1ec1 b\u00f3c v\u1ecf kh\u00f4ng \u0111\u1ec1u v\u00e0 \u0111\u1eadu b\u1ecb v\u1ee1.<\/li>    <li>N\u00e2ng cao h\u01b0\u01a1ng v\u1ecb v\u00e0 ch\u1ea5t l\u01b0\u1ee3ng: lo\u1ea1i b\u1ecf hi\u1ec7u qu\u1ea3 m\u00f9i c\u1ee7a \u0111\u1eadu, c\u1ea3i thi\u1ec7n h\u01b0\u01a1ng v\u1ecb c\u1ee7a s\u1ea3n ph\u1ea9m \u0111\u1eadu n\u00e0nh, c\u1ea3i thi\u1ec7n \u0111\u00e1ng k\u1ec3 ch\u1ea5t l\u01b0\u1ee3ng t\u1ed5ng th\u1ec3 v\u00e0 gi\u00e1 tr\u1ecb th\u1ecb tr\u01b0\u1eddng c\u1ee7a s\u1ea3n ph\u1ea9m.<\/li>    <li>\u0110a ch\u1ee9c n\u0103ng, \u0111\u1ea7y \u0111\u1ee7 ch\u1ee9c n\u0103ng: v\u1edbi ch\u1ee9c n\u0103ng b\u00f3c v\u1ecf v\u00e0 t\u00e1ch bi\u1ec7t, d\u1ec5 v\u1eadn h\u00e0nh, hi\u1ec7u su\u1ea5t \u1ed5n \u0111\u1ecbnh, ph\u00f9 h\u1ee3p cho nhi\u1ec1u lo\u1ea1i ch\u1ebf bi\u1ebfn \u0111\u1eadu.<\/li>    <li>\u0110\u00e1p \u1ee9ng nhu c\u1ea7u s\u1ea3n xu\u1ea5t hi\u1ec7n \u0111\u1ea1i: \u0111\u01b0\u1ee3c thi\u1ebft k\u1ebf cho c\u00e1c s\u1ea3n ph\u1ea9m \u0111\u1eadu ch\u1ea5t l\u01b0\u1ee3ng cao, \u0111\u1eb7c bi\u1ec7t ph\u00f9 h\u1ee3p cho ch\u1ebf bi\u1ebfn th\u1ef1c ph\u1ea9m cao c\u1ea5p.<\/li> <\/ul>    <figure class=\"wp-block-image aligncenter size-full\"><img loading=\"lazy\" decoding=\"async\" width=\"720\" height=\"540\" src=\"https:\/\/www.agriculture-machine.com\/wp-content\/uploads\/2020\/04\/beans-peeler-for-sale.webp\" alt=\"m\u00e1y b\u00f3c v\u1ecf \u0111\u1eadu \u0111\u1ec3 b\u00e1n\" class=\"wp-image-15519\" srcset=\"https:\/\/www.agriculture-machine.com\/wp-content\/uploads\/2020\/04\/beans-peeler-for-sale.webp 720w, https:\/\/www.agriculture-machine.com\/wp-content\/uploads\/2020\/04\/beans-peeler-for-sale-360x270.webp 360w, https:\/\/www.agriculture-machine.com\/wp-content\/uploads\/2020\/04\/beans-peeler-for-sale-240x180.webp 240w\" sizes=\"auto, (max-width: 720px) 100vw, 720px\" \/><figcaption class=\"wp-element-caption\">m\u00e1y b\u00f3c v\u1ecf \u0111\u1eadu \u0111\u1ec3 b\u00e1n<\/figcaption><\/figure>    <h2 class=\"wp-block-heading\">M\u00e1y b\u00f3c v\u1ecf \u0111\u1eadu n\u00e0nh b\u00e1n cho Canada<\/h2>    <p>M\u1ed9t trong nh\u1eefng kh\u00e1ch h\u00e0ng c\u1ee7a ch\u00fang t\u00f4i \u0111\u1ebfn t\u1eeb Canada. Anh \u1ea5y \u0111\u00e3 li\u00ean h\u1ec7 v\u1edbi ch\u00fang t\u00f4i qua m\u1ed9t video \u0111\u01b0\u1ee3c \u0111\u0103ng tr\u00ean k\u00eanh YouTube c\u1ee7a ch\u00fang t\u00f4i. \u0110\u01b0\u1ee3c bi\u1ebft, kh\u00e1ch h\u00e0ng mu\u1ed1n b\u00f3c v\u1ecf \u0111\u1eadu m\u1eaft \u0111en, \u0111\u1eadu n\u00e0nh v\u00e0 \u0111\u1eadu t\u00e2y. <\/p>    <p>According to the customer&#8217;s desired output and budget, we recommend Type 1 and Type 2. The final customer places an order from us. Below is the packaging and shipping diagram of the machine.<\/p>    <figure class=\"wp-block-gallery has-nested-images columns-default is-cropped wp-block-gallery-3 is-layout-flex wp-block-gallery-is-layout-flex\"> <figure class=\"wp-block-image size-large\"><img loading=\"lazy\" decoding=\"async\" width=\"720\" height=\"540\" data-id=\"12929\" src=\"https:\/\/www.agriculture-machine.com\/wp-content\/uploads\/2022\/04\/wooden-case-packing1.jpg\" alt=\"\u0111\u00f3ng g\u00f3i b\u1eb1ng h\u1ed9p g\u1ed7\" class=\"wp-image-12929\" title=\"\u0111\u00f3ng g\u00f3i b\u1eb1ng h\u1ed9p g\u1ed7\" srcset=\"https:\/\/www.agriculture-machine.com\/wp-content\/uploads\/2022\/04\/wooden-case-packing1.jpg 720w, https:\/\/www.agriculture-machine.com\/wp-content\/uploads\/2022\/04\/wooden-case-packing1-360x270.jpg 360w, https:\/\/www.agriculture-machine.com\/wp-content\/uploads\/2022\/04\/wooden-case-packing1-240x180.jpg 240w\" sizes=\"auto, (max-width: 720px) 100vw, 720px\" \/><figcaption class=\"wp-element-caption\">\u0111\u00f3ng g\u00f3i b\u1eb1ng h\u1ed9p g\u1ed7<\/figcaption><\/figure>    <figure class=\"wp-block-image size-large\"><img loading=\"lazy\" decoding=\"async\" width=\"720\" height=\"540\" data-id=\"12930\" src=\"https:\/\/www.agriculture-machine.com\/wp-content\/uploads\/2022\/04\/shipping-of-soybean-peeler1.jpg\" alt=\"v\u1eadn chuy\u1ec3n m\u00e1y b\u00f3c v\u1ecf \u0111\u1eadu n\u00e0nh\" class=\"wp-image-12930\" title=\"v\u1eadn chuy\u1ec3n m\u00e1y b\u00f3c v\u1ecf \u0111\u1eadu n\u00e0nh\" srcset=\"https:\/\/www.agriculture-machine.com\/wp-content\/uploads\/2022\/04\/shipping-of-soybean-peeler1.jpg 720w, https:\/\/www.agriculture-machine.com\/wp-content\/uploads\/2022\/04\/shipping-of-soybean-peeler1-360x270.jpg 360w, https:\/\/www.agriculture-machine.com\/wp-content\/uploads\/2022\/04\/shipping-of-soybean-peeler1-240x180.jpg 240w\" sizes=\"auto, (max-width: 720px) 100vw, 720px\" \/><figcaption class=\"wp-element-caption\">v\u1eadn chuy\u1ec3n m\u00e1y b\u00f3c v\u1ecf \u0111\u1eadu n\u00e0nh<\/figcaption><\/figure> <\/figure>    <p class=\"translation-block\">M\u00e1y c\u1ee7a ch\u00fang t\u00f4i \u0111\u00e3 \u0111\u01b0\u1ee3c xu\u1ea5t kh\u1ea9u sang Nigeria, Vi\u1ec7t Nam, Cameroon, H\u00e0 Lan v\u00e0 c\u00e1c qu\u1ed1c gia kh\u00e1c. Ngo\u00e0i m\u00e1y b\u00f3c v\u1ecf \u0111\u1eadu, ch\u00fang t\u00f4i c\u0169ng c\u00f3 <strong><em><a href=\"https:\/\/www.agriculture-machine.com\/vi\/corn-grits-making-machine\/\">m\u00e1y l\u00e0m b\u1ed9t ng\u00f4<\/a> <\/em><\/strong> v\u00e0 <a href=\"https:\/\/www.agriculture-machine.com\/vi\/hammer-mill-machine\/\"><strong><em>m\u00e1y xay ng\u0169 c\u1ed1c<\/em><\/strong><\/a>. Ch\u00fang c\u00f3 th\u1ec3 ch\u1ebf bi\u1ebfn ng\u0169 c\u1ed1c th\u00e0nh nhi\u1ec1u h\u1ea1t v\u00e0 b\u1ed9t kh\u00e1c nhau.<\/p>    <p>N\u1ebfu b\u1ea1n quan t\u00e2m \u0111\u1ebfn s\u1ea3n ph\u1ea9m c\u1ee7a ch\u00fang t\u00f4i ho\u1eb7c c\u00f3 b\u1ea5t k\u1ef3 c\u00e2u h\u1ecfi n\u00e0o, xin vui l\u00f2ng li\u00ean h\u1ec7 v\u1edbi ch\u00fang t\u00f4i. \u0110\u1ed9i ng\u0169 chuy\u00ean nghi\u1ec7p c\u1ee7a ch\u00fang t\u00f4i lu\u00f4n s\u1eb5n s\u00e0ng cung c\u1ea5p cho b\u1ea1n th\u00f4ng tin chi ti\u1ebft v\u1ec1 m\u00e1y m\u00f3c c\u1ee7a ch\u00fang t\u00f4i v\u00e0 ch\u00e0o \u0111\u00f3n b\u1ea1n \u0111\u1ebfn th\u0103m nh\u00e0 m\u00e1y c\u1ee7a ch\u00fang t\u00f4i, mong mu\u1ed1n cung c\u1ea5p cho b\u1ea1n d\u1ecbch v\u1ee5 t\u1ed1t nh\u1ea5t!<\/p>","protected":false},"excerpt":{"rendered":"<p>The bean peeling machine has a wide range of applications and is designed for removing the outer skin of all kinds of beans. Its advanced technology and reliable performance make it ideal for bean processing.<\/p>","protected":false},"author":1,"featured_media":12906,"parent":0,"comment_status":"closed","ping_status":"closed","template":"","tags":[489,2600],"product-type":[902],"class_list":["post-6613","product","type-product","status-publish","has-post-thumbnail","hentry","tag-bean","tag-soybean","product-type-soybean-peeling-machine"],"_links":{"self":[{"href":"https:\/\/www.agriculture-machine.com\/vi\/wp-json\/wp\/v2\/product\/6613","targetHints":{"allow":["GET"]}}],"collection":[{"href":"https:\/\/www.agriculture-machine.com\/vi\/wp-json\/wp\/v2\/product"}],"about":[{"href":"https:\/\/www.agriculture-machine.com\/vi\/wp-json\/wp\/v2\/types\/product"}],"author":[{"embeddable":true,"href":"https:\/\/www.agriculture-machine.com\/vi\/wp-json\/wp\/v2\/users\/1"}],"replies":[{"embeddable":true,"href":"https:\/\/www.agriculture-machine.com\/vi\/wp-json\/wp\/v2\/comments?post=6613"}],"wp:featuredmedia":[{"embeddable":true,"href":"https:\/\/www.agriculture-machine.com\/vi\/wp-json\/wp\/v2\/media\/12906"}],"wp:attachment":[{"href":"https:\/\/www.agriculture-machine.com\/vi\/wp-json\/wp\/v2\/media?parent=6613"}],"wp:term":[{"taxonomy":"post_tag","embeddable":true,"href":"https:\/\/www.agriculture-machine.com\/vi\/wp-json\/wp\/v2\/tags?post=6613"},{"taxonomy":"product-type","embeddable":true,"href":"https:\/\/www.agriculture-machine.com\/vi\/wp-json\/wp\/v2\/product-type?post=6613"}],"curies":[{"name":"wp","href":"https:\/\/api.w.org\/{rel}","templated":true}]}}