{"id":7676,"date":"2020-09-17T18:12:42","date_gmt":"2020-09-17T10:12:42","guid":{"rendered":"https:\/\/www.agriculture-machine.com\/?p=7676"},"modified":"2024-09-18T16:13:40","modified_gmt":"2024-09-18T08:13:40","slug":"sprinkler-irrigation","status":"publish","type":"product","link":"https:\/\/www.agriculture-machine.com\/vi\/sprinkler-irrigation\/","title":{"rendered":"M\u00e1y t\u01b0\u1edbi phun | H\u1ec7 th\u1ed1ng t\u01b0\u1edbi | Ng\u01b0\u1eddi t\u01b0\u1edbi"},"content":{"rendered":"<p>M\u00e1y t\u01b0\u1edbi phun \u0111\u1ec1 c\u1eadp \u0111\u1ebfn thi\u1ebft b\u1ecb \u0111\u01b0\u1ee3c s\u1eed d\u1ee5ng \u0111\u1ec3 phun n\u01b0\u1edbc t\u01b0\u1edbi. To\u00e0n b\u1ed9 h\u1ec7 th\u1ed1ng t\u01b0\u1edbi phun th\u01b0\u1eddng bao g\u1ed3m m\u1ed9t \u0111\u01a1n v\u1ecb b\u01a1m n\u01b0\u1edbc, \u0111\u01b0\u1eddng \u1ed1ng, v\u00f2i phun, v\u00e0 khung di chuy\u1ec3n. Thi\u1ebft b\u1ecb t\u01b0\u1edbi phun phun n\u01b0\u1edbc v\u1edbi m\u1ed9t \u00e1p l\u1ef1c nh\u1ea5t \u0111\u1ecbnh v\u00e0o kh\u00f4ng kh\u00ed th\u00f4ng qua m\u1ed9t m\u00e1y v\u00e0 thi\u1ebft b\u1ecb \u0111\u1eb7c bi\u1ec7t t\u1eeb v\u00f2i phun v\u00e0 sau \u0111\u00f3 ph\u00e2n t\u00e1n th\u00e0nh nh\u1eefng gi\u1ecdt nh\u1ecf, \u0111\u01b0\u1ee3c phun \u0111\u1ec1u tr\u00ean c\u00e1nh \u0111\u1ed3ng nh\u01b0 m\u01b0a, cung c\u1ea5p n\u01b0\u1edbc \u0111\u1ea7y \u0111\u1ee7 cho c\u00e2y tr\u1ed3ng, hoa, c\u00e2y gi\u1ed1ng, v\u00e0 c\u00e1c lo\u1ea1i c\u00e2y kh\u00e1c. Lo\u1ea1i t\u01b0\u1edbi phun n\u00e0y t\u01b0\u1edbi n\u01b0\u1edbc m\u1ed9t c\u00e1ch t\u1ef1 nhi\u00ean. K\u1ebft n\u1ed1i c\u00e1c thi\u1ebft b\u1ecb t\u0103ng \u00e1p, d\u1eabn n\u01b0\u1edbc, v\u00f2i phun, di chuy\u1ec3n, v\u00e0 c\u00e1c thi\u1ebft b\u1ecb kh\u00e1c th\u00e0nh m\u1ed9t kh\u1ed1i di \u0111\u1ed9ng, g\u1ecdi l\u00e0 m\u00e1y t\u01b0\u1edbi phun.<\/p>    <h2 class=\"wp-block-heading\">C\u00e1c lo\u1ea1i h\u1ec7 th\u1ed1ng t\u01b0\u1edbi phun<\/h2>    <p>C\u00f3 nhi\u1ec1u lo\u1ea1i m\u00e1y t\u01b0\u1edbi phun, v\u00e0 h\u1ec7 th\u1ed1ng t\u01b0\u1edbi phun lo\u1ea1i \u0111\u01a1n v\u1ecb bao g\u1ed3m hai lo\u1ea1i: \u0111\u01a1n v\u1ecb phun c\u1ed1 \u0111\u1ecbnh v\u00e0 \u0111\u01a1n v\u1ecb phun di \u0111\u1ed9ng.<\/p>    <p>\u0110\u01a1n v\u1ecb phun c\u1ed1 \u0111\u1ecbnh bao g\u1ed3m m\u1ed9t m\u00e1y t\u01b0\u1edbi phun \u0111\u1ea9y tay (n\u00e2ng), m\u1ed9t m\u00e1y t\u01b0\u1edbi phun g\u1eafn tr\u00ean xe k\u00e9o, m\u1ed9t m\u00e1y t\u01b0\u1edbi phun k\u00e9o b\u1eb1ng xe k\u00e9o, <span style=\"color: #000000;\">m\u1ed9t m\u00e1y t\u01b0\u1edbi phun cu\u1ed9n<\/span>, v\u00e0 m\u1ed9t m\u00e1y t\u01b0\u1edbi phun hai c\u1ea7n g\u1eadp.<\/p>    <p>\u0110\u01a1n v\u1ecb t\u01b0\u1edbi phun di \u0111\u1ed9ng bao g\u1ed3m m\u1ed9t m\u00e1y t\u01b0\u1edbi phun tr\u1ee5c trung t\u00e2m, m\u1ed9t m\u00e1y t\u01b0\u1edbi phun d\u1ecbch chuy\u1ec3n, v\u00e0 m\u1ed9t m\u00e1y t\u01b0\u1edbi phun cu\u1ed9n. Trong s\u1ed1 \u0111\u00f3, lo\u1ea1i cu\u1ed9n bao g\u1ed3m hai lo\u1ea1i: m\u00e1y t\u01b0\u1edbi phun cu\u1ed9n k\u00e9o b\u1eb1ng d\u00e2y c\u00e1p v\u00e0 m\u00e1y t\u01b0\u1edbi phun cu\u1ed9n k\u00e9o b\u1eb1ng \u1ed1ng.<\/p>    <p class=\"translation-block\">M\u00e1y t\u01b0\u1edbi phun cu\u1ed9n JP series <strong>m\u00e1y t\u01b0\u1edbi phun cu\u1ed9n<\/strong> l\u00e0 m\u1ed9t m\u00e1y t\u01b0\u1edbi cu\u1ed1n \u1ed1ng PE tr\u00ean cu\u1ed9n, s\u1eed d\u1ee5ng \u00e1p su\u1ea5t phun \u0111\u1ec3 \u0111i\u1ec1u khi\u1ec3n tua-bin n\u01b0\u1edbc quay, \u0111i\u1ec1u khi\u1ec3n cu\u1ed9n quay th\u00f4ng qua thi\u1ebft b\u1ecb thay \u0111\u1ed5i t\u1ed1c \u0111\u1ed9, v\u00e0 k\u00e9o xe phun t\u1ef1 \u0111\u1ed9ng di chuy\u1ec3n v\u00e0 phun. M\u00e1y t\u01b0\u1edbi phun cu\u1ed9n JP series kh\u00f4ng ch\u1ec9 c\u00f3 th\u1ec3 t\u01b0\u1edbi m\u1ed9t di\u1ec7n t\u00edch l\u1edbn \u0111\u1ea5t n\u00f4ng nghi\u1ec7p m\u00e0 c\u00f2n c\u00f3 th\u1ec3 \u0111i\u1ec1u ch\u1ec9nh l\u01b0\u1ee3ng n\u01b0\u1edbc theo k\u00edch th\u01b0\u1edbc c\u1ee7a n\u01b0\u1edbc phun \u0111\u1ec3 \u0111\u00e1p \u1ee9ng c\u00e1c y\u00eau c\u1ea7u kh\u00e1c nhau v\u1ec1 l\u01b0\u1ee3ng n\u01b0\u1edbc t\u01b0\u1edbi phun. \u0110\u00e2y l\u00e0 s\u1ef1 l\u1ef1a ch\u1ecdn t\u1ed1t nh\u1ea5t cho t\u01b0\u1edbi ti\u1ebft ki\u1ec7m n\u01b0\u1edbc cho \u0111\u1ea5t n\u00f4ng nghi\u1ec7p.<\/p>    <figure class=\"wp-block-image alignnone size-full wp-image-8700\"><img loading=\"lazy\" decoding=\"async\" width=\"720\" height=\"540\" src=\"https:\/\/www.agriculture-machine.com\/wp-content\/uploads\/2020\/09\/reel-irrigation-system.jpg\" alt=\"h\u1ec7 th\u1ed1ng t\u01b0\u1edbi cu\u1ed9n\" class=\"wp-image-8700\" srcset=\"https:\/\/www.agriculture-machine.com\/wp-content\/uploads\/2020\/09\/reel-irrigation-system.jpg 720w, https:\/\/www.agriculture-machine.com\/wp-content\/uploads\/2020\/09\/reel-irrigation-system-360x270.jpg 360w, https:\/\/www.agriculture-machine.com\/wp-content\/uploads\/2020\/09\/reel-irrigation-system-240x180.jpg 240w\" sizes=\"auto, (max-width: 720px) 100vw, 720px\" \/><figcaption class=\"wp-element-caption\">h\u1ec7 th\u1ed1ng t\u01b0\u1edbi cu\u1ed9n<\/figcaption><\/figure>    <p class=\"translation-block\">Ngo\u00e0i c\u00e1c ch\u1ee9c n\u0103ng chung c\u1ee7a m\u1ed9t m\u00e1y t\u01b0\u1edbi phun cu\u1ed9n, <strong>m\u00e1y t\u01b0\u1edbi phun cu\u1ed9n khung ngang<\/strong> c\u00f3 c\u00e1c \u0111\u1eb7c \u0111i\u1ec3m \u0111\u1ed9c \u0111\u00e1o sau: \u00e1p su\u1ea5t l\u00e0m vi\u1ec7c th\u1ea5p, ti\u1ebft ki\u1ec7m n\u0103ng l\u01b0\u1ee3ng, nhi\u1ec1u v\u00f2i phun, gi\u1ecdt n\u01b0\u1edbc nh\u1ecf v\u00e0 \u0111\u1ed9 \u0111\u1ed3ng \u0111\u1ec1u ph\u00e2n ph\u1ed1i n\u01b0\u1edbc cao. T\u00e1c \u0111\u1ed9ng l\u00ean c\u00e2y tr\u1ed3ng v\u00e0 \u0111\u1ea5t l\u00e0 nh\u1ecf, v\u00e0 \u00edt b\u1ecb \u1ea3nh h\u01b0\u1edfng b\u1edfi gi\u00f3. N\u00f3 c\u00f3 th\u1ec3 \u0111\u01b0\u1ee3c l\u1eafp \u0111\u1eb7t v\u00e0 th\u00e1o r\u1eddi t\u1ea1i ch\u1ed7.<\/p>    <figure class=\"wp-block-embed is-type-video is-provider-youtube wp-block-embed-youtube wp-embed-aspect-16-9 wp-has-aspect-ratio\"><div class=\"wp-block-embed__wrapper\"> <iframe loading=\"lazy\" title=\"m\u00e1y t\u01b0\u1edbi phun cu\u1ed9n khung ngang\/m\u00e1y t\u01b0\u1edbi phun cu\u1ed9n\/h\u1ec7 th\u1ed1ng t\u01b0\u1edbi\" width=\"500\" height=\"281\" src=\"https:\/\/www.youtube.com\/embed\/_rTfLXyjg-0?feature=oembed\" frameborder=\"0\" allow=\"accelerometer; autoplay; clipboard-write; encrypted-media; gyroscope; picture-in-picture; web-share\" referrerpolicy=\"strict-origin-when-cross-origin\" allowfullscreen><\/iframe> <\/div><\/figure>    <p class=\"translation-block\">Trong s\u1ed1 c\u00e1c <strong>m\u00e1y t\u01b0\u1edbi phun<\/strong> \u0111\u00e3 \u0111\u1ec1 c\u1eadp \u1edf tr\u00ean, lo\u1ea1i \u0111\u1ea9y tay v\u00e0 lo\u1ea1i n\u00e2ng tay l\u00e0 c\u00e1c \u0111\u01a1n v\u1ecb nh\u1ecf. Do c\u1ea5u tr\u00fac \u0111\u01a1n gi\u1ea3n, k\u00edch th\u01b0\u1edbc nh\u1ecf, s\u1eed d\u1ee5ng linh ho\u1ea1t v\u00e0 gi\u00e1 th\u1ea5p, \u0111\u00e2y l\u00e0 m\u1eabu \u0111\u01b0\u1ee3c s\u1eed d\u1ee5ng r\u1ed9ng r\u00e3i nh\u1ea5t trong l\u0129nh v\u1ef1c t\u01b0\u1edbi phun \u1edf nhi\u1ec1u qu\u1ed1c gia. V\u1edbi s\u1ef1 ph\u00e1t tri\u1ec3n c\u1ee7a s\u1ea3n xu\u1ea5t n\u00f4ng nghi\u1ec7p t\u1eadp trung, y\u00eau c\u1ea7u c\u1ea3i thi\u1ec7n hi\u1ec7u qu\u1ea3 lao \u0111\u1ed9ng, v\u00e0 c\u00e1c m\u00e1y t\u01b0\u1edbi phun l\u1edbn v\u00e0 v\u1eeba s\u1ebd c\u00f3 tri\u1ec3n v\u1ecdng \u1ee9ng d\u1ee5ng r\u1ed9ng r\u00e3i.<\/p>    <h2 class=\"wp-block-heading\">\u1ee8ng d\u1ee5ng c\u1ee7a h\u1ec7 th\u1ed1ng t\u01b0\u1edbi<\/h2>    <p>Nhi\u1ec1u lo\u1ea1i m\u00e1y t\u01b0\u1edbi phun c\u00f3 th\u1ec3 \u0111\u01b0\u1ee3c \u00e1p d\u1ee5ng cho t\u01b0\u1edbi c\u00e2y tr\u1ed3ng l\u1edbn, v\u1eeba v\u00e0 nh\u1ecf, t\u01b0\u1edbi v\u01b0\u1eddn, (t\u01b0\u1edbi c\u1ecf) l\u00e0m xanh \u0111\u00f4 th\u1ecb, tr\u00e1i c\u00e2y v\u00e0 rau, tr\u1ed3ng tr\u00e0, \u0111\u1ed3ng c\u1ecf, thu\u1ed1c l\u00e1, m\u00eda, v\u00e0 c\u00e1c nh\u00e0 m\u00e1y \u0111i\u1ec7n, b\u1ebfn c\u1ea3ng, c\u00f4ng tr\u01b0\u1eddng x\u00e2y d\u1ef1ng, ph\u00f2ng ch\u1ed1ng b\u1ee5i nh\u00e0 m\u00e1y \u0111i\u1ec7n, v\u00e0 c\u00e1c l\u0129nh v\u1ef1c kh\u00e1c.<\/p>    <h2 class=\"wp-block-heading\">Let&#8217;s Know about the More Reel Sprinkler System<\/h2>    <p>C\u00e1c m\u1eabu m\u00e1y t\u01b0\u1edbi phun cu\u1ed9n r\u1ea5t \u0111a d\u1ea1ng, ch\u00fang t\u00f4i c\u00f3 m\u00e1y t\u01b0\u1edbi phun cu\u1ed9n l\u1edbn, m\u00e1y t\u01b0\u1edbi phun cu\u1ed9n v\u1eeba, m\u00e1y t\u01b0\u1edbi phun cu\u1ed9n nh\u1eb9, m\u00e1y t\u01b0\u1edbi phun cu\u1ed9n mini, v\u00e0 nhi\u1ec1u lo\u1ea1i kh\u00e1c. Ngo\u00e0i ra, ch\u00fang t\u00f4i s\u1ebd t\u00f9y ch\u1ec9nh theo nhu c\u1ea7u c\u1ee7a kh\u00e1ch h\u00e0ng.<\/p>    <figure class=\"wp-block-image alignnone size-full wp-image-7678\"><img loading=\"lazy\" decoding=\"async\" width=\"720\" height=\"540\" src=\"https:\/\/www.agriculture-machine.com\/wp-content\/uploads\/2020\/09\/All-Kinds-of-Sprinkler.jpg\" alt=\"T\u1ea5t c\u1ea3 c\u00e1c lo\u1ea1i t\u01b0\u1edbi phun\" class=\"wp-image-7678\" srcset=\"https:\/\/www.agriculture-machine.com\/wp-content\/uploads\/2020\/09\/All-Kinds-of-Sprinkler.jpg 720w, https:\/\/www.agriculture-machine.com\/wp-content\/uploads\/2020\/09\/All-Kinds-of-Sprinkler-360x270.jpg 360w, https:\/\/www.agriculture-machine.com\/wp-content\/uploads\/2020\/09\/All-Kinds-of-Sprinkler-240x180.jpg 240w\" sizes=\"auto, (max-width: 720px) 100vw, 720px\" \/><figcaption class=\"wp-element-caption\">T\u1ea5t c\u1ea3 c\u00e1c lo\u1ea1i t\u01b0\u1edbi phun<\/figcaption><\/figure>    <h3 class=\"wp-block-heading\">Ch\u1ebf \u0111\u1ed9 truy\u1ec1n \u0111\u1ed9ng<\/h3>    <p>Truy\u1ec1n \u0111\u1ed9ng tua-bin n\u01b0\u1edbc, truy\u1ec1n \u0111\u1ed9ng th\u1ee7y l\u1ef1c, truy\u1ec1n \u0111\u1ed9ng \u0111i\u1ec7n, truy\u1ec1n \u0111\u1ed9ng \u0111\u1ed9ng c\u01a1 \u0111\u1ed1t trong.<\/p>    <figure class=\"wp-block-image alignnone size-full wp-image-7682\"><img loading=\"lazy\" decoding=\"async\" width=\"720\" height=\"540\" src=\"https:\/\/www.agriculture-machine.com\/wp-content\/uploads\/2020\/09\/Water-Turbine-and-Gearbox.jpg\" alt=\"Tua-bin n\u01b0\u1edbc v\u00e0 h\u1ed9p s\u1ed1\" class=\"wp-image-7682\" srcset=\"https:\/\/www.agriculture-machine.com\/wp-content\/uploads\/2020\/09\/Water-Turbine-and-Gearbox.jpg 720w, https:\/\/www.agriculture-machine.com\/wp-content\/uploads\/2020\/09\/Water-Turbine-and-Gearbox-360x270.jpg 360w, https:\/\/www.agriculture-machine.com\/wp-content\/uploads\/2020\/09\/Water-Turbine-and-Gearbox-240x180.jpg 240w\" sizes=\"auto, (max-width: 720px) 100vw, 720px\" \/><figcaption class=\"wp-element-caption\">Tua-bin n\u01b0\u1edbc v\u00e0 h\u1ed9p s\u1ed1<\/figcaption><\/figure>    <h3 class=\"wp-block-heading\">Ph\u01b0\u01a1ng ph\u00e1p phun<\/h3>    <p>Phun \u0111\u01a1n, phun \u0111\u00f4i, phun l\u1eeda.<\/p>    <figure class=\"wp-block-image alignnone size-full wp-image-7683\"><img loading=\"lazy\" decoding=\"async\" width=\"2560\" height=\"1920\" src=\"https:\/\/www.agriculture-machine.com\/wp-content\/uploads\/2020\/09\/gun-spray.png\" alt=\"phun s\u00fang\" class=\"wp-image-7683\" srcset=\"https:\/\/www.agriculture-machine.com\/wp-content\/uploads\/2020\/09\/gun-spray.png 2560w, https:\/\/www.agriculture-machine.com\/wp-content\/uploads\/2020\/09\/gun-spray-360x270.png 360w, https:\/\/www.agriculture-machine.com\/wp-content\/uploads\/2020\/09\/gun-spray-720x540.png 720w, https:\/\/www.agriculture-machine.com\/wp-content\/uploads\/2020\/09\/gun-spray-240x180.png 240w, https:\/\/www.agriculture-machine.com\/wp-content\/uploads\/2020\/09\/gun-spray-768x576.png 768w, https:\/\/www.agriculture-machine.com\/wp-content\/uploads\/2020\/09\/gun-spray-1536x1152.png 1536w, https:\/\/www.agriculture-machine.com\/wp-content\/uploads\/2020\/09\/gun-spray-2048x1536.png 2048w\" sizes=\"auto, (max-width: 2560px) 100vw, 2560px\" \/><figcaption class=\"wp-element-caption\">phun s\u00fang<\/figcaption><\/figure>    <h3 class=\"wp-block-heading\">C\u1ea5u h\u00ecnh b\u1ed9 ph\u1eadn<\/h3>    <p class=\"translation-block\"><strong>\u1ed1ng t\u01b0\u1edbi phun:<\/strong> n\u00f3 s\u1eed d\u1ee5ng v\u1eadt li\u1ec7u \u1ed1ng HDPE th\u00e2n thi\u1ec7n v\u1edbi m\u00f4i tr\u01b0\u1eddng v\u00e0 l\u00e0nh m\u1ea1nh v\u00e0 v\u1eadt li\u1ec7u nh\u1ef1a polyethylene. S\u1ea3n ph\u1ea9m c\u00f3 kh\u1ea3 n\u0103ng h\u00e0n t\u1ed1t v\u00e0 kh\u00e1ng n\u1ee9t do c\u0103ng th\u1eb3ng m\u00f4i tr\u01b0\u1eddng. Hi\u1ec7u su\u1ea5t c\u1ee7a n\u00f3 \u0111\u00e3 \u0111\u1ea1t ti\u00eau chu\u1ea9n qu\u1ed1c t\u1ebf.<\/p>    <figure class=\"wp-block-image alignnone wp-image-7680 size-full\"><img loading=\"lazy\" decoding=\"async\" width=\"720\" height=\"540\" src=\"https:\/\/www.agriculture-machine.com\/wp-content\/uploads\/2020\/09\/Water-Pipe.jpg\" alt=\"\u1ed1ng t\u01b0\u1edbi phun\" class=\"wp-image-7680\" srcset=\"https:\/\/www.agriculture-machine.com\/wp-content\/uploads\/2020\/09\/Water-Pipe.jpg 720w, https:\/\/www.agriculture-machine.com\/wp-content\/uploads\/2020\/09\/Water-Pipe-360x270.jpg 360w, https:\/\/www.agriculture-machine.com\/wp-content\/uploads\/2020\/09\/Water-Pipe-240x180.jpg 240w\" sizes=\"auto, (max-width: 720px) 100vw, 720px\" \/><figcaption class=\"wp-element-caption\">\u1ed1ng t\u01b0\u1edbi phun<\/figcaption><\/figure>    <p class=\"translation-block\"><strong>chu\u1ed7i m\u00e1y ph\u00e1t \u0111i\u1ec7n:<\/strong> B\u1ed9 ph\u00e1t \u0111i\u1ec7n diesel bao g\u1ed3m \u0111\u1ed9ng c\u01a1 diesel v\u00e0 m\u00e1y ph\u00e1t \u0111i\u1ec7n. Ch\u1ea5t l\u01b0\u1ee3ng \u0111\u00e1ng tin c\u1eady, d\u1ec5 v\u1eadn h\u00e0nh v\u00e0 d\u1ec5 b\u1ea3o tr\u00ec. C\u00f3 t\u1edbi 20 lo\u1ea1i m\u00e1y ph\u00e1t \u0111i\u1ec7n, ch\u1eafc ch\u1eafn s\u1ebd \u0111\u00e1p \u1ee9ng nhu c\u1ea7u c\u1ee7a b\u1ea1n.<\/p>    <figure class=\"wp-block-image alignnone wp-image-7679 size-full\"><img loading=\"lazy\" decoding=\"async\" width=\"720\" height=\"540\" src=\"https:\/\/www.agriculture-machine.com\/wp-content\/uploads\/2020\/09\/diesel-engine.jpg\" alt=\"chu\u1ed7i m\u00e1y ph\u00e1t \u0111i\u1ec7n\" class=\"wp-image-7679\" srcset=\"https:\/\/www.agriculture-machine.com\/wp-content\/uploads\/2020\/09\/diesel-engine.jpg 720w, https:\/\/www.agriculture-machine.com\/wp-content\/uploads\/2020\/09\/diesel-engine-360x270.jpg 360w, https:\/\/www.agriculture-machine.com\/wp-content\/uploads\/2020\/09\/diesel-engine-240x180.jpg 240w\" sizes=\"auto, (max-width: 720px) 100vw, 720px\" \/><figcaption class=\"wp-element-caption\">chu\u1ed7i m\u00e1y ph\u00e1t \u0111i\u1ec7n<\/figcaption><\/figure>    <p class=\"translation-block\"><strong>chu\u1ed7i b\u01a1m ch\u00ecm:<\/strong> b\u01a1m ch\u00ecm l\u00e0 m\u1ed9t lo\u1ea1i thi\u1ebft b\u1ecb n\u00e2ng n\u01b0\u1edbc trong \u0111\u00f3 m\u1ed9t \u0111\u1ed9ng c\u01a1 th\u1eb3ng \u0111\u1ee9ng v\u00e0 m\u1ed9t m\u00e1y b\u01a1m n\u01b0\u1edbc \u0111\u01b0\u1ee3c k\u1ebft n\u1ed1i tr\u1ef1c ti\u1ebfp. N\u00f3 ho\u00e0n to\u00e0n ng\u00e2m trong n\u01b0\u1edbc khi l\u00e0m vi\u1ec7c, v\u00e0 ch\u1ebf \u0111\u1ed9 l\u00e0m vi\u1ec7c c\u1ee7a n\u00f3 l\u00e0 l\u00e0m vi\u1ec7c li\u00ean t\u1ee5c. M\u00e1y b\u01a1m n\u01b0\u1edbc c\u00f3 k\u00edch th\u01b0\u1edbc nh\u1ecf, tr\u1ecdng l\u01b0\u1ee3ng nh\u1eb9, c\u1ea5u tr\u00fac \u0111\u01a1n gi\u1ea3n v\u00e0 g\u1ecdn nh\u1eb9. D\u1ec5 d\u00e0ng l\u1eafp \u0111\u1eb7t v\u00e0 s\u1eed d\u1ee5ng, v\u00e0 c\u00f3 kh\u1ea3 n\u0103ng th\u00edch \u1ee9ng m\u1ea1nh m\u1ebd. \u0110\u00e2y l\u00e0 m\u1ed9t s\u1ea3n ph\u1ea9m ti\u1ebft ki\u1ec7m n\u0103ng l\u01b0\u1ee3ng, hi\u1ec7u su\u1ea5t cao v\u00e0 ti\u00ean ti\u1ebfn h\u01a1n v\u1edbi c\u00e1c ch\u1ec9 s\u1ed1 hi\u1ec7u su\u1ea5t ti\u00ean ti\u1ebfn. Ch\u00fang t\u00f4i c\u0169ng c\u00f3 th\u1ec3 t\u00f9y ch\u1ec9nh b\u01a1m ch\u00ecm cho b\u1ea1n theo \u0111\u01b0\u1eddng k\u00ednh c\u1ee7a \u0111\u1ea7u ra n\u01b0\u1edbc.<\/p>    <figure class=\"wp-block-image alignnone size-full wp-image-7681\"><img loading=\"lazy\" decoding=\"async\" width=\"720\" height=\"540\" src=\"https:\/\/www.agriculture-machine.com\/wp-content\/uploads\/2020\/09\/submersible-pump.jpg\" alt=\"b\u01a1m ch\u00ecm\" class=\"wp-image-7681\" srcset=\"https:\/\/www.agriculture-machine.com\/wp-content\/uploads\/2020\/09\/submersible-pump.jpg 720w, https:\/\/www.agriculture-machine.com\/wp-content\/uploads\/2020\/09\/submersible-pump-360x270.jpg 360w, https:\/\/www.agriculture-machine.com\/wp-content\/uploads\/2020\/09\/submersible-pump-240x180.jpg 240w\" sizes=\"auto, (max-width: 720px) 100vw, 720px\" \/><figcaption class=\"wp-element-caption\">b\u01a1m ch\u00ecm<\/figcaption><\/figure>    <p class=\"translation-block\"><strong>van t\u01b0\u1edbi phun<\/strong><\/p>    <figure class=\"wp-block-image alignnone size-full wp-image-7684\"><img loading=\"lazy\" decoding=\"async\" width=\"380\" height=\"380\" src=\"https:\/\/www.agriculture-machine.com\/wp-content\/uploads\/2020\/09\/sprinkler-valve.jpg\" alt=\"van t\u01b0\u1edbi phun\" class=\"wp-image-7684\" srcset=\"https:\/\/www.agriculture-machine.com\/wp-content\/uploads\/2020\/09\/sprinkler-valve.jpg 380w, https:\/\/www.agriculture-machine.com\/wp-content\/uploads\/2020\/09\/sprinkler-valve-270x270.jpg 270w\" sizes=\"auto, (max-width: 380px) 100vw, 380px\" \/><figcaption class=\"wp-element-caption\">van t\u01b0\u1edbi phun<\/figcaption><\/figure>    <h3 class=\"wp-block-heading\"><a href=\"https:\/\/www.agriculture-machine.com\/vi\/reel-sprinkler-irrigation-makes-crops-grow-greener\/\">L\u1ee3i \u00edch c\u1ee7a m\u00e1y t\u01b0\u1edbi phun cu\u1ed9n l\u00e0 g\u00ec?<\/a><\/h3>    <p class=\"translation-block\"><strong>Ti\u1ebft ki\u1ec7m n\u01b0\u1edbc:<\/strong> T\u01b0\u1edbi phun c\u00f3 th\u1ec3 ki\u1ec3m so\u00e1t l\u01b0\u1ee3ng n\u01b0\u1edbc phun ra v\u00e0 \u0111\u1ed9 \u0111\u1ed3ng \u0111\u1ec1u c\u1ee7a n\u01b0\u1edbc t\u01b0\u1edbi, v\u00e0 tr\u00e1nh m\u1ea5t n\u01b0\u1edbc do ch\u1ea3y tr\u00e0n v\u00e0 th\u1ea5m s\u00e2u.<\/p>    <p class=\"translation-block\"><strong>T\u0103ng s\u1ea3n l\u01b0\u1ee3ng:<\/strong> H\u1ec7 th\u1ed1ng t\u01b0\u1edbi phun c\u00f3 th\u1ec3 s\u1eed d\u1ee5ng m\u1ed9t l\u01b0\u1ee3ng t\u01b0\u1edbi nh\u1ecf cho vi\u1ec7c t\u01b0\u1edbi n\u00f4ng c\u1ea1n c\u00e2y tr\u1ed3ng, \u0111i\u1ec1u n\u00e0y thu\u1eadn ti\u1ec7n cho vi\u1ec7c ki\u1ec3m so\u00e1t ch\u1eb7t ch\u1ebd \u0111\u1ed9 \u1ea9m c\u1ee7a \u0111\u1ea5t \u0111\u1ec3 l\u00e0m l\u1ecfng \u0111\u1ea5t. N\u00f3 s\u1ebd t\u1ea1o ra nhi\u1ec1u kho\u1ea3ng tr\u1ed1ng, v\u00e0 c\u00f3 \u0111i\u1ec1u ki\u1ec7n th\u00f4ng kh\u00ed t\u1ed1t, v\u00e0 th\u00fac \u0111\u1ea9y s\u1ef1 ph\u00e2n h\u1ee7y dinh d\u01b0\u1ee1ng.<\/p>    <p class=\"translation-block\"><strong>Ti\u1ebft ki\u1ec7m lao \u0111\u1ed9ng:<\/strong> H\u1ec7 th\u1ed1ng t\u01b0\u1edbi phun lo\u1ea1i b\u1ecf c\u00e1c r\u00e3nh d\u1eabn n\u01b0\u1edbc trong ru\u1ed9ng v\u00e0 gi\u1ea3m s\u1ef1 ph\u00e1t tri\u1ec3n c\u1ee7a c\u1ecf d\u1ea1i. Ti\u1ebft ki\u1ec7m r\u1ea5t nhi\u1ec1u lao \u0111\u1ed9ng trong vi\u1ec7c \u00e1p d\u1ee5ng ph\u00e2n b\u00f3n h\u00f3a h\u1ecdc v\u00e0 thu\u1ed1c tr\u1eeb s\u00e2u.<\/p>    <h3 class=\"wp-block-heading\"><a href=\"https:\/\/www.agriculture-machine.com\/vi\/reel-sprinkler-irrigation-machine-and-mobile-sprinkler-irrigation\/\">\u1ee8ng d\u1ee5ng c\u1ee7a m\u00e1y t\u01b0\u1edbi phun cu\u1ed9n<\/a><\/h3>    <p>C\u00e1c m\u00e1y t\u01b0\u1edbi phun cu\u1ed9n nh\u1ecf ph\u00f9 h\u1ee3p cho vi\u1ec7c t\u01b0\u1edbi c\u1ecf, \u0111\u1ea5t n\u00f4ng nghi\u1ec7p, c\u00f4ng vi\u00ean, s\u00e2n th\u1ec3 thao, c\u1ecf \u0111\u00f4 th\u1ecb, v\u00e0 lo\u1ea1i b\u1ecf b\u1ee5i trong c\u00e1c nh\u00e0 m\u00e1y v\u00e0 m\u1ecf, v\u00e0 b\u1ebfn c\u1ea3ng.<\/p>    <h4 class=\"wp-block-heading\">C\u00f4ng su\u1ea5t h\u1ed7 tr\u1ee3<\/h4>    <p>Ngu\u1ed3n \u0111i\u1ec7n c\u00f3 th\u1ec3 ch\u1ecdn b\u01a1m \u0111i\u1ec7n ch\u00ecm, b\u01a1m \u0111i\u1ec7n ly t\u00e2m, \u0111\u01a1n v\u1ecb b\u01a1m n\u01b0\u1edbc diesel.<\/p>    <h3 class=\"wp-block-heading\">Hi\u1ec3n th\u1ecb chi ti\u1ebft c\u1ee7a m\u00e1y t\u01b0\u1edbi phun<\/h3>    <figure class=\"wp-block-image alignnone size-full wp-image-7706\"><img loading=\"lazy\" decoding=\"async\" width=\"720\" height=\"540\" src=\"https:\/\/www.agriculture-machine.com\/wp-content\/uploads\/2020\/09\/\u672a\u6807\u9898-1.jpg\" alt=\"M\u00e1y t\u01b0\u1edbi v\u00e0 tho\u00e1t n\u01b0\u1edbc\" class=\"wp-image-7706\" srcset=\"https:\/\/www.agriculture-machine.com\/wp-content\/uploads\/2020\/09\/\u672a\u6807\u9898-1.jpg 720w, https:\/\/www.agriculture-machine.com\/wp-content\/uploads\/2020\/09\/\u672a\u6807\u9898-1-360x270.jpg 360w, https:\/\/www.agriculture-machine.com\/wp-content\/uploads\/2020\/09\/\u672a\u6807\u9898-1-240x180.jpg 240w\" sizes=\"auto, (max-width: 720px) 100vw, 720px\" \/><figcaption class=\"wp-element-caption\">M\u00e1y t\u01b0\u1edbi v\u00e0 tho\u00e1t n\u01b0\u1edbc<\/figcaption><\/figure>    <ol class=\"wp-block-list\"> <li>Cu\u1ed9n 2. B\u1ea3ng r\u0103ng 3. \u1ed0ng PE 4. Chu\u1ed7i truy\u1ec1n \u0111\u1ed9ng cu\u1ed9n 5. H\u1ed7 tr\u1ee3 ph\u00eda tr\u01b0\u1edbc 6. Khung 7. Ch\u1ed1t \u0111\u1ecbnh v\u1ecb h\u1ed7 tr\u1ee3 xoay 8. H\u1ed7 tr\u1ee3 xoay 9. Tr\u1ee5c l\u1ed1p 10. \u1ed0ng v\u00e0o 13. Gi\u00e1 \u0111\u1ee1 c\u00e2n b\u1eb1ng 15. Thanh k\u00e9o 19. Thanh c\u1ea3m \u1ee9ng<\/li> <\/ol>    <h2 class=\"wp-block-heading\">S\u1ef1 kh\u00e1c bi\u1ec7t gi\u1eefa t\u01b0\u1edbi phun v\u00e0 t\u01b0\u1edbi nh\u1ecf gi\u1ecdt l\u00e0 g\u00ec?<\/h2>    <p class=\"translation-block\"><strong>T\u01b0\u1edbi phun<\/strong> l\u00e0 m\u1ed9t ph\u01b0\u01a1ng ph\u00e1p t\u01b0\u1edbi s\u1eed d\u1ee5ng b\u01a1m \u0111\u1ec3 t\u0103ng \u00e1p l\u1ef1c n\u01b0\u1edbc t\u01b0\u1edbi v\u00e0o kh\u00f4ng kh\u00ed qua m\u1ed9t v\u00f2i phun. Sau \u0111\u00f3 ph\u00e2n t\u00e1n th\u00e0nh nh\u1eefng gi\u1ecdt nh\u1ecf. Cu\u1ed1i c\u00f9ng, r\u1ea3i \u0111\u1ec1u nh\u01b0 m\u01b0a \u0111\u1ec3 b\u1ed5 sung \u0111\u1ed9 \u1ea9m cho \u0111\u1ea5t.<\/p>    <p>T\u01b0\u1edbi phun c\u00f3 nh\u1eefng l\u1ee3i \u00edch nh\u01b0 ti\u1ebft ki\u1ec7m n\u01b0\u1edbc, ti\u1ebft ki\u1ec7m lao \u0111\u1ed9ng, t\u0103ng n\u0103ng su\u1ea5t c\u00e2y tr\u1ed3ng, kh\u1ea3 n\u0103ng th\u00edch \u1ee9ng m\u1ea1nh m\u1ebd v\u1edbi \u0111\u1ecba h\u00ecnh v\u00e0 ch\u1ea5t l\u01b0\u1ee3ng \u0111\u1ea5t, v\u00e0 kh\u1ea3 n\u0103ng duy tr\u00ec n\u01b0\u1edbc v\u00e0 \u0111\u1ea5t. N\u00f3 \u0111\u01b0\u1ee3c s\u1eed d\u1ee5ng r\u1ed9ng r\u00e3i \u0111\u1ec3 t\u01b0\u1edbi c\u00e1c lo\u1ea1i c\u00e2y tr\u1ed3ng nh\u01b0 rau, c\u1ecf, v\u00e0 l\u00faa m\u00ec.<\/p>    <figure class=\"wp-block-image alignnone size-full wp-image-7709\"><img loading=\"lazy\" decoding=\"async\" width=\"720\" height=\"540\" src=\"https:\/\/www.agriculture-machine.com\/wp-content\/uploads\/2020\/09\/12.jpg\" alt=\"t\u01b0\u1edbi phun\" class=\"wp-image-7709\" srcset=\"https:\/\/www.agriculture-machine.com\/wp-content\/uploads\/2020\/09\/12.jpg 720w, https:\/\/www.agriculture-machine.com\/wp-content\/uploads\/2020\/09\/12-360x270.jpg 360w, https:\/\/www.agriculture-machine.com\/wp-content\/uploads\/2020\/09\/12-240x180.jpg 240w\" sizes=\"auto, (max-width: 720px) 100vw, 720px\" \/><figcaption class=\"wp-element-caption\">t\u01b0\u1edbi phun<\/figcaption><\/figure>    <p>T\u01b0\u1edbi nh\u1ecf gi\u1ecdt l\u00e0 vi\u1ec7c s\u1eed d\u1ee5ng \u1ed1ng nh\u1ef1a \u0111\u1ec3 g\u1eedi n\u01b0\u1edbc \u0111\u1ebfn r\u1ec5 c\u00e2y cho vi\u1ec7c t\u01b0\u1edbi c\u1ee5c b\u1ed9. T\u01b0\u1edbi nh\u1ecf gi\u1ecdt \u0111\u01b0\u1ee3c s\u1eed d\u1ee5ng r\u1ed9ng r\u00e3i trong nh\u00e0 k\u00ednh, c\u00e2y tr\u1ed3ng tr\u00ean \u0111\u1ed3ng. \u0110\u1eb7c bi\u1ec7t ph\u00f9 h\u1ee3p cho rau, tr\u00e1i c\u00e2y, hoa, v\u01b0\u1eddn \u01b0\u01a1m, c\u1ea3nh quan v\u00e0 c\u00e1c lo\u1ea1i c\u00e2y tr\u1ed3ng kh\u00e1c. T\u01b0\u1edbi nh\u1ecf gi\u1ecdt r\u1ea5t ph\u00f9 h\u1ee3p cho nh\u00e0 k\u00ednh \u1edf nh\u1eefng khu v\u1ef1c c\u00f3 ngu\u1ed3n n\u01b0\u1edbc v\u00e0 lao \u0111\u1ed9ng t\u01b0\u01a1ng \u0111\u1ed1i khan hi\u1ebfm, t\u01b0\u1edbi c\u00e2y tr\u1ed3ng tr\u00ean \u0111\u1ed3ng, t\u01b0\u1edbi c\u00e2y \u0103n tr\u00e1i trong v\u01b0\u1eddn, v\u00e0 c\u00e1c t\u00ecnh hu\u1ed1ng kh\u00e1c.<\/p>    <figure class=\"wp-block-image alignnone size-full wp-image-7711\"><img loading=\"lazy\" decoding=\"async\" width=\"720\" height=\"540\" src=\"https:\/\/www.agriculture-machine.com\/wp-content\/uploads\/2020\/09\/24.jpg\" alt=\"T\u01b0\u1edbi nh\u1ecf gi\u1ecdt\" class=\"wp-image-7711\" srcset=\"https:\/\/www.agriculture-machine.com\/wp-content\/uploads\/2020\/09\/24.jpg 720w, https:\/\/www.agriculture-machine.com\/wp-content\/uploads\/2020\/09\/24-360x270.jpg 360w, https:\/\/www.agriculture-machine.com\/wp-content\/uploads\/2020\/09\/24-240x180.jpg 240w\" sizes=\"auto, (max-width: 720px) 100vw, 720px\" \/><figcaption class=\"wp-element-caption\">T\u01b0\u1edbi nh\u1ecf gi\u1ecdt<\/figcaption><\/figure>","protected":false},"excerpt":{"rendered":"<p>Sprinkler irrigation machine refers to the equipment used to spray irrigation water. The whole sprinkler system generally includes a water pump unit, pipeline, sprinkler, and walking frame. The sprinkler irrigation equipment sprays water with a certain pressure into the air through a special machine and equipment from the nozzle and then disperses into fine droplets, [&hellip;]<\/p>\n","protected":false},"author":1,"featured_media":7717,"parent":0,"comment_status":"closed","ping_status":"closed","template":"","tags":[811],"product-type":[880],"class_list":["post-7676","product","type-product","status-publish","has-post-thumbnail","hentry","tag-irrigator","product-type-irrigation-system"],"_links":{"self":[{"href":"https:\/\/www.agriculture-machine.com\/vi\/wp-json\/wp\/v2\/product\/7676","targetHints":{"allow":["GET"]}}],"collection":[{"href":"https:\/\/www.agriculture-machine.com\/vi\/wp-json\/wp\/v2\/product"}],"about":[{"href":"https:\/\/www.agriculture-machine.com\/vi\/wp-json\/wp\/v2\/types\/product"}],"author":[{"embeddable":true,"href":"https:\/\/www.agriculture-machine.com\/vi\/wp-json\/wp\/v2\/users\/1"}],"replies":[{"embeddable":true,"href":"https:\/\/www.agriculture-machine.com\/vi\/wp-json\/wp\/v2\/comments?post=7676"}],"wp:featuredmedia":[{"embeddable":true,"href":"https:\/\/www.agriculture-machine.com\/vi\/wp-json\/wp\/v2\/media\/7717"}],"wp:attachment":[{"href":"https:\/\/www.agriculture-machine.com\/vi\/wp-json\/wp\/v2\/media?parent=7676"}],"wp:term":[{"taxonomy":"post_tag","embeddable":true,"href":"https:\/\/www.agriculture-machine.com\/vi\/wp-json\/wp\/v2\/tags?post=7676"},{"taxonomy":"product-type","embeddable":true,"href":"https:\/\/www.agriculture-machine.com\/vi\/wp-json\/wp\/v2\/product-type?post=7676"}],"curies":[{"name":"wp","href":"https:\/\/api.w.org\/{rel}","templated":true}]}}