{"id":8094,"date":"2020-11-18T11:39:51","date_gmt":"2020-11-18T03:39:51","guid":{"rendered":"https:\/\/www.agriculture-machine.com\/?p=8094"},"modified":"2025-06-13T17:45:43","modified_gmt":"2025-06-13T09:45:43","slug":"combined-chaff-cutter-and-grinder-straw-cutter-and-grain-grinder","status":"publish","type":"product","link":"https:\/\/www.agriculture-machine.com\/vi\/combined-chaff-cutter-and-grinder-straw-cutter-and-grain-grinder\/","title":{"rendered":"M\u00e1y c\u1eaft c\u1ecf v\u00e0 nghi\u1ec1n h\u1ea1t | M\u00e1y c\u1eaft r\u01a1m v\u00e0 nghi\u1ec1n k\u1ebft h\u1ee3p"},"content":{"rendered":"<p>M\u00e1y c\u1eaft r\u01a1m v\u00e0 m\u00e1y nghi\u1ec1n ng\u0169 c\u1ed1c l\u00e0 thi\u1ebft b\u1ecb ch\u1ebf bi\u1ebfn th\u1ee9c \u0103n \u0111a ch\u1ee9c n\u0103ng t\u00edch h\u1ee3p c\u1eaft, nh\u00e0o v\u00e0 nghi\u1ec1n. N\u00f3 kh\u00f4ng ch\u1ec9 c\u00f3 th\u1ec3 x\u1eed l\u00fd t\u1ea5t c\u1ea3 c\u00e1c lo\u1ea1i silage v\u00e0 r\u01a1m, m\u00e0 c\u00f2n nghi\u1ec1n nhi\u1ec1u lo\u1ea1i c\u00e2y ng\u0169 c\u1ed1c v\u00e0 th\u1ee9c \u0103n th\u00f4 v\u00e0 tinh.<\/p>    <p>D\u00f9 l\u00e0 nguy\u00ean li\u1ec7u kh\u00f4 hay \u01b0\u1edbt, kh\u1ed1i, d\u1ea3i hay h\u1ea1t, t\u1eeb c\u1eaft c\u1ecf (\u0111i\u1ec1u ch\u1ec9nh 3-50mm) \u0111\u1ebfn nghi\u1ec1n ng\u0169 c\u1ed1c m\u1ecbn (ki\u1ec3m so\u00e1t m\u00e0n h\u00ecnh k\u00edch th\u01b0\u1edbc h\u1ea1t 0.1-5mm), m\u00e1y n\u00e0y c\u00f3 th\u1ec3 x\u1eed l\u00fd hi\u1ec7u qu\u1ea3.<\/p>    <p>M\u00e1y n\u00e0y \u0111\u01b0\u1ee3c s\u1eed d\u1ee5ng r\u1ed9ng r\u00e3i trong c\u00e1c trang tr\u1ea1i nh\u1ecf v\u00e0 v\u1eeba, nh\u00e0 m\u00e1y ch\u1ebf bi\u1ebfn th\u1ee9c \u0103n, v\u00e0 n\u00f4ng nghi\u1ec7p gia \u0111\u00ecnh. \u0110\u1ed3ng th\u1eddi, trong ng\u00e0nh th\u1ef1c ph\u1ea9m, d\u01b0\u1ee3c ph\u1ea9m, h\u00f3a ch\u1ea5t v\u00e0 c\u00e1c ng\u00e0nh kh\u00e1c trong qu\u00e1 tr\u00ecnh nghi\u1ec1n nguy\u00ean li\u1ec7u th\u00f4, nh\u00e0o c\u0169ng \u0111\u01b0\u1ee3c \u00e1p d\u1ee5ng, \u0111\u00e2y l\u00e0 m\u1ed9t tr\u1ee3 th\u1ee7 ch\u1ebf bi\u1ebfn th\u1ee9c \u0103n th\u1ef1c s\u1ef1 \u0111a n\u0103ng, ti\u1ebft ki\u1ec7m v\u00e0 hi\u1ec7u qu\u1ea3.<\/p>    <figure class=\"wp-block-embed is-type-video is-provider-youtube wp-block-embed-youtube wp-embed-aspect-16-9 wp-has-aspect-ratio\"><div class=\"wp-block-embed__wrapper\"> <iframe loading=\"lazy\" title=\"M\u00e1y c\u1eaft r\u01a1m v\u00e0 m\u00e1y nghi\u1ec1n ng\u0169 c\u1ed1c ho\u1ea1t \u0111\u1ed9ng nh\u01b0 th\u1ebf n\u00e0o? M\u00e1y c\u1eaft v\u00e0 m\u00e1y nghi\u1ec1n r\u01a1m k\u1ebft h\u1ee3p\" width=\"500\" height=\"281\" src=\"https:\/\/www.youtube.com\/embed\/fRnZ0Yh8jaE?feature=oembed\" frameborder=\"0\" allow=\"accelerometer; autoplay; clipboard-write; encrypted-media; gyroscope; picture-in-picture; web-share\" referrerpolicy=\"strict-origin-when-cross-origin\" allowfullscreen><\/iframe> <\/div><figcaption class=\"wp-element-caption\">video l\u00e0m vi\u1ec7c c\u1ee7a m\u00e1y c\u1eaft silage<\/figcaption><\/figure>    <h2 class=\"wp-block-heading\" id=\"h-the-application-of-chaff-cutter-and-grinder-combined-machine\">\u1ee8ng d\u1ee5ng c\u1ee7a m\u00e1y c\u1eaft r\u01a1m v\u00e0 m\u00e1y nghi\u1ec1n k\u1ebft h\u1ee3p<\/h2>    <h3 class=\"wp-block-heading\">C\u00e1c lo\u1ea1i nguy\u00ean li\u1ec7u th\u00f4 \u00e1p d\u1ee5ng<\/h3>    <ul class=\"wp-block-list\"> <li>Silage: c\u1ecf alfalfa, c\u00e2y sorghum ng\u1ecdt, c\u1ecf \u0111\u1ed3ng c\u1ecf, r\u01a1m tr\u1eafng, r\u01a1m g\u1ea1o, r\u01a1m l\u00faa m\u00ec, th\u00e2n ng\u00f4, v.v.<\/li>    <li>C\u00e2y ng\u0169 c\u1ed1c: ng\u00f4, \u0111\u1eadu n\u00e0nh, khoai lang, khoai t\u00e2y, v.v. (bao g\u1ed3m nguy\u00ean li\u1ec7u ng\u00e2m)<\/li>    <li>Th\u1ee9c \u0103n th\u00f4 v\u00e0 s\u1ea3n ph\u1ea9m ph\u1ee5: v\u1ecf \u0111\u1eadu ph\u1ed9ng, \u0111\u1ea7u m\u00eda, th\u00e2n cam, th\u00e2n b\u00f4ng, b\u1eafp ng\u00f4, v\u1eadt li\u1ec7u tr\u1ed3ng n\u1ea5m, v.v.<\/li>    <li>C\u00e1c v\u1eadt li\u1ec7u kh\u00e1c: thu\u1ed1c \u0111\u00f4ng y Trung Qu\u1ed1c, m\u1ed9t s\u1ed1 nguy\u00ean li\u1ec7u h\u00f3a h\u1ecdc, v.v.<\/li> <\/ul>    <h3 class=\"wp-block-heading\">Ng\u00e0nh v\u00e0 c\u1ea3nh \u00e1p d\u1ee5ng<\/h3>    <ul class=\"wp-block-list\"> <li>T\u1ea5t c\u1ea3 c\u00e1c lo\u1ea1i trang tr\u1ea1i gia s\u00fac v\u00e0 gia c\u1ea7m: b\u00f2, c\u1eebu, ng\u1ef1a, l\u1ee3n, th\u1ecf, g\u00e0, v\u1ecbt, ng\u1ed7ng, v.v.<\/li>    <li>Nh\u00e0 m\u00e1y ch\u1ebf bi\u1ebfn th\u1ee9c \u0103n, nh\u00e0 m\u00e1y ch\u1ebf bi\u1ebfn th\u1ef1c ph\u1ea9m, nh\u00e0 m\u00e1y d\u01b0\u1ee3c ph\u1ea9m, nh\u00e0 m\u00e1y h\u00f3a ch\u1ea5t, v.v.<\/li>    <li>Ph\u00f9 h\u1ee3p cho n\u00f4ng d\u00e2n nh\u1ecf v\u00e0 v\u1eeba v\u00e0 c\u00e1c trang tr\u1ea1i gia \u0111\u00ecnh \u0111\u1ec3 ch\u1ebf bi\u1ebfn th\u1ee9c \u0103n h\u00e0ng ng\u00e0y.<\/li> <\/ul>    <figure class=\"wp-block-image aligncenter size-full wp-image-8095\"><img loading=\"lazy\" decoding=\"async\" width=\"720\" height=\"540\" src=\"https:\/\/www.agriculture-machine.com\/wp-content\/uploads\/2020\/11\/The-Applicable-breeding-range-of-Chaff-cutter-and-grinder-.jpg\" alt=\"Ph\u1ea1m vi ch\u0103n nu\u00f4i \u00e1p d\u1ee5ng c\u1ee7a m\u00e1y c\u1eaft r\u01a1m v\u00e0 m\u00e1y nghi\u1ec1n\" class=\"wp-image-8095\" srcset=\"https:\/\/www.agriculture-machine.com\/wp-content\/uploads\/2020\/11\/The-Applicable-breeding-range-of-Chaff-cutter-and-grinder-.jpg 720w, https:\/\/www.agriculture-machine.com\/wp-content\/uploads\/2020\/11\/The-Applicable-breeding-range-of-Chaff-cutter-and-grinder--360x270.jpg 360w, https:\/\/www.agriculture-machine.com\/wp-content\/uploads\/2020\/11\/The-Applicable-breeding-range-of-Chaff-cutter-and-grinder--240x180.jpg 240w\" sizes=\"auto, (max-width: 720px) 100vw, 720px\" \/><figcaption class=\"wp-element-caption\">Ph\u1ea1m vi ch\u0103n nu\u00f4i \u00e1p d\u1ee5ng c\u1ee7a m\u00e1y c\u1eaft r\u01a1m v\u00e0 m\u00e1y nghi\u1ec1n<\/figcaption><\/figure>    <h2 class=\"wp-block-heading\" id=\"h-the-structure-of-the-combined-chaff-cutter-and-grinder\">C\u1ea5u tr\u00fac c\u1ee7a <a href=\"https:\/\/www.agriculture-machine.com\/vi\/chaff-cutter-and-grain-crusher\/\">c<strong>m\u00e1y c\u1eaft r\u01a1m v\u00e0 m\u00e1y nghi\u1ec1n k\u1ebft h\u1ee3p<\/strong><\/a><\/h2>    <ol class=\"wp-block-list\"> <li>C\u00e1c m\u00e1y \u0111\u01b0\u1ee3c trang b\u1ecb b\u00e1nh xe di \u0111\u1ed9ng, c\u00f3 th\u1ec3 di chuy\u1ec3n t\u00f9y \u00fd, v\u00ec v\u1eady n\u01a1i l\u00e0m vi\u1ec7c kh\u00f4ng c\u1ed1 \u0111\u1ecbnh.<\/li>    <li>D\u00f2ng m\u00e1y n\u00e0y \u0111\u01b0\u1ee3c c\u1ea5u th\u00e0nh t\u1eeb v\u1ecf tr\u00ean, v\u1ecf d\u01b0\u1edbi, c\u1ed5ng x\u1ea3, ph\u1ec5u n\u1ea1p, khung th\u00e9p g\u00f3c, m\u00e1y nghi\u1ec1n b\u00faa, dao c\u1eaft, v.v.<\/li>    <li>Khi nghi\u1ec1n ng\u0169 c\u1ed1c, \u0111\u1ed9 d\u00e0y c\u1ee7a v\u1eadt li\u1ec7u nghi\u1ec1n \u0111\u01b0\u1ee3c ki\u1ec3m so\u00e1t b\u1edfi k\u00edch th\u01b0\u1edbc c\u1ee7a l\u1ed7 s\u00e0ng, v\u00e0 c\u00e1c m\u00e0n h\u00ecnh kh\u00e1c nhau c\u00f3 th\u1ec3 \u0111\u01b0\u1ee3c thay th\u1ebf.<\/li>    <li>Khi ch\u1ec9 c\u1eaft c\u1ecf, m\u00e0n h\u00ecnh c\u00f3 th\u1ec3 \u0111\u01b0\u1ee3c k\u00e9o ra.<\/li> <\/ol>    <p class=\"translation-block\">B\u00e2y gi\u1edd, ch\u00fang t\u00f4i s\u1ebd gi\u1edbi thi\u1ec7u ba lo\u1ea1i m\u00e1y c\u1eaft r\u01a1m v\u00e0 <a href=\"https:\/\/www.agriculture-machine.com\/vi\/electric-grain-hammer-mill-grain-mill-grinder-grain-grinding\/\">m\u00e1y nghi\u1ec1n ng\u0169 c\u1ed1c<\/a> kh\u00e1c nhau trong d\u00f2ng s\u1ea3n ph\u1ea9m.<\/p>    <h2 class=\"wp-block-heading\" id=\"h-type-one-9zf-500b\">Lo\u1ea1i M\u1ed9t: 9ZF-500B<\/h2>    <figure class=\"wp-block-image aligncenter size-full wp-image-8096\"><img loading=\"lazy\" decoding=\"async\" width=\"720\" height=\"540\" src=\"https:\/\/www.agriculture-machine.com\/wp-content\/uploads\/2020\/11\/Combine-Chaff-Cutter-and-Grinder-Machine.jpg\" alt=\"M\u00e1y c\u1eaft r\u01a1m v\u00e0 m\u00e1y nghi\u1ec1n k\u1ebft h\u1ee3p\" class=\"wp-image-8096\" srcset=\"https:\/\/www.agriculture-machine.com\/wp-content\/uploads\/2020\/11\/Combine-Chaff-Cutter-and-Grinder-Machine.jpg 720w, https:\/\/www.agriculture-machine.com\/wp-content\/uploads\/2020\/11\/Combine-Chaff-Cutter-and-Grinder-Machine-360x270.jpg 360w, https:\/\/www.agriculture-machine.com\/wp-content\/uploads\/2020\/11\/Combine-Chaff-Cutter-and-Grinder-Machine-240x180.jpg 240w\" sizes=\"auto, (max-width: 720px) 100vw, 720px\" \/><figcaption class=\"wp-element-caption\">M\u00e1y c\u1eaft r\u01a1m v\u00e0 m\u00e1y nghi\u1ec1n k\u1ebft h\u1ee3p<\/figcaption><\/figure>    <h3 class=\"wp-block-heading\" id=\"h-the-details-of-9zf-500b-chaff-cutter-and-grain-crushing-machine\">Chi ti\u1ebft v\u1ec1 m\u00e1y c\u1eaft r\u01a1m v\u00e0 m\u00e1y nghi\u1ec1n 9ZF-500B<\/h3>    <p>M\u00e1y ch\u1ee7 y\u1ebfu \u0111\u01b0\u1ee3c c\u1ea5u th\u00e0nh t\u1eeb c\u1ed5ng ng\u0169 c\u1ed1c, c\u1ed5ng r\u01a1m, \u0111\u1ed9ng c\u01a1 l\u00f5i \u0111\u1ed3ng, v\u00f2i cao, v\u00f2i gi\u1eefa, v\u00f2i th\u1ea5p v\u00e0 b\u00e1nh xe di \u0111\u1ed9ng. Khi s\u1eed d\u1ee5ng m\u1ed9t trong c\u00e1c c\u1ed5ng, h\u00e3y ch\u1eb7n c\u1ed5ng c\u00f2n l\u1ea1i \u0111\u1ec3 ng\u0103n v\u1eadt li\u1ec7u b\u1eafn ra. <\/p>    <p>Trong \u0111\u00f3, v\u1eadt li\u1ec7u t\u1eeb c\u1ed5ng x\u1ea3 cao l\u00e0 kh\u00f4, v\u1eadt li\u1ec7u t\u1eeb c\u1ed5ng x\u1ea3 gi\u1eefa l\u00e0 \u01b0\u1edbt, v\u00e0 v\u1eadt li\u1ec7u t\u1eeb c\u1ed5ng x\u1ea3 th\u1ea5p l\u00e0 ng\u0169 c\u1ed1c nghi\u1ec1n. Khi s\u1eed d\u1ee5ng m\u1ed9t trong c\u00e1c c\u1ed5ng x\u1ea3, hai c\u1ed5ng c\u00f2n l\u1ea1i c\u00f3 th\u1ec3 b\u1ecb ch\u1eb7n.<\/p>    <figure class=\"wp-block-image aligncenter size-full wp-image-8097\"><img loading=\"lazy\" decoding=\"async\" width=\"720\" height=\"540\" src=\"https:\/\/www.agriculture-machine.com\/wp-content\/uploads\/2020\/11\/the-structure-of-aombine-chaff-cutter-and-grinder-.jpg\" alt=\"c\u1ea5u tr\u00fac c\u1ee7a m\u00e1y c\u1eaft r\u01a1m v\u00e0 m\u00e1y nghi\u1ec1n k\u1ebft h\u1ee3p\" class=\"wp-image-8097\" srcset=\"https:\/\/www.agriculture-machine.com\/wp-content\/uploads\/2020\/11\/the-structure-of-aombine-chaff-cutter-and-grinder-.jpg 720w, https:\/\/www.agriculture-machine.com\/wp-content\/uploads\/2020\/11\/the-structure-of-aombine-chaff-cutter-and-grinder--360x270.jpg 360w, https:\/\/www.agriculture-machine.com\/wp-content\/uploads\/2020\/11\/the-structure-of-aombine-chaff-cutter-and-grinder--240x180.jpg 240w\" sizes=\"auto, (max-width: 720px) 100vw, 720px\" \/><figcaption class=\"wp-element-caption\">c\u1ea5u tr\u00fac c\u1ee7a m\u00e1y c\u1eaft r\u01a1m v\u00e0 m\u00e1y nghi\u1ec1n k\u1ebft h\u1ee3p<\/figcaption><\/figure>    <h3 class=\"wp-block-heading\" id=\"h-internal-blade-structure\">C\u1ea5u tr\u00fac l\u01b0\u1ee1i dao b\u00ean trong<\/h3>    <p>L\u01b0\u1ee1i dao th\u00e9p mangan d\u00e0y, m\u1ea1nh m\u1ebd v\u00e0 b\u1ec1n.<\/p>    <figure class=\"wp-block-image aligncenter size-full wp-image-8098\"><img loading=\"lazy\" decoding=\"async\" width=\"720\" height=\"540\" src=\"https:\/\/www.agriculture-machine.com\/wp-content\/uploads\/2020\/11\/the-blade-of-chaff-cutter-and-grain-crusher-.jpg\" alt=\"l\u01b0\u1ee1i dao c\u1ee7a m\u00e1y c\u1eaft r\u01a1m v\u00e0 m\u00e1y nghi\u1ec1n ng\u0169 c\u1ed1c\" class=\"wp-image-8098\" srcset=\"https:\/\/www.agriculture-machine.com\/wp-content\/uploads\/2020\/11\/the-blade-of-chaff-cutter-and-grain-crusher-.jpg 720w, https:\/\/www.agriculture-machine.com\/wp-content\/uploads\/2020\/11\/the-blade-of-chaff-cutter-and-grain-crusher--360x270.jpg 360w, https:\/\/www.agriculture-machine.com\/wp-content\/uploads\/2020\/11\/the-blade-of-chaff-cutter-and-grain-crusher--240x180.jpg 240w\" sizes=\"auto, (max-width: 720px) 100vw, 720px\" \/><figcaption class=\"wp-element-caption\">l\u01b0\u1ee1i dao c\u1ee7a m\u00e1y c\u1eaft r\u01a1m v\u00e0 m\u00e1y nghi\u1ec1n ng\u0169 c\u1ed1c<\/figcaption><\/figure>    <h3 class=\"wp-block-heading\">Th\u00f4ng s\u1ed1 k\u1ef9 thu\u1eadt c\u1ee7a m\u00e1y c\u1eaft r\u01a1m v\u00e0 m\u00e1y nghi\u1ec1n k\u1ebft h\u1ee3p 9ZF-500B<\/h3>    <figure class=\"wp-block-table is-style-stripes\"><table><tbody><tr><td>M\u00e1y c\u1eaft r\u01a1m v\u00e0 m\u00e1y nghi\u1ec1n 9ZF-500B<\/td><\/tr><tr><td>M\u00e0n h\u00ecnh ph\u00f9 h\u1ee3p: 4 (2\/3\/10\/30)<\/td><td>C\u00f4ng su\u1ea5t: 3KW<\/td><\/tr><tr><td>T\u1ed1c \u0111\u1ed9 \u0111\u1ed9ng c\u01a1: 2800 v\u00f2ng\/ph\u00fat<\/td><td>Tr\u1ecdng l\u01b0\u1ee3ng m\u00e1y: 68KG<\/td><\/tr><tr><td>\u0110i\u1ec7n \u00e1p \u0111\u1ecbnh m\u1ee9c: 220V<\/td><td>C\u00f4ng su\u1ea5t m\u00e1y: 1200KG\/H<\/td><\/tr><tr><td>K\u00edch th\u01b0\u1edbc: 1220*1070*1190mm<\/td><\/tr><\/tbody><\/table><figcaption class=\"wp-element-caption\">Th\u00f4ng tin chi ti\u1ebft v\u1ec1 m\u00e1y c\u1eaft r\u01a1m v\u00e0 m\u00e1y nghi\u1ec1n ng\u0169 c\u1ed1c<\/figcaption><\/figure>    <h2 class=\"wp-block-heading\" id=\"h-type-two-9zf-1800\">Lo\u1ea1i Hai: 9ZF-1800<\/h2>    <figure class=\"wp-block-image aligncenter size-full wp-image-8099\"><img loading=\"lazy\" decoding=\"async\" width=\"720\" height=\"540\" src=\"https:\/\/www.agriculture-machine.com\/wp-content\/uploads\/2020\/11\/Straw-cutter-machine-and-grain-crusher.jpg\" alt=\"M\u00e1y c\u1eaft r\u01a1m v\u00e0 m\u00e1y nghi\u1ec1n ng\u0169 c\u1ed1c\" class=\"wp-image-8099\" srcset=\"https:\/\/www.agriculture-machine.com\/wp-content\/uploads\/2020\/11\/Straw-cutter-machine-and-grain-crusher.jpg 720w, https:\/\/www.agriculture-machine.com\/wp-content\/uploads\/2020\/11\/Straw-cutter-machine-and-grain-crusher-360x270.jpg 360w, https:\/\/www.agriculture-machine.com\/wp-content\/uploads\/2020\/11\/Straw-cutter-machine-and-grain-crusher-240x180.jpg 240w\" sizes=\"auto, (max-width: 720px) 100vw, 720px\" \/><figcaption class=\"wp-element-caption\">M\u00e1y c\u1eaft r\u01a1m v\u00e0 m\u00e1y nghi\u1ec1n ng\u0169 c\u1ed1c<\/figcaption><\/figure>    <h3 class=\"wp-block-heading\" id=\"h-the-details-of-9zf-1800-straw-cutter-machine-and-grain-crusher\">Chi ti\u1ebft v\u1ec1 m\u00e1y c\u1eaft r\u01a1m 9ZF-1800 v\u00e0 m\u00e1y nghi\u1ec1n ng\u0169 c\u1ed1c<\/h3>    <figure class=\"wp-block-image aligncenter size-full wp-image-8100\"><img loading=\"lazy\" decoding=\"async\" width=\"720\" height=\"540\" src=\"https:\/\/www.agriculture-machine.com\/wp-content\/uploads\/2020\/11\/Straw-cutter-machine-and-grain-crusher-1.jpg\" alt=\"M\u00e1y c\u1eaft r\u01a1m v\u00e0 m\u00e1y nghi\u1ec1n ng\u0169 c\u1ed1c\" class=\"wp-image-8100\" srcset=\"https:\/\/www.agriculture-machine.com\/wp-content\/uploads\/2020\/11\/Straw-cutter-machine-and-grain-crusher-1.jpg 720w, https:\/\/www.agriculture-machine.com\/wp-content\/uploads\/2020\/11\/Straw-cutter-machine-and-grain-crusher-1-360x270.jpg 360w, https:\/\/www.agriculture-machine.com\/wp-content\/uploads\/2020\/11\/Straw-cutter-machine-and-grain-crusher-1-240x180.jpg 240w\" sizes=\"auto, (max-width: 720px) 100vw, 720px\" \/><figcaption class=\"wp-element-caption\">M\u00e1y c\u1eaft r\u01a1m v\u00e0 m\u00e1y nghi\u1ec1n ng\u0169 c\u1ed1c<\/figcaption><\/figure>    <p>M\u00e1y c\u1eaft r\u01a1m v\u00e0 m\u00e1y nghi\u1ec1n ng\u0169 c\u1ed1c n\u00e0y c\u00f3 m\u1ed9t c\u1ed5ng ng\u0169 c\u1ed1c, c\u1ed5ng r\u01a1m m\u1edf r\u1ed9ng, \u0111\u1ed9ng c\u01a1 l\u00f5i \u0111\u1ed3ng, v\u00f2i cao, th\u00f9ng nghi\u1ec1n, v\u00e0 v\u00f2i th\u1ea5p. <\/p>    <p>Khi s\u1eed d\u1ee5ng m\u1ed9t trong c\u00e1c c\u1ed5ng, h\u00e3y ch\u1eb7n c\u1ed5ng c\u00f2n l\u1ea1i \u0111\u1ec3 ng\u0103n v\u1eadt li\u1ec7u b\u1eafn ra. Trong \u0111\u00f3, v\u1eadt li\u1ec7u ra t\u1eeb v\u00f2i cao l\u00e0 kh\u00f4, v\u00e0 v\u1eadt li\u1ec7u ra t\u1eeb v\u00f2i th\u1ea5p l\u00e0 ng\u0169 c\u1ed1c nghi\u1ec1n ho\u1eb7c v\u1eadt li\u1ec7u \u01b0\u1edbt.<\/p>    <h3 class=\"wp-block-heading\" id=\"h-internal-blade-structure-of-9zf-1800-straw-cutter-machine-and-grain-crusher\">C\u1ea5u tr\u00fac l\u01b0\u1ee1i dao b\u00ean trong c\u1ee7a m\u00e1y c\u1eaft r\u01a1m 9ZF-1800 v\u00e0 m\u00e1y nghi\u1ec1n ng\u0169 c\u1ed1c<\/h3>    <p>L\u01b0\u1ee1i dao th\u00e9p mangan d\u00e0y, m\u1ea1nh m\u1ebd v\u00e0 b\u1ec1n.<\/p>    <figure class=\"wp-block-image aligncenter size-full wp-image-8101\"><img loading=\"lazy\" decoding=\"async\" width=\"720\" height=\"540\" src=\"https:\/\/www.agriculture-machine.com\/wp-content\/uploads\/2020\/11\/the-balde-of-straw-cutter-machine-and-grain-crusher.jpg\" alt=\"l\u01b0\u1ee1i dao c\u1ee7a m\u00e1y c\u1eaft r\u01a1m v\u00e0 m\u00e1y nghi\u1ec1n ng\u0169 c\u1ed1c\" class=\"wp-image-8101\" srcset=\"https:\/\/www.agriculture-machine.com\/wp-content\/uploads\/2020\/11\/the-balde-of-straw-cutter-machine-and-grain-crusher.jpg 720w, https:\/\/www.agriculture-machine.com\/wp-content\/uploads\/2020\/11\/the-balde-of-straw-cutter-machine-and-grain-crusher-360x270.jpg 360w, https:\/\/www.agriculture-machine.com\/wp-content\/uploads\/2020\/11\/the-balde-of-straw-cutter-machine-and-grain-crusher-240x180.jpg 240w\" sizes=\"auto, (max-width: 720px) 100vw, 720px\" \/><figcaption class=\"wp-element-caption\">l\u01b0\u1ee1i dao c\u1ee7a m\u00e1y c\u1eaft r\u01a1m v\u00e0 m\u00e1y nghi\u1ec1n ng\u0169 c\u1ed1c<\/figcaption><\/figure>    <h3 class=\"wp-block-heading\" id=\"h-machine-parameters-of-9zf-1800-straw-cutter-machine-and-grain-crusher\">Th\u00f4ng s\u1ed1 c\u1ee7a m\u00e1y c\u1eaft r\u01a1m 9ZF-1800 v\u00e0 m\u00e1y nghi\u1ec1n ng\u0169 c\u1ed1c<\/h3>    <figure class=\"wp-block-table is-style-stripes\"><table><tbody><tr><td>M\u00e1y c\u1eaft r\u01a1m 9ZF-1800 v\u00e0 m\u00e1y nghi\u1ec1n ng\u0169 c\u1ed1c<\/td><\/tr><tr><td>M\u1eabu m\u00e1y: 9ZF-1800<\/td><td>C\u00f4ng su\u1ea5t: 3KW<\/td><\/tr><tr><td>T\u1ed1c \u0111\u1ed9 \u0111\u1ed9ng c\u01a1: 2800 v\u00f2ng\/ph\u00fat<\/td><td>Tr\u1ecdng l\u01b0\u1ee3ng m\u00e1y: 75KG<\/td><\/tr><tr><td>\u0110i\u1ec7n \u00e1p \u0111\u1ecbnh m\u1ee9c: 220V<\/td><td>C\u00f4ng su\u1ea5t m\u00e1y: 1800KG\/H<\/td><\/tr><tr><td>Ph\u1ea1m vi \u1ee9ng d\u1ee5ng: B\u00f2, c\u1eebu, l\u1ee3n, g\u00e0, v\u1ecbt, th\u1ecf v\u00e0 c\u00e1c lo\u1ea1i gia s\u00fac kh\u00e1c<\/td><\/tr><\/tbody><\/table><figcaption class=\"wp-element-caption\">Th\u00f4ng s\u1ed1 c\u1ee7a m\u00e1y c\u1eaft silage<\/figcaption><\/figure>    <h2 class=\"wp-block-heading\" id=\"h-type-three-9zf-1200\">Lo\u1ea1i Ba: 9ZF-1200<\/h2>    <figure class=\"wp-block-image aligncenter size-full wp-image-8102\"><img loading=\"lazy\" decoding=\"async\" width=\"720\" height=\"540\" src=\"https:\/\/www.agriculture-machine.com\/wp-content\/uploads\/2020\/11\/Chaff-cutter-and-Grain-Grinder.jpg\" alt=\"M\u00e1y c\u1eaft r\u01a1m v\u00e0 m\u00e1y nghi\u1ec1n ng\u0169 c\u1ed1c\" class=\"wp-image-8102\" srcset=\"https:\/\/www.agriculture-machine.com\/wp-content\/uploads\/2020\/11\/Chaff-cutter-and-Grain-Grinder.jpg 720w, https:\/\/www.agriculture-machine.com\/wp-content\/uploads\/2020\/11\/Chaff-cutter-and-Grain-Grinder-360x270.jpg 360w, https:\/\/www.agriculture-machine.com\/wp-content\/uploads\/2020\/11\/Chaff-cutter-and-Grain-Grinder-240x180.jpg 240w\" sizes=\"auto, (max-width: 720px) 100vw, 720px\" \/><figcaption class=\"wp-element-caption\">M\u00e1y c\u1eaft r\u01a1m v\u00e0 m\u00e1y nghi\u1ec1n ng\u0169 c\u1ed1c<\/figcaption><\/figure>    <h3 class=\"wp-block-heading\" id=\"h-the-detailed-structure-of-9zf-1200-chaff-cutter-and-grain-grinder\">C\u1ea5u tr\u00fac chi ti\u1ebft c\u1ee7a m\u00e1y c\u1eaft r\u01a1m v\u00e0 m\u00e1y nghi\u1ec1n 9ZF-1200<\/h3>    <figure class=\"wp-block-image aligncenter size-full wp-image-8103\"><img loading=\"lazy\" decoding=\"async\" width=\"720\" height=\"540\" src=\"https:\/\/www.agriculture-machine.com\/wp-content\/uploads\/2020\/11\/The-Structure-Chaff-cutter-and-Grain-Grinder.jpg\" alt=\"C\u1ea5u tr\u00fac m\u00e1y c\u1eaft r\u01a1m v\u00e0 m\u00e1y nghi\u1ec1n ng\u0169 c\u1ed1c\" class=\"wp-image-8103\" srcset=\"https:\/\/www.agriculture-machine.com\/wp-content\/uploads\/2020\/11\/The-Structure-Chaff-cutter-and-Grain-Grinder.jpg 720w, https:\/\/www.agriculture-machine.com\/wp-content\/uploads\/2020\/11\/The-Structure-Chaff-cutter-and-Grain-Grinder-360x270.jpg 360w, https:\/\/www.agriculture-machine.com\/wp-content\/uploads\/2020\/11\/The-Structure-Chaff-cutter-and-Grain-Grinder-240x180.jpg 240w\" sizes=\"auto, (max-width: 720px) 100vw, 720px\" \/><figcaption class=\"wp-element-caption\">C\u1ea5u tr\u00fac m\u00e1y c\u1eaft r\u01a1m v\u00e0 m\u00e1y nghi\u1ec1n ng\u0169 c\u1ed1c<\/figcaption><\/figure>    <p>M\u00e1y n\u00e0y c\u00f3 m\u1ed9t c\u1ed5ng ng\u0169 c\u1ed1c, c\u1ed5ng r\u01a1m, \u0111\u1ed9ng c\u01a1 l\u00f5i \u0111\u1ed3ng, v\u00f2i cao, n\u1eafp b\u1ea3o v\u1ec7, c\u1ed5ng x\u1ea3, v\u00e0 b\u00e1nh xe di \u0111\u1ed9ng.<\/p>    <h3 class=\"wp-block-heading\" id=\"h-internal-blade-structure-of-9zf-1200-chaff-cutter-and-grain-grinder\">C\u1ea5u tr\u00fac l\u01b0\u1ee1i dao b\u00ean trong c\u1ee7a m\u00e1y c\u1eaft r\u01a1m v\u00e0 m\u00e1y nghi\u1ec1n 9ZF-1200<\/h3>    <figure class=\"wp-block-image aligncenter size-full wp-image-8104\"><img loading=\"lazy\" decoding=\"async\" width=\"720\" height=\"540\" src=\"https:\/\/www.agriculture-machine.com\/wp-content\/uploads\/2020\/11\/The-blade-of-Chaff-cutter-and-Grain-Grinder.jpg\" alt=\"L\u01b0\u1ee1i dao c\u1ee7a m\u00e1y c\u1eaft r\u01a1m v\u00e0 m\u00e1y nghi\u1ec1n ng\u0169 c\u1ed1c\" class=\"wp-image-8104\" srcset=\"https:\/\/www.agriculture-machine.com\/wp-content\/uploads\/2020\/11\/The-blade-of-Chaff-cutter-and-Grain-Grinder.jpg 720w, https:\/\/www.agriculture-machine.com\/wp-content\/uploads\/2020\/11\/The-blade-of-Chaff-cutter-and-Grain-Grinder-360x270.jpg 360w, https:\/\/www.agriculture-machine.com\/wp-content\/uploads\/2020\/11\/The-blade-of-Chaff-cutter-and-Grain-Grinder-240x180.jpg 240w\" sizes=\"auto, (max-width: 720px) 100vw, 720px\" \/><figcaption class=\"wp-element-caption\">L\u01b0\u1ee1i dao c\u1ee7a m\u00e1y c\u1eaft r\u01a1m v\u00e0 m\u00e1y nghi\u1ec1n ng\u0169 c\u1ed1c<\/figcaption><\/figure>    <h3 class=\"wp-block-heading\" id=\"h-machine-parameters-of-9zf-1200-chaff-cutter-and-grain-grinder\">Th\u00f4ng s\u1ed1 k\u1ef9 thu\u1eadt c\u1ee7a m\u00e1y c\u1eaft r\u01a1m v\u00e0 m\u00e1y nghi\u1ec1n 9ZF-1200<\/h3>    <figure class=\"wp-block-table is-style-stripes\"><table><tbody><tr><td>M\u00e1y c\u1eaft r\u01a1m 9ZR-1200 v\u00e0 m\u00e1y nghi\u1ec1n ng\u0169 c\u1ed1c<\/td><\/tr><tr><td>C\u00f4ng su\u1ea5t: 3KW<\/td><td>T\u1ed1c \u0111\u1ed9 \u0111\u1ed9ng c\u01a1: 2800 v\u00f2ng\/ph\u00fat<\/td><\/tr><tr><td>Tr\u1ecdng l\u01b0\u1ee3ng m\u00e1y: 55KG<\/td><td>K\u00edch th\u01b0\u1edbc: 920*930*1250mm<\/td><\/tr><tr><td>C\u00f4ng su\u1ea5t m\u00e1y: 1200KG\/H<\/td><td>Hi\u1ec7u su\u1ea5t nghi\u1ec1n: 300-500KG\/H<\/td><\/tr><tr><td>S\u1ed1 l\u01b0\u1ee3ng l\u01b0\u1ee1i dao: 3<\/td><td>L\u01b0\u1ee1i dao flail: 24<\/td><\/tr><tr><td>L\u01b0\u1ee1i dao c\u1ecd tam gi\u00e1c: 18<\/td><td>S\u1ed1 l\u01b0\u1ee3ng m\u00e0n h\u00ecnh: 4<\/td><\/tr><tr><td>Ph\u01b0\u01a1ng ph\u00e1p cho \u0103n: cho \u0103n th\u1ee7 c\u00f4ng<\/td><td>Hi\u1ec7u qu\u1ea3 x\u1ea3: M\u1ec1m m\u1ecbn\/B\u1ed9t<\/td><\/tr><\/tbody><\/table><figcaption class=\"wp-element-caption\">d\u1eef li\u1ec7u k\u1ef9 thu\u1eadt c\u1ee7a m\u00e1y c\u1eaft r\u01a1m<\/figcaption><\/figure>    <h2 class=\"wp-block-heading\" id=\"h-the-chaff-cutter-and-grinder-price\">Li\u00ean h\u1ec7 v\u1edbi ch\u00fang t\u00f4i b\u1ea5t c\u1ee9 l\u00fac n\u00e0o<\/h2>    <p class=\"translation-block\">T\u00f3m l\u1ea1i, ch\u00fang t\u00f4i \u0111\u00e3 gi\u1edbi thi\u1ec7u ba lo\u1ea1i m\u00e1y c\u1eaft r\u01a1m <a href=\"https:\/\/en.wikipedia.org\/wiki\/Silage\" target=\"_blank\" rel=\"noopener\">silage<\/a> v\u00e0 m\u00e1y nghi\u1ec1n ng\u0169 c\u1ed1c kh\u00e1c nhau trong d\u00f2ng s\u1ea3n ph\u1ea9m, v\u1edbi c\u00e1c c\u00f4ng su\u1ea5t kh\u00e1c nhau, c\u1ea5u tr\u00fac kh\u00e1c nhau v\u00e0 gi\u00e1 c\u1ea3 kh\u00e1c nhau. Ch\u00fang t\u00f4i c\u00f3 th\u1ec3 c\u1ea5u h\u00ecnh m\u00e1y ph\u00f9 h\u1ee3p nh\u1ea5t cho nguy\u00ean li\u1ec7u th\u00f4 v\u00e0 quy m\u00f4 c\u00f4ng nghi\u1ec7p c\u1ee7a b\u1ea1n.<\/p>    <p>S\u1eed d\u1ee5ng quy tr\u00ecnh s\u1ea3n xu\u1ea5t hi\u1ec7u qu\u1ea3 v\u00e0 ph\u00e2n b\u1ed5 v\u1eadt li\u1ec7u t\u1ed1i \u01b0u, ch\u00fang t\u00f4i c\u00f3 th\u1ec3 \u0111\u1ea3m b\u1ea3o ch\u1ea5t l\u01b0\u1ee3ng cao trong khi gi\u1eef chi ph\u00ed trong gi\u1edbi h\u1ea1n h\u1ee3p l\u00fd. \u0110\u1ec3 bi\u1ebft th\u00eam th\u00f4ng tin, vui l\u00f2ng \u0111i\u1ec1n v\u00e0o nhu c\u1ea7u c\u1ee5 th\u1ec3 c\u1ee7a b\u1ea1n qua m\u1eabu b\u00ean ph\u1ea3i v\u00e0 li\u00ean h\u1ec7 v\u1edbi ch\u00fang t\u00f4i.<\/p>","protected":false},"excerpt":{"rendered":"<p>M\u00e1y c\u1eaft r\u01a1m v\u00e0 m\u00e1y nghi\u1ec1n ng\u0169 c\u1ed1c t\u00edch h\u1ee3p c\u1eaft, nh\u00e0o v\u00e0 nghi\u1ec1n trong m\u1ed9t, ph\u00f9 h\u1ee3p cho vi\u1ec7c ch\u1ebf bi\u1ebfn silage, c\u1ecf \u0111\u1ed3ng c\u1ecf, r\u01a1m v\u00e0 c\u00e2y ng\u0169 c\u1ed1c. N\u00f3 \u0111\u01b0\u1ee3c s\u1eed d\u1ee5ng r\u1ed9ng r\u00e3i trong ch\u0103n nu\u00f4i, th\u1ee9c \u0103n, th\u1ef1c ph\u1ea9m, d\u01b0\u1ee3c ph\u1ea9m v\u00e0 c\u00e1c ng\u00e0nh kh\u00e1c.<\/p>","protected":false},"author":1,"featured_media":8109,"parent":0,"comment_status":"closed","ping_status":"closed","template":"","tags":[780,591,761],"product-type":[911,246,2],"class_list":["post-8094","product","type-product","status-publish","has-post-thumbnail","hentry","tag-grass","tag-silage","tag-straw","product-type-combined-chaff-cutter-and-maize-crusher","product-type-hot-sale","product-type-products"],"_links":{"self":[{"href":"https:\/\/www.agriculture-machine.com\/vi\/wp-json\/wp\/v2\/product\/8094","targetHints":{"allow":["GET"]}}],"collection":[{"href":"https:\/\/www.agriculture-machine.com\/vi\/wp-json\/wp\/v2\/product"}],"about":[{"href":"https:\/\/www.agriculture-machine.com\/vi\/wp-json\/wp\/v2\/types\/product"}],"author":[{"embeddable":true,"href":"https:\/\/www.agriculture-machine.com\/vi\/wp-json\/wp\/v2\/users\/1"}],"replies":[{"embeddable":true,"href":"https:\/\/www.agriculture-machine.com\/vi\/wp-json\/wp\/v2\/comments?post=8094"}],"wp:featuredmedia":[{"embeddable":true,"href":"https:\/\/www.agriculture-machine.com\/vi\/wp-json\/wp\/v2\/media\/8109"}],"wp:attachment":[{"href":"https:\/\/www.agriculture-machine.com\/vi\/wp-json\/wp\/v2\/media?parent=8094"}],"wp:term":[{"taxonomy":"post_tag","embeddable":true,"href":"https:\/\/www.agriculture-machine.com\/vi\/wp-json\/wp\/v2\/tags?post=8094"},{"taxonomy":"product-type","embeddable":true,"href":"https:\/\/www.agriculture-machine.com\/vi\/wp-json\/wp\/v2\/product-type?post=8094"}],"curies":[{"name":"wp","href":"https:\/\/api.w.org\/{rel}","templated":true}]}}